{"id":10021,"date":"2025-12-02T08:48:35","date_gmt":"2025-12-02T06:48:35","guid":{"rendered":"https:\/\/tinychat.com\/?page_id=10021"},"modified":"2025-12-02T10:48:18","modified_gmt":"2025-12-02T08:48:18","slug":"randochat","status":"publish","type":"page","link":"https:\/\/tinychat.com\/de\/randochat\/","title":{"rendered":"Randochat"},"content":{"rendered":"<p>Die Welt des Online-Chats entwickelt sich st\u00e4ndig weiter, doch ein Konzept bleibt zeitlos: die Spannung, sofort und anonym neue Leute kennenzulernen. RandoChat verk\u00f6rpert diesen Geist perfekt. Es handelt sich um eine einfache, schnelle und auf Datenschutz ausgerichtete Zufalls-Chat-Plattform, die Sie mit Fremden auf der ganzen Welt verbindet \u2013 ohne Registrierung, Profile oder pers\u00f6nliche Angaben.<\/p>\n<p>Egal, ob Sie nach einem kurzen Gespr\u00e4ch, einer M\u00f6glichkeit, sich die Zeit zu vertreiben, oder einem Ort suchen, an dem Sie anonym neue Leute kennenlernen k\u00f6nnen \u2013 RandoChat bietet Ihnen ein \u00fcbersichtliches, modernes Erlebnis, das ganz auf spontane zwischenmenschliche Interaktion ausgerichtet ist. Mit mobilen App-Versionen und webbasierten L\u00f6sungen, die je nach Region verf\u00fcgbar sind, hat sich RandoChat zu einem der bekanntesten Namen im Bereich des anonymen Chats entwickelt.<\/p>\n<p>Dieser ausf\u00fchrliche Leitfaden erkl\u00e4rt, was RandoChat ist, wie es funktioniert, welche Funktionen es bietet, wie die Benutzererfahrung ist, wie es im Vergleich zu anderen Diensten abschneidet, gibt Sicherheitstipps, Ratschl\u00e4ge zur Fehlerbehebung und erkl\u00e4rt, warum so viele Menschen es weiterhin nutzen.<\/p>\n<h2>Was ist RandoChat?<\/h2>\n<p>RandoChat ist eine anonyme Zufalls-Chat-Plattform, die Nutzer sofort miteinander verbindet, ohne dass eine Anmeldung oder die Angabe pers\u00f6nlicher Daten erforderlich ist. Im Gegensatz zu videobasierten Chat-Plattformen wie Chatroulette oder Omegle konzentriert sich RandoChat ausschlie\u00dflich auf textbasierte Einzelchats.<\/p>\n<p>Dieses Format spricht Nutzer an, die Folgendes w\u00fcnschen:<\/p>\n<ul>\n<li>Niederdruck, reine Textkommunikation<\/li>\n<li>Vollst\u00e4ndige Anonymit\u00e4t<\/li>\n<li>Keine Anforderungen an Kamera oder Mikrofon<\/li>\n<li>Ein schnelles und ablenkungsfreies Chat-Erlebnis<\/li>\n<li>Datenschutzorientiertes Design<\/li>\n<\/ul>\n<p>Seine Einfachheit ist seine gr\u00f6\u00dfte St\u00e4rke: \u00d6ffnen Sie die App oder Website, beginnen Sie zu chatten und kn\u00fcpfen Sie neue Kontakte \u2013 ohne Profil, ohne Benutzername und ohne Angabe von Identit\u00e4tsdaten, es sei denn, Sie m\u00f6chten dies.<\/p>\n<p>RandoChat ist ideal f\u00fcr:<\/p>\n<ul>\n<li>Menschen, die ungezwungene, anonyme Gespr\u00e4che f\u00fchren m\u00f6chten<\/li>\n<li>Nutzer, die eine Pause von den Algorithmen der sozialen Medien suchen<\/li>\n<li>Jeder, der spontane Begegnungen mag<\/li>\n<li>Diejenigen, die lieber keinen Video-Chat verwenden m\u00f6chten<\/li>\n<li>Reisende oder Sprachlernende, die sich mit internationalen Fremden unterhalten m\u00f6chten<\/li>\n<\/ul>\n<h2>Wichtigste Funktionen von RandoChat<\/h2>\n<p>RandoChat reduziert den zuf\u00e4lligen Chat auf das Wesentliche. Hier sind die wichtigsten Funktionen der Plattform:<\/p>\n<h3>1. Vollst\u00e4ndig anonymer Chat<\/h3>\n<ul>\n<li>Keine Anmeldung oder E-Mail erforderlich<\/li>\n<li>Keine Benutzernamen oder IDs<\/li>\n<li>Chats werden nach jeder Sitzung automatisch gel\u00f6scht.<\/li>\n<li>Kein Profil, keine Fotos und keine pers\u00f6nlichen Daten erforderlich<\/li>\n<\/ul>\n<p>Dadurch entsteht eine wirklich private Umgebung, in der sich die Nutzer frei f\u00fchlen, sich zu \u00e4u\u00dfern.<\/p>\n<h3>2. Nur-Text-Konversationen<\/h3>\n<ul>\n<li>Konzentriert sich ausschlie\u00dflich auf Textnachrichten<\/li>\n<li>Ideal f\u00fcr Nutzer, die ihr Gesicht nicht zeigen m\u00f6chten<\/li>\n<li>Schneller und geringere Bandbreite als Video-Chat<\/li>\n<li>Ideal f\u00fcr diskrete Unterhaltungen, jederzeit und \u00fcberall<\/li>\n<\/ul>\n<h3>3. Sofortige \u00dcbereinstimmung<\/h3>\n<ul>\n<li>Verbindet Sie innerhalb von Sekunden mit einem Fremden<\/li>\n<li>Keine langen Warteschlangen oder damit verbundenen Verz\u00f6gerungen<\/li>\n<li>Chatten Sie und wischen oder tippen Sie, um sofort jemanden Neues zu finden.<\/li>\n<\/ul>\n<h3>4. Saubere, minimalistische Benutzeroberfl\u00e4che<\/h3>\n<ul>\n<li>Einfaches Chatfenster ohne Ablenkungen<\/li>\n<li>Einfach zu bedienendes Layout, geeignet f\u00fcr alle Altersgruppen<\/li>\n<li>Schnelle Nachrichten\u00fcbermittlung und reibungslose Leistung<\/li>\n<\/ul>\n<h3>5. Unterst\u00fctzung f\u00fcr mobile Apps<\/h3>\n<ul>\n<li>In vielen Regionen f\u00fcr Android und iOS verf\u00fcgbar<\/li>\n<li>Speziell f\u00fcr die mobile Kommunikation entwickelt<\/li>\n<li>Leicht und batterieschonend<\/li>\n<\/ul>\n<h3>6. Automatisches L\u00f6schen von Nachrichten<\/h3>\n<ul>\n<li>Chats verschwinden, wenn Sie die Unterhaltung verlassen.<\/li>\n<li>Auf Ihrem Ger\u00e4t wird nichts gespeichert.<\/li>\n<li>Nachrichten k\u00f6nnen nicht wiederhergestellt werden.<\/li>\n<\/ul>\n<p>Dies ist ein wichtiger Grund daf\u00fcr, dass RandoChat bei datenschutzbewussten Nutzern nach wie vor beliebt ist.<\/p>\n<h3>7. Frei zu verwenden<\/h3>\n<ul>\n<li>Keine Zahlung erforderlich, um mit dem Chatten zu beginnen<\/li>\n<li>F\u00fcr die Kernfunktionalit\u00e4t sind keine kostenpflichtigen Upgrades erforderlich.<\/li>\n<\/ul>\n<h2>So verwenden Sie RandoChat<\/h2>\n<p>RandoChat ist auf Einfachheit ausgelegt \u2013 so fangen Sie an:<\/p>\n<h3>Schritt 1: \u00d6ffnen Sie die Website oder App.<\/h3>\n<p>Je nach Region k\u00f6nnen Sie Folgendes verwenden:<\/p>\n<ul>\n<li>Die mobile App RandoChat<\/li>\n<li>Browserbasierte Alternativen (RandoChat-Websites von Drittanbietern)<\/li>\n<\/ul>\n<p>Beide funktionieren ohne Registrierung.<\/p>\n<h3>Schritt 2: Bedingungen und Richtlinien akzeptieren<\/h3>\n<p>Bei den meisten Versionen muss man grundlegenden Community-Regeln zustimmen.<\/p>\n<h3>Schritt 3: Chatten beginnen<\/h3>\n<p>Tippen Sie auf \u201eStart\u201c, \u201eChat\u201c oder \u201eBeginnen\u201c und Sie werden sofort mit einem Fremden verbunden.<\/p>\n<h3>Schritt 4: Nachrichten senden<\/h3>\n<p>Schreiben Sie frei \u2013 der Chat ist anonym.<\/p>\n<h3>Schritt 5: Chat \u00fcberspringen oder beenden<\/h3>\n<p>Wenn das Gespr\u00e4ch nicht passt, beenden Sie es einfach und gehen Sie sofort zur n\u00e4chsten Person \u00fcber.<\/p>\n<p>Es gibt keine Begrenzung, mit wie vielen Personen Sie sprechen k\u00f6nnen.<\/p>\n<h2>Benutzererfahrung auf RandoChat<\/h2>\n<p>RandoChat bietet aufgrund seines textbasierten, auf Datenschutz ausgerichteten Ansatzes ein einzigartiges Erlebnis im Bereich der Zufalls-Chats.<\/p>\n<h3>Was Benutzer lieben<\/h3>\n<ul>\n<li>V\u00f6llig anonym<\/li>\n<li>Keine Kamera erforderlich \u2013 f\u00fcr viele Nutzer komfortabler<\/li>\n<li>Schneller und sicherer als Video-Chat<\/li>\n<li>Leichte, mobilfreundliche Benutzererfahrung<\/li>\n<li>Nachrichten werden automatisch gel\u00f6scht<\/li>\n<li>Einfach zu bedienen f\u00fcr schnelle Unterhaltungen<\/li>\n<\/ul>\n<h3>Wo die Nutzer Raum f\u00fcr Verbesserungen sehen<\/h3>\n<ul>\n<li>Keine Filter nach Geschlecht oder Land (in den meisten Versionen)<\/li>\n<li>Eingeschr\u00e4nkte Moderationsfunktionen<\/li>\n<li>Gelegentliche Spam-Nutzer<\/li>\n<li>Keine Wiederverbindung mit fr\u00fcheren Chat-Partnern m\u00f6glich<\/li>\n<li>Einige regionale Versionen variieren in ihrer Qualit\u00e4t.<\/li>\n<\/ul>\n<p>Dennoch sind sich die meisten Nutzer einig, dass RandoChat eine einfache, sichere und unterhaltsame Plattform ist, um anonym neue Leute kennenzulernen \u2013 insbesondere f\u00fcr diejenigen, die Text-Chats gegen\u00fcber Video-Chats bevorzugen.<\/p>\n<h2>RandoChat im Vergleich zu anderen Chat-Plattformen<\/h2>\n<p>Hier ist ein Vergleich zwischen RandoChat und den wichtigsten Mitbewerbern:<\/p>\n<table>\n<thead>\n<tr>\n<th>Merkmal<\/th>\n<th>RandoChat<\/th>\n<th>Omegle<\/th>\n<th>Chatroulette<\/th>\n<th>ChatHub<\/th>\n<th>Randomskip<\/th>\n<th>Umstellung<\/th>\n<\/tr>\n<\/thead>\n<tbody>\n<tr>\n<td>Text-Chat<\/td>\n<td>\u2705 Ja<\/td>\n<td>\u2705 Ja<\/td>\n<td>\u274c Haupts\u00e4chlich Video<\/td>\n<td>\u2705 Ja<\/td>\n<td>\u274c Minimal<\/td>\n<td>\u2705 Ja<\/td>\n<\/tr>\n<tr>\n<td>Video-Chat<\/td>\n<td>\u274c Nein<\/td>\n<td>\u2705 Ja<\/td>\n<td>\u2705 Ja<\/td>\n<td>\u2705 Ja<\/td>\n<td>\u2705 Ja<\/td>\n<td>\u2705 Ja<\/td>\n<\/tr>\n<tr>\n<td>Anonymit\u00e4tsstufe<\/td>\n<td>\u2b50 Sehr hoch<\/td>\n<td>Hoch<\/td>\n<td>Hoch<\/td>\n<td>Mittel<\/td>\n<td>Hoch<\/td>\n<td>Hoch<\/td>\n<\/tr>\n<tr>\n<td>Registrierung erforderlich<\/td>\n<td>\u274c Nein<\/td>\n<td>\u274c Nein<\/td>\n<td>\u274c Nein<\/td>\n<td>Optional<\/td>\n<td>\u274c Nein<\/td>\n<td>\u274c Nein<\/td>\n<\/tr>\n<tr>\n<td>Filter<\/td>\n<td>\u274c Nein<\/td>\n<td>\u274c Nein<\/td>\n<td>Begrenzt<\/td>\n<td>Ja<\/td>\n<td>\u274c Nein<\/td>\n<td>\u274c Nein<\/td>\n<\/tr>\n<tr>\n<td>Mobile App<\/td>\n<td>\u2705 Ja<\/td>\n<td>\u274c Nein<\/td>\n<td>\u274c Nein<\/td>\n<td>Halb<\/td>\n<td>\u274c Nein<\/td>\n<td>\u274c Nein<\/td>\n<\/tr>\n<tr>\n<td>Frei zu verwenden<\/td>\n<td>\u2705 Ja<\/td>\n<td>Ja<\/td>\n<td>Ja<\/td>\n<td>Ja<\/td>\n<td>Ja<\/td>\n<td>Ja<\/td>\n<\/tr>\n<\/tbody>\n<\/table>\n<p>Zusammenfassung:<br \/>\nRandoChat zeichnet sich dadurch aus, dass es ausschlie\u00dflich textbasiert und vollst\u00e4ndig anonym ist, wodurch es privater ist als die meisten zuf\u00e4lligen Video-Chat-Plattformen. Es ist perfekt f\u00fcr Nutzer, die sich unterhalten m\u00f6chten, ohne den Druck zu versp\u00fcren, vor der Kamera zu stehen.<\/p>\n<h2>Ist RandoChat sicher?<\/h2>\n<p>RandoChat legt Wert auf Datenschutz, aber die Sicherheit der Nutzer h\u00e4ngt stark von verantwortungsbewusstem Verhalten ab.<\/p>\n<h3>Eingebaute Sicherheitsmerkmale<\/h3>\n<ul>\n<li>Anonymer Chat standardm\u00e4\u00dfig<\/li>\n<li>Keine pers\u00f6nlichen Daten erforderlich<\/li>\n<li>Automatisches L\u00f6schen von Nachrichten<\/li>\n<li>Option zum Melden unangemessenen Verhaltens<\/li>\n<li>Keine Profile, IDs oder personenbezogenen Daten gespeichert<\/li>\n<\/ul>\n<h3>Empfohlene Sicherheitsma\u00dfnahmen<\/h3>\n<ul>\n<li>Geben Sie niemals Ihren richtigen Namen, Ihre Telefonnummer oder Ihre Social-Media-Daten weiter.<\/li>\n<li>Vermeiden Sie das Versenden pers\u00f6nlicher Fotos<\/li>\n<li>Klicken Sie nicht auf Links von Fremden.<\/li>\n<li>Beenden Sie jedes unangenehme Gespr\u00e4ch sofort.<\/li>\n<li>Verwenden Sie ein VPN f\u00fcr zus\u00e4tzliche Anonymit\u00e4t<\/li>\n<li>Eltern sollten Minderj\u00e4hrige genau beobachten.<\/li>\n<\/ul>\n<p>Bei sachgem\u00e4\u00dfer Nutzung ist RandoChat eine der sichersten anonymen Chat-Plattformen, insbesondere im Vergleich zu videobasierten Alternativen.<\/p>\n<h2>Tipps f\u00fcr die Nutzung von RandoChat<\/h2>\n<p>Hier sind einige M\u00f6glichkeiten, wie Sie Ihre Erfahrung verbessern k\u00f6nnen:<\/p>\n<ul>\n<li>Beginnen Sie mit einfachen, freundlichen Begr\u00fc\u00dfungen.<\/li>\n<li>Seien Sie offen f\u00fcr Begegnungen mit Menschen aus anderen Kulturen.<\/li>\n<li>Verwenden Sie die App w\u00e4hrend der Sto\u00dfzeiten f\u00fcr aktivere Unterhaltungen.<\/li>\n<li>Halten Sie den Ton locker und respektvoll.<\/li>\n<li>Z\u00f6gern Sie nicht, zu \u00fcberspringen \u2013 nicht jeder Chat wird Ihnen gefallen.<\/li>\n<li>Nutze die Anonymit\u00e4t, um dich frei und verantwortungsbewusst auszudr\u00fccken.<\/li>\n<\/ul>\n<p>Textbasierte Plattformen f\u00fchren oft zu l\u00e4ngeren und intensiveren Gespr\u00e4chen, insbesondere wenn sich beide Nutzer sicher und entspannt f\u00fchlen.<\/p>\n<h2>H\u00e4ufige Probleme und L\u00f6sungen<\/h2>\n<h3>Problem: Meldung \u201cKeine Benutzer online\u201d<\/h3>\n<ul>\n<li>Versuchen Sie es w\u00e4hrend der Spitzenzeiten in Ihrer Region erneut.<\/li>\n<li>Wechseln Sie zwischen App- und Browser-Versionen, falls verf\u00fcgbar.<\/li>\n<\/ul>\n<h3>Problem: Chat wird zuf\u00e4llig unterbrochen<\/h3>\n<ul>\n<li>\u00dcberpr\u00fcfen Sie Ihre Internetverbindung<\/li>\n<li>Starten Sie die App neu oder aktualisieren Sie die Seite.<\/li>\n<\/ul>\n<h3>Problem: Spam-Benutzer<\/h3>\n<ul>\n<li>Sofort \u00fcberspringen<\/li>\n<li>Verwenden Sie die Berichtsfunktion<\/li>\n<\/ul>\n<h3>Problem: App l\u00e4sst sich nicht \u00f6ffnen oder st\u00fcrzt ab<\/h3>\n<ul>\n<li>Aktualisieren Sie auf die neueste Version<\/li>\n<li>Cache l\u00f6schen<\/li>\n<li>Starten Sie Ihr Telefon neu.<\/li>\n<\/ul>\n<h3>Problem: Nachrichten k\u00f6nnen nicht gesendet werden<\/h3>\n<ul>\n<li>Stellen Sie sicher, dass keine VPN- oder Firewall-Einstellungen die Verbindung blockieren.<\/li>\n<li>Installieren Sie die App gegebenenfalls neu.<\/li>\n<\/ul>\n<h2>Warum Menschen sich f\u00fcr RandoChat entscheiden<\/h2>\n<p>RandoChat hat aus mehreren Gr\u00fcnden ein treues globales Publikum aufgebaut:<\/p>\n<ul>\n<li>Wahre Anonymit\u00e4t<\/li>\n<li>Kein Stress oder Druck durch die Kamera<\/li>\n<li>Schnelle, einfache und \u00fcbersichtliche Benutzeroberfl\u00e4che<\/li>\n<li>Kostenlos und jederzeit zug\u00e4nglich<\/li>\n<li>Perfekt f\u00fcr introvertierte Menschen, die Text gegen\u00fcber Video bevorzugen<\/li>\n<li>Leicht und mobilfreundlich<\/li>\n<\/ul>\n<p>F\u00fcr viele f\u00fchlt sich RandoChat privater und angenehmer an als Video-Chat-Alternativen, was es ideal f\u00fcr spontane Gespr\u00e4che unterwegs macht.<\/p>\n<h2>Abschlie\u00dfende Gedanken: Lohnt es sich, RandoChat zu nutzen?<\/h2>\n<p>Wenn Sie auf der Suche nach einem kostenlosen, anonymen, textbasierten Zufalls-Chat sind, ist RandoChat auf jeden Fall einen Versuch wert. Es bietet eine erfrischende Abwechslung zur polierten, identit\u00e4tsorientierten Welt der sozialen Medien \u2013 einen Ort, an dem Sie sich frei unterhalten, sofort Fremde kennenlernen und echte Gespr\u00e4che ohne Vorurteile oder Verpflichtungen genie\u00dfen k\u00f6nnen.<\/p>\n<p>Ob Sie wollen oder nicht:<\/p>\n<ul>\n<li>Zeit vertreiben<\/li>\n<li>Neue Leute kennenlernen<\/li>\n<li>Sprachen \u00fcben<\/li>\n<li>Entspannen Sie sich anonym<\/li>\n<li>Genie\u00dfen Sie spontane Gespr\u00e4che<\/li>\n<\/ul>\n<p>RandoChat bietet eine absolut einfache und private Plattform, um dies zu tun.<\/p>\n<p>RandoChat ist eine schnelle, sichere und anonyme Text-Chat-App, mit der man zuf\u00e4llige Leute kennenlernen kann, ohne pers\u00f6nliche Daten preiszugeben. Sie ist \u00fcbersichtlich, mobilfreundlich, leichtgewichtig und ideal f\u00fcr Nutzer, die Privatsph\u00e4re und Einfachheit gegen\u00fcber Video-Chats bevorzugen.<\/p>\n<p>Sind Sie bereit f\u00fcr einen Chat? \u00d6ffnen Sie RandoChat, tippen Sie auf \u201cStart\u201d und lernen Sie innerhalb von Sekunden neue Leute kennen.<\/p>","protected":false},"excerpt":{"rendered":"<p>The online chat world continues to evolve, yet one concept remains timeless: the thrill of meeting someone new, instantly and anonymously. RandoChat embodies that spirit perfectly. It\u2019s a simple, fast, and privacy-focused random chat platform that connects you with strangers around the world \u2014 without requiring registration, profiles, or personal information. Whether you\u2019re looking for [&hellip;]<\/p>\n","protected":false},"author":6,"featured_media":0,"parent":0,"menu_order":0,"comment_status":"closed","ping_status":"closed","template":"","meta":{"footnotes":""},"class_list":["post-10021","page","type-page","status-publish","hentry"],"yoast_head":"<!-- This site is optimized with the Yoast SEO plugin v27.4 - https:\/\/yoast.com\/product\/yoast-seo-wordpress\/ -->\n<title>Randochat - Chat Anonymously &amp; Meet People - TinyChat.com<\/title>\n<meta name=\"description\" content=\"Enjoying Randochat? Join over 50,000,000 strangers on TinyChat! Turn on your cam and start meeting new people, or find a match.\" \/>\n<meta name=\"robots\" content=\"index, follow, max-snippet:-1, max-image-preview:large, max-video-preview:-1\" \/>\n<link rel=\"canonical\" href=\"https:\/\/tinychat.com\/de\/randochat\/\" \/>\n<meta property=\"og:locale\" content=\"de_DE\" \/>\n<meta property=\"og:type\" content=\"article\" \/>\n<meta property=\"og:title\" content=\"Randochat - Chat Anonymously &amp; Meet People - TinyChat.com\" \/>\n<meta property=\"og:description\" content=\"Enjoying Randochat? Join over 50,000,000 strangers on TinyChat! Turn on your cam and start meeting new people, or find a match.\" \/>\n<meta property=\"og:url\" content=\"https:\/\/tinychat.com\/de\/randochat\/\" \/>\n<meta property=\"og:site_name\" content=\"TinyChat\" \/>\n<meta property=\"article:publisher\" content=\"https:\/\/www.facebook.com\/tinychat\" \/>\n<meta property=\"article:modified_time\" content=\"2025-12-02T08:48:18+00:00\" \/>\n<meta property=\"og:image\" content=\"https:\/\/tinychat.com\/wp-content\/uploads\/2020\/04\/Tinychat-logo-1280x284-new-black.png\" \/>\n\t<meta property=\"og:image:width\" content=\"1280\" \/>\n\t<meta property=\"og:image:height\" content=\"284\" \/>\n\t<meta property=\"og:image:type\" content=\"image\/png\" \/>\n<meta name=\"twitter:card\" content=\"summary_large_image\" \/>\n<meta name=\"twitter:site\" content=\"@tinychat\" \/>\n<meta name=\"twitter:label1\" content=\"Gesch\u00e4tzte Lesezeit\" \/>\n\t<meta name=\"twitter:data1\" content=\"6\u00a0Minuten\" \/>\n<script type=\"application\/ld+json\" class=\"yoast-schema-graph\">{\"@context\":\"https:\\\/\\\/schema.org\",\"@graph\":[{\"@type\":\"WebPage\",\"@id\":\"https:\\\/\\\/tinychat.com\\\/randochat\\\/\",\"url\":\"https:\\\/\\\/tinychat.com\\\/randochat\\\/\",\"name\":\"Randochat - Chat Anonymously & Meet People - TinyChat.com\",\"isPartOf\":{\"@id\":\"https:\\\/\\\/tinychat.com\\\/#website\"},\"datePublished\":\"2025-12-02T06:48:35+00:00\",\"dateModified\":\"2025-12-02T08:48:18+00:00\",\"description\":\"Enjoying Randochat? Join over 50,000,000 strangers on TinyChat! Turn on your cam and start meeting new people, or find a match.\",\"breadcrumb\":{\"@id\":\"https:\\\/\\\/tinychat.com\\\/randochat\\\/#breadcrumb\"},\"inLanguage\":\"de\",\"potentialAction\":[{\"@type\":\"ReadAction\",\"target\":[\"https:\\\/\\\/tinychat.com\\\/randochat\\\/\"]}]},{\"@type\":\"BreadcrumbList\",\"@id\":\"https:\\\/\\\/tinychat.com\\\/randochat\\\/#breadcrumb\",\"itemListElement\":[{\"@type\":\"ListItem\",\"position\":1,\"name\":\"Home\",\"item\":\"https:\\\/\\\/tinychat.com\\\/\"},{\"@type\":\"ListItem\",\"position\":2,\"name\":\"Randochat\"}]},{\"@type\":\"WebSite\",\"@id\":\"https:\\\/\\\/tinychat.com\\\/#website\",\"url\":\"https:\\\/\\\/tinychat.com\\\/\",\"name\":\"TinyChat\",\"description\":\"Random Video Chat with Strangers\",\"publisher\":{\"@id\":\"https:\\\/\\\/tinychat.com\\\/#organization\"},\"alternateName\":\"TinyChat.com\",\"potentialAction\":[{\"@type\":\"SearchAction\",\"target\":{\"@type\":\"EntryPoint\",\"urlTemplate\":\"https:\\\/\\\/tinychat.com\\\/?s={search_term_string}\"},\"query-input\":{\"@type\":\"PropertyValueSpecification\",\"valueRequired\":true,\"valueName\":\"search_term_string\"}}],\"inLanguage\":\"de\"},{\"@type\":\"Organization\",\"@id\":\"https:\\\/\\\/tinychat.com\\\/#organization\",\"name\":\"TinyChat\",\"alternateName\":\"TinyChat.com\",\"url\":\"https:\\\/\\\/tinychat.com\\\/\",\"logo\":{\"@type\":\"ImageObject\",\"inLanguage\":\"de\",\"@id\":\"https:\\\/\\\/tinychat.com\\\/#\\\/schema\\\/logo\\\/image\\\/\",\"url\":\"https:\\\/\\\/tinychat.com\\\/wp-content\\\/uploads\\\/2023\\\/11\\\/Tinychat-icon-square.png\",\"contentUrl\":\"https:\\\/\\\/tinychat.com\\\/wp-content\\\/uploads\\\/2023\\\/11\\\/Tinychat-icon-square.png\",\"width\":284,\"height\":284,\"caption\":\"TinyChat\"},\"image\":{\"@id\":\"https:\\\/\\\/tinychat.com\\\/#\\\/schema\\\/logo\\\/image\\\/\"},\"sameAs\":[\"https:\\\/\\\/www.facebook.com\\\/tinychat\",\"https:\\\/\\\/x.com\\\/tinychat\"]}]}<\/script>\n<!-- \/ Yoast SEO plugin. -->","yoast_head_json":{"title":"Randochat \u2013 Anonym chatten und Leute treffen \u2013 TinyChat.com","description":"Gef\u00e4llt Ihnen Randochat? Schlie\u00dfen Sie sich \u00fcber 50.000.000 Fremden auf TinyChat an! Schalten Sie Ihre Kamera ein und lernen Sie neue Leute kennen oder finden Sie einen Partner.","robots":{"index":"index","follow":"follow","max-snippet":"max-snippet:-1","max-image-preview":"max-image-preview:large","max-video-preview":"max-video-preview:-1"},"canonical":"https:\/\/tinychat.com\/de\/randochat\/","og_locale":"de_DE","og_type":"article","og_title":"Randochat - Chat Anonymously & Meet People - TinyChat.com","og_description":"Enjoying Randochat? Join over 50,000,000 strangers on TinyChat! Turn on your cam and start meeting new people, or find a match.","og_url":"https:\/\/tinychat.com\/de\/randochat\/","og_site_name":"TinyChat","article_publisher":"https:\/\/www.facebook.com\/tinychat","article_modified_time":"2025-12-02T08:48:18+00:00","og_image":[{"width":1280,"height":284,"url":"https:\/\/tinychat.com\/wp-content\/uploads\/2020\/04\/Tinychat-logo-1280x284-new-black.png","type":"image\/png"}],"twitter_card":"summary_large_image","twitter_site":"@tinychat","twitter_misc":{"Gesch\u00e4tzte Lesezeit":"6\u00a0Minuten"},"schema":{"@context":"https:\/\/schema.org","@graph":[{"@type":"WebPage","@id":"https:\/\/tinychat.com\/randochat\/","url":"https:\/\/tinychat.com\/randochat\/","name":"Randochat \u2013 Anonym chatten und Leute treffen \u2013 TinyChat.com","isPartOf":{"@id":"https:\/\/tinychat.com\/#website"},"datePublished":"2025-12-02T06:48:35+00:00","dateModified":"2025-12-02T08:48:18+00:00","description":"Gef\u00e4llt Ihnen Randochat? Schlie\u00dfen Sie sich \u00fcber 50.000.000 Fremden auf TinyChat an! Schalten Sie Ihre Kamera ein und lernen Sie neue Leute kennen oder finden Sie einen Partner.","breadcrumb":{"@id":"https:\/\/tinychat.com\/randochat\/#breadcrumb"},"inLanguage":"de","potentialAction":[{"@type":"ReadAction","target":["https:\/\/tinychat.com\/randochat\/"]}]},{"@type":"BreadcrumbList","@id":"https:\/\/tinychat.com\/randochat\/#breadcrumb","itemListElement":[{"@type":"ListItem","position":1,"name":"Home","item":"https:\/\/tinychat.com\/"},{"@type":"ListItem","position":2,"name":"Randochat"}]},{"@type":"WebSite","@id":"https:\/\/tinychat.com\/#website","url":"https:\/\/tinychat.com\/","name":"TinyChat","description":"Zuf\u00e4lliger Video-Chat mit Fremden","publisher":{"@id":"https:\/\/tinychat.com\/#organization"},"alternateName":"TinyChat.com","potentialAction":[{"@type":"SearchAction","target":{"@type":"EntryPoint","urlTemplate":"https:\/\/tinychat.com\/?s={search_term_string}"},"query-input":{"@type":"PropertyValueSpecification","valueRequired":true,"valueName":"search_term_string"}}],"inLanguage":"de"},{"@type":"Organization","@id":"https:\/\/tinychat.com\/#organization","name":"TinyChat","alternateName":"TinyChat.com","url":"https:\/\/tinychat.com\/","logo":{"@type":"ImageObject","inLanguage":"de","@id":"https:\/\/tinychat.com\/#\/schema\/logo\/image\/","url":"https:\/\/tinychat.com\/wp-content\/uploads\/2023\/11\/Tinychat-icon-square.png","contentUrl":"https:\/\/tinychat.com\/wp-content\/uploads\/2023\/11\/Tinychat-icon-square.png","width":284,"height":284,"caption":"TinyChat"},"image":{"@id":"https:\/\/tinychat.com\/#\/schema\/logo\/image\/"},"sameAs":["https:\/\/www.facebook.com\/tinychat","https:\/\/x.com\/tinychat"]}]}},"_links":{"self":[{"href":"https:\/\/tinychat.com\/de\/wp-json\/wp\/v2\/pages\/10021","targetHints":{"allow":["GET"]}}],"collection":[{"href":"https:\/\/tinychat.com\/de\/wp-json\/wp\/v2\/pages"}],"about":[{"href":"https:\/\/tinychat.com\/de\/wp-json\/wp\/v2\/types\/page"}],"author":[{"embeddable":true,"href":"https:\/\/tinychat.com\/de\/wp-json\/wp\/v2\/users\/6"}],"replies":[{"embeddable":true,"href":"https:\/\/tinychat.com\/de\/wp-json\/wp\/v2\/comments?post=10021"}],"version-history":[{"count":3,"href":"https:\/\/tinychat.com\/de\/wp-json\/wp\/v2\/pages\/10021\/revisions"}],"predecessor-version":[{"id":13583,"href":"https:\/\/tinychat.com\/de\/wp-json\/wp\/v2\/pages\/10021\/revisions\/13583"}],"wp:attachment":[{"href":"https:\/\/tinychat.com\/de\/wp-json\/wp\/v2\/media?parent=10021"}],"curies":[{"name":"wp","href":"https:\/\/api.w.org\/{rel}","templated":true}]}}