{"id":10096,"date":"2025-08-18T09:20:25","date_gmt":"2025-08-18T07:20:25","guid":{"rendered":"https:\/\/tinychat.com\/?page_id=10096"},"modified":"2025-08-18T10:06:15","modified_gmt":"2025-08-18T08:06:15","slug":"tandoo","status":"publish","type":"page","link":"https:\/\/tinychat.com\/de\/tandoo\/","title":{"rendered":"Tandoo"},"content":{"rendered":"<p>In einer Welt, in der die Online-Kommunikation zunehmend ausgefeilt und kuratiert ist, bieten Plattformen wie Tandoo eine willkommene Erinnerung an den Reiz echter, ungeschriebener Begegnungen. Anstatt sich auf vorgefertigte Profile oder gefilterte Timelines zu verlassen, konzentriert sich Tandoo auf das, was am wichtigsten ist - menschliche Interaktion in Echtzeit. Mit nur einem Klick k\u00f6nnen Sie sich mit jemandem von Angesicht zu Angesicht treffen, Geschichten austauschen, \u00fcber Witze lachen oder neue Perspektiven aus der ganzen Welt entdecken.<\/p>\n<p>Egal, ob Sie sich f\u00fcr zwanglose Gespr\u00e4che anmelden, etwas \u00fcber andere Kulturen erfahren oder sogar einen romantischen Funken finden m\u00f6chten, Tandoo macht es einfach, schnell und ansprechend, Fremde online zu treffen. In diesem Leitfaden erfahren Sie mehr \u00fcber die Funktionen von Tandoo, wie es funktioniert und wie es sich im Vergleich zur Konkurrenz in der Welt der zuf\u00e4lligen Videochats schl\u00e4gt.<\/p>\n<h2>Was ist Tandoo?<\/h2>\n<p>Tandoo ist ein zuf\u00e4lliger Video-Chat-Dienst, der Menschen sofort \u00fcber Video, Audio und optionale Textnachrichten miteinander verbindet. \u00c4hnlich wie beliebte Websites wie Chatroulette, Omegle und Chatrandom macht sich Tandoo die Unvorhersehbarkeit von Online-Kontakten zunutze - allerdings mit einer aktualisierten Benutzeroberfl\u00e4che, reibungsloser Funktionalit\u00e4t und Sicherheitstools, die f\u00fcr angenehme Interaktionen sorgen.<\/p>\n<p>Es ist kein langwieriger Registrierungsprozess erforderlich, und Sie m\u00fcssen nicht stundenlang ein Profil erstellen. Stattdessen bietet Tandoo einen \"Drop-in, Drop-out\"-Stil des Chats, bei dem jedes Gespr\u00e4ch eine neue Gelegenheit ist.<\/p>\n<h2>Hauptmerkmale des Tandoo<\/h2>\n<p>Der Erfolg des Tandoo beruht auf seiner Ausgewogenheit von Einfachheit, Spa\u00df und Sicherheit. Hier sind die herausragenden Merkmale, die ihn so attraktiv machen:<\/p>\n<h3>1. Schnelles Zufallsmatching<\/h3>\n<ul>\n<li>Sofortige Verbindung mit Fremden weltweit.<\/li>\n<li>Springen Sie zum n\u00e4chsten Chat, wann immer Sie wollen.<\/li>\n<li>Keine Warteschlangen - einfach auf Start tippen und loslegen.<\/li>\n<\/ul>\n<h3>2. Filter f\u00fcr Ort und Geschlecht<\/h3>\n<ul>\n<li>Sie k\u00f6nnen die Gespr\u00e4che nach L\u00e4ndern ausrichten oder sie f\u00fcr globale Begegnungen offen lassen.<\/li>\n<li>Geschlechtsspezifische Filter helfen dabei, die Treffer zu verfeinern, wenn Sie bestimmte Interaktionen bevorzugen.<\/li>\n<\/ul>\n<h3>3. Text-Chat-Integration<\/h3>\n<ul>\n<li>Verwenden Sie Textnachrichten neben Live-Videos.<\/li>\n<li>Ideal f\u00fcr den Austausch von \u00dcbersetzungen oder wenn Ihr Audio nicht funktioniert.<\/li>\n<\/ul>\n<h3>4. Freundschafts- und Wiederverbindungsoption<\/h3>\n<ul>\n<li>F\u00fcgen Sie interessante Personen zu Ihrer Freundesliste hinzu.<\/li>\n<li>Stellen Sie die Verbindung sp\u00e4ter wieder her, ohne vom Zufall abh\u00e4ngig zu sein.<\/li>\n<\/ul>\n<h3>5. Lustige Filter und Effekte<\/h3>\n<ul>\n<li>Verbessern Sie Ihre Chats mit Masken, AR-Filtern und verspielten Stickern.<\/li>\n<li>Perfekte Eisbrecher f\u00fcr entspanntere Interaktionen.<\/li>\n<\/ul>\n<h3>6. Eingebaute Sicherheitswerkzeuge<\/h3>\n<ul>\n<li>Die Berichts- und Sperrfunktionen sind immer sichtbar.<\/li>\n<li>Ein Unsch\u00e4rfe-Vorschaumodus erm\u00f6glicht es Ihnen, den ersten Eindruck zu kontrollieren.<\/li>\n<li>Die Moderation hilft, anst\u00f6\u00dfige Inhalte von der Plattform fernzuhalten.<\/li>\n<\/ul>\n<h3>7. Multiplattform-Zugang<\/h3>\n<ul>\n<li>Funktioniert \u00fcber Desktop-Browser und mobile Ger\u00e4te.<\/li>\n<li>Responsive Design sorgt f\u00fcr reibungsloses Chatten auf jeder Bildschirmgr\u00f6\u00dfe.<\/li>\n<\/ul>\n<h2>So verwenden Sie Tandoo<\/h2>\n<p>Der Einstieg in Tandoo ist einfach und erfordert keine technischen Kenntnisse.<\/p>\n<h3>Schritt 1: Besuchen Sie die Plattform<\/h3>\n<ul>\n<li>\u00d6ffnen Sie die offizielle Tandoo-Website auf Ihrem Desktop oder Handy.<\/li>\n<li>In einigen Regionen k\u00f6nnen Sie auch \u00fcber eine App Zugang erhalten.<\/li>\n<\/ul>\n<h3>Schritt 2: W\u00e4hlen Sie Ihre Filter<\/h3>\n<ul>\n<li>Legen Sie Ihre Standort- oder Geschlechtspr\u00e4ferenzen fest.<\/li>\n<li>Lassen Sie die Filter aus, um das volle Zufallserlebnis zu genie\u00dfen.<\/li>\n<\/ul>\n<h3>Schritt 3: Aktivieren von Kamera und Mikrofon<\/h3>\n<ul>\n<li>Erteilen Sie die Berechtigungen, wenn Sie dazu aufgefordert werden.<\/li>\n<li>Testen Sie Ihre Einstellungen vor dem Start, um ein optimales Ergebnis zu erzielen.<\/li>\n<\/ul>\n<h3>Schritt 4: Chatten beginnen<\/h3>\n<ul>\n<li>Dr\u00fccken Sie auf Start, um sofort jemand Neues kennenzulernen.<\/li>\n<li>Verwenden Sie Weiter, um zu \u00fcberspringen, wenn Sie bereit sind, weiterzugehen.<\/li>\n<\/ul>\n<h3>Schritt 5: Freunde hinzuf\u00fcgen oder weiter erforschen<\/h3>\n<ul>\n<li>Speichern Sie lustige Unterhaltungen mit der Option \"Freunde hinzuf\u00fcgen\".<\/li>\n<li>Treffen Sie sich so lange mit Menschen, wie Sie m\u00f6chten.<\/li>\n<\/ul>\n<h2>Benutzererfahrung mit Tandoo<\/h2>\n<p>Die klare, minimale Benutzeroberfl\u00e4che von Tandoo unterscheidet sich von \u00e4lteren, un\u00fcbersichtlichen Chat-Plattformen. Die Navigation ist intuitiv, so dass es selbst f\u00fcr Erstnutzer einfach ist, sich in Unterhaltungen zu st\u00fcrzen.<\/p>\n<h3>Was Benutzer m\u00f6gen<\/h3>\n<ul>\n<li>Sofortige Verbindungen ohne m\u00fchsame Anmeldung.<\/li>\n<li>Reibungslose, stabile Video- und Audioqualit\u00e4t.<\/li>\n<li>Filter, die eine pers\u00f6nlichere Interaktion erm\u00f6glichen.<\/li>\n<li>Spielerische Funktionen wie Masken und Effekte.<\/li>\n<li>Safety-First-Ansatz mit Unsch\u00e4rfevorschau.<\/li>\n<\/ul>\n<h3>Was Nutzer nicht m\u00f6gen<\/h3>\n<ul>\n<li>Einige erweiterte Filter k\u00f6nnen hinter dem Premium-Zugang gesperrt sein.<\/li>\n<li>In den Hauptverkehrszeiten ist mehr los als in den Nebenverkehrszeiten.<\/li>\n<li>Die \u00dcbersetzung erfolgt nicht automatisch, was ein Hindernis darstellen kann.<\/li>\n<li>Die Unterst\u00fctzung der App variiert je nach Land.<\/li>\n<\/ul>\n<h2>Tandoo vs. andere Zufalls-Chat-Plattformen<\/h2>\n<table>\n<thead>\n<tr>\n<th>Merkmal<\/th>\n<th>Tandoo<\/th>\n<th>Omegle<\/th>\n<th>Chatroulette<\/th>\n<th>ChatHub<\/th>\n<th>LuckyCrush<\/th>\n<th>Azar<\/th>\n<\/tr>\n<\/thead>\n<tbody>\n<tr>\n<td>Random Video Chat mit Fremden<\/td>\n<td>\u2705 Ja<\/td>\n<td>\u2705 Ja<\/td>\n<td>\u2705 Ja<\/td>\n<td>\u2705 Ja<\/td>\n<td>\u2705 Ja<\/td>\n<td>\u2705 Ja<\/td>\n<\/tr>\n<tr>\n<td>Geschlecht\/Ort-Filter<\/td>\n<td>\u2705 Ja<\/td>\n<td>\u274c Nein<\/td>\n<td>\u274c Begrenzt<\/td>\n<td>\u2705 Ja<\/td>\n<td>\u2705 Ja<\/td>\n<td>\u2705 Ja<\/td>\n<\/tr>\n<tr>\n<td>Unsch\u00e4rfe-Vorschau-Modus<\/td>\n<td>\u2705 Ja<\/td>\n<td>\u274c Nein<\/td>\n<td>\u274c Nein<\/td>\n<td>\u2705 Ja<\/td>\n<td>\u274c Nein<\/td>\n<td>\u2705 Ja<\/td>\n<\/tr>\n<tr>\n<td>Option \"Freunde\/Wiedervereinigung<\/td>\n<td>\u2705 Ja<\/td>\n<td>\u274c Nein<\/td>\n<td>\u274c Nein<\/td>\n<td>\u2705 Ja<\/td>\n<td>\u2705 Ja<\/td>\n<td>\u2705 Ja<\/td>\n<\/tr>\n<tr>\n<td>AR-Filter und -Effekte<\/td>\n<td>\u2705 Ja<\/td>\n<td>\u274c Nein<\/td>\n<td>\u274c Nein<\/td>\n<td>\u2705 Ja<\/td>\n<td>\u274c Nein<\/td>\n<td>\u2705 Ja<\/td>\n<\/tr>\n<tr>\n<td>Plattform\u00fcbergreifender Zugang<\/td>\n<td>\u2705 Ja<\/td>\n<td>\u2705 Ja<\/td>\n<td>\u2705 Ja<\/td>\n<td>\u2705 Ja<\/td>\n<td>\u2705 Ja<\/td>\n<td>\u2705 Ja<\/td>\n<\/tr>\n<\/tbody>\n<\/table>\n<p>Zusammenfassung: Tandoo schneidet im Vergleich zu anderen Plattformen gut ab und bietet eine Mischung aus Filtern, lustigen Effekten und Sicherheitsfunktionen, die es zu einem der vielseitigsten Zufalls-Chat-Dienste auf dem Markt machen.<\/p>\n<h2>Ist Tandoo sicher?<\/h2>\n<p>Bei Yes-Tandoo steht die Sicherheit an erster Stelle. Die Plattform nutzt eine Mischung aus KI-Moderation und Community-Reporting-Tools, um f\u00fcr Sicherheit und Spa\u00df zu sorgen.<\/p>\n<h3>Sicherheitsmerkmale<\/h3>\n<ul>\n<li>Unsch\u00e4rfemodus f\u00fcr kontrollierte erste Eindr\u00fccke.<\/li>\n<li>Schnelles Sperren\/Melden von unangemessenen Benutzern.<\/li>\n<li>Anonymes Chatten - keine pers\u00f6nlichen Angaben erforderlich.<\/li>\n<li>Aktive Moderation gegen explizite oder sch\u00e4dliche Inhalte.<\/li>\n<\/ul>\n<h3>Sicherheitstipps<\/h3>\n<ul>\n<li>Geben Sie niemals pers\u00f6nliche oder finanzielle Daten weiter.<\/li>\n<li>Verwenden Sie die Unsch\u00e4rfevorschau, bevor Sie Ihre Kamera vollst\u00e4ndig freigeben.<\/li>\n<li>Melden und sperren Sie jeden, der gegen die Regeln verst\u00f6\u00dft.<\/li>\n<li>Eltern sollten j\u00fcngere Nutzer \u00fcberwachen.<\/li>\n<\/ul>\n<h2>Tipps f\u00fcr die optimale Nutzung von Tandoo<\/h2>\n<ul>\n<li>Versuchen Sie globale Chats, um Ihren kulturellen Horizont zu erweitern.<\/li>\n<li>Verwenden Sie Filter, wenn Sie bestimmte Interaktionen w\u00fcnschen.<\/li>\n<li>Experimentieren Sie mit Effekten f\u00fcr einen unbeschwerten Start.<\/li>\n<li>Sorgen Sie f\u00fcr eine klare Beleuchtung, um den besten Eindruck zu vermitteln.<\/li>\n<li>Melden Sie sich w\u00e4hrend der Hauptverkehrszeiten an, wenn Sie mehr aktive Nutzer haben.<\/li>\n<li>Seien Sie proaktiv - melden Sie unangemessene Inhalte, damit der Raum sicher bleibt.<\/li>\n<\/ul>\n<h2>H\u00e4ufige Probleme und Problembehebungen bei Tandoo<\/h2>\n<h3>Kamera\/Mikrofon funktioniert nicht<\/h3>\n<ul>\n<li>Berechtigungen in den Browser-\/Anwendungseinstellungen zulassen.<\/li>\n<li>Starten Sie Ihr Ger\u00e4t bei Bedarf neu.<\/li>\n<\/ul>\n<h3>Schlechte Videoqualit\u00e4t<\/h3>\n<ul>\n<li>Verwenden Sie eine stabile Wi-Fi-Verbindung.<\/li>\n<li>Schlie\u00dfen Sie unn\u00f6tige Anwendungen im Hintergrund.<\/li>\n<\/ul>\n<h3>Filter k\u00f6nnen nicht angewendet werden<\/h3>\n<ul>\n<li>Vergewissern Sie sich, dass Sie eingeloggt sind (falls erforderlich).<\/li>\n<li>F\u00fcr einige Filter ist m\u00f6glicherweise ein Premium-Zugang erforderlich.<\/li>\n<\/ul>\n<h3>Offensive Benutzerbegegnungen<\/h3>\n<ul>\n<li>Sperren und sofort melden.<\/li>\n<li>Wechseln Sie mit einem Klick zum n\u00e4chsten Spiel.<\/li>\n<\/ul>\n<p>Wenn Sie auf der Suche nach einer modernen, zuverl\u00e4ssigen und ansprechenden Zufalls-Videochat-Plattform sind, ist Tandoo genau das Richtige f\u00fcr Sie. Sie ist einfach zu bedienen, hat gen\u00fcgend Funktionen, um sich abzuheben, und bietet ein Gleichgewicht zwischen Spontaneit\u00e4t und Sicherheit. Es hat zwar nicht die gro\u00dfe Markenbekanntheit von Omegle oder Chatroulette, aber es bietet eine frische und sichere Alternative, die viele Nutzer bevorzugen.<\/p>\n<p>Ganz gleich, ob Sie auf der Suche nach einem schnellen Lacher, einem kulturellen Austausch oder etwas Pers\u00f6nlichem sind, Tandoo schafft eine Umgebung, in der sich diese M\u00f6glichkeiten endlos anf\u00fchlen. Mit seinem einfachen Design, den intelligenten Filtern und den Echtzeit-Verbindungen ist es eine gro\u00dfartige Erg\u00e4nzung f\u00fcr die zuf\u00e4llige Chat-Rotation eines jeden.<\/p>\n<p>Sind Sie bereit, es auszuprobieren? Besuchen Sie Tandoo, dr\u00fccken Sie auf \"Start\", und entdecken Sie, wer auf der anderen Seite des Bildschirms auf einen Chat wartet.<\/p>","protected":false},"excerpt":{"rendered":"<p>In a world where online communication is increasingly polished and curated, platforms like Tandoo offer a welcome reminder of the excitement that comes with genuine, unscripted encounters. Instead of relying on pre-built profiles or filtered timelines, Tandoo focuses on what matters most\u2014real-time human interaction. With just one click, you can be face-to-face with someone new, [&hellip;]<\/p>\n","protected":false},"author":6,"featured_media":0,"parent":0,"menu_order":0,"comment_status":"closed","ping_status":"closed","template":"","meta":{"footnotes":""},"class_list":["post-10096","page","type-page","status-publish","hentry"],"yoast_head":"<!-- This site is optimized with the Yoast SEO plugin v27.6 - https:\/\/yoast.com\/product\/yoast-seo-wordpress\/ -->\n<title>Tandoo - Interactive Live Video Chat - TinyChat.com<\/title>\n<meta name=\"description\" content=\"Enjoying Tandoo? Join over 50,000,000 strangers on TinyChat! Turn on your cam and start meeting new people, or find a match.\" \/>\n<meta name=\"robots\" content=\"index, follow, max-snippet:-1, max-image-preview:large, max-video-preview:-1\" \/>\n<link rel=\"canonical\" href=\"https:\/\/tinychat.com\/de\/tandoo\/\" \/>\n<meta property=\"og:locale\" content=\"de_DE\" \/>\n<meta property=\"og:type\" content=\"article\" \/>\n<meta property=\"og:title\" content=\"Tandoo - Interactive Live Video Chat - TinyChat.com\" \/>\n<meta property=\"og:description\" content=\"Enjoying Tandoo? Join over 50,000,000 strangers on TinyChat! Turn on your cam and start meeting new people, or find a match.\" \/>\n<meta property=\"og:url\" content=\"https:\/\/tinychat.com\/de\/tandoo\/\" \/>\n<meta property=\"og:site_name\" content=\"TinyChat\" \/>\n<meta property=\"article:publisher\" content=\"https:\/\/www.facebook.com\/tinychat\" \/>\n<meta property=\"article:modified_time\" content=\"2025-08-18T08:06:15+00:00\" \/>\n<meta property=\"og:image\" content=\"https:\/\/tinychat.com\/wp-content\/uploads\/2020\/04\/Tinychat-logo-1280x284-new-black.png\" \/>\n\t<meta property=\"og:image:width\" content=\"1280\" \/>\n\t<meta property=\"og:image:height\" content=\"284\" \/>\n\t<meta property=\"og:image:type\" content=\"image\/png\" \/>\n<meta name=\"twitter:card\" content=\"summary_large_image\" \/>\n<meta name=\"twitter:site\" content=\"@tinychat\" \/>\n<meta name=\"twitter:label1\" content=\"Gesch\u00e4tzte Lesezeit\" \/>\n\t<meta name=\"twitter:data1\" content=\"5\u00a0Minuten\" \/>\n<script type=\"application\/ld+json\" class=\"yoast-schema-graph\">{\"@context\":\"https:\\\/\\\/schema.org\",\"@graph\":[{\"@type\":\"WebPage\",\"@id\":\"https:\\\/\\\/tinychat.com\\\/tandoo\\\/\",\"url\":\"https:\\\/\\\/tinychat.com\\\/tandoo\\\/\",\"name\":\"Tandoo - Interactive Live Video Chat - TinyChat.com\",\"isPartOf\":{\"@id\":\"https:\\\/\\\/tinychat.com\\\/#website\"},\"datePublished\":\"2025-08-18T07:20:25+00:00\",\"dateModified\":\"2025-08-18T08:06:15+00:00\",\"description\":\"Enjoying Tandoo? Join over 50,000,000 strangers on TinyChat! Turn on your cam and start meeting new people, or find a match.\",\"breadcrumb\":{\"@id\":\"https:\\\/\\\/tinychat.com\\\/tandoo\\\/#breadcrumb\"},\"inLanguage\":\"de\",\"potentialAction\":[{\"@type\":\"ReadAction\",\"target\":[\"https:\\\/\\\/tinychat.com\\\/tandoo\\\/\"]}]},{\"@type\":\"BreadcrumbList\",\"@id\":\"https:\\\/\\\/tinychat.com\\\/tandoo\\\/#breadcrumb\",\"itemListElement\":[{\"@type\":\"ListItem\",\"position\":1,\"name\":\"Home\",\"item\":\"https:\\\/\\\/tinychat.com\\\/\"},{\"@type\":\"ListItem\",\"position\":2,\"name\":\"Tandoo\"}]},{\"@type\":\"WebSite\",\"@id\":\"https:\\\/\\\/tinychat.com\\\/#website\",\"url\":\"https:\\\/\\\/tinychat.com\\\/\",\"name\":\"TinyChat\",\"description\":\"Random Video Chat with Strangers\",\"publisher\":{\"@id\":\"https:\\\/\\\/tinychat.com\\\/#organization\"},\"alternateName\":\"TinyChat.com\",\"potentialAction\":[{\"@type\":\"SearchAction\",\"target\":{\"@type\":\"EntryPoint\",\"urlTemplate\":\"https:\\\/\\\/tinychat.com\\\/?s={search_term_string}\"},\"query-input\":{\"@type\":\"PropertyValueSpecification\",\"valueRequired\":true,\"valueName\":\"search_term_string\"}}],\"inLanguage\":\"de\"},{\"@type\":\"Organization\",\"@id\":\"https:\\\/\\\/tinychat.com\\\/#organization\",\"name\":\"TinyChat\",\"alternateName\":\"TinyChat.com\",\"url\":\"https:\\\/\\\/tinychat.com\\\/\",\"logo\":{\"@type\":\"ImageObject\",\"inLanguage\":\"de\",\"@id\":\"https:\\\/\\\/tinychat.com\\\/#\\\/schema\\\/logo\\\/image\\\/\",\"url\":\"https:\\\/\\\/tinychat.com\\\/wp-content\\\/uploads\\\/2023\\\/11\\\/Tinychat-icon-square.png\",\"contentUrl\":\"https:\\\/\\\/tinychat.com\\\/wp-content\\\/uploads\\\/2023\\\/11\\\/Tinychat-icon-square.png\",\"width\":284,\"height\":284,\"caption\":\"TinyChat\"},\"image\":{\"@id\":\"https:\\\/\\\/tinychat.com\\\/#\\\/schema\\\/logo\\\/image\\\/\"},\"sameAs\":[\"https:\\\/\\\/www.facebook.com\\\/tinychat\",\"https:\\\/\\\/x.com\\\/tinychat\"]}]}<\/script>\n<!-- \/ Yoast SEO plugin. -->","yoast_head_json":{"title":"Tandoo - Interaktiver Live-Videochat - TinyChat.com","description":"Gef\u00e4llt Ihnen Tandoo? Schlie\u00dfen Sie sich \u00fcber 50.000.000 Fremden auf TinyChat an! Schalte deine Kamera ein und fange an, neue Leute zu treffen, oder finde einen Partner.","robots":{"index":"index","follow":"follow","max-snippet":"max-snippet:-1","max-image-preview":"max-image-preview:large","max-video-preview":"max-video-preview:-1"},"canonical":"https:\/\/tinychat.com\/de\/tandoo\/","og_locale":"de_DE","og_type":"article","og_title":"Tandoo - Interactive Live Video Chat - TinyChat.com","og_description":"Enjoying Tandoo? Join over 50,000,000 strangers on TinyChat! Turn on your cam and start meeting new people, or find a match.","og_url":"https:\/\/tinychat.com\/de\/tandoo\/","og_site_name":"TinyChat","article_publisher":"https:\/\/www.facebook.com\/tinychat","article_modified_time":"2025-08-18T08:06:15+00:00","og_image":[{"width":1280,"height":284,"url":"https:\/\/tinychat.com\/wp-content\/uploads\/2020\/04\/Tinychat-logo-1280x284-new-black.png","type":"image\/png"}],"twitter_card":"summary_large_image","twitter_site":"@tinychat","twitter_misc":{"Gesch\u00e4tzte Lesezeit":"5\u00a0Minuten"},"schema":{"@context":"https:\/\/schema.org","@graph":[{"@type":"WebPage","@id":"https:\/\/tinychat.com\/tandoo\/","url":"https:\/\/tinychat.com\/tandoo\/","name":"Tandoo - Interaktiver Live-Videochat - TinyChat.com","isPartOf":{"@id":"https:\/\/tinychat.com\/#website"},"datePublished":"2025-08-18T07:20:25+00:00","dateModified":"2025-08-18T08:06:15+00:00","description":"Gef\u00e4llt Ihnen Tandoo? Schlie\u00dfen Sie sich \u00fcber 50.000.000 Fremden auf TinyChat an! Schalte deine Kamera ein und fange an, neue Leute zu treffen, oder finde einen Partner.","breadcrumb":{"@id":"https:\/\/tinychat.com\/tandoo\/#breadcrumb"},"inLanguage":"de","potentialAction":[{"@type":"ReadAction","target":["https:\/\/tinychat.com\/tandoo\/"]}]},{"@type":"BreadcrumbList","@id":"https:\/\/tinychat.com\/tandoo\/#breadcrumb","itemListElement":[{"@type":"ListItem","position":1,"name":"Home","item":"https:\/\/tinychat.com\/"},{"@type":"ListItem","position":2,"name":"Tandoo"}]},{"@type":"WebSite","@id":"https:\/\/tinychat.com\/#website","url":"https:\/\/tinychat.com\/","name":"TinyChat","description":"Zuf\u00e4lliger Video-Chat mit Fremden","publisher":{"@id":"https:\/\/tinychat.com\/#organization"},"alternateName":"TinyChat.com","potentialAction":[{"@type":"SearchAction","target":{"@type":"EntryPoint","urlTemplate":"https:\/\/tinychat.com\/?s={search_term_string}"},"query-input":{"@type":"PropertyValueSpecification","valueRequired":true,"valueName":"search_term_string"}}],"inLanguage":"de"},{"@type":"Organization","@id":"https:\/\/tinychat.com\/#organization","name":"TinyChat","alternateName":"TinyChat.com","url":"https:\/\/tinychat.com\/","logo":{"@type":"ImageObject","inLanguage":"de","@id":"https:\/\/tinychat.com\/#\/schema\/logo\/image\/","url":"https:\/\/tinychat.com\/wp-content\/uploads\/2023\/11\/Tinychat-icon-square.png","contentUrl":"https:\/\/tinychat.com\/wp-content\/uploads\/2023\/11\/Tinychat-icon-square.png","width":284,"height":284,"caption":"TinyChat"},"image":{"@id":"https:\/\/tinychat.com\/#\/schema\/logo\/image\/"},"sameAs":["https:\/\/www.facebook.com\/tinychat","https:\/\/x.com\/tinychat"]}]}},"_links":{"self":[{"href":"https:\/\/tinychat.com\/de\/wp-json\/wp\/v2\/pages\/10096","targetHints":{"allow":["GET"]}}],"collection":[{"href":"https:\/\/tinychat.com\/de\/wp-json\/wp\/v2\/pages"}],"about":[{"href":"https:\/\/tinychat.com\/de\/wp-json\/wp\/v2\/types\/page"}],"author":[{"embeddable":true,"href":"https:\/\/tinychat.com\/de\/wp-json\/wp\/v2\/users\/6"}],"replies":[{"embeddable":true,"href":"https:\/\/tinychat.com\/de\/wp-json\/wp\/v2\/comments?post=10096"}],"version-history":[{"count":3,"href":"https:\/\/tinychat.com\/de\/wp-json\/wp\/v2\/pages\/10096\/revisions"}],"predecessor-version":[{"id":13457,"href":"https:\/\/tinychat.com\/de\/wp-json\/wp\/v2\/pages\/10096\/revisions\/13457"}],"wp:attachment":[{"href":"https:\/\/tinychat.com\/de\/wp-json\/wp\/v2\/media?parent=10096"}],"curies":[{"name":"wp","href":"https:\/\/api.w.org\/{rel}","templated":true}]}}