{"id":10160,"date":"2025-10-21T11:40:58","date_gmt":"2025-10-21T09:40:58","guid":{"rendered":"https:\/\/tinychat.com\/?page_id=10160"},"modified":"2025-10-21T13:23:07","modified_gmt":"2025-10-21T11:23:07","slug":"chateek","status":"publish","type":"page","link":"https:\/\/tinychat.com\/de\/chateek\/","title":{"rendered":"Chateek"},"content":{"rendered":"<p>In einer Zeit, in der sich soziale Medien oft poliert, repetitiv und unpers\u00f6nlich anf\u00fchlen, bringt Chateek das menschliche Element der Online-Kommunikation zur\u00fcck - spontan, live und real. Es ist eine zuf\u00e4llige Video-Chat-Plattform, die Sie sofort mit Fremden aus der ganzen Welt verbindet. Keine Anmeldungen, keine Bezahlschranken und keine komplizierten Schritte - nur Sie, Ihre Kamera und jedes Mal ein neues Gesicht, wenn Sie auf \u201cStart\u201d klicken.\u201d<\/p>\n<p>Chateek wurde f\u00fcr Menschen entwickelt, die sich gerne authentisch unterhalten, und bietet kostenlose Eins-zu-Eins-Videochats in einer \u00fcbersichtlichen, schnellen und benutzerfreundlichen Oberfl\u00e4che. Egal, ob Sie Freundschaften schlie\u00dfen, Sprachen \u00fcben oder einfach nur neue Leute kennenlernen m\u00f6chten, es bietet eine einfache M\u00f6glichkeit, jederzeit und \u00fcberall eine echte menschliche Verbindung herzustellen.<\/p>\n<p>In diesem ausf\u00fchrlichen Bericht erfahren Sie, was Chateek ist, wie es funktioniert, die wichtigsten Funktionen, die Benutzerfreundlichkeit, Sicherheitsma\u00dfnahmen, Vergleiche mit anderen Anbietern und Tipps, wie Sie Ihre Zeit im Internet optimal nutzen k\u00f6nnen.<\/p>\n<h2>Was ist Chateek?<\/h2>\n<p>Chateek ist eine kostenlose Zufalls-Videochat-Website, die Benutzer weltweit f\u00fcr sofortige Unterhaltungen zusammenbringt. \u00c4hnlich dem Konzept von Omegle, Chatroulette oder Emerald Chat werden Benutzer nach dem Zufallsprinzip f\u00fcr pers\u00f6nliche Videochats oder Textunterhaltungen zusammengebracht, um schnelle, anonyme Interaktionen zu f\u00f6rdern.<\/p>\n<p>Was Chateek einzigartig macht, ist seine Kombination aus Einfachheit, globaler Reichweite und modernem Design. Es funktioniert direkt in Ihrem Browser, ohne dass eine Registrierung oder Downloads erforderlich sind, und enth\u00e4lt Optionen zur Auswahl von L\u00e4ndern, Sprachen oder Geschlechtern - Funktionen, die die Personalisierung verbessern und gleichzeitig die Anonymit\u00e4t wahren.<\/p>\n<p>Es ist der perfekte Mittelweg zwischen v\u00f6llig zuf\u00e4lligen Chats und gefilterten, themenbasierten Interaktionen und bietet sowohl Freiheit als auch Flexibilit\u00e4t.<\/p>\n<h2>Hauptmerkmale von Chateek<\/h2>\n<p>Chateek bietet ein ausgewogenes Verh\u00e4ltnis zwischen Zug\u00e4nglichkeit und Funktionalit\u00e4t und kombiniert moderne Chat-Technologie mit dem spontanen Spa\u00df \u00e4lterer Chat-Plattformen.<\/p>\n<h3>1. Zuf\u00e4lliger Video-Chat<\/h3>\n<ul>\n<li>Verbindet Sie sofort mit Fremden per Webcam.<\/li>\n<li>Hochgeschwindigkeitsabgleich mit fl\u00fcssigem Video und Audio.<\/li>\n<li>Keine Registrierung oder Anmeldung erforderlich.<\/li>\n<\/ul>\n<h3>2. Text-Chat-Option<\/h3>\n<ul>\n<li>Integrierter Nur-Text-Modus f\u00fcr Benutzer, die lieber tippen.<\/li>\n<li>Ideal f\u00fcr Verbindungen mit geringer Bandbreite oder datenschutzbewusste Benutzer.<\/li>\n<\/ul>\n<h3>3. Filter f\u00fcr Geschlecht und Land<\/h3>\n<ul>\n<li>W\u00e4hlen Sie, ob Sie mit M\u00e4nnern, Frauen oder beiden chatten m\u00f6chten.<\/li>\n<li>W\u00e4hlen Sie aus Dutzenden von L\u00e4ndern, um Ihr Erlebnis zu lokalisieren.<\/li>\n<li>Erleichtert die Suche nach Nutzern, die Ihren Pr\u00e4ferenzen entsprechen.<\/li>\n<\/ul>\n<h3>4. Mobile Kompatibilit\u00e4t<\/h3>\n<ul>\n<li>Funktioniert perfekt auf mobilen Browsern.<\/li>\n<li>Responsive Design passt sich automatisch an die Bildschirmgr\u00f6\u00dfe an.<\/li>\n<li>Ideal zum Chatten unterwegs.<\/li>\n<\/ul>\n<h3>5. Sofortiger Zugang, keine Registrierung<\/h3>\n<ul>\n<li>V\u00f6llig anonym - keine Notwendigkeit f\u00fcr Konten oder pers\u00f6nliche Daten.<\/li>\n<li>Gespr\u00e4che verschwinden, wenn Sie die Verbindung trennen.<\/li>\n<\/ul>\n<h3>6. Unterst\u00fctzung mehrerer Sprachen<\/h3>\n<ul>\n<li>Die Schnittstelle ist in mehreren Sprachen verf\u00fcgbar.<\/li>\n<li>Beliebt bei Nutzern aus Europa, Asien und Lateinamerika.<\/li>\n<\/ul>\n<h3>7. Frei zu verwenden<\/h3>\n<ul>\n<li>100% kostenloser Video- und Text-Chat.<\/li>\n<li>Keine versteckten Geb\u00fchren oder kostenpflichtigen Upgrades erforderlich.<\/li>\n<\/ul>\n<h2>So verwenden Sie Chateek<\/h2>\n<p>Chateek konzentriert sich auf Geschwindigkeit und Einfachheit, so dass jeder in Sekundenschnelle mit dem Chatten beginnen kann.<\/p>\n<h3>Schritt 1: Besuchen Sie die Website<\/h3>\n<p>\u00d6ffnen Sie Chateek.com in Ihrem Browser. Es funktioniert auf dem Desktop, Tablet oder Handy ohne jegliche Installation.<\/p>\n<h3>Schritt 2: Aktivieren von Kamera und Mikrofon<\/h3>\n<p>Erlauben Sie der Website den Zugriff auf Ihre Kamera und Ihr Mikrofon, wenn Sie dazu aufgefordert werden.<\/p>\n<h3>Schritt 3: Einstellungen ausw\u00e4hlen (optional)<\/h3>\n<ul>\n<li>W\u00e4hlen Sie ein Land, um mit Menschen aus dieser Region in Kontakt zu treten.<\/li>\n<li>Setzen Sie, wenn Sie m\u00f6chten, geschlechtsspezifische Filter.<\/li>\n<\/ul>\n<h3>Schritt 4: Klicken Sie auf \"Start\".<\/h3>\n<p>Sie werden sofort mit einem anderen Nutzer f\u00fcr einen Live-Videochat zusammengebracht.<\/p>\n<h3>Schritt 5: Chatten, Verbinden oder \u00dcberspringen<\/h3>\n<p>Wenn das Gespr\u00e4ch nicht passt, klicken Sie einfach auf \u201cWeiter\u201d, um weiterzugehen und jemand Neues kennenzulernen.<\/p>\n<p>Das war's - keine Anmeldungen, kein Warten. Sie sprechen innerhalb von Sekunden mit Menschen.<\/p>\n<h2>Benutzererfahrung auf Chateek<\/h2>\n<p>Chateek wurde f\u00fcr seine \u00fcbersichtliche Benutzeroberfl\u00e4che, seine zuverl\u00e4ssige Leistung und seine vielf\u00e4ltigen Chat-Optionen gelobt.<\/p>\n<h3>Was Benutzer m\u00f6gen<\/h3>\n<ul>\n<li>Sofortiger Zugang - keine Konten erforderlich.<\/li>\n<li>Funktioniert gut auf dem Handy und dem Desktop.<\/li>\n<li>M\u00f6glichkeit der Auswahl von L\u00e4nder- und Geschlechtsfiltern.<\/li>\n<li>Reibungslose Videoqualit\u00e4t und schnelle Verbindungszeiten.<\/li>\n<li>Einfaches, intuitives Design mit minimaler Werbung.<\/li>\n<\/ul>\n<h3>Wo die Nutzer Raum f\u00fcr Verbesserungen sehen<\/h3>\n<ul>\n<li>Einige Filter sind gelegentlich w\u00e4hrend der Hauptverkehrszeiten eingeschr\u00e4nkt.<\/li>\n<li>Kleinerer Nutzerstamm in bestimmten Regionen.<\/li>\n<li>Keine Freundesliste oder Wiederverbindungsfunktion.<\/li>\n<li>Gelegentliche Verbindungsabbr\u00fcche bei mobilen Daten.<\/li>\n<\/ul>\n<p>Dennoch sch\u00e4tzen die meisten Benutzer das unkomplizierte Design des Chateek und die Ausgewogenheit zwischen zuf\u00e4lliger Chatfreiheit und anpassbarer Kontrolle.<\/p>\n<h2>Chateek im Vergleich zu anderen Chat-Plattformen<\/h2>\n<p>Hier sehen Sie, wie Chateek im Vergleich zu anderen gro\u00dfen Zufalls-Chat-Seiten abschneidet:<\/p>\n<table>\n<thead>\n<tr>\n<th>Merkmal<\/th>\n<th>Chateek<\/th>\n<th>Omegle<\/th>\n<th>Chatroulette<\/th>\n<th>ChatHub<\/th>\n<th>Emerald Chat<\/th>\n<th>Chatingly<\/th>\n<\/tr>\n<\/thead>\n<tbody>\n<tr>\n<td>Random Video Chat mit Fremden<\/td>\n<td>\u2705 Ja<\/td>\n<td>\u2705 Ja<\/td>\n<td>\u2705 Ja<\/td>\n<td>\u2705 Ja<\/td>\n<td>\u2705 Ja<\/td>\n<td>\u2705 Ja<\/td>\n<\/tr>\n<tr>\n<td>Text-Chat-Option<\/td>\n<td>\u2705 Ja<\/td>\n<td>\u2705 Ja<\/td>\n<td>\u2705 Ja<\/td>\n<td>\u2705 Ja<\/td>\n<td>\u2705 Ja<\/td>\n<td>\u2705 Ja<\/td>\n<\/tr>\n<tr>\n<td>Geschlecht\/Ort-Filter<\/td>\n<td>\u2705 Ja<\/td>\n<td>\u274c Nein<\/td>\n<td>\u2705 Begrenzt<\/td>\n<td>\u2705 Ja<\/td>\n<td>\u2705 Ja<\/td>\n<td>\u274c Nein<\/td>\n<\/tr>\n<tr>\n<td>Registrierung erforderlich<\/td>\n<td>\u274c Nein<\/td>\n<td>\u274c Nein<\/td>\n<td>\u274c Nein<\/td>\n<td>\u2705 Fakultativ<\/td>\n<td>\u2705 Fakultativ<\/td>\n<td>\u274c Nein<\/td>\n<\/tr>\n<tr>\n<td>Mobilfreundlich<\/td>\n<td>\u2705 Ja<\/td>\n<td>\u2705 Ja<\/td>\n<td>\u2705 Ja<\/td>\n<td>\u2705 Ja<\/td>\n<td>\u2705 Ja<\/td>\n<td>\u2705 Ja<\/td>\n<\/tr>\n<tr>\n<td>Frei zu verwenden<\/td>\n<td>\u2705 Immer<\/td>\n<td>\u2705 Immer<\/td>\n<td>\u2705 Immer<\/td>\n<td>\u2705 Ja<\/td>\n<td>\u2705 Ja<\/td>\n<td>\u2705 Ja<\/td>\n<\/tr>\n<\/tbody>\n<\/table>\n<p>Zusammenfassung: Chateek kombiniert die Freiheit von Omegle mit der Filterleistung von ChatHub und gibt den Benutzern mehr Kontrolle, w\u00e4hrend alles anonym und kostenlos bleibt.<\/p>\n<h2>Ist Chateek sicher?<\/h2>\n<p>Wie alle Zufalls-Chat-Plattformen f\u00f6rdert auch Chateek die offene Interaktion - allerdings unter Wahrung der Privatsph\u00e4re. Obwohl die Plattform selbst keine pers\u00f6nlichen Daten sammelt, sollten Nutzer immer vorsichtig sein.<\/p>\n<h3>Eingebaute Sicherheitsmerkmale<\/h3>\n<ul>\n<li>Anonymer Zugang ohne Registrierung.<\/li>\n<li>Gespr\u00e4che werden nicht gespeichert oder aufbewahrt.<\/li>\n<li>Option zum sofortigen \u00dcberspringen oder Trennen der Verbindung.<\/li>\n<li>Instrumente zur Meldung unangemessenen Verhaltens sind verf\u00fcgbar.<\/li>\n<\/ul>\n<h3>Sicherheitstipps f\u00fcr Benutzer<\/h3>\n<ul>\n<li>Geben Sie niemals pers\u00f6nliche Informationen weiter (richtiger Name, Adresse, Kontaktangaben).<\/li>\n<li>Vermeiden Sie es, eine erkennbare Umgebung auf der Kamera zu zeigen.<\/li>\n<li>Trennen Sie sich sofort von unangenehmen Gespr\u00e4chen.<\/li>\n<li>Nutzen Sie die Filter f\u00fcr Geschlecht und Land sinnvoll, um Ihre Erfahrungen zu gestalten.<\/li>\n<li>Minderj\u00e4hrige sollten von ihren Eltern beaufsichtigt werden.<\/li>\n<li>Erw\u00e4gen Sie die Verwendung eines VPN f\u00fcr zus\u00e4tzlichen Datenschutz.<\/li>\n<\/ul>\n<p>Bei verantwortungsvoller Nutzung bietet Chateek eine sichere und anonyme Umgebung f\u00fcr soziale Interaktion.<\/p>\n<h2>Tipps f\u00fcr die optimale Nutzung von Chateek<\/h2>\n<ul>\n<li>Versuchen Sie, sich mit Menschen aus anderen L\u00e4ndern zu unterhalten - das ist eine gute M\u00f6glichkeit, etwas \u00fcber andere Kulturen zu erfahren.<\/li>\n<li>Benutzen Sie Kopfh\u00f6rer f\u00fcr einen besseren Klang und mehr Privatsph\u00e4re.<\/li>\n<li>Eine gute Beleuchtung verbessert die Videoqualit\u00e4t und den ersten Eindruck.<\/li>\n<li>Chatten Sie w\u00e4hrend der Sto\u00dfzeiten (abends\/am Wochenende), um schnellere Treffer zu erzielen.<\/li>\n<li>Seien Sie freundlich und respektvoll - echte Nutzer reagieren am besten auf positive Energie.<\/li>\n<li>Verwenden Sie die \u00dcberspringen-Schaltfl\u00e4che nach Belieben - verschwenden Sie keine Zeit mit schlechten Spielen.<\/li>\n<\/ul>\n<p>Diese Tipps helfen Ihnen dabei, Ihre Chateek-Erfahrung reibungsloser, fesselnder und angenehmer zu gestalten.<\/p>\n<h2>H\u00e4ufige Probleme und Korrekturen<\/h2>\n<h3>Problem: Kamera oder Mikrofon funktionieren nicht<\/h3>\n<ul>\n<li>\u00dcberpr\u00fcfen Sie die Browser-Berechtigungen f\u00fcr Chateek.<\/li>\n<li>Schlie\u00dfen Sie andere Anwendungen mit Ihrer Kamera.<\/li>\n<li>Aktualisieren Sie die Seite oder starten Sie Ihren Browser neu.<\/li>\n<\/ul>\n<h3>Problem: Lange Wartezeiten f\u00fcr Matches<\/h3>\n<ul>\n<li>Versuchen Sie, Filter zu entfernen, um Ihre Reichweite zu erh\u00f6hen.<\/li>\n<li>Nutzen Sie die Plattform w\u00e4hrend der Abendstunden in Ihrer Region.<\/li>\n<\/ul>\n<h3>Problem: Verz\u00f6gerung oder Verbindungsabbr\u00fcche<\/h3>\n<ul>\n<li>Wechseln Sie zu Wi-Fi, wenn Sie mobile Daten verwenden.<\/li>\n<li>Schlie\u00dfen Sie nicht verwendete Registerkarten oder Hintergrundprogramme.<\/li>\n<\/ul>\n<h3>Problem: Begegnung mit unangemessenen Benutzern<\/h3>\n<ul>\n<li>Sofort \u00fcberspringen.<\/li>\n<li>Berichten Sie \u00fcber Ihr Verhalten, wenn entsprechende Hilfsmittel vorhanden sind.<\/li>\n<\/ul>\n<h2>Warum man sich f\u00fcr Chateek entscheidet<\/h2>\n<p>Die Leute lieben Chateek, weil es Zug\u00e4nglichkeit, Kontrolle und Spa\u00df vereint - und das alles ohne Kosten.<\/p>\n<p>Sie w\u00e4hlen es f\u00fcr:<\/p>\n<ul>\n<li>Kostenloser Zugang ohne Anmeldung.<\/li>\n<li>Schnelle, zuverl\u00e4ssige Videoverbindungen.<\/li>\n<li>Optionale Filter f\u00fcr eine bessere Anpassung.<\/li>\n<li>Mobile Kompatibilit\u00e4t f\u00fcr das Chatten an jedem Ort.<\/li>\n<li>Anonyme und sichere Umgebung.<\/li>\n<\/ul>\n<p>Es ist besonders beliebt bei Benutzern, die Plattformen wie Omegle oder Chatroulette mochten, aber eine frischere, sicherere und benutzerfreundlichere Alternative w\u00fcnschen.<\/p>\n<h2>Abschlie\u00dfende \u00dcberlegungen: Lohnt sich der Einsatz des Chateek?<\/h2>\n<p>Wenn Sie auf der Suche nach einer kostenlosen Zufalls-Videochat-Plattform sind, die Anonymit\u00e4t, Einfachheit und modernes Design miteinander verbindet, ist Chateek einen Versuch wert. Es vereint die besten Funktionen \u00e4lterer Chat-Plattformen mit einem neuen Ma\u00df an Zug\u00e4nglichkeit und Kontrolle.<\/p>\n<p>Im Gegensatz zu Apps, die eine Anmeldung erfordern oder grundlegende Funktionen hinter Bezahlschranken verstecken, konzentriert sich Chateek ausschlie\u00dflich auf echte Gespr\u00e4che zwischen echten Menschen. Sie k\u00f6nnen sich anmelden, klicken und sofort jemanden finden, mit dem Sie sich unterhalten k\u00f6nnen - egal, ob es um ein kurzes Hallo oder eine tiefgr\u00fcndige Diskussion \u00fcber das Leben auf der anderen Seite des Globus geht.<\/p>\n<p>Ob Sie wollen oder nicht:<\/p>\n<ul>\n<li>Neue Leute kennenlernen,<\/li>\n<li>Erkunden Sie internationale Gespr\u00e4che,<\/li>\n<li>Oder genie\u00dfen Sie einfach ein freundliches, zuf\u00e4lliges Gespr\u00e4ch...<\/li>\n<\/ul>\n<p>Mit Chateek ist das einfach, sicher und v\u00f6llig kostenlos.<\/p>\n<p>Kurz gesagt: Chateek ist ein moderner, browserbasierter Zufallsvideochatdienst, mit dem Sie sofort mit Fremden auf der ganzen Welt in Kontakt treten k\u00f6nnen - mit kostenlosem Zugang, Filtern und mobiler Kompatibilit\u00e4t in einer einfach zu bedienenden Plattform.<\/p>\n<p>Sind Sie bereit, jemand Neues kennenzulernen? Besuchen Sie Chateek, klicken Sie auf \u201cStart\u201d, und sehen Sie, wohin Ihr n\u00e4chstes Gespr\u00e4ch Sie f\u00fchrt.<\/p>","protected":false},"excerpt":{"rendered":"<p>In a time when social media often feels polished, repetitive, and impersonal, Chateek brings back the human element of online communication \u2014 spontaneous, live, and real. It\u2019s a random video chat platform designed to connect you instantly with strangers from all over the world. No sign-ups, no paywalls, and no complicated steps \u2014 just you, [&hellip;]<\/p>\n","protected":false},"author":6,"featured_media":0,"parent":0,"menu_order":0,"comment_status":"closed","ping_status":"closed","template":"","meta":{"footnotes":""},"class_list":["post-10160","page","type-page","status-publish","hentry"],"yoast_head":"<!-- This site is optimized with the Yoast SEO plugin v27.4 - https:\/\/yoast.com\/product\/yoast-seo-wordpress\/ -->\n<title>Chateek - Online Chat in Real Time - TinyChat.com<\/title>\n<meta name=\"description\" content=\"Enjoying Chateek? Join over 50,000,000 strangers on TinyChat! Turn on your cam and start meeting new people, or find a match.\" \/>\n<meta name=\"robots\" content=\"index, follow, max-snippet:-1, max-image-preview:large, max-video-preview:-1\" \/>\n<link rel=\"canonical\" href=\"https:\/\/tinychat.com\/de\/chateek\/\" \/>\n<meta property=\"og:locale\" content=\"de_DE\" \/>\n<meta property=\"og:type\" content=\"article\" \/>\n<meta property=\"og:title\" content=\"Chateek - Online Chat in Real Time - TinyChat.com\" \/>\n<meta property=\"og:description\" content=\"Enjoying Chateek? Join over 50,000,000 strangers on TinyChat! Turn on your cam and start meeting new people, or find a match.\" \/>\n<meta property=\"og:url\" content=\"https:\/\/tinychat.com\/de\/chateek\/\" \/>\n<meta property=\"og:site_name\" content=\"TinyChat\" \/>\n<meta property=\"article:publisher\" content=\"https:\/\/www.facebook.com\/tinychat\" \/>\n<meta property=\"article:modified_time\" content=\"2025-10-21T11:23:07+00:00\" \/>\n<meta property=\"og:image\" content=\"https:\/\/tinychat.com\/wp-content\/uploads\/2020\/04\/Tinychat-logo-1280x284-new-black.png\" \/>\n\t<meta property=\"og:image:width\" content=\"1280\" \/>\n\t<meta property=\"og:image:height\" content=\"284\" \/>\n\t<meta property=\"og:image:type\" content=\"image\/png\" \/>\n<meta name=\"twitter:card\" content=\"summary_large_image\" \/>\n<meta name=\"twitter:site\" content=\"@tinychat\" \/>\n<meta name=\"twitter:label1\" content=\"Gesch\u00e4tzte Lesezeit\" \/>\n\t<meta name=\"twitter:data1\" content=\"6\u00a0Minuten\" \/>\n<script type=\"application\/ld+json\" class=\"yoast-schema-graph\">{\"@context\":\"https:\\\/\\\/schema.org\",\"@graph\":[{\"@type\":\"WebPage\",\"@id\":\"https:\\\/\\\/tinychat.com\\\/chateek\\\/\",\"url\":\"https:\\\/\\\/tinychat.com\\\/chateek\\\/\",\"name\":\"Chateek - Online Chat in Real Time - TinyChat.com\",\"isPartOf\":{\"@id\":\"https:\\\/\\\/tinychat.com\\\/#website\"},\"datePublished\":\"2025-10-21T09:40:58+00:00\",\"dateModified\":\"2025-10-21T11:23:07+00:00\",\"description\":\"Enjoying Chateek? Join over 50,000,000 strangers on TinyChat! Turn on your cam and start meeting new people, or find a match.\",\"breadcrumb\":{\"@id\":\"https:\\\/\\\/tinychat.com\\\/chateek\\\/#breadcrumb\"},\"inLanguage\":\"de\",\"potentialAction\":[{\"@type\":\"ReadAction\",\"target\":[\"https:\\\/\\\/tinychat.com\\\/chateek\\\/\"]}]},{\"@type\":\"BreadcrumbList\",\"@id\":\"https:\\\/\\\/tinychat.com\\\/chateek\\\/#breadcrumb\",\"itemListElement\":[{\"@type\":\"ListItem\",\"position\":1,\"name\":\"Home\",\"item\":\"https:\\\/\\\/tinychat.com\\\/\"},{\"@type\":\"ListItem\",\"position\":2,\"name\":\"Chateek\"}]},{\"@type\":\"WebSite\",\"@id\":\"https:\\\/\\\/tinychat.com\\\/#website\",\"url\":\"https:\\\/\\\/tinychat.com\\\/\",\"name\":\"TinyChat\",\"description\":\"Random Video Chat with Strangers\",\"publisher\":{\"@id\":\"https:\\\/\\\/tinychat.com\\\/#organization\"},\"alternateName\":\"TinyChat.com\",\"potentialAction\":[{\"@type\":\"SearchAction\",\"target\":{\"@type\":\"EntryPoint\",\"urlTemplate\":\"https:\\\/\\\/tinychat.com\\\/?s={search_term_string}\"},\"query-input\":{\"@type\":\"PropertyValueSpecification\",\"valueRequired\":true,\"valueName\":\"search_term_string\"}}],\"inLanguage\":\"de\"},{\"@type\":\"Organization\",\"@id\":\"https:\\\/\\\/tinychat.com\\\/#organization\",\"name\":\"TinyChat\",\"alternateName\":\"TinyChat.com\",\"url\":\"https:\\\/\\\/tinychat.com\\\/\",\"logo\":{\"@type\":\"ImageObject\",\"inLanguage\":\"de\",\"@id\":\"https:\\\/\\\/tinychat.com\\\/#\\\/schema\\\/logo\\\/image\\\/\",\"url\":\"https:\\\/\\\/tinychat.com\\\/wp-content\\\/uploads\\\/2023\\\/11\\\/Tinychat-icon-square.png\",\"contentUrl\":\"https:\\\/\\\/tinychat.com\\\/wp-content\\\/uploads\\\/2023\\\/11\\\/Tinychat-icon-square.png\",\"width\":284,\"height\":284,\"caption\":\"TinyChat\"},\"image\":{\"@id\":\"https:\\\/\\\/tinychat.com\\\/#\\\/schema\\\/logo\\\/image\\\/\"},\"sameAs\":[\"https:\\\/\\\/www.facebook.com\\\/tinychat\",\"https:\\\/\\\/x.com\\\/tinychat\"]}]}<\/script>\n<!-- \/ Yoast SEO plugin. -->","yoast_head_json":{"title":"Chateek - Online-Chat in Echtzeit - TinyChat.com","description":"Gef\u00e4llt Ihnen Chateek? Schlie\u00dfen Sie sich \u00fcber 50.000.000 Fremden auf TinyChat an! Schalte deine Kamera ein und fange an, neue Leute zu treffen, oder finde einen Partner.","robots":{"index":"index","follow":"follow","max-snippet":"max-snippet:-1","max-image-preview":"max-image-preview:large","max-video-preview":"max-video-preview:-1"},"canonical":"https:\/\/tinychat.com\/de\/chateek\/","og_locale":"de_DE","og_type":"article","og_title":"Chateek - Online Chat in Real Time - TinyChat.com","og_description":"Enjoying Chateek? Join over 50,000,000 strangers on TinyChat! Turn on your cam and start meeting new people, or find a match.","og_url":"https:\/\/tinychat.com\/de\/chateek\/","og_site_name":"TinyChat","article_publisher":"https:\/\/www.facebook.com\/tinychat","article_modified_time":"2025-10-21T11:23:07+00:00","og_image":[{"width":1280,"height":284,"url":"https:\/\/tinychat.com\/wp-content\/uploads\/2020\/04\/Tinychat-logo-1280x284-new-black.png","type":"image\/png"}],"twitter_card":"summary_large_image","twitter_site":"@tinychat","twitter_misc":{"Gesch\u00e4tzte Lesezeit":"6\u00a0Minuten"},"schema":{"@context":"https:\/\/schema.org","@graph":[{"@type":"WebPage","@id":"https:\/\/tinychat.com\/chateek\/","url":"https:\/\/tinychat.com\/chateek\/","name":"Chateek - Online-Chat in Echtzeit - TinyChat.com","isPartOf":{"@id":"https:\/\/tinychat.com\/#website"},"datePublished":"2025-10-21T09:40:58+00:00","dateModified":"2025-10-21T11:23:07+00:00","description":"Gef\u00e4llt Ihnen Chateek? Schlie\u00dfen Sie sich \u00fcber 50.000.000 Fremden auf TinyChat an! Schalte deine Kamera ein und fange an, neue Leute zu treffen, oder finde einen Partner.","breadcrumb":{"@id":"https:\/\/tinychat.com\/chateek\/#breadcrumb"},"inLanguage":"de","potentialAction":[{"@type":"ReadAction","target":["https:\/\/tinychat.com\/chateek\/"]}]},{"@type":"BreadcrumbList","@id":"https:\/\/tinychat.com\/chateek\/#breadcrumb","itemListElement":[{"@type":"ListItem","position":1,"name":"Home","item":"https:\/\/tinychat.com\/"},{"@type":"ListItem","position":2,"name":"Chateek"}]},{"@type":"WebSite","@id":"https:\/\/tinychat.com\/#website","url":"https:\/\/tinychat.com\/","name":"TinyChat","description":"Zuf\u00e4lliger Video-Chat mit Fremden","publisher":{"@id":"https:\/\/tinychat.com\/#organization"},"alternateName":"TinyChat.com","potentialAction":[{"@type":"SearchAction","target":{"@type":"EntryPoint","urlTemplate":"https:\/\/tinychat.com\/?s={search_term_string}"},"query-input":{"@type":"PropertyValueSpecification","valueRequired":true,"valueName":"search_term_string"}}],"inLanguage":"de"},{"@type":"Organization","@id":"https:\/\/tinychat.com\/#organization","name":"TinyChat","alternateName":"TinyChat.com","url":"https:\/\/tinychat.com\/","logo":{"@type":"ImageObject","inLanguage":"de","@id":"https:\/\/tinychat.com\/#\/schema\/logo\/image\/","url":"https:\/\/tinychat.com\/wp-content\/uploads\/2023\/11\/Tinychat-icon-square.png","contentUrl":"https:\/\/tinychat.com\/wp-content\/uploads\/2023\/11\/Tinychat-icon-square.png","width":284,"height":284,"caption":"TinyChat"},"image":{"@id":"https:\/\/tinychat.com\/#\/schema\/logo\/image\/"},"sameAs":["https:\/\/www.facebook.com\/tinychat","https:\/\/x.com\/tinychat"]}]}},"_links":{"self":[{"href":"https:\/\/tinychat.com\/de\/wp-json\/wp\/v2\/pages\/10160","targetHints":{"allow":["GET"]}}],"collection":[{"href":"https:\/\/tinychat.com\/de\/wp-json\/wp\/v2\/pages"}],"about":[{"href":"https:\/\/tinychat.com\/de\/wp-json\/wp\/v2\/types\/page"}],"author":[{"embeddable":true,"href":"https:\/\/tinychat.com\/de\/wp-json\/wp\/v2\/users\/6"}],"replies":[{"embeddable":true,"href":"https:\/\/tinychat.com\/de\/wp-json\/wp\/v2\/comments?post=10160"}],"version-history":[{"count":3,"href":"https:\/\/tinychat.com\/de\/wp-json\/wp\/v2\/pages\/10160\/revisions"}],"predecessor-version":[{"id":13563,"href":"https:\/\/tinychat.com\/de\/wp-json\/wp\/v2\/pages\/10160\/revisions\/13563"}],"wp:attachment":[{"href":"https:\/\/tinychat.com\/de\/wp-json\/wp\/v2\/media?parent=10160"}],"curies":[{"name":"wp","href":"https:\/\/api.w.org\/{rel}","templated":true}]}}