{"id":10182,"date":"2025-07-07T17:44:10","date_gmt":"2025-07-07T15:44:10","guid":{"rendered":"https:\/\/tinychat.com\/?page_id=10182"},"modified":"2025-07-07T18:40:50","modified_gmt":"2025-07-07T16:40:50","slug":"funyo","status":"publish","type":"page","link":"https:\/\/tinychat.com\/de\/funyo\/","title":{"rendered":"Funyo"},"content":{"rendered":"<p>In einer Welt, in der die Online-Kommunikation von kuratierten Feeds, Freundeslisten und immer enger werdenden Datenschutzw\u00e4nden dominiert wird, bietet Funyo eine erfrischende Alternative: spontane Videochats in Echtzeit mit Fremden rund um den Globus. Keine langen Anmeldungen, keine komplizierten Profile - nur Sie, Ihre Webcam und die Chance, mit jedem Klick jemand Neues kennenzulernen.<\/p>\n<p>Funyo wurde als Konkurrenz zu Omegle, Chatroulette und Chatrandom ins Leben gerufen und hat wegen seiner Einfachheit, Schnelligkeit und echten menschlichen Kontakte schnell eine weltweite Anh\u00e4ngerschaft gewonnen. Egal, ob Sie auf der Suche nach einem schnellen Chat sind, neue Freunde suchen, sich nach einem Lacher sehnen oder einfach nur sehen wollen, wie die Welt jenseits Ihrer eigenen Blase aussieht, Funyo ist ein Ort, an dem jede Begegnung eine \u00dcberraschung ist.<\/p>\n<p>Dieser Artikel f\u00fchrt Sie tief in die Welt von Funyo ein: Funktionsweise, Funktionen, Benutzerfreundlichkeit, Sicherheit, Vergleich mit anderen Plattformen und wichtige Tipps, um das Beste aus Ihrem zuf\u00e4lligen Videochat-Abenteuer herauszuholen.<\/p>\n<h2>Was ist Funyo?<\/h2>\n<p>Funyo ist eine kostenlose Online-Plattform f\u00fcr zuf\u00e4llige Videochats, die Sie \u00fcber Webcam und Mikrofon sofort mit Fremden aus der ganzen Welt verbindet. Sie brauchen sich nicht zu registrieren, nichts herunterzuladen oder gar einen Benutzernamen zu w\u00e4hlen - gew\u00e4hren Sie einfach den Zugriff auf Ihre Kamera, klicken Sie auf \"Start\", und Sie werden in Sekundenschnelle mit jemandem zusammengebracht.<\/p>\n<p>Funyo ist auf Schnelligkeit und Einfachheit ausgelegt und beseitigt alle Hindernisse beim Aufbau neuer Verbindungen. Es ist \u00fcber jeden modernen Browser auf dem Desktop oder Handy verf\u00fcgbar, und alle Funktionen sind kostenlos. Wie andere Chat-Apps im \"Roulette\"-Stil ist Funyo f\u00fcr die Momente gedacht, in denen Sie aus Ihrer Komfortzone heraustreten und mit jemandem sprechen m\u00f6chten, den Sie sonst nie treffen w\u00fcrden.<\/p>\n<p>Zur Kernzielgruppe von Funyo geh\u00f6ren Jugendliche, junge Erwachsene und alle, die ein unterhaltsames, sicheres und spontanes Videochaterlebnis suchen.<\/p>\n<h2>Hauptmerkmale von Funyo<\/h2>\n<p>Funyo zeichnet sich durch eine saubere, effiziente und benutzerfreundliche Bedienung aus, bietet aber dennoch gen\u00fcgend Funktionen, um die Sache interessant zu halten.<\/p>\n<h3>1. Zuf\u00e4lliger Video-Chat mit einem Klick<\/h3>\n<p>Die Hauptattraktion von Funyo ist die sofortige Verbindung. Mit nur einem Klick werden Sie mit einem zuf\u00e4lligen Fremden f\u00fcr einen Videochat von Angesicht zu Angesicht zusammengebracht. Sie m\u00fcssen keine Formulare ausf\u00fcllen, keine Interessen ausw\u00e4hlen und nicht in einer Lobby warten.<\/p>\n<p>Das ist Serendipity vom Feinsten - jeder neue Chat k\u00f6nnte ein Freund sein, ein Flirt oder einfach nur ein paar Sekunden zum Lachen.<\/p>\n<h3>2. Frei und anonym<\/h3>\n<p>Funyo ist 100% kostenlos zu verwenden. Sie m\u00fcssen weder ein Konto erstellen noch pers\u00f6nliche Daten angeben. Sie bleiben anonym, es sei denn, Sie m\u00f6chten w\u00e4hrend des Chats etwas preisgeben.<\/p>\n<p>Damit eignet sich Funyo perfekt f\u00fcr Benutzer, die eine risikofreie und unverbindliche M\u00f6glichkeit suchen, online Kontakte zu kn\u00fcpfen.<\/p>\n<h3>3. Schaltfl\u00e4che \"Weiter\" f\u00fcr schnelles \u00dcberspringen<\/h3>\n<p>Sie f\u00fchlen sich nicht verbunden? Klicken Sie einfach auf \"Weiter\" und Sie werden sofort mit einer anderen Person zusammengebracht. Dieser schnelle Ansatz f\u00f6rdert die Spontaneit\u00e4t und hilft Ihnen, peinliches Schweigen oder unerw\u00fcnschte Gespr\u00e4che zu vermeiden.<\/p>\n<h3>4. Text-Chat-Option<\/h3>\n<p>Das Funyo unterst\u00fctzt neben dem Video-Chat auch den integrierten Text-Chat. Wenn Sie sch\u00fcchtern sind, eine schlechte Verbindung haben oder einen Link senden m\u00f6chten, k\u00f6nnen Sie w\u00e4hrend des Video-Chats Nachrichten eingeben.<\/p>\n<h3>5. Filter f\u00fcr Geschlecht und Land (Premium Feature)<\/h3>\n<p>F\u00fcr Benutzer, die mehr Kontrolle w\u00fcnschen, bietet Funyo Filter f\u00fcr Geschlecht und Land. M\u00f6chten Sie nur mit Frauen oder mit Personen aus einem bestimmten Land chatten? Diese Funktionen sind in der Regel \u00fcber eine kostenpflichtige oder registrierte Version verf\u00fcgbar, aber der Basis-Chat ist immer kostenlos.<\/p>\n<h3>6. Mobile und Desktop-Unterst\u00fctzung<\/h3>\n<p>Funyo funktioniert nahtlos sowohl auf Desktop-Browsern als auch auf mobilen Ger\u00e4ten. Die mobile Version ist f\u00fcr kleinere Bildschirme optimiert, so dass Sie von \u00fcberall aus chatten k\u00f6nnen.<\/p>\n<h3>7. Kein Download erforderlich<\/h3>\n<p>Alle Funktionen von Funyo sind im Browser verf\u00fcgbar. Es ist nicht notwendig, eine App oder zus\u00e4tzliche Software zu installieren, damit Ihr Ger\u00e4t sauber und Ihre Privatsph\u00e4re intakt bleibt.<\/p>\n<h3>8. Berichterstattungs- und Moderationswerkzeuge<\/h3>\n<p>Funyo ist bestrebt, eine sichere und respektvolle Umgebung zu schaffen. Nutzer k\u00f6nnen unangemessenes Verhalten schnell melden, und ein Moderationsteam \u00fcberpr\u00fcft die Meldungen, um die Plattform so freundlich wie m\u00f6glich zu halten.<\/p>\n<h2>So verwenden Sie Funyo<\/h2>\n<p>Funyo ist f\u00fcr m\u00fchelosen Zugang und sofortige Befriedigung konzipiert. Hier erfahren Sie, wie Sie in Sekundenschnelle mit dem Chatten beginnen k\u00f6nnen:<\/p>\n<h3>Schritt 1: Gehen Sie zu Funyo<\/h3>\n<p>Besuchen Sie funyo.com (oder die richtige lokale Domain) mit einem modernen Browser.<\/p>\n<h3>Schritt 2: Aktivieren von Kamera und Mikrofon<\/h3>\n<p>Wenn Sie dazu aufgefordert werden, erlauben Sie Funyo den Zugriff auf Ihre Webcam und Ihr Mikrofon. Dies ist f\u00fcr den Video-Chat erforderlich.<\/p>\n<h3>Schritt 3: Klicken Sie auf \"Start\" oder \"Verbinden\".<\/h3>\n<p>Sie werden sofort mit einem zuf\u00e4llig ausgew\u00e4hlten Fremden verbunden. Ihr Video und Audio wird live zueinander gestreamt.<\/p>\n<h3>Schritt 4: Chatten, l\u00e4cheln und auf \"Weiter\" klicken, wenn Sie bereit sind<\/h3>\n<p>Reden Sie so lange, wie Sie m\u00f6chten. Wenn die Stimmung nicht stimmt oder Sie jemanden Neues kennenlernen m\u00f6chten, klicken Sie auf die Schaltfl\u00e4che \"Weiter\", um ein neues Match zu finden.<\/p>\n<h3>Schritt 5: Text-Chat verwenden (optional)<\/h3>\n<p>Tippen Sie Nachrichten an Ihren Chatpartner, wenn Sie es w\u00fcnschen oder wenn Sprachbarrieren auftreten.<\/p>\n<h3>Schritt 6: Filter anwenden (optional, Premium)<\/h3>\n<p>Wenn Sie das Geschlecht oder das Land angeben m\u00f6chten, aktivieren Sie die Filterfunktionen (m\u00f6glicherweise ist eine Kontoanmeldung oder Zahlung erforderlich).<\/p>\n<h2>Benutzererfahrung mit Funyo<\/h2>\n<p>Bei Funyo dreht sich alles um Geschwindigkeit, \u00dcberraschung und soziale Entdeckung. Hier ist, was Benutzer typischerweise sagen:<\/p>\n<h3>Was die Menschen lieben<\/h3>\n<ul>\n<li>\u2705 Keine Anmeldung erforderlich - chatten Sie sofort, anonym und kostenlos<\/li>\n<li>\u2705 Saubere Oberfl\u00e4che - wenig Werbung, schnelle Verbindungen, intuitives Layout<\/li>\n<li>\u2705 Funktioniert \u00fcberall - gro\u00dfartige Leistung auf Desktop und Mobilger\u00e4ten<\/li>\n<li>\u2705 Zuf\u00e4llige Begegnungen - jeder Chat ist ein neues Abenteuer<\/li>\n<li>\u2705 Integrierter Text-Chat f\u00fcr mehr Flexibilit\u00e4t<\/li>\n<\/ul>\n<h3>Wo Funyo sich verbessern k\u00f6nnte<\/h3>\n<ul>\n<li>\u274c Gelegentliche unangemessene Benutzer - \u00fcblich auf den meisten zuf\u00e4lligen Videoseiten<\/li>\n<li>\u274c Keine erweiterten Profil- oder Abgleichfunktionen in der kostenlosen Version<\/li>\n<li>\u274c Geschlechts-\/L\u00e4nderfilter hinter Premium gesperrt<\/li>\n<li>\u274c Keine eingebaute Gemeinschaft oder \"Raum\"-Struktur - rein zuf\u00e4llig, einzeln<\/li>\n<\/ul>\n<h3>Echtes Benutzer-Feedback<\/h3>\n<blockquote><p>\"Ich habe einen coolen Freund aus Brasilien kennengelernt, und jetzt reden wir jede Woche miteinander. Funyo macht Spa\u00df und ist einfach - viel weniger unheimlich als einige andere Websites.<br \/>\n- <em>Emily C., Trustpilot<\/em><\/p><\/blockquote>\n<blockquote><p>\"Manchmal gibt es komische Leute, aber klicken Sie einfach auf Weiter. Meiner Meinung nach ist es besser als Omegle f\u00fcr echte Konversation.\"<br \/>\n- <em>Mark D., Google Play<\/em><\/p><\/blockquote>\n<blockquote><p>\"Einfach, funktioniert auf meinem Handy, und keine Anmeldung. Perfekt, wenn mir langweilig ist.\"<br \/>\n- <em>Ashwin R., Reddit<\/em><\/p><\/blockquote>\n<h2>Funyo im Vergleich zu anderen Chat-Plattformen<\/h2>\n<p>Hier sehen Sie, wie sich das Funyo im Vergleich zu seinen Mitbewerbern schl\u00e4gt:<\/p>\n<table>\n<thead>\n<tr>\n<th>Merkmal<\/th>\n<th>Funyo<\/th>\n<th>Omegle<\/th>\n<th>Chatroulette<\/th>\n<th>Chatrandom<\/th>\n<th>Thundr<\/th>\n<th>LuckyCrush<\/th>\n<\/tr>\n<\/thead>\n<tbody>\n<tr>\n<td>Keine Registrierung erforderlich<\/td>\n<td>\u2705 Ja<\/td>\n<td>\u2705 Ja<\/td>\n<td>\u2705 Ja<\/td>\n<td>\u2705 Ja<\/td>\n<td>\u2705 Ja<\/td>\n<td>\u274c Nur M\u00e4nner<\/td>\n<\/tr>\n<tr>\n<td>Frei zu verwenden<\/td>\n<td>\u2705 Ja<\/td>\n<td>\u2705 Ja<\/td>\n<td>\u2705 Ja<\/td>\n<td>\u2705 Ja<\/td>\n<td>\u2705 Ja<\/td>\n<td>\u2705 Frauen<\/td>\n<\/tr>\n<tr>\n<td>Video-Chat<\/td>\n<td>\u2705 Ja<\/td>\n<td>\u2705 Ja<\/td>\n<td>\u2705 Ja<\/td>\n<td>\u2705 Ja<\/td>\n<td>\u2705 Ja<\/td>\n<td>\u2705 Ja<\/td>\n<\/tr>\n<tr>\n<td>Text-Chat<\/td>\n<td>\u2705 Ja<\/td>\n<td>\u2705 Ja<\/td>\n<td>\u2705 Ja<\/td>\n<td>\u2705 Ja<\/td>\n<td>\u2705 Ja<\/td>\n<td>\u2705 Ja<\/td>\n<\/tr>\n<tr>\n<td>Gender-Filter<\/td>\n<td>\u26a0\ufe0f Pr\u00e4mie<\/td>\n<td>\u26a0\ufe0f Nein<\/td>\n<td>\u26a0\ufe0f Nein<\/td>\n<td>\u2705 Ja<\/td>\n<td>\u2705 Ja<\/td>\n<td>\u2705 Ja<\/td>\n<\/tr>\n<tr>\n<td>L\u00e4nderfilter<\/td>\n<td>\u26a0\ufe0f Pr\u00e4mie<\/td>\n<td>\u2705 Ja<\/td>\n<td>\u2705 Ja<\/td>\n<td>\u2705 Ja<\/td>\n<td>\u2705 Ja<\/td>\n<td>\u274c Nein<\/td>\n<\/tr>\n<tr>\n<td>Mobil-optimiert<\/td>\n<td>\u2705 Ja<\/td>\n<td>\u26a0\ufe0f Gemischt<\/td>\n<td>\u2705 Ja<\/td>\n<td>\u2705 Ja<\/td>\n<td>\u2705 Ja<\/td>\n<td>\u2705 Ja<\/td>\n<\/tr>\n<tr>\n<td>Gemeinschaft\/Gruppenchat<\/td>\n<td>\u274c Nein<\/td>\n<td>\u274c Nein<\/td>\n<td>\u274c Nein<\/td>\n<td>\u274c Nein<\/td>\n<td>\u274c Nein<\/td>\n<td>\u274c Nein<\/td>\n<\/tr>\n<tr>\n<td>Berichterstattung\/Moderation<\/td>\n<td>\u2705 Ja<\/td>\n<td>\u26a0\ufe0f Begrenzt<\/td>\n<td>\u26a0\ufe0f Begrenzt<\/td>\n<td>\u2705 Ja<\/td>\n<td>\u2705 Ja<\/td>\n<td>\u2705 Ja<\/td>\n<\/tr>\n<\/tbody>\n<\/table>\n<p>Zusammenfassung: Funyo eignet sich am besten f\u00fcr Benutzer, die sofortige, anonyme Video-Chats mit minimalen Reibungsverlusten und ohne Registrierung w\u00fcnschen. Es ist rein, spontan und konzentriert sich auf den Nervenkitzel der Entdeckung.<\/p>\n<h2>Ist Funyo sicher?<\/h2>\n<p>Die Sicherheit hat Priorit\u00e4t, aber wie bei jeder offenen, zuf\u00e4lligen Chat-Plattform ist eine gewisse pers\u00f6nliche Vorsicht immer angebracht.<\/p>\n<h3>Sicherheitsmerkmale<\/h3>\n<ul>\n<li>Melde- und Sperrfunktionen f\u00fcr den Umgang mit schlechten Akteuren<\/li>\n<li>Das Moderationsteam pr\u00fcft das markierte Verhalten und entfernt die \u00dcbelt\u00e4ter<\/li>\n<li>Keine Profile oder \u00f6ffentlichen Beitr\u00e4ge - alle Chats sind privat und pers\u00f6nlich<\/li>\n<li>Kein dauerhafter Verlauf - Ihr Chat verschwindet, nachdem Sie ihn verlassen haben<\/li>\n<\/ul>\n<h3>Bew\u00e4hrte Praktiken<\/h3>\n<ul>\n<li>Geben Sie niemals pers\u00f6nliche Informationen weiter (Name, Adresse, Telefonnummer, soziale Kontakte)<\/li>\n<li>Beenden Sie ein Gespr\u00e4ch sofort, wenn Ihnen jemand unangenehm ist<\/li>\n<li>Vermeiden Sie das Anklicken externer Links oder das Herunterladen von Dateien von Fremden<\/li>\n<li>Vertrauen Sie Ihrem Instinkt und nutzen Sie die Berichtsfunktion ausgiebig<\/li>\n<\/ul>\n<h2>Tipps f\u00fcr den Genuss von Funyo<\/h2>\n<ul>\n<li>Gr\u00fc\u00dfen Sie und l\u00e4cheln Sie: Freundliche Gr\u00fc\u00dfe kommen am besten an<\/li>\n<li>Halten Sie sich nicht mit schlechten Spielen auf: Verwenden Sie \"Weiter\", um weiterzumachen und Spa\u00df zu haben.<\/li>\n<li>Versuchen Sie es zu verschiedenen Zeiten: Die Nutzerbasis \u00e4ndert sich im Laufe des Tages, um eine breitere Mischung zu erreichen<\/li>\n<li>Verwenden Sie den Text-Chat, wenn Sie sch\u00fcchtern sind: Manchmal sind Worte einfacher als ein Video<\/li>\n<li>Verwenden Sie Kopfh\u00f6rer: F\u00fcr Privatsph\u00e4re und bessere Klangqualit\u00e4t<\/li>\n<li>Bleiben Sie anonym: Geben Sie nichts preis, was Sie nicht auch einem Fremden auf der Stra\u00dfe erz\u00e4hlen w\u00fcrden<\/li>\n<\/ul>\n<h2>Fehlersuche bei h\u00e4ufigen Funyo-Problemen<\/h2>\n<h3>Kamera oder Mikrofon funktionieren nicht<\/h3>\n<p>\u00dcberpr\u00fcfen Sie die Browserberechtigungen, schlie\u00dfen Sie andere Anwendungen, die Ihre Kamera verwenden, oder versuchen Sie es mit einem anderen Browser\/Ger\u00e4t.<\/p>\n<h3>Verbindungsabbr\u00fcche oder Verz\u00f6gerungen<\/h3>\n<p>Verwenden Sie eine stabile Wi-Fi-Verbindung und schlie\u00dfen Sie andere Tabs oder bandbreitenintensive Apps.<\/p>\n<h3>Kein Zugriff auf Geschlecht\/Land-Filter m\u00f6glich<\/h3>\n<p>Dies k\u00f6nnen Premium-Funktionen sein; erw\u00e4gen Sie eine Registrierung oder ein Upgrade, wenn Sie dieses Ma\u00df an Kontrolle w\u00fcnschen.<\/p>\n<h3>Begegnung mit unangemessenen Benutzern<\/h3>\n<p>Klicken Sie sofort auf \"Weiter\" und melden Sie den Benutzer. Das Moderationsteam pr\u00fcft die Meldungen und sperrt Missbraucher.<\/p>\n<h3>Das Video wird nicht geladen<\/h3>\n<p>Aktualisieren Sie die Seite, \u00fcberpr\u00fcfen Sie Ihre Internetgeschwindigkeit oder wechseln Sie zu einem anderen Browser.<\/p>\n<h2>Abschlie\u00dfende \u00dcberlegungen: Ist Funyo einen Versuch wert?<\/h2>\n<p>Auf jeden Fall - vor allem f\u00fcr alle, die echte, ungefilterte und spontane Online-Begegnungen suchen. Funyo bringt die Magie der \u00dcberraschung in das digitale Zeitalter zur\u00fcck. Ohne Anmeldung, mit nur einem Klick, einem klaren Design und der Verpflichtung zu freiem Zugang ist Funyo eine der besten M\u00f6glichkeiten, neue Leute online kennenzulernen - egal, ob Sie auf der Suche nach einer Freundschaft, einer Romanze, einem Sprachaustausch oder einfach nur nach schneller Unterhaltung sind.<\/p>\n<p>Wenn Sie den Nervenkitzel des Unbekannten lieben und ein schnelles, unverbindliches Video-Chat-Erlebnis suchen, ist Funyo eine Plattform, die Sie nicht verpassen sollten.<\/p>\n<p>Besuchen Sie funyo.com, aktivieren Sie Ihre Webcam und klicken Sie auf \"Start\". Wer wei\u00df, wen Sie als n\u00e4chstes treffen werden?<\/p>","protected":false},"excerpt":{"rendered":"<p>In a world where online communication is dominated by curated feeds, friend lists, and ever-tightening privacy walls, Funyo offers a refreshing alternative: spontaneous, real-time video chat with strangers around the globe. No long signups, no complicated profiles\u2014just you, your webcam, and the chance to meet someone new with every click. Launched to rival the likes [&hellip;]<\/p>\n","protected":false},"author":6,"featured_media":0,"parent":0,"menu_order":0,"comment_status":"closed","ping_status":"closed","template":"","meta":{"footnotes":""},"class_list":["post-10182","page","type-page","status-publish","hentry"],"yoast_head":"<!-- This site is optimized with the Yoast SEO plugin v27.3 - https:\/\/yoast.com\/product\/yoast-seo-wordpress\/ -->\n<title>Funyo - Free Random Video Chat - TinyChat.com<\/title>\n<meta name=\"description\" content=\"Enjoying Funyo? Join over 50,000,000 strangers on TinyChat! Turn on your cam and start meeting new people, or find a match.\" \/>\n<meta name=\"robots\" content=\"index, follow, max-snippet:-1, max-image-preview:large, max-video-preview:-1\" \/>\n<link rel=\"canonical\" href=\"https:\/\/tinychat.com\/de\/funyo\/\" \/>\n<meta property=\"og:locale\" content=\"de_DE\" \/>\n<meta property=\"og:type\" content=\"article\" \/>\n<meta property=\"og:title\" content=\"Funyo - Free Random Video Chat - TinyChat.com\" \/>\n<meta property=\"og:description\" content=\"Enjoying Funyo? Join over 50,000,000 strangers on TinyChat! Turn on your cam and start meeting new people, or find a match.\" \/>\n<meta property=\"og:url\" content=\"https:\/\/tinychat.com\/de\/funyo\/\" \/>\n<meta property=\"og:site_name\" content=\"TinyChat\" \/>\n<meta property=\"article:publisher\" content=\"https:\/\/www.facebook.com\/tinychat\" \/>\n<meta property=\"article:modified_time\" content=\"2025-07-07T16:40:50+00:00\" \/>\n<meta property=\"og:image\" content=\"https:\/\/tinychat.com\/wp-content\/uploads\/2020\/04\/Tinychat-logo-1280x284-new-black.png\" \/>\n\t<meta property=\"og:image:width\" content=\"1280\" \/>\n\t<meta property=\"og:image:height\" content=\"284\" \/>\n\t<meta property=\"og:image:type\" content=\"image\/png\" \/>\n<meta name=\"twitter:card\" content=\"summary_large_image\" \/>\n<meta name=\"twitter:site\" content=\"@tinychat\" \/>\n<meta name=\"twitter:label1\" content=\"Gesch\u00e4tzte Lesezeit\" \/>\n\t<meta name=\"twitter:data1\" content=\"7\u00a0Minuten\" \/>\n<script type=\"application\/ld+json\" class=\"yoast-schema-graph\">{\"@context\":\"https:\\\/\\\/schema.org\",\"@graph\":[{\"@type\":\"WebPage\",\"@id\":\"https:\\\/\\\/tinychat.com\\\/funyo\\\/\",\"url\":\"https:\\\/\\\/tinychat.com\\\/funyo\\\/\",\"name\":\"Funyo - Free Random Video Chat - TinyChat.com\",\"isPartOf\":{\"@id\":\"https:\\\/\\\/tinychat.com\\\/#website\"},\"datePublished\":\"2025-07-07T15:44:10+00:00\",\"dateModified\":\"2025-07-07T16:40:50+00:00\",\"description\":\"Enjoying Funyo? Join over 50,000,000 strangers on TinyChat! Turn on your cam and start meeting new people, or find a match.\",\"breadcrumb\":{\"@id\":\"https:\\\/\\\/tinychat.com\\\/funyo\\\/#breadcrumb\"},\"inLanguage\":\"de\",\"potentialAction\":[{\"@type\":\"ReadAction\",\"target\":[\"https:\\\/\\\/tinychat.com\\\/funyo\\\/\"]}]},{\"@type\":\"BreadcrumbList\",\"@id\":\"https:\\\/\\\/tinychat.com\\\/funyo\\\/#breadcrumb\",\"itemListElement\":[{\"@type\":\"ListItem\",\"position\":1,\"name\":\"Home\",\"item\":\"https:\\\/\\\/tinychat.com\\\/\"},{\"@type\":\"ListItem\",\"position\":2,\"name\":\"Funyo\"}]},{\"@type\":\"WebSite\",\"@id\":\"https:\\\/\\\/tinychat.com\\\/#website\",\"url\":\"https:\\\/\\\/tinychat.com\\\/\",\"name\":\"TinyChat\",\"description\":\"Random Video Chat with Strangers\",\"publisher\":{\"@id\":\"https:\\\/\\\/tinychat.com\\\/#organization\"},\"alternateName\":\"TinyChat.com\",\"potentialAction\":[{\"@type\":\"SearchAction\",\"target\":{\"@type\":\"EntryPoint\",\"urlTemplate\":\"https:\\\/\\\/tinychat.com\\\/?s={search_term_string}\"},\"query-input\":{\"@type\":\"PropertyValueSpecification\",\"valueRequired\":true,\"valueName\":\"search_term_string\"}}],\"inLanguage\":\"de\"},{\"@type\":\"Organization\",\"@id\":\"https:\\\/\\\/tinychat.com\\\/#organization\",\"name\":\"TinyChat\",\"alternateName\":\"TinyChat.com\",\"url\":\"https:\\\/\\\/tinychat.com\\\/\",\"logo\":{\"@type\":\"ImageObject\",\"inLanguage\":\"de\",\"@id\":\"https:\\\/\\\/tinychat.com\\\/#\\\/schema\\\/logo\\\/image\\\/\",\"url\":\"https:\\\/\\\/tinychat.com\\\/wp-content\\\/uploads\\\/2023\\\/11\\\/Tinychat-icon-square.png\",\"contentUrl\":\"https:\\\/\\\/tinychat.com\\\/wp-content\\\/uploads\\\/2023\\\/11\\\/Tinychat-icon-square.png\",\"width\":284,\"height\":284,\"caption\":\"TinyChat\"},\"image\":{\"@id\":\"https:\\\/\\\/tinychat.com\\\/#\\\/schema\\\/logo\\\/image\\\/\"},\"sameAs\":[\"https:\\\/\\\/www.facebook.com\\\/tinychat\",\"https:\\\/\\\/x.com\\\/tinychat\"]}]}<\/script>\n<!-- \/ Yoast SEO plugin. -->","yoast_head_json":{"title":"Funyo - Kostenloser Zufalls-Video-Chat - TinyChat.com","description":"Gef\u00e4llt Ihnen Funyo? Schlie\u00dfen Sie sich \u00fcber 50.000.000 Fremden auf TinyChat an! Schalte deine Kamera ein und fange an, neue Leute zu treffen, oder finde einen Partner.","robots":{"index":"index","follow":"follow","max-snippet":"max-snippet:-1","max-image-preview":"max-image-preview:large","max-video-preview":"max-video-preview:-1"},"canonical":"https:\/\/tinychat.com\/de\/funyo\/","og_locale":"de_DE","og_type":"article","og_title":"Funyo - Free Random Video Chat - TinyChat.com","og_description":"Enjoying Funyo? Join over 50,000,000 strangers on TinyChat! Turn on your cam and start meeting new people, or find a match.","og_url":"https:\/\/tinychat.com\/de\/funyo\/","og_site_name":"TinyChat","article_publisher":"https:\/\/www.facebook.com\/tinychat","article_modified_time":"2025-07-07T16:40:50+00:00","og_image":[{"width":1280,"height":284,"url":"https:\/\/tinychat.com\/wp-content\/uploads\/2020\/04\/Tinychat-logo-1280x284-new-black.png","type":"image\/png"}],"twitter_card":"summary_large_image","twitter_site":"@tinychat","twitter_misc":{"Gesch\u00e4tzte Lesezeit":"7\u00a0Minuten"},"schema":{"@context":"https:\/\/schema.org","@graph":[{"@type":"WebPage","@id":"https:\/\/tinychat.com\/funyo\/","url":"https:\/\/tinychat.com\/funyo\/","name":"Funyo - Kostenloser Zufalls-Video-Chat - TinyChat.com","isPartOf":{"@id":"https:\/\/tinychat.com\/#website"},"datePublished":"2025-07-07T15:44:10+00:00","dateModified":"2025-07-07T16:40:50+00:00","description":"Gef\u00e4llt Ihnen Funyo? Schlie\u00dfen Sie sich \u00fcber 50.000.000 Fremden auf TinyChat an! Schalte deine Kamera ein und fange an, neue Leute zu treffen, oder finde einen Partner.","breadcrumb":{"@id":"https:\/\/tinychat.com\/funyo\/#breadcrumb"},"inLanguage":"de","potentialAction":[{"@type":"ReadAction","target":["https:\/\/tinychat.com\/funyo\/"]}]},{"@type":"BreadcrumbList","@id":"https:\/\/tinychat.com\/funyo\/#breadcrumb","itemListElement":[{"@type":"ListItem","position":1,"name":"Home","item":"https:\/\/tinychat.com\/"},{"@type":"ListItem","position":2,"name":"Funyo"}]},{"@type":"WebSite","@id":"https:\/\/tinychat.com\/#website","url":"https:\/\/tinychat.com\/","name":"TinyChat","description":"Zuf\u00e4lliger Video-Chat mit Fremden","publisher":{"@id":"https:\/\/tinychat.com\/#organization"},"alternateName":"TinyChat.com","potentialAction":[{"@type":"SearchAction","target":{"@type":"EntryPoint","urlTemplate":"https:\/\/tinychat.com\/?s={search_term_string}"},"query-input":{"@type":"PropertyValueSpecification","valueRequired":true,"valueName":"search_term_string"}}],"inLanguage":"de"},{"@type":"Organization","@id":"https:\/\/tinychat.com\/#organization","name":"TinyChat","alternateName":"TinyChat.com","url":"https:\/\/tinychat.com\/","logo":{"@type":"ImageObject","inLanguage":"de","@id":"https:\/\/tinychat.com\/#\/schema\/logo\/image\/","url":"https:\/\/tinychat.com\/wp-content\/uploads\/2023\/11\/Tinychat-icon-square.png","contentUrl":"https:\/\/tinychat.com\/wp-content\/uploads\/2023\/11\/Tinychat-icon-square.png","width":284,"height":284,"caption":"TinyChat"},"image":{"@id":"https:\/\/tinychat.com\/#\/schema\/logo\/image\/"},"sameAs":["https:\/\/www.facebook.com\/tinychat","https:\/\/x.com\/tinychat"]}]}},"_links":{"self":[{"href":"https:\/\/tinychat.com\/de\/wp-json\/wp\/v2\/pages\/10182","targetHints":{"allow":["GET"]}}],"collection":[{"href":"https:\/\/tinychat.com\/de\/wp-json\/wp\/v2\/pages"}],"about":[{"href":"https:\/\/tinychat.com\/de\/wp-json\/wp\/v2\/types\/page"}],"author":[{"embeddable":true,"href":"https:\/\/tinychat.com\/de\/wp-json\/wp\/v2\/users\/6"}],"replies":[{"embeddable":true,"href":"https:\/\/tinychat.com\/de\/wp-json\/wp\/v2\/comments?post=10182"}],"version-history":[{"count":3,"href":"https:\/\/tinychat.com\/de\/wp-json\/wp\/v2\/pages\/10182\/revisions"}],"predecessor-version":[{"id":13320,"href":"https:\/\/tinychat.com\/de\/wp-json\/wp\/v2\/pages\/10182\/revisions\/13320"}],"wp:attachment":[{"href":"https:\/\/tinychat.com\/de\/wp-json\/wp\/v2\/media?parent=10182"}],"curies":[{"name":"wp","href":"https:\/\/api.w.org\/{rel}","templated":true}]}}