{"id":10206,"date":"2025-05-30T14:48:39","date_gmt":"2025-05-30T12:48:39","guid":{"rendered":"https:\/\/tinychat.com\/?page_id=10206"},"modified":"2025-07-07T18:31:23","modified_gmt":"2025-07-07T16:31:23","slug":"joingy","status":"publish","type":"page","link":"https:\/\/tinychat.com\/de\/joingy\/","title":{"rendered":"Joingy"},"content":{"rendered":"<p>Joingy hat sich eine Nische geschaffen, indem es eine Plattform anbietet, bei der Geschwindigkeit, Einfachheit und Anonymit\u00e4t im Vordergrund stehen. Wenn Sie sofort mit einem zuf\u00e4lligen Gespr\u00e4chspartner ins Gespr\u00e4ch kommen wollen <a href=\"https:\/\/tinychat.com\/de\/strangercam\/\">Fremde<\/a> - keine Profile, keine Downloads, keine Komplikationen - das Joingy k\u00f6nnte das <a href=\"https:\/\/tinychat.com\/de\/chatroulette\/\">Chat<\/a> Website, nach der Sie suchen.<\/p>\n<p>Haupts\u00e4chlich auf zuf\u00e4llige Videos und Texte konzentriert <a href=\"https:\/\/tinychat.com\/de\/chatroulette\/\">Chat<\/a>Joingy bietet eine saubere, effiziente Erfahrung f\u00fcr Benutzer, die in Echtzeit mit Menschen auf der ganzen Welt interagieren m\u00f6chten. Egal, ob Sie zum Spa\u00df dabei sind, neue Leute kennenlernen oder einfach nur die Zeit totschlagen wollen, Joingy ist mit seiner schnellen Partnersuche und seiner schn\u00f6rkellosen Benutzeroberfl\u00e4che die ideale Plattform f\u00fcr spontane Unterhaltungen.<\/p>\n<p>In diesem umfassenden Leitfaden erfahren Sie, was das Joingy ist, was es auszeichnet, wie es im Vergleich zur Konkurrenz abschneidet, welche Sicherheitsaspekte zu beachten sind und wie Sie das Beste aus diesem immer beliebter werdenden Produkt herausholen k\u00f6nnen. <a href=\"https:\/\/tinychat.com\/de\/strangercam\/\">Fremde<\/a> <a href=\"https:\/\/tinychat.com\/de\/chatroulette\/\">Chat<\/a> Standort.<\/p>\n<h2>Was ist Joingy?<\/h2>\n<p>Joingy ist eine kostenlose, anonyme Video- und Text <a href=\"https:\/\/tinychat.com\/de\/chatroulette\/\">Chat<\/a> Plattform, die Nutzer nach dem Zufallsprinzip f\u00fcr Echtzeit-Unterhaltungen verbindet. Wie <a href=\"https:\/\/tinychat.com\/de\/omegle\/\">Omegle<\/a> und <a href=\"https:\/\/tinychat.com\/de\/chatroulette\/\">Chatroulette<\/a>ist keine Anmeldung oder Erstellung eines Profils erforderlich - die Nutzer w\u00e4hlen einfach eine <a href=\"https:\/\/tinychat.com\/de\/chatroulette\/\">Chat<\/a> Modus und werden sofort mit einem <a href=\"https:\/\/tinychat.com\/de\/strangercam\/\">Fremde<\/a>.<\/p>\n<p>Was Joingy von anderen Anbietern unterscheidet, ist die Konzentration auf schnelles One-on-One-Video-Matchmaking, gepaart mit optionaler interessenbasierter Filterung und einem schlanken, reaktionsschnellen Design, das sowohl auf dem Desktop als auch auf dem Handy gut funktioniert.<\/p>\n<p>Es bietet zwar keine <a href=\"https:\/\/tinychat.com\/de\/chatroulette\/\">Chat<\/a> R\u00e4ume oder erweiterte Community-Funktionen, das Joingy tut, was es sehr gut kann: private, anonyme Interaktionen zwischen jeweils zwei Personen erm\u00f6glichen.<\/p>\n<h2>Hauptmerkmale von Joingy<\/h2>\n<p>Joingy ist einfach gehalten - und das macht einen gro\u00dfen Teil seiner Attraktivit\u00e4t aus. Hier sind die wichtigsten Funktionen der Plattform:<\/p>\n<h3>1. Sofortiger Video- oder Text-Chat<\/h3>\n<p>Das Herzst\u00fcck von Joingy ist die Eins-zu-Eins <a href=\"https:\/\/tinychat.com\/de\/chatroulette\/\">Chat<\/a> System. Sobald Sie auf der Website landen, k\u00f6nnen Sie zwischen reinen Text- oder Video <a href=\"https:\/\/tinychat.com\/de\/chatroulette\/\">Chat<\/a>und klicken Sie dann auf \"Start\", um sofort mit einer zuf\u00e4lligen Person verbunden zu werden. <a href=\"https:\/\/tinychat.com\/de\/strangercam\/\">Fremde<\/a>.<\/p>\n<p>Die Schnittstelle ist schnell, leichtgewichtig und funktioniert ohne Verz\u00f6gerung - auch bei langsameren Verbindungen.<\/p>\n<h3>2. Interessen-Tags (Schl\u00fcsselwortabgleich)<\/h3>\n<p>Um die Chancen auf eine sinnvolle Interaktion zu erh\u00f6hen, bietet Joingy eine interessenbasierte Matchmaking-Funktion. Vor Beginn einer Sitzung k\u00f6nnen die Benutzer ein oder mehrere Schl\u00fcsselw\u00f6rter oder Themen eingeben. Das System versucht dann, Sie mit anderen zu verbinden, die \u00e4hnliche Interessen eingegeben haben.<\/p>\n<p>Diese Funktion ist ideal f\u00fcr Leute, die bestimmte Themen diskutieren, Gleichgesinnte treffen oder v\u00f6llig zuf\u00e4llige Unterhaltungen vermeiden m\u00f6chten.<\/p>\n<h3>3. Standardm\u00e4\u00dfig anonym<\/h3>\n<p>F\u00fcr die Nutzung von Joingy sind keine pers\u00f6nlichen Daten erforderlich. Es gibt keine Anmeldung, kein Konto und keine E-Mail-Erfassung. Sie werden einfach als \"Stranger\" f\u00fcr andere identifiziert und Ihre Sitzung ist vor\u00fcbergehend und wegwerfbar.<\/p>\n<p>Diese Anonymit\u00e4t ist einer der Kernwerte von Joingy - sie erm\u00f6glicht eine ehrliche, ungefilterte Kommunikation ohne den Druck einer Identit\u00e4t oder einer langfristigen Verbindung.<\/p>\n<h3>4. Browserbasiert und mobilfreundlich<\/h3>\n<p>Es ist keine App erforderlich. Joingy l\u00e4uft komplett in Ihrem Browser, mit einer mobilen Schnittstelle, die nahtlos auf Handys und Tablets funktioniert.<\/p>\n<p>Die Plattform bietet zwar keine mobilen Apps (iOS\/Android), aber ihre Webversion ist vollst\u00e4ndig f\u00fcr kleinere Bildschirme und Touch-Interaktion optimiert.<\/p>\n<h3>5. Automatisches \u00dcberspringen und schnelles Wiederverbinden<\/h3>\n<p>Keine Freude an Ihrem derzeitigen <a href=\"https:\/\/tinychat.com\/de\/chatroulette\/\">Chat<\/a>? Klicken Sie einfach auf \"Weiter\" und Sie werden sofort mit einer neuen Person zusammengebracht. Joingy legt gro\u00dfen Wert auf Geschwindigkeit, daher gibt es keine Ladebildschirme oder Verz\u00f6gerungen beim Wechsel zur n\u00e4chsten Verbindung.<\/p>\n<p>Sie k\u00f6nnen Ihre Kamera und Ihr Mikrofon auch jederzeit w\u00e4hrend der Sitzung wieder aktivieren oder deaktivieren.<\/p>\n<h2>So verwenden Sie Joingy<\/h2>\n<p>Die ersten Schritte mit Joingy sind denkbar einfach. Hier finden Sie eine schrittweise Anleitung zur Nutzung der Plattform:<\/p>\n<h3>Schritt 1: Besuchen Sie die Website<\/h3>\n<p>Rufen Sie joingy.com mit einem beliebigen modernen Browser auf. Sie landen direkt auf der Hauptseite <a href=\"https:\/\/tinychat.com\/de\/chatroulette\/\">Chat<\/a> Schnittstelle.<\/p>\n<h3>Schritt 2: Chat-Modus ausw\u00e4hlen<\/h3>\n<p>W\u00e4hlen Sie zwischen:<\/p>\n<ul>\n<li>Video <a href=\"https:\/\/tinychat.com\/de\/chatroulette\/\">Chat<\/a><\/li>\n<li>Text <a href=\"https:\/\/tinychat.com\/de\/chatroulette\/\">Chat<\/a><\/li>\n<\/ul>\n<p>Sie m\u00fcssen den Zugriff auf Kamera und Mikrofon f\u00fcr Videos erlauben <a href=\"https:\/\/tinychat.com\/de\/chatroulette\/\">Chat<\/a>.<\/p>\n<h3>Schritt 3: Interessen-Tags hinzuf\u00fcgen (optional)<\/h3>\n<p>Geben Sie Themen ein, die Sie interessieren - zum Beispiel: \"Musik\", \"Anime\", \"Philosophie\" oder \"lustige Leute\". So kann das System Sie mit anderen zusammenbringen, die \u00e4hnliche Tags haben.<\/p>\n<h3>Schritt 4: Klicken Sie auf \"Start\".<\/h3>\n<p>Sobald Sie bereit sind, klicken Sie auf \"Start\" und Sie werden mit einem <a href=\"https:\/\/tinychat.com\/de\/strangercam\/\">Fremde<\/a> sofort. Die <a href=\"https:\/\/tinychat.com\/de\/chatroulette\/\">Chat<\/a> Fenster zeigt Ihr Video und Ihr Video (wenn Sie Video verwenden) zusammen mit einer einfachen Nachrichtenschnittstelle an.<\/p>\n<h3>Schritt 5: Chat \u00fcberspringen oder beenden<\/h3>\n<p>Sie k\u00f6nnen das Gespr\u00e4ch jederzeit verlassen, indem Sie auf \"\u00dcberspringen\" klicken, um zu einem neuen <a href=\"https:\/\/tinychat.com\/de\/strangercam\/\">Fremde<\/a> oder \"Stop\", um die Sitzung ganz zu beenden.<\/p>\n<h2>Benutzererfahrung mit Joingy<\/h2>\n<p>Joingy ist auf Geschwindigkeit, Einfachheit und sauberes Design ausgerichtet. F\u00fcr Menschen, die an klobige Schnittstellen oder werbelastige Anzeigen gew\u00f6hnt sind <a href=\"https:\/\/tinychat.com\/de\/chatroulette\/\">Chat<\/a> Websites f\u00fchlt sich das Joingy erfrischend modern und glatt an.<\/p>\n<h3>Was Benutzer m\u00f6gen<\/h3>\n<ul>\n<li>Minimalistisches Layout ohne Ablenkungen<\/li>\n<li>Schneller Abgleich ohne Verz\u00f6gerung<\/li>\n<li>Keine Registrierung erforderlich<\/li>\n<li>Interessen-Tags helfen, das Gespr\u00e4ch zu lenken<\/li>\n<li>Funktioniert auf Desktop und Handy gleicherma\u00dfen gut<\/li>\n<\/ul>\n<h3>Was k\u00f6nnte verbessert werden?<\/h3>\n<ul>\n<li>Keine mobile Anwendung - nur Browser-Erfahrung<\/li>\n<li>Keine Benutzerprofile, Freundesliste oder <a href=\"https:\/\/tinychat.com\/de\/chatroulette\/\">Chat<\/a> Geschichte<\/li>\n<li>Keine Moderationswerkzeuge f\u00fcr Nutzer (z. B. Melden-Button)<\/li>\n<li>Einige Bots oder Trolle schl\u00fcpfen immer noch durch<\/li>\n<\/ul>\n<h2>Echte Benutzerbewertungen<\/h2>\n<blockquote><p>\"Ehrlich gesagt, Joingy ist einfach schnell und sauber. Ich muss mich nicht anmelden und kann in weniger als f\u00fcnf Sekunden mit jemandem sprechen.\"<br \/>\n- Marco J., Trustpilot<\/p><\/blockquote>\n<blockquote><p>\"Ich benutze es, um Spanisch mit zuf\u00e4lligen Leuten zu \u00fcben. Manchmal funktionieren die Interessensbekundungen tats\u00e4chlich. Es ist besser als <a href=\"https:\/\/tinychat.com\/de\/omegle\/\">Omegle<\/a>.\"<br \/>\n- Anya T., Reddit<\/p><\/blockquote>\n<blockquote><p>\"Gut f\u00fcr schnelle Gespr\u00e4che. Aber wie die meisten <a href=\"https:\/\/tinychat.com\/de\/chatroulette\/\">Chat<\/a> Wenn man sich auf einer Baustelle befindet, muss man erst ein paar Spinner auslassen, bevor man ein gutes Gespr\u00e4ch findet.\"<br \/>\n- Raymond M., Sitejabber<\/p><\/blockquote>\n<h2>Joingy im Vergleich zu anderen Video-Chat-Plattformen<\/h2>\n<p>Sehen wir uns an, wie das Joingy im Vergleich zu beliebten Alternativen abschneidet <a href=\"https:\/\/tinychat.com\/de\/chatroulette\/\">Chat<\/a> Raum:<\/p>\n<table>\n<thead>\n<tr>\n<th>Merkmal<\/th>\n<th>Joingy<\/th>\n<th><a href=\"https:\/\/tinychat.com\/de\/omegle\/\">Omegle<\/a><\/th>\n<th><a href=\"https:\/\/tinychat.com\/de\/chatroulette\/\">Chatroulette<\/a><\/th>\n<th><a href=\"https:\/\/tinychat.com\/de\/chathub\/\">ChatHub<\/a><\/th>\n<th><a href=\"https:\/\/tinychat.com\/de\/ometv\/\">OmeTV<\/a><\/th>\n<\/tr>\n<\/thead>\n<tbody>\n<tr>\n<td>Sofortiges Video <a href=\"https:\/\/tinychat.com\/de\/chatroulette\/\">Chat<\/a><\/td>\n<td>\u2705 Ja<\/td>\n<td>\u2705 Ja<\/td>\n<td>\u2705 Ja<\/td>\n<td>\u2705 Ja<\/td>\n<td>\u2705 Ja<\/td>\n<\/tr>\n<tr>\n<td>Text <a href=\"https:\/\/tinychat.com\/de\/chatroulette\/\">Chat<\/a> Option<\/td>\n<td>\u2705 Ja<\/td>\n<td>\u2705 Ja<\/td>\n<td>\u2705 Ja<\/td>\n<td>\u2705 Ja<\/td>\n<td>\u2705 Ja<\/td>\n<\/tr>\n<tr>\n<td>Interesse Tags<\/td>\n<td>\u2705 Ja<\/td>\n<td>\u2705 Ja<\/td>\n<td>\u274c Nein<\/td>\n<td>\u274c Nein<\/td>\n<td>\u274c Nein<\/td>\n<\/tr>\n<tr>\n<td>Anonyme Nutzung<\/td>\n<td>\u2705 Ja<\/td>\n<td>\u2705 Ja<\/td>\n<td>\u2705 Ja<\/td>\n<td>\u2705 Ja<\/td>\n<td>\u2705 Ja<\/td>\n<\/tr>\n<tr>\n<td>Keine Registrierung<\/td>\n<td>\u2705 Ja<\/td>\n<td>\u2705 Ja<\/td>\n<td>\u2705 Ja<\/td>\n<td>\u2705 Ja<\/td>\n<td>\u2705 Ja<\/td>\n<\/tr>\n<tr>\n<td>Moderations-Tools<\/td>\n<td>\u26a0\ufe0f Minimal<\/td>\n<td>\u26a0\ufe0f Schlecht<\/td>\n<td>\u2705 M\u00e4\u00dfig<\/td>\n<td>\u2705 Stark<\/td>\n<td>\u2705 Stark<\/td>\n<\/tr>\n<tr>\n<td>Mobile App<\/td>\n<td>\u274c Keine App<\/td>\n<td>\u274c Nein<\/td>\n<td>\u2705 Ja<\/td>\n<td>\u274c Keine App<\/td>\n<td>\u2705 Ja<\/td>\n<\/tr>\n<tr>\n<td>Video-Qualit\u00e4t<\/td>\n<td>\u2705 Gut<\/td>\n<td>\u26a0\ufe0f Unterschiedlich<\/td>\n<td>\u2705 Gut<\/td>\n<td>\u2705 Ausgezeichnet<\/td>\n<td>\u2705 Gut<\/td>\n<\/tr>\n<\/tbody>\n<\/table>\n<p>Zusammenfassung: Joingy bietet eine der schnellsten und einfachsten Video <a href=\"https:\/\/tinychat.com\/de\/chatroulette\/\">Chat<\/a> Erfahrungen online, konkurrierend mit <a href=\"https:\/\/tinychat.com\/de\/omegle\/\">Omegle<\/a> in der Zug\u00e4nglichkeit, aber mit einem saubereren Design und n\u00fctzlichen Interessenfiltern.<\/p>\n<h2>Ist Joingy sicher?<\/h2>\n<p>Joingy tut sein Bestes, um anonyme, private Eins-zu-Eins-Chats anzubieten, aber die Sicherheit h\u00e4ngt stark von den Nutzern ab. Im Gegensatz zu einigen anderen Plattformen bietet Joingy keine offensichtlichen Meldetools oder sichtbare Moderatoren.<\/p>\n<h3>Potenzielle Risiken<\/h3>\n<ul>\n<li>Unangemessene Inhalte in Videochats<\/li>\n<li>Bots oder geskripteter Spam im Textmodus<\/li>\n<li>Keine Alters\u00fcberpr\u00fcfung - Jugendliche k\u00f6nnen mit nicht jugendfreien Inhalten konfrontiert werden<\/li>\n<\/ul>\n<h3>Bew\u00e4hrte Praktiken f\u00fcr eine sichere Verwendung<\/h3>\n<ul>\n<li>Geben Sie niemals pers\u00f6nliche Informationen weiter (Name, Adresse, soziale Medien)<\/li>\n<li>Klicken Sie nicht auf Links, die von anderen Benutzern freigegeben wurden<\/li>\n<li>Sofortiges \u00dcberspringen, wenn sich ein Benutzer unangemessen verh\u00e4lt<\/li>\n<li>Verwenden Sie die Website in moderierten Umgebungen (z. B. zu Hause, nicht im \u00f6ffentlichen Wi-Fi)<\/li>\n<li>Erw\u00e4gen Sie die Verwendung eines VPN f\u00fcr mehr Datenschutz<\/li>\n<\/ul>\n<h2>Tipps zur optimalen Nutzung von Joingy<\/h2>\n<ul>\n<li>Verwenden Sie Interessen-Tags sinnvoll - Nischenthemen helfen, bessere Treffer zu filtern<\/li>\n<li>Verwenden Sie Kopfh\u00f6rer f\u00fcr einen klareren Klang und mehr Privatsph\u00e4re<\/li>\n<li>Gute Beleuchtung f\u00fcr ansprechende Videochats<\/li>\n<li>Scheuen Sie sich nicht zu schw\u00e4nzen - Sie sind nicht verpflichtet, in jedem <a href=\"https:\/\/tinychat.com\/de\/chatroulette\/\">Chat<\/a><\/li>\n<li>Versuchen Sie, zu verschiedenen Zeiten zu chatten - die Demografie der Nutzer variiert je nach Region und Zeitzone<\/li>\n<\/ul>\n<h2>Fehlersuche bei allgemeinen Problemen<\/h2>\n<h3>Kamera oder Mikrofon funktionieren nicht<\/h3>\n<p>Vergewissern Sie sich, dass in Ihrem Browser die Berechtigungen aktiviert sind. Versuchen Sie, die Seite zu aktualisieren oder einen anderen Browser zu verwenden (Chrome funktioniert am besten).<\/p>\n<h3>Leerer oder schwarzer Videobildschirm<\/h3>\n<p>Es kann auf der Seite des anderen Benutzers liegen. \u00dcberspringen Sie es und versuchen Sie es erneut. Vergewissern Sie sich auch, dass Ihre Kamera nicht von einer anderen Anwendung verwendet wird.<\/p>\n<h3>Zinsabgleich funktioniert nicht<\/h3>\n<p>Verwenden Sie breiter angelegte oder allgemeinere Schl\u00fcsselw\u00f6rter. Manchmal haben Nischenthemen nicht gen\u00fcgend aktive Nutzer.<\/p>\n<h3>Unangemessenes Verhalten<\/h3>\n<p>Joingy verf\u00fcgt derzeit nicht \u00fcber eine Schaltfl\u00e4che zum Melden von Benutzern. Die beste Vorgehensweise ist, sofort zu \u00fcberspringen.<\/p>\n<p>Joingy h\u00e4lt genau das, was es verspricht: eine saubere, anmeldefreie M\u00f6glichkeit zur <a href=\"https:\/\/tinychat.com\/de\/talk-to-strangers\/\">sich mit Fremden unterhalten<\/a> \u00fcber Text oder Video. Mit Funktionen wie Interessen-Tags und mobiler Kompatibilit\u00e4t ist es eine ausgezeichnete Wahl f\u00fcr Gelegenheitsnutzer, die auf einfache Weise neue Leute kennenlernen m\u00f6chten.<\/p>\n<p>Es ist nicht ohne Schw\u00e4chen - die eingeschr\u00e4nkte Moderation und die fehlende App-Unterst\u00fctzung k\u00f6nnten einige Nutzer abschrecken - aber f\u00fcr diejenigen, die Wert auf Einfachheit, Geschwindigkeit und Anonymit\u00e4t legen, ist Joingy ein starker Kandidat in der Zufallsauswahl <a href=\"https:\/\/tinychat.com\/de\/chatroulette\/\">Chat<\/a> Raum.<\/p>\n<p>Wenn Sie also in der Stimmung f\u00fcr ein ungefiltertes Gespr\u00e4ch sind oder einfach einen <a href=\"https:\/\/tinychat.com\/de\/strangercam\/\">Fremde<\/a> und sehen, wo es hingeht, probieren Sie Joingy bei joingy.com aus. Ein Klick ist alles, was Sie brauchen.<\/p>","protected":false},"excerpt":{"rendered":"<p>Joingy has carved out a niche for itself by offering a platform that is all about speed, simplicity, and anonymity. If you&#8217;re looking to instantly jump into a conversation with a random stranger \u2014 no profiles, no downloads, no complications \u2014 Joingy might just be the chat site you&#8217;re looking for. Focused primarily on random [&hellip;]<\/p>\n","protected":false},"author":6,"featured_media":0,"parent":0,"menu_order":0,"comment_status":"closed","ping_status":"closed","template":"","meta":{"footnotes":""},"class_list":["post-10206","page","type-page","status-publish","hentry"],"yoast_head":"<!-- This site is optimized with the Yoast SEO plugin v27.6 - https:\/\/yoast.com\/product\/yoast-seo-wordpress\/ -->\n<title>Joingy - Join the Stranger Cam Chat - TinyChat.com<\/title>\n<meta name=\"description\" content=\"Enjoying Joingy? Join over 50,000,000 strangers on TinyChat! Turn on your cam and start meeting new people, or find a match.\" \/>\n<meta name=\"robots\" content=\"index, follow, max-snippet:-1, max-image-preview:large, max-video-preview:-1\" \/>\n<link rel=\"canonical\" href=\"https:\/\/tinychat.com\/de\/joingy\/\" \/>\n<meta property=\"og:locale\" content=\"de_DE\" \/>\n<meta property=\"og:type\" content=\"article\" \/>\n<meta property=\"og:title\" content=\"Joingy - Join the Stranger Cam Chat - TinyChat.com\" \/>\n<meta property=\"og:description\" content=\"Enjoying Joingy? Join over 50,000,000 strangers on TinyChat! Turn on your cam and start meeting new people, or find a match.\" \/>\n<meta property=\"og:url\" content=\"https:\/\/tinychat.com\/de\/joingy\/\" \/>\n<meta property=\"og:site_name\" content=\"TinyChat\" \/>\n<meta property=\"article:publisher\" content=\"https:\/\/www.facebook.com\/tinychat\" \/>\n<meta property=\"article:modified_time\" content=\"2025-07-07T16:31:23+00:00\" \/>\n<meta property=\"og:image\" content=\"https:\/\/tinychat.com\/wp-content\/uploads\/2020\/04\/Tinychat-logo-1280x284-new-black.png\" \/>\n\t<meta property=\"og:image:width\" content=\"1280\" \/>\n\t<meta property=\"og:image:height\" content=\"284\" \/>\n\t<meta property=\"og:image:type\" content=\"image\/png\" \/>\n<meta name=\"twitter:card\" content=\"summary_large_image\" \/>\n<meta name=\"twitter:site\" content=\"@tinychat\" \/>\n<meta name=\"twitter:label1\" content=\"Gesch\u00e4tzte Lesezeit\" \/>\n\t<meta name=\"twitter:data1\" content=\"6\u00a0Minuten\" \/>\n<script type=\"application\/ld+json\" class=\"yoast-schema-graph\">{\"@context\":\"https:\\\/\\\/schema.org\",\"@graph\":[{\"@type\":\"WebPage\",\"@id\":\"https:\\\/\\\/tinychat.com\\\/joingy\\\/\",\"url\":\"https:\\\/\\\/tinychat.com\\\/joingy\\\/\",\"name\":\"Joingy - Join the Stranger Cam Chat - TinyChat.com\",\"isPartOf\":{\"@id\":\"https:\\\/\\\/tinychat.com\\\/#website\"},\"datePublished\":\"2025-05-30T12:48:39+00:00\",\"dateModified\":\"2025-07-07T16:31:23+00:00\",\"description\":\"Enjoying Joingy? Join over 50,000,000 strangers on TinyChat! Turn on your cam and start meeting new people, or find a match.\",\"breadcrumb\":{\"@id\":\"https:\\\/\\\/tinychat.com\\\/joingy\\\/#breadcrumb\"},\"inLanguage\":\"de\",\"potentialAction\":[{\"@type\":\"ReadAction\",\"target\":[\"https:\\\/\\\/tinychat.com\\\/joingy\\\/\"]}]},{\"@type\":\"BreadcrumbList\",\"@id\":\"https:\\\/\\\/tinychat.com\\\/joingy\\\/#breadcrumb\",\"itemListElement\":[{\"@type\":\"ListItem\",\"position\":1,\"name\":\"Home\",\"item\":\"https:\\\/\\\/tinychat.com\\\/\"},{\"@type\":\"ListItem\",\"position\":2,\"name\":\"Joingy\"}]},{\"@type\":\"WebSite\",\"@id\":\"https:\\\/\\\/tinychat.com\\\/#website\",\"url\":\"https:\\\/\\\/tinychat.com\\\/\",\"name\":\"TinyChat\",\"description\":\"Random Video Chat with Strangers\",\"publisher\":{\"@id\":\"https:\\\/\\\/tinychat.com\\\/#organization\"},\"alternateName\":\"TinyChat.com\",\"potentialAction\":[{\"@type\":\"SearchAction\",\"target\":{\"@type\":\"EntryPoint\",\"urlTemplate\":\"https:\\\/\\\/tinychat.com\\\/?s={search_term_string}\"},\"query-input\":{\"@type\":\"PropertyValueSpecification\",\"valueRequired\":true,\"valueName\":\"search_term_string\"}}],\"inLanguage\":\"de\"},{\"@type\":\"Organization\",\"@id\":\"https:\\\/\\\/tinychat.com\\\/#organization\",\"name\":\"TinyChat\",\"alternateName\":\"TinyChat.com\",\"url\":\"https:\\\/\\\/tinychat.com\\\/\",\"logo\":{\"@type\":\"ImageObject\",\"inLanguage\":\"de\",\"@id\":\"https:\\\/\\\/tinychat.com\\\/#\\\/schema\\\/logo\\\/image\\\/\",\"url\":\"https:\\\/\\\/tinychat.com\\\/wp-content\\\/uploads\\\/2023\\\/11\\\/Tinychat-icon-square.png\",\"contentUrl\":\"https:\\\/\\\/tinychat.com\\\/wp-content\\\/uploads\\\/2023\\\/11\\\/Tinychat-icon-square.png\",\"width\":284,\"height\":284,\"caption\":\"TinyChat\"},\"image\":{\"@id\":\"https:\\\/\\\/tinychat.com\\\/#\\\/schema\\\/logo\\\/image\\\/\"},\"sameAs\":[\"https:\\\/\\\/www.facebook.com\\\/tinychat\",\"https:\\\/\\\/x.com\\\/tinychat\"]}]}<\/script>\n<!-- \/ Yoast SEO plugin. -->","yoast_head_json":{"title":"Joingy - Besuchen Sie den Stranger Cam-Chat - TinyChat.com","description":"Gef\u00e4llt Ihnen Joingy? Schlie\u00dfen Sie sich \u00fcber 50.000.000 Fremden auf TinyChat an! Schalte deine Kamera ein und fange an, neue Leute zu treffen, oder finde einen Partner.","robots":{"index":"index","follow":"follow","max-snippet":"max-snippet:-1","max-image-preview":"max-image-preview:large","max-video-preview":"max-video-preview:-1"},"canonical":"https:\/\/tinychat.com\/de\/joingy\/","og_locale":"de_DE","og_type":"article","og_title":"Joingy - Join the Stranger Cam Chat - TinyChat.com","og_description":"Enjoying Joingy? Join over 50,000,000 strangers on TinyChat! Turn on your cam and start meeting new people, or find a match.","og_url":"https:\/\/tinychat.com\/de\/joingy\/","og_site_name":"TinyChat","article_publisher":"https:\/\/www.facebook.com\/tinychat","article_modified_time":"2025-07-07T16:31:23+00:00","og_image":[{"width":1280,"height":284,"url":"https:\/\/tinychat.com\/wp-content\/uploads\/2020\/04\/Tinychat-logo-1280x284-new-black.png","type":"image\/png"}],"twitter_card":"summary_large_image","twitter_site":"@tinychat","twitter_misc":{"Gesch\u00e4tzte Lesezeit":"6\u00a0Minuten"},"schema":{"@context":"https:\/\/schema.org","@graph":[{"@type":"WebPage","@id":"https:\/\/tinychat.com\/joingy\/","url":"https:\/\/tinychat.com\/joingy\/","name":"Joingy - Besuchen Sie den Stranger Cam-Chat - TinyChat.com","isPartOf":{"@id":"https:\/\/tinychat.com\/#website"},"datePublished":"2025-05-30T12:48:39+00:00","dateModified":"2025-07-07T16:31:23+00:00","description":"Gef\u00e4llt Ihnen Joingy? Schlie\u00dfen Sie sich \u00fcber 50.000.000 Fremden auf TinyChat an! Schalte deine Kamera ein und fange an, neue Leute zu treffen, oder finde einen Partner.","breadcrumb":{"@id":"https:\/\/tinychat.com\/joingy\/#breadcrumb"},"inLanguage":"de","potentialAction":[{"@type":"ReadAction","target":["https:\/\/tinychat.com\/joingy\/"]}]},{"@type":"BreadcrumbList","@id":"https:\/\/tinychat.com\/joingy\/#breadcrumb","itemListElement":[{"@type":"ListItem","position":1,"name":"Home","item":"https:\/\/tinychat.com\/"},{"@type":"ListItem","position":2,"name":"Joingy"}]},{"@type":"WebSite","@id":"https:\/\/tinychat.com\/#website","url":"https:\/\/tinychat.com\/","name":"TinyChat","description":"Zuf\u00e4lliger Video-Chat mit Fremden","publisher":{"@id":"https:\/\/tinychat.com\/#organization"},"alternateName":"TinyChat.com","potentialAction":[{"@type":"SearchAction","target":{"@type":"EntryPoint","urlTemplate":"https:\/\/tinychat.com\/?s={search_term_string}"},"query-input":{"@type":"PropertyValueSpecification","valueRequired":true,"valueName":"search_term_string"}}],"inLanguage":"de"},{"@type":"Organization","@id":"https:\/\/tinychat.com\/#organization","name":"TinyChat","alternateName":"TinyChat.com","url":"https:\/\/tinychat.com\/","logo":{"@type":"ImageObject","inLanguage":"de","@id":"https:\/\/tinychat.com\/#\/schema\/logo\/image\/","url":"https:\/\/tinychat.com\/wp-content\/uploads\/2023\/11\/Tinychat-icon-square.png","contentUrl":"https:\/\/tinychat.com\/wp-content\/uploads\/2023\/11\/Tinychat-icon-square.png","width":284,"height":284,"caption":"TinyChat"},"image":{"@id":"https:\/\/tinychat.com\/#\/schema\/logo\/image\/"},"sameAs":["https:\/\/www.facebook.com\/tinychat","https:\/\/x.com\/tinychat"]}]}},"_links":{"self":[{"href":"https:\/\/tinychat.com\/de\/wp-json\/wp\/v2\/pages\/10206","targetHints":{"allow":["GET"]}}],"collection":[{"href":"https:\/\/tinychat.com\/de\/wp-json\/wp\/v2\/pages"}],"about":[{"href":"https:\/\/tinychat.com\/de\/wp-json\/wp\/v2\/types\/page"}],"author":[{"embeddable":true,"href":"https:\/\/tinychat.com\/de\/wp-json\/wp\/v2\/users\/6"}],"replies":[{"embeddable":true,"href":"https:\/\/tinychat.com\/de\/wp-json\/wp\/v2\/comments?post=10206"}],"version-history":[{"count":3,"href":"https:\/\/tinychat.com\/de\/wp-json\/wp\/v2\/pages\/10206\/revisions"}],"predecessor-version":[{"id":13198,"href":"https:\/\/tinychat.com\/de\/wp-json\/wp\/v2\/pages\/10206\/revisions\/13198"}],"wp:attachment":[{"href":"https:\/\/tinychat.com\/de\/wp-json\/wp\/v2\/media?parent=10206"}],"curies":[{"name":"wp","href":"https:\/\/api.w.org\/{rel}","templated":true}]}}