{"id":11180,"date":"2025-12-02T08:44:24","date_gmt":"2025-12-02T06:44:24","guid":{"rendered":"https:\/\/tinychat.com\/?page_id=11180"},"modified":"2025-12-02T10:48:23","modified_gmt":"2025-12-02T08:48:23","slug":"randomskip","status":"publish","type":"page","link":"https:\/\/tinychat.com\/de\/randomskip\/","title":{"rendered":"Randomskip"},"content":{"rendered":"<p>Die besten Online-Erlebnisse sind oft die einfachsten \u2013 und Randomskip beweist dies. Randomskip wurde f\u00fcr diejenigen entwickelt, die sich nach echten, spontanen Interaktionen sehnen. Mit Randomskip k\u00f6nnen Sie sofort neue Leute \u00fcber Live-Video-Chats kennenlernen, ohne sich anzumelden, Geb\u00fchren zu zahlen oder komplizierte Funktionen zu nutzen. \u00d6ffnen Sie einfach die Website, klicken Sie auf \u201cStart\u201d und schon stehen Sie jemandem aus einem beliebigen Ort der Welt gegen\u00fcber.<\/p>\n<p>Es ist schnell, anonym und \u00fcberraschend fesselnd \u2013 es bringt den Nervenkitzel der zuf\u00e4lligen Chat-Kultur der fr\u00fchen Internetzeit zur\u00fcck, aber mit reibungsloserer Technologie und modernem Design. Egal, ob Sie sich die Zeit vertreiben, Menschen \u00fcber Grenzen hinweg kennenlernen oder einfach nur ein spontanes Gespr\u00e4ch genie\u00dfen m\u00f6chten, mit Randomskip ist das ganz einfach.<\/p>\n<p>Diese ausf\u00fchrliche Bewertung behandelt die folgenden Themen: Was ist Randomskip, welche sind seine wichtigsten Funktionen, wie wird es verwendet, wie ist die Benutzererfahrung, wie schneidet es im Vergleich zu Mitbewerbern ab und welche wichtigen Sicherheits- und Verwendungstipps gibt es, um Ihre Zeit beim Online-Chatten optimal zu nutzen?.<\/p>\n<h2>Was ist Randomskip?<\/h2>\n<p>Randomskip ist eine kostenlose Plattform f\u00fcr zuf\u00e4llige Video-Chats, die Fremde \u00fcber die Webcam sofort miteinander verbindet. Das Konzept ist einfach, macht aber s\u00fcchtig: Jedes Mal, wenn Sie auf \u201cWeiter\u201d klicken, werden Sie mit einer neuen Person verbunden \u2013 daher auch der Name. <em>Randomskip.<\/em><\/p>\n<p>Sie ben\u00f6tigen weder ein Konto noch ein Profil oder eine App. Alles l\u00e4uft \u00fcber den Browser, ist privat und sofort verf\u00fcgbar. Randomskip konzentriert sich ganz auf Geschwindigkeit und Spontaneit\u00e4t, sodass Nutzer nach Belieben vorbeischauen, sich unterhalten und wieder gehen k\u00f6nnen.<\/p>\n<p>Die Einfachheit der Plattform ist ihre gr\u00f6\u00dfte St\u00e4rke: Es gibt keine Ablenkungen, kein Warten und keine Algorithmen, die entscheiden, wen Sie treffen \u2013 nur reine, zuf\u00e4llige Verbindungen.<\/p>\n<h2>Wichtigste Merkmale von Randomskip<\/h2>\n<p>Randomskip bietet alle wesentlichen Funktionen f\u00fcr ein gro\u00dfartiges Zufalls-Chat-Erlebnis und kombiniert Benutzerfreundlichkeit mit solider Funktionalit\u00e4t.<\/p>\n<h3>1. Eins-zu-Eins-Videochat<\/h3>\n<ul>\n<li>Lernen Sie sofort neue Leute \u00fcber Live-Webcam kennen.<\/li>\n<li>Glatte Video- und Audioqualit\u00e4t f\u00fcr nat\u00fcrliche Gespr\u00e4che.<\/li>\n<li>Funktioniert vollst\u00e4ndig in Ihrem Browser \u2013 keine App oder Download erforderlich.<\/li>\n<\/ul>\n<h3>2. Schaltfl\u00e4che \"\u00dcberspringen<\/h3>\n<ul>\n<li>Mit einem einzigen Klick sofort zum n\u00e4chsten Chat wechseln.<\/li>\n<li>Sorgt f\u00fcr ein rasantes und spannendes Erlebnis.<\/li>\n<li>F\u00f6rdert Entdeckungsfreude und Spontaneit\u00e4t.<\/li>\n<\/ul>\n<h3>3. Text-Chat-Integration<\/h3>\n<ul>\n<li>Integrierte Textoption neben dem Video.<\/li>\n<li>Perfekt f\u00fcr ruhigere Umgebungen oder wenn Sie lieber tippen m\u00f6chten.<\/li>\n<\/ul>\n<h3>4. Globale Benutzerbasis<\/h3>\n<ul>\n<li>Verbinden Sie sich mit Menschen aus aller Welt.<\/li>\n<li>Lernen Sie neue Kulturen kennen oder \u00fcben Sie andere Sprachen.<\/li>\n<\/ul>\n<h3>5. Kompatibilit\u00e4t mit Mobilger\u00e4ten und Desktop-Computern<\/h3>\n<ul>\n<li>Funktioniert nahtlos auf Smartphones, Tablets und Computern.<\/li>\n<li>Vollst\u00e4ndig responsive Benutzeroberfl\u00e4che, die sich an Ihr Ger\u00e4t anpasst.<\/li>\n<\/ul>\n<h3>6. Keine Registrierung erforderlich<\/h3>\n<ul>\n<li>Sofort mit dem Chatten beginnen, ohne sich anzumelden oder ein Konto zu erstellen.<\/li>\n<li>Volle Anonymit\u00e4t f\u00fcr Nutzer, die Wert auf Privatsph\u00e4re legen.<\/li>\n<\/ul>\n<h3>7. 100% Freier Zugang<\/h3>\n<ul>\n<li>Keine Abonnements, versteckten Kosten oder kostenpflichtigen Freischaltfunktionen.<\/li>\n<li>Alle Funktionen sind f\u00fcr alle Nutzer zug\u00e4nglich.<\/li>\n<\/ul>\n<h3>8. Moderne, \u00fcbersichtliche Benutzeroberfl\u00e4che<\/h3>\n<ul>\n<li>Minimalistisches Design f\u00fcr einfache Navigation.<\/li>\n<li>Der Fokus liegt weiterhin auf echten Gespr\u00e4chen, nicht auf \u00fcberladenen Men\u00fcs.<\/li>\n<\/ul>\n<h2>Verwendung von Randomskip<\/h2>\n<p>Der Einstieg in Randomskip dauert nur wenige Sekunden \u2013 es muss nichts heruntergeladen, installiert oder konfiguriert werden.<\/p>\n<h3>Schritt 1: Besuchen Sie die Website<\/h3>\n<p>Rufen Sie in Ihrem Webbrowser die Website Randomskip.com auf.<\/p>\n<h3>Schritt 2: Berechtigungen erteilen<\/h3>\n<p>Gew\u00e4hren Sie Zugriff auf Ihre Kamera und Ihr Mikrofon, wenn Sie dazu aufgefordert werden.<\/p>\n<h3>Schritt 3: Klicken Sie auf \u201cStart\u201d.\u201d<\/h3>\n<p>Sie werden sofort mit einem zuf\u00e4lligen Fremden verbunden.<\/p>\n<h3>Schritt 4: Chatten oder \u00fcberspringen<\/h3>\n<p>Genie\u00dfen Sie das Gespr\u00e4ch \u2013 oder klicken Sie auf \u201cWeiter\u201d, um jemanden Neues kennenzulernen.<\/p>\n<h3>Schritt 5: Weiter erforschen<\/h3>\n<p>Es gibt keine Begrenzung, wie viele Menschen Sie treffen k\u00f6nnen. Jeder \u201cSkip\u201d er\u00f6ffnet eine neue M\u00f6glichkeit.<\/p>\n<p>Das ist alles \u2013 keine Anmeldungen, keine Profile, nur Echtzeit-Konversation.<\/p>\n<h2>Benutzererfahrung auf Randomskip<\/h2>\n<p>Bei Randomskip dreht sich alles um Geschwindigkeit, Einfachheit und Spontaneit\u00e4t. Es wurde f\u00fcr Nutzer entwickelt, die sofortige menschliche Interaktion ohne Komplikationen w\u00fcnschen.<\/p>\n<h3>Was Benutzer m\u00f6gen<\/h3>\n<ul>\n<li>Extrem einfach zu bedienen \u2013 einfach klicken und chatten.<\/li>\n<li>Keine Registrierung oder Einrichtung erforderlich.<\/li>\n<li>Schnelle, reibungslose Verbindungen mit minimaler Verz\u00f6gerung.<\/li>\n<li>Funktioniert gut auf dem Handy und dem Desktop.<\/li>\n<li>100% frei und privat.<\/li>\n<\/ul>\n<h3>Wo die Nutzer Raum f\u00fcr Verbesserungen sehen<\/h3>\n<ul>\n<li>Keine Filter nach Geschlecht oder Standort (vollst\u00e4ndig zuf\u00e4llig).<\/li>\n<li>Begrenzte Moderationswerkzeuge au\u00dferhalb der Sto\u00dfzeiten.<\/li>\n<li>Kann keine Verbindung zu fr\u00fcheren Chats herstellen.<\/li>\n<li>Gelegentliche Zeiten mit geringer Aktivit\u00e4t, abh\u00e4ngig von der Zeitzone.<\/li>\n<\/ul>\n<p>Trotz dieser Einschr\u00e4nkungen bleibt Randomskip eines der unkompliziertesten und unterhaltsamsten Online-Video-Chat-Erlebnisse.<\/p>\n<h2>Randomskip im Vergleich zu anderen Chat-Plattformen<\/h2>\n<p>Hier sehen Sie, wie Randomskip im Vergleich zu anderen gro\u00dfen Plattformen abschneidet:<\/p>\n<table>\n<thead>\n<tr>\n<th>Merkmal<\/th>\n<th>Randomskip<\/th>\n<th>Omegle<\/th>\n<th>Chatroulette<\/th>\n<th>ChatHub<\/th>\n<th>Emerald Chat<\/th>\n<th>Umstellung<\/th>\n<\/tr>\n<\/thead>\n<tbody>\n<tr>\n<td>Random Video Chat mit Fremden<\/td>\n<td>\u2705 Ja<\/td>\n<td>\u2705 Ja<\/td>\n<td>\u2705 Ja<\/td>\n<td>\u2705 Ja<\/td>\n<td>\u2705 Ja<\/td>\n<td>\u2705 Ja<\/td>\n<\/tr>\n<tr>\n<td>Text-Chat-Option<\/td>\n<td>\u2705 Ja<\/td>\n<td>\u2705 Ja<\/td>\n<td>\u2705 Ja<\/td>\n<td>\u2705 Ja<\/td>\n<td>\u2705 Ja<\/td>\n<td>\u2705 Ja<\/td>\n<\/tr>\n<tr>\n<td>\u00dcberspringen-Schaltfl\u00e4che<\/td>\n<td>\u2705 Ja<\/td>\n<td>\u2705 Ja<\/td>\n<td>\u2705 Ja<\/td>\n<td>\u2705 Ja<\/td>\n<td>\u2705 Ja<\/td>\n<td>\u2705 Ja<\/td>\n<\/tr>\n<tr>\n<td>Registrierung erforderlich<\/td>\n<td>\u274c Nein<\/td>\n<td>\u274c Nein<\/td>\n<td>\u274c Nein<\/td>\n<td>\u2705 Fakultativ<\/td>\n<td>\u2705 Fakultativ<\/td>\n<td>\u274c Nein<\/td>\n<\/tr>\n<tr>\n<td>Filter (Geschlecht\/Ort)<\/td>\n<td>\u274c Nein<\/td>\n<td>\u274c Nein<\/td>\n<td>\u2705 Begrenzt<\/td>\n<td>\u2705 Ja<\/td>\n<td>\u2705 Ja<\/td>\n<td>\u274c Nein<\/td>\n<\/tr>\n<tr>\n<td>Freier Zugang<\/td>\n<td>\u2705 Immer<\/td>\n<td>\u2705 Immer<\/td>\n<td>\u2705 Immer<\/td>\n<td>\u2705 Ja<\/td>\n<td>\u2705 Ja<\/td>\n<td>\u2705 Immer<\/td>\n<\/tr>\n<tr>\n<td>Mobilfreundlich<\/td>\n<td>\u2705 Ja<\/td>\n<td>\u2705 Ja<\/td>\n<td>\u2705 Ja<\/td>\n<td>\u2705 Ja<\/td>\n<td>\u2705 Ja<\/td>\n<td>\u2705 Ja<\/td>\n<\/tr>\n<tr>\n<td>Anonymit\u00e4t<\/td>\n<td>\u2705 Stark<\/td>\n<td>\u2705 Stark<\/td>\n<td>\u2705 Stark<\/td>\n<td>\u2705 M\u00e4\u00dfig<\/td>\n<td>\u2705 M\u00e4\u00dfig<\/td>\n<td>\u2705 Stark<\/td>\n<\/tr>\n<\/tbody>\n<\/table>\n<p>Zusammenfassung: Randomskip kombiniert die Spontaneit\u00e4t von Omegle mit einer \u00fcbersichtlicheren, modernen Benutzeroberfl\u00e4che. Es ist die ideale Plattform f\u00fcr Nutzer, die einfach nur schnelle, kostenlose und unverbindliche Unterhaltungen f\u00fchren m\u00f6chten.<\/p>\n<h2>Ist Randomskip sicher?<\/h2>\n<p>Randomskip legt Wert auf Datenschutz und Benutzerkontrolle \u2013 Sie entscheiden, wann Sie einen Chat starten, \u00fcberspringen oder verlassen m\u00f6chten. Es werden keine pers\u00f6nlichen Daten abgefragt, wodurch die Interaktionen so privat wie m\u00f6glich bleiben.<\/p>\n<h3>Eingebaute Sicherheitsmerkmale<\/h3>\n<ul>\n<li>Anonymes Chatten ohne Konten oder Profile.<\/li>\n<li>\u00dcberspringen-Schaltfl\u00e4che zum sofortigen Verlassen eines Chats.<\/li>\n<li>Chats sind tempor\u00e4r und werden nicht aufgezeichnet.<\/li>\n<li>Option zum Melden von missbr\u00e4uchlichem oder unangemessenem Verhalten.<\/li>\n<\/ul>\n<h3>Sicherheitstipps f\u00fcr Benutzer<\/h3>\n<ul>\n<li>Geben Sie niemals pers\u00f6nliche Informationen (Name, Adresse, Social-Media-Handles) weiter.<\/li>\n<li>Verwenden Sie vor der Kamera einen neutralen Hintergrund.<\/li>\n<li>Beenden Sie jeden Chat, der Ihnen unangenehm oder verd\u00e4chtig erscheint.<\/li>\n<li>Eltern sollten die Nutzung von Zufalls-Chat-Plattformen durch Minderj\u00e4hrige \u00fcberwachen.<\/li>\n<li>Verwenden Sie ein VPN f\u00fcr mehr Privatsph\u00e4re und Schutz.<\/li>\n<\/ul>\n<p>Mit diesen Vorsichtsma\u00dfnahmen kann Randomskip von jedem, der echte Online-Interaktion sucht, sicher und vertrauensvoll genutzt werden.<\/p>\n<hr \/>\n<h2>Tipps, um das Beste aus Randomskip herauszuholen<\/h2>\n<ul>\n<li>Sei offen f\u00fcr Zuf\u00e4lle: Der Spa\u00df liegt darin, Menschen zu treffen, denen du sonst nie begegnen w\u00fcrdest.<\/li>\n<li>Halten Sie Gespr\u00e4che locker: Humor, Musik oder Reisen sind gute Einstiegsthemen.<\/li>\n<li>Verwenden Sie Kopfh\u00f6rer: Verbessert die Klangqualit\u00e4t und sch\u00fctzt Ihre Privatsph\u00e4re.<\/li>\n<li>Gute Beleuchtung hilft: Sie macht Ihr Video einladender und freundlicher.<\/li>\n<li>Chatten Sie zu Spitzenzeiten: Abends und am Wochenende sind in der Regel mehr Nutzer online.<\/li>\n<li>Z\u00f6gern Sie nicht, zu \u00fcberspringen: Nicht jeder Chat wird ein Treffer sein \u2013 das geh\u00f6rt dazu.<\/li>\n<\/ul>\n<p>Diese kleinen Tipps helfen Ihnen dabei, einen besseren ersten Eindruck zu hinterlassen und angenehmere, lohnendere Gespr\u00e4che zu f\u00fchren.<\/p>\n<h2>H\u00e4ufige Probleme und Korrekturen<\/h2>\n<h3>Problem: Kamera oder Mikrofon funktionieren nicht<\/h3>\n<ul>\n<li>\u00dcberpr\u00fcfen Sie die Datenschutzeinstellungen Ihres Browsers.<\/li>\n<li>Aktualisieren Sie die Seite oder starten Sie Ihr Ger\u00e4t neu.<\/li>\n<li>Stellen Sie sicher, dass keine andere App Ihre Kamera verwendet.<\/li>\n<\/ul>\n<h3>Problem: Langsame oder unterbrochene Verbindung<\/h3>\n<ul>\n<li>Verwenden Sie eine stabile WLAN-Verbindung anstelle von mobilen Daten.<\/li>\n<li>Schlie\u00dfen Sie nicht verwendete Registerkarten oder Hintergrundprogramme.<\/li>\n<\/ul>\n<h3>Problem: Wenige Nutzer online<\/h3>\n<ul>\n<li>Versuchen Sie es abends oder am Wochenende.<\/li>\n<li>Seien Sie geduldig \u2013 der weltweite Datenverkehr schwankt je nach Region.<\/li>\n<\/ul>\n<h3>Problem: Unangemessenes Verhalten<\/h3>\n<ul>\n<li>Sofort \u00fcberspringen.<\/li>\n<li>Melden Sie den Benutzer, wenn Tools verf\u00fcgbar sind.<\/li>\n<\/ul>\n<h2>Warum Menschen sich f\u00fcr Randomskip entscheiden<\/h2>\n<p>Die Menschen f\u00fchlen sich zu Randomskip hingezogen, weil es genau das bietet, was viele moderne Social-Apps nicht bieten \u2013 Freiheit, Spontaneit\u00e4t und Authentizit\u00e4t.<\/p>\n<p>Sie w\u00e4hlen es f\u00fcr:<\/p>\n<ul>\n<li>Sofortiger Zugriff: keine Registrierung oder Anmeldung erforderlich.<\/li>\n<li>Anonymit\u00e4t: Chatten Sie frei und ohne Druck.<\/li>\n<li>Geschwindigkeit: In Sekundenschnelle verbinden oder \u00fcberspringen.<\/li>\n<li>Einfachheit: \u00fcbersichtliches, ablenkungsfreies Layout.<\/li>\n<li>Barrierefreiheit: funktioniert auf jedem Ger\u00e4t, jederzeit.<\/li>\n<\/ul>\n<p>Es ist eine Plattform, die echte Menschen, echte Gespr\u00e4che und echte Unvorhersehbarkeit zelebriert.<\/p>\n<h2>Abschlie\u00dfende Gedanken: Lohnt sich die Verwendung von Randomskip?<\/h2>\n<p>Wenn Sie nach einer schnellen, kostenlosen und anonymen M\u00f6glichkeit suchen, neue Leute kennenzulernen, ist Randomskip auf jeden Fall einen Versuch wert. Es vereint das Beste, was den zuf\u00e4lligen Video-Chat so spannend gemacht hat \u2013 echte menschliche Interaktion auf Knopfdruck \u2013 und bietet gleichzeitig eine reibungslosere Technologie und moderne Leistung.<\/p>\n<p>Es gibt keine Anmeldungen, keine Bezahlschranken und keine Barrieren \u2013 nur echte Gespr\u00e4che, ungefiltert und spontan.<\/p>\n<p>Ob Sie wollen oder nicht:<\/p>\n<ul>\n<li>Verbringe deine Zeit mit lustigen, zuf\u00e4lligen Chats,<\/li>\n<li>Entdecken Sie Menschen aus verschiedenen Kulturen oder<\/li>\n<li>Entdecken Sie wieder den Reiz, online mit Fremden zu sprechen...<\/li>\n<\/ul>\n<p>Randomskip ist der richtige Ort daf\u00fcr.<\/p>\n<p>Randomskip ist eine einfache, schnelle und kostenlose Website f\u00fcr zuf\u00e4llige Video-Chats, die Sie sofort mit Fremden auf der ganzen Welt verbindet. Sie ist privat, browserbasiert und f\u00fcr unverf\u00e4lschte, spontane Kontakte konzipiert \u2013 nur Sie, Ihre Kamera und die Welt, die auf der anderen Seite wartet.<\/p>\n<p>Bereit f\u00fcr Ihren n\u00e4chsten Chat? Besuchen Sie Randomskip, klicken Sie auf \u201cStart\u201d und sehen Sie, wen Sie als N\u00e4chstes treffen werden.<\/p>","protected":false},"excerpt":{"rendered":"<p>The best online experiences are often the simplest \u2014 and Randomskip proves it. Built for those who crave genuine, spontaneous interaction, Randomskip lets you meet new people instantly through live video chat, without sign-ups, fees, or complicated features. Just open the site, hit \u201cStart,\u201d and you\u2019re face-to-face with someone new from anywhere in the world. [&hellip;]<\/p>\n","protected":false},"author":6,"featured_media":0,"parent":0,"menu_order":0,"comment_status":"closed","ping_status":"closed","template":"","meta":{"footnotes":""},"class_list":["post-11180","page","type-page","status-publish","hentry"],"yoast_head":"<!-- This site is optimized with the Yoast SEO plugin v27.4 - https:\/\/yoast.com\/product\/yoast-seo-wordpress\/ -->\n<title>Randomskip - Free Webcam Chat - TinyChat.com<\/title>\n<meta name=\"description\" content=\"Enjoying Randomskip? Join over 50,000,000 strangers on TinyChat! Turn on your cam and start meeting new people, or find a match.\" \/>\n<meta name=\"robots\" content=\"index, follow, max-snippet:-1, max-image-preview:large, max-video-preview:-1\" \/>\n<link rel=\"canonical\" href=\"https:\/\/tinychat.com\/de\/randomskip\/\" \/>\n<meta property=\"og:locale\" content=\"de_DE\" \/>\n<meta property=\"og:type\" content=\"article\" \/>\n<meta property=\"og:title\" content=\"Randomskip - Free Webcam Chat - TinyChat.com\" \/>\n<meta property=\"og:description\" content=\"Enjoying Randomskip? Join over 50,000,000 strangers on TinyChat! Turn on your cam and start meeting new people, or find a match.\" \/>\n<meta property=\"og:url\" content=\"https:\/\/tinychat.com\/de\/randomskip\/\" \/>\n<meta property=\"og:site_name\" content=\"TinyChat\" \/>\n<meta property=\"article:publisher\" content=\"https:\/\/www.facebook.com\/tinychat\" \/>\n<meta property=\"article:modified_time\" content=\"2025-12-02T08:48:23+00:00\" \/>\n<meta property=\"og:image\" content=\"https:\/\/tinychat.com\/wp-content\/uploads\/2020\/04\/Tinychat-logo-1280x284-new-black.png\" \/>\n\t<meta property=\"og:image:width\" content=\"1280\" \/>\n\t<meta property=\"og:image:height\" content=\"284\" \/>\n\t<meta property=\"og:image:type\" content=\"image\/png\" \/>\n<meta name=\"twitter:card\" content=\"summary_large_image\" \/>\n<meta name=\"twitter:site\" content=\"@tinychat\" \/>\n<meta name=\"twitter:label1\" content=\"Gesch\u00e4tzte Lesezeit\" \/>\n\t<meta name=\"twitter:data1\" content=\"6\u00a0Minuten\" \/>\n<script type=\"application\/ld+json\" class=\"yoast-schema-graph\">{\"@context\":\"https:\\\/\\\/schema.org\",\"@graph\":[{\"@type\":\"WebPage\",\"@id\":\"https:\\\/\\\/tinychat.com\\\/randomskip\\\/\",\"url\":\"https:\\\/\\\/tinychat.com\\\/randomskip\\\/\",\"name\":\"Randomskip - Free Webcam Chat - TinyChat.com\",\"isPartOf\":{\"@id\":\"https:\\\/\\\/tinychat.com\\\/#website\"},\"datePublished\":\"2025-12-02T06:44:24+00:00\",\"dateModified\":\"2025-12-02T08:48:23+00:00\",\"description\":\"Enjoying Randomskip? Join over 50,000,000 strangers on TinyChat! Turn on your cam and start meeting new people, or find a match.\",\"breadcrumb\":{\"@id\":\"https:\\\/\\\/tinychat.com\\\/randomskip\\\/#breadcrumb\"},\"inLanguage\":\"de\",\"potentialAction\":[{\"@type\":\"ReadAction\",\"target\":[\"https:\\\/\\\/tinychat.com\\\/randomskip\\\/\"]}]},{\"@type\":\"BreadcrumbList\",\"@id\":\"https:\\\/\\\/tinychat.com\\\/randomskip\\\/#breadcrumb\",\"itemListElement\":[{\"@type\":\"ListItem\",\"position\":1,\"name\":\"Home\",\"item\":\"https:\\\/\\\/tinychat.com\\\/\"},{\"@type\":\"ListItem\",\"position\":2,\"name\":\"Randomskip\"}]},{\"@type\":\"WebSite\",\"@id\":\"https:\\\/\\\/tinychat.com\\\/#website\",\"url\":\"https:\\\/\\\/tinychat.com\\\/\",\"name\":\"TinyChat\",\"description\":\"Random Video Chat with Strangers\",\"publisher\":{\"@id\":\"https:\\\/\\\/tinychat.com\\\/#organization\"},\"alternateName\":\"TinyChat.com\",\"potentialAction\":[{\"@type\":\"SearchAction\",\"target\":{\"@type\":\"EntryPoint\",\"urlTemplate\":\"https:\\\/\\\/tinychat.com\\\/?s={search_term_string}\"},\"query-input\":{\"@type\":\"PropertyValueSpecification\",\"valueRequired\":true,\"valueName\":\"search_term_string\"}}],\"inLanguage\":\"de\"},{\"@type\":\"Organization\",\"@id\":\"https:\\\/\\\/tinychat.com\\\/#organization\",\"name\":\"TinyChat\",\"alternateName\":\"TinyChat.com\",\"url\":\"https:\\\/\\\/tinychat.com\\\/\",\"logo\":{\"@type\":\"ImageObject\",\"inLanguage\":\"de\",\"@id\":\"https:\\\/\\\/tinychat.com\\\/#\\\/schema\\\/logo\\\/image\\\/\",\"url\":\"https:\\\/\\\/tinychat.com\\\/wp-content\\\/uploads\\\/2023\\\/11\\\/Tinychat-icon-square.png\",\"contentUrl\":\"https:\\\/\\\/tinychat.com\\\/wp-content\\\/uploads\\\/2023\\\/11\\\/Tinychat-icon-square.png\",\"width\":284,\"height\":284,\"caption\":\"TinyChat\"},\"image\":{\"@id\":\"https:\\\/\\\/tinychat.com\\\/#\\\/schema\\\/logo\\\/image\\\/\"},\"sameAs\":[\"https:\\\/\\\/www.facebook.com\\\/tinychat\",\"https:\\\/\\\/x.com\\\/tinychat\"]}]}<\/script>\n<!-- \/ Yoast SEO plugin. -->","yoast_head_json":{"title":"Randomskip \u2013 Kostenloser Webcam-Chat \u2013 TinyChat.com","description":"Gef\u00e4llt Ihnen Randomskip? Schlie\u00dfen Sie sich \u00fcber 50.000.000 Fremden auf TinyChat an! Schalten Sie Ihre Kamera ein und lernen Sie neue Leute kennen oder finden Sie einen Partner.","robots":{"index":"index","follow":"follow","max-snippet":"max-snippet:-1","max-image-preview":"max-image-preview:large","max-video-preview":"max-video-preview:-1"},"canonical":"https:\/\/tinychat.com\/de\/randomskip\/","og_locale":"de_DE","og_type":"article","og_title":"Randomskip - Free Webcam Chat - TinyChat.com","og_description":"Enjoying Randomskip? Join over 50,000,000 strangers on TinyChat! Turn on your cam and start meeting new people, or find a match.","og_url":"https:\/\/tinychat.com\/de\/randomskip\/","og_site_name":"TinyChat","article_publisher":"https:\/\/www.facebook.com\/tinychat","article_modified_time":"2025-12-02T08:48:23+00:00","og_image":[{"width":1280,"height":284,"url":"https:\/\/tinychat.com\/wp-content\/uploads\/2020\/04\/Tinychat-logo-1280x284-new-black.png","type":"image\/png"}],"twitter_card":"summary_large_image","twitter_site":"@tinychat","twitter_misc":{"Gesch\u00e4tzte Lesezeit":"6\u00a0Minuten"},"schema":{"@context":"https:\/\/schema.org","@graph":[{"@type":"WebPage","@id":"https:\/\/tinychat.com\/randomskip\/","url":"https:\/\/tinychat.com\/randomskip\/","name":"Randomskip \u2013 Kostenloser Webcam-Chat \u2013 TinyChat.com","isPartOf":{"@id":"https:\/\/tinychat.com\/#website"},"datePublished":"2025-12-02T06:44:24+00:00","dateModified":"2025-12-02T08:48:23+00:00","description":"Gef\u00e4llt Ihnen Randomskip? Schlie\u00dfen Sie sich \u00fcber 50.000.000 Fremden auf TinyChat an! Schalten Sie Ihre Kamera ein und lernen Sie neue Leute kennen oder finden Sie einen Partner.","breadcrumb":{"@id":"https:\/\/tinychat.com\/randomskip\/#breadcrumb"},"inLanguage":"de","potentialAction":[{"@type":"ReadAction","target":["https:\/\/tinychat.com\/randomskip\/"]}]},{"@type":"BreadcrumbList","@id":"https:\/\/tinychat.com\/randomskip\/#breadcrumb","itemListElement":[{"@type":"ListItem","position":1,"name":"Home","item":"https:\/\/tinychat.com\/"},{"@type":"ListItem","position":2,"name":"Randomskip"}]},{"@type":"WebSite","@id":"https:\/\/tinychat.com\/#website","url":"https:\/\/tinychat.com\/","name":"TinyChat","description":"Zuf\u00e4lliger Video-Chat mit Fremden","publisher":{"@id":"https:\/\/tinychat.com\/#organization"},"alternateName":"TinyChat.com","potentialAction":[{"@type":"SearchAction","target":{"@type":"EntryPoint","urlTemplate":"https:\/\/tinychat.com\/?s={search_term_string}"},"query-input":{"@type":"PropertyValueSpecification","valueRequired":true,"valueName":"search_term_string"}}],"inLanguage":"de"},{"@type":"Organization","@id":"https:\/\/tinychat.com\/#organization","name":"TinyChat","alternateName":"TinyChat.com","url":"https:\/\/tinychat.com\/","logo":{"@type":"ImageObject","inLanguage":"de","@id":"https:\/\/tinychat.com\/#\/schema\/logo\/image\/","url":"https:\/\/tinychat.com\/wp-content\/uploads\/2023\/11\/Tinychat-icon-square.png","contentUrl":"https:\/\/tinychat.com\/wp-content\/uploads\/2023\/11\/Tinychat-icon-square.png","width":284,"height":284,"caption":"TinyChat"},"image":{"@id":"https:\/\/tinychat.com\/#\/schema\/logo\/image\/"},"sameAs":["https:\/\/www.facebook.com\/tinychat","https:\/\/x.com\/tinychat"]}]}},"_links":{"self":[{"href":"https:\/\/tinychat.com\/de\/wp-json\/wp\/v2\/pages\/11180","targetHints":{"allow":["GET"]}}],"collection":[{"href":"https:\/\/tinychat.com\/de\/wp-json\/wp\/v2\/pages"}],"about":[{"href":"https:\/\/tinychat.com\/de\/wp-json\/wp\/v2\/types\/page"}],"author":[{"embeddable":true,"href":"https:\/\/tinychat.com\/de\/wp-json\/wp\/v2\/users\/6"}],"replies":[{"embeddable":true,"href":"https:\/\/tinychat.com\/de\/wp-json\/wp\/v2\/comments?post=11180"}],"version-history":[{"count":4,"href":"https:\/\/tinychat.com\/de\/wp-json\/wp\/v2\/pages\/11180\/revisions"}],"predecessor-version":[{"id":13582,"href":"https:\/\/tinychat.com\/de\/wp-json\/wp\/v2\/pages\/11180\/revisions\/13582"}],"wp:attachment":[{"href":"https:\/\/tinychat.com\/de\/wp-json\/wp\/v2\/media?parent=11180"}],"curies":[{"name":"wp","href":"https:\/\/api.w.org\/{rel}","templated":true}]}}