{"id":11248,"date":"2025-12-02T08:53:16","date_gmt":"2025-12-02T06:53:16","guid":{"rendered":"https:\/\/tinychat.com\/?page_id=11248"},"modified":"2025-12-02T10:53:45","modified_gmt":"2025-12-02T08:53:45","slug":"spinchat","status":"publish","type":"page","link":"https:\/\/tinychat.com\/de\/spinchat\/","title":{"rendered":"Spinchat"},"content":{"rendered":"<p>Lange bevor moderne soziale Netzwerke das Internet dominierten, gab es Online-Communities, die auf Echtzeit-Konversationen und spontanen sozialen Interaktionen basierten. Spinchat ist eine dieser Plattformen \u2013 eine seit langem bestehende, gemeinschaftsorientierte Chat-Website, die Chatrooms der alten Schule mit einem modernen Touch kombiniert.<\/p>\n<p>Egal, ob Sie mit Menschen weltweit in Kontakt treten, aktiven Chatrooms beitreten, private Nachrichten versenden, Minispiele spielen oder sich an Online-Communities mit gemeinsamen Interessen beteiligen m\u00f6chten \u2013 Spinchat bietet ein \u00fcberraschend reichhaltiges und nostalgisches Erlebnis, das auch heute noch aktuell ist.<\/p>\n<p>Dieser ausf\u00fchrliche Leitfaden erkl\u00e4rt, was Spinchat ist, welche Hauptfunktionen es hat, wie es funktioniert, f\u00fcr wen es geeignet ist, wie es im Vergleich zu anderen Chat-Plattformen abschneidet, welche Sicherheitsrichtlinien es gibt, wie man Probleme behebt und was es im Bereich der Online-Chats so besonders macht.<\/p>\n<h2>Was ist Spinchat?<\/h2>\n<p>Spinchat ist eine Online-Community-Plattform, die Echtzeit-Chatrooms, private Nachrichten, Benutzerprofile, Minispiele und soziale Funktionen bietet. Es handelt sich nicht um einen zuf\u00e4lligen Video-Chat-Dienst wie Omegle oder Chatroulette \u2013 stattdessen konzentriert sich Spinchat auf gruppenbasierte Interaktionen, sodass Benutzer themenbezogenen Chatrooms beitreten und Menschen mit gemeinsamen Interessen kennenlernen k\u00f6nnen.<\/p>\n<p>Stellen Sie sich das als eine Mischung aus folgenden Elementen vor:<\/p>\n<ul>\n<li>Klassischer Chat im IRC-Stil<\/li>\n<li>Soziale Netzwerke der alten Schule<\/li>\n<li>Leichtes Gaming und virtuelle Interaktion<\/li>\n<li>Moderne Benutzerprofile und Community-Tools<\/li>\n<\/ul>\n<p>Spinchat gibt es schon seit vielen Jahren und hat eine stabile, treue Nutzerbasis aufgebaut, insbesondere unter Menschen, die eher eine langsamere, gemeinschaftsorientierte Chat-Erfahrung suchen als anonyme Einzelgespr\u00e4che.<\/p>\n<p>Es ist perfekt f\u00fcr Benutzer, die Folgendes w\u00fcnschen:<\/p>\n<ul>\n<li>Best\u00e4ndige Gemeinschaften statt schneller Wechsel<\/li>\n<li>Textbasierte Chatrooms, gruppiert nach Themen<\/li>\n<li>Profile zur Personalisierung ihrer Pr\u00e4senz<\/li>\n<li>Private Nachrichten und Freundeslisten<\/li>\n<li>Unterhaltsame Minispiele und interaktive Funktionen<\/li>\n<li>Eine sicherere, strukturierte Alternative zu zuf\u00e4lligen Chats<\/li>\n<\/ul>\n<h2>Wichtigste Merkmale von Spinchat<\/h2>\n<p>Spinchat bietet \u00fcberraschend umfangreiche Funktionen, die \u00fcber einen einfachen Chat hinausgehen. Hier sind die Besonderheiten der Plattform:<\/p>\n<h3>1. Chatrooms nach Interessen<\/h3>\n<p>Treten Sie R\u00e4umen bei, die folgenden Themen gewidmet sind:<\/p>\n<ul>\n<li>Partnersuche<\/li>\n<li>Musik<\/li>\n<li>Spielen<\/li>\n<li>Lifestyle-Themen<\/li>\n<li>Lokale Sprachen<\/li>\n<li>Gemeinschaften f\u00fcr Jugendliche und junge Erwachsene<\/li>\n<li>Internationaler Chat<\/li>\n<\/ul>\n<p>Chatrooms helfen Nutzern dabei, auf nat\u00fcrliche Weise Menschen mit gemeinsamen Interessen kennenzulernen.<\/p>\n<h3>2. Benutzerprofile<\/h3>\n<p>Im Gegensatz zu anonymen Video-Chat-Seiten k\u00f6nnen Sie bei Spinchat ein pers\u00f6nliches Profil erstellen, das Folgendes umfasst:<\/p>\n<ul>\n<li>Avatar oder Profilbild<\/li>\n<li>Grundlegende Informationen \u00fcber dich selbst<\/li>\n<li>Statusmeldungen<\/li>\n<li>Freundeslisten<\/li>\n<\/ul>\n<p>Dadurch entsteht eine sozialere, netzwerk\u00e4hnliche Umgebung.<\/p>\n<h3>3. Private Nachrichten\u00fcbermittlung<\/h3>\n<p>Sie k\u00f6nnen senden:<\/p>\n<ul>\n<li>Direktnachrichten an Benutzer<\/li>\n<li>Freundschaftsanfragen<\/li>\n<li>Offline-Nachrichten, wenn jemand nicht online ist<\/li>\n<\/ul>\n<p>Private Nachrichten erm\u00f6glichen tiefere Gespr\u00e4che au\u00dferhalb der Hauptr\u00e4ume.<\/p>\n<h3>4. Minispiele und interaktive Funktionen<\/h3>\n<p>Spinchat enth\u00e4lt kleine Online-Spiele, die Sie mit anderen spielen k\u00f6nnen, um das Eis zu brechen oder Ihre Zeit auf der Plattform unterhaltsamer zu gestalten.<\/p>\n<p>Beliebte interaktive Elemente sind unter anderem:<\/p>\n<ul>\n<li>Matchbasierte Spiele<\/li>\n<li>Quizspiele<\/li>\n<li>Einfache Funktionen im Arcade-Stil<\/li>\n<\/ul>\n<p>Diese Spiele f\u00f6rdern die Interaktion \u00fcber den Text-Chat hinaus.<\/p>\n<h3>5. Unterst\u00fctzung f\u00fcr Mobilger\u00e4te und Desktop-Computer<\/h3>\n<p>Spinchat l\u00e4uft auf:<\/p>\n<ul>\n<li>Desktop-Browser<\/li>\n<li>Mobile Browser<\/li>\n<li>F\u00fcr Mobilger\u00e4te optimierte Layouts<\/li>\n<\/ul>\n<p>Es ist keine App-Installation erforderlich, sodass die Plattform \u00fcberall zug\u00e4nglich ist.<\/p>\n<h3>6. Moderationswerkzeuge<\/h3>\n<p>Spinchat umfasst:<\/p>\n<ul>\n<li>Raum-Moderatoren<\/li>\n<li>Benutzerberichte<\/li>\n<li>Community-Richtlinien<\/li>\n<\/ul>\n<p>Dies tr\u00e4gt dazu bei, dass Gespr\u00e4che respektvoll bleiben und problematisches Verhalten reduziert wird.<\/p>\n<h3>7. Frei zu verwenden<\/h3>\n<p>Die meisten Funktionen sind komplett kostenlos. Es gibt optionale Premium-Upgrades, aber das grundlegende Chatten und die Teilnahme an der Community kosten nichts.<\/p>\n<h2>Verwendung von Spinchat<\/h2>\n<p>Der Einstieg in Spinchat ist ganz einfach \u2013 Sie k\u00f6nnen als Gast beitreten oder ein Konto erstellen.<\/p>\n<h3>Schritt 1: Besuchen Sie die Website<\/h3>\n<p>Rufen Sie Spinchat.com in Ihrem Browser auf.<\/p>\n<h3>Schritt 2: W\u00e4hlen Sie den Gastmodus oder erstellen Sie ein Konto.<\/h3>\n<p>Sie k\u00f6nnen:<\/p>\n<ul>\n<li>Sofort als Gast mit eingeschr\u00e4nkten Funktionen starten<\/li>\n<li>Erstellen Sie ein kostenloses Konto, um alle Funktionen nutzen zu k\u00f6nnen (empfohlen)<\/li>\n<\/ul>\n<h3>Schritt 3: Chatrooms betreten<\/h3>\n<p>Durchsuchen Sie die Kategorien und betreten Sie einen Chatroom, der Ihren Interessen entspricht.<\/p>\n<h3>Schritt 4: Personalisieren Sie Ihr Profil<\/h3>\n<p>Wenn Sie ein Konto erstellen, laden Sie ein Bild hoch, f\u00fcgen Sie Details hinzu und legen Sie einen Status fest.<\/p>\n<h3>Schritt 5: Chatten beginnen<\/h3>\n<p>Nehmen Sie an \u00f6ffentlichen Unterhaltungen teil, versenden Sie private Nachrichten oder interagieren Sie mit Minispielen.<\/p>\n<h3>Schritt 6: Entdecken Sie die Community<\/h3>\n<p>F\u00fcge Freunde hinzu, trete verschiedenen Chatrooms bei und nutze die sozialen Funktionen der Plattform.<\/p>\n<h2>Benutzererfahrung auf Spinchat<\/h2>\n<p>Spinchat bietet ein gemeinschaftsorientiertes Erlebnis, anders als moderne Swipe-basierte oder zuf\u00e4llige Video-Chat-Plattformen. Die Nutzer genie\u00dfen die entspannte Atmosph\u00e4re und die M\u00f6glichkeit, Menschen nach und nach kennenzulernen, anstatt sofort.<\/p>\n<h3>Was Benutzer lieben<\/h3>\n<ul>\n<li>Freundliche, gemeinschaftsorientierte Umgebung<\/li>\n<li>\u00dcbersichtliche Chatrooms, gruppiert nach Interessen<\/li>\n<li>F\u00e4higkeit, dauerhafte Freundschaften zu schlie\u00dfen<\/li>\n<li>Interaktive Minispiele<\/li>\n<li>Benutzerprofile helfen beim Aufbau einer sozialen Identit\u00e4t.<\/li>\n<li>Starke Moderation im Vergleich zu anonymen Apps<\/li>\n<li>Kostenloser Zugang zu den Kernfunktionen<\/li>\n<\/ul>\n<h3>Wo die Nutzer Raum f\u00fcr Verbesserungen sehen<\/h3>\n<ul>\n<li>Die Benutzeroberfl\u00e4che sieht im Vergleich zu modernen Apps \u00e4lter aus.<\/li>\n<li>Einige Zimmer k\u00f6nnen au\u00dferhalb der Sto\u00dfzeiten ruhig sein.<\/li>\n<li>Optionale Premium-Funktionen k\u00f6nnen neue Benutzer verwirren.<\/li>\n<li>Nicht ideal f\u00fcr Nutzer, die anonymen zuf\u00e4lligen Video-Chats suchen<\/li>\n<li>Die Desktop-Erfahrung ist in manchen F\u00e4llen besser als die mobile Erfahrung.<\/li>\n<\/ul>\n<p>Dennoch ist das klassische Design von Spinchat Teil seines Charmes \u2013 und ein wichtiger Grund, warum langj\u00e4hrige Nutzer ihm treu bleiben.<\/p>\n<h2>Spinchat im Vergleich zu anderen Online-Chat-Plattformen<\/h2>\n<p>Hier ist ein Vergleich mit Spinchat:<\/p>\n<table>\n<thead>\n<tr>\n<th>Merkmal<\/th>\n<th>Spinchat<\/th>\n<th>Omegle<\/th>\n<th>Chatroulette<\/th>\n<th>ChatHub<\/th>\n<th>Tinychat<\/th>\n<th>Wireclub<\/th>\n<\/tr>\n<\/thead>\n<tbody>\n<tr>\n<td>Zuf\u00e4lliges Matching<\/td>\n<td>\u274c Nein<\/td>\n<td>\u2705 Ja<\/td>\n<td>\u2705 Ja<\/td>\n<td>Ja<\/td>\n<td>\u274c Nein<\/td>\n<td>\u274c Nein<\/td>\n<\/tr>\n<tr>\n<td>Chatr\u00e4ume<\/td>\n<td>\u2705 Ja<\/td>\n<td>\u274c Nein<\/td>\n<td>\u274c Nein<\/td>\n<td>Begrenzt<\/td>\n<td>\u2705 Ja<\/td>\n<td>\u2705 Ja<\/td>\n<\/tr>\n<tr>\n<td>Benutzerprofile<\/td>\n<td>\u2705 Ja<\/td>\n<td>\u274c Nein<\/td>\n<td>\u274c Nein<\/td>\n<td>Ja<\/td>\n<td>Ja<\/td>\n<td>Ja<\/td>\n<\/tr>\n<tr>\n<td>Private Nachrichten\u00fcbermittlung<\/td>\n<td>\u2705 Ja<\/td>\n<td>\u274c Nein<\/td>\n<td>\u274c Nein<\/td>\n<td>Ja<\/td>\n<td>Ja<\/td>\n<td>Ja<\/td>\n<\/tr>\n<tr>\n<td>Video-Chat<\/td>\n<td>\u274c Nicht prim\u00e4r<\/td>\n<td>Ja<\/td>\n<td>Ja<\/td>\n<td>Ja<\/td>\n<td>Ja<\/td>\n<td>Begrenzt<\/td>\n<\/tr>\n<tr>\n<td>Minispiele<\/td>\n<td>\u2705 Ja<\/td>\n<td>\u274c Nein<\/td>\n<td>\u274c Nein<\/td>\n<td>\u274c Nein<\/td>\n<td>\u274c Nein<\/td>\n<td>Begrenzt<\/td>\n<\/tr>\n<tr>\n<td>Am besten f\u00fcr<\/td>\n<td>Gemeinschaften<\/td>\n<td>Zuf\u00e4llige Chats<\/td>\n<td>Schnelle Spr\u00fcnge<\/td>\n<td>Filter<\/td>\n<td>Gruppen-Video-Chat<\/td>\n<td>Soziale Chatrooms<\/td>\n<\/tr>\n<\/tbody>\n<\/table>\n<p>Zusammenfassung:<br \/>\nSpinchat \u00e4hnelt eher Wireclub, Chatroom2000, Chatiw und klassischen IRC-Chatrooms als zuf\u00e4lligen Video-Chat-Seiten wie Omegle. Es eignet sich ideal zum Aufbau von Communities, nicht jedoch f\u00fcr spontane anonyme Begegnungen.<\/p>\n<h2>Sicherheit und Datenschutz auf Spinchat<\/h2>\n<p>Spinchat bietet mehr Struktur und Moderation als zuf\u00e4llige Video-Chat-Plattformen. Dennoch sollten Nutzer wachsam bleiben.<\/p>\n<h3>Eingebaute Sicherheits-Tools<\/h3>\n<ul>\n<li>Moderierte R\u00e4ume<\/li>\n<li>Meldesystem<\/li>\n<li>Benutzerfunktion sperren<\/li>\n<li>Einstellungen f\u00fcr die Sichtbarkeit des Profils<\/li>\n<\/ul>\n<h3>Tipps f\u00fcr Ihre Sicherheit<\/h3>\n<ul>\n<li>Vermeiden Sie es, private Details weiterzugeben.<\/li>\n<li>Unangemessene Nutzer melden<\/li>\n<li>Blockiere jeden, der dir Unbehagen bereitet.<\/li>\n<li>Verwenden Sie einen Spitznamen, nicht Ihren richtigen Namen.<\/li>\n<li>Eltern sollten Minderj\u00e4hrige beaufsichtigen.<\/li>\n<\/ul>\n<p>Mit diesen Tools bietet Spinchat eine sicherere Umgebung als die meisten anonymen Plattformen.<\/p>\n<h2>Tipps, um das Beste aus Spinchat herauszuholen<\/h2>\n<p>So verbessern Sie Ihre Erfahrung:<\/p>\n<ul>\n<li>Erstellen Sie einen einpr\u00e4gsamen Benutzernamen, um Ihre Pr\u00e4senz aufzubauen.<\/li>\n<li>Treten Sie R\u00e4umen bei, in denen aktiv diskutiert wird.<\/li>\n<li>Nimm regelm\u00e4\u00dfig teil \u2013 Gemeinschaften entstehen durch Interaktion.<\/li>\n<li>Probieren Sie die Minispiele aus, um das Eis zu brechen.<\/li>\n<li>F\u00fcllen Sie Ihr Profil aus, damit andere einen Eindruck davon bekommen, wer Sie sind.<\/li>\n<li>Freunde hinzuf\u00fcgen, mit denen Sie in Verbindung stehen<\/li>\n<li>Besuchen Sie uns w\u00e4hrend der Sto\u00dfzeiten f\u00fcr lebhaftere Chats.<\/li>\n<\/ul>\n<p>Je mehr Sie sich engagieren, desto besser wird die Erfahrung sein.<\/p>\n<h2>H\u00e4ufige Probleme und Fehlerbehebung<\/h2>\n<h3>Problem: Chatroom wird nicht geladen<\/h3>\n<ul>\n<li>Seite aktualisieren<\/li>\n<li>Versuchen Sie es mit einem anderen Browser.<\/li>\n<li>Adblock vor\u00fcbergehend deaktivieren<\/li>\n<\/ul>\n<h3>Problem: Nachrichten werden nicht gesendet<\/h3>\n<ul>\n<li>Die Verbindung wurde m\u00f6glicherweise unterbrochen.<\/li>\n<li>Abmelden und wieder anmelden<\/li>\n<li>Browser-Cache leeren<\/li>\n<\/ul>\n<h3>Problem: Nur wenige Menschen online<\/h3>\n<ul>\n<li>Versuchen Sie es zu Spitzenzeiten<\/li>\n<li>Mehrere Chatrooms erkunden<\/li>\n<\/ul>\n<h3>Problem: Profilbild kann nicht hochgeladen werden<\/h3>\n<ul>\n<li>Stellen Sie die richtige Dateigr\u00f6\u00dfe sicher.<\/li>\n<li>Versuchen Sie es mit einem anderen Browser.<\/li>\n<\/ul>\n<p>Spinchat ist insgesamt zuverl\u00e4ssig, aber bei \u00e4lteren Plattformen kann gelegentlich eine Fehlerbehebung erforderlich sein.<\/p>\n<h2>Warum Menschen sich f\u00fcr Spinchat entscheiden<\/h2>\n<p>Spinchat zieht weiterhin Nutzer an, weil es Folgendes bietet:<\/p>\n<ul>\n<li>Eine stabile, langj\u00e4hrige Gemeinschaft<\/li>\n<li>Eine Mischung aus Chatrooms und privaten Nachrichten<\/li>\n<li>Profile und soziale Funktionen fehlen auf Zufalls-Chat-Seiten<\/li>\n<li>Eine besser kontrollierte, moderierte Umgebung<\/li>\n<li>Ein nostalgisches Gef\u00fchl, das langj\u00e4hrige Internetnutzer zu sch\u00e4tzen wissen<\/li>\n<\/ul>\n<p>F\u00fcr Menschen, die anonyme Einzelvideochats leid sind, bietet Spinchat eine erfrischende Alternative, die pers\u00f6nlicher und gemeinschaftsorientierter ist.<\/p>\n<h2>Abschlie\u00dfende Gedanken: Lohnt sich die Verwendung von Spinchat?<\/h2>\n<p>Wenn Sie auf der Suche nach strukturierten Chatrooms, sozialer Interaktion und einer Online-Community-Atmosph\u00e4re sind, ist Spinchat auf jeden Fall einen Versuch wert. Es handelt sich nicht um eine zuf\u00e4llige Video-Chat-Website, sondern um eine umfassende soziale Chat-Community, in der Freundschaften, Gespr\u00e4che und langfristige Interaktionen gedeihen.<\/p>\n<p>Ob Sie wollen oder nicht:<\/p>\n<ul>\n<li>Beil\u00e4ufig plaudern<\/li>\n<li>Themenbasierten R\u00e4umen beitreten<\/li>\n<li>Wiederkehrende Freunde finden<\/li>\n<li>Minispiele spielen<\/li>\n<li>Genie\u00dfen Sie die Nostalgie klassischer Chat-Communities<\/li>\n<\/ul>\n<p>Spinchat bietet eine warme, vertraute Umgebung, die sich von der Masse an anonymen Apps abhebt.<\/p>\n<p>Spinchat ist eine Community-basierte Chat-Plattform mit R\u00e4umen, Profilen, Nachrichtenfunktion und Spielen \u2013 sie bietet ein klassisches soziales Erlebnis, das Spa\u00df macht, freundlich und \u00fcberraschend aktiv ist.<\/p>\n<p>Sind Sie bereit, sich an der Unterhaltung zu beteiligen? Besuchen Sie Spinchat, betreten Sie einen Raum und beginnen Sie mit Menschen zu chatten, die Ihre Interessen teilen.<\/p>","protected":false},"excerpt":{"rendered":"<p>Long before modern social networks dominated the internet, there were online communities built around real-time conversation and spontaneous social interaction. Spinchat is one of those platforms \u2014 a long-running, community-driven chat site that combines old-school chatrooms with a modern twist. Whether you&#8217;re looking to connect with people worldwide, join active chatrooms, send private messages, play [&hellip;]<\/p>\n","protected":false},"author":6,"featured_media":0,"parent":0,"menu_order":0,"comment_status":"closed","ping_status":"closed","template":"","meta":{"footnotes":""},"class_list":["post-11248","page","type-page","status-publish","hentry"],"yoast_head":"<!-- This site is optimized with the Yoast SEO plugin v27.4 - https:\/\/yoast.com\/product\/yoast-seo-wordpress\/ -->\n<title>Spinchat - Free Chat, Meet Friends, Play Games - TinyChat.com<\/title>\n<meta name=\"description\" content=\"Enjoying Spinchat? Join over 50,000,000 strangers on TinyChat! Turn on your cam and start meeting new people, or find a match.\" \/>\n<meta name=\"robots\" content=\"index, follow, max-snippet:-1, max-image-preview:large, max-video-preview:-1\" \/>\n<link rel=\"canonical\" href=\"https:\/\/tinychat.com\/de\/spinchat\/\" \/>\n<meta property=\"og:locale\" content=\"de_DE\" \/>\n<meta property=\"og:type\" content=\"article\" \/>\n<meta property=\"og:title\" content=\"Spinchat - Free Chat, Meet Friends, Play Games - TinyChat.com\" \/>\n<meta property=\"og:description\" content=\"Enjoying Spinchat? Join over 50,000,000 strangers on TinyChat! Turn on your cam and start meeting new people, or find a match.\" \/>\n<meta property=\"og:url\" content=\"https:\/\/tinychat.com\/de\/spinchat\/\" \/>\n<meta property=\"og:site_name\" content=\"TinyChat\" \/>\n<meta property=\"article:publisher\" content=\"https:\/\/www.facebook.com\/tinychat\" \/>\n<meta property=\"article:modified_time\" content=\"2025-12-02T08:53:45+00:00\" \/>\n<meta property=\"og:image\" content=\"https:\/\/tinychat.com\/wp-content\/uploads\/2020\/04\/Tinychat-logo-1280x284-new-black.png\" \/>\n\t<meta property=\"og:image:width\" content=\"1280\" \/>\n\t<meta property=\"og:image:height\" content=\"284\" \/>\n\t<meta property=\"og:image:type\" content=\"image\/png\" \/>\n<meta name=\"twitter:card\" content=\"summary_large_image\" \/>\n<meta name=\"twitter:site\" content=\"@tinychat\" \/>\n<meta name=\"twitter:label1\" content=\"Gesch\u00e4tzte Lesezeit\" \/>\n\t<meta name=\"twitter:data1\" content=\"6\u00a0Minuten\" \/>\n<script type=\"application\/ld+json\" class=\"yoast-schema-graph\">{\"@context\":\"https:\\\/\\\/schema.org\",\"@graph\":[{\"@type\":\"WebPage\",\"@id\":\"https:\\\/\\\/tinychat.com\\\/spinchat\\\/\",\"url\":\"https:\\\/\\\/tinychat.com\\\/spinchat\\\/\",\"name\":\"Spinchat - Free Chat, Meet Friends, Play Games - TinyChat.com\",\"isPartOf\":{\"@id\":\"https:\\\/\\\/tinychat.com\\\/#website\"},\"datePublished\":\"2025-12-02T06:53:16+00:00\",\"dateModified\":\"2025-12-02T08:53:45+00:00\",\"description\":\"Enjoying Spinchat? Join over 50,000,000 strangers on TinyChat! Turn on your cam and start meeting new people, or find a match.\",\"breadcrumb\":{\"@id\":\"https:\\\/\\\/tinychat.com\\\/spinchat\\\/#breadcrumb\"},\"inLanguage\":\"de\",\"potentialAction\":[{\"@type\":\"ReadAction\",\"target\":[\"https:\\\/\\\/tinychat.com\\\/spinchat\\\/\"]}]},{\"@type\":\"BreadcrumbList\",\"@id\":\"https:\\\/\\\/tinychat.com\\\/spinchat\\\/#breadcrumb\",\"itemListElement\":[{\"@type\":\"ListItem\",\"position\":1,\"name\":\"Home\",\"item\":\"https:\\\/\\\/tinychat.com\\\/\"},{\"@type\":\"ListItem\",\"position\":2,\"name\":\"Spinchat\"}]},{\"@type\":\"WebSite\",\"@id\":\"https:\\\/\\\/tinychat.com\\\/#website\",\"url\":\"https:\\\/\\\/tinychat.com\\\/\",\"name\":\"TinyChat\",\"description\":\"Random Video Chat with Strangers\",\"publisher\":{\"@id\":\"https:\\\/\\\/tinychat.com\\\/#organization\"},\"alternateName\":\"TinyChat.com\",\"potentialAction\":[{\"@type\":\"SearchAction\",\"target\":{\"@type\":\"EntryPoint\",\"urlTemplate\":\"https:\\\/\\\/tinychat.com\\\/?s={search_term_string}\"},\"query-input\":{\"@type\":\"PropertyValueSpecification\",\"valueRequired\":true,\"valueName\":\"search_term_string\"}}],\"inLanguage\":\"de\"},{\"@type\":\"Organization\",\"@id\":\"https:\\\/\\\/tinychat.com\\\/#organization\",\"name\":\"TinyChat\",\"alternateName\":\"TinyChat.com\",\"url\":\"https:\\\/\\\/tinychat.com\\\/\",\"logo\":{\"@type\":\"ImageObject\",\"inLanguage\":\"de\",\"@id\":\"https:\\\/\\\/tinychat.com\\\/#\\\/schema\\\/logo\\\/image\\\/\",\"url\":\"https:\\\/\\\/tinychat.com\\\/wp-content\\\/uploads\\\/2023\\\/11\\\/Tinychat-icon-square.png\",\"contentUrl\":\"https:\\\/\\\/tinychat.com\\\/wp-content\\\/uploads\\\/2023\\\/11\\\/Tinychat-icon-square.png\",\"width\":284,\"height\":284,\"caption\":\"TinyChat\"},\"image\":{\"@id\":\"https:\\\/\\\/tinychat.com\\\/#\\\/schema\\\/logo\\\/image\\\/\"},\"sameAs\":[\"https:\\\/\\\/www.facebook.com\\\/tinychat\",\"https:\\\/\\\/x.com\\\/tinychat\"]}]}<\/script>\n<!-- \/ Yoast SEO plugin. -->","yoast_head_json":{"title":"Spinchat \u2013 Kostenlos chatten, Freunde treffen, Spiele spielen \u2013 TinyChat.com","description":"Gef\u00e4llt Ihnen Spinchat? Schlie\u00dfen Sie sich \u00fcber 50.000.000 Fremden auf TinyChat an! Schalten Sie Ihre Kamera ein und lernen Sie neue Leute kennen oder finden Sie einen Partner.","robots":{"index":"index","follow":"follow","max-snippet":"max-snippet:-1","max-image-preview":"max-image-preview:large","max-video-preview":"max-video-preview:-1"},"canonical":"https:\/\/tinychat.com\/de\/spinchat\/","og_locale":"de_DE","og_type":"article","og_title":"Spinchat - Free Chat, Meet Friends, Play Games - TinyChat.com","og_description":"Enjoying Spinchat? Join over 50,000,000 strangers on TinyChat! Turn on your cam and start meeting new people, or find a match.","og_url":"https:\/\/tinychat.com\/de\/spinchat\/","og_site_name":"TinyChat","article_publisher":"https:\/\/www.facebook.com\/tinychat","article_modified_time":"2025-12-02T08:53:45+00:00","og_image":[{"width":1280,"height":284,"url":"https:\/\/tinychat.com\/wp-content\/uploads\/2020\/04\/Tinychat-logo-1280x284-new-black.png","type":"image\/png"}],"twitter_card":"summary_large_image","twitter_site":"@tinychat","twitter_misc":{"Gesch\u00e4tzte Lesezeit":"6\u00a0Minuten"},"schema":{"@context":"https:\/\/schema.org","@graph":[{"@type":"WebPage","@id":"https:\/\/tinychat.com\/spinchat\/","url":"https:\/\/tinychat.com\/spinchat\/","name":"Spinchat \u2013 Kostenlos chatten, Freunde treffen, Spiele spielen \u2013 TinyChat.com","isPartOf":{"@id":"https:\/\/tinychat.com\/#website"},"datePublished":"2025-12-02T06:53:16+00:00","dateModified":"2025-12-02T08:53:45+00:00","description":"Gef\u00e4llt Ihnen Spinchat? Schlie\u00dfen Sie sich \u00fcber 50.000.000 Fremden auf TinyChat an! Schalten Sie Ihre Kamera ein und lernen Sie neue Leute kennen oder finden Sie einen Partner.","breadcrumb":{"@id":"https:\/\/tinychat.com\/spinchat\/#breadcrumb"},"inLanguage":"de","potentialAction":[{"@type":"ReadAction","target":["https:\/\/tinychat.com\/spinchat\/"]}]},{"@type":"BreadcrumbList","@id":"https:\/\/tinychat.com\/spinchat\/#breadcrumb","itemListElement":[{"@type":"ListItem","position":1,"name":"Home","item":"https:\/\/tinychat.com\/"},{"@type":"ListItem","position":2,"name":"Spinchat"}]},{"@type":"WebSite","@id":"https:\/\/tinychat.com\/#website","url":"https:\/\/tinychat.com\/","name":"TinyChat","description":"Zuf\u00e4lliger Video-Chat mit Fremden","publisher":{"@id":"https:\/\/tinychat.com\/#organization"},"alternateName":"TinyChat.com","potentialAction":[{"@type":"SearchAction","target":{"@type":"EntryPoint","urlTemplate":"https:\/\/tinychat.com\/?s={search_term_string}"},"query-input":{"@type":"PropertyValueSpecification","valueRequired":true,"valueName":"search_term_string"}}],"inLanguage":"de"},{"@type":"Organization","@id":"https:\/\/tinychat.com\/#organization","name":"TinyChat","alternateName":"TinyChat.com","url":"https:\/\/tinychat.com\/","logo":{"@type":"ImageObject","inLanguage":"de","@id":"https:\/\/tinychat.com\/#\/schema\/logo\/image\/","url":"https:\/\/tinychat.com\/wp-content\/uploads\/2023\/11\/Tinychat-icon-square.png","contentUrl":"https:\/\/tinychat.com\/wp-content\/uploads\/2023\/11\/Tinychat-icon-square.png","width":284,"height":284,"caption":"TinyChat"},"image":{"@id":"https:\/\/tinychat.com\/#\/schema\/logo\/image\/"},"sameAs":["https:\/\/www.facebook.com\/tinychat","https:\/\/x.com\/tinychat"]}]}},"_links":{"self":[{"href":"https:\/\/tinychat.com\/de\/wp-json\/wp\/v2\/pages\/11248","targetHints":{"allow":["GET"]}}],"collection":[{"href":"https:\/\/tinychat.com\/de\/wp-json\/wp\/v2\/pages"}],"about":[{"href":"https:\/\/tinychat.com\/de\/wp-json\/wp\/v2\/types\/page"}],"author":[{"embeddable":true,"href":"https:\/\/tinychat.com\/de\/wp-json\/wp\/v2\/users\/6"}],"replies":[{"embeddable":true,"href":"https:\/\/tinychat.com\/de\/wp-json\/wp\/v2\/comments?post=11248"}],"version-history":[{"count":3,"href":"https:\/\/tinychat.com\/de\/wp-json\/wp\/v2\/pages\/11248\/revisions"}],"predecessor-version":[{"id":13585,"href":"https:\/\/tinychat.com\/de\/wp-json\/wp\/v2\/pages\/11248\/revisions\/13585"}],"wp:attachment":[{"href":"https:\/\/tinychat.com\/de\/wp-json\/wp\/v2\/media?parent=11248"}],"curies":[{"name":"wp","href":"https:\/\/api.w.org\/{rel}","templated":true}]}}