{"id":11273,"date":"2025-07-26T15:04:37","date_gmt":"2025-07-26T13:04:37","guid":{"rendered":"https:\/\/tinychat.com\/?page_id=11273"},"modified":"2025-07-26T17:45:09","modified_gmt":"2025-07-26T15:45:09","slug":"321chat","status":"publish","type":"page","link":"https:\/\/tinychat.com\/de\/321chat\/","title":{"rendered":"321Schm\u00e4tzer"},"content":{"rendered":"<p>Im Zeitalter endloser Dating-Apps und schnell scrollender sozialer Netzwerke hat ein Ort, an dem man einfach nur reden kann, etwas erfrischend Echtes - kein Swipen, kein Matching, kein Druck. 321Chat ist eine der \u00e4ltesten und angesehensten Chatroom-Communities im Internet, die Menschen aus allen Gesellschaftsschichten zu Gespr\u00e4chen, Unterst\u00fctzung, Freundschaft und manchmal sogar Romantik zusammenbringt.<\/p>\n<p>Ob du ein Teenager bist, der einen sicheren Ort zum Chatten sucht, ein Erwachsener, der Gesellschaft sucht, oder jemand, der einer Gemeinschaft beitreten m\u00f6chte, die auf Respekt und Spa\u00df aufgebaut ist, 321Chat hat einen Raum f\u00fcr dich. Mit einer jahrzehntelangen Geschichte, starker Moderation und einem Fokus auf Vielfalt, Inklusivit\u00e4t und Benutzersicherheit ist 321Chat ein vertrauensw\u00fcrdiges Ziel f\u00fcr echte Verbindungen in einer entspannten, freundlichen Umgebung.<\/p>\n<p>In diesem ausf\u00fchrlichen Leitfaden erf\u00e4hrst du alles, was du \u00fcber 321Chat wissen musst: Funktionsweise, herausragende Funktionen, Benutzerfreundlichkeit, Datenschutz und Sicherheit, Vergleiche mit anderen Chatseiten, Fehlerbehebung und Tipps, um das Beste aus jedem Chatroombesuch herauszuholen.<\/p>\n<h2>Was ist 321Chat?<\/h2>\n<p>321Chat ist eine seit langem bestehende, browserbasierte Chat-Plattform, die Dutzende von kostenlosen, \u00f6ffentlichen und privaten Chat-R\u00e4umen f\u00fcr jedes Alter, jeden Hintergrund und jedes Interesse bietet. Es wurde 2002 gegr\u00fcndet und ist eines der urspr\u00fcnglichen sozialen Netzwerke, das im Laufe der Jahre Millionen von Nutzern begr\u00fc\u00dft hat.<\/p>\n<p>Die Seite ist um gemeinschaftsorientierte Chat-R\u00e4ume herum aufgebaut, jeder mit eigenem Thema, eigenen Regeln und Stammg\u00e4sten. Einige der beliebtesten R\u00e4ume sind:<\/p>\n<ul>\n<li>Teenager-Chat (13-19)<\/li>\n<li>Allgemeiner Chat<\/li>\n<li>Erwachsenen-Chat (18+)<\/li>\n<li>Singles Chat<\/li>\n<li>LGBT-Schw\u00e4tzchen<\/li>\n<li>Christlicher Chat<\/li>\n<li>Internationaler und Sprach-Chat<\/li>\n<li>Interessen- und Unterst\u00fctzungsr\u00e4ume (z. B. Elternschaft, psychische Gesundheit, Musik, Spiele)<\/li>\n<\/ul>\n<p>321Chat ist offen f\u00fcr alle (mit altersgerechten R\u00e4umen und strenger Moderation), und es ist keine Anmeldung erforderlich, um mit dem Chatten zu beginnen.<\/p>\n<h2>Hauptmerkmale von 321Chat<\/h2>\n<p>Bei 321Chat geht es darum, Menschen in einer sicheren, freundlichen Umgebung zusammenzubringen. Hier ist, was macht es eine Top-Wahl unter den klassischen Chat-R\u00e4ume:<\/p>\n<h3>1. Dutzende von kostenlosen, \u00f6ffentlichen Chatr\u00e4umen<\/h3>\n<p>Von Teenagern bis zu Erwachsenen, von Singles bis zu Senioren - es gibt f\u00fcr jeden einen Raum. Finden Sie Ihren Stamm in interessen-, alters- oder unterst\u00fctzungsorientierten R\u00e4umen.<\/p>\n<h3>2. Keine Registrierung f\u00fcr Basic Chat erforderlich<\/h3>\n<p>Die meisten Chat-R\u00e4ume lassen sich direkt mit einem Nickname betreten - ohne E-Mail, Passwort oder App-Download.<\/p>\n<h3>3. Privates Nachrichten- und Freundschaftssystem<\/h3>\n<ul>\n<li>Fl\u00fcstern (Private Nachricht): Chatten Sie mit Benutzern in einem Raum unter vier Augen.<\/li>\n<li>Freunde hinzuf\u00fcgen: Speichern Sie Ihre Lieblingsleute und sehen Sie, wann sie online sind.<\/li>\n<li>Benutzer blockieren: Schalten Sie sofort jeden stumm, mit dem Sie nicht interagieren m\u00f6chten.<\/li>\n<\/ul>\n<h3>4. Benutzerprofile und Avatare<\/h3>\n<p>Passen Sie Ihren Nickname und Avatar an, schreiben Sie einen kurzen Lebenslauf und bringen Sie Ihre Interessen zum Ausdruck. Registrierte Benutzer k\u00f6nnen ihre Profile weiter personalisieren und eine dauerhafte Identit\u00e4t in verschiedenen R\u00e4umen beibehalten.<\/p>\n<h3>5. Mobile-freundliche, browserbasierte Plattform<\/h3>\n<p>Chatten Sie nahtlos \u00fcber Desktop, Laptop, Tablet oder Handy - ohne Download oder Installation einer App.<\/p>\n<h3>6. Medienfreigabe und Spa\u00dffunktionen<\/h3>\n<p>Senden Sie Emojis, Bilder und GIFs (alle unterliegen der Moderation), spielen Sie Chat-Spiele und nehmen Sie an raumweiten Umfragen und Veranstaltungen teil.<\/p>\n<h3>7. Aktive Moderation und Nutzersicherheit<\/h3>\n<p>321Chat ist f\u00fcr eine der st\u00e4rksten Moderationen in der Branche bekannt:<\/p>\n<ul>\n<li>Geschulte menschliche Moderatoren in jedem Raum.<\/li>\n<li>Klare Chat-Regeln: Kein Mobbing, Hass oder explizite Inhalte in nicht altersgerechten R\u00e4umen.<\/li>\n<li>Einfaches Melden: Nutzer k\u00f6nnen Missbrauch sofort melden.<\/li>\n<li>Bots und Spam werden schnell beseitigt.<\/li>\n<\/ul>\n<h3>8. Optionale Registrierung f\u00fcr mehr Funktionen<\/h3>\n<p>Registrieren Sie ein kostenloses Konto, um:<\/p>\n<ul>\n<li>Reservieren Sie Ihren Spitznamen und Avatar<\/li>\n<li>Erstellen Sie eine Freundesliste und einen privaten Nachrichtenverlauf<\/li>\n<li>Passen Sie Ihr Profil an<\/li>\n<li>Erhalten Sie Benachrichtigungen, wenn Freunde online gehen<\/li>\n<\/ul>\n<p>Die Registrierung geht schnell und erfordert nur wenige Angaben - perfekt f\u00fcr alle, die eine dauerhafte soziale Pr\u00e4senz w\u00fcnschen.<\/p>\n<h3>9. Altersgem\u00e4\u00dfe R\u00e4ume und Regeln<\/h3>\n<p>Spezielle R\u00e4ume f\u00fcr Jugendliche (mit besonderen Sicherheitsma\u00dfnahmen), Erwachsene, Singles und mehr. Strenge Alterskontrollen und Regeln sorgen f\u00fcr die Sicherheit der Nutzer.<\/p>\n<h2>So verwenden Sie 321Chat<\/h2>\n<p>Der Einstieg ist einfach - hier finden Sie eine schrittweise Anleitung:<\/p>\n<h3>Schritt 1: Besuchen Sie die 321Chat-Website<\/h3>\n<p>Rufen Sie 321chat.com in einem beliebigen Browser auf.<\/p>\n<h3>Schritt 2: W\u00e4hlen Sie Ihr Zimmer<\/h3>\n<p>W\u00e4hlen Sie einen Chat-Raum nach Ihrem Alter, Ihren Interessen oder Ihrem Hintergrund - Teenager, Erwachsene, Singles, LGBT, usw.<\/p>\n<h3>Schritt 3: W\u00e4hlen Sie einen Spitznamen und einen Avatar<\/h3>\n<p>Geben Sie einen Spitznamen ein (keine echten Namen erforderlich), w\u00e4hlen Sie einen Avatar oder laden Sie ein Foto hoch, und schon k\u00f6nnen Sie chatten. Sie k\u00f6nnen sich auch f\u00fcr ein vollst\u00e4ndiges Konto registrieren, wenn Sie Ihr Profil und Ihre Freundesliste speichern m\u00f6chten.<\/p>\n<h3>Schritt 4: Beteiligen Sie sich an der Konversation<\/h3>\n<p>Nehmen Sie am Gruppenchat teil, antworten Sie auf Nachrichten oder stellen Sie sich im Raum vor.<\/p>\n<h3>Schritt 5: Private Nachricht und Freunde hinzuf\u00fcgen<\/h3>\n<p>Klicken Sie auf den Namen eines Nutzers, um ihm eine private Nachricht zu senden, ihn als Freund hinzuzuf\u00fcgen oder ihn gegebenenfalls zu blockieren oder zu melden.<\/p>\n<h3>Schritt 6: Dr\u00fccken Sie sich selbst aus<\/h3>\n<p>Verwenden Sie Emojis, GIFs und nehmen Sie an Chat-Spielen oder Umfragen teil, um ein lebendiges Erlebnis zu schaffen.<\/p>\n<h3>Schritt 7: Registrieren Sie sich f\u00fcr weitere Funktionen (optional)<\/h3>\n<p>Melden Sie sich mit einem kostenlosen Konto an, um ein dauerhaftes Profil, Benachrichtigungen und erweiterte Einstellungen freizuschalten.<\/p>\n<h2>Benutzererfahrung auf 321Chat<\/h2>\n<p>Die Erfahrung von 321Chat basiert auf echter Gemeinschaft und einfachem Zugang:<\/p>\n<h3>Was Benutzer lieben<\/h3>\n<ul>\n<li>Dutzende von R\u00e4umen: F\u00fcr jedes Alter und jedes Interesse ist etwas dabei, und die Stammg\u00e4ste sind herzlich willkommen.<\/li>\n<li>Keine Registrierung erforderlich: Chatten Sie sofort und bleiben Sie anonym.<\/li>\n<li>Handy- und Desktop-freundlich: Chatten Sie von \u00fcberall aus und zu jeder Zeit.<\/li>\n<li>Starke M\u00e4\u00dfigung: Sicherer als viele Alternativen, insbesondere f\u00fcr Jugendliche.<\/li>\n<li>Anpassbare Profile: Dr\u00fccken Sie sich aus, finden Sie echte Freunde.<\/li>\n<li>Einfaches privates Messaging: F\u00fchren Sie sinnvolle Einzel- oder Gruppengespr\u00e4che.<\/li>\n<li>Lustige Spiele und Veranstaltungen: Halten Sie die Dinge lebendig und gesellig.<\/li>\n<\/ul>\n<h3>Wo die Nutzer Raum f\u00fcr Verbesserungen sehen<\/h3>\n<ul>\n<li>Kein Video- oder Voice-Chat (321Chat ist textbasiert).<\/li>\n<li>In belebten R\u00e4umen kann es schnell gehen - private Nachrichten helfen, die Dinge pers\u00f6nlich zu halten.<\/li>\n<li>Einige Funktionen erfordern eine kostenlose Registrierung.<\/li>\n<li>Es gibt immer noch Trolle (obwohl die Moderatoren schnell handeln).<\/li>\n<\/ul>\n<h3>Echtes Benutzer-Feedback<\/h3>\n<blockquote><p>\"Die beste Chatseite, um echte Freunde zu finden, nicht nur schnelle Kontakte. Ich chatte hier schon seit Jahren.\"<br \/>\n- <em>Ashley M., Trustpilot<\/em><\/p><\/blockquote>\n<blockquote><p>\"Ich liebe den Jugendraum. Die Mods k\u00fcmmern sich wirklich und halten es sicher.<br \/>\n- <em>Jake T., Google Play<\/em><\/p><\/blockquote>\n<blockquote><p>\"Ich bin jeden Abend im Einzelzimmer - lustig, sicher und mit vielen Stammg\u00e4sten.\"<br \/>\n- <em>Steve L., App Store<\/em><\/p><\/blockquote>\n<h2>321Chat im Vergleich zu anderen Chatroom-Plattformen<\/h2>\n<p>Wie schneidet 321Chat im Vergleich zu anderen klassischen Chatseiten ab?<\/p>\n<table>\n<thead>\n<tr>\n<th>Merkmal<\/th>\n<th>321Chat<\/th>\n<th>Chatroom2000<\/th>\n<th>Yesichat<\/th>\n<th>Chatzy<\/th>\n<th>Chat Avenue<\/th>\n<th>Diskord<\/th>\n<\/tr>\n<\/thead>\n<tbody>\n<tr>\n<td>Keine Anmeldung erforderlich<\/td>\n<td>\u2705 Ja<\/td>\n<td>\u2705 Ja<\/td>\n<td>\u2705 Ja<\/td>\n<td>\u2705 Ja<\/td>\n<td>\u2705 Ja<\/td>\n<td>\u274c Nein<\/td>\n<\/tr>\n<tr>\n<td>\u00d6ffentliche und private R\u00e4ume<\/td>\n<td>\u2705 Ja<\/td>\n<td>\u2705 Ja<\/td>\n<td>\u2705 Ja<\/td>\n<td>\u2705 Ja<\/td>\n<td>\u2705 Ja<\/td>\n<td>\u2705 Ja<\/td>\n<\/tr>\n<tr>\n<td>Trennung von Jugendlichen\/Erwachsenen<\/td>\n<td>\u2705 Stark<\/td>\n<td>\u26a0\ufe0f Einige<\/td>\n<td>\u2705 Ja<\/td>\n<td>\u274c Nein<\/td>\n<td>\u2705 Ja<\/td>\n<td>\u26a0\ufe0f Einige<\/td>\n<\/tr>\n<tr>\n<td>Private Nachrichten\u00fcbermittlung<\/td>\n<td>\u2705 Ja<\/td>\n<td>\u2705 Ja<\/td>\n<td>\u2705 Ja<\/td>\n<td>\u2705 Ja<\/td>\n<td>\u2705 Ja<\/td>\n<td>\u2705 Ja<\/td>\n<\/tr>\n<tr>\n<td>Video-\/Audio-Chat<\/td>\n<td>\u274c Nein<\/td>\n<td>\u274c Nein<\/td>\n<td>\u2705 Ja<\/td>\n<td>\u274c Nein<\/td>\n<td>\u2705 Ja<\/td>\n<td>\u2705 Ja<\/td>\n<\/tr>\n<tr>\n<td>Medien\/GIFs<\/td>\n<td>\u2705 Ja<\/td>\n<td>\u2705 Ja<\/td>\n<td>\u2705 Ja<\/td>\n<td>\u2705 Ja<\/td>\n<td>\u2705 Ja<\/td>\n<td>\u2705 Ja<\/td>\n<\/tr>\n<tr>\n<td>Starke Moderation<\/td>\n<td>\u2705 Ja<\/td>\n<td>\u2705 Ja<\/td>\n<td>\u2705 Ja<\/td>\n<td>\u2705 Ja<\/td>\n<td>\u2705 M\u00e4\u00dfig<\/td>\n<td>\u2705 Ja<\/td>\n<\/tr>\n<tr>\n<td>Mobiloptimiert<\/td>\n<td>\u2705 Ja<\/td>\n<td>\u2705 Ja<\/td>\n<td>\u2705 Ja<\/td>\n<td>\u2705 Ja<\/td>\n<td>\u2705 Ja<\/td>\n<td>\u2705 Ja<\/td>\n<\/tr>\n<\/tbody>\n<\/table>\n<p>Zusammenfassung: 321Chat zeichnet sich durch eine gro\u00dfe Auswahl an R\u00e4umen, eine strenge Moderation (insbesondere f\u00fcr Jugendliche) und eine jahrzehntelange Ausrichtung auf die Gemeinschaft aus - eine sichere, klassische Wahl f\u00fcr Gruppenchats und Freundschaften.<\/p>\n<h2>Ist 321Chat sicher?<\/h2>\n<p>Die Sicherheit steht im Mittelpunkt der 321Chat-Erfahrung:<\/p>\n<ul>\n<li>Menschliche Moderatoren in jedem Raum: Freundlich, aktiv und gut geschult.<\/li>\n<li>Strenge Altersrichtlinien: Teenager- und Erwachsenenr\u00e4ume sind strikt voneinander getrennt, bei Zuwiderhandlung gibt es Hausverbot.<\/li>\n<li>Einfaches Melden\/Blockieren: Sofortiges Stummschalten oder Melden von Missbrauch.<\/li>\n<li>Anonymer Chat: Keine echten Namen oder pers\u00f6nlichen Daten erforderlich.<\/li>\n<li>Klare, durchgesetzte Regeln: Mobbing, sexuelle Inhalte in Jugendr\u00e4umen und Hass sind nicht erlaubt.<\/li>\n<\/ul>\n<h3>Sicherheitstipps<\/h3>\n<ul>\n<li>Geben Sie niemals Ihren echten Namen, Ihre Adresse oder finanzielle Informationen weiter.<\/li>\n<li>Bleiben Sie in Ihrem altersgerechten Zimmer; wechseln Sie nicht \u00fcber Altersgrenzen hinweg.<\/li>\n<li>Melden oder blockieren Sie Nutzer, die Ihnen Unbehagen bereiten.<\/li>\n<li>Klicken Sie nicht auf unbekannte Links und geben Sie keine vertraulichen Informationen weiter.<\/li>\n<li>Registrieren Sie sich f\u00fcr ein dauerhaftes Profil, wenn Sie Freundes- und Blocklisten speichern m\u00f6chten.<\/li>\n<\/ul>\n<h2>Tipps f\u00fcr die optimale Nutzung von 321Chat<\/h2>\n<ul>\n<li>Stellen Sie sich vor: Stammg\u00e4ste sind neuen Nutzern gegen\u00fcber sehr aufgeschlossen.<\/li>\n<li>Probieren Sie verschiedene R\u00e4ume aus: Finden Sie Ihren Favoriten - jeder Raum hat seine eigene Atmosph\u00e4re.<\/li>\n<li>Freunde hinzuf\u00fcgen: Bauen Sie Ihre eigene Online-Community f\u00fcr regelm\u00e4\u00dfige Chats auf.<\/li>\n<li>Nehmen Sie an Spielen und Umfragen teil: Machen Sie mit, damit die Dinge Spa\u00df machen.<\/li>\n<li>Verwenden Sie Moderationswerkzeuge: Halten Sie Ihre Erfahrungen positiv und sicher.<\/li>\n<li>Wechseln Sie bei Bedarf das Ger\u00e4t: Chatten Sie mit Ihrem Handy oder Desktop - alles ist browserbasiert.<\/li>\n<li>Registrieren Sie sich f\u00fcr Extras: Genie\u00dfen Sie eine dauerhafte Identit\u00e4t, eine Freundesliste und ein individuelles Profil.<\/li>\n<\/ul>\n<h2>Fehlersuche bei h\u00e4ufigen 321Chat-Problemen<\/h2>\n<h3>Kann einen Raum nicht betreten<\/h3>\n<p>Vergewissern Sie sich, dass Sie den richtigen Raum f\u00fcr Ihr Alter w\u00e4hlen; vermeiden Sie unangemessene Spitznamen. Aktualisieren Sie die Seite oder verwenden Sie einen anderen Browser, wenn das Problem weiterhin besteht.<\/p>\n<h3>Kann keine privaten Nachrichten senden oder Freunde hinzuf\u00fcgen<\/h3>\n<p>F\u00fcr diese Funktionen m\u00fcssen Sie m\u00f6glicherweise ein kostenloses Konto einrichten. Stellen Sie sicher, dass Sie eingeloggt sind.<\/p>\n<h3>Spam oder Trolle im Raum<\/h3>\n<p>Melden und blockieren Sie sofort; die Moderatoren sind anwesend und handeln schnell.<\/p>\n<h3>Verlorenes Profil oder Freunde<\/h3>\n<p>Registrieren Sie sich f\u00fcr ein kostenloses Konto und melden Sie sich an, um Ihre Freundesliste und Anpassungen zu speichern.<\/p>\n<h3>Chatraum verz\u00f6gert oder unterbricht die Verbindung<\/h3>\n<p>\u00dcberpr\u00fcfen Sie Ihre Wi-Fi-Verbindung, schlie\u00dfen Sie Hintergrund-Tabs\/Apps und aktualisieren Sie Ihren Browser.<\/p>\n<p>Auf jeden Fall - vor allem f\u00fcr alle, die klassische Chatr\u00e4ume, eine freundliche Community und sichere, echte Gespr\u00e4che suchen. 321Chat kombiniert das Beste des Chats der alten Schule mit modernen Funktionen, aktiver Moderation und einem einladenden Geist.<\/p>\n<p>Egal, ob Sie Freundschaften schlie\u00dfen, eine Romanze finden, einer Selbsthilfegruppe beitreten oder einfach nur abh\u00e4ngen m\u00f6chten, 321Chat ist Ihr digitaler sozialer Club - rund um die Uhr ge\u00f6ffnet, immer kostenlos und immer einladend.<\/p>\n<p>Bereit zum Chatten? Besuchen Sie 321chat.com, suchen Sie sich einen Raum aus, w\u00e4hlen Sie einen Nickname und beginnen Sie in Sekundenschnelle Ihr n\u00e4chstes tolles Gespr\u00e4ch.<\/p>","protected":false},"excerpt":{"rendered":"<p>In an age of endless dating apps and fast-scrolling social networks, there\u2019s something refreshingly real about a place where you can just talk\u2014no swiping, no matching, no pressure. 321Chat stands as one of the oldest and most respected chat room communities on the web, bringing together people from all walks of life for conversation, support, [&hellip;]<\/p>\n","protected":false},"author":6,"featured_media":0,"parent":0,"menu_order":0,"comment_status":"closed","ping_status":"closed","template":"","meta":{"footnotes":""},"class_list":["post-11273","page","type-page","status-publish","hentry"],"yoast_head":"<!-- This site is optimized with the Yoast SEO plugin v27.4 - https:\/\/yoast.com\/product\/yoast-seo-wordpress\/ -->\n<title>321chat - Free Chat Rooms for Everyone - TinyChat.com<\/title>\n<meta name=\"description\" content=\"Enjoying 321chat? Join over 50,000,000 strangers on TinyChat! Turn on your cam and start meeting new people, or find a match.\" \/>\n<meta name=\"robots\" content=\"index, follow, max-snippet:-1, max-image-preview:large, max-video-preview:-1\" \/>\n<link rel=\"canonical\" href=\"https:\/\/tinychat.com\/de\/321chat\/\" \/>\n<meta property=\"og:locale\" content=\"de_DE\" \/>\n<meta property=\"og:type\" content=\"article\" \/>\n<meta property=\"og:title\" content=\"321chat - Free Chat Rooms for Everyone - TinyChat.com\" \/>\n<meta property=\"og:description\" content=\"Enjoying 321chat? Join over 50,000,000 strangers on TinyChat! Turn on your cam and start meeting new people, or find a match.\" \/>\n<meta property=\"og:url\" content=\"https:\/\/tinychat.com\/de\/321chat\/\" \/>\n<meta property=\"og:site_name\" content=\"TinyChat\" \/>\n<meta property=\"article:publisher\" content=\"https:\/\/www.facebook.com\/tinychat\" \/>\n<meta property=\"article:modified_time\" content=\"2025-07-26T15:45:09+00:00\" \/>\n<meta property=\"og:image\" content=\"https:\/\/tinychat.com\/wp-content\/uploads\/2020\/04\/Tinychat-logo-1280x284-new-black.png\" \/>\n\t<meta property=\"og:image:width\" content=\"1280\" \/>\n\t<meta property=\"og:image:height\" content=\"284\" \/>\n\t<meta property=\"og:image:type\" content=\"image\/png\" \/>\n<meta name=\"twitter:card\" content=\"summary_large_image\" \/>\n<meta name=\"twitter:site\" content=\"@tinychat\" \/>\n<meta name=\"twitter:label1\" content=\"Gesch\u00e4tzte Lesezeit\" \/>\n\t<meta name=\"twitter:data1\" content=\"7\u00a0Minuten\" \/>\n<script type=\"application\/ld+json\" class=\"yoast-schema-graph\">{\"@context\":\"https:\\\/\\\/schema.org\",\"@graph\":[{\"@type\":\"WebPage\",\"@id\":\"https:\\\/\\\/tinychat.com\\\/321chat\\\/\",\"url\":\"https:\\\/\\\/tinychat.com\\\/321chat\\\/\",\"name\":\"321chat - Free Chat Rooms for Everyone - TinyChat.com\",\"isPartOf\":{\"@id\":\"https:\\\/\\\/tinychat.com\\\/#website\"},\"datePublished\":\"2025-07-26T13:04:37+00:00\",\"dateModified\":\"2025-07-26T15:45:09+00:00\",\"description\":\"Enjoying 321chat? Join over 50,000,000 strangers on TinyChat! Turn on your cam and start meeting new people, or find a match.\",\"breadcrumb\":{\"@id\":\"https:\\\/\\\/tinychat.com\\\/321chat\\\/#breadcrumb\"},\"inLanguage\":\"de\",\"potentialAction\":[{\"@type\":\"ReadAction\",\"target\":[\"https:\\\/\\\/tinychat.com\\\/321chat\\\/\"]}]},{\"@type\":\"BreadcrumbList\",\"@id\":\"https:\\\/\\\/tinychat.com\\\/321chat\\\/#breadcrumb\",\"itemListElement\":[{\"@type\":\"ListItem\",\"position\":1,\"name\":\"Home\",\"item\":\"https:\\\/\\\/tinychat.com\\\/\"},{\"@type\":\"ListItem\",\"position\":2,\"name\":\"321chat\"}]},{\"@type\":\"WebSite\",\"@id\":\"https:\\\/\\\/tinychat.com\\\/#website\",\"url\":\"https:\\\/\\\/tinychat.com\\\/\",\"name\":\"TinyChat\",\"description\":\"Random Video Chat with Strangers\",\"publisher\":{\"@id\":\"https:\\\/\\\/tinychat.com\\\/#organization\"},\"alternateName\":\"TinyChat.com\",\"potentialAction\":[{\"@type\":\"SearchAction\",\"target\":{\"@type\":\"EntryPoint\",\"urlTemplate\":\"https:\\\/\\\/tinychat.com\\\/?s={search_term_string}\"},\"query-input\":{\"@type\":\"PropertyValueSpecification\",\"valueRequired\":true,\"valueName\":\"search_term_string\"}}],\"inLanguage\":\"de\"},{\"@type\":\"Organization\",\"@id\":\"https:\\\/\\\/tinychat.com\\\/#organization\",\"name\":\"TinyChat\",\"alternateName\":\"TinyChat.com\",\"url\":\"https:\\\/\\\/tinychat.com\\\/\",\"logo\":{\"@type\":\"ImageObject\",\"inLanguage\":\"de\",\"@id\":\"https:\\\/\\\/tinychat.com\\\/#\\\/schema\\\/logo\\\/image\\\/\",\"url\":\"https:\\\/\\\/tinychat.com\\\/wp-content\\\/uploads\\\/2023\\\/11\\\/Tinychat-icon-square.png\",\"contentUrl\":\"https:\\\/\\\/tinychat.com\\\/wp-content\\\/uploads\\\/2023\\\/11\\\/Tinychat-icon-square.png\",\"width\":284,\"height\":284,\"caption\":\"TinyChat\"},\"image\":{\"@id\":\"https:\\\/\\\/tinychat.com\\\/#\\\/schema\\\/logo\\\/image\\\/\"},\"sameAs\":[\"https:\\\/\\\/www.facebook.com\\\/tinychat\",\"https:\\\/\\\/x.com\\\/tinychat\"]}]}<\/script>\n<!-- \/ Yoast SEO plugin. -->","yoast_head_json":{"title":"321chat - Kostenlose Chatr\u00e4ume f\u00fcr jedermann - TinyChat.com","description":"Gef\u00e4llt dir der 321chat? Schlie\u00dfe dich \u00fcber 50.000.000 Fremden auf TinyChat an! Schalte deine Kamera ein und fange an, neue Leute zu treffen, oder finde einen Partner.","robots":{"index":"index","follow":"follow","max-snippet":"max-snippet:-1","max-image-preview":"max-image-preview:large","max-video-preview":"max-video-preview:-1"},"canonical":"https:\/\/tinychat.com\/de\/321chat\/","og_locale":"de_DE","og_type":"article","og_title":"321chat - Free Chat Rooms for Everyone - TinyChat.com","og_description":"Enjoying 321chat? Join over 50,000,000 strangers on TinyChat! Turn on your cam and start meeting new people, or find a match.","og_url":"https:\/\/tinychat.com\/de\/321chat\/","og_site_name":"TinyChat","article_publisher":"https:\/\/www.facebook.com\/tinychat","article_modified_time":"2025-07-26T15:45:09+00:00","og_image":[{"width":1280,"height":284,"url":"https:\/\/tinychat.com\/wp-content\/uploads\/2020\/04\/Tinychat-logo-1280x284-new-black.png","type":"image\/png"}],"twitter_card":"summary_large_image","twitter_site":"@tinychat","twitter_misc":{"Gesch\u00e4tzte Lesezeit":"7\u00a0Minuten"},"schema":{"@context":"https:\/\/schema.org","@graph":[{"@type":"WebPage","@id":"https:\/\/tinychat.com\/321chat\/","url":"https:\/\/tinychat.com\/321chat\/","name":"321chat - Kostenlose Chatr\u00e4ume f\u00fcr jedermann - TinyChat.com","isPartOf":{"@id":"https:\/\/tinychat.com\/#website"},"datePublished":"2025-07-26T13:04:37+00:00","dateModified":"2025-07-26T15:45:09+00:00","description":"Gef\u00e4llt dir der 321chat? Schlie\u00dfe dich \u00fcber 50.000.000 Fremden auf TinyChat an! Schalte deine Kamera ein und fange an, neue Leute zu treffen, oder finde einen Partner.","breadcrumb":{"@id":"https:\/\/tinychat.com\/321chat\/#breadcrumb"},"inLanguage":"de","potentialAction":[{"@type":"ReadAction","target":["https:\/\/tinychat.com\/321chat\/"]}]},{"@type":"BreadcrumbList","@id":"https:\/\/tinychat.com\/321chat\/#breadcrumb","itemListElement":[{"@type":"ListItem","position":1,"name":"Home","item":"https:\/\/tinychat.com\/"},{"@type":"ListItem","position":2,"name":"321chat"}]},{"@type":"WebSite","@id":"https:\/\/tinychat.com\/#website","url":"https:\/\/tinychat.com\/","name":"TinyChat","description":"Zuf\u00e4lliger Video-Chat mit Fremden","publisher":{"@id":"https:\/\/tinychat.com\/#organization"},"alternateName":"TinyChat.com","potentialAction":[{"@type":"SearchAction","target":{"@type":"EntryPoint","urlTemplate":"https:\/\/tinychat.com\/?s={search_term_string}"},"query-input":{"@type":"PropertyValueSpecification","valueRequired":true,"valueName":"search_term_string"}}],"inLanguage":"de"},{"@type":"Organization","@id":"https:\/\/tinychat.com\/#organization","name":"TinyChat","alternateName":"TinyChat.com","url":"https:\/\/tinychat.com\/","logo":{"@type":"ImageObject","inLanguage":"de","@id":"https:\/\/tinychat.com\/#\/schema\/logo\/image\/","url":"https:\/\/tinychat.com\/wp-content\/uploads\/2023\/11\/Tinychat-icon-square.png","contentUrl":"https:\/\/tinychat.com\/wp-content\/uploads\/2023\/11\/Tinychat-icon-square.png","width":284,"height":284,"caption":"TinyChat"},"image":{"@id":"https:\/\/tinychat.com\/#\/schema\/logo\/image\/"},"sameAs":["https:\/\/www.facebook.com\/tinychat","https:\/\/x.com\/tinychat"]}]}},"_links":{"self":[{"href":"https:\/\/tinychat.com\/de\/wp-json\/wp\/v2\/pages\/11273","targetHints":{"allow":["GET"]}}],"collection":[{"href":"https:\/\/tinychat.com\/de\/wp-json\/wp\/v2\/pages"}],"about":[{"href":"https:\/\/tinychat.com\/de\/wp-json\/wp\/v2\/types\/page"}],"author":[{"embeddable":true,"href":"https:\/\/tinychat.com\/de\/wp-json\/wp\/v2\/users\/6"}],"replies":[{"embeddable":true,"href":"https:\/\/tinychat.com\/de\/wp-json\/wp\/v2\/comments?post=11273"}],"version-history":[{"count":3,"href":"https:\/\/tinychat.com\/de\/wp-json\/wp\/v2\/pages\/11273\/revisions"}],"predecessor-version":[{"id":13366,"href":"https:\/\/tinychat.com\/de\/wp-json\/wp\/v2\/pages\/11273\/revisions\/13366"}],"wp:attachment":[{"href":"https:\/\/tinychat.com\/de\/wp-json\/wp\/v2\/media?parent=11273"}],"curies":[{"name":"wp","href":"https:\/\/api.w.org\/{rel}","templated":true}]}}