{"id":11949,"date":"2023-10-24T11:57:43","date_gmt":"2023-10-24T09:57:43","guid":{"rendered":"https:\/\/tinychat.com\/?page_id=11949"},"modified":"2025-07-21T13:03:37","modified_gmt":"2025-07-21T11:03:37","slug":"cammatch","status":"publish","type":"page","link":"https:\/\/tinychat.com\/de\/cammatch\/","title":{"rendered":"Cammatch"},"content":{"rendered":"<p>In einer Welt, in der eine Verbindung nur einen Klick entfernt ist, hat der Aufstieg von Video-Chat-Plattformen neue M\u00f6glichkeiten er\u00f6ffnet, um Freunde zu treffen, zu flirten, Sprachen auszutauschen und Kulturen zu erkunden - alles in Echtzeit. Als einer der neuesten und innovativsten Akteure in der Szene, gewinnt CamMatch schnell an Zugkraft als ein Top-Ziel f\u00fcr diejenigen, die authentische, sichere und einnehmende Gespr\u00e4che von Angesicht zu Angesicht mit Fremden online suchen.<\/p>\n<p>Egal, ob Sie Ihre Routine unterbrechen, eine Fremdsprache \u00fcben, Gleichgesinnte finden oder einfach nur lachen wollen, CamMatch bietet eine funktionsreiche, auf Privatsph\u00e4re ausgerichtete und benutzerfreundliche Erfahrung, die sich wie das Beste aus Omegle, Chatroulette und der neuesten Videochat-Technologie anf\u00fchlt - kombiniert und verbessert.<\/p>\n<p>Dieser ausf\u00fchrliche Leitfaden enth\u00e4lt alles, was Sie \u00fcber CamMatch wissen m\u00fcssen: Funktionsweise, einzigartige Funktionen, Benutzerfreundlichkeit, Sicherheit, Vergleich mit anderen Anbietern, Fehlerbehebung und Expertentipps, die jeden Chat noch lohnender machen.<\/p>\n<h2>Was ist CamMatch?<\/h2>\n<p>CamMatch ist eine zuf\u00e4llige Videochat-Plattform, die f\u00fcr schnelle, anonyme und sinnvolle Verbindungen mit Menschen auf der ganzen Welt entwickelt wurde. Es ist keine Registrierung oder ein App-Download erforderlich - besuchen Sie einfach die Website, aktivieren Sie Ihre Kamera und Ihr Mikrofon, und Sie werden sofort mit jemandem f\u00fcr ein Live-Gespr\u00e4ch zusammengebracht.<\/p>\n<p>Im Gegensatz zu vielen einfachen Zufalls-Chat-Seiten ist CamMatch f\u00fcr die Nutzer von heute entwickelt worden, mit mobiler Optimierung, Echtzeit-\u00dcbersetzung, intelligenter Filterung und starker Moderation, damit alles sicher ist und Spa\u00df macht. Egal, ob Sie einen reinen Text-Chat oder ein komplettes Video-Erlebnis w\u00fcnschen, CamMatch gibt Ihnen die Kontrolle \u00fcber jeden Schritt des Weges.<\/p>\n<p>Die CamMatch-Community ist global und vielf\u00e4ltig und umfasst alle, von Studenten und Reisenden bis hin zu Sprachsch\u00fclern, digitalen Nomaden und allen, die den Nervenkitzel spontaner Interaktion lieben.<\/p>\n<h2>Hauptmerkmale von CamMatch<\/h2>\n<p>CamMatch zeichnet sich dadurch aus, dass es klassische Zufalls-Chat-Funktionen mit Erweiterungen der n\u00e4chsten Generation verbindet:<\/p>\n<h3>1. Sofortiger Video- und Text-Chat<\/h3>\n<p>W\u00e4hlen Sie einfach Ihren bevorzugten Chat-Modus (Video oder Text), und schon sind Sie mit einem zuf\u00e4lligen Fremden \u00fcberall auf der Welt verbunden. Keine Anmeldung, keine Profile, nur pure Interaktion.<\/p>\n<h3>2. Filter f\u00fcr Geschlecht, Land und Sprache<\/h3>\n<p>M\u00f6chtest du dein Erlebnis individuell gestalten? Nutze die intelligenten Filter von CamMatch, um dich nur mit Nutzern eines bestimmten Geschlechts, aus einem bestimmten Land oder die deine Sprache sprechen, zu verbinden. (Einige erweiterte Filter k\u00f6nnen die Einrichtung eines Kontos oder eine geringe Geb\u00fchr erfordern).<\/p>\n<h3>3. In-Browser, kein Download erforderlich<\/h3>\n<p>Genie\u00dfen Sie das volle CamMatch-Erlebnis direkt in Ihrem Browser auf dem Desktop, Laptop oder Handy - Sie m\u00fcssen keine Apps installieren oder Ihr Ger\u00e4t mit zus\u00e4tzlicher Software \u00fcberladen.<\/p>\n<h3>4. Mobil-optimiertes Design<\/h3>\n<p>CamMatch funktioniert einwandfrei auf allen modernen Smartphones und Tablets und bietet reaktionsschnelle Layouts, schnelle Verbindungen und intuitive Bedienelemente f\u00fcr das Chatten unterwegs.<\/p>\n<h3>5. Anonym und privat<\/h3>\n<p>Der Datenschutz ist das Herzst\u00fcck von CamMatch. Sie werden nicht nach einer E-Mail, Telefonnummer oder pers\u00f6nlichen Daten gefragt, um zu beginnen. Alle Chats sind anonym und werden nicht aufgezeichnet - du hast die volle Kontrolle dar\u00fcber, was du teilst.<\/p>\n<h3>6. Schaltfl\u00e4che \"Weiter\" f\u00fcr schnelles \u00dcberspringen<\/h3>\n<p>Gef\u00e4llt Ihnen Ihr Partner nicht? Klicken Sie einfach auf \"Weiter\", um sofort eine neue Verbindung herzustellen - ohne peinliche Pausen oder Wartezeiten.<\/p>\n<h3>7. Sichere Gemeinschaft und Live-Moderation<\/h3>\n<p>CamMatch verwendet eine Kombination aus:<\/p>\n<ul>\n<li>Automatisierte Moderation (AI) zum Filtern von Nacktheit, Spam und Missbrauch<\/li>\n<li>Live-Moderatoren f\u00fcr Unterst\u00fctzung und Intervention in Echtzeit<\/li>\n<li>Benutzerberichte und Sperrfunktionen, damit Sie jederzeit die Kontrolle \u00fcbernehmen k\u00f6nnen<\/li>\n<\/ul>\n<h3>8. \u00dcbersetzung in Echtzeit<\/h3>\n<p>\u00dcberwinden Sie Sprachbarrieren im Handumdrehen! CamMatch bietet ein \u00dcbersetzungstool, mit dem du ganz einfach mit Menschen chatten kannst, die eine andere Sprache sprechen, sodass globale Unterhaltungen Realit\u00e4t werden.<\/p>\n<h3>9. Optionale Registrierung f\u00fcr Power-User<\/h3>\n<p>CamMatch funktioniert zwar auch ohne ein Konto, aber Nutzer, die sich registrieren m\u00f6chten, k\u00f6nnen dies tun:<\/p>\n<ul>\n<li>Lieblingsfreunde speichern<\/li>\n<li>Zugriff auf erweiterte Filter und Funktionen<\/li>\n<li>Fr\u00fchere Verbindungen einsehen (unter Wahrung der Privatsph\u00e4re)<\/li>\n<\/ul>\n<h3>10. Sicheres Teilen von Bildern (mit Moderation)<\/h3>\n<p>F\u00fcr diejenigen, die Fotos oder Bilder senden m\u00f6chten, erm\u00f6glicht CamMatch einen sicheren, moderierten Austausch, der dazu beitr\u00e4gt, die Umgebung positiv und respektvoll zu halten.<\/p>\n<h2>Wie verwende ich CamMatch?<\/h2>\n<p>Die Benutzung von CamMatch ist schnell und intuitiv. Hier erf\u00e4hrst du, wie du in Sekundenschnelle mit dem Chatten beginnen kannst:<\/p>\n<h3>Schritt 1: Besuchen Sie die CamMatch-Website<\/h3>\n<p>\u00d6ffne deinen Browser und gehe auf cammatch.com oder deine regionale Version.<\/p>\n<h3>Schritt 2: W\u00e4hlen Sie den Video- oder Textmodus<\/h3>\n<p>W\u00e4hlen Sie aus, ob Sie einen Video-Chat w\u00fcnschen (Kamera und Mikrofon aktivieren) oder nur Text (ideal f\u00fcr diejenigen, die Privatsph\u00e4re bevorzugen).<\/p>\n<h3>Schritt 3: Setzen von Filtern (optional)<\/h3>\n<p>Verwenden Sie Filter, um sich mit bestimmten Geschlechtern, L\u00e4ndern oder Sprachen zu verbinden. Sie k\u00f6nnen Filter mischen und anpassen, um das gew\u00fcnschte Erlebnis zu erhalten.<\/p>\n<h3>Schritt 4: Klicken Sie auf \"Start\" oder \"Verbinden\".<\/h3>\n<p>Sie werden sofort mit einem Fremden zusammengebracht. Beginnen Sie das Gespr\u00e4ch - sagen Sie hallo oder stellen Sie sich vor!<\/p>\n<h3>Schritt 5: Verwenden Sie \"Weiter\", um fortzufahren<\/h3>\n<p>Wollen Sie einen neuen Chat? Klicken Sie auf \"Weiter\" f\u00fcr eine weitere zuf\u00e4llige Verbindung - ohne Grenzen.<\/p>\n<h3>Schritt 6: Registrieren (optional)<\/h3>\n<p>Melden Sie sich an (mit minimalen Angaben), wenn Sie auf zus\u00e4tzliche Funktionen wie die Freundesliste, erweiterte Filter oder gespeicherte Unterhaltungen zugreifen m\u00f6chten.<\/p>\n<h3>Schritt 7: Melden oder Sperren (falls erforderlich)<\/h3>\n<p>Sehen Sie etwas Unangemessenes? Nutzen Sie die Sperr-\/Meldefunktion - das Team von CamMatch reagiert schnell.<\/p>\n<h2>Benutzererfahrung auf CamMatch<\/h2>\n<p>CamMatch ist auf Einfachheit, Schnelligkeit und Sicherheit ausgelegt, so dass du dich auf den Spa\u00df konzentrieren kannst, neue Leute kennenzulernen, anstatt durch komplexe Men\u00fcs zu navigieren oder Profile auszuf\u00fcllen.<\/p>\n<h3>Was Benutzer lieben<\/h3>\n<ul>\n<li>Sofortiger Zugang, keine Anmeldung erforderlich: Chatten Sie sofort und mit absoluter Privatsph\u00e4re<\/li>\n<li>Schlanke, moderne Benutzeroberfl\u00e4che: Keine un\u00fcbersichtlichen oder verwirrenden Steuerelemente<\/li>\n<li>Hervorragend geeignet f\u00fcr Sprach\u00fcbungen, kulturellen Austausch oder einfach nur freundliches Gepl\u00e4nkel<\/li>\n<li>Funktion zum schnellen \u00dcberspringen: Halten Sie Gespr\u00e4che frisch und positiv<\/li>\n<li>Filter und \u00dcbersetzung: Anpassbare, globale Erfahrung<\/li>\n<li>Funktioniert auf jedem Ger\u00e4t: Mobil oder Desktop, es ist nahtlos<\/li>\n<\/ul>\n<h3>Was k\u00f6nnte verbessert werden?<\/h3>\n<ul>\n<li>Erweiterte Filter und gespeicherte Freunde erfordern eine Registrierung oder Premium<\/li>\n<li>(noch) keine gruppen- oder themenbezogenen R\u00e4ume<\/li>\n<li>Gelegentliche Trolle oder unangemessene Benutzer (wie bei allen Chat-Apps - Moderation hilft)<\/li>\n<li>\u00c4u\u00dferst fesselnd - man verliert leicht das Zeitgef\u00fchl!<\/li>\n<\/ul>\n<h3>Echte Benutzerbewertungen<\/h3>\n<blockquote><p>\"CamMatch ist meine erste Anlaufstelle f\u00fcr zuf\u00e4llige Video-Chats. Ich liebe die einfache Bedienung und f\u00fchle mich sicherer als auf \u00e4lteren Seiten.\"<br \/>\n- <em>Olivia B., Trustpilot<\/em><\/p><\/blockquote>\n<blockquote><p>\"Der L\u00e4nderfilter hat mir geholfen, mein Franz\u00f6sisch mit Muttersprachlern zu \u00fcben. Viel besser als Sprach-Apps!\"<br \/>\n- <em>Marco R., Google Play<\/em><\/p><\/blockquote>\n<blockquote><p>\"Das mobile Erlebnis ist fantastisch - die Videoqualit\u00e4t ist gro\u00dfartig und die Benutzeroberfl\u00e4che ist sehr \u00fcbersichtlich.\"<br \/>\n- <em>Priya T., App Store<\/em><\/p><\/blockquote>\n<h2>CamMatch im Vergleich zu anderen Video-Chat-Plattformen<\/h2>\n<p>Wie schneidet CamMatch im Vergleich zu den beliebtesten Videochat-Alternativen ab?<\/p>\n<table>\n<thead>\n<tr>\n<th>Merkmal<\/th>\n<th>CamMatch<\/th>\n<th>ChatMatch<\/th>\n<th>Omegle<\/th>\n<th>Omegla<\/th>\n<th>Chatroulette<\/th>\n<th>Chatrandom<\/th>\n<th>HOLLA<\/th>\n<th>LivU<\/th>\n<\/tr>\n<\/thead>\n<tbody>\n<tr>\n<td>Keine Anmeldung erforderlich<\/td>\n<td>\u2705 Ja<\/td>\n<td>\u2705 Ja<\/td>\n<td>\u2705 Ja<\/td>\n<td>\u2705 Ja<\/td>\n<td>\u2705 Ja<\/td>\n<td>\u2705 Ja<\/td>\n<td>\u2705 Ja<\/td>\n<td>\u2705 Ja<\/td>\n<\/tr>\n<tr>\n<td>Video- und Text-Chat<\/td>\n<td>\u2705 Beide<\/td>\n<td>\u2705 Beide<\/td>\n<td>\u2705 Beide<\/td>\n<td>\u2705 Beide<\/td>\n<td>\u2705 Beide<\/td>\n<td>\u2705 Beide<\/td>\n<td>\u2705 Beide<\/td>\n<td>\u2705 Beide<\/td>\n<\/tr>\n<tr>\n<td>Geschlecht\/Land-Filter<\/td>\n<td>\u2705 Ja*<\/td>\n<td>\u2705 Ja*<\/td>\n<td>\u26a0\ufe0f Begrenzt<\/td>\n<td>\u2705 Ja*<\/td>\n<td>\u2705 Ja<\/td>\n<td>\u2705 Ja<\/td>\n<td>\u2705 Ja<\/td>\n<td>\u2705 Ja<\/td>\n<\/tr>\n<tr>\n<td>Mobiloptimiert<\/td>\n<td>\u2705 Ja<\/td>\n<td>\u2705 Ja<\/td>\n<td>\u26a0\ufe0f Gemischt<\/td>\n<td>\u2705 Ja<\/td>\n<td>\u2705 Ja<\/td>\n<td>\u2705 Ja<\/td>\n<td>\u2705 Ja<\/td>\n<td>\u2705 Ja<\/td>\n<\/tr>\n<tr>\n<td>\u00dcbersetzungstool<\/td>\n<td>\u2705 Ja<\/td>\n<td>\u2705 Ja<\/td>\n<td>\u274c Nein<\/td>\n<td>\ud83d\udd52 Bald<\/td>\n<td>\u274c Nein<\/td>\n<td>\u274c Nein<\/td>\n<td>\u2705 Ja<\/td>\n<td>\u2705 Ja<\/td>\n<\/tr>\n<tr>\n<td>Optionale Konten<\/td>\n<td>\u2705 Ja<\/td>\n<td>\u2705 Ja<\/td>\n<td>\u274c Nein<\/td>\n<td>\u274c Nein<\/td>\n<td>\u274c Nein<\/td>\n<td>\u2705 Ja<\/td>\n<td>\u2705 Ja<\/td>\n<td>\u2705 Ja<\/td>\n<\/tr>\n<tr>\n<td>Sichere Bildfreigabe<\/td>\n<td>\u2705 Ja<\/td>\n<td>\u2705 Ja<\/td>\n<td>\u274c Nein<\/td>\n<td>\u274c Nein<\/td>\n<td>\u274c Nein<\/td>\n<td>\u2705 Ja<\/td>\n<td>\u2705 Ja<\/td>\n<td>\u2705 Ja<\/td>\n<\/tr>\n<tr>\n<td>Live-Moderation\/Sicherheit<\/td>\n<td>\u2705 Stark<\/td>\n<td>\u2705 Stark<\/td>\n<td>\u26a0\ufe0f Begrenzt<\/td>\n<td>\u2705 Stark<\/td>\n<td>\u26a0\ufe0f Begrenzt<\/td>\n<td>\u2705 Ja<\/td>\n<td>\u2705 Stark<\/td>\n<td>\u2705 Stark<\/td>\n<\/tr>\n<\/tbody>\n<\/table>\n<p>*F\u00fcr einige erweiterte Filter\/Funktionen ist m\u00f6glicherweise ein kostenloses oder Premium-Konto erforderlich.<\/p>\n<p>Zusammenfassung: CamMatch wurde f\u00fcr den modernen Benutzer entwickelt - schnell, sicher, anpassbar und \u00fcberall zug\u00e4nglich. Es ist perfekt f\u00fcr diejenigen, die ein modernes, privates und unterhaltsames Video-Chat-Erlebnis w\u00fcnschen.<\/p>\n<h2>Ist CamMatch sicher?<\/h2>\n<p>Die oberste Priorit\u00e4t von CamMatch ist es, einen sicheren, respektvollen und unterhaltsamen Raum f\u00fcr alle zu bieten:<\/p>\n<ul>\n<li>Die KI-gest\u00fctzte Moderation \u00fcberpr\u00fcft alle Video-, Text- und Bildinhalte auf Nacktheit, Spam oder Missbrauch.<\/li>\n<li>24\/7 Live-Moderatoren reagieren auf Benutzerberichte und sperren Verst\u00f6\u00dfe.<\/li>\n<li>Private Chats, keine Datenspeicherung: Chats werden nicht gespeichert, und es werden keine pers\u00f6nlichen Daten erhoben, es sei denn, Sie registrieren sich freiwillig.<\/li>\n<li>Klare Gemeinschaftsregeln sorgen f\u00fcr eine freundliche und integrative Atmosph\u00e4re.<\/li>\n<li>Benutzerkontrollen: Immer sichtbare Block-\/Berichtsschaltfl\u00e4chen.<\/li>\n<\/ul>\n<h3>Sicherheitstipps<\/h3>\n<ul>\n<li>Geben Sie niemals Ihren echten Namen, Ihre Adresse, Ihre Telefonnummer oder andere sensible Informationen weiter.<\/li>\n<li>Vertrauen Sie auf Ihren Instinkt und beenden Sie jede Unterhaltung, die Ihnen unangenehm ist.<\/li>\n<li>Verwenden Sie einen Spitznamen und halten Sie Ihre Identit\u00e4t geheim, es sei denn, Sie vertrauen dem anderen Nutzer wirklich.<\/li>\n<li>Melden\/blockieren Sie jeden, der sich unangemessen verh\u00e4lt.<\/li>\n<li>Klicken Sie nicht auf externe Links und akzeptieren Sie keine Dateien von Fremden.<\/li>\n<\/ul>\n<h2>Tipps, um das Beste aus CamMatch herauszuholen<\/h2>\n<ul>\n<li>Beginnen Sie freundlich: Ein L\u00e4cheln und eine Begr\u00fc\u00dfung reichen v\u00f6llig aus!<\/li>\n<li>Geben Sie sich nicht zufrieden: Verwenden Sie \"Weiter\", um unproduktive oder unangenehme Chats zu \u00fcberspringen.<\/li>\n<li>Filter erforschen: Verbinden Sie sich nach Land oder Sprache f\u00fcr einzigartigen Austausch.<\/li>\n<li>Versuchen Sie zu \u00fcbersetzen: \u00dcben Sie neue Sprachen oder schlie\u00dfen Sie weltweite Freundschaften.<\/li>\n<li>Nutzen Sie Sicherheitsfunktionen: Melden\/blockieren Sie immer schlechte Akteure - helfen Sie der Gemeinschaft, sauber zu bleiben.<\/li>\n<li>Chatten Sie unterwegs: Die mobile Seite von CamMatch ist perfekt f\u00fcr spontane Unterhaltungen \u00fcberall.<\/li>\n<li>Registrieren Sie sich f\u00fcr Extras: Wenn du CamMatch liebst, solltest du dich f\u00fcr erweiterte Filter, gespeicherte Freunde und mehr registrieren.<\/li>\n<\/ul>\n<h2>Fehlerbehebung bei h\u00e4ufigen CamMatch-Problemen<\/h2>\n<h3>Kamera oder Mikrofon funktionieren nicht<\/h3>\n<p>Stellen Sie sicher, dass Ihr Browser\/Ger\u00e4t den Zugriff zul\u00e4sst, schlie\u00dfen Sie andere Anwendungen, die Ihre Kamera verwenden, und aktualisieren Sie die Website.<\/p>\n<h3>Langsame Verbindungen oder Verz\u00f6gerungen<\/h3>\n<p>Verwenden Sie eine starke Wi-Fi-Verbindung, schlie\u00dfen Sie bandbreitenintensive Anwendungen\/Tabs und wechseln Sie bei Bedarf den Browser.<\/p>\n<h3>Filter nicht verf\u00fcgbar<\/h3>\n<p>F\u00fcr einige Funktionen ist ein kostenloses oder kostenpflichtiges Konto erforderlich - registrieren Sie sich oder aktualisieren Sie je nach Bedarf.<\/p>\n<h3>Trolle oder unangemessene Benutzer<\/h3>\n<p>Klicken Sie sofort auf Sperren\/Melden. Die Moderatoren werden Verst\u00f6\u00dfe schnell bearbeiten.<\/p>\n<h3>\u00dcbersetzung funktioniert nicht<\/h3>\n<p>Aktualisieren Sie, \u00fcberpr\u00fcfen Sie Ihre Verbindung oder kontaktieren Sie den Support. F\u00fcr die \u00dcbersetzung ist m\u00f6glicherweise ein aktualisiertes Konto erforderlich.<\/p>\n<p>Auf jeden Fall - vor allem, wenn du das Neueste in Sachen Video-Chat willst, mit erstklassigem Datenschutz, Sicherheit und einem schicken, modernen Design. CamMatch nimmt die Magie des Zusammentreffens mit Fremden und gibt ihr ein dringend ben\u00f6tigtes Upgrade, indem es den sofortigen Zugang mit der richtigen Mischung aus Funktionen und Community-Kontrollen verbindet.<\/p>\n<p>F\u00fcr Freundschaft, Sprachaustausch, kulturelle Entdeckungen oder einfach nur f\u00fcr lustige globale Chats ist CamMatch dein Portal zur Welt - privat, schnell und von jedem Ger\u00e4t aus zug\u00e4nglich.<\/p>\n<p>Sind Sie bereit f\u00fcr den Start?<br \/>\nBesuchen Sie cammatch.com, w\u00e4hlen Sie ein Video oder einen Text und beginnen Sie in Sekundenschnelle Ihr n\u00e4chstes Gespr\u00e4ch.<\/p>","protected":false},"excerpt":{"rendered":"<p>In a world where connection is just a click away, the rise of random video chat platforms has opened new frontiers for meeting friends, flirting, language exchange, and exploring cultures\u2014all in real time. As one of the newest and most innovative players on the scene, CamMatch is quickly gaining traction as a top destination for [&hellip;]<\/p>\n","protected":false},"author":6,"featured_media":0,"parent":0,"menu_order":0,"comment_status":"closed","ping_status":"closed","template":"","meta":{"footnotes":""},"class_list":["post-11949","page","type-page","status-publish","hentry"],"yoast_head":"<!-- This site is optimized with the Yoast SEO plugin v27.4 - https:\/\/yoast.com\/product\/yoast-seo-wordpress\/ -->\n<title>Cammatch - Live Video Chat with Random People - TinyChat.com<\/title>\n<meta name=\"description\" content=\"Enjoying Cammatch? Join over 50,000,000 strangers on TinyChat! Turn on your cam and start meeting new people, or find a match.\" \/>\n<meta name=\"robots\" content=\"index, follow, max-snippet:-1, max-image-preview:large, max-video-preview:-1\" \/>\n<link rel=\"canonical\" href=\"https:\/\/tinychat.com\/de\/cammatch\/\" \/>\n<meta property=\"og:locale\" content=\"de_DE\" \/>\n<meta property=\"og:type\" content=\"article\" \/>\n<meta property=\"og:title\" content=\"Cammatch - Live Video Chat with Random People - TinyChat.com\" \/>\n<meta property=\"og:description\" content=\"Enjoying Cammatch? Join over 50,000,000 strangers on TinyChat! Turn on your cam and start meeting new people, or find a match.\" \/>\n<meta property=\"og:url\" content=\"https:\/\/tinychat.com\/de\/cammatch\/\" \/>\n<meta property=\"og:site_name\" content=\"TinyChat\" \/>\n<meta property=\"article:publisher\" content=\"https:\/\/www.facebook.com\/tinychat\" \/>\n<meta property=\"article:modified_time\" content=\"2025-07-21T11:03:37+00:00\" \/>\n<meta property=\"og:image\" content=\"https:\/\/tinychat.com\/wp-content\/uploads\/2020\/04\/Tinychat-logo-1280x284-new-black.png\" \/>\n\t<meta property=\"og:image:width\" content=\"1280\" \/>\n\t<meta property=\"og:image:height\" content=\"284\" \/>\n\t<meta property=\"og:image:type\" content=\"image\/png\" \/>\n<meta name=\"twitter:card\" content=\"summary_large_image\" \/>\n<meta name=\"twitter:site\" content=\"@tinychat\" \/>\n<meta name=\"twitter:label1\" content=\"Gesch\u00e4tzte Lesezeit\" \/>\n\t<meta name=\"twitter:data1\" content=\"7\u00a0Minuten\" \/>\n<script type=\"application\/ld+json\" class=\"yoast-schema-graph\">{\"@context\":\"https:\\\/\\\/schema.org\",\"@graph\":[{\"@type\":\"WebPage\",\"@id\":\"https:\\\/\\\/tinychat.com\\\/cammatch\\\/\",\"url\":\"https:\\\/\\\/tinychat.com\\\/cammatch\\\/\",\"name\":\"Cammatch - Live Video Chat with Random People - TinyChat.com\",\"isPartOf\":{\"@id\":\"https:\\\/\\\/tinychat.com\\\/#website\"},\"datePublished\":\"2023-10-24T09:57:43+00:00\",\"dateModified\":\"2025-07-21T11:03:37+00:00\",\"description\":\"Enjoying Cammatch? Join over 50,000,000 strangers on TinyChat! Turn on your cam and start meeting new people, or find a match.\",\"breadcrumb\":{\"@id\":\"https:\\\/\\\/tinychat.com\\\/cammatch\\\/#breadcrumb\"},\"inLanguage\":\"de\",\"potentialAction\":[{\"@type\":\"ReadAction\",\"target\":[\"https:\\\/\\\/tinychat.com\\\/cammatch\\\/\"]}]},{\"@type\":\"BreadcrumbList\",\"@id\":\"https:\\\/\\\/tinychat.com\\\/cammatch\\\/#breadcrumb\",\"itemListElement\":[{\"@type\":\"ListItem\",\"position\":1,\"name\":\"Home\",\"item\":\"https:\\\/\\\/tinychat.com\\\/\"},{\"@type\":\"ListItem\",\"position\":2,\"name\":\"Cammatch\"}]},{\"@type\":\"WebSite\",\"@id\":\"https:\\\/\\\/tinychat.com\\\/#website\",\"url\":\"https:\\\/\\\/tinychat.com\\\/\",\"name\":\"TinyChat\",\"description\":\"Random Video Chat with Strangers\",\"publisher\":{\"@id\":\"https:\\\/\\\/tinychat.com\\\/#organization\"},\"alternateName\":\"TinyChat.com\",\"potentialAction\":[{\"@type\":\"SearchAction\",\"target\":{\"@type\":\"EntryPoint\",\"urlTemplate\":\"https:\\\/\\\/tinychat.com\\\/?s={search_term_string}\"},\"query-input\":{\"@type\":\"PropertyValueSpecification\",\"valueRequired\":true,\"valueName\":\"search_term_string\"}}],\"inLanguage\":\"de\"},{\"@type\":\"Organization\",\"@id\":\"https:\\\/\\\/tinychat.com\\\/#organization\",\"name\":\"TinyChat\",\"alternateName\":\"TinyChat.com\",\"url\":\"https:\\\/\\\/tinychat.com\\\/\",\"logo\":{\"@type\":\"ImageObject\",\"inLanguage\":\"de\",\"@id\":\"https:\\\/\\\/tinychat.com\\\/#\\\/schema\\\/logo\\\/image\\\/\",\"url\":\"https:\\\/\\\/tinychat.com\\\/wp-content\\\/uploads\\\/2023\\\/11\\\/Tinychat-icon-square.png\",\"contentUrl\":\"https:\\\/\\\/tinychat.com\\\/wp-content\\\/uploads\\\/2023\\\/11\\\/Tinychat-icon-square.png\",\"width\":284,\"height\":284,\"caption\":\"TinyChat\"},\"image\":{\"@id\":\"https:\\\/\\\/tinychat.com\\\/#\\\/schema\\\/logo\\\/image\\\/\"},\"sameAs\":[\"https:\\\/\\\/www.facebook.com\\\/tinychat\",\"https:\\\/\\\/x.com\\\/tinychat\"]}]}<\/script>\n<!-- \/ Yoast SEO plugin. -->","yoast_head_json":{"title":"Cammatch - Live Video Chat mit zuf\u00e4lligen Personen - TinyChat.com","description":"Gef\u00e4llt dir Cammatch? Schlie\u00dfe dich \u00fcber 50.000.000 Fremden auf TinyChat an! Schalte deine Kamera ein und fange an, neue Leute zu treffen, oder finde einen Partner.","robots":{"index":"index","follow":"follow","max-snippet":"max-snippet:-1","max-image-preview":"max-image-preview:large","max-video-preview":"max-video-preview:-1"},"canonical":"https:\/\/tinychat.com\/de\/cammatch\/","og_locale":"de_DE","og_type":"article","og_title":"Cammatch - Live Video Chat with Random People - TinyChat.com","og_description":"Enjoying Cammatch? Join over 50,000,000 strangers on TinyChat! Turn on your cam and start meeting new people, or find a match.","og_url":"https:\/\/tinychat.com\/de\/cammatch\/","og_site_name":"TinyChat","article_publisher":"https:\/\/www.facebook.com\/tinychat","article_modified_time":"2025-07-21T11:03:37+00:00","og_image":[{"width":1280,"height":284,"url":"https:\/\/tinychat.com\/wp-content\/uploads\/2020\/04\/Tinychat-logo-1280x284-new-black.png","type":"image\/png"}],"twitter_card":"summary_large_image","twitter_site":"@tinychat","twitter_misc":{"Gesch\u00e4tzte Lesezeit":"7\u00a0Minuten"},"schema":{"@context":"https:\/\/schema.org","@graph":[{"@type":"WebPage","@id":"https:\/\/tinychat.com\/cammatch\/","url":"https:\/\/tinychat.com\/cammatch\/","name":"Cammatch - Live Video Chat mit zuf\u00e4lligen Personen - TinyChat.com","isPartOf":{"@id":"https:\/\/tinychat.com\/#website"},"datePublished":"2023-10-24T09:57:43+00:00","dateModified":"2025-07-21T11:03:37+00:00","description":"Gef\u00e4llt dir Cammatch? Schlie\u00dfe dich \u00fcber 50.000.000 Fremden auf TinyChat an! Schalte deine Kamera ein und fange an, neue Leute zu treffen, oder finde einen Partner.","breadcrumb":{"@id":"https:\/\/tinychat.com\/cammatch\/#breadcrumb"},"inLanguage":"de","potentialAction":[{"@type":"ReadAction","target":["https:\/\/tinychat.com\/cammatch\/"]}]},{"@type":"BreadcrumbList","@id":"https:\/\/tinychat.com\/cammatch\/#breadcrumb","itemListElement":[{"@type":"ListItem","position":1,"name":"Home","item":"https:\/\/tinychat.com\/"},{"@type":"ListItem","position":2,"name":"Cammatch"}]},{"@type":"WebSite","@id":"https:\/\/tinychat.com\/#website","url":"https:\/\/tinychat.com\/","name":"TinyChat","description":"Zuf\u00e4lliger Video-Chat mit Fremden","publisher":{"@id":"https:\/\/tinychat.com\/#organization"},"alternateName":"TinyChat.com","potentialAction":[{"@type":"SearchAction","target":{"@type":"EntryPoint","urlTemplate":"https:\/\/tinychat.com\/?s={search_term_string}"},"query-input":{"@type":"PropertyValueSpecification","valueRequired":true,"valueName":"search_term_string"}}],"inLanguage":"de"},{"@type":"Organization","@id":"https:\/\/tinychat.com\/#organization","name":"TinyChat","alternateName":"TinyChat.com","url":"https:\/\/tinychat.com\/","logo":{"@type":"ImageObject","inLanguage":"de","@id":"https:\/\/tinychat.com\/#\/schema\/logo\/image\/","url":"https:\/\/tinychat.com\/wp-content\/uploads\/2023\/11\/Tinychat-icon-square.png","contentUrl":"https:\/\/tinychat.com\/wp-content\/uploads\/2023\/11\/Tinychat-icon-square.png","width":284,"height":284,"caption":"TinyChat"},"image":{"@id":"https:\/\/tinychat.com\/#\/schema\/logo\/image\/"},"sameAs":["https:\/\/www.facebook.com\/tinychat","https:\/\/x.com\/tinychat"]}]}},"_links":{"self":[{"href":"https:\/\/tinychat.com\/de\/wp-json\/wp\/v2\/pages\/11949","targetHints":{"allow":["GET"]}}],"collection":[{"href":"https:\/\/tinychat.com\/de\/wp-json\/wp\/v2\/pages"}],"about":[{"href":"https:\/\/tinychat.com\/de\/wp-json\/wp\/v2\/types\/page"}],"author":[{"embeddable":true,"href":"https:\/\/tinychat.com\/de\/wp-json\/wp\/v2\/users\/6"}],"replies":[{"embeddable":true,"href":"https:\/\/tinychat.com\/de\/wp-json\/wp\/v2\/comments?post=11949"}],"version-history":[{"count":3,"href":"https:\/\/tinychat.com\/de\/wp-json\/wp\/v2\/pages\/11949\/revisions"}],"predecessor-version":[{"id":13346,"href":"https:\/\/tinychat.com\/de\/wp-json\/wp\/v2\/pages\/11949\/revisions\/13346"}],"wp:attachment":[{"href":"https:\/\/tinychat.com\/de\/wp-json\/wp\/v2\/media?parent=11949"}],"curies":[{"name":"wp","href":"https:\/\/api.w.org\/{rel}","templated":true}]}}