{"id":11954,"date":"2024-10-24T12:21:22","date_gmt":"2024-10-24T10:21:22","guid":{"rendered":"https:\/\/tinychat.com\/?page_id=11954"},"modified":"2025-06-12T10:28:41","modified_gmt":"2025-06-12T08:28:41","slug":"luckycrush","status":"publish","type":"page","link":"https:\/\/tinychat.com\/de\/luckycrush\/","title":{"rendered":"LuckyCrush"},"content":{"rendered":"<p>Zuf\u00e4lliger Eins-zu-Eins-Videochat ausschlie\u00dflich zwischen M\u00e4nnern und Frauen, die sofort f\u00fcr flirty, lustige und m\u00f6glicherweise romantische Unterhaltungen zusammengebracht werden. Im Gegensatz zu herk\u00f6mmlichen Zufalls-Chat-Plattformen, die Nutzer unabh\u00e4ngig von ihrem Geschlecht verbinden, dreht LuckyCrush die Formel um - wenn du ein Mann bist, wirst du immer mit einer Frau verbunden und umgekehrt.<\/p>\n<p>Dieses durchdachte Design macht LuckyCrush zu einer der zielgerichtetsten Plattformen im Bereich der Zufalls-Chats. Mit zehn Millionen Nutzern weltweit und einem wachsenden Ruf f\u00fcr sauberes Design, schnelle Matchmaking und hohes Engagement ist es leicht zu verstehen, warum sich so viele Menschen an LuckyCrush wenden, wenn sie auf der Suche nach einem eher auf Flirts ausgerichteten Zufallsvideoerlebnis sind.<\/p>\n<p>In diesem ausf\u00fchrlichen Testbericht erfahren Sie alles, was Sie \u00fcber LuckyCrush wissen m\u00fcssen - wie es funktioniert, was es von \u00e4hnlichen Plattformen unterscheidet und wie Sie das Beste aus Ihren Chats herausholen k\u00f6nnen.<\/p>\n<h2>Was ist LuckyCrush?<\/h2>\n<p>LuckyCrush ist eine internationale Zufalls-Videochat-Plattform, die ausschlie\u00dflich M\u00e4nner mit Frauen zusammenbringt und umgekehrt. Die Seite wurde 2019 ins Leben gerufen und hat schnell eine weltweite Fangemeinde gewonnen, da sie Nutzer anspricht, die schnelle, anonyme Videochats mit dem anderen Geschlecht w\u00fcnschen, ohne Profileinrichtung und ohne \u00f6ffentliche R\u00e4ume.<\/p>\n<p>Im Gegensatz zu Websites wie Omegle oder Chatroulette - wo Sie unabh\u00e4ngig vom Geschlecht mit jeder Person verbunden werden - verwendet LuckyCrush einen Algorithmus, der sicherstellt, dass die Geschlechter jedes Mal zusammenpassen. M\u00e4nner werden nur mit Frauen zusammengebracht, und Frauen nur mit M\u00e4nnern. Diese Einfachheit in Kombination mit einer \u00fcbersichtlichen Benutzeroberfl\u00e4che und einer weltweiten Nutzerbasis macht LuckyCrush zu einem ganz besonderen Anbieter.<\/p>\n<p>Die Plattform kann kostenlos ausprobiert werden, basiert aber auf einem Kreditsystem f\u00fcr M\u00e4nner. Frauen hingegen k\u00f6nnen die Seite v\u00f6llig kostenlos nutzen - ein Gesch\u00e4ftsmodell, das darauf ausgelegt ist, das Geschlechterverh\u00e4ltnis ausgewogen zu halten und mehr authentische, gegengeschlechtliche Matches zu f\u00f6rdern.<\/p>\n<h2>Hauptmerkmale von LuckyCrush<\/h2>\n<p>LuckyCrush ist sowohl in seiner Funktion als auch in seinem Design einzigartig. Hier ist, was es auszeichnet:<\/p>\n<h3>1. Geschlechtsspezifisches Matchmaking<\/h3>\n<p>Das wichtigste Verkaufsargument von LuckyCrush ist die standardm\u00e4\u00dfige Geschlechterfilterung. Es verbindet:<\/p>\n<ul>\n<li>M\u00e4nner ausschlie\u00dflich an Frauen<\/li>\n<li>Frauen ausschlie\u00dflich f\u00fcr M\u00e4nner<\/li>\n<\/ul>\n<p>Das gibt sofort den Ton f\u00fcr Flirts, Romanzen oder freundliches Gepl\u00e4nkel zwischen den Geschlechtern an. Es beseitigt das Chaos, das oft auf allgemeineren Chat-Plattformen herrscht.<\/p>\n<h3>2. Zuf\u00e4lliger Video-Chat unter vier Augen<\/h3>\n<p>Es gibt keine Gruppenr\u00e4ume, keine reinen Textoptionen und keine anonymen Foren. Jede Sitzung ist ein privater Live-Video-Chat von Angesicht zu Angesicht mit jeweils einer Person.<\/p>\n<p>Wenn Ihnen die \u00dcbereinstimmung nicht gef\u00e4llt, klicken Sie einfach auf \"Weiter\", um zu einer anderen Person zu wechseln.<\/p>\n<h3>3. Instant Matching - keine Anmeldung erforderlich<\/h3>\n<p>Sie k\u00f6nnen den Chat mit nur einem Klick beginnen. Keine E-Mail Adresse. Keine Registrierung. Kein Profil. Dieser reibungslose Ansatz ist Teil des Erfolgs von LuckyCrush - insbesondere auf dem Handy, wo die Nutzer Schnelligkeit und Einfachheit erwarten.<\/p>\n<p>(Die Anmeldung wird jedoch empfohlen, wenn Sie kostenlose Credits verdienen, auf den Chatverlauf zugreifen oder die Nutzung verfolgen m\u00f6chten).<\/p>\n<h3>4. Kreditbasiertes System (f\u00fcr M\u00e4nner)<\/h3>\n<p>Das Ausprobieren von LuckyCrush ist kostenlos, aber M\u00e4nner m\u00fcssen Credits verwenden, um nach der Probezeit weiter zu chatten. Credits werden in Paketen gekauft, und jede Sekunde Videochat verbraucht einen kleinen Betrag.<\/p>\n<p>Frauen hingegen nutzen die Website v\u00f6llig kostenlos, was dazu beitr\u00e4gt, dass echte weibliche Nutzer immer pr\u00e4sent sind.<\/p>\n<h3>5. Globale Reichweite<\/h3>\n<p>LuckyCrush hat Nutzer in \u00fcber 100 L\u00e4ndern, mit automatischer Regionsanpassung f\u00fcr schnellere lokale Unterhaltungen. Sie k\u00f6nnen auch zu einem internationalen Chat wechseln, um eine breitere Erfahrung zu machen.<\/p>\n<p>Diese internationale Atmosph\u00e4re macht LuckyCrush perfekt f\u00fcr:<\/p>\n<ul>\n<li>Interkulturelles Flirten<\/li>\n<li>Sprachen \u00fcben<\/li>\n<li>Entdeckung neuer Akzente und Pers\u00f6nlichkeiten<\/li>\n<\/ul>\n<h3>6. Einfache Schnittstelle mit starker mobiler Unterst\u00fctzung<\/h3>\n<p>Das Design ist sauber, mobil-optimiert und intuitiv:<\/p>\n<ul>\n<li>Vollbild-Videoschnittstelle<\/li>\n<li>Chatbox f\u00fcr Text, falls erforderlich<\/li>\n<li>Schnelle Ladezeiten und minimale Ablenkung<\/li>\n<\/ul>\n<p>Egal, ob Sie LuckyCrush auf dem Desktop oder auf dem Handy verwenden, es funktioniert reibungslos.<\/p>\n<h2>So verwenden Sie LuckyCrush<\/h2>\n<p>Die Verwendung von LuckyCrush ist schnell und einfach. Hier ist, wie Sie loslegen:<\/p>\n<h3>Schritt 1: Besuchen Sie die Website<\/h3>\n<p>Gehen Sie mit einem beliebigen Browser auf luckycrush.live. Du wirst aufgefordert, dein Geschlecht auszuw\u00e4hlen.<\/p>\n<h3>Schritt 2: Zugriff auf Webcam und Mikrofon gew\u00e4hren<\/h3>\n<p>Um die Plattform zu nutzen, m\u00fcssen Sie Ihre Kamera und Ihr Mikrofon aktivieren. Die Website verwendet sie ausschlie\u00dflich f\u00fcr Videochats.<\/p>\n<h3>Schritt 3: Chatten beginnen<\/h3>\n<p>Sobald Sie sich gefunden haben, beginnt Ihre Chatsitzung sofort. Sie sehen die andere Person auf dem Video, und sie sieht Sie. Sie k\u00f6nnen bei Bedarf auch in das Chatfeld schreiben.<\/p>\n<h3>Schritt 4: Klicken Sie zum \u00dcberspringen auf \"Weiter\".<\/h3>\n<p>M\u00f6chten Sie ein neues Spiel ausprobieren? Klicken Sie auf die Schaltfl\u00e4che \"Weiter\", um den Partner sofort zu wechseln.<\/p>\n<h3>Schritt 5: Kredite verwalten (nur f\u00fcr M\u00e4nner)<\/h3>\n<p>Wenn Sie ein m\u00e4nnlicher Nutzer sind, endet Ihre kostenlose Testphase nach ein paar Minuten. Sie m\u00fcssen dann Guthaben kaufen, um den Dienst weiter nutzen zu k\u00f6nnen.<\/p>\n<h2>Benutzererfahrung bei LuckyCrush<\/h2>\n<p>LuckyCrush bietet eine der reibungslosesten und konzentriertesten Benutzererfahrungen in der Kategorie Zufalls-Chat. Es ist nicht mit unn\u00f6tigen Funktionen \u00fcberladen - der Schwerpunkt liegt ganz auf der Interaktion von Angesicht zu Angesicht mit jemandem des anderen Geschlechts.<\/p>\n<h3>Was die Menschen lieben<\/h3>\n<ul>\n<li>Schneller und einfacher Zugang<\/li>\n<li>Garantie der Geschlechtsangleichung<\/li>\n<li>Frei f\u00fcr Frauen<\/li>\n<li>Echte Nutzer - viel weniger Bots und Trolle<\/li>\n<li>Flirtfreundliches Design, ohne nur f\u00fcr Erwachsene geeignet zu sein<\/li>\n<li>Optimierte Benutzeroberfl\u00e4che mit hervorragender Kompatibilit\u00e4t mit mobilen Ger\u00e4ten<\/li>\n<\/ul>\n<h3>Was k\u00f6nnte besser sein?<\/h3>\n<ul>\n<li>M\u00e4nner m\u00fcssen nach einer kurzen kostenlosen Testphase bezahlen<\/li>\n<li>Keine gleichgeschlechtliche Chat-Option<\/li>\n<li>Kein passendes Interesse oder Thema<\/li>\n<li>Begrenzte Sicherheits-\/Berichtstools w\u00e4hrend der Sitzung<\/li>\n<\/ul>\n<h2>Echtes Benutzer-Feedback<\/h2>\n<blockquote><p>\"Viel besser als Omegle. Wenigstens wei\u00df ich, dass ich immer mit einer echten Frau zusammengebracht werde. Es ist die Credits wert, wenn man es ernst meint.\"<br \/>\n- <em>Eric S., Google Play<\/em><\/p><\/blockquote>\n<blockquote><p>\"Ich hatte einige tolle Gespr\u00e4che - es ist cool, dass die Spiele immer m\u00e4nnlich\/weiblich sind. Das f\u00fchlt sich weniger zuf\u00e4llig an, auf eine gute Art und Weise.\"<br \/>\n- <em>Laura G., Sitejabber<\/em><\/p><\/blockquote>\n<blockquote><p>\"Sie brauchen mehr Funktionen wie gespeicherte Freunde, aber f\u00fcr schnelle, unterhaltsame Chats funktioniert es wirklich gut.\"<br \/>\n- <em>Dan V., Reddit<\/em><\/p><\/blockquote>\n<h2>LuckyCrush im Vergleich zu anderen Video-Chat-Plattformen<\/h2>\n<p>Hier sehen Sie, wie LuckyCrush im Vergleich zu anderen gro\u00dfen Namen in diesem Bereich abschneidet:<\/p>\n<table>\n<thead>\n<tr>\n<th>Merkmal<\/th>\n<th>LuckyCrush<\/th>\n<th>Omegle<\/th>\n<th>ChatHub<\/th>\n<th>Emerald Chat<\/th>\n<th>Thundr<\/th>\n<\/tr>\n<\/thead>\n<tbody>\n<tr>\n<td>Gender-Paarung<\/td>\n<td>\u2705 Garantiert<\/td>\n<td>\u274c Zuf\u00e4llig<\/td>\n<td>\u2705 Premium<\/td>\n<td>\u2705 Karma-basiert<\/td>\n<td>\u2705 Premium<\/td>\n<\/tr>\n<tr>\n<td>Video-Chat<\/td>\n<td>\u2705 Ja<\/td>\n<td>\u2705 Ja<\/td>\n<td>\u2705 Ja<\/td>\n<td>\u2705 Ja<\/td>\n<td>\u2705 Ja<\/td>\n<\/tr>\n<tr>\n<td>Frei f\u00fcr Frauen<\/td>\n<td>\u2705 Ja<\/td>\n<td>\u2705 Ja<\/td>\n<td>\u2705 Ja<\/td>\n<td>\u2705 Ja<\/td>\n<td>\u2705 Ja<\/td>\n<\/tr>\n<tr>\n<td>Anonyme Nutzung<\/td>\n<td>\u2705 Ja<\/td>\n<td>\u2705 Ja<\/td>\n<td>\u2705 Ja<\/td>\n<td>\u2705 Fakultativ<\/td>\n<td>\u2705 Ja<\/td>\n<\/tr>\n<tr>\n<td>Mobil-optimiert<\/td>\n<td>\u2705 Ausgezeichnet<\/td>\n<td>\u26a0\ufe0f Gemischt<\/td>\n<td>\u2705 Gut<\/td>\n<td>\u2705 Gut<\/td>\n<td>\u2705 Ausgezeichnet<\/td>\n<\/tr>\n<tr>\n<td>Zinsabgleich<\/td>\n<td>\u274c Nein<\/td>\n<td>\u2705 Ja<\/td>\n<td>\u274c Nein<\/td>\n<td>\u2705 Ja<\/td>\n<td>\u274c Nein<\/td>\n<\/tr>\n<tr>\n<td>Kreditsystem (kostenpflichtige Nutzung)<\/td>\n<td>\u2705 F\u00fcr M\u00e4nner<\/td>\n<td>\u274c Nein<\/td>\n<td>\u274c Nein<\/td>\n<td>\u274c Nein<\/td>\n<td>\u274c Nein<\/td>\n<\/tr>\n<tr>\n<td>Adult-Free UI<\/td>\n<td>\u2705 Ja<\/td>\n<td>\u26a0\ufe0f Nicht sicher<\/td>\n<td>\u2705 Ja<\/td>\n<td>\u2705 Ja<\/td>\n<td>\u2705 Ja<\/td>\n<\/tr>\n<\/tbody>\n<\/table>\n<p>Zusammenfassung: LuckyCrush \u00fcberzeugt durch die Exklusivit\u00e4t gegen\u00fcber anderen Geschlechtern, die Qualit\u00e4t der Nutzer und das auf den Flirt ausgerichtete Erlebnis. Es ist nicht die anpassungsf\u00e4higste Plattform, aber sie ist eine der am besten f\u00fcr einfaches, anonymes, videobasiertes Flirten geschaffenen.<\/p>\n<h2>Ist LuckyCrush sicher?<\/h2>\n<p>LuckyCrush bietet mehr Sicherheit als die meisten zuf\u00e4lligen Video-Chat-Seiten - aber es handelt sich immer noch um eine benutzergesteuerte Umgebung, daher ist Diskretion unerl\u00e4sslich.<\/p>\n<h3>Sicherheit Positiv<\/h3>\n<ul>\n<li>Chats unter vier Augen verringern die Schlepperei<\/li>\n<li>Die Ausschlie\u00dflichkeit der Geschlechter schafft ein besseres Gleichgewicht im Verhalten<\/li>\n<li>Keine \u00f6ffentlichen R\u00e4ume<\/li>\n<li>Keine dauerhafte Datenspeicherung<\/li>\n<li>Verschl\u00fcsselte Verbindungen<\/li>\n<\/ul>\n<h3>Beschr\u00e4nkungen<\/h3>\n<ul>\n<li>Keine Echtzeit-Moderation in jedem Chat<\/li>\n<li>Keine sichtbare Meldetaste bei Anrufen<\/li>\n<li>Keine Alters\u00fcberpr\u00fcfung \u00fcber das Ehrensystem der Benutzer hinaus<\/li>\n<\/ul>\n<h2>Tipps zur effektiven Nutzung von LuckyCrush<\/h2>\n<ul>\n<li>Verwenden Sie Kopfh\u00f6rer f\u00fcr besseren Klang und mehr Privatsph\u00e4re<\/li>\n<li>\u00dcberspringen Sie schnell, wenn das Gespr\u00e4ch nicht Ihren Vorstellungen entspricht<\/li>\n<li>Vermeiden Sie die Weitergabe pers\u00f6nlicher Daten (soziale Kontakte, E-Mail usw.)<\/li>\n<li>Halten Sie Ihre Kamera bei guter Beleuchtung auf Augenh\u00f6he<\/li>\n<li>Frauen: Versuchen Sie verschiedene Tageszeiten f\u00fcr internationale Spiele<\/li>\n<li>M\u00e4nner: Nutzen Sie Ihr kostenloses Guthaben zum Testen vor dem Kauf<\/li>\n<\/ul>\n<h2>Fehlersuche bei allgemeinen Problemen<\/h2>\n<h3>Kann nicht auf die Kamera zugreifen<\/h3>\n<p>Vergewissern Sie sich, dass Ihr Browser die Verwendung von Kamera\/Mikrofon zul\u00e4sst. Schlie\u00dfen Sie andere Anwendungen, die m\u00f6glicherweise die Kamera verwenden.<\/p>\n<h3>Verz\u00f6gerung oder schlechte Videoqualit\u00e4t<\/h3>\n<p>Wechseln Sie zu einer stabilen Wi-Fi-Verbindung. Schlie\u00dfen Sie Hintergrundregisterkarten oder wechseln Sie den Browser.<\/p>\n<h3>Keine \u00dcbereinstimmung gefunden<\/h3>\n<p>Versuchen Sie es zu Spitzenzeiten (abends\/Wochenende). Die Nachfrage kann regional sein; eine Umstellung auf Global kann helfen.<\/p>\n<h3>Kredite laufen aus<\/h3>\n<p>Melden Sie sich an, um kostenloses Guthaben zu erhalten, oder kaufen Sie ein Paket, um weiter zu chatten.<\/p>\n<p>LuckyCrush versucht nicht, eine Dating-Website oder eine Freundschaftsb\u00f6rse zu sein. LuckyCrush bietet dir private, spontane und sichere Videokonversationen, die standardm\u00e4\u00dfig geschlechts\u00fcbergreifend sind.<\/p>\n<p>Mit Millionen von Nutzern, einer reibungslosen Benutzeroberfl\u00e4che und einem Algorithmus f\u00fcr die Geschlechterzuordnung, der das liefert, was die meisten zuf\u00e4lligen Chat-Nutzer tats\u00e4chlich wollen, erf\u00fcllt LuckyCrush eine klare und wachsende Nachfrage.<\/p>\n<p>Hier geht es nicht um lange Biografien oder tiefgr\u00fcndiges Matchmaking - hier geht es um Live-Verbindungen im Moment.<\/p>\n<p>Wenn Sie also auf der Suche nach dem n\u00e4chsten Schritt jenseits von Omegle oder Chatroulette sind und genug von Spam, Bots oder der Ungewissheit, mit wem Sie zusammenpassen, haben, sollten Sie LuckyCrush ausprobieren.<\/p>\n<p>Besuchen Sie luckycrush.live und fangen Sie sofort mit dem Chatten an - keine Registrierung, kein Urteil, nur echte Menschen, echte Anziehungskraft, echte Zeit.<\/p>","protected":false},"excerpt":{"rendered":"<p>Random one-on-one video chat exclusively between men and women, matched instantly for flirty, fun, and possibly romantic conversations. Unlike traditional random chat platforms that connect users regardless of gender, LuckyCrush flips the formula \u2014 if you\u2019re a man, you\u2019ll always be connected to a woman, and vice versa. That deliberate design makes LuckyCrush one of [&hellip;]<\/p>\n","protected":false},"author":6,"featured_media":0,"parent":0,"menu_order":0,"comment_status":"closed","ping_status":"closed","template":"","meta":{"footnotes":""},"class_list":["post-11954","page","type-page","status-publish","hentry"],"yoast_head":"<!-- This site is optimized with the Yoast SEO plugin v27.4 - https:\/\/yoast.com\/product\/yoast-seo-wordpress\/ -->\n<title>LuckyCrush - Online Video Chat Website with Girls - TinyChat.com<\/title>\n<meta name=\"description\" content=\"Enjoying LuckyCrush? Join over 50,000,000 strangers on TinyChat! Turn on your cam and start meeting new people, or find a match.\" \/>\n<meta name=\"robots\" content=\"index, follow, max-snippet:-1, max-image-preview:large, max-video-preview:-1\" \/>\n<link rel=\"canonical\" href=\"https:\/\/tinychat.com\/de\/luckycrush\/\" \/>\n<meta property=\"og:locale\" content=\"de_DE\" \/>\n<meta property=\"og:type\" content=\"article\" \/>\n<meta property=\"og:title\" content=\"LuckyCrush - Online Video Chat Website with Girls - TinyChat.com\" \/>\n<meta property=\"og:description\" content=\"Enjoying LuckyCrush? Join over 50,000,000 strangers on TinyChat! Turn on your cam and start meeting new people, or find a match.\" \/>\n<meta property=\"og:url\" content=\"https:\/\/tinychat.com\/de\/luckycrush\/\" \/>\n<meta property=\"og:site_name\" content=\"TinyChat\" \/>\n<meta property=\"article:publisher\" content=\"https:\/\/www.facebook.com\/tinychat\" \/>\n<meta property=\"article:modified_time\" content=\"2025-06-12T08:28:41+00:00\" \/>\n<meta property=\"og:image\" content=\"https:\/\/tinychat.com\/wp-content\/uploads\/2020\/04\/Tinychat-logo-1280x284-new-black.png\" \/>\n\t<meta property=\"og:image:width\" content=\"1280\" \/>\n\t<meta property=\"og:image:height\" content=\"284\" \/>\n\t<meta property=\"og:image:type\" content=\"image\/png\" \/>\n<meta name=\"twitter:card\" content=\"summary_large_image\" \/>\n<meta name=\"twitter:site\" content=\"@tinychat\" \/>\n<meta name=\"twitter:label1\" content=\"Gesch\u00e4tzte Lesezeit\" \/>\n\t<meta name=\"twitter:data1\" content=\"6\u00a0Minuten\" \/>\n<script type=\"application\/ld+json\" class=\"yoast-schema-graph\">{\"@context\":\"https:\\\/\\\/schema.org\",\"@graph\":[{\"@type\":\"WebPage\",\"@id\":\"https:\\\/\\\/tinychat.com\\\/luckycrush\\\/\",\"url\":\"https:\\\/\\\/tinychat.com\\\/luckycrush\\\/\",\"name\":\"LuckyCrush - Online Video Chat Website with Girls - TinyChat.com\",\"isPartOf\":{\"@id\":\"https:\\\/\\\/tinychat.com\\\/#website\"},\"datePublished\":\"2024-10-24T10:21:22+00:00\",\"dateModified\":\"2025-06-12T08:28:41+00:00\",\"description\":\"Enjoying LuckyCrush? Join over 50,000,000 strangers on TinyChat! Turn on your cam and start meeting new people, or find a match.\",\"breadcrumb\":{\"@id\":\"https:\\\/\\\/tinychat.com\\\/luckycrush\\\/#breadcrumb\"},\"inLanguage\":\"de\",\"potentialAction\":[{\"@type\":\"ReadAction\",\"target\":[\"https:\\\/\\\/tinychat.com\\\/luckycrush\\\/\"]}]},{\"@type\":\"BreadcrumbList\",\"@id\":\"https:\\\/\\\/tinychat.com\\\/luckycrush\\\/#breadcrumb\",\"itemListElement\":[{\"@type\":\"ListItem\",\"position\":1,\"name\":\"Home\",\"item\":\"https:\\\/\\\/tinychat.com\\\/\"},{\"@type\":\"ListItem\",\"position\":2,\"name\":\"LuckyCrush\"}]},{\"@type\":\"WebSite\",\"@id\":\"https:\\\/\\\/tinychat.com\\\/#website\",\"url\":\"https:\\\/\\\/tinychat.com\\\/\",\"name\":\"TinyChat\",\"description\":\"Random Video Chat with Strangers\",\"publisher\":{\"@id\":\"https:\\\/\\\/tinychat.com\\\/#organization\"},\"alternateName\":\"TinyChat.com\",\"potentialAction\":[{\"@type\":\"SearchAction\",\"target\":{\"@type\":\"EntryPoint\",\"urlTemplate\":\"https:\\\/\\\/tinychat.com\\\/?s={search_term_string}\"},\"query-input\":{\"@type\":\"PropertyValueSpecification\",\"valueRequired\":true,\"valueName\":\"search_term_string\"}}],\"inLanguage\":\"de\"},{\"@type\":\"Organization\",\"@id\":\"https:\\\/\\\/tinychat.com\\\/#organization\",\"name\":\"TinyChat\",\"alternateName\":\"TinyChat.com\",\"url\":\"https:\\\/\\\/tinychat.com\\\/\",\"logo\":{\"@type\":\"ImageObject\",\"inLanguage\":\"de\",\"@id\":\"https:\\\/\\\/tinychat.com\\\/#\\\/schema\\\/logo\\\/image\\\/\",\"url\":\"https:\\\/\\\/tinychat.com\\\/wp-content\\\/uploads\\\/2023\\\/11\\\/Tinychat-icon-square.png\",\"contentUrl\":\"https:\\\/\\\/tinychat.com\\\/wp-content\\\/uploads\\\/2023\\\/11\\\/Tinychat-icon-square.png\",\"width\":284,\"height\":284,\"caption\":\"TinyChat\"},\"image\":{\"@id\":\"https:\\\/\\\/tinychat.com\\\/#\\\/schema\\\/logo\\\/image\\\/\"},\"sameAs\":[\"https:\\\/\\\/www.facebook.com\\\/tinychat\",\"https:\\\/\\\/x.com\\\/tinychat\"]}]}<\/script>\n<!-- \/ Yoast SEO plugin. -->","yoast_head_json":{"title":"LuckyCrush - Online Video Chat Website mit M\u00e4dchen - TinyChat.com","description":"Genie\u00dft du LuckyCrush? Schlie\u00dfen Sie sich \u00fcber 50.000.000 Fremden auf TinyChat an! Schalte deine Kamera ein und fange an, neue Leute zu treffen, oder finde einen Partner.","robots":{"index":"index","follow":"follow","max-snippet":"max-snippet:-1","max-image-preview":"max-image-preview:large","max-video-preview":"max-video-preview:-1"},"canonical":"https:\/\/tinychat.com\/de\/luckycrush\/","og_locale":"de_DE","og_type":"article","og_title":"LuckyCrush - Online Video Chat Website with Girls - TinyChat.com","og_description":"Enjoying LuckyCrush? Join over 50,000,000 strangers on TinyChat! Turn on your cam and start meeting new people, or find a match.","og_url":"https:\/\/tinychat.com\/de\/luckycrush\/","og_site_name":"TinyChat","article_publisher":"https:\/\/www.facebook.com\/tinychat","article_modified_time":"2025-06-12T08:28:41+00:00","og_image":[{"width":1280,"height":284,"url":"https:\/\/tinychat.com\/wp-content\/uploads\/2020\/04\/Tinychat-logo-1280x284-new-black.png","type":"image\/png"}],"twitter_card":"summary_large_image","twitter_site":"@tinychat","twitter_misc":{"Gesch\u00e4tzte Lesezeit":"6\u00a0Minuten"},"schema":{"@context":"https:\/\/schema.org","@graph":[{"@type":"WebPage","@id":"https:\/\/tinychat.com\/luckycrush\/","url":"https:\/\/tinychat.com\/luckycrush\/","name":"LuckyCrush - Online Video Chat Website mit M\u00e4dchen - TinyChat.com","isPartOf":{"@id":"https:\/\/tinychat.com\/#website"},"datePublished":"2024-10-24T10:21:22+00:00","dateModified":"2025-06-12T08:28:41+00:00","description":"Genie\u00dft du LuckyCrush? Schlie\u00dfen Sie sich \u00fcber 50.000.000 Fremden auf TinyChat an! Schalte deine Kamera ein und fange an, neue Leute zu treffen, oder finde einen Partner.","breadcrumb":{"@id":"https:\/\/tinychat.com\/luckycrush\/#breadcrumb"},"inLanguage":"de","potentialAction":[{"@type":"ReadAction","target":["https:\/\/tinychat.com\/luckycrush\/"]}]},{"@type":"BreadcrumbList","@id":"https:\/\/tinychat.com\/luckycrush\/#breadcrumb","itemListElement":[{"@type":"ListItem","position":1,"name":"Home","item":"https:\/\/tinychat.com\/"},{"@type":"ListItem","position":2,"name":"LuckyCrush"}]},{"@type":"WebSite","@id":"https:\/\/tinychat.com\/#website","url":"https:\/\/tinychat.com\/","name":"TinyChat","description":"Zuf\u00e4lliger Video-Chat mit Fremden","publisher":{"@id":"https:\/\/tinychat.com\/#organization"},"alternateName":"TinyChat.com","potentialAction":[{"@type":"SearchAction","target":{"@type":"EntryPoint","urlTemplate":"https:\/\/tinychat.com\/?s={search_term_string}"},"query-input":{"@type":"PropertyValueSpecification","valueRequired":true,"valueName":"search_term_string"}}],"inLanguage":"de"},{"@type":"Organization","@id":"https:\/\/tinychat.com\/#organization","name":"TinyChat","alternateName":"TinyChat.com","url":"https:\/\/tinychat.com\/","logo":{"@type":"ImageObject","inLanguage":"de","@id":"https:\/\/tinychat.com\/#\/schema\/logo\/image\/","url":"https:\/\/tinychat.com\/wp-content\/uploads\/2023\/11\/Tinychat-icon-square.png","contentUrl":"https:\/\/tinychat.com\/wp-content\/uploads\/2023\/11\/Tinychat-icon-square.png","width":284,"height":284,"caption":"TinyChat"},"image":{"@id":"https:\/\/tinychat.com\/#\/schema\/logo\/image\/"},"sameAs":["https:\/\/www.facebook.com\/tinychat","https:\/\/x.com\/tinychat"]}]}},"_links":{"self":[{"href":"https:\/\/tinychat.com\/de\/wp-json\/wp\/v2\/pages\/11954","targetHints":{"allow":["GET"]}}],"collection":[{"href":"https:\/\/tinychat.com\/de\/wp-json\/wp\/v2\/pages"}],"about":[{"href":"https:\/\/tinychat.com\/de\/wp-json\/wp\/v2\/types\/page"}],"author":[{"embeddable":true,"href":"https:\/\/tinychat.com\/de\/wp-json\/wp\/v2\/users\/6"}],"replies":[{"embeddable":true,"href":"https:\/\/tinychat.com\/de\/wp-json\/wp\/v2\/comments?post=11954"}],"version-history":[{"count":3,"href":"https:\/\/tinychat.com\/de\/wp-json\/wp\/v2\/pages\/11954\/revisions"}],"predecessor-version":[{"id":13218,"href":"https:\/\/tinychat.com\/de\/wp-json\/wp\/v2\/pages\/11954\/revisions\/13218"}],"wp:attachment":[{"href":"https:\/\/tinychat.com\/de\/wp-json\/wp\/v2\/media?parent=11954"}],"curies":[{"name":"wp","href":"https:\/\/api.w.org\/{rel}","templated":true}]}}