{"id":12021,"date":"2025-08-07T10:51:13","date_gmt":"2025-08-07T08:51:13","guid":{"rendered":"https:\/\/tinychat.com\/?page_id=12021"},"modified":"2025-08-07T10:56:26","modified_gmt":"2025-08-07T08:56:26","slug":"omegle-alternative","status":"publish","type":"page","link":"https:\/\/tinychat.com\/de\/omegle-alternative\/","title":{"rendered":"Omegle Alternative"},"content":{"rendered":"<p>Jahrelang war Omegle die beste Plattform f\u00fcr alle, die sofort mit Fremden per Text oder Video in Kontakt treten wollten. Seine Einfachheit und Spontaneit\u00e4t haben die Art und Weise ver\u00e4ndert, wie Millionen von Menschen online neue Freunde gefunden haben. Aber so wie sich die Welt des zuf\u00e4lligen Videochats weiterentwickelt hat, haben sich auch die Erwartungen der Nutzer ver\u00e4ndert - und jetzt suchen viele Menschen nach einer sichereren, ansprechenderen Omegle-Alternative.<\/p>\n<p>Ob Sie nun genug von Bots haben, mehr Funktionen suchen oder einfach eine Plattform wollen, die sich mehr wie eine Community anf\u00fchlt, es gibt heute Dutzende von Omegle-Alternativen. Unter ihnen sticht TinyChat als eine der besten hervor, die einen reichhaltigeren, interaktiveren und sichereren Raum f\u00fcr echte Gespr\u00e4che bietet. Hier ist der Grund daf\u00fcr.<\/p>\n<h2>Warum sollte man eine Omegle-Alternative suchen?<\/h2>\n<p>Das Omegle hat Neuland betreten, aber es ist nicht ohne Schw\u00e4chen. Deshalb sind viele Nutzer jetzt auf der Suche nach der besten Omegle-Alternative:<\/p>\n<ul>\n<li>Mangelnde Moderation: Omegle ist ber\u00fcchtigt f\u00fcr Bots, Spam und anst\u00f6\u00dfige Inhalte.<\/li>\n<li>Keine echte Gemeinschaft: Die meisten Gespr\u00e4che sind fl\u00fcchtig und bieten kaum Gelegenheit, \u00fcber den Moment hinaus Kontakte zu kn\u00fcpfen.<\/li>\n<li>Begrenzte Funktionen: Keine Gruppen-Chatr\u00e4ume, schlechte Unterst\u00fctzung f\u00fcr mobile Ger\u00e4te und sehr wenige Anpassungsm\u00f6glichkeiten.<\/li>\n<li>Sicherheitsbedenken: Ohne robuste Benutzerkontrollen und Meldeinstrumente f\u00fchlen sich viele Benutzer (insbesondere Frauen und j\u00fcngere Menschen) unsicher.<\/li>\n<li>Keine thematischen Chats: Es ist schwer, Leute zu finden, die Ihre Interessen teilen oder \u00fcber etwas Bestimmtes sprechen wollen.<\/li>\n<\/ul>\n<p>Aus diesem Grund erfreuen sich Plattformen wie TinyChat zunehmender Beliebtheit, da sie alles bieten, was Omegle fehlt - und noch viel mehr.<\/p>\n<h2>Was macht eine gute Omegle-Alternative aus?<\/h2>\n<p>Nicht alle zuf\u00e4lligen Videochat-Plattformen sind gleich. Die besten Omegle Alternativen bieten:<\/p>\n<ul>\n<li>St\u00e4rkere Moderations- und Berichtswerkzeuge<\/li>\n<li>Mehrere Chat-Formate: Text, Sprache und Video, sowohl privat als auch in Gruppen<\/li>\n<li>Themenbezogene R\u00e4ume und Gemeinschaften<\/li>\n<li>Mobile Anwendungen und plattform\u00fcbergreifende Unterst\u00fctzung<\/li>\n<li>Benutzeranpassung und Kontrolle<\/li>\n<li>Eine einladende, aktive Nutzerbasis<\/li>\n<\/ul>\n<p>Das TinyChat erf\u00fcllt all diese Kriterien und geht dar\u00fcber hinaus.<\/p>\n<h2>TinyChat: Die beste Omegle-Alternative f\u00fcr echte Konversationen<\/h2>\n<p>TinyChat ist seit Jahren eine feste Gr\u00f6\u00dfe im Online-Chat, hat sich aber vor kurzem zu einer f\u00fchrenden Omegle-Alternative entwickelt, die die Spontaneit\u00e4t eines zuf\u00e4lligen Chats mit der Tiefe und Sicherheit einer echten Online-Community verbindet.<\/p>\n<h3>Was zeichnet das TinyChat aus?<\/h3>\n<h4>1. Gruppen- und private Video-Chatr\u00e4ume<\/h4>\n<p>Anders als bei Omegle, wo nur zuf\u00e4llige Eins-zu-Eins-Paarungen m\u00f6glich sind, k\u00f6nnen Sie bei TinyChat \u00f6ffentlichen oder privaten Video-Chat-R\u00e4umen beitreten, die auf Themen, Interessen oder sogar der Geografie basieren. M\u00f6chten Sie \u00fcber Musik, Spiele, Dating, psychische Gesundheit oder einfach nur mit neuen Freunden chillen? Es gibt einen Raum daf\u00fcr.<\/p>\n<h4>2. Sicherere, moderierte Erfahrung<\/h4>\n<p>TinyChat verwendet aktive Moderations- und Meldetools, um die Dinge freundlich und sicher zu halten. Die Wahrscheinlichkeit, dass Sie auf Bots, Trolle oder explizite Inhalte sto\u00dfen, ist im Vergleich zu Omegle weitaus geringer.<\/p>\n<h4>3. Text, Sprache und Video - Sie haben die Wahl<\/h4>\n<p>Egal, ob Sie mit der Kamera arbeiten oder nur per Text oder Audio chatten m\u00f6chten, das TinyChat bietet alle drei Optionen. Sie bestimmen, wie Sie sich verbinden, und k\u00f6nnen R\u00e4umen mit dem von Ihnen bevorzugten Format beitreten.<\/p>\n<h4>4. Keine Registrierung zum Start erforderlich<\/h4>\n<p>Sie k\u00f6nnen direkt als Gast in einen Chatraum einsteigen oder sich f\u00fcr weitere Funktionen und die M\u00f6glichkeit, eigene R\u00e4ume zu erstellen, anmelden.<\/p>\n<h4>5. Gemeinschaftliche Stimmung<\/h4>\n<p>TinyChat ist nicht nur ein Ort f\u00fcr fl\u00fcchtige Chats. Viele Nutzer schlie\u00dfen echte Freundschaften, bilden interessenbezogene Gruppen und veranstalten sogar Events. Es ist eine lebendige, atmende Gemeinschaft - etwas, das Omegle einfach nicht bieten kann.<\/p>\n<h4>6. Plattform\u00fcbergreifende Unterst\u00fctzung<\/h4>\n<p>TinyChat ist im Internet, f\u00fcr iOS und Android verf\u00fcgbar - Sie k\u00f6nnen also von jedem Ger\u00e4t aus eine Verbindung herstellen, auch unterwegs.<\/p>\n<h2>Wie schneidet TinyChat im Vergleich zu anderen Omegle-Alternativen ab?<\/h2>\n<table>\n<thead>\n<tr>\n<th>Merkmal<\/th>\n<th>TinyChat<\/th>\n<th>Omegle<\/th>\n<th>Chatroulette<\/th>\n<th>Chatspin<\/th>\n<th>Camsurf<\/th>\n<\/tr>\n<\/thead>\n<tbody>\n<tr>\n<td>Gruppen-Video-Chatr\u00e4ume<\/td>\n<td>\u2705<\/td>\n<td>\u274c<\/td>\n<td>\u274c<\/td>\n<td>\u274c<\/td>\n<td>\u274c<\/td>\n<\/tr>\n<tr>\n<td>Thematische Chat-R\u00e4ume<\/td>\n<td>\u2705<\/td>\n<td>\u274c<\/td>\n<td>\u274c<\/td>\n<td>\u2705<\/td>\n<td>\u274c<\/td>\n<\/tr>\n<tr>\n<td>Text-, Sprach- und Video-Chat<\/td>\n<td>\u2705<\/td>\n<td>\u2705<\/td>\n<td>\u2705<\/td>\n<td>\u2705<\/td>\n<td>\u2705<\/td>\n<\/tr>\n<tr>\n<td>Starke M\u00e4\u00dfigung<\/td>\n<td>\u2705<\/td>\n<td>\u274c<\/td>\n<td>\u2705<\/td>\n<td>\u2705<\/td>\n<td>\u2705<\/td>\n<\/tr>\n<tr>\n<td>Mobile Anwendungen<\/td>\n<td>\u2705<\/td>\n<td>\u274c<\/td>\n<td>\u2705<\/td>\n<td>\u2705<\/td>\n<td>\u2705<\/td>\n<\/tr>\n<tr>\n<td>Gemeinschaft &amp; Veranstaltungen<\/td>\n<td>\u2705<\/td>\n<td>\u274c<\/td>\n<td>\u274c<\/td>\n<td>\u274c<\/td>\n<td>\u274c<\/td>\n<\/tr>\n<tr>\n<td>Keine Anmeldung erforderlich<\/td>\n<td>\u2705<\/td>\n<td>\u2705<\/td>\n<td>\u2705<\/td>\n<td>\u2705<\/td>\n<td>\u2705<\/td>\n<\/tr>\n<\/tbody>\n<\/table>\n<p>Wie Sie sehen k\u00f6nnen, bietet TinyChat eine reichhaltigere, besser anpassbare und sicherere Erfahrung als die meisten anderen Omegle Alternativen.<\/p>\n<h2>Warum Benutzer TinyChat als Omegle-Alternative lieben<\/h2>\n<ul>\n<li>Mehr Kontrolle dar\u00fcber, mit wem Sie sprechen: W\u00e4hlen Sie einen Raum, treten Sie einer Gruppe bei oder erstellen Sie Ihre eigene - kein \"n\u00e4chstes\" Roulette mehr.<\/li>\n<li>Triff Leute, die deine Interessen teilen: Von Musik und Spielen bis hin zu Dating und psychischer Gesundheit - finden Sie Ihr Publikum.<\/li>\n<li>Bleiben Sie anonym oder erstellen Sie ein Profil: Sie haben die Wahl; die Privatsph\u00e4re wird immer respektiert.<\/li>\n<li>Besch\u00e4ftigen Sie sich in Ihrem eigenen Tempo: Beobachten Sie zuerst, chatten Sie per Text, oder starten Sie direkt mit dem Video. Das TinyChat passt sich an Ihren Komfort an.<\/li>\n<li>Aktive, freundliche Gemeinschaft: TinyChat zieht Leute an, die sich tats\u00e4chlich unterhalten wollen und nicht nur lauern oder trollen.<\/li>\n<\/ul>\n<h2>Tipps zur optimalen Nutzung von TinyChat<\/h2>\n<ul>\n<li>Erkunden Sie verschiedene R\u00e4ume: Probieren Sie \u00f6ffentliche, private und thematische R\u00e4ume aus, bis Sie Ihre Lieblingsr\u00e4ume gefunden haben.<\/li>\n<li>Seien Sie nicht sch\u00fcchtern: Viele Nutzer beginnen als Beobachter - mischen Sie sich ein, wenn Sie sich wohl f\u00fchlen.<\/li>\n<li>Respektieren Sie andere: Behandeln Sie jeden mit Freundlichkeit und melden Sie jedes schlechte Verhalten.<\/li>\n<li>Verwenden Sie Video, wenn Sie dazu bereit sind: Ein Video-Chat ist eine gro\u00dfartige M\u00f6glichkeit, echte Kontakte zu kn\u00fcpfen, aber er ist immer optional.<\/li>\n<li>Veranstalten Sie Ihren eigenen Raum: Bringen Sie Freunde oder Fremde zusammen, um \u00fcber Themen zu sprechen, die Sie interessieren.<\/li>\n<\/ul>\n<h2>Sicherheit bei TinyChat und anderen Omegle-Alternativen<\/h2>\n<p>Die meisten Menschen sind online, um Spa\u00df zu haben, Kontakte zu kn\u00fcpfen und sich zu unterhalten - aber das ist auch wichtig:<\/p>\n<ul>\n<li>Geben Sie niemals pers\u00f6nliche Informationen (vollst\u00e4ndiger Name, Adresse, Kontaktangaben) an Fremde weiter.<\/li>\n<li>Verwenden Sie einen eindeutigen Spitznamen oder den Gastmodus, bis Sie sich sicher f\u00fchlen.<\/li>\n<li>Verlassen Sie jeden Raum oder Chat, der Ihnen Unbehagen bereitet.<\/li>\n<li>Melden Sie schlechtes Verhalten - aktive Moderatoren sind dazu da, zu helfen.<\/li>\n<li>F\u00fcr Teenager und j\u00fcngere Nutzer: Bleiben Sie in altersgerechten R\u00e4umen und lesen Sie alle Sicherheitsrichtlinien.<\/li>\n<\/ul>\n<h2>Kostenlos oder kostenpflichtig: M\u00fcssen Sie Geld ausgeben?<\/h2>\n<p>Die Hauptfunktionen von TinyChat - Beitritt zu R\u00e4umen, Chatten, Video und Audio - sind kostenlos. Es gibt kostenpflichtige Upgrades f\u00fcr zus\u00e4tzliche Vorteile (wie virtuelle Geschenke oder Profilanpassung), aber Sie brauchen sie nicht, um die Kernfunktionen zu genie\u00dfen. Es ist eine echte kostenlose Omegle-Alternative.<\/p>\n<h2>Wann sollte man eine Omegle-Alternative wie TinyChat ausprobieren?<\/h2>\n<ul>\n<li>Wenn Sie mehr wollen als nur ein zuf\u00e4lliges Gespr\u00e4ch unter vier Augen<\/li>\n<li>Wenn Sie Wert auf Sicherheit, M\u00e4\u00dfigung und Gemeinschaft legen<\/li>\n<li>F\u00fcr interessenbasierte Chats, Veranstaltungen oder Gruppengespr\u00e4che<\/li>\n<li>Wenn Sie sich langweilen, einsam sind oder neue Leute kennenlernen m\u00f6chten<\/li>\n<li>Eine neue Atmosph\u00e4re und eine positivere Online-Community erleben<\/li>\n<\/ul>\n<p>Wenn Sie nach einer Omegle-Alternative suchen, die sicherer ist, mehr Spa\u00df macht und wirklich interaktiv ist, ist TinyChat die beste Wahl. Mit seinen lebhaften Chat-R\u00e4umen, aktiver Moderation und flexiblen Chat-Optionen ist es der perfekte Ort, um Fremde zu treffen, Freundschaften zu schlie\u00dfen und neue Gemeinschaften zu erkunden - und das alles, w\u00e4hrend Sie die Kontrolle \u00fcber Ihre Erfahrungen behalten.<\/p>\n<p>Sind Sie bereit, Ihr Online-Chat-Spiel zu verbessern? Treten Sie noch heute einem TinyChat-Raum bei und entdecken Sie die lohnendste Art, mit neuen Leuten online in Kontakt zu treten!<\/p>","protected":false},"excerpt":{"rendered":"<p>For years, Omegle was the go-to platform for anyone looking to connect instantly with strangers via text or video. Its simplicity and spontaneity changed the way millions of people made new friends online. But as the world of random video chat has evolved, so have user expectations\u2014and now, many people are searching for a safer, [&hellip;]<\/p>\n","protected":false},"author":8,"featured_media":0,"parent":0,"menu_order":0,"comment_status":"closed","ping_status":"closed","template":"","meta":{"footnotes":""},"class_list":["post-12021","page","type-page","status-publish","hentry"],"yoast_head":"<!-- This site is optimized with the Yoast SEO plugin v27.5 - https:\/\/yoast.com\/product\/yoast-seo-wordpress\/ -->\n<title>Omegle Alternative with Video Chat on TinyChat.com<\/title>\n<meta name=\"description\" content=\"Enjoying Omegle Alternative? Join over 50,000,000 strangers on TinyChat! Turn on your cam and start meeting new people, or find a match.\" \/>\n<meta name=\"robots\" content=\"index, follow, max-snippet:-1, max-image-preview:large, max-video-preview:-1\" \/>\n<link rel=\"canonical\" href=\"https:\/\/tinychat.com\/de\/omegle-alternative\/\" \/>\n<meta property=\"og:locale\" content=\"de_DE\" \/>\n<meta property=\"og:type\" content=\"article\" \/>\n<meta property=\"og:title\" content=\"Omegle Alternative with Video Chat on TinyChat.com\" \/>\n<meta property=\"og:description\" content=\"Enjoying Omegle Alternative? Join over 50,000,000 strangers on TinyChat! Turn on your cam and start meeting new people, or find a match.\" \/>\n<meta property=\"og:url\" content=\"https:\/\/tinychat.com\/de\/omegle-alternative\/\" \/>\n<meta property=\"og:site_name\" content=\"TinyChat\" \/>\n<meta property=\"article:publisher\" content=\"https:\/\/www.facebook.com\/tinychat\" \/>\n<meta property=\"article:modified_time\" content=\"2025-08-07T08:56:26+00:00\" \/>\n<meta property=\"og:image\" content=\"https:\/\/tinychat.com\/wp-content\/uploads\/2020\/04\/Tinychat-logo-1280x284-new-black.png\" \/>\n\t<meta property=\"og:image:width\" content=\"1280\" \/>\n\t<meta property=\"og:image:height\" content=\"284\" \/>\n\t<meta property=\"og:image:type\" content=\"image\/png\" \/>\n<meta name=\"twitter:card\" content=\"summary_large_image\" \/>\n<meta name=\"twitter:site\" content=\"@tinychat\" \/>\n<meta name=\"twitter:label1\" content=\"Gesch\u00e4tzte Lesezeit\" \/>\n\t<meta name=\"twitter:data1\" content=\"5\u00a0Minuten\" \/>\n<script type=\"application\/ld+json\" class=\"yoast-schema-graph\">{\"@context\":\"https:\\\/\\\/schema.org\",\"@graph\":[{\"@type\":\"WebPage\",\"@id\":\"https:\\\/\\\/tinychat.com\\\/omegle-alternative\\\/\",\"url\":\"https:\\\/\\\/tinychat.com\\\/omegle-alternative\\\/\",\"name\":\"Omegle Alternative with Video Chat on TinyChat.com\",\"isPartOf\":{\"@id\":\"https:\\\/\\\/tinychat.com\\\/#website\"},\"datePublished\":\"2025-08-07T08:51:13+00:00\",\"dateModified\":\"2025-08-07T08:56:26+00:00\",\"description\":\"Enjoying Omegle Alternative? Join over 50,000,000 strangers on TinyChat! Turn on your cam and start meeting new people, or find a match.\",\"breadcrumb\":{\"@id\":\"https:\\\/\\\/tinychat.com\\\/omegle-alternative\\\/#breadcrumb\"},\"inLanguage\":\"de\",\"potentialAction\":[{\"@type\":\"ReadAction\",\"target\":[\"https:\\\/\\\/tinychat.com\\\/omegle-alternative\\\/\"]}]},{\"@type\":\"BreadcrumbList\",\"@id\":\"https:\\\/\\\/tinychat.com\\\/omegle-alternative\\\/#breadcrumb\",\"itemListElement\":[{\"@type\":\"ListItem\",\"position\":1,\"name\":\"Home\",\"item\":\"https:\\\/\\\/tinychat.com\\\/\"},{\"@type\":\"ListItem\",\"position\":2,\"name\":\"Omegle Alternative\"}]},{\"@type\":\"WebSite\",\"@id\":\"https:\\\/\\\/tinychat.com\\\/#website\",\"url\":\"https:\\\/\\\/tinychat.com\\\/\",\"name\":\"TinyChat\",\"description\":\"Random Video Chat with Strangers\",\"publisher\":{\"@id\":\"https:\\\/\\\/tinychat.com\\\/#organization\"},\"alternateName\":\"TinyChat.com\",\"potentialAction\":[{\"@type\":\"SearchAction\",\"target\":{\"@type\":\"EntryPoint\",\"urlTemplate\":\"https:\\\/\\\/tinychat.com\\\/?s={search_term_string}\"},\"query-input\":{\"@type\":\"PropertyValueSpecification\",\"valueRequired\":true,\"valueName\":\"search_term_string\"}}],\"inLanguage\":\"de\"},{\"@type\":\"Organization\",\"@id\":\"https:\\\/\\\/tinychat.com\\\/#organization\",\"name\":\"TinyChat\",\"alternateName\":\"TinyChat.com\",\"url\":\"https:\\\/\\\/tinychat.com\\\/\",\"logo\":{\"@type\":\"ImageObject\",\"inLanguage\":\"de\",\"@id\":\"https:\\\/\\\/tinychat.com\\\/#\\\/schema\\\/logo\\\/image\\\/\",\"url\":\"https:\\\/\\\/tinychat.com\\\/wp-content\\\/uploads\\\/2023\\\/11\\\/Tinychat-icon-square.png\",\"contentUrl\":\"https:\\\/\\\/tinychat.com\\\/wp-content\\\/uploads\\\/2023\\\/11\\\/Tinychat-icon-square.png\",\"width\":284,\"height\":284,\"caption\":\"TinyChat\"},\"image\":{\"@id\":\"https:\\\/\\\/tinychat.com\\\/#\\\/schema\\\/logo\\\/image\\\/\"},\"sameAs\":[\"https:\\\/\\\/www.facebook.com\\\/tinychat\",\"https:\\\/\\\/x.com\\\/tinychat\"]}]}<\/script>\n<!-- \/ Yoast SEO plugin. -->","yoast_head_json":{"title":"Omegle Alternative mit Video-Chat auf TinyChat.com","description":"Gef\u00e4llt Ihnen Omegle Alternative? Schlie\u00dfen Sie sich \u00fcber 50.000.000 Fremden auf TinyChat an! Schalten Sie Ihre Kamera ein und lernen Sie neue Leute kennen, oder finden Sie einen Partner.","robots":{"index":"index","follow":"follow","max-snippet":"max-snippet:-1","max-image-preview":"max-image-preview:large","max-video-preview":"max-video-preview:-1"},"canonical":"https:\/\/tinychat.com\/de\/omegle-alternative\/","og_locale":"de_DE","og_type":"article","og_title":"Omegle Alternative with Video Chat on TinyChat.com","og_description":"Enjoying Omegle Alternative? Join over 50,000,000 strangers on TinyChat! Turn on your cam and start meeting new people, or find a match.","og_url":"https:\/\/tinychat.com\/de\/omegle-alternative\/","og_site_name":"TinyChat","article_publisher":"https:\/\/www.facebook.com\/tinychat","article_modified_time":"2025-08-07T08:56:26+00:00","og_image":[{"width":1280,"height":284,"url":"https:\/\/tinychat.com\/wp-content\/uploads\/2020\/04\/Tinychat-logo-1280x284-new-black.png","type":"image\/png"}],"twitter_card":"summary_large_image","twitter_site":"@tinychat","twitter_misc":{"Gesch\u00e4tzte Lesezeit":"5\u00a0Minuten"},"schema":{"@context":"https:\/\/schema.org","@graph":[{"@type":"WebPage","@id":"https:\/\/tinychat.com\/omegle-alternative\/","url":"https:\/\/tinychat.com\/omegle-alternative\/","name":"Omegle Alternative mit Video-Chat auf TinyChat.com","isPartOf":{"@id":"https:\/\/tinychat.com\/#website"},"datePublished":"2025-08-07T08:51:13+00:00","dateModified":"2025-08-07T08:56:26+00:00","description":"Gef\u00e4llt Ihnen Omegle Alternative? Schlie\u00dfen Sie sich \u00fcber 50.000.000 Fremden auf TinyChat an! Schalten Sie Ihre Kamera ein und lernen Sie neue Leute kennen, oder finden Sie einen Partner.","breadcrumb":{"@id":"https:\/\/tinychat.com\/omegle-alternative\/#breadcrumb"},"inLanguage":"de","potentialAction":[{"@type":"ReadAction","target":["https:\/\/tinychat.com\/omegle-alternative\/"]}]},{"@type":"BreadcrumbList","@id":"https:\/\/tinychat.com\/omegle-alternative\/#breadcrumb","itemListElement":[{"@type":"ListItem","position":1,"name":"Home","item":"https:\/\/tinychat.com\/"},{"@type":"ListItem","position":2,"name":"Omegle Alternative"}]},{"@type":"WebSite","@id":"https:\/\/tinychat.com\/#website","url":"https:\/\/tinychat.com\/","name":"TinyChat","description":"Zuf\u00e4lliger Video-Chat mit Fremden","publisher":{"@id":"https:\/\/tinychat.com\/#organization"},"alternateName":"TinyChat.com","potentialAction":[{"@type":"SearchAction","target":{"@type":"EntryPoint","urlTemplate":"https:\/\/tinychat.com\/?s={search_term_string}"},"query-input":{"@type":"PropertyValueSpecification","valueRequired":true,"valueName":"search_term_string"}}],"inLanguage":"de"},{"@type":"Organization","@id":"https:\/\/tinychat.com\/#organization","name":"TinyChat","alternateName":"TinyChat.com","url":"https:\/\/tinychat.com\/","logo":{"@type":"ImageObject","inLanguage":"de","@id":"https:\/\/tinychat.com\/#\/schema\/logo\/image\/","url":"https:\/\/tinychat.com\/wp-content\/uploads\/2023\/11\/Tinychat-icon-square.png","contentUrl":"https:\/\/tinychat.com\/wp-content\/uploads\/2023\/11\/Tinychat-icon-square.png","width":284,"height":284,"caption":"TinyChat"},"image":{"@id":"https:\/\/tinychat.com\/#\/schema\/logo\/image\/"},"sameAs":["https:\/\/www.facebook.com\/tinychat","https:\/\/x.com\/tinychat"]}]}},"_links":{"self":[{"href":"https:\/\/tinychat.com\/de\/wp-json\/wp\/v2\/pages\/12021","targetHints":{"allow":["GET"]}}],"collection":[{"href":"https:\/\/tinychat.com\/de\/wp-json\/wp\/v2\/pages"}],"about":[{"href":"https:\/\/tinychat.com\/de\/wp-json\/wp\/v2\/types\/page"}],"author":[{"embeddable":true,"href":"https:\/\/tinychat.com\/de\/wp-json\/wp\/v2\/users\/8"}],"replies":[{"embeddable":true,"href":"https:\/\/tinychat.com\/de\/wp-json\/wp\/v2\/comments?post=12021"}],"version-history":[{"count":2,"href":"https:\/\/tinychat.com\/de\/wp-json\/wp\/v2\/pages\/12021\/revisions"}],"predecessor-version":[{"id":13417,"href":"https:\/\/tinychat.com\/de\/wp-json\/wp\/v2\/pages\/12021\/revisions\/13417"}],"wp:attachment":[{"href":"https:\/\/tinychat.com\/de\/wp-json\/wp\/v2\/media?parent=12021"}],"curies":[{"name":"wp","href":"https:\/\/api.w.org\/{rel}","templated":true}]}}