{"id":12071,"date":"2025-08-11T08:47:15","date_gmt":"2025-08-11T06:47:15","guid":{"rendered":"https:\/\/tinychat.com\/?page_id=12071"},"modified":"2025-08-11T09:25:19","modified_gmt":"2025-08-11T07:25:19","slug":"callmechat","status":"publish","type":"page","link":"https:\/\/tinychat.com\/de\/callmechat\/","title":{"rendered":"Callmechat"},"content":{"rendered":"<p>In der heutigen digitalen Landschaft, in der Social Media Feeds zunehmend kuratiert und vorhersehbar sind, bietet Callmechat eine erfrischende Alternative. Anstatt ausgefeilte Profile zu durchst\u00f6bern oder Inhaltsalgorithmen zu folgen, konzentriert sich Callmechat auf direkte, menschliche Verbindungen in Echtzeit - und bringt Sie in Sekundenschnelle von Angesicht zu Angesicht mit Fremden aus der ganzen Welt zusammen.<\/p>\n<p>Ganz gleich, ob Sie auf der Suche nach einer zwanglosen Unterhaltung sind, eine Fremdsprache \u00fcben, neue Kulturen erkunden oder sogar auf einen romantischen Funken hoffen, Callmechat macht es Ihnen leicht, ungefiltert und authentisch Leute online zu treffen.<\/p>\n<p>In diesem ausf\u00fchrlichen Leitfaden erfahren Sie, was Callmechat ist, welche Funktionen es hat, welche Sicherheitstools es bietet, wie man es benutzt und wie es im Vergleich zu anderen Video-Chat-Plattformen abschneidet.<\/p>\n<h2>Was ist Callmechat?<\/h2>\n<p>Callmechat ist eine Zufalls-Videochat-Plattform, die Benutzer sofort \u00fcber Live-Video, Audio und optionale Textnachrichten miteinander verbindet. \u00c4hnlich wie Omegle, Chatroulette oder ChatHub ist es f\u00fcr spontane Interaktionen konzipiert - nur dass es moderne Streaming-Technologie, eine \u00fcbersichtlichere Oberfl\u00e4che und zus\u00e4tzliche Sicherheitsma\u00dfnahmen verwendet, um ein besseres Gesamterlebnis zu schaffen.<\/p>\n<p>Sie k\u00f6nnen sich mit nur einem Klick oder Tippen an Unterhaltungen beteiligen, ohne dass langwierige Anmeldungen oder komplizierte Einstellungen erforderlich sind. Diese Einfachheit hat Callmechat f\u00fcr eine Vielzahl von Nutzern attraktiv gemacht - von Erstnutzern bis hin zu Stammnutzern, die t\u00e4glich einsteigen, um zu sehen, wen sie treffen werden.<\/p>\n<h2>Hauptmerkmale von Callmechat<\/h2>\n<p>Callmechat wurde mit einem ausgewogenen Verh\u00e4ltnis von Spa\u00df, Sicherheit und Benutzerfreundlichkeit entwickelt und ist damit eine solide Wahl f\u00fcr alle, die an zuf\u00e4lligen Videochats interessiert sind.<\/p>\n<h3>1. Sofortiges zuf\u00e4lliges Matching<\/h3>\n<ul>\n<li>Verbinden Sie sich in Sekundenschnelle mit Fremden von \u00fcberall auf der Welt.<\/li>\n<li>Keine Warteschlangen, kein Warten - einfach antippen und losquatschen.<\/li>\n<li>Wechseln Sie sofort zur n\u00e4chsten Person, wenn die Stimmung nicht stimmt.<\/li>\n<\/ul>\n<h3>2. Filter f\u00fcr Ort und Geschlecht<\/h3>\n<ul>\n<li>W\u00e4hlen Sie bestimmte Regionen aus, um Ihre Spiele zu konzentrieren.<\/li>\n<li>Filtern Sie nach Geschlecht, um eine pers\u00f6nlichere Erfahrung zu machen.<\/li>\n<li>Optional - lassen Sie die Filter aus, um eine vollst\u00e4ndige Zuf\u00e4lligkeit zu erreichen.<\/li>\n<\/ul>\n<h3>3. Integrierter Text-Chat<\/h3>\n<ul>\n<li>Chatten Sie parallel zu Ihrem Videostream \u00fcber Text.<\/li>\n<li>Ideal f\u00fcr die Weitergabe von kurzen Notizen, \u00dcbersetzungen oder Links.<\/li>\n<\/ul>\n<h3>4. Freundschafts- und Wiederverbindungsoption<\/h3>\n<ul>\n<li>F\u00fcgen Sie Personen hinzu, mit denen Sie sich gerne unterhalten haben, damit Sie wieder in Kontakt treten k\u00f6nnen.<\/li>\n<li>F\u00fcr ein zweites Treffen brauchen Sie sich nicht auf den Zufall zu verlassen.<\/li>\n<\/ul>\n<h3>5. Lustige visuelle Effekte<\/h3>\n<ul>\n<li>Verwenden Sie Masken, Aufkleber und AR-Filter, um das Eis zu brechen.<\/li>\n<li>Bringen Sie Humor oder Stil in Ihre Gespr\u00e4che.<\/li>\n<\/ul>\n<h3>6. Tools f\u00fcr Sicherheit und Datenschutz<\/h3>\n<ul>\n<li>Im Unsch\u00e4rfe-Vorschaumodus k\u00f6nnen Sie eine Silhouette sehen, bevor das gesamte Video angezeigt wird.<\/li>\n<li>Schnellmelde- und Sperrschaltfl\u00e4chen sind jederzeit verf\u00fcgbar.<\/li>\n<li>Aktives Moderationsteam f\u00fcr den Umgang mit unangemessenem Verhalten.<\/li>\n<\/ul>\n<h3>7. Plattform\u00fcbergreifende Zug\u00e4nglichkeit<\/h3>\n<ul>\n<li>Funktioniert reibungslos auf Desktop-Browsern und mobilen Ger\u00e4ten.<\/li>\n<li>Responsive Schnittstelle f\u00fcr jede Bildschirmgr\u00f6\u00dfe.<\/li>\n<\/ul>\n<h2>So verwenden Sie Callmechat<\/h2>\n<p>Eine der St\u00e4rken des Callmechat ist sein einsteigerfreundlicher Aufbau.<\/p>\n<h3>Schritt 1: Zugriff auf die Plattform<\/h3>\n<ul>\n<li>Besuchen Sie die offizielle Callmechat-Website auf Ihrem Desktop oder Handy.<\/li>\n<li>In einigen Regionen gibt es auch einen App-Zugang \u00fcber App-Stores.<\/li>\n<\/ul>\n<h3>Schritt 2: Passen Sie Ihre Einstellungen an<\/h3>\n<ul>\n<li>W\u00e4hlen Sie Ihren bevorzugten Standort aus oder lassen Sie ihn global.<\/li>\n<li>W\u00e4hlen Sie, falls gew\u00fcnscht, einen Geschlechtsfilter.<\/li>\n<li>Aktivieren Sie die Unsch\u00e4rfevorschau f\u00fcr zus\u00e4tzliche Sicherheit.<\/li>\n<\/ul>\n<h3>Schritt 3: Chatten beginnen<\/h3>\n<ul>\n<li>Klicken Sie auf Start und werden Sie sofort gefunden.<\/li>\n<li>Mit Weiter k\u00f6nnen Sie jederzeit zu einem neuen Spiel springen.<\/li>\n<\/ul>\n<h3>Schritt 4: Freunde hinzuf\u00fcgen oder weiter browsen<\/h3>\n<ul>\n<li>Speichern Sie interessante Personen in Ihrer Freundesliste.<\/li>\n<li>Chatten Sie so lange mit neuen Leuten, wie Sie m\u00f6chten.<\/li>\n<\/ul>\n<h2>Benutzererfahrung mit Callmechat<\/h2>\n<p>Die einfache Benutzeroberfl\u00e4che und die niedrige Einstiegsh\u00fcrde des Callmechat haben dazu beigetragen, dass es einen treuen Benutzerstamm gewonnen hat.<\/p>\n<h3>Was Benutzer m\u00f6gen<\/h3>\n<ul>\n<li>Schnelle Einrichtung - keine Pflichtanmeldung.<\/li>\n<li>Stabile Videoqualit\u00e4t mit minimaler Verz\u00f6gerung.<\/li>\n<li>Anpassbare Filter f\u00fcr mehr relevante Treffer.<\/li>\n<li>Sicherheitsoptionen wie die Unsch\u00e4rfevorschau.<\/li>\n<li>Einfache Schnittstelle, die ger\u00e4te\u00fcbergreifend funktioniert.<\/li>\n<\/ul>\n<h3>H\u00e4ufige Nachteile<\/h3>\n<ul>\n<li>F\u00fcr einige Filter ist m\u00f6glicherweise ein Premium-Zugang erforderlich.<\/li>\n<li>Kleinerer Nutzerstamm in bestimmten Zeitzonen.<\/li>\n<li>Es fehlt eine integrierte \u00dcbersetzung f\u00fcr mehrsprachige Chats.<\/li>\n<li>Die Verf\u00fcgbarkeit der App kann je nach Land variieren.<\/li>\n<\/ul>\n<h2>Callmechat im Vergleich zu anderen Zufalls-Videochat-Plattformen<\/h2>\n<table>\n<thead>\n<tr>\n<th>Merkmal<\/th>\n<th>Callmechat<\/th>\n<th>OmegleWeb<\/th>\n<th>ChatHub<\/th>\n<th>Camloo<\/th>\n<th>LuckyCrush<\/th>\n<th>Azar<\/th>\n<\/tr>\n<\/thead>\n<tbody>\n<tr>\n<td>Random Video Chat mit Fremden<\/td>\n<td>\u2705 Ja<\/td>\n<td>\u2705 Ja<\/td>\n<td>\u2705 Ja<\/td>\n<td>\u2705 Ja<\/td>\n<td>\u2705 Ja<\/td>\n<td>\u2705 Ja<\/td>\n<\/tr>\n<tr>\n<td>Geschlecht\/Ort-Filter<\/td>\n<td>\u2705 Ja<\/td>\n<td>\u26a0\ufe0f Begrenzt<\/td>\n<td>\u2705 Ja<\/td>\n<td>\u2705 Ja<\/td>\n<td>\u2705 Ja<\/td>\n<td>\u2705 Ja<\/td>\n<\/tr>\n<tr>\n<td>Unsch\u00e4rfe-Vorschau-Modus<\/td>\n<td>\u2705 Ja<\/td>\n<td>\u274c Nein<\/td>\n<td>\u2705 Ja<\/td>\n<td>\u2705 Ja<\/td>\n<td>\u274c Nein<\/td>\n<td>\u2705 Ja<\/td>\n<\/tr>\n<tr>\n<td>Fun-Effekte\/Filter<\/td>\n<td>\u2705 Ja<\/td>\n<td>\u274c Nein<\/td>\n<td>\u2705 Ja<\/td>\n<td>\u2705 Ja<\/td>\n<td>\u274c Nein<\/td>\n<td>\u2705 Ja<\/td>\n<\/tr>\n<tr>\n<td>Freundschaftssystem<\/td>\n<td>\u2705 Ja<\/td>\n<td>\u274c Nein<\/td>\n<td>\u2705 Ja<\/td>\n<td>\u2705 Ja<\/td>\n<td>\u2705 Ja<\/td>\n<td>\u2705 Ja<\/td>\n<\/tr>\n<tr>\n<td>\u00dcbersetzung<\/td>\n<td>\u274c Nein<\/td>\n<td>\u274c Nein<\/td>\n<td>\u274c Nein<\/td>\n<td>\u274c Nein<\/td>\n<td>\u274c Nein<\/td>\n<td>\u2705 Ja<\/td>\n<\/tr>\n<tr>\n<td>Plattform\u00fcbergreifend<\/td>\n<td>\u2705 Ja<\/td>\n<td>\u2705 Ja<\/td>\n<td>\u2705 Ja<\/td>\n<td>\u2705 Ja<\/td>\n<td>\u2705 Ja<\/td>\n<td>\u2705 Ja<\/td>\n<\/tr>\n<\/tbody>\n<\/table>\n<p>Fazit: Callmechat bietet ein solides Gleichgewicht von Funktionen, Datenschutz-Tools und Leistung und ist damit eine gute Wahl f\u00fcr Benutzer, die schnell und unkompliziert zuf\u00e4llige Chats f\u00fchren m\u00f6chten, ohne dabei auf Sicherheit zu verzichten.<\/p>\n<h2>Ist Callmechat sicher?<\/h2>\n<p>Ja-Callmechat nimmt die Sicherheit der Benutzer ernst:<\/p>\n<ul>\n<li>Die KI-basierte Moderation filtert explizite Inhalte heraus.<\/li>\n<li>Blockier-\/Berichtswerkzeuge sind immer verf\u00fcgbar.<\/li>\n<li>Im Unsch\u00e4rfe-Modus bleibt Ihr Video verborgen, bis Sie es freigeben.<\/li>\n<li>Sie k\u00f6nnen anonym chatten - Sie m\u00fcssen keine pers\u00f6nlichen Informationen preisgeben.<\/li>\n<\/ul>\n<h3>Sicherheitstipps<\/h3>\n<ul>\n<li>Vermeiden Sie es, Ihren Standort oder pers\u00f6nliche Daten preiszugeben.<\/li>\n<li>Verwenden Sie den Unsch\u00e4rfemodus f\u00fcr den ersten Eindruck.<\/li>\n<li>Melden Sie unangemessenes Verhalten sofort.<\/li>\n<li>Eltern sollten j\u00fcngere Benutzer beaufsichtigen.<\/li>\n<\/ul>\n<h2>Tipps zur optimalen Nutzung von Callmechat<\/h2>\n<ul>\n<li>Nutzen Sie den globalen Modus, um Ihre kulturellen Verbindungen zu erweitern.<\/li>\n<li>Schalten Sie Filter ein, wenn Sie gezielte Treffer w\u00fcnschen.<\/li>\n<li>Melden Sie sich w\u00e4hrend der Spitzenzeiten an, um mehr Benutzeraktivit\u00e4ten zu erhalten.<\/li>\n<li>Spielen Sie mit Effekten, um die Interaktion zu verbessern.<\/li>\n<li>Sorgen Sie f\u00fcr eine gute Beleuchtung, damit das Video besser wirkt.<\/li>\n<li>Helfen Sie der Gemeinschaft, indem Sie Regelverst\u00f6\u00dfe melden.<\/li>\n<\/ul>\n<h2>H\u00e4ufige Callmechat-Probleme und -Reparaturen<\/h2>\n<h3>Kamera\/Mikrofon funktioniert nicht<\/h3>\n<p>Erlauben Sie Berechtigungen in den Einstellungen Ihres Browsers oder Ihrer Anwendung.<\/p>\n<h3>Schlechte Videoqualit\u00e4t<\/h3>\n<p>Verwenden Sie eine stabile Wi-Fi-Verbindung und schlie\u00dfen Sie Hintergrundanwendungen.<\/p>\n<h3>Nicht zutreffende Filter<\/h3>\n<p>Melden Sie sich an und stellen Sie sicher, dass Sie bei Bedarf Zugang zu den Premium-Funktionen haben.<\/p>\n<h3>Begegnung mit beleidigenden Benutzern<\/h3>\n<p>Sperren, melden und sofort zum n\u00e4chsten Spiel \u00fcbergehen.<\/p>\n<p>Wenn Sie ein einfaches, sicheres und ansprechendes Video-Chat-Erlebnis suchen, dann ist Callmechat genau das Richtige f\u00fcr Sie. Es ist nicht \u00fcberladen mit Gimmicks - es konzentriert sich auf schnelle Matching, anst\u00e4ndige Datenschutz-Tools und sauberes Design, das ist genau das, was viele Menschen in dieser Art von Plattform wollen.<\/p>\n<p>Es hat zwar nicht alle fortschrittlichen Funktionen, die es auf dem Markt gibt, aber es bietet genug Funktionalit\u00e4t, um Ihre Zeit angenehm und Ihre Spiele sinnvoll zu gestalten. Ganz gleich, ob Sie eine schnelle Unterhaltung suchen oder eine neue Verbindung aufbauen wollen, Callmechat ist eine solide Erg\u00e4nzung zu Ihrem Zufalls-Chat-Angebot.<\/p>\n<p>Bereit zum Start? Besuchen Sie Callmechat, klicken Sie auf \"Start\" und sehen Sie, wohin Ihr n\u00e4chstes Gespr\u00e4ch Sie f\u00fchrt.<\/p>","protected":false},"excerpt":{"rendered":"<p>In today\u2019s digital landscape, where social media feeds are increasingly curated and predictable, Callmechat offers a refreshing alternative. Instead of browsing polished profiles or following content algorithms, Callmechat focuses on direct, real-time human connection\u2014putting you face-to-face with strangers from around the globe in a matter of seconds. Whether you\u2019re looking for casual conversation, practicing a [&hellip;]<\/p>\n","protected":false},"author":6,"featured_media":0,"parent":0,"menu_order":0,"comment_status":"closed","ping_status":"closed","template":"","meta":{"footnotes":""},"class_list":["post-12071","page","type-page","status-publish","hentry"],"yoast_head":"<!-- This site is optimized with the Yoast SEO plugin v27.5 - https:\/\/yoast.com\/product\/yoast-seo-wordpress\/ -->\n<title>Callmechat - Alternative to OmeTV &amp; Monkey App - TinyChat.com<\/title>\n<meta name=\"description\" content=\"Enjoying Callmechat? Join over 50,000,000 strangers on TinyChat! Turn on your cam and start meeting new people, or find a match.\" \/>\n<meta name=\"robots\" content=\"index, follow, max-snippet:-1, max-image-preview:large, max-video-preview:-1\" \/>\n<link rel=\"canonical\" href=\"https:\/\/tinychat.com\/de\/callmechat\/\" \/>\n<meta property=\"og:locale\" content=\"de_DE\" \/>\n<meta property=\"og:type\" content=\"article\" \/>\n<meta property=\"og:title\" content=\"Callmechat - Alternative to OmeTV &amp; Monkey App - TinyChat.com\" \/>\n<meta property=\"og:description\" content=\"Enjoying Callmechat? Join over 50,000,000 strangers on TinyChat! Turn on your cam and start meeting new people, or find a match.\" \/>\n<meta property=\"og:url\" content=\"https:\/\/tinychat.com\/de\/callmechat\/\" \/>\n<meta property=\"og:site_name\" content=\"TinyChat\" \/>\n<meta property=\"article:publisher\" content=\"https:\/\/www.facebook.com\/tinychat\" \/>\n<meta property=\"article:modified_time\" content=\"2025-08-11T07:25:19+00:00\" \/>\n<meta property=\"og:image\" content=\"https:\/\/tinychat.com\/wp-content\/uploads\/2020\/04\/Tinychat-logo-1280x284-new-black.png\" \/>\n\t<meta property=\"og:image:width\" content=\"1280\" \/>\n\t<meta property=\"og:image:height\" content=\"284\" \/>\n\t<meta property=\"og:image:type\" content=\"image\/png\" \/>\n<meta name=\"twitter:card\" content=\"summary_large_image\" \/>\n<meta name=\"twitter:site\" content=\"@tinychat\" \/>\n<meta name=\"twitter:label1\" content=\"Gesch\u00e4tzte Lesezeit\" \/>\n\t<meta name=\"twitter:data1\" content=\"5\u00a0Minuten\" \/>\n<script type=\"application\/ld+json\" class=\"yoast-schema-graph\">{\"@context\":\"https:\\\/\\\/schema.org\",\"@graph\":[{\"@type\":\"WebPage\",\"@id\":\"https:\\\/\\\/tinychat.com\\\/callmechat\\\/\",\"url\":\"https:\\\/\\\/tinychat.com\\\/callmechat\\\/\",\"name\":\"Callmechat - Alternative to OmeTV & Monkey App - TinyChat.com\",\"isPartOf\":{\"@id\":\"https:\\\/\\\/tinychat.com\\\/#website\"},\"datePublished\":\"2025-08-11T06:47:15+00:00\",\"dateModified\":\"2025-08-11T07:25:19+00:00\",\"description\":\"Enjoying Callmechat? Join over 50,000,000 strangers on TinyChat! Turn on your cam and start meeting new people, or find a match.\",\"breadcrumb\":{\"@id\":\"https:\\\/\\\/tinychat.com\\\/callmechat\\\/#breadcrumb\"},\"inLanguage\":\"de\",\"potentialAction\":[{\"@type\":\"ReadAction\",\"target\":[\"https:\\\/\\\/tinychat.com\\\/callmechat\\\/\"]}]},{\"@type\":\"BreadcrumbList\",\"@id\":\"https:\\\/\\\/tinychat.com\\\/callmechat\\\/#breadcrumb\",\"itemListElement\":[{\"@type\":\"ListItem\",\"position\":1,\"name\":\"Home\",\"item\":\"https:\\\/\\\/tinychat.com\\\/\"},{\"@type\":\"ListItem\",\"position\":2,\"name\":\"Callmechat\"}]},{\"@type\":\"WebSite\",\"@id\":\"https:\\\/\\\/tinychat.com\\\/#website\",\"url\":\"https:\\\/\\\/tinychat.com\\\/\",\"name\":\"TinyChat\",\"description\":\"Random Video Chat with Strangers\",\"publisher\":{\"@id\":\"https:\\\/\\\/tinychat.com\\\/#organization\"},\"alternateName\":\"TinyChat.com\",\"potentialAction\":[{\"@type\":\"SearchAction\",\"target\":{\"@type\":\"EntryPoint\",\"urlTemplate\":\"https:\\\/\\\/tinychat.com\\\/?s={search_term_string}\"},\"query-input\":{\"@type\":\"PropertyValueSpecification\",\"valueRequired\":true,\"valueName\":\"search_term_string\"}}],\"inLanguage\":\"de\"},{\"@type\":\"Organization\",\"@id\":\"https:\\\/\\\/tinychat.com\\\/#organization\",\"name\":\"TinyChat\",\"alternateName\":\"TinyChat.com\",\"url\":\"https:\\\/\\\/tinychat.com\\\/\",\"logo\":{\"@type\":\"ImageObject\",\"inLanguage\":\"de\",\"@id\":\"https:\\\/\\\/tinychat.com\\\/#\\\/schema\\\/logo\\\/image\\\/\",\"url\":\"https:\\\/\\\/tinychat.com\\\/wp-content\\\/uploads\\\/2023\\\/11\\\/Tinychat-icon-square.png\",\"contentUrl\":\"https:\\\/\\\/tinychat.com\\\/wp-content\\\/uploads\\\/2023\\\/11\\\/Tinychat-icon-square.png\",\"width\":284,\"height\":284,\"caption\":\"TinyChat\"},\"image\":{\"@id\":\"https:\\\/\\\/tinychat.com\\\/#\\\/schema\\\/logo\\\/image\\\/\"},\"sameAs\":[\"https:\\\/\\\/www.facebook.com\\\/tinychat\",\"https:\\\/\\\/x.com\\\/tinychat\"]}]}<\/script>\n<!-- \/ Yoast SEO plugin. -->","yoast_head_json":{"title":"Callmechat - Alternative zu OmeTV &amp; Monkey App - TinyChat.com","description":"Gef\u00e4llt Ihnen Callmechat? Schlie\u00dfen Sie sich \u00fcber 50.000.000 Fremden auf TinyChat an! Schalte deine Kamera ein und fange an, neue Leute zu treffen, oder finde einen Partner.","robots":{"index":"index","follow":"follow","max-snippet":"max-snippet:-1","max-image-preview":"max-image-preview:large","max-video-preview":"max-video-preview:-1"},"canonical":"https:\/\/tinychat.com\/de\/callmechat\/","og_locale":"de_DE","og_type":"article","og_title":"Callmechat - Alternative to OmeTV & Monkey App - TinyChat.com","og_description":"Enjoying Callmechat? Join over 50,000,000 strangers on TinyChat! Turn on your cam and start meeting new people, or find a match.","og_url":"https:\/\/tinychat.com\/de\/callmechat\/","og_site_name":"TinyChat","article_publisher":"https:\/\/www.facebook.com\/tinychat","article_modified_time":"2025-08-11T07:25:19+00:00","og_image":[{"width":1280,"height":284,"url":"https:\/\/tinychat.com\/wp-content\/uploads\/2020\/04\/Tinychat-logo-1280x284-new-black.png","type":"image\/png"}],"twitter_card":"summary_large_image","twitter_site":"@tinychat","twitter_misc":{"Gesch\u00e4tzte Lesezeit":"5\u00a0Minuten"},"schema":{"@context":"https:\/\/schema.org","@graph":[{"@type":"WebPage","@id":"https:\/\/tinychat.com\/callmechat\/","url":"https:\/\/tinychat.com\/callmechat\/","name":"Callmechat - Alternative zu OmeTV &amp; Monkey App - TinyChat.com","isPartOf":{"@id":"https:\/\/tinychat.com\/#website"},"datePublished":"2025-08-11T06:47:15+00:00","dateModified":"2025-08-11T07:25:19+00:00","description":"Gef\u00e4llt Ihnen Callmechat? Schlie\u00dfen Sie sich \u00fcber 50.000.000 Fremden auf TinyChat an! Schalte deine Kamera ein und fange an, neue Leute zu treffen, oder finde einen Partner.","breadcrumb":{"@id":"https:\/\/tinychat.com\/callmechat\/#breadcrumb"},"inLanguage":"de","potentialAction":[{"@type":"ReadAction","target":["https:\/\/tinychat.com\/callmechat\/"]}]},{"@type":"BreadcrumbList","@id":"https:\/\/tinychat.com\/callmechat\/#breadcrumb","itemListElement":[{"@type":"ListItem","position":1,"name":"Home","item":"https:\/\/tinychat.com\/"},{"@type":"ListItem","position":2,"name":"Callmechat"}]},{"@type":"WebSite","@id":"https:\/\/tinychat.com\/#website","url":"https:\/\/tinychat.com\/","name":"TinyChat","description":"Zuf\u00e4lliger Video-Chat mit Fremden","publisher":{"@id":"https:\/\/tinychat.com\/#organization"},"alternateName":"TinyChat.com","potentialAction":[{"@type":"SearchAction","target":{"@type":"EntryPoint","urlTemplate":"https:\/\/tinychat.com\/?s={search_term_string}"},"query-input":{"@type":"PropertyValueSpecification","valueRequired":true,"valueName":"search_term_string"}}],"inLanguage":"de"},{"@type":"Organization","@id":"https:\/\/tinychat.com\/#organization","name":"TinyChat","alternateName":"TinyChat.com","url":"https:\/\/tinychat.com\/","logo":{"@type":"ImageObject","inLanguage":"de","@id":"https:\/\/tinychat.com\/#\/schema\/logo\/image\/","url":"https:\/\/tinychat.com\/wp-content\/uploads\/2023\/11\/Tinychat-icon-square.png","contentUrl":"https:\/\/tinychat.com\/wp-content\/uploads\/2023\/11\/Tinychat-icon-square.png","width":284,"height":284,"caption":"TinyChat"},"image":{"@id":"https:\/\/tinychat.com\/#\/schema\/logo\/image\/"},"sameAs":["https:\/\/www.facebook.com\/tinychat","https:\/\/x.com\/tinychat"]}]}},"_links":{"self":[{"href":"https:\/\/tinychat.com\/de\/wp-json\/wp\/v2\/pages\/12071","targetHints":{"allow":["GET"]}}],"collection":[{"href":"https:\/\/tinychat.com\/de\/wp-json\/wp\/v2\/pages"}],"about":[{"href":"https:\/\/tinychat.com\/de\/wp-json\/wp\/v2\/types\/page"}],"author":[{"embeddable":true,"href":"https:\/\/tinychat.com\/de\/wp-json\/wp\/v2\/users\/6"}],"replies":[{"embeddable":true,"href":"https:\/\/tinychat.com\/de\/wp-json\/wp\/v2\/comments?post=12071"}],"version-history":[{"count":4,"href":"https:\/\/tinychat.com\/de\/wp-json\/wp\/v2\/pages\/12071\/revisions"}],"predecessor-version":[{"id":13434,"href":"https:\/\/tinychat.com\/de\/wp-json\/wp\/v2\/pages\/12071\/revisions\/13434"}],"wp:attachment":[{"href":"https:\/\/tinychat.com\/de\/wp-json\/wp\/v2\/media?parent=12071"}],"curies":[{"name":"wp","href":"https:\/\/api.w.org\/{rel}","templated":true}]}}