{"id":12310,"date":"2025-08-04T11:29:50","date_gmt":"2025-08-04T09:29:50","guid":{"rendered":"https:\/\/tinychat.com\/?page_id=12310"},"modified":"2025-08-04T11:57:45","modified_gmt":"2025-08-04T09:57:45","slug":"mirami","status":"publish","type":"page","link":"https:\/\/tinychat.com\/de\/mirami\/","title":{"rendered":"Mirami"},"content":{"rendered":"<p>Im heutigen digitalen Zeitalter, in dem Privatsph\u00e4re, Echtzeit-Verbindungen und Einfachheit mehr denn je gesch\u00e4tzt werden, entstehen neue Plattformen, die diese Bed\u00fcrfnisse ohne den Ballast der alten sozialen Medien oder komplexen Apps erf\u00fcllen. Mirami - zu finden auf mirami.chat - ist eine der aufregendsten, nutzerorientierten Erg\u00e4nzungen zur Welt des zuf\u00e4lligen Online-Chats und bietet eine optimierte, auf Privatsph\u00e4re ausgerichtete Umgebung f\u00fcr Menschen, die Fremde treffen, Freundschaften schlie\u00dfen oder einfach nur eine echte Unterhaltung f\u00fchren m\u00f6chten.<\/p>\n<p>Mirami zeichnet sich durch eine elegante Mischung aus Video- und Text-Chat, eine Nichtregistrierungspolitik und eine starke Betonung von Sicherheit, Inklusivit\u00e4t und globaler Reichweite aus. Egal, ob Sie zum Spa\u00df chatten, Unterst\u00fctzung finden, neue Kulturen kennenlernen oder einfach nur sehen wollen, wer da drau\u00dfen ist, Mirami.chat bietet ein spontanes und sicheres Online-Erlebnis - immer kostenlos und immer anonym.<\/p>\n<p>In diesem ausf\u00fchrlichen Leitfaden erfahren Sie alles \u00fcber Mirami: was es ist, wie es funktioniert, die wichtigsten Funktionen, Benutzerfreundlichkeit, Datenschutz und Sicherheit, Vergleiche mit f\u00fchrenden Chat-Plattformen, Fehlerbehebung und Profi-Tipps, um das Beste aus jeder Sitzung zu machen.<\/p>\n<h2>Was ist Mirami?<\/h2>\n<p>Mirami ist eine Zufalls-Chat-Plattform der n\u00e4chsten Generation, die entwickelt wurde, um Menschen aus der ganzen Welt \u00fcber Video- oder Text-Chats zu verbinden - v\u00f6llig anonym und ohne Registrierung. \u00c4hnlich wie Omegle, Chatrandom oder ChatHub bringt Mirami Fremde in privaten R\u00e4umen f\u00fcr spontane Unterhaltungen zusammen.<\/p>\n<p>Aber Mirami hebt sich von anderen ab:<\/p>\n<ul>\n<li>Eine frische, moderne Benutzeroberfl\u00e4che<\/li>\n<li>Keine Werbung oder App-Installationen erforderlich<\/li>\n<li>Starkes Engagement f\u00fcr den Schutz der Privatsph\u00e4re und die Moderation der Nutzer<\/li>\n<li>Sowohl Video- als auch reine Textoptionen<\/li>\n<li>Intelligente Filterung (Sprache, Standort und Interessen)<\/li>\n<li>Keine Anmeldung, keine pers\u00f6nlichen Daten erforderlich<\/li>\n<\/ul>\n<p>Mirami hat es sich zur Aufgabe gemacht, der sicherste, einfachste und unterhaltsamste Ort f\u00fcr echte Unterhaltungen zwischen Fremden im Internet zu sein, egal ob es um Freundschaft, Flirten, Unterst\u00fctzung oder einfach nur um Neugierde geht.<\/p>\n<h2>Hauptmerkmale des Mirami Chat<\/h2>\n<p>Die Attraktivit\u00e4t des Mirami liegt in der sorgf\u00e4ltigen Mischung aus wesentlichen Funktionen und Benutzerschutz:<\/p>\n<h3>1. Sofortiger zuf\u00e4lliger Video- und Text-Chat<\/h3>\n<ul>\n<li>Verbinden Sie sich in Sekunden: Sie m\u00fcssen sich nicht anmelden oder Formulare ausf\u00fcllen. Einfach klicken und chatten.<\/li>\n<li>Video oder Text: Beginnen Sie mit Text und steigen Sie auf Video um, wenn Sie sich wohlf\u00fchlen, oder bleiben Sie beim reinen Text, wenn Sie es vorziehen.<\/li>\n<\/ul>\n<h3>2. Keine Registrierung oder pers\u00f6nliche Daten erforderlich<\/h3>\n<ul>\n<li>100% anonym: Sie m\u00fcssen nie einen Namen, eine E-Mail-Adresse oder ein Profil in sozialen Medien angeben.<\/li>\n<li>Fokus auf Datenschutz: Das Mirami fragt nie nach Daten und protokolliert keine Gespr\u00e4che.<\/li>\n<\/ul>\n<h3>3. Erweiterte Filterung<\/h3>\n<ul>\n<li>Sprach- und Ortsfilter: Verbinden Sie sich mit Menschen, die Ihre Sprache sprechen oder aus einem bestimmten Land oder einer bestimmten Region stammen.<\/li>\n<li>Interessen-Tags: W\u00e4hlen Sie optional Interessen aus, um sich mit gleichgesinnten Nutzern zu treffen.<\/li>\n<\/ul>\n<h3>4. Einfache, moderne Schnittstelle<\/h3>\n<ul>\n<li>Sauber und intuitiv: Die Website funktioniert nahtlos sowohl auf Desktop- als auch auf mobilen Browsern, mit einem klaren Design und schneller Leistung.<\/li>\n<li>Werbefrei: Genie\u00dfen Sie ablenkungsfreies Chatten - ohne Popups, Banner oder Tracking.<\/li>\n<\/ul>\n<h3>5. Sichere und respektvolle Gemeinschaft<\/h3>\n<ul>\n<li>Aktive Moderation: Automatisierte und menschliche Moderatoren arbeiten daran, Missbrauch, Spam und Bots zu blockieren.<\/li>\n<li>Funktionen zum schnellen Melden\/Blockieren: Beenden Sie jedes unangenehme Gespr\u00e4ch sofort und gehen Sie weiter.<\/li>\n<\/ul>\n<h3>6. Keine Chatprotokolle oder Datenspeicherung<\/h3>\n<ul>\n<li>Unterhaltungen sind vor\u00fcbergehend: Sobald Sie den Chat verlassen oder schlie\u00dfen, verschwindet alles - nichts wird auf den Servern von Mirami gespeichert.<\/li>\n<\/ul>\n<h3>7. Frei f\u00fcr alle<\/h3>\n<ul>\n<li>Keine versteckten Geb\u00fchren oder Paywalls: Alle Funktionen sind ohne Bezahlung oder Upgrade verf\u00fcgbar.<\/li>\n<\/ul>\n<h2>So verwenden Sie Mirami<\/h2>\n<p>Mirami ist so konzipiert, dass der Zufalls-Chat so zug\u00e4nglich wie m\u00f6glich ist. Hier ist, wie man anf\u00e4ngt:<\/p>\n<h3>Schritt 1: Besuchen Sie die Mirami-Website<\/h3>\n<p>\u00d6ffne mirami.chat in einem beliebigen Webbrowser (Desktop oder Handy).<\/p>\n<h3>Schritt 2: W\u00e4hlen Sie Ihren Chat-Modus<\/h3>\n<ul>\n<li>Text-Chat: Ideal f\u00fcr sch\u00fcchterne Benutzer oder private Unterhaltungen.<\/li>\n<li>Video-Chat: Aktivieren Sie die Kamera- und Mikrofonberechtigungen f\u00fcr echte Chats von Angesicht zu Angesicht.<\/li>\n<\/ul>\n<h3>Schritt 3: Setzen von Filtern (optional)<\/h3>\n<ul>\n<li>W\u00e4hlen Sie Ihre Sprache oder Ihr Land, um weitere relevante Treffer zu erhalten.<\/li>\n<li>W\u00e4hlen Sie, falls vorhanden, Zinsschilder.<\/li>\n<\/ul>\n<h3>Schritt 4: Chatten beginnen<\/h3>\n<ul>\n<li>Sie werden sofort mit einem Fremden verbunden sein.<\/li>\n<li>Sagen Sie hallo, beginnen Sie ein Gespr\u00e4ch oder teilen Sie Ihre Interessen.<\/li>\n<\/ul>\n<h3>Schritt 5: Beenden oder Fortfahren<\/h3>\n<ul>\n<li>Mit der Schaltfl\u00e4che Weiter k\u00f6nnen Sie jederzeit zu einem neuen Benutzer \u00fcbergehen.<\/li>\n<li>Wenn ein Chat gut l\u00e4uft, genie\u00dfen Sie das Gespr\u00e4ch so lange, wie Sie wollen.<\/li>\n<\/ul>\n<h3>Schritt 6: Melden oder Sperren (falls erforderlich)<\/h3>\n<ul>\n<li>Wenn sich jemand unangemessen verh\u00e4lt, verwenden Sie das Melde-\/Blockierwerkzeug-Mirami-Moderatoren handeln schnell, um Verst\u00f6\u00dfe zu entfernen.<\/li>\n<\/ul>\n<h2>Benutzererfahrung mit Mirami<\/h2>\n<p>Bei Mirami dreht sich alles um Einfachheit, Privatsph\u00e4re und eine echte Verbindung:<\/p>\n<h3>Was Benutzer lieben<\/h3>\n<ul>\n<li>Keine l\u00e4stige Registrierung: Chatten Sie in Sekundenschnelle, ohne Formulare oder Konten.<\/li>\n<li>Werbefreie, saubere Schnittstelle: Keine Ablenkungen oder Unterbrechungen.<\/li>\n<li>Optimiert f\u00fcr Mobilger\u00e4te und Desktops: Nahtloses, reibungsloses Erlebnis auf jedem Ger\u00e4t.<\/li>\n<li>Sowohl Video- als auch Textoptionen: W\u00e4hlen Sie den Grad der Bequemlichkeit und des Engagements.<\/li>\n<li>Schnelle Moderation: Trolle und Spam sind selten und werden schnell behandelt.<\/li>\n<li>Intelligente Filter: Hilft Ihnen dabei, Menschen zu finden, mit denen Sie eher in Kontakt treten m\u00f6chten.<\/li>\n<li>Starker Datenschutz: Keine Protokolle, kein Tracking, keine gespeicherten Daten.<\/li>\n<\/ul>\n<h3>Wo die Nutzer Raum f\u00fcr Verbesserungen sehen<\/h3>\n<ul>\n<li>Kein Gruppenchat (derzeit nur Einzelchats).<\/li>\n<li>F\u00fcr den Video-Chat sind die Kamera-\/Mikrofonrechte des Browsers erforderlich.<\/li>\n<li>Die Nutzerbasis kann schwanken - abends und am Wochenende sind mehr Nutzer online.<\/li>\n<li>Einige Funktionen (z. B. Interessen-Tags) befinden sich in der Entwicklung und k\u00f6nnen variieren.<\/li>\n<\/ul>\n<h3>Echtes Benutzer-Feedback<\/h3>\n<blockquote><p>\"Mirami ist das, was ein Zufalls-Chat sein sollte - kein Unsinn, keine Anmeldung, und man kann tats\u00e4chlich echte Leute von \u00fcberall her treffen.\"<br \/>\n- <em>James P., Trustpilot<\/em><\/p><\/blockquote>\n<blockquote><p>\"Ich benutze es, um mein Englisch zu \u00fcben und Freunde aus Europa und Asien zu treffen. Super einfach, keine l\u00e4stige Werbung.\"<br \/>\n- <em>Lina W., Google Bewertungen<\/em><\/p><\/blockquote>\n<blockquote><p>\"Schnell, privat und viel sauberer als die meisten anderen Chatseiten.\"<br \/>\n- <em>Oscar R., App Store<\/em><\/p><\/blockquote>\n<h2>Mirami vs. andere Zufalls-Chat-Plattformen<\/h2>\n<p>Wie schneidet das Mirami im Vergleich zu den gro\u00dfen Namen in diesem Bereich ab?<\/p>\n<table>\n<thead>\n<tr>\n<th>Merkmal<\/th>\n<th>Mirami<\/th>\n<th>OmegleWeb<\/th>\n<th>ChatHub<\/th>\n<th>Chatiwi<\/th>\n<th>StrangerCam<\/th>\n<th>Chatrandom<\/th>\n<\/tr>\n<\/thead>\n<tbody>\n<tr>\n<td>Keine Registrierung erforderlich<\/td>\n<td>\u2705 Ja<\/td>\n<td>\u2705 Ja<\/td>\n<td>\u2705 Ja<\/td>\n<td>\u2705 Ja<\/td>\n<td>\u2705 Ja<\/td>\n<td>\u2705 Ja<\/td>\n<\/tr>\n<tr>\n<td>Video- und Text-Chat<\/td>\n<td>\u2705 Beide<\/td>\n<td>\u2705 Beide<\/td>\n<td>\u2705 Beide<\/td>\n<td>\u274c Text<\/td>\n<td>\u2705 Beide<\/td>\n<td>\u2705 Beide<\/td>\n<\/tr>\n<tr>\n<td>Keine Werbung\/Tracking<\/td>\n<td>\u2705 Ja<\/td>\n<td>\u274c Nein<\/td>\n<td>\u274c Nein<\/td>\n<td>\u2705 Ja<\/td>\n<td>\u26a0\ufe0f Begrenzt<\/td>\n<td>\u274c Nein<\/td>\n<\/tr>\n<tr>\n<td>End-to-End-Datenschutz<\/td>\n<td>\u2705 Ja<\/td>\n<td>\u274c Nein<\/td>\n<td>\u26a0\ufe0f Teilweise<\/td>\n<td>\u2705 Ja<\/td>\n<td>\u26a0\ufe0f Teilweise<\/td>\n<td>\u274c Nein<\/td>\n<\/tr>\n<tr>\n<td>Filter f\u00fcr Interessen\/Standorte<\/td>\n<td>\u2705 Ja<\/td>\n<td>\u2705 Ja<\/td>\n<td>\u2705 Ja<\/td>\n<td>\u2705 Ja<\/td>\n<td>\u2705 Ja<\/td>\n<td>\u2705 Ja<\/td>\n<\/tr>\n<tr>\n<td>Gruppenchat<\/td>\n<td>\u274c Nein<\/td>\n<td>\u274c Nein<\/td>\n<td>\u2705 Ja<\/td>\n<td>\u2705 Ja<\/td>\n<td>\u274c Nein<\/td>\n<td>\u2705 Ja<\/td>\n<\/tr>\n<tr>\n<td>Aktive Moderation<\/td>\n<td>\u2705 Ja<\/td>\n<td>\u2705 Ja<\/td>\n<td>\u2705 Ja<\/td>\n<td>\u2705 Ja<\/td>\n<td>\u2705 Ja<\/td>\n<td>\u2705 Ja<\/td>\n<\/tr>\n<tr>\n<td>Mobilfreundlich<\/td>\n<td>\u2705 Ja<\/td>\n<td>\u2705 Ja<\/td>\n<td>\u2705 Ja<\/td>\n<td>\u2705 Ja<\/td>\n<td>\u2705 Ja<\/td>\n<td>\u2705 Ja<\/td>\n<\/tr>\n<\/tbody>\n<\/table>\n<p>Zusammenfassung: Das Mirami zeichnet sich durch sein modernes, werbefreies Design, die Fokussierung auf eine Person, echten Datenschutz und sofortigen Zugriff aus - perfekt f\u00fcr Benutzer, die ein ablenkungsfreies, sicheres und angenehmes Chaterlebnis w\u00fcnschen.<\/p>\n<h2>Ist Mirami sicher?<\/h2>\n<p>Sicherheit und Datenschutz haben bei Mirami h\u00f6chste Priorit\u00e4t:<\/p>\n<ul>\n<li>Keine Registrierung, keine pers\u00f6nlichen Daten werden gesammelt<\/li>\n<li>Keine Datenprotokolle oder Gespr\u00e4chsverlauf gespeichert<\/li>\n<li>Durchgehender Datenschutz f\u00fcr alle Chats<\/li>\n<li>Sofortbericht\/Blockfunktionen<\/li>\n<li>Aktive automatische und menschliche Moderation<\/li>\n<\/ul>\n<h3>Sicherheitstipps<\/h3>\n<ul>\n<li>Geben Sie niemals Ihren echten Namen, Ihre Adresse oder sensible Daten weiter.<\/li>\n<li>Verwenden Sie Filter, um Nutzer aus Ihrem Land oder in Ihrer Sprache zu finden.<\/li>\n<li>Beenden oder melden Sie jeden Chat, der Ihnen Unbehagen bereitet.<\/li>\n<li>Vertrauen Sie auf Ihren Instinkt und genie\u00dfen Sie die Freiheit der Anonymit\u00e4t.<\/li>\n<\/ul>\n<h2>Tipps zur optimalen Nutzung von Mirami<\/h2>\n<ul>\n<li>Beginnen Sie mit einer freundlichen Begr\u00fc\u00dfung: Er\u00f6ffnet mehr Gespr\u00e4che.<\/li>\n<li>Experimentieren Sie mit Sprach-\/L\u00e4nderfiltern: \u00dcben Sie neue Sprachen oder kn\u00fcpfen Sie Kontakte zu Einheimischen.<\/li>\n<li>Bleiben Sie anonym: Halten Sie pers\u00f6nliche Informationen privat, es sei denn, Sie f\u00fchlen sich 100% wohl.<\/li>\n<li>Wechseln Sie zwischen Text und Video: Verwenden Sie das, was Ihrer Stimmung und Ihrem Komfort entspricht.<\/li>\n<li>Benutzen Sie den Melden\/Blockieren-Button: Helfen Sie, die Sicherheit der Mirami-Community zu gew\u00e4hrleisten.<\/li>\n<li>Testen Sie sowohl Desktop als auch Mobile: Genie\u00dfen Sie ein nahtloses Erlebnis auf allen Ihren Ger\u00e4ten.<\/li>\n<li>Pr\u00fcfen Sie zu verschiedenen Zeiten: Am Abend und an den Wochenenden ist in der Regel Hochbetrieb.<\/li>\n<\/ul>\n<h2>Fehlersuche bei h\u00e4ufigen Mirami-Problemen<\/h2>\n<h3>Video-Chat kann nicht gestartet werden<\/h3>\n<p>\u00dcberpr\u00fcfen Sie die Browser-Berechtigungen und erlauben Sie den Zugriff auf Ihre Kamera und Ihr Mikrofon.<\/p>\n<h3>Kann keine Verbindung herstellen oder Benutzer finden<\/h3>\n<p>Versuchen Sie, andere Filter zu verwenden, \u00fcberpr\u00fcfen Sie Ihre Internetverbindung oder kehren Sie zu einer belebteren Zeit zur\u00fcck.<\/p>\n<h3>Spam oder Missbrauchsf\u00e4lle<\/h3>\n<p>Verwenden Sie das Melde-\/Sperrwerkzeug - die Moderatoren werden sofort benachrichtigt.<\/p>\n<h3>Ein gutes Gespr\u00e4ch verloren<\/h3>\n<p>Mirami ist auf Privatsph\u00e4re ausgelegt - es werden keine Chat-Protokolle gespeichert. Wenn Sie in Kontakt bleiben m\u00f6chten, tauschen Sie Kontaktdaten aus (vorsichtig und nur, wenn Sie sich sicher f\u00fchlen).<\/p>\n<h3>Website wird nicht geladen<\/h3>\n<p>Aktualisieren Sie Ihren Browser, leeren Sie den Cache, oder versuchen Sie es mit einem anderen Ger\u00e4t\/Browser.<\/p>\n<p>Auf jeden Fall - vor allem f\u00fcr alle, die ein modernes, sauberes und wirklich privates Zufalls-Chat-Erlebnis w\u00fcnschen. Mirami ist der neue Ma\u00dfstab f\u00fcr anonyme Online-Unterhaltungen und verbindet das Beste der Spontaneit\u00e4t von Omegle mit den heutigen Standards f\u00fcr Sicherheit, Datenschutz und Benutzerfreundlichkeit.<\/p>\n<p>Ob Sie neue Freunde finden, zum Spa\u00df chatten, flirten, Sprachen \u00fcben oder einfach nur sehen wollen, wer da drau\u00dfen ist, Mirami.chat ist Ihr Tor zu sicheren, anonymen und unvergesslichen Online-Unterhaltungen - ohne Bedingungen.<\/p>\n<p>Bist du bereit, jemand Neues kennenzulernen? Besuche mirami.chat, w\u00e4hle deinen Modus und genie\u00dfe noch heute den sicheren Sofort-Chat.<\/p>","protected":false},"excerpt":{"rendered":"<p>In today\u2019s digital age, where privacy, real-time connections, and simplicity are valued more than ever, new platforms are emerging to meet these needs without the baggage of legacy social media or complex apps. Mirami\u2014found at mirami.chat\u2014is one of the most exciting, user-focused additions to the world of random online chatting, offering a streamlined, privacy-first environment [&hellip;]<\/p>\n","protected":false},"author":6,"featured_media":0,"parent":0,"menu_order":0,"comment_status":"closed","ping_status":"closed","template":"","meta":{"footnotes":""},"class_list":["post-12310","page","type-page","status-publish","hentry"],"yoast_head":"<!-- This site is optimized with the Yoast SEO plugin v27.5 - https:\/\/yoast.com\/product\/yoast-seo-wordpress\/ -->\n<title>Mirami - Random Video Chat With Girls - TinyChat.com<\/title>\n<meta name=\"description\" content=\"Enjoying Mirami? Join over 50,000,000 strangers on TinyChat! Turn on your cam and start meeting new people, or find a match.\" \/>\n<meta name=\"robots\" content=\"index, follow, max-snippet:-1, max-image-preview:large, max-video-preview:-1\" \/>\n<link rel=\"canonical\" href=\"https:\/\/tinychat.com\/de\/mirami\/\" \/>\n<meta property=\"og:locale\" content=\"de_DE\" \/>\n<meta property=\"og:type\" content=\"article\" \/>\n<meta property=\"og:title\" content=\"Mirami - Random Video Chat With Girls - TinyChat.com\" \/>\n<meta property=\"og:description\" content=\"Enjoying Mirami? Join over 50,000,000 strangers on TinyChat! Turn on your cam and start meeting new people, or find a match.\" \/>\n<meta property=\"og:url\" content=\"https:\/\/tinychat.com\/de\/mirami\/\" \/>\n<meta property=\"og:site_name\" content=\"TinyChat\" \/>\n<meta property=\"article:publisher\" content=\"https:\/\/www.facebook.com\/tinychat\" \/>\n<meta property=\"article:modified_time\" content=\"2025-08-04T09:57:45+00:00\" \/>\n<meta property=\"og:image\" content=\"https:\/\/tinychat.com\/wp-content\/uploads\/2020\/04\/Tinychat-logo-1280x284-new-black.png\" \/>\n\t<meta property=\"og:image:width\" content=\"1280\" \/>\n\t<meta property=\"og:image:height\" content=\"284\" \/>\n\t<meta property=\"og:image:type\" content=\"image\/png\" \/>\n<meta name=\"twitter:card\" content=\"summary_large_image\" \/>\n<meta name=\"twitter:site\" content=\"@tinychat\" \/>\n<meta name=\"twitter:label1\" content=\"Gesch\u00e4tzte Lesezeit\" \/>\n\t<meta name=\"twitter:data1\" content=\"6\u00a0Minuten\" \/>\n<script type=\"application\/ld+json\" class=\"yoast-schema-graph\">{\"@context\":\"https:\\\/\\\/schema.org\",\"@graph\":[{\"@type\":\"WebPage\",\"@id\":\"https:\\\/\\\/tinychat.com\\\/mirami\\\/\",\"url\":\"https:\\\/\\\/tinychat.com\\\/mirami\\\/\",\"name\":\"Mirami - Random Video Chat With Girls - TinyChat.com\",\"isPartOf\":{\"@id\":\"https:\\\/\\\/tinychat.com\\\/#website\"},\"datePublished\":\"2025-08-04T09:29:50+00:00\",\"dateModified\":\"2025-08-04T09:57:45+00:00\",\"description\":\"Enjoying Mirami? Join over 50,000,000 strangers on TinyChat! Turn on your cam and start meeting new people, or find a match.\",\"breadcrumb\":{\"@id\":\"https:\\\/\\\/tinychat.com\\\/mirami\\\/#breadcrumb\"},\"inLanguage\":\"de\",\"potentialAction\":[{\"@type\":\"ReadAction\",\"target\":[\"https:\\\/\\\/tinychat.com\\\/mirami\\\/\"]}]},{\"@type\":\"BreadcrumbList\",\"@id\":\"https:\\\/\\\/tinychat.com\\\/mirami\\\/#breadcrumb\",\"itemListElement\":[{\"@type\":\"ListItem\",\"position\":1,\"name\":\"Home\",\"item\":\"https:\\\/\\\/tinychat.com\\\/\"},{\"@type\":\"ListItem\",\"position\":2,\"name\":\"Mirami\"}]},{\"@type\":\"WebSite\",\"@id\":\"https:\\\/\\\/tinychat.com\\\/#website\",\"url\":\"https:\\\/\\\/tinychat.com\\\/\",\"name\":\"TinyChat\",\"description\":\"Random Video Chat with Strangers\",\"publisher\":{\"@id\":\"https:\\\/\\\/tinychat.com\\\/#organization\"},\"alternateName\":\"TinyChat.com\",\"potentialAction\":[{\"@type\":\"SearchAction\",\"target\":{\"@type\":\"EntryPoint\",\"urlTemplate\":\"https:\\\/\\\/tinychat.com\\\/?s={search_term_string}\"},\"query-input\":{\"@type\":\"PropertyValueSpecification\",\"valueRequired\":true,\"valueName\":\"search_term_string\"}}],\"inLanguage\":\"de\"},{\"@type\":\"Organization\",\"@id\":\"https:\\\/\\\/tinychat.com\\\/#organization\",\"name\":\"TinyChat\",\"alternateName\":\"TinyChat.com\",\"url\":\"https:\\\/\\\/tinychat.com\\\/\",\"logo\":{\"@type\":\"ImageObject\",\"inLanguage\":\"de\",\"@id\":\"https:\\\/\\\/tinychat.com\\\/#\\\/schema\\\/logo\\\/image\\\/\",\"url\":\"https:\\\/\\\/tinychat.com\\\/wp-content\\\/uploads\\\/2023\\\/11\\\/Tinychat-icon-square.png\",\"contentUrl\":\"https:\\\/\\\/tinychat.com\\\/wp-content\\\/uploads\\\/2023\\\/11\\\/Tinychat-icon-square.png\",\"width\":284,\"height\":284,\"caption\":\"TinyChat\"},\"image\":{\"@id\":\"https:\\\/\\\/tinychat.com\\\/#\\\/schema\\\/logo\\\/image\\\/\"},\"sameAs\":[\"https:\\\/\\\/www.facebook.com\\\/tinychat\",\"https:\\\/\\\/x.com\\\/tinychat\"]}]}<\/script>\n<!-- \/ Yoast SEO plugin. -->","yoast_head_json":{"title":"Mirami - Zuf\u00e4lliger Video Chat mit M\u00e4dchen - TinyChat.com","description":"Gef\u00e4llt Ihnen Mirami? Schlie\u00dfen Sie sich \u00fcber 50.000.000 Fremden auf TinyChat an! Schalte deine Kamera ein und fange an, neue Leute zu treffen, oder finde einen Partner.","robots":{"index":"index","follow":"follow","max-snippet":"max-snippet:-1","max-image-preview":"max-image-preview:large","max-video-preview":"max-video-preview:-1"},"canonical":"https:\/\/tinychat.com\/de\/mirami\/","og_locale":"de_DE","og_type":"article","og_title":"Mirami - Random Video Chat With Girls - TinyChat.com","og_description":"Enjoying Mirami? Join over 50,000,000 strangers on TinyChat! Turn on your cam and start meeting new people, or find a match.","og_url":"https:\/\/tinychat.com\/de\/mirami\/","og_site_name":"TinyChat","article_publisher":"https:\/\/www.facebook.com\/tinychat","article_modified_time":"2025-08-04T09:57:45+00:00","og_image":[{"width":1280,"height":284,"url":"https:\/\/tinychat.com\/wp-content\/uploads\/2020\/04\/Tinychat-logo-1280x284-new-black.png","type":"image\/png"}],"twitter_card":"summary_large_image","twitter_site":"@tinychat","twitter_misc":{"Gesch\u00e4tzte Lesezeit":"6\u00a0Minuten"},"schema":{"@context":"https:\/\/schema.org","@graph":[{"@type":"WebPage","@id":"https:\/\/tinychat.com\/mirami\/","url":"https:\/\/tinychat.com\/mirami\/","name":"Mirami - Zuf\u00e4lliger Video Chat mit M\u00e4dchen - TinyChat.com","isPartOf":{"@id":"https:\/\/tinychat.com\/#website"},"datePublished":"2025-08-04T09:29:50+00:00","dateModified":"2025-08-04T09:57:45+00:00","description":"Gef\u00e4llt Ihnen Mirami? Schlie\u00dfen Sie sich \u00fcber 50.000.000 Fremden auf TinyChat an! Schalte deine Kamera ein und fange an, neue Leute zu treffen, oder finde einen Partner.","breadcrumb":{"@id":"https:\/\/tinychat.com\/mirami\/#breadcrumb"},"inLanguage":"de","potentialAction":[{"@type":"ReadAction","target":["https:\/\/tinychat.com\/mirami\/"]}]},{"@type":"BreadcrumbList","@id":"https:\/\/tinychat.com\/mirami\/#breadcrumb","itemListElement":[{"@type":"ListItem","position":1,"name":"Home","item":"https:\/\/tinychat.com\/"},{"@type":"ListItem","position":2,"name":"Mirami"}]},{"@type":"WebSite","@id":"https:\/\/tinychat.com\/#website","url":"https:\/\/tinychat.com\/","name":"TinyChat","description":"Zuf\u00e4lliger Video-Chat mit Fremden","publisher":{"@id":"https:\/\/tinychat.com\/#organization"},"alternateName":"TinyChat.com","potentialAction":[{"@type":"SearchAction","target":{"@type":"EntryPoint","urlTemplate":"https:\/\/tinychat.com\/?s={search_term_string}"},"query-input":{"@type":"PropertyValueSpecification","valueRequired":true,"valueName":"search_term_string"}}],"inLanguage":"de"},{"@type":"Organization","@id":"https:\/\/tinychat.com\/#organization","name":"TinyChat","alternateName":"TinyChat.com","url":"https:\/\/tinychat.com\/","logo":{"@type":"ImageObject","inLanguage":"de","@id":"https:\/\/tinychat.com\/#\/schema\/logo\/image\/","url":"https:\/\/tinychat.com\/wp-content\/uploads\/2023\/11\/Tinychat-icon-square.png","contentUrl":"https:\/\/tinychat.com\/wp-content\/uploads\/2023\/11\/Tinychat-icon-square.png","width":284,"height":284,"caption":"TinyChat"},"image":{"@id":"https:\/\/tinychat.com\/#\/schema\/logo\/image\/"},"sameAs":["https:\/\/www.facebook.com\/tinychat","https:\/\/x.com\/tinychat"]}]}},"_links":{"self":[{"href":"https:\/\/tinychat.com\/de\/wp-json\/wp\/v2\/pages\/12310","targetHints":{"allow":["GET"]}}],"collection":[{"href":"https:\/\/tinychat.com\/de\/wp-json\/wp\/v2\/pages"}],"about":[{"href":"https:\/\/tinychat.com\/de\/wp-json\/wp\/v2\/types\/page"}],"author":[{"embeddable":true,"href":"https:\/\/tinychat.com\/de\/wp-json\/wp\/v2\/users\/6"}],"replies":[{"embeddable":true,"href":"https:\/\/tinychat.com\/de\/wp-json\/wp\/v2\/comments?post=12310"}],"version-history":[{"count":4,"href":"https:\/\/tinychat.com\/de\/wp-json\/wp\/v2\/pages\/12310\/revisions"}],"predecessor-version":[{"id":13386,"href":"https:\/\/tinychat.com\/de\/wp-json\/wp\/v2\/pages\/12310\/revisions\/13386"}],"wp:attachment":[{"href":"https:\/\/tinychat.com\/de\/wp-json\/wp\/v2\/media?parent=12310"}],"curies":[{"name":"wp","href":"https:\/\/api.w.org\/{rel}","templated":true}]}}