{"id":12326,"date":"2025-09-29T11:11:59","date_gmt":"2025-09-29T09:11:59","guid":{"rendered":"https:\/\/tinychat.com\/?page_id=12326"},"modified":"2025-09-29T12:46:19","modified_gmt":"2025-09-29T10:46:19","slug":"mili-live","status":"publish","type":"page","link":"https:\/\/tinychat.com\/de\/mili-live\/","title":{"rendered":"Mili Live"},"content":{"rendered":"<p>Im Internet gibt es viele M\u00f6glichkeiten, neue Leute kennenzulernen, aber nur wenige sind so direkt und aufregend wie zuf\u00e4llige Videochat-Plattformen. Im Gegensatz zu sozialen Medien, die uns an unsere bestehenden Kreise binden, erm\u00f6glichen uns diese Dienste mit jedem Klick den Schritt ins Unbekannte. Mili Live ist eine solche Plattform - ein aufstrebender Name in diesem Bereich, der sich auf schnelle Eins-zu-Eins-Videokontakte mit Fremden auf der ganzen Welt konzentriert.<\/p>\n<p>Mit seiner Betonung auf Einfachheit, Zug\u00e4nglichkeit und spontanen Begegnungen passt Mili Live in die gleiche Kategorie wie Omegle, Chatroulette und Emerald Chat, aber mit seinem eigenen modernen Design und mobilfreundlichen Ansatz. F\u00fcr Benutzer, die erkunden, chatten und sofortige Kontakte kn\u00fcpfen m\u00f6chten, bietet es eine leichte und dennoch ansprechende Erfahrung.<\/p>\n<p>In diesem Beitrag erfahren Sie, was Mili Live ist, welche Funktionen es hat, wie man es benutzt, wie die Nutzererfahrung ist, wie man es mit anderen Anbietern vergleicht, welche Sicherheitstools es gibt und welche Tipps Sie geben k\u00f6nnen, um Ihre Zeit auf der Plattform optimal zu nutzen.<\/p>\n<h2>Was ist Mili Live?<\/h2>\n<p>Mili Live ist eine zuf\u00e4llige Videochat-App und Website, die Nutzer sofort in pers\u00f6nliche Videogespr\u00e4che einbindet. Im Kern basiert es auf denselben Prinzipien, die Omegle ber\u00fchmt gemacht haben: Anonymit\u00e4t, Spontaneit\u00e4t und globale Reichweite.<\/p>\n<p>Im Gegensatz zu sozialen Netzwerken oder Dating-Apps sind bei Mili Live keine Profile oder Anmeldungen erforderlich. Stattdessen werden Videokonversationen nach dem Prinzip \"Drop-in, Drop-out\" gef\u00fchrt, was eine schnelle und unkomplizierte M\u00f6glichkeit darstellt, Fremde zu treffen.<\/p>\n<p>Es ist besonders beliebt bei Menschen, die etwas suchen:<\/p>\n<ul>\n<li>Schnelle, zwanglose Gespr\u00e4che.<\/li>\n<li>Globaler Kulturaustausch.<\/li>\n<li>Handyfreundlicher Zufalls-Videochat.<\/li>\n<\/ul>\n<h2>Hauptmerkmale von Mili Live<\/h2>\n<p>Die Funktionen von Mili Live konzentrieren sich auf Zug\u00e4nglichkeit und sofortige Verbindungen.<\/p>\n<h3>1. Zuf\u00e4lliger Video-Chat unter vier Augen<\/h3>\n<ul>\n<li>Verbindet Sie sofort mit einer fremden Person.<\/li>\n<li>Webcam und Mikrofon sind f\u00fcr Live-Interaktionen aktiviert.<\/li>\n<li>Einfache Schnittstelle ohne Ablenkungen.<\/li>\n<\/ul>\n<h3>2. Schaltfl\u00e4che \"\u00dcberspringen<\/h3>\n<ul>\n<li>Ziehen Sie schnell weiter, wenn der Chat nicht gut passt.<\/li>\n<li>So bleibt das Erlebnis schnell und fesselnd.<\/li>\n<\/ul>\n<h3>3. Text-Chat-Integration<\/h3>\n<ul>\n<li>Integrierte Chatbox neben dem Video.<\/li>\n<li>N\u00fctzlich zur Kl\u00e4rung oder zum Wechsel zu reinen Textgespr\u00e4chen.<\/li>\n<\/ul>\n<h3>4. Handy-freundliches Design<\/h3>\n<ul>\n<li>Funktioniert reibungslos sowohl auf Desktop- als auch auf mobilen Browsern.<\/li>\n<li>Einige Regionen bieten auch einen App-basierten Zugang an.<\/li>\n<\/ul>\n<h3>5. Globale Verbindungen<\/h3>\n<ul>\n<li>Zuf\u00e4lliges Matching mit Menschen weltweit.<\/li>\n<li>Ideal, um Sprachen zu \u00fcben oder andere Kulturen zu erkunden.<\/li>\n<\/ul>\n<h3>6. Anonymit\u00e4t<\/h3>\n<ul>\n<li>Keine Konto- oder pers\u00f6nlichen Informationen erforderlich.<\/li>\n<li>Die Gespr\u00e4che sind privat und zeitlich begrenzt.<\/li>\n<\/ul>\n<h2>So verwenden Sie Mili Live<\/h2>\n<p>Mili Live legt Wert auf Schnelligkeit und Einfachheit - Sie k\u00f6nnen in Sekundenschnelle mit dem Chatten beginnen.<\/p>\n<h3>Schritt 1: Besuchen Sie die Website oder \u00f6ffnen Sie die App<\/h3>\n<ul>\n<li>Funktioniert direkt in Browsern oder \u00fcber eine mobile App, sofern verf\u00fcgbar.<\/li>\n<\/ul>\n<h3>Schritt 2: Aktivieren von Berechtigungen<\/h3>\n<ul>\n<li>Erlauben Sie den Zugriff auf Kamera und Mikrofon.<\/li>\n<\/ul>\n<h3>Schritt 3: Klicken Sie auf Start<\/h3>\n<ul>\n<li>Lassen Sie sich sofort mit einer fremden Person zusammenbringen.<\/li>\n<\/ul>\n<h3>Schritt 4: Chatten oder \u00fcberspringen<\/h3>\n<ul>\n<li>Bleiben Sie in einem Gespr\u00e4ch, wenn es Ihnen Spa\u00df macht.<\/li>\n<li>Klicken Sie auf \"Weiter\", um eine neue Person zu finden.<\/li>\n<\/ul>\n<h3>Schritt 5: Wiederholen<\/h3>\n<ul>\n<li>Plaudern Sie mit so vielen Menschen, wie Sie m\u00f6chten.<\/li>\n<\/ul>\n<h2>Benutzererfahrung auf Mili Live<\/h2>\n<p>Mili Live bietet ein leichtes, schn\u00f6rkelloses Erlebnis, das Nutzer anspricht, die schnell und zwanglos chatten m\u00f6chten.<\/p>\n<h3>Was Benutzer m\u00f6gen<\/h3>\n<ul>\n<li>Sehr schneller Einstieg - keine Registrierung.<\/li>\n<li>Saubere Schnittstelle, einfach zu bedienen.<\/li>\n<li>Funktioniert gut auf mobilen Ger\u00e4ten.<\/li>\n<li>Die Gespr\u00e4che sind anonym und zeitlich begrenzt.<\/li>\n<\/ul>\n<h3>Wo die Nutzer Raum f\u00fcr Verbesserungen sehen<\/h3>\n<ul>\n<li>Kleinerer Benutzerstamm im Vergleich zu Omegle oder Chatroulette.<\/li>\n<li>Begrenzte Filterm\u00f6glichkeiten (z. B. Geschlecht oder Ort).<\/li>\n<li>Keine Option zur Wiederherstellung der Verbindung bei verlorenen Chats.<\/li>\n<li>Es fehlen erweiterte Funktionen wie Spiele oder Profile.<\/li>\n<\/ul>\n<p>Trotz dieser L\u00fccken ist Mili Live aufgrund seiner Einfachheit und mobilen Zug\u00e4nglichkeit attraktiv f\u00fcr Menschen, die einfach nur schnelle, zuf\u00e4llige Gespr\u00e4che f\u00fchren wollen.<\/p>\n<h2>Mili Live vs. andere Zufalls-Chat-Plattformen<\/h2>\n<p>Hier sehen Sie, wie Mili Live im Vergleich zu seinen Mitbewerbern abschneidet:<\/p>\n<table>\n<thead>\n<tr>\n<th>Merkmal<\/th>\n<th>Mili Live<\/th>\n<th>Omegle<\/th>\n<th>Chatroulette<\/th>\n<th>ChatHub<\/th>\n<th>Emerald Chat<\/th>\n<th>Affen-App<\/th>\n<\/tr>\n<\/thead>\n<tbody>\n<tr>\n<td>Zuf\u00e4lliges One-on-One-Video<\/td>\n<td>\u2705 Ja<\/td>\n<td>\u2705 Ja<\/td>\n<td>\u2705 Ja<\/td>\n<td>\u2705 Ja<\/td>\n<td>\u2705 Ja<\/td>\n<td>\u2705 Ja<\/td>\n<\/tr>\n<tr>\n<td>Text-Chat-Option<\/td>\n<td>\u2705 Ja<\/td>\n<td>\u2705 Ja<\/td>\n<td>\u2705 Ja<\/td>\n<td>\u2705 Ja<\/td>\n<td>\u2705 Ja<\/td>\n<td>\u2705 Ja<\/td>\n<\/tr>\n<tr>\n<td>Anonymit\u00e4t<\/td>\n<td>\u2705 Stark<\/td>\n<td>\u2705 Stark<\/td>\n<td>\u2705 Stark<\/td>\n<td>\u2705 M\u00e4\u00dfig<\/td>\n<td>\u2705 M\u00e4\u00dfig<\/td>\n<td>\u26a0\ufe0f Begrenzt<\/td>\n<\/tr>\n<tr>\n<td>Filter (Geschlecht\/Ort)<\/td>\n<td>\u274c Nein<\/td>\n<td>\u274c Nein<\/td>\n<td>\u2705 Begrenzt<\/td>\n<td>\u2705 Ja<\/td>\n<td>\u2705 Ja<\/td>\n<td>\u2705 Ja<\/td>\n<\/tr>\n<tr>\n<td>Profile &amp; Freunde<\/td>\n<td>\u274c Nein<\/td>\n<td>\u274c Nein<\/td>\n<td>\u274c Nein<\/td>\n<td>\u2705 Ja<\/td>\n<td>\u2705 Ja<\/td>\n<td>\u2705 Ja<\/td>\n<\/tr>\n<tr>\n<td>Mobilfreundlich<\/td>\n<td>\u2705 Ja<\/td>\n<td>\u2705 Ja<\/td>\n<td>\u2705 Ja<\/td>\n<td>\u2705 Ja<\/td>\n<td>\u2705 Ja<\/td>\n<td>\u2705 Ja<\/td>\n<\/tr>\n<\/tbody>\n<\/table>\n<p>Zusammenfassung: Mili Live kommt in seiner Einfachheit Omegle und Chatroulette am n\u00e4chsten, w\u00e4hrend Konkurrenten wie Emerald Chat und ChatHub mehr strukturierte Funktionen bieten.<\/p>\n<h2>Ist Mili Live sicher?<\/h2>\n<p>Das Modell von Mili Live, bei dem die Anonymit\u00e4t im Vordergrund steht, kann sowohl eine St\u00e4rke als auch eine Schw\u00e4che sein.<\/p>\n<h3>Eingebaute Sicherheits-Tools<\/h3>\n<ul>\n<li>Standardm\u00e4\u00dfig anonym.<\/li>\n<li>\u00dcberspringen-Taste zum sofortigen Beenden von Gespr\u00e4chen.<\/li>\n<li>Private, zeitlich begrenzte Chats.<\/li>\n<\/ul>\n<h3>Sicherheitstipps f\u00fcr Benutzer<\/h3>\n<ul>\n<li>Geben Sie keine pers\u00f6nlichen Daten weiter (richtiger Name, Telefon, Adresse, Finanzdaten).<\/li>\n<li>Beenden Sie jedes Gespr\u00e4ch, das sich unangenehm anf\u00fchlt.<\/li>\n<li>Eltern sollten j\u00fcngere Benutzer beaufsichtigen.<\/li>\n<li>Erw\u00e4gen Sie die Verwendung eines VPN f\u00fcr zus\u00e4tzlichen Datenschutz.<\/li>\n<\/ul>\n<h2>Tipps f\u00fcr die optimale Nutzung von Mili Live<\/h2>\n<ul>\n<li>Lassen Sie sich auf den Zufall ein - der Spa\u00df kommt von \u00fcberraschenden Verbindungen.<\/li>\n<li>Nehmen Sie w\u00e4hrend der Sto\u00dfzeiten (abends\/am Wochenende) teil, um mehr Aktivit\u00e4t zu erhalten.<\/li>\n<li>Verwenden Sie eine gute Beleuchtung, um die Videoqualit\u00e4t zu verbessern.<\/li>\n<li>Kopfh\u00f6rer k\u00f6nnen die Tonqualit\u00e4t verbessern.<\/li>\n<li>Halten Sie die Dinge leicht und zwanglos - zuf\u00e4llige Chats funktionieren am besten mit lustigen Themen.<\/li>\n<li>Benutzen Sie die \u00dcberspringen-Schaltfl\u00e4che nach Belieben - nicht jeder Chat wird angenehm sein.<\/li>\n<\/ul>\n<h2>H\u00e4ufige Probleme und Korrekturen<\/h2>\n<h3>Problem: Kamera\/Mikrofon funktioniert nicht<\/h3>\n<ul>\n<li>Pr\u00fcfen Sie die Browser-Berechtigungen.<\/li>\n<li>Starten Sie die Anwendung oder das Ger\u00e4t neu.<\/li>\n<li>Stellen Sie sicher, dass keine andere App Ihre Kamera verwendet.<\/li>\n<\/ul>\n<h3>Problem: Wenige Streichh\u00f6lzer verf\u00fcgbar<\/h3>\n<ul>\n<li>Versuchen Sie es zu verschiedenen Tageszeiten, um mehr Nutzer zu erreichen.<\/li>\n<li>Zu den Hauptverkehrszeiten gibt es in der Regel mehr Abwechslung.<\/li>\n<\/ul>\n<h3>Problem: Schlechte Videoqualit\u00e4t<\/h3>\n<ul>\n<li>Wechseln Sie zu Wi-Fi, wenn Sie mobile Daten verwenden.<\/li>\n<li>Schlie\u00dfen Sie andere Anwendungen, die Bandbreite verbrauchen.<\/li>\n<\/ul>\n<h3>Problem: Ungeeignete Benutzer<\/h3>\n<ul>\n<li>Sofort \u00fcberspringen.<\/li>\n<li>Melden Sie sich, wenn m\u00f6glich.<\/li>\n<\/ul>\n<h2>Warum Menschen Mili Live w\u00e4hlen<\/h2>\n<p>Mili Live spricht die Nutzer an, weil es Folgendes bietet:<\/p>\n<ul>\n<li>Einfachheit - keine komplexen Funktionen, nur Chat.<\/li>\n<li>Chatten in Sekundenschnelle.<\/li>\n<li>Zug\u00e4nglichkeit - funktioniert auf dem Handy und dem Desktop.<\/li>\n<li>Anonymit\u00e4t - keine Profile oder Anmeldungen erforderlich.<\/li>\n<\/ul>\n<p>Es ist besonders bei denjenigen beliebt, die eine sauberere, schnellere Alternative zu \u00e4lteren Zufalls-Chat-Seiten suchen.<\/p>\n<h2>Abschlie\u00dfende \u00dcberlegungen: Lohnt sich der Einsatz von Mili Live?<\/h2>\n<p>Wenn Sie nach einer unkomplizierten Zufalls-Videochat-Plattform suchen, ist Mili Live eine solide Option. Es bietet nicht die Extras von gr\u00f6\u00dferen Namen wie Emerald Chat oder Monkey, aber das ist auch Teil seines Reizes - es ist sauber, einfach und rein f\u00fcr spontane, eins-zu-eins Begegnungen gebaut.<\/p>\n<p>Ob Sie wollen oder nicht:<\/p>\n<ul>\n<li>Verbringen Sie die Zeit mit lockeren Gespr\u00e4chen.<\/li>\n<li>Treffen Sie Menschen aus anderen L\u00e4ndern.<\/li>\n<li>Genie\u00dfen Sie schnelle, entspannte Video-Chats...<\/li>\n<\/ul>\n<p>Mili Live ist genau daf\u00fcr konzipiert.<\/p>\n<p>Kurz gesagt: Mili Live ist ein leichtgewichtiger, anonymer Videochat-Dienst, der eine einfache M\u00f6glichkeit bietet, Fremde weltweit zu treffen. Wenn Sie Einfachheit ohne Ablenkungen suchen, sollten Sie ihn ausprobieren.<\/p>\n<p>Bereit zum Ausprobieren? Besuchen Sie Mili Live, klicken Sie auf \"Start\" und entdecken Sie, wen Sie als n\u00e4chstes treffen werden.<\/p>","protected":false},"excerpt":{"rendered":"<p>The internet has no shortage of ways to meet new people, but few are as direct and exciting as random video chat platforms. Unlike social media, which keeps us tied to our existing circles, these services allow us to step into the unknown with every click. Mili Live is one such platform\u2014an emerging name in [&hellip;]<\/p>\n","protected":false},"author":6,"featured_media":0,"parent":0,"menu_order":0,"comment_status":"closed","ping_status":"closed","template":"","meta":{"footnotes":""},"class_list":["post-12326","page","type-page","status-publish","hentry"],"yoast_head":"<!-- This site is optimized with the Yoast SEO plugin v27.6 - https:\/\/yoast.com\/product\/yoast-seo-wordpress\/ -->\n<title>Mili Live - #1 Video Chat to Meet New Friends - TinyChat.com<\/title>\n<meta name=\"description\" content=\"Enjoying Mili Live? Join over 50,000,000 strangers on TinyChat! Turn on your cam and start meeting new people, or find a match.\" \/>\n<meta name=\"robots\" content=\"index, follow, max-snippet:-1, max-image-preview:large, max-video-preview:-1\" \/>\n<link rel=\"canonical\" href=\"https:\/\/tinychat.com\/de\/mili-live\/\" \/>\n<meta property=\"og:locale\" content=\"de_DE\" \/>\n<meta property=\"og:type\" content=\"article\" \/>\n<meta property=\"og:title\" content=\"Mili Live - #1 Video Chat to Meet New Friends - TinyChat.com\" \/>\n<meta property=\"og:description\" content=\"Enjoying Mili Live? Join over 50,000,000 strangers on TinyChat! Turn on your cam and start meeting new people, or find a match.\" \/>\n<meta property=\"og:url\" content=\"https:\/\/tinychat.com\/de\/mili-live\/\" \/>\n<meta property=\"og:site_name\" content=\"TinyChat\" \/>\n<meta property=\"article:publisher\" content=\"https:\/\/www.facebook.com\/tinychat\" \/>\n<meta property=\"article:modified_time\" content=\"2025-09-29T10:46:19+00:00\" \/>\n<meta property=\"og:image\" content=\"https:\/\/tinychat.com\/wp-content\/uploads\/2020\/04\/Tinychat-logo-1280x284-new-black.png\" \/>\n\t<meta property=\"og:image:width\" content=\"1280\" \/>\n\t<meta property=\"og:image:height\" content=\"284\" \/>\n\t<meta property=\"og:image:type\" content=\"image\/png\" \/>\n<meta name=\"twitter:card\" content=\"summary_large_image\" \/>\n<meta name=\"twitter:site\" content=\"@tinychat\" \/>\n<meta name=\"twitter:label1\" content=\"Gesch\u00e4tzte Lesezeit\" \/>\n\t<meta name=\"twitter:data1\" content=\"5\u00a0Minuten\" \/>\n<script type=\"application\/ld+json\" class=\"yoast-schema-graph\">{\"@context\":\"https:\\\/\\\/schema.org\",\"@graph\":[{\"@type\":\"WebPage\",\"@id\":\"https:\\\/\\\/tinychat.com\\\/mili-live\\\/\",\"url\":\"https:\\\/\\\/tinychat.com\\\/mili-live\\\/\",\"name\":\"Mili Live - #1 Video Chat to Meet New Friends - TinyChat.com\",\"isPartOf\":{\"@id\":\"https:\\\/\\\/tinychat.com\\\/#website\"},\"datePublished\":\"2025-09-29T09:11:59+00:00\",\"dateModified\":\"2025-09-29T10:46:19+00:00\",\"description\":\"Enjoying Mili Live? Join over 50,000,000 strangers on TinyChat! Turn on your cam and start meeting new people, or find a match.\",\"breadcrumb\":{\"@id\":\"https:\\\/\\\/tinychat.com\\\/mili-live\\\/#breadcrumb\"},\"inLanguage\":\"de\",\"potentialAction\":[{\"@type\":\"ReadAction\",\"target\":[\"https:\\\/\\\/tinychat.com\\\/mili-live\\\/\"]}]},{\"@type\":\"BreadcrumbList\",\"@id\":\"https:\\\/\\\/tinychat.com\\\/mili-live\\\/#breadcrumb\",\"itemListElement\":[{\"@type\":\"ListItem\",\"position\":1,\"name\":\"Home\",\"item\":\"https:\\\/\\\/tinychat.com\\\/\"},{\"@type\":\"ListItem\",\"position\":2,\"name\":\"Mili Live\"}]},{\"@type\":\"WebSite\",\"@id\":\"https:\\\/\\\/tinychat.com\\\/#website\",\"url\":\"https:\\\/\\\/tinychat.com\\\/\",\"name\":\"TinyChat\",\"description\":\"Random Video Chat with Strangers\",\"publisher\":{\"@id\":\"https:\\\/\\\/tinychat.com\\\/#organization\"},\"alternateName\":\"TinyChat.com\",\"potentialAction\":[{\"@type\":\"SearchAction\",\"target\":{\"@type\":\"EntryPoint\",\"urlTemplate\":\"https:\\\/\\\/tinychat.com\\\/?s={search_term_string}\"},\"query-input\":{\"@type\":\"PropertyValueSpecification\",\"valueRequired\":true,\"valueName\":\"search_term_string\"}}],\"inLanguage\":\"de\"},{\"@type\":\"Organization\",\"@id\":\"https:\\\/\\\/tinychat.com\\\/#organization\",\"name\":\"TinyChat\",\"alternateName\":\"TinyChat.com\",\"url\":\"https:\\\/\\\/tinychat.com\\\/\",\"logo\":{\"@type\":\"ImageObject\",\"inLanguage\":\"de\",\"@id\":\"https:\\\/\\\/tinychat.com\\\/#\\\/schema\\\/logo\\\/image\\\/\",\"url\":\"https:\\\/\\\/tinychat.com\\\/wp-content\\\/uploads\\\/2023\\\/11\\\/Tinychat-icon-square.png\",\"contentUrl\":\"https:\\\/\\\/tinychat.com\\\/wp-content\\\/uploads\\\/2023\\\/11\\\/Tinychat-icon-square.png\",\"width\":284,\"height\":284,\"caption\":\"TinyChat\"},\"image\":{\"@id\":\"https:\\\/\\\/tinychat.com\\\/#\\\/schema\\\/logo\\\/image\\\/\"},\"sameAs\":[\"https:\\\/\\\/www.facebook.com\\\/tinychat\",\"https:\\\/\\\/x.com\\\/tinychat\"]}]}<\/script>\n<!-- \/ Yoast SEO plugin. -->","yoast_head_json":{"title":"Mili Live - #1 Video Chat um neue Freunde zu treffen - TinyChat.com","description":"Gef\u00e4llt dir Mili Live? Schlie\u00dfe dich \u00fcber 50.000.000 Fremden auf TinyChat an! Schalte deine Kamera ein und fange an, neue Leute zu treffen, oder finde einen Partner.","robots":{"index":"index","follow":"follow","max-snippet":"max-snippet:-1","max-image-preview":"max-image-preview:large","max-video-preview":"max-video-preview:-1"},"canonical":"https:\/\/tinychat.com\/de\/mili-live\/","og_locale":"de_DE","og_type":"article","og_title":"Mili Live - #1 Video Chat to Meet New Friends - TinyChat.com","og_description":"Enjoying Mili Live? Join over 50,000,000 strangers on TinyChat! Turn on your cam and start meeting new people, or find a match.","og_url":"https:\/\/tinychat.com\/de\/mili-live\/","og_site_name":"TinyChat","article_publisher":"https:\/\/www.facebook.com\/tinychat","article_modified_time":"2025-09-29T10:46:19+00:00","og_image":[{"width":1280,"height":284,"url":"https:\/\/tinychat.com\/wp-content\/uploads\/2020\/04\/Tinychat-logo-1280x284-new-black.png","type":"image\/png"}],"twitter_card":"summary_large_image","twitter_site":"@tinychat","twitter_misc":{"Gesch\u00e4tzte Lesezeit":"5\u00a0Minuten"},"schema":{"@context":"https:\/\/schema.org","@graph":[{"@type":"WebPage","@id":"https:\/\/tinychat.com\/mili-live\/","url":"https:\/\/tinychat.com\/mili-live\/","name":"Mili Live - #1 Video Chat um neue Freunde zu treffen - TinyChat.com","isPartOf":{"@id":"https:\/\/tinychat.com\/#website"},"datePublished":"2025-09-29T09:11:59+00:00","dateModified":"2025-09-29T10:46:19+00:00","description":"Gef\u00e4llt dir Mili Live? Schlie\u00dfe dich \u00fcber 50.000.000 Fremden auf TinyChat an! Schalte deine Kamera ein und fange an, neue Leute zu treffen, oder finde einen Partner.","breadcrumb":{"@id":"https:\/\/tinychat.com\/mili-live\/#breadcrumb"},"inLanguage":"de","potentialAction":[{"@type":"ReadAction","target":["https:\/\/tinychat.com\/mili-live\/"]}]},{"@type":"BreadcrumbList","@id":"https:\/\/tinychat.com\/mili-live\/#breadcrumb","itemListElement":[{"@type":"ListItem","position":1,"name":"Home","item":"https:\/\/tinychat.com\/"},{"@type":"ListItem","position":2,"name":"Mili Live"}]},{"@type":"WebSite","@id":"https:\/\/tinychat.com\/#website","url":"https:\/\/tinychat.com\/","name":"TinyChat","description":"Zuf\u00e4lliger Video-Chat mit Fremden","publisher":{"@id":"https:\/\/tinychat.com\/#organization"},"alternateName":"TinyChat.com","potentialAction":[{"@type":"SearchAction","target":{"@type":"EntryPoint","urlTemplate":"https:\/\/tinychat.com\/?s={search_term_string}"},"query-input":{"@type":"PropertyValueSpecification","valueRequired":true,"valueName":"search_term_string"}}],"inLanguage":"de"},{"@type":"Organization","@id":"https:\/\/tinychat.com\/#organization","name":"TinyChat","alternateName":"TinyChat.com","url":"https:\/\/tinychat.com\/","logo":{"@type":"ImageObject","inLanguage":"de","@id":"https:\/\/tinychat.com\/#\/schema\/logo\/image\/","url":"https:\/\/tinychat.com\/wp-content\/uploads\/2023\/11\/Tinychat-icon-square.png","contentUrl":"https:\/\/tinychat.com\/wp-content\/uploads\/2023\/11\/Tinychat-icon-square.png","width":284,"height":284,"caption":"TinyChat"},"image":{"@id":"https:\/\/tinychat.com\/#\/schema\/logo\/image\/"},"sameAs":["https:\/\/www.facebook.com\/tinychat","https:\/\/x.com\/tinychat"]}]}},"_links":{"self":[{"href":"https:\/\/tinychat.com\/de\/wp-json\/wp\/v2\/pages\/12326","targetHints":{"allow":["GET"]}}],"collection":[{"href":"https:\/\/tinychat.com\/de\/wp-json\/wp\/v2\/pages"}],"about":[{"href":"https:\/\/tinychat.com\/de\/wp-json\/wp\/v2\/types\/page"}],"author":[{"embeddable":true,"href":"https:\/\/tinychat.com\/de\/wp-json\/wp\/v2\/users\/6"}],"replies":[{"embeddable":true,"href":"https:\/\/tinychat.com\/de\/wp-json\/wp\/v2\/comments?post=12326"}],"version-history":[{"count":3,"href":"https:\/\/tinychat.com\/de\/wp-json\/wp\/v2\/pages\/12326\/revisions"}],"predecessor-version":[{"id":13545,"href":"https:\/\/tinychat.com\/de\/wp-json\/wp\/v2\/pages\/12326\/revisions\/13545"}],"wp:attachment":[{"href":"https:\/\/tinychat.com\/de\/wp-json\/wp\/v2\/media?parent=12326"}],"curies":[{"name":"wp","href":"https:\/\/api.w.org\/{rel}","templated":true}]}}