{"id":12336,"date":"2025-10-21T11:33:15","date_gmt":"2025-10-21T09:33:15","guid":{"rendered":"https:\/\/tinychat.com\/?page_id=12336"},"modified":"2025-10-21T13:19:40","modified_gmt":"2025-10-21T11:19:40","slug":"chat4free","status":"publish","type":"page","link":"https:\/\/tinychat.com\/de\/chat4free\/","title":{"rendered":"Chat4Free"},"content":{"rendered":"<p>In einer digitalen Welt, in der es von Dating-Apps und sozialen Netzwerken nur so wimmelt, w\u00fcnscht man sich manchmal einfach nur ein einfaches, kostenloses und authentisches Chaterlebnis - ohne Anmeldung, ohne versteckte Kosten und ohne Algorithmen. Das ist genau das, was Chat4Free bietet.<\/p>\n<p>Wie der Name schon sagt, bietet Chat4Free eine v\u00f6llig kostenlose M\u00f6glichkeit, neue Leute online kennenzulernen, indem es zuf\u00e4llige Videochats mit \u00f6ffentlichen Chatrooms kombiniert, in denen die Nutzer von \u00fcberall auf der Welt aus reden, Kontakte kn\u00fcpfen und Freunde finden k\u00f6nnen. Es ist die Art von Plattform, die den spontanen Spa\u00df am Chatten im Internet zur\u00fcckbringt - so wie es fr\u00fcher einmal war.<\/p>\n<p>Ganz gleich, ob Sie sich die Zeit mit einem schnellen Chat vertreiben, ein globales Gespr\u00e4ch mit jemandem auf der anderen Seite der Welt f\u00fchren oder einfach nur einen fr\u00f6hlichen Moment mit einem Fremden verbringen m\u00f6chten - das Chat4Free ist so konzipiert, dass Sie dies m\u00fchelos tun k\u00f6nnen.<\/p>\n<p>In diesem Testbericht erfahren Sie, was das Chat4Free ist, seine wichtigsten Funktionen, wie es zu verwenden ist, wie es funktioniert, Sicherheitstipps, Vergleiche und alles, was Sie wissen m\u00fcssen, bevor Sie es ausprobieren.<\/p>\n<h2>Was ist Chat4Free?<\/h2>\n<p>Chat4Free ist ein kostenloser Online-Chatdienst, der es den Nutzern erm\u00f6glicht, Fremde \u00fcber Text- und Video-Chatr\u00e4ume zu treffen. Es ist auf Zug\u00e4nglichkeit und Einfachheit ausgelegt - keine komplizierten Registrierungen und keine kostenpflichtigen Upgrades erforderlich.<\/p>\n<p>Die Plattform bietet:<\/p>\n<ul>\n<li>\u00d6ffentliche Chatrooms f\u00fcr Gruppengespr\u00e4che.<\/li>\n<li>Private Einzelgespr\u00e4che mit Nutzern.<\/li>\n<li>Optionale Webcam-Interaktionen f\u00fcr Live-Video.<\/li>\n<\/ul>\n<p>Im Gegensatz zu Dating-Apps, die auf Swipes und Filter setzen, geht es bei Chat4Free um nat\u00fcrliche Konversation und globale Verbindungen. Seine Community umfasst Nutzer aus allen Gesellschaftsschichten, die auf der Suche nach Freundschaft, Unterhaltung oder kulturellem Austausch sind.<\/p>\n<h2>Hauptmerkmale des Chat4Free<\/h2>\n<p>Beim Chat4Free dreht sich alles um offene, umfassende Kommunikation. Sein Funktionsumfang spiegelt diese Philosophie wider.<\/p>\n<h3>1. Kostenlose \u00f6ffentliche Chatrooms<\/h3>\n<ul>\n<li>Schlie\u00dfen Sie sich thematischen Chatrooms nach Interesse, Sprache oder Region an.<\/li>\n<li>Sie k\u00f6nnen sich jederzeit an Gruppengespr\u00e4chen beteiligen.<\/li>\n<li>Ideal, um mehrere Personen gleichzeitig zu treffen.<\/li>\n<\/ul>\n<h3>2. Privater Chat<\/h3>\n<ul>\n<li>Wechseln Sie zu einem pers\u00f6nlichen Gespr\u00e4ch mit jedem, den Sie treffen.<\/li>\n<li>Erm\u00f6glicht eine tiefere oder pers\u00f6nlichere Interaktion.<\/li>\n<\/ul>\n<h3>3. Optionaler Webcam-Chat<\/h3>\n<ul>\n<li>Aktivieren Sie Ihre Kamera, um von Angesicht zu Angesicht zu chatten.<\/li>\n<li>Wenn Sie es vorziehen, k\u00f6nnen Sie es als reinen Text einf\u00fcgen - beide Modi werden unterst\u00fctzt.<\/li>\n<\/ul>\n<h3>4. Keine Registrierung erforderlich<\/h3>\n<ul>\n<li>Chatten Sie sofort, ohne sich anzumelden.<\/li>\n<li>Die Registrierung ist optional, um einen Benutzernamen zu speichern oder ein Profil anzupassen.<\/li>\n<\/ul>\n<h3>5. Ger\u00e4te\u00fcbergreifende Kompatibilit\u00e4t<\/h3>\n<ul>\n<li>Funktioniert direkt in Ihrem Webbrowser - Desktop oder Handy.<\/li>\n<li>Keine Downloads oder Installationen erforderlich.<\/li>\n<\/ul>\n<h3>6. Globale Benutzerbasis<\/h3>\n<ul>\n<li>Nutzer aus der ganzen Welt, die verschiedene Sprachen sprechen.<\/li>\n<li>Ideal f\u00fcr kulturellen Austausch und Lernen.<\/li>\n<\/ul>\n<h3>7. 100% Freier Zugang<\/h3>\n<ul>\n<li>Keine versteckten Geb\u00fchren, Abonnements oder Paywalls.<\/li>\n<li>Alle Funktionen sind f\u00fcr alle Nutzer zug\u00e4nglich.<\/li>\n<\/ul>\n<h3>8. Einfache Schnittstelle<\/h3>\n<ul>\n<li>Sauberes, leicht zu navigierendes Layout.<\/li>\n<li>Konzentration auf das Gespr\u00e4ch - keine endlosen Men\u00fcs oder Ablenkungen.<\/li>\n<\/ul>\n<h2>So verwenden Sie Chat4Free<\/h2>\n<p>Einer der gr\u00f6\u00dften Vorteile des Chat4Free ist seine Einfachheit. Sie k\u00f6nnen innerhalb von Sekunden mit dem Chatten beginnen.<\/p>\n<h3>Schritt 1: Besuchen Sie die Chat4Free-Website<\/h3>\n<p>\u00d6ffnen Sie Chat4Free in Ihrem Browser - es funktioniert auf jedem modernen Ger\u00e4t.<\/p>\n<h3>Schritt 2: W\u00e4hlen Sie Ihren Chat-Typ<\/h3>\n<ul>\n<li>Einem \u00f6ffentlichen Raum beitreten: W\u00e4hlen Sie einen thematischen Chatraum aus der Liste aus.<\/li>\n<li>Privater Chat: Beginnen Sie ein pers\u00f6nliches Gespr\u00e4ch mit einem beliebigen Nutzer.<\/li>\n<li>Video-Chat: Schalten Sie Ihre Kamera ein, um von Angesicht zu Angesicht zu kommunizieren.<\/li>\n<\/ul>\n<h3>Schritt 3: Erstellen eines Benutzernamens (optional)<\/h3>\n<p>Sie k\u00f6nnen als Gast chatten oder sich registrieren, um ein Profil zu erstellen und Ihre Unterhaltungen zu speichern.<\/p>\n<h3>Schritt 4: Chatten beginnen<\/h3>\n<p>St\u00fcrzen Sie sich in Gespr\u00e4che, finden Sie neue Freunde und lernen Sie Menschen aus aller Welt kennen.<\/p>\n<p>Es ist ein bewusst reibungsloses Erlebnis - keine Anmeldungsbildschirme oder App-Installationen, sondern eine sofortige Verbindung.<\/p>\n<h2>Benutzererfahrung mit Chat4Free<\/h2>\n<p>Chat4Free f\u00e4ngt die besten Elemente der Chatrooms der alten Schule ein und ist gleichzeitig modern genug f\u00fcr die Benutzer von heute.<\/p>\n<h3>Was Benutzer m\u00f6gen<\/h3>\n<ul>\n<li>100% kostenlos - keine versteckten Kosten oder Upgrades.<\/li>\n<li>M\u00f6glichkeit, \u00f6ffentlich oder privat zu chatten.<\/li>\n<li>Funktioniert sofort und ohne Registrierung.<\/li>\n<li>Unterst\u00fctzt sowohl Text- als auch Webcam-Chats.<\/li>\n<li>Aktive, vielf\u00e4ltige Nutzerbasis aus mehreren L\u00e4ndern.<\/li>\n<\/ul>\n<h3>Wo die Nutzer Raum f\u00fcr Verbesserungen sehen<\/h3>\n<ul>\n<li>Die Schnittstelle ist im Vergleich zu neueren Anwendungen einfach.<\/li>\n<li>Gelegentlicher Spam oder inaktive R\u00e4ume.<\/li>\n<li>Begrenzte Filterm\u00f6glichkeiten f\u00fcr Nutzer.<\/li>\n<li>In kleineren R\u00e4umen fehlt eine gezielte Moderation.<\/li>\n<\/ul>\n<p>Trotz dieser kleinen Probleme ist Chat4Free aufgrund seiner Benutzerfreundlichkeit und seiner weltweiten Zug\u00e4nglichkeit eine der besten Plattformen f\u00fcr spontane Kontakte.<\/p>\n<h2>Chat4Free im Vergleich zu anderen Plattformen<\/h2>\n<p>Hier sehen Sie, wie Chat4Free im Vergleich zu anderen gro\u00dfen Chatsites abschneidet:<\/p>\n<table>\n<thead>\n<tr>\n<th>Merkmal<\/th>\n<th>Chat4Free<\/th>\n<th>Omegle<\/th>\n<th>Chatroulette<\/th>\n<th>ChatHour<\/th>\n<th>Emerald Chat<\/th>\n<th>Tinychat<\/th>\n<\/tr>\n<\/thead>\n<tbody>\n<tr>\n<td>\u00d6ffentliche Chatrooms<\/td>\n<td>\u2705 Ja<\/td>\n<td>\u274c Nein<\/td>\n<td>\u274c Nein<\/td>\n<td>\u2705 Ja<\/td>\n<td>\u274c Nein<\/td>\n<td>\u2705 Ja<\/td>\n<\/tr>\n<tr>\n<td>Privater Chat<\/td>\n<td>\u2705 Ja<\/td>\n<td>\u274c Nein<\/td>\n<td>\u274c Nein<\/td>\n<td>\u2705 Ja<\/td>\n<td>\u2705 Ja<\/td>\n<td>\u2705 Ja<\/td>\n<\/tr>\n<tr>\n<td>Webcam-Unterst\u00fctzung<\/td>\n<td>\u2705 Ja<\/td>\n<td>\u2705 Ja<\/td>\n<td>\u2705 Ja<\/td>\n<td>\u274c Nein<\/td>\n<td>\u2705 Ja<\/td>\n<td>\u2705 Ja<\/td>\n<\/tr>\n<tr>\n<td>Registrierung erforderlich<\/td>\n<td>\u274c Fakultativ<\/td>\n<td>\u274c Nein<\/td>\n<td>\u274c Nein<\/td>\n<td>\u2705 Ja<\/td>\n<td>\u2705 Ja<\/td>\n<td>\u2705 Ja<\/td>\n<\/tr>\n<tr>\n<td>Freier Zugang<\/td>\n<td>\u2705 Immer<\/td>\n<td>\u2705 Immer<\/td>\n<td>\u2705 Immer<\/td>\n<td>\u2705 Immer<\/td>\n<td>\u2705 Immer<\/td>\n<td>\u2705 Begrenzt<\/td>\n<\/tr>\n<tr>\n<td>Mobilfreundlich<\/td>\n<td>\u2705 Ja<\/td>\n<td>\u2705 Ja<\/td>\n<td>\u2705 Ja<\/td>\n<td>\u2705 Ja<\/td>\n<td>\u2705 Ja<\/td>\n<td>\u2705 Ja<\/td>\n<\/tr>\n<\/tbody>\n<\/table>\n<p>Zusammenfassung: Chat4Free liegt bequem zwischen der Zuf\u00e4lligkeit von Omegle und der Struktur von ChatHour und bietet sowohl spontane Videochats als auch eine Gemeinschaft im Chatroom-Stil - alles ohne Geb\u00fchren oder Einschr\u00e4nkungen.<\/p>\n<h2>Ist Chat4Free sicher?<\/h2>\n<p>Chat4Free f\u00f6rdert eine sichere Chatumgebung, aber wie bei jeder offenen Plattform h\u00e4ngt die Sicherheit vom Verhalten der Benutzer ab.<\/p>\n<h3>Eingebaute Sicherheitsmerkmale<\/h3>\n<ul>\n<li>Anonymes Chatten - Sie m\u00fcssen Ihre wahre Identit\u00e4t nicht preisgeben.<\/li>\n<li>Die M\u00f6glichkeit, Chats jederzeit zu \u00fcberspringen oder zu verlassen.<\/li>\n<li>Raummoderation in beliebten Chatr\u00e4umen.<\/li>\n<\/ul>\n<h3>Sicherheitstipps f\u00fcr Benutzer<\/h3>\n<ul>\n<li>Vermeiden Sie es, pers\u00f6nliche Informationen wie Ihren vollst\u00e4ndigen Namen, Ihre Telefonnummer oder Ihren Standort preiszugeben.<\/li>\n<li>Bleiben Sie bei Gespr\u00e4chen respektvoll und locker.<\/li>\n<li>Melde oder verlasse jeden Chat, der dir unangenehm ist.<\/li>\n<li>Eltern sollten Minderj\u00e4hrige bei der Nutzung der Plattform beaufsichtigen.<\/li>\n<li>Verwenden Sie ein VPN f\u00fcr zus\u00e4tzlichen Datenschutz, falls gew\u00fcnscht.<\/li>\n<\/ul>\n<p>Bei verantwortungsbewusster Nutzung ist Chat4Free so sicher wie jeder moderne Chat-Dienst - und seine anonyme Einrichtung verringert das Risiko im Vergleich zu sozialen Netzwerken.<\/p>\n<h2>Tipps f\u00fcr die optimale Nutzung von Chat4Free<\/h2>\n<ul>\n<li>Entdecken Sie verschiedene Chatr\u00e4ume - von lokal bis global, jeder bietet ein einzigartiges Publikum.<\/li>\n<li>Beginnen Sie freundlich und offen - positive Energie f\u00fchrt zu besseren Gespr\u00e4chen.<\/li>\n<li>Nehmen Sie w\u00e4hrend der aktiven Zeiten (abends und am Wochenende) teil, um mehr Nutzer zu erreichen.<\/li>\n<li>Verwenden Sie bei Verwendung des Webcam-Modus ein Headset oder Ohrh\u00f6rer f\u00fcr einen klareren Klang.<\/li>\n<li>\u00dcberspringen Sie einfach - wenn jemand nicht zu Ihnen passt, gehen Sie einfach weiter.<\/li>\n<li>Setzen Sie auf Ihrem Handy ein Lesezeichen f\u00fcr die Website, um sp\u00e4ter schnell darauf zugreifen zu k\u00f6nnen.<\/li>\n<\/ul>\n<p>Diese Gewohnheiten werden Ihr Gesamterlebnis verbessern und Ihnen helfen, echte, angenehme Interaktionen zu finden.<\/p>\n<h2>H\u00e4ufige Probleme und Korrekturen<\/h2>\n<h3>Problem: Sie k\u00f6nnen die andere Person nicht sehen oder h\u00f6ren<\/h3>\n<ul>\n<li>\u00dcberpr\u00fcfen Sie die Kamera- und Mikrofonberechtigungen in Ihrem Browser.<\/li>\n<li>Starten Sie die Seite neu oder verwenden Sie einen anderen Browser.<\/li>\n<\/ul>\n<h3>Problem: Langsames Laden oder Verz\u00f6gerung<\/h3>\n<ul>\n<li>Verwenden Sie eine stabile Wi-Fi-Verbindung.<\/li>\n<li>Schlie\u00dfen Sie Hintergrundanwendungen, die Bandbreite verbrauchen.<\/li>\n<\/ul>\n<h3>Problem: Wenige Nutzer online<\/h3>\n<ul>\n<li>Versuchen Sie es zu den Hauptverkehrszeiten (abends in Ihrer Region).<\/li>\n<li>Wechseln Sie zwischen den Chatr\u00e4umen, um mehr Aktivit\u00e4ten zu finden.<\/li>\n<\/ul>\n<h3>Problem: Unangemessenes Verhalten<\/h3>\n<ul>\n<li>Sofort \u00fcberspringen.<\/li>\n<li>Melden oder sperren, wenn Moderationswerkzeuge verf\u00fcgbar sind.<\/li>\n<\/ul>\n<h2>Warum man sich f\u00fcr Chat4Free entscheidet<\/h2>\n<p>Chat4Free sticht aus einem einfachen Grund hervor - es ist tats\u00e4chlich kostenlos. In einer Internetkultur voller Freemium-Apps und Dienste mit begrenztem Zugang bleibt Chat4Free seinem Namen treu.<\/p>\n<p>Die Leute lieben es f\u00fcr:<\/p>\n<ul>\n<li>Kostenloses, unbegrenztes Chatten.<\/li>\n<li>Sofortiger Zugang ohne Anmeldung.<\/li>\n<li>Kombination von Chatr\u00e4umen und Videochat.<\/li>\n<li>Globale, multikulturelle Gemeinschaft.<\/li>\n<li>Freundliche, entspannte Atmosph\u00e4re.<\/li>\n<\/ul>\n<p>Es ist ein gro\u00dfartiger Ort, um organisch Leute kennenzulernen, ohne den Druck von Dating-Apps oder das Chaos der sozialen Medien.<\/p>\n<h2>Abschlie\u00dfende \u00dcberlegungen: Lohnt sich der Einsatz des Chat4Free?<\/h2>\n<p>Wenn Sie auf der Suche nach einer unterhaltsamen, kostenlosen und einfachen M\u00f6glichkeit sind, sich online mit anderen Menschen zu unterhalten, ist Chat4Free Ihre Zeit absolut wert. Es macht den Prozess nicht kompliziert - Sie \u00f6ffnen es, klicken und beginnen zu chatten. Keine Zahlungen, keine Gimmicks, nur echte Unterhaltungen.<\/p>\n<p>Es ist perfekt f\u00fcr:<\/p>\n<ul>\n<li>Neue Menschen auf der ganzen Welt kennenlernen.<\/li>\n<li>Gelegentliche Text- oder Video-Chats.<\/li>\n<li>Beitritt zu interessenbezogenen Chatrooms.<\/li>\n<li>Entspannen und Kontakte kn\u00fcpfen in Ihrem eigenen Tempo.<\/li>\n<\/ul>\n<p>Auch wenn die Schnittstelle nicht so auff\u00e4llig ist wie bei neueren Plattformen, ist Chat4Free aufgrund seiner Einfachheit, der geringen Kosten und der starken Community eine zuverl\u00e4ssige Wahl f\u00fcr alle, die eine echte Online-Verbindung suchen.<\/p>\n<p>Kurz gesagt: Chat4Free ist eine klassische kostenlose Chat-Plattform, die die Nostalgie alter Chatrooms mit dem Komfort moderner Technologie verbindet. Es ist schnell, freundlich und v\u00f6llig offen - ein Raum, in dem die Konversation immer noch im Mittelpunkt der Online-Verbindung steht.<\/p>\n<p>Bereit zum Mitmachen? Besuchen Sie Chat4Free, w\u00e4hlen Sie einen Chatraum und beginnen Sie mit Menschen aus der ganzen Welt zu sprechen - sofort und kostenlos.<\/p>","protected":false},"excerpt":{"rendered":"<p>In a digital world overflowing with dating apps and curated social networks, sometimes all you want is a simple, free, and authentic chat experience \u2014 no sign-ups, no hidden costs, and no algorithms. That\u2019s exactly what Chat4Free delivers. As its name suggests, Chat4Free offers a completely free way to meet new people online, combining random [&hellip;]<\/p>\n","protected":false},"author":6,"featured_media":0,"parent":0,"menu_order":0,"comment_status":"closed","ping_status":"closed","template":"","meta":{"footnotes":""},"class_list":["post-12336","page","type-page","status-publish","hentry"],"yoast_head":"<!-- This site is optimized with the Yoast SEO plugin v27.4 - https:\/\/yoast.com\/product\/yoast-seo-wordpress\/ -->\n<title>Chat4Free - Free Anonymous Chat - TinyChat.com<\/title>\n<meta name=\"description\" content=\"Enjoying Chat4Free? Join over 50,000,000 strangers on TinyChat! Turn on your cam and start meeting new people, or find a match.\" \/>\n<meta name=\"robots\" content=\"index, follow, max-snippet:-1, max-image-preview:large, max-video-preview:-1\" \/>\n<link rel=\"canonical\" href=\"https:\/\/tinychat.com\/de\/chat4free\/\" \/>\n<meta property=\"og:locale\" content=\"de_DE\" \/>\n<meta property=\"og:type\" content=\"article\" \/>\n<meta property=\"og:title\" content=\"Chat4Free - Free Anonymous Chat - TinyChat.com\" \/>\n<meta property=\"og:description\" content=\"Enjoying Chat4Free? Join over 50,000,000 strangers on TinyChat! Turn on your cam and start meeting new people, or find a match.\" \/>\n<meta property=\"og:url\" content=\"https:\/\/tinychat.com\/de\/chat4free\/\" \/>\n<meta property=\"og:site_name\" content=\"TinyChat\" \/>\n<meta property=\"article:publisher\" content=\"https:\/\/www.facebook.com\/tinychat\" \/>\n<meta property=\"article:modified_time\" content=\"2025-10-21T11:19:40+00:00\" \/>\n<meta property=\"og:image\" content=\"https:\/\/tinychat.com\/wp-content\/uploads\/2020\/04\/Tinychat-logo-1280x284-new-black.png\" \/>\n\t<meta property=\"og:image:width\" content=\"1280\" \/>\n\t<meta property=\"og:image:height\" content=\"284\" \/>\n\t<meta property=\"og:image:type\" content=\"image\/png\" \/>\n<meta name=\"twitter:card\" content=\"summary_large_image\" \/>\n<meta name=\"twitter:site\" content=\"@tinychat\" \/>\n<meta name=\"twitter:label1\" content=\"Gesch\u00e4tzte Lesezeit\" \/>\n\t<meta name=\"twitter:data1\" content=\"6\u00a0Minuten\" \/>\n<script type=\"application\/ld+json\" class=\"yoast-schema-graph\">{\"@context\":\"https:\\\/\\\/schema.org\",\"@graph\":[{\"@type\":\"WebPage\",\"@id\":\"https:\\\/\\\/tinychat.com\\\/chat4free\\\/\",\"url\":\"https:\\\/\\\/tinychat.com\\\/chat4free\\\/\",\"name\":\"Chat4Free - Free Anonymous Chat - TinyChat.com\",\"isPartOf\":{\"@id\":\"https:\\\/\\\/tinychat.com\\\/#website\"},\"datePublished\":\"2025-10-21T09:33:15+00:00\",\"dateModified\":\"2025-10-21T11:19:40+00:00\",\"description\":\"Enjoying Chat4Free? Join over 50,000,000 strangers on TinyChat! Turn on your cam and start meeting new people, or find a match.\",\"breadcrumb\":{\"@id\":\"https:\\\/\\\/tinychat.com\\\/chat4free\\\/#breadcrumb\"},\"inLanguage\":\"de\",\"potentialAction\":[{\"@type\":\"ReadAction\",\"target\":[\"https:\\\/\\\/tinychat.com\\\/chat4free\\\/\"]}]},{\"@type\":\"BreadcrumbList\",\"@id\":\"https:\\\/\\\/tinychat.com\\\/chat4free\\\/#breadcrumb\",\"itemListElement\":[{\"@type\":\"ListItem\",\"position\":1,\"name\":\"Home\",\"item\":\"https:\\\/\\\/tinychat.com\\\/\"},{\"@type\":\"ListItem\",\"position\":2,\"name\":\"Chat4Free\"}]},{\"@type\":\"WebSite\",\"@id\":\"https:\\\/\\\/tinychat.com\\\/#website\",\"url\":\"https:\\\/\\\/tinychat.com\\\/\",\"name\":\"TinyChat\",\"description\":\"Random Video Chat with Strangers\",\"publisher\":{\"@id\":\"https:\\\/\\\/tinychat.com\\\/#organization\"},\"alternateName\":\"TinyChat.com\",\"potentialAction\":[{\"@type\":\"SearchAction\",\"target\":{\"@type\":\"EntryPoint\",\"urlTemplate\":\"https:\\\/\\\/tinychat.com\\\/?s={search_term_string}\"},\"query-input\":{\"@type\":\"PropertyValueSpecification\",\"valueRequired\":true,\"valueName\":\"search_term_string\"}}],\"inLanguage\":\"de\"},{\"@type\":\"Organization\",\"@id\":\"https:\\\/\\\/tinychat.com\\\/#organization\",\"name\":\"TinyChat\",\"alternateName\":\"TinyChat.com\",\"url\":\"https:\\\/\\\/tinychat.com\\\/\",\"logo\":{\"@type\":\"ImageObject\",\"inLanguage\":\"de\",\"@id\":\"https:\\\/\\\/tinychat.com\\\/#\\\/schema\\\/logo\\\/image\\\/\",\"url\":\"https:\\\/\\\/tinychat.com\\\/wp-content\\\/uploads\\\/2023\\\/11\\\/Tinychat-icon-square.png\",\"contentUrl\":\"https:\\\/\\\/tinychat.com\\\/wp-content\\\/uploads\\\/2023\\\/11\\\/Tinychat-icon-square.png\",\"width\":284,\"height\":284,\"caption\":\"TinyChat\"},\"image\":{\"@id\":\"https:\\\/\\\/tinychat.com\\\/#\\\/schema\\\/logo\\\/image\\\/\"},\"sameAs\":[\"https:\\\/\\\/www.facebook.com\\\/tinychat\",\"https:\\\/\\\/x.com\\\/tinychat\"]}]}<\/script>\n<!-- \/ Yoast SEO plugin. -->","yoast_head_json":{"title":"Chat4Free - Kostenloser anonymer Chat - TinyChat.com","description":"Gef\u00e4llt Ihnen Chat4Free? Schlie\u00dfen Sie sich \u00fcber 50.000.000 Fremden auf TinyChat an! Schalte deine Kamera ein und fange an, neue Leute zu treffen, oder finde einen Partner.","robots":{"index":"index","follow":"follow","max-snippet":"max-snippet:-1","max-image-preview":"max-image-preview:large","max-video-preview":"max-video-preview:-1"},"canonical":"https:\/\/tinychat.com\/de\/chat4free\/","og_locale":"de_DE","og_type":"article","og_title":"Chat4Free - Free Anonymous Chat - TinyChat.com","og_description":"Enjoying Chat4Free? Join over 50,000,000 strangers on TinyChat! Turn on your cam and start meeting new people, or find a match.","og_url":"https:\/\/tinychat.com\/de\/chat4free\/","og_site_name":"TinyChat","article_publisher":"https:\/\/www.facebook.com\/tinychat","article_modified_time":"2025-10-21T11:19:40+00:00","og_image":[{"width":1280,"height":284,"url":"https:\/\/tinychat.com\/wp-content\/uploads\/2020\/04\/Tinychat-logo-1280x284-new-black.png","type":"image\/png"}],"twitter_card":"summary_large_image","twitter_site":"@tinychat","twitter_misc":{"Gesch\u00e4tzte Lesezeit":"6\u00a0Minuten"},"schema":{"@context":"https:\/\/schema.org","@graph":[{"@type":"WebPage","@id":"https:\/\/tinychat.com\/chat4free\/","url":"https:\/\/tinychat.com\/chat4free\/","name":"Chat4Free - Kostenloser anonymer Chat - TinyChat.com","isPartOf":{"@id":"https:\/\/tinychat.com\/#website"},"datePublished":"2025-10-21T09:33:15+00:00","dateModified":"2025-10-21T11:19:40+00:00","description":"Gef\u00e4llt Ihnen Chat4Free? Schlie\u00dfen Sie sich \u00fcber 50.000.000 Fremden auf TinyChat an! Schalte deine Kamera ein und fange an, neue Leute zu treffen, oder finde einen Partner.","breadcrumb":{"@id":"https:\/\/tinychat.com\/chat4free\/#breadcrumb"},"inLanguage":"de","potentialAction":[{"@type":"ReadAction","target":["https:\/\/tinychat.com\/chat4free\/"]}]},{"@type":"BreadcrumbList","@id":"https:\/\/tinychat.com\/chat4free\/#breadcrumb","itemListElement":[{"@type":"ListItem","position":1,"name":"Home","item":"https:\/\/tinychat.com\/"},{"@type":"ListItem","position":2,"name":"Chat4Free"}]},{"@type":"WebSite","@id":"https:\/\/tinychat.com\/#website","url":"https:\/\/tinychat.com\/","name":"TinyChat","description":"Zuf\u00e4lliger Video-Chat mit Fremden","publisher":{"@id":"https:\/\/tinychat.com\/#organization"},"alternateName":"TinyChat.com","potentialAction":[{"@type":"SearchAction","target":{"@type":"EntryPoint","urlTemplate":"https:\/\/tinychat.com\/?s={search_term_string}"},"query-input":{"@type":"PropertyValueSpecification","valueRequired":true,"valueName":"search_term_string"}}],"inLanguage":"de"},{"@type":"Organization","@id":"https:\/\/tinychat.com\/#organization","name":"TinyChat","alternateName":"TinyChat.com","url":"https:\/\/tinychat.com\/","logo":{"@type":"ImageObject","inLanguage":"de","@id":"https:\/\/tinychat.com\/#\/schema\/logo\/image\/","url":"https:\/\/tinychat.com\/wp-content\/uploads\/2023\/11\/Tinychat-icon-square.png","contentUrl":"https:\/\/tinychat.com\/wp-content\/uploads\/2023\/11\/Tinychat-icon-square.png","width":284,"height":284,"caption":"TinyChat"},"image":{"@id":"https:\/\/tinychat.com\/#\/schema\/logo\/image\/"},"sameAs":["https:\/\/www.facebook.com\/tinychat","https:\/\/x.com\/tinychat"]}]}},"_links":{"self":[{"href":"https:\/\/tinychat.com\/de\/wp-json\/wp\/v2\/pages\/12336","targetHints":{"allow":["GET"]}}],"collection":[{"href":"https:\/\/tinychat.com\/de\/wp-json\/wp\/v2\/pages"}],"about":[{"href":"https:\/\/tinychat.com\/de\/wp-json\/wp\/v2\/types\/page"}],"author":[{"embeddable":true,"href":"https:\/\/tinychat.com\/de\/wp-json\/wp\/v2\/users\/6"}],"replies":[{"embeddable":true,"href":"https:\/\/tinychat.com\/de\/wp-json\/wp\/v2\/comments?post=12336"}],"version-history":[{"count":3,"href":"https:\/\/tinychat.com\/de\/wp-json\/wp\/v2\/pages\/12336\/revisions"}],"predecessor-version":[{"id":13561,"href":"https:\/\/tinychat.com\/de\/wp-json\/wp\/v2\/pages\/12336\/revisions\/13561"}],"wp:attachment":[{"href":"https:\/\/tinychat.com\/de\/wp-json\/wp\/v2\/media?parent=12336"}],"curies":[{"name":"wp","href":"https:\/\/api.w.org\/{rel}","templated":true}]}}