{"id":12345,"date":"2025-07-26T15:54:37","date_gmt":"2025-07-26T13:54:37","guid":{"rendered":"https:\/\/tinychat.com\/?page_id=12345"},"modified":"2025-07-26T17:48:48","modified_gmt":"2025-07-26T15:48:48","slug":"chatroom2000","status":"publish","type":"page","link":"https:\/\/tinychat.com\/de\/chatroom2000\/","title":{"rendered":"Chatroom2000"},"content":{"rendered":"<p>Im Zeitalter von Swiping, Algorithmen und auff\u00e4lligen Apps w\u00fcnscht man sich manchmal einfach nur ein echtes Gespr\u00e4ch - eine einfache, direkte M\u00f6glichkeit, Leute zu treffen, zu chatten, zu flirten oder neue Freunde in einer sicheren und lebendigen Online-Umgebung zu finden. Seit Jahrzehnten ist Chatroom2000 dieser Ort: eine zeitlose, webbasierte Chat-Plattform, die das Beste klassischer Chat-R\u00e4ume mit modernen Funktionen und einem starken Gemeinschaftsgeist verbindet.<\/p>\n<p>Egal, ob Sie hier Freunde finden, einer Diskussionsgruppe beitreten, nach einer Romanze suchen, eine neue Sprache \u00fcben oder sich einfach nur die Zeit mit interessanten Leuten vertreiben m\u00f6chten, Chatroom2000 bietet einen einladenden, benutzerfreundlichen Raum, in dem jeder an der Konversation teilnehmen kann - keine Registrierung oder Downloads erforderlich.<\/p>\n<p>In diesem ausf\u00fchrlichen Leitfaden erfahren Sie alles, was Sie \u00fcber Chatroom2000 wissen m\u00fcssen: Funktionsweise, einzigartige Funktionen, Benutzerfreundlichkeit, Datenschutz und Sicherheit, Vergleiche mit anderen Chatroom-Plattformen, Fehlerbehebung und Expertentipps, um das Beste aus jeder Sitzung herauszuholen.<\/p>\n<h2>Was ist Chatroom2000?<\/h2>\n<p>Chatroom2000 ist eine kostenlose, browserbasierte Chat-Plattform, mit der Benutzer \u00f6ffentlichen oder privaten Chat-R\u00e4umen f\u00fcr Gruppen- oder Einzelgespr\u00e4che beitreten k\u00f6nnen. Verwurzelt in der klassischen Web-Chat-Tradition, aber st\u00e4ndig aktualisiert f\u00fcr die heutigen Benutzer, ist Chatroom2000 bekannt f\u00fcr seine Einfachheit, Zug\u00e4nglichkeit und freundliche Atmosph\u00e4re.<\/p>\n<p>Im Gegensatz zu sozialen Medien oder Dating-Apps geht es bei Chatroom2000 um Echtzeitkommunikation, nicht um Profile oder Algorithmen. Es gibt keine App, die man herunterladen muss, und keine obligatorische Registrierung - man w\u00e4hlt einfach einen Spitznamen und tritt einem Raum bei. Die Plattform ist vor allem im deutschsprachigen Raum beliebt, aber sie begr\u00fc\u00dft Nutzer aus der ganzen Welt.<\/p>\n<p>Chatroom2000 ist ideal f\u00fcr:<\/p>\n<ul>\n<li>Zwanglose Unterhaltung und neue Freunde treffen<\/li>\n<li>Flirten und Online-Dating<\/li>\n<li>Unterst\u00fctzung, Beratung und Community-Chat<\/li>\n<li>Sprachaustausch und kulturelle Entdeckung<\/li>\n<li>Klassische Gruppenchat-Nostalgie<\/li>\n<\/ul>\n<h2>Hauptmerkmale von Chatroom2000<\/h2>\n<p>Was macht Chatroom2000 zu einem herausragenden Anbieter in der Welt der Online-Chatr\u00e4ume? Hier finden Sie eine Aufschl\u00fcsselung der wichtigsten Funktionen und was sie von der Masse abhebt:<\/p>\n<h3>1. Sofortiger Zugang, keine Registrierung erforderlich<\/h3>\n<p>In Sekundenschnelle einem Chat-Raum beitreten - Sie m\u00fcssen weder ein Konto erstellen noch eine App herunterladen. W\u00e4hlen Sie einfach einen Nickname und schon k\u00f6nnen Sie chatten.<\/p>\n<h3>2. Gro\u00dfe Auswahl an Chatr\u00e4umen<\/h3>\n<p>W\u00e4hlen Sie aus Dutzenden von Themen-Chatr\u00e4umen:<\/p>\n<ul>\n<li>Allgemeiner Chat: F\u00fcr zwanglose Gespr\u00e4che mit jedermann.<\/li>\n<li>Flirt-Raum: F\u00fcr Singles und alle, die auf der Suche nach Romantik sind.<\/li>\n<li>L\u00e4nder-\/Sprachr\u00e4ume: Verbinden Sie sich mit Nutzern aus Deutschland, \u00d6sterreich, der Schweiz und dar\u00fcber hinaus - oder \u00fcben Sie Ihr Deutsch in einer freundlichen Umgebung.<\/li>\n<li>R\u00e4ume f\u00fcr besondere Interessen: Musik, Spiele, Sport, Ratschl\u00e4ge und mehr.<\/li>\n<\/ul>\n<h3>3. Private Nachrichten und Fl\u00fcstern<\/h3>\n<p>Starten Sie einen privaten Einzelchat mit jeder Person in einem Raum. Verwenden Sie die Funktion \"Fl\u00fcstern\", um diskrete Nachrichten zu senden, ohne die Gruppenkonversation zu verlassen.<\/p>\n<h3>4. Benutzerprofile und Anpassungen<\/h3>\n<p>Erstellen Sie ein einfaches Profil mit einem Spitznamen, einem Avatar und einer Statusmeldung. Profile sind optional, so dass die Erfahrung leicht und anonym f\u00fcr diejenigen, die Privatsph\u00e4re bevorzugen.<\/p>\n<h3>5. Emoticons, GIFs und gemeinsame Nutzung von Medien<\/h3>\n<p>Dr\u00fccken Sie sich mit einer breiten Palette von Emoticons, GIFs und sicheren Medien aus (Bilder werden aus Sicherheitsgr\u00fcnden moderiert).<\/p>\n<h3>6. Moderation und sicheres Umfeld<\/h3>\n<p>Chatroom2000 ist bekannt f\u00fcr seine aktive Moderation:<\/p>\n<ul>\n<li>Menschliche Moderatoren behalten die R\u00e4ume im Auge und reagieren auf Benutzerberichte.<\/li>\n<li>Spam, Bots und unangemessene Inhalte werden schnell beseitigt, um einen freundlichen Raum zu erhalten.<\/li>\n<li>Die Nutzer k\u00f6nnen jeden, der sie st\u00f6rt, blockieren oder melden.<\/li>\n<\/ul>\n<h3>7. Mobilfreundlich, browserbasiert<\/h3>\n<p>Chatroom2000 funktioniert perfekt auf Smartphones, Tablets und Desktops, mit einem responsiven Design, das sich an jede Bildschirmgr\u00f6\u00dfe anpasst.<\/p>\n<h3>8. Optionale Registrierung f\u00fcr Extras<\/h3>\n<p>F\u00fcr den Chat ist zwar keine Registrierung erforderlich, aber die Anmeldung schaltet Funktionen wie diese frei:<\/p>\n<ul>\n<li>Freundeslisten<\/li>\n<li>Verlauf privater Nachrichten<\/li>\n<li>Gespeicherte Profile und Nicknames<\/li>\n<li>Individuelle Raumgestaltung<\/li>\n<\/ul>\n<h2>Wie man Chatroom2000 benutzt<\/h2>\n<p>Die ersten Schritte mit Chatroom2000 sind schnell und einfach:<\/p>\n<h3>Schritt 1: Besuchen Sie die Chatroom2000-Website<\/h3>\n<p>Rufen Sie chatroom2000.de (oder Ihre regionale Version) in einem beliebigen Webbrowser auf.<\/p>\n<h3>Schritt 2: W\u00e4hlen Sie Ihren Chat-Raum<\/h3>\n<p>Durchsuchen Sie die Liste der \u00f6ffentlichen Chatr\u00e4ume oder w\u00e4hlen Sie einen nach Ihren Interessen aus - Flirt, Freundschaft, Sprache, Musik usw.<\/p>\n<h3>Schritt 3: W\u00e4hlen Sie einen Spitznamen<\/h3>\n<p>Geben Sie einen Spitznamen ein (f\u00fcr die meisten Funktionen sind keine echten Namen oder eine Registrierung erforderlich).<\/p>\n<h3>Schritt 4: Beteiligen Sie sich an der Konversation<\/h3>\n<p>Chatten Sie im \u00f6ffentlichen Raum oder nutzen Sie die Funktion f\u00fcr private Nachrichten, um eine pers\u00f6nliche Verbindung herzustellen.<\/p>\n<h3>Schritt 5: Passen Sie Ihr Erlebnis an<\/h3>\n<p>F\u00fcgen Sie einen Avatar hinzu, legen Sie einen Status fest, oder registrieren Sie ein Konto f\u00fcr weitere Funktionen.<\/p>\n<h3>Schritt 6: Private Nachrichten und Fl\u00fcstern<\/h3>\n<p>Um privat zu chatten, klicken Sie auf den Namen eines Benutzers und w\u00e4hlen Sie \"Fl\u00fcstern\" oder \"Privater Chat\".<\/p>\n<h3>Schritt 7: Verwenden Sie Emoticons und GIFs<\/h3>\n<p>Mit einer gro\u00dfen Auswahl an Emoticons, Stickern und GIFs bleiben Sie lebendig und ausdrucksstark.<\/p>\n<h3>Schritt 8: Melden oder Sperren nach Bedarf<\/h3>\n<p>Wenn Sie auf Trolle oder unangemessene Inhalte sto\u00dfen, verwenden Sie die Schaltfl\u00e4chen zum Melden oder Blockieren - die Moderatoren reagieren schnell.<\/p>\n<h2>Benutzererfahrung auf Chatroom2000<\/h2>\n<p>Bei Chatroom2000 dreht sich alles um Konversation, Gemeinschaft und Einfachheit - mit einem starken Fokus darauf, dass sich jeder willkommen und einbezogen f\u00fchlt.<\/p>\n<h3>Was Benutzer lieben<\/h3>\n<ul>\n<li>Keine Registrierung oder Download erforderlich: Steigen Sie sofort ein, bleiben Sie anonym.<\/li>\n<li>Riesige Auswahl an R\u00e4umen: F\u00fcr jeden etwas, zu jeder Tageszeit.<\/li>\n<li>Aktive, freundliche Gemeinschaft: Besonders einladend f\u00fcr neue Nutzer.<\/li>\n<li>Private Chat-Optionen: Eins-zu-eins-Gespr\u00e4che sind einfach und diskret.<\/li>\n<li>Emoticons, GIFs und einfache Profilfunktionen: So macht Chatten Spa\u00df und ist ausdrucksstark.<\/li>\n<li>Handy- und Desktop-freundlich: Chatten Sie von \u00fcberall aus.<\/li>\n<\/ul>\n<h3>Wo die Nutzer Raum f\u00fcr Verbesserungen sehen<\/h3>\n<ul>\n<li>Kein Video- oder Audio-Chat (nur textbasiert).<\/li>\n<li>Einige Zimmer k\u00f6nnen zu Sto\u00dfzeiten \u00fcberf\u00fcllt sein.<\/li>\n<li>Gelegentlicher Spam oder Trolle (die von der Moderation schnell unter Kontrolle gebracht werden).<\/li>\n<li>Einige Funktionen (wie gespeicherte Freunde) erfordern eine kostenlose Registrierung.<\/li>\n<\/ul>\n<h3>Echtes Benutzer-Feedback<\/h3>\n<blockquote><p>\"Der einfachste Weg, neue Freunde zu finden oder einfach nur einen lockeren Chat nach der Arbeit zu f\u00fchren. Keine Anmeldung, kein Aufwand.\"<br \/>\n- <em>Marie H., Trustpilot<\/em><\/p><\/blockquote>\n<blockquote><p>\"Ich liebe den Flirt-Raum. Habe hier vor zwei Jahren meine Freundin kennengelernt. Es l\u00e4uft immer noch gut!\"<br \/>\n- <em>Stefan W., Google Play<\/em><\/p><\/blockquote>\n<blockquote><p>\"Gro\u00dfartig, um Deutsch zu \u00fcben und Menschen aus ganz Europa zu treffen.\"<br \/>\n- <em>Ricardo P., App Store<\/em><\/p><\/blockquote>\n<h2>Chatroom2000 im Vergleich zu anderen Chatroom-Plattformen<\/h2>\n<p>Wie schneidet Chatroom2000 im Vergleich zu anderen f\u00fchrenden Chatseiten ab?<\/p>\n<table>\n<thead>\n<tr>\n<th>Merkmal<\/th>\n<th>Chatroom2000<\/th>\n<th>Yesichat<\/th>\n<th>Chatzy<\/th>\n<th>Chat Avenue<\/th>\n<th>Diskord<\/th>\n<th>WhatsApp<\/th>\n<\/tr>\n<\/thead>\n<tbody>\n<tr>\n<td>Keine Anmeldung erforderlich<\/td>\n<td>\u2705 Ja<\/td>\n<td>\u2705 Ja<\/td>\n<td>\u2705 Ja<\/td>\n<td>\u2705 Ja<\/td>\n<td>\u274c Nein<\/td>\n<td>\u274c Nein<\/td>\n<\/tr>\n<tr>\n<td>Gruppen-Chatr\u00e4ume<\/td>\n<td>\u2705 Ja<\/td>\n<td>\u2705 Ja<\/td>\n<td>\u2705 Ja<\/td>\n<td>\u2705 Ja<\/td>\n<td>\u2705 Ja<\/td>\n<td>\u2705 Ja<\/td>\n<\/tr>\n<tr>\n<td>Private Nachrichten\u00fcbermittlung<\/td>\n<td>\u2705 Ja<\/td>\n<td>\u2705 Ja<\/td>\n<td>\u2705 Ja<\/td>\n<td>\u2705 Ja<\/td>\n<td>\u2705 Ja<\/td>\n<td>\u2705 Ja<\/td>\n<\/tr>\n<tr>\n<td>Video-\/Audio-Chat<\/td>\n<td>\u274c Nein<\/td>\n<td>\u2705 Ja<\/td>\n<td>\u274c Nein<\/td>\n<td>\u2705 Ja<\/td>\n<td>\u2705 Ja<\/td>\n<td>\u2705 Ja<\/td>\n<\/tr>\n<tr>\n<td>Anonyme Nutzung<\/td>\n<td>\u2705 Ja<\/td>\n<td>\u2705 Ja<\/td>\n<td>\u2705 Ja<\/td>\n<td>\u2705 Ja<\/td>\n<td>\u26a0\ufe0f Begrenzt<\/td>\n<td>\u26a0\ufe0f Begrenzt<\/td>\n<\/tr>\n<tr>\n<td>Medien-\/Emoticonfreigabe<\/td>\n<td>\u2705 Ja<\/td>\n<td>\u2705 Ja<\/td>\n<td>\u2705 Ja<\/td>\n<td>\u2705 Ja<\/td>\n<td>\u2705 Ja<\/td>\n<td>\u2705 Ja<\/td>\n<\/tr>\n<tr>\n<td>Mobiloptimiert<\/td>\n<td>\u2705 Ja<\/td>\n<td>\u2705 Ja<\/td>\n<td>\u2705 Ja<\/td>\n<td>\u2705 Ja<\/td>\n<td>\u2705 Ja<\/td>\n<td>\u2705 Ja<\/td>\n<\/tr>\n<tr>\n<td>Moderation\/Sicherheit<\/td>\n<td>\u2705 Stark<\/td>\n<td>\u2705 Stark<\/td>\n<td>\u2705 Stark<\/td>\n<td>\u2705 M\u00e4\u00dfig<\/td>\n<td>\u2705 Stark<\/td>\n<td>\u2705 Stark<\/td>\n<\/tr>\n<\/tbody>\n<\/table>\n<p>Zusammenfassung: Chatroom2000 zeichnet sich durch seine Mischung aus klassischer Chat-Einfachheit, Gruppenraum-Vielfalt, starkem Datenschutz und schnellem Zugang aus und ist damit sowohl f\u00fcr Neueinsteiger als auch f\u00fcr Chat-Fans der alten Schule ideal.<\/p>\n<h2>Ist Chatroom2000 sicher?<\/h2>\n<p>Chatroom2000 ist bekannt f\u00fcr Sicherheit und Respekt:<\/p>\n<ul>\n<li>Aktive menschliche Moderatoren: In den meisten R\u00e4umen anwesend, um die Dinge freundlich zu halten.<\/li>\n<li>Benutzerkontrollen: Blockieren oder melden Sie St\u00f6renfriede sofort.<\/li>\n<li>Keine pers\u00f6nlichen Daten erforderlich: Bleiben Sie so anonym wie Sie wollen - Sie brauchen nur einen Spitznamen.<\/li>\n<li>Private Chats sind privat: Nur die Personen, die Sie einladen, k\u00f6nnen an Ihren pers\u00f6nlichen Chats teilnehmen.<\/li>\n<li>Sicheres Teilen von Medien: Alle Bilder werden moderiert, um unangemessene Inhalte zu verhindern.<\/li>\n<\/ul>\n<h3>Sicherheitstipps<\/h3>\n<ul>\n<li>Geben Sie niemals Ihren echten Namen, Ihre Adresse oder finanzielle Informationen in einem Chat preis.<\/li>\n<li>Nutzen Sie den privaten Chat f\u00fcr heikle Gespr\u00e4che, aber seien Sie vorsichtig.<\/li>\n<li>Melden Sie alle Bel\u00e4stigungen, Spam oder verd\u00e4chtigen Benutzer.<\/li>\n<li>Bleiben Sie in R\u00e4umen mit aktiver Moderation, um eine m\u00f6glichst sichere Erfahrung zu machen.<\/li>\n<li>Registrieren Sie ein Konto, wenn Sie Freunde speichern oder Ihren Spitznamen sch\u00fctzen m\u00f6chten.<\/li>\n<\/ul>\n<h2>Tipps, wie Sie das Beste aus Chatroom2000 herausholen<\/h2>\n<ul>\n<li>Probieren Sie verschiedene R\u00e4ume aus: Entdecken Sie die Vielfalt - jeder Raum hat seine eigene Atmosph\u00e4re und Gemeinschaft.<\/li>\n<li>Seien Sie freundlich und respektvoll: Gute Umgangsformen sind in Online-Communities von gro\u00dfer Bedeutung.<\/li>\n<li>Fl\u00fcster-\/Privat-Chat verwenden: Ideal f\u00fcr aussagekr\u00e4ftige Gespr\u00e4che unter vier Augen.<\/li>\n<li>Dr\u00fccken Sie sich aus: Verwenden Sie Emoticons, GIFs und Statusmeldungen.<\/li>\n<li>Blockieren\/Berichten Sie nach Bedarf: Helfen Sie mit, die Gemeinde sauber und einladend zu halten.<\/li>\n<li>Chatten Sie auch unterwegs: Die mobile Website ist genauso stabil wie die Desktop-Version.<\/li>\n<li>Registrieren Sie sich f\u00fcr Extras: Wenn Ihnen die Plattform gef\u00e4llt, schalten Sie mit Ihrer Anmeldung weitere Funktionen frei.<\/li>\n<\/ul>\n<h2>Fehlersuche bei h\u00e4ufigen Chatroom2000-Problemen<\/h2>\n<h3>Kann einem Raum nicht beitreten<\/h3>\n<p>\u00dcberpr\u00fcfen Sie Ihren Spitznamen (vermeiden Sie unpassende Namen), aktualisieren Sie die Seite oder versuchen Sie einen anderen Raum, wenn ein bestimmter Raum voll oder eingeschr\u00e4nkt ist.<\/p>\n<h3>Private Nachrichten funktionieren nicht<\/h3>\n<p>Vergewissern Sie sich, dass beide Benutzer online sind und sich im selben Raum befinden. F\u00fcr einige private Chat-Funktionen ist m\u00f6glicherweise ein kostenloses Konto erforderlich.<\/p>\n<h3>Begegnungen mit Trollen oder Spam<\/h3>\n<p>Verwenden Sie die Blockier- oder Meldefunktion. Die Moderatoren reagieren schnell, besonders in stark frequentierten R\u00e4umen.<\/p>\n<h3>Profil oder Freundesliste verloren<\/h3>\n<p>Registrieren Sie ein Konto und melden Sie sich an, um Ihre Freunde, Ihren Spitznamen und Ihren Chatverlauf zu speichern.<\/p>\n<h3>Langsame Verbindung oder Verz\u00f6gerung<\/h3>\n<p>Verwenden Sie eine starke Wi-Fi-Verbindung, schlie\u00dfen Sie Anwendungen\/Tabs im Hintergrund, und stellen Sie sicher, dass Ihr Browser auf dem neuesten Stand ist.<\/p>\n<p>Auf jeden Fall - vor allem f\u00fcr alle, die die klassische Chatroom-Atmosph\u00e4re, sofortige Gruppengespr\u00e4che und einfache, anonyme Online-Freundschaften sch\u00e4tzen. Chatroom2000 kombiniert alles, was den fr\u00fchen Online-Chat so besonders gemacht hat, mit den heutigen Standards f\u00fcr Sicherheit, Moderation und mobilen Zugang.<\/p>\n<p>Ob Sie flirten, eine Sprache lernen, Freundschaften schlie\u00dfen oder sich einfach nur die Zeit vertreiben wollen, Chatroom2000 ist Ihre digitale Lounge - immer offen, immer freundlich und immer kostenlos.<\/p>\n<p>Bereit zum Chatten? Besuchen Sie chatroom2000.de, w\u00e4hlen Sie Ihren Nickname und Ihren Raum und starten Sie Ihre n\u00e4chste tolle Unterhaltung in Sekunden.<\/p>","protected":false},"excerpt":{"rendered":"<p>In an age of swiping, algorithms, and flashy apps, sometimes you just want a real conversation\u2014a simple, direct way to meet people, chat, flirt, or make new friends in a safe and lively online environment. For decades, Chatroom2000 has been that place: a timeless, web-based chat platform that combines the best of classic chat rooms [&hellip;]<\/p>\n","protected":false},"author":6,"featured_media":0,"parent":0,"menu_order":0,"comment_status":"closed","ping_status":"closed","template":"","meta":{"footnotes":""},"class_list":["post-12345","page","type-page","status-publish","hentry"],"yoast_head":"<!-- This site is optimized with the Yoast SEO plugin v27.4 - https:\/\/yoast.com\/product\/yoast-seo-wordpress\/ -->\n<title>Chatroom2000 - Free Chat without Registering - TinyChat.com<\/title>\n<meta name=\"description\" content=\"Enjoying Chatroom2000? Join over 50,000,000 strangers on TinyChat! Turn on your cam and start meeting new people, or find a match.\" \/>\n<meta name=\"robots\" content=\"index, follow, max-snippet:-1, max-image-preview:large, max-video-preview:-1\" \/>\n<link rel=\"canonical\" href=\"https:\/\/tinychat.com\/de\/chatroom2000\/\" \/>\n<meta property=\"og:locale\" content=\"de_DE\" \/>\n<meta property=\"og:type\" content=\"article\" \/>\n<meta property=\"og:title\" content=\"Chatroom2000 - Free Chat without Registering - TinyChat.com\" \/>\n<meta property=\"og:description\" content=\"Enjoying Chatroom2000? Join over 50,000,000 strangers on TinyChat! Turn on your cam and start meeting new people, or find a match.\" \/>\n<meta property=\"og:url\" content=\"https:\/\/tinychat.com\/de\/chatroom2000\/\" \/>\n<meta property=\"og:site_name\" content=\"TinyChat\" \/>\n<meta property=\"article:publisher\" content=\"https:\/\/www.facebook.com\/tinychat\" \/>\n<meta property=\"article:modified_time\" content=\"2025-07-26T15:48:48+00:00\" \/>\n<meta property=\"og:image\" content=\"https:\/\/tinychat.com\/wp-content\/uploads\/2020\/04\/Tinychat-logo-1280x284-new-black.png\" \/>\n\t<meta property=\"og:image:width\" content=\"1280\" \/>\n\t<meta property=\"og:image:height\" content=\"284\" \/>\n\t<meta property=\"og:image:type\" content=\"image\/png\" \/>\n<meta name=\"twitter:card\" content=\"summary_large_image\" \/>\n<meta name=\"twitter:site\" content=\"@tinychat\" \/>\n<meta name=\"twitter:label1\" content=\"Gesch\u00e4tzte Lesezeit\" \/>\n\t<meta name=\"twitter:data1\" content=\"7\u00a0Minuten\" \/>\n<script type=\"application\/ld+json\" class=\"yoast-schema-graph\">{\"@context\":\"https:\\\/\\\/schema.org\",\"@graph\":[{\"@type\":\"WebPage\",\"@id\":\"https:\\\/\\\/tinychat.com\\\/chatroom2000\\\/\",\"url\":\"https:\\\/\\\/tinychat.com\\\/chatroom2000\\\/\",\"name\":\"Chatroom2000 - Free Chat without Registering - TinyChat.com\",\"isPartOf\":{\"@id\":\"https:\\\/\\\/tinychat.com\\\/#website\"},\"datePublished\":\"2025-07-26T13:54:37+00:00\",\"dateModified\":\"2025-07-26T15:48:48+00:00\",\"description\":\"Enjoying Chatroom2000? Join over 50,000,000 strangers on TinyChat! Turn on your cam and start meeting new people, or find a match.\",\"breadcrumb\":{\"@id\":\"https:\\\/\\\/tinychat.com\\\/chatroom2000\\\/#breadcrumb\"},\"inLanguage\":\"de\",\"potentialAction\":[{\"@type\":\"ReadAction\",\"target\":[\"https:\\\/\\\/tinychat.com\\\/chatroom2000\\\/\"]}]},{\"@type\":\"BreadcrumbList\",\"@id\":\"https:\\\/\\\/tinychat.com\\\/chatroom2000\\\/#breadcrumb\",\"itemListElement\":[{\"@type\":\"ListItem\",\"position\":1,\"name\":\"Home\",\"item\":\"https:\\\/\\\/tinychat.com\\\/\"},{\"@type\":\"ListItem\",\"position\":2,\"name\":\"Chatroom2000\"}]},{\"@type\":\"WebSite\",\"@id\":\"https:\\\/\\\/tinychat.com\\\/#website\",\"url\":\"https:\\\/\\\/tinychat.com\\\/\",\"name\":\"TinyChat\",\"description\":\"Random Video Chat with Strangers\",\"publisher\":{\"@id\":\"https:\\\/\\\/tinychat.com\\\/#organization\"},\"alternateName\":\"TinyChat.com\",\"potentialAction\":[{\"@type\":\"SearchAction\",\"target\":{\"@type\":\"EntryPoint\",\"urlTemplate\":\"https:\\\/\\\/tinychat.com\\\/?s={search_term_string}\"},\"query-input\":{\"@type\":\"PropertyValueSpecification\",\"valueRequired\":true,\"valueName\":\"search_term_string\"}}],\"inLanguage\":\"de\"},{\"@type\":\"Organization\",\"@id\":\"https:\\\/\\\/tinychat.com\\\/#organization\",\"name\":\"TinyChat\",\"alternateName\":\"TinyChat.com\",\"url\":\"https:\\\/\\\/tinychat.com\\\/\",\"logo\":{\"@type\":\"ImageObject\",\"inLanguage\":\"de\",\"@id\":\"https:\\\/\\\/tinychat.com\\\/#\\\/schema\\\/logo\\\/image\\\/\",\"url\":\"https:\\\/\\\/tinychat.com\\\/wp-content\\\/uploads\\\/2023\\\/11\\\/Tinychat-icon-square.png\",\"contentUrl\":\"https:\\\/\\\/tinychat.com\\\/wp-content\\\/uploads\\\/2023\\\/11\\\/Tinychat-icon-square.png\",\"width\":284,\"height\":284,\"caption\":\"TinyChat\"},\"image\":{\"@id\":\"https:\\\/\\\/tinychat.com\\\/#\\\/schema\\\/logo\\\/image\\\/\"},\"sameAs\":[\"https:\\\/\\\/www.facebook.com\\\/tinychat\",\"https:\\\/\\\/x.com\\\/tinychat\"]}]}<\/script>\n<!-- \/ Yoast SEO plugin. -->","yoast_head_json":{"title":"Chatroom2000 - Kostenloser Chat ohne Registrierung - TinyChat.com","description":"Gef\u00e4llt Ihnen Chatroom2000? Schlie\u00dfen Sie sich \u00fcber 50.000.000 Fremden auf TinyChat an! Schalte deine Kamera ein und fange an, neue Leute zu treffen, oder finde einen Partner.","robots":{"index":"index","follow":"follow","max-snippet":"max-snippet:-1","max-image-preview":"max-image-preview:large","max-video-preview":"max-video-preview:-1"},"canonical":"https:\/\/tinychat.com\/de\/chatroom2000\/","og_locale":"de_DE","og_type":"article","og_title":"Chatroom2000 - Free Chat without Registering - TinyChat.com","og_description":"Enjoying Chatroom2000? Join over 50,000,000 strangers on TinyChat! Turn on your cam and start meeting new people, or find a match.","og_url":"https:\/\/tinychat.com\/de\/chatroom2000\/","og_site_name":"TinyChat","article_publisher":"https:\/\/www.facebook.com\/tinychat","article_modified_time":"2025-07-26T15:48:48+00:00","og_image":[{"width":1280,"height":284,"url":"https:\/\/tinychat.com\/wp-content\/uploads\/2020\/04\/Tinychat-logo-1280x284-new-black.png","type":"image\/png"}],"twitter_card":"summary_large_image","twitter_site":"@tinychat","twitter_misc":{"Gesch\u00e4tzte Lesezeit":"7\u00a0Minuten"},"schema":{"@context":"https:\/\/schema.org","@graph":[{"@type":"WebPage","@id":"https:\/\/tinychat.com\/chatroom2000\/","url":"https:\/\/tinychat.com\/chatroom2000\/","name":"Chatroom2000 - Kostenloser Chat ohne Registrierung - TinyChat.com","isPartOf":{"@id":"https:\/\/tinychat.com\/#website"},"datePublished":"2025-07-26T13:54:37+00:00","dateModified":"2025-07-26T15:48:48+00:00","description":"Gef\u00e4llt Ihnen Chatroom2000? Schlie\u00dfen Sie sich \u00fcber 50.000.000 Fremden auf TinyChat an! Schalte deine Kamera ein und fange an, neue Leute zu treffen, oder finde einen Partner.","breadcrumb":{"@id":"https:\/\/tinychat.com\/chatroom2000\/#breadcrumb"},"inLanguage":"de","potentialAction":[{"@type":"ReadAction","target":["https:\/\/tinychat.com\/chatroom2000\/"]}]},{"@type":"BreadcrumbList","@id":"https:\/\/tinychat.com\/chatroom2000\/#breadcrumb","itemListElement":[{"@type":"ListItem","position":1,"name":"Home","item":"https:\/\/tinychat.com\/"},{"@type":"ListItem","position":2,"name":"Chatroom2000"}]},{"@type":"WebSite","@id":"https:\/\/tinychat.com\/#website","url":"https:\/\/tinychat.com\/","name":"TinyChat","description":"Zuf\u00e4lliger Video-Chat mit Fremden","publisher":{"@id":"https:\/\/tinychat.com\/#organization"},"alternateName":"TinyChat.com","potentialAction":[{"@type":"SearchAction","target":{"@type":"EntryPoint","urlTemplate":"https:\/\/tinychat.com\/?s={search_term_string}"},"query-input":{"@type":"PropertyValueSpecification","valueRequired":true,"valueName":"search_term_string"}}],"inLanguage":"de"},{"@type":"Organization","@id":"https:\/\/tinychat.com\/#organization","name":"TinyChat","alternateName":"TinyChat.com","url":"https:\/\/tinychat.com\/","logo":{"@type":"ImageObject","inLanguage":"de","@id":"https:\/\/tinychat.com\/#\/schema\/logo\/image\/","url":"https:\/\/tinychat.com\/wp-content\/uploads\/2023\/11\/Tinychat-icon-square.png","contentUrl":"https:\/\/tinychat.com\/wp-content\/uploads\/2023\/11\/Tinychat-icon-square.png","width":284,"height":284,"caption":"TinyChat"},"image":{"@id":"https:\/\/tinychat.com\/#\/schema\/logo\/image\/"},"sameAs":["https:\/\/www.facebook.com\/tinychat","https:\/\/x.com\/tinychat"]}]}},"_links":{"self":[{"href":"https:\/\/tinychat.com\/de\/wp-json\/wp\/v2\/pages\/12345","targetHints":{"allow":["GET"]}}],"collection":[{"href":"https:\/\/tinychat.com\/de\/wp-json\/wp\/v2\/pages"}],"about":[{"href":"https:\/\/tinychat.com\/de\/wp-json\/wp\/v2\/types\/page"}],"author":[{"embeddable":true,"href":"https:\/\/tinychat.com\/de\/wp-json\/wp\/v2\/users\/6"}],"replies":[{"embeddable":true,"href":"https:\/\/tinychat.com\/de\/wp-json\/wp\/v2\/comments?post=12345"}],"version-history":[{"count":3,"href":"https:\/\/tinychat.com\/de\/wp-json\/wp\/v2\/pages\/12345\/revisions"}],"predecessor-version":[{"id":13367,"href":"https:\/\/tinychat.com\/de\/wp-json\/wp\/v2\/pages\/12345\/revisions\/13367"}],"wp:attachment":[{"href":"https:\/\/tinychat.com\/de\/wp-json\/wp\/v2\/media?parent=12345"}],"curies":[{"name":"wp","href":"https:\/\/api.w.org\/{rel}","templated":true}]}}