{"id":12397,"date":"2025-07-21T11:32:55","date_gmt":"2025-07-21T09:32:55","guid":{"rendered":"https:\/\/tinychat.com\/?page_id=12397"},"modified":"2025-07-21T13:09:33","modified_gmt":"2025-07-21T11:09:33","slug":"crushroulette","status":"publish","type":"page","link":"https:\/\/tinychat.com\/de\/crushroulette\/","title":{"rendered":"CrushRoulette"},"content":{"rendered":"<p>Die Welt der zuf\u00e4lligen Videochats hat sich weit \u00fcber ihre Anf\u00e4nge hinaus entwickelt. Heute definieren Plattformen wie CrushRoulette die Art und Weise, wie wir uns online treffen, flirten und Freundschaften schlie\u00dfen, neu - sie kombinieren die Spannung zuf\u00e4lliger Begegnungen mit einer modernen Variante, die auf Privatsph\u00e4re, Authentizit\u00e4t und echte Verbindungen setzt.<\/p>\n<p>Egal, ob Sie auf der Suche nach Ihrem n\u00e4chsten Schwarm sind, auf ein interessantes Gespr\u00e4ch hoffen oder einfach nur das Eis mit jemandem aus der ganzen Welt brechen wollen, CrushRoulette bietet eine sichere, benutzerfreundliche und fesselnde Erfahrung. Es ist die ultimative Mischung aus klassischem Roulette-Chat, modernster Technologie und einer lebendigen Community, die bereit ist, Kontakte zu kn\u00fcpfen.<\/p>\n<p>In diesem ultimativen Leitfaden erfahren Sie alles, was Sie \u00fcber CrushRoulette wissen m\u00fcssen: Funktionsweise, einzigartige Funktionen, Benutzerfreundlichkeit, Sicherheit, Vergleich mit Alternativen, Fehlerbehebung und Expertentipps, damit jeder Chat z\u00e4hlt.<\/p>\n<h2>Was ist CrushRoulette?<\/h2>\n<p>CrushRoulette ist eine Plattform f\u00fcr zuf\u00e4llige Video- und Textchats, die f\u00fcr Menschen entwickelt wurde, die sich sofort mit Fremden treffen wollen - ohne ein Profil erstellen oder eine App herunterladen zu m\u00fcssen. Inspiriert von Omegle, Chatroulette und LuckyCrush, geht CrushRoulette noch einen Schritt weiter und bietet ein intelligenteres Matching, bessere Moderation und ein moderneres, mobilfreundliches Design.<\/p>\n<p>Es geht nicht nur darum, zuf\u00e4llige Leute zu treffen. CrushRoulette wurde f\u00fcr diejenigen entwickelt, die flirten, einen neuen Schwarm finden, schnelle Videodates genie\u00dfen, eine Sprache \u00fcben oder einfach ihren Horizont mit neuen Freundschaften erweitern wollen. Jeder Chat ist eine neue Gelegenheit, egal ob Sie auf eine Romanze oder nur auf eine lustige Begegnung hoffen.<\/p>\n<p>Die Plattform ist 100% browserbasiert und erfordert keine Registrierung, um mit dem Chatten zu beginnen. Aber f\u00fcr diejenigen, die mehr wollen - wie erweiterte Filter, gespeicherte Favoriten oder Premium-Matchmaking - bietet CrushRoulette optionale Kontofunktionen, um Ihre Erfahrung zu verbessern.<\/p>\n<h2>Hauptmerkmale von CrushRoulette<\/h2>\n<p>CrushRoulette bietet alles, was ein Zufalls-Chat braucht, und noch mehr, wobei der Schwerpunkt darauf liegt, jede Interaktion sicher, spannend und sinnvoll zu gestalten:<\/p>\n<h3>1. Sofortiger zuf\u00e4lliger Video-Chat<\/h3>\n<p>Starten Sie einen Chat in Sekundenschnelle. Sie brauchen sich nicht anzumelden - besuchen Sie einfach die Website, aktivieren Sie Ihre Kamera und Ihr Mikrofon und lassen Sie sich mit einem Fremden f\u00fcr ein Live-Videogespr\u00e4ch zusammenbringen. M\u00f6chten Sie lieber tippen? Verwenden Sie stattdessen den Text-Chat-Modus.<\/p>\n<h3>2. Filter f\u00fcr Geschlecht und Region<\/h3>\n<p>Suchst du nach einem Chat mit einem besonderen Menschen? Verwenden Sie die Geschlechts- und L\u00e4nderfilter, um mit M\u00e4nnern, Frauen oder Nutzern aus einer bestimmten Region oder Sprachgruppe zu chatten. Diese Filter helfen Ihnen, das zu finden, wonach Sie wirklich suchen - sei es Liebe, Freundschaft oder kultureller Austausch.<\/p>\n<p>(F\u00fcr einige Filter ist m\u00f6glicherweise ein kostenloses oder kostenpflichtiges Konto erforderlich).<\/p>\n<h3>3. Mobile-First, Browser-basiertes Design<\/h3>\n<p>Kein App-Download erforderlich - CrushRoulette funktioniert perfekt auf Ihrem Mobiltelefon, Tablet oder Desktop-Browser. Das moderne, responsive Design passt sich an Ihr Ger\u00e4t an, damit Sie \u00fcberall nahtlos chatten k\u00f6nnen.<\/p>\n<h3>4. Privat, anonym und sicher<\/h3>\n<p>Der Datenschutz steht an erster Stelle. Sie m\u00fcssen kein Konto erstellen oder pers\u00f6nliche Daten angeben, um grundlegende Funktionen zu nutzen. Chats sind anonym und werden nicht aufgezeichnet, und Sie haben die volle Kontrolle dar\u00fcber, was Sie preisgeben.<\/p>\n<h3>5. Schnelle \"Weiter\"-Taste<\/h3>\n<p>Sie f\u00fchlen sich nicht angesprochen? Klicken Sie auf \"Weiter\", um sofort eine neue Verbindung herzustellen. Keine Unannehmlichkeiten, keine Verz\u00f6gerungen - entdecken Sie einfach weiter neue Leute.<\/p>\n<h3>6. \u00dcbersetzung in Echtzeit<\/h3>\n<p>\u00dcberwinden Sie Sprachbarrieren im Handumdrehen. Mit dem \u00dcbersetzungstool von CrushRoulette k\u00f6nnen Sie mit Nutzern aus der ganzen Welt chatten, auch wenn Sie nicht dieselbe Sprache sprechen.<\/p>\n<h3>7. Bild- und Emoji-Freigabe<\/h3>\n<p>Gestalten Sie Ihre Unterhaltungen ausdrucksst\u00e4rker, indem Sie sichere Bilder und Emojis teilen (alle Bilder werden aus Sicherheits- und Respektsgr\u00fcnden moderiert).<\/p>\n<h3>8. Optionale Kontomerkmale<\/h3>\n<p>F\u00fcr Power-User schaltet die Anmeldung (kostenlos und mit minimalen Angaben) den Zugang frei:<\/p>\n<ul>\n<li>Erweiterte Filter<\/li>\n<li>Favoriten und Spielverlauf<\/li>\n<li>Optionale Premium-Funktionen f\u00fcr eine zus\u00e4tzliche Belichtung oder Anpassung<\/li>\n<\/ul>\n<h3>9. Live-Moderation und KI-Sicherheit<\/h3>\n<p>CrushRoulette kombiniert:<\/p>\n<ul>\n<li>Automatisierte KI-Moderation zur Erkennung von Nacktheit, Spam und Missbrauch<\/li>\n<li>24\/7 menschliche Moderatoren zur \u00dcberpr\u00fcfung von Berichten und zur Durchsetzung von Gemeinschaftsrichtlinien<\/li>\n<li>Einfache Meldung\/Blockierung, damit Sie sofort die Kontrolle \u00fcbernehmen k\u00f6nnen<\/li>\n<\/ul>\n<h2>Wie man CrushRoulette benutzt<\/h2>\n<p>Bei CrushRoulette geht es darum, die Dinge schnell und einfach zu halten. Hier ist, wie Sie einsteigen k\u00f6nnen:<\/p>\n<h3>Schritt 1: Besuchen Sie die CrushRoulette Website<\/h3>\n<p>\u00d6ffnen Sie Ihren Browser und gehen Sie zu crushroulette.com oder zu Ihrer lokalen CrushRoulette-Seite.<\/p>\n<h3>Schritt 2: W\u00e4hlen Sie Ihren Chat-Modus<\/h3>\n<ul>\n<li>Video-Chat: Aktivieren Sie Ihre Kamera und Ihr Mikrofon, wenn Sie dazu aufgefordert werden.<\/li>\n<li>Text-Chat: Sie m\u00f6chten lieber nicht vor der Kamera stehen? Verwenden Sie den reinen Text-Chat.<\/li>\n<\/ul>\n<h3>Schritt 3: Setzen von Filtern (optional)<\/h3>\n<p>Verwenden Sie die Geschlechts- und L\u00e4nderfilter f\u00fcr einen gezielteren Chat. (F\u00fcr einige Optionen ist m\u00f6glicherweise ein Konto erforderlich).<\/p>\n<h3>Schritt 4: Klicken Sie auf \"Start\" oder \"Verbinden\".<\/h3>\n<p>Sie werden sofort mit einem zuf\u00e4lligen Nutzer gepaart. Sagen Sie hallo, stellen Sie sich vor oder senden Sie ein Emoji, um das Eis zu brechen.<\/p>\n<h3>Schritt 5: Verwenden Sie \"Weiter\", um weiter zu entdecken<\/h3>\n<p>Keine gute Wahl? Klicken Sie auf \"Weiter\" f\u00fcr eine neue Person. Sie k\u00f6nnen unbegrenzt viele Menschen kennenlernen.<\/p>\n<h3>Schritt 6: Registrierung f\u00fcr Extras (optional)<\/h3>\n<p>Melden Sie sich kostenlos an, wenn Sie Freunde speichern, mehr Filter freischalten oder auf Premiumfunktionen zugreifen m\u00f6chten.<\/p>\n<h3>Schritt 7: Gemeinsame Nutzung von Bildern und \u00dcbersetzung<\/h3>\n<p>Dr\u00fccken Sie sich mit sicheren Bildern, GIFs oder Emojis aus und nutzen Sie die integrierte \u00dcbersetzung, um in verschiedenen Sprachen zu chatten.<\/p>\n<h3>Schritt 8: Bei Bedarf sperren oder melden<\/h3>\n<p>Wenn jemand unh\u00f6flich oder unangemessen ist, verwenden Sie die Schaltfl\u00e4che Blockieren\/Melden. Die Moderatoren reagieren schnell.<\/p>\n<h2>Benutzererfahrung auf CrushRoulette<\/h2>\n<p>CrushRoulette ist auf Einfachheit, Schnelligkeit und echte Verbindung ausgelegt. Hier ist, was macht es aus, um Benutzer stehen:<\/p>\n<h3>Was Benutzer lieben<\/h3>\n<ul>\n<li>F\u00fcr den Videochat ist keine Anmeldung erforderlich: Steigen Sie sofort ein, 100% privat.<\/li>\n<li>Sauberes, modernes Design: Funktioniert nahtlos auf Telefon, Tablet oder Desktop.<\/li>\n<li>Intelligente Filter: Finden Sie Menschen, die Sie wirklich interessieren.<\/li>\n<li>\u00dcbersetzungswerkzeug: Verbindet die Welt, nicht nur Ihre Region.<\/li>\n<li>Freundliche Moderation: Sorgt daf\u00fcr, dass die Plattform sicher und positiv bleibt.<\/li>\n<li>Emoji\/Bildfreigabe: Macht Chats ausdrucksst\u00e4rker und lustiger.<\/li>\n<li>Keine Downloads, keine Installation.<\/li>\n<\/ul>\n<h3>Was k\u00f6nnte verbessert werden?<\/h3>\n<ul>\n<li>Erweiterte Filter und einige Funktionen erfordern ein Konto oder M\u00fcnzen (Industriestandard).<\/li>\n<li>Gelegentliche Trolle (wie auf allen zuf\u00e4lligen Chatseiten - die Moderation hilft, dies in Schach zu halten).<\/li>\n<li>Noch keine themenbezogenen Chat-R\u00e4ume (k\u00f6nnen in zuk\u00fcnftigen Updates hinzugef\u00fcgt werden).<\/li>\n<li>Man kann leicht den \u00dcberblick \u00fcber die Zeit verlieren - Gedr\u00e4nge kann s\u00fcchtig machen!<\/li>\n<\/ul>\n<h3>Echte Benutzerbewertungen<\/h3>\n<blockquote><p>\"Ich habe meinen jetzigen Freund \u00fcber CrushRoulette gefunden. Es macht Spa\u00df und f\u00fchlt sich sicherer an als die meisten anderen Video-Chat-Seiten.\"<br \/>\n- <em>Sara T., Trustpilot<\/em><\/p><\/blockquote>\n<blockquote><p>\"Ich liebe die \u00dcbersetzungsfunktion - ich habe mit Leuten aus vier Kontinenten gechattet.\"<br \/>\n- <em>Mikhail V., App Store<\/em><\/p><\/blockquote>\n<blockquote><p>\"Schnell, einfach zu bedienen und funktioniert gut auf meinem Handy. Ein guter Weg, um Langeweile zu vertreiben.\"<br \/>\n- <em>Jules K., Google Play<\/em><\/p><\/blockquote>\n<h2>CrushRoulette im Vergleich zu anderen zuf\u00e4lligen Video-Chat-Anwendungen<\/h2>\n<p>Wie schneidet CrushRoulette im Vergleich zu den bekanntesten Plattformen ab?<\/p>\n<table>\n<thead>\n<tr>\n<th>Merkmal<\/th>\n<th>CrushRoulette<\/th>\n<th>CamMatch<\/th>\n<th>ChatMatch<\/th>\n<th>Omegle<\/th>\n<th>Chatroulette<\/th>\n<th>LuckyCrush<\/th>\n<th>HOLLA<\/th>\n<th>LivU<\/th>\n<\/tr>\n<\/thead>\n<tbody>\n<tr>\n<td>Keine Anmeldung erforderlich<\/td>\n<td>\u2705 Ja<\/td>\n<td>\u2705 Ja<\/td>\n<td>\u2705 Ja<\/td>\n<td>\u2705 Ja<\/td>\n<td>\u2705 Ja<\/td>\n<td>\u274c Nur M\u00e4nner<\/td>\n<td>\u2705 Ja<\/td>\n<td>\u2705 Ja<\/td>\n<\/tr>\n<tr>\n<td>Video- und Text-Chat<\/td>\n<td>\u2705 Beide<\/td>\n<td>\u2705 Beide<\/td>\n<td>\u2705 Beide<\/td>\n<td>\u2705 Beide<\/td>\n<td>\u2705 Beide<\/td>\n<td>\u2705 Beide<\/td>\n<td>\u2705 Beide<\/td>\n<td>\u2705 Beide<\/td>\n<\/tr>\n<tr>\n<td>Geschlecht\/Land-Filter<\/td>\n<td>\u2705 Ja*<\/td>\n<td>\u2705 Ja*<\/td>\n<td>\u2705 Ja*<\/td>\n<td>\u26a0\ufe0f Begrenzt<\/td>\n<td>\u2705 Ja<\/td>\n<td>\u2705 Ja<\/td>\n<td>\u2705 Ja<\/td>\n<td>\u2705 Ja<\/td>\n<\/tr>\n<tr>\n<td>Mobiloptimiert<\/td>\n<td>\u2705 Ja<\/td>\n<td>\u2705 Ja<\/td>\n<td>\u2705 Ja<\/td>\n<td>\u26a0\ufe0f Gemischt<\/td>\n<td>\u2705 Ja<\/td>\n<td>\u2705 Ja<\/td>\n<td>\u2705 Ja<\/td>\n<td>\u2705 Ja<\/td>\n<\/tr>\n<tr>\n<td>\u00dcbersetzungstool<\/td>\n<td>\u2705 Ja<\/td>\n<td>\u2705 Ja<\/td>\n<td>\u2705 Ja<\/td>\n<td>\u274c Nein<\/td>\n<td>\u274c Nein<\/td>\n<td>\u274c Nein<\/td>\n<td>\u2705 Ja<\/td>\n<td>\u2705 Ja<\/td>\n<\/tr>\n<tr>\n<td>Bild\/Emoji-Freigabe<\/td>\n<td>\u2705 Ja<\/td>\n<td>\u2705 Ja<\/td>\n<td>\u2705 Ja<\/td>\n<td>\u274c Nein<\/td>\n<td>\u274c Nein<\/td>\n<td>\u2705 Ja<\/td>\n<td>\u2705 Ja<\/td>\n<td>\u2705 Ja<\/td>\n<\/tr>\n<tr>\n<td>Moderation\/Sicherheit<\/td>\n<td>\u2705 Stark<\/td>\n<td>\u2705 Stark<\/td>\n<td>\u2705 Stark<\/td>\n<td>\u26a0\ufe0f Begrenzt<\/td>\n<td>\u26a0\ufe0f Begrenzt<\/td>\n<td>\u2705 Ja<\/td>\n<td>\u2705 Stark<\/td>\n<td>\u2705 Stark<\/td>\n<\/tr>\n<\/tbody>\n<\/table>\n<p>**F\u00fcr einige erweiterte Funktionen\/Filter ist ein kostenloses oder kostenpflichtiges Konto erforderlich.<\/p>\n<p>Zusammenfassung: CrushRoulette ist die moderne Alternative f\u00fcr alle, die echte, spontane Kontakte suchen - mit Funktionen, die das Flirten, Dating und Freundschaften schlie\u00dfen sicherer und lohnender machen.<\/p>\n<h2>Ist CrushRoulette sicher?<\/h2>\n<p>Sicherheit steht im Mittelpunkt des CrushRoulette-Erlebnisses:<\/p>\n<ul>\n<li>Automatisierte Moderation (AI): Scannt in Echtzeit nach Nacktheit, Missbrauch, Spam und unsicheren Inhalten.<\/li>\n<li>Menschliche Moderatoren: Rund um die Uhr verf\u00fcgbar, um Berichte zu pr\u00fcfen und Regeln durchzusetzen.<\/li>\n<li>Bericht\/Blockierfunktionen: W\u00e4hrend der Chat-Sitzungen immer zug\u00e4nglich.<\/li>\n<li>Keine pers\u00f6nlichen Daten erforderlich: Bleiben Sie so anonym wie Sie wollen.<\/li>\n<li>Kein Chat-Verlauf wird gespeichert: Ihre Unterhaltungen verschwinden, wenn Sie gehen.<\/li>\n<li>Strenge Gemeinschaftsrichtlinien: Tragen Sie dazu bei, dass die Umgebung respektvoll, freundlich und offen f\u00fcr alle ist.<\/li>\n<\/ul>\n<h3>Sicherheitstipps f\u00fcr Benutzer<\/h3>\n<ul>\n<li>Geben Sie niemals Ihren echten Namen, Ihre Telefonnummer oder private Informationen an Fremde weiter.<\/li>\n<li>Verlassen Sie sich auf Ihren Instinkt - wenn Sie ein Gespr\u00e4ch f\u00fcr falsch halten, beenden Sie es oder verwenden Sie \"Weiter\".<\/li>\n<li>Klicken Sie nicht auf Links oder akzeptieren Sie keine Dateien von Personen, die Sie nicht kennen.<\/li>\n<li>Geben Sie nur dann mehr von sich preis, wenn Sie sich sicher sind, dass Sie die richtige Wahl getroffen haben.<\/li>\n<li>Helfen Sie mit, die Plattform sauber zu halten, indem Sie jeden melden, der gegen die Regeln verst\u00f6\u00dft.<\/li>\n<\/ul>\n<h2>Tipps, um das Beste aus CrushRoulette herauszuholen<\/h2>\n<ul>\n<li>Beginnen Sie jedes Gespr\u00e4ch mit einem L\u00e4cheln oder einem freundlichen Gru\u00df.<\/li>\n<li>Verwenden Sie h\u00e4ufig \"Weiter\": Bleiben Sie nicht in unangenehmen oder langweiligen Gespr\u00e4chen.<\/li>\n<li>Spielen Sie mit L\u00e4nder-\/Geschlechterfiltern: Ideal zum Sprachenlernen oder Flirten.<\/li>\n<li>Probieren Sie sowohl Video als auch Text aus: Manchmal ist ein Text-Chat das perfekte Aufw\u00e4rmtraining.<\/li>\n<li>Verwenden Sie Emojis und Bilder: Dr\u00fccken Sie sich aus, aber halten Sie es angemessen.<\/li>\n<li>Nutzen Sie die Vorteile der Moderation: Blockieren\/Melden Sie Trolle oder Regelverst\u00f6\u00dfe.<\/li>\n<li>Chatten Sie zu verschiedenen Zeiten: Die globale Community \u00e4ndert sich im Laufe des Tages.<\/li>\n<li>Registrieren Sie sich f\u00fcr Extras: Wenn Ihnen das Erlebnis gef\u00e4llt, melden Sie sich f\u00fcr weitere Funktionen an.<\/li>\n<\/ul>\n<h2>Fehlerbehebung bei h\u00e4ufigen CrushRoulette-Problemen<\/h2>\n<h3>Kamera oder Mikrofon funktionieren nicht<\/h3>\n<p>Stellen Sie sicher, dass die Browser-\/Ger\u00e4teberechtigungen aktiviert sind, schlie\u00dfen Sie andere Kameraanwendungen, aktualisieren Sie die Seite oder starten Sie Ihr Ger\u00e4t neu.<\/p>\n<h3>Filter nicht verf\u00fcgbar<\/h3>\n<p>Einige Filter erfordern eine kostenlose Registrierung oder M\u00fcnzen\/Premium; aktualisieren Sie sie nach Bedarf.<\/p>\n<h3>Langsame Verbindungen oder Verz\u00f6gerungen<\/h3>\n<p>Verwenden Sie ein starkes WLAN, schlie\u00dfen Sie andere bandbreitenintensive Anwendungen\/Tabs, und aktualisieren Sie Ihren Browser.<\/p>\n<h3>Begegnungen mit Trollen<\/h3>\n<p>Sperren\/Melden Sie sofort - die Moderatoren behandeln Verst\u00f6\u00dfe z\u00fcgig.<\/p>\n<h3>\u00dcbersetzung funktioniert nicht<\/h3>\n<p>Stellen Sie sicher, dass Sie einen aktuellen Browser verwenden und eine stabile Verbindung haben.<\/p>\n<p>Auf jeden Fall - vor allem f\u00fcr alle, die sich nach dem Nervenkitzel zuf\u00e4lliger Chats mit der heutigen Privatsph\u00e4re, Sicherheit und einer lustigen, modernen Atmosph\u00e4re sehnen. CrushRoulette bringt alles zur\u00fcck, was Video-Chat-Roulette Spa\u00df gemacht hat, aber mit intelligenterem Matching, besseren Filtern und einer Verpflichtung, die Benutzer sicher und respektiert zu halten.<\/p>\n<p>Egal, ob Sie einen Schwarm, neue Freunde oder einfach nur ein neues Gesicht zum Reden suchen, CrushRoulette liefert schnelle, anonyme und lohnende Verbindungen - und das alles ohne Download oder Anmeldung.<\/p>\n<p>Bereit f\u00fcr eine Spritztour?<br \/>\nBesuchen Sie crushroulette.com, w\u00e4hlen Sie Video oder Text, und entdecken Sie Ihr n\u00e4chstes Gespr\u00e4ch in Sekundenschnelle.<\/p>","protected":false},"excerpt":{"rendered":"<p>The world of random video chat has evolved far beyond its early days. Today, platforms like CrushRoulette are redefining how we meet, flirt, and make friends online\u2014combining the excitement of chance encounters with a modern twist focused on privacy, authenticity, and genuine connection. Whether you\u2019re seeking your next crush, hoping for an interesting conversation, or [&hellip;]<\/p>\n","protected":false},"author":6,"featured_media":0,"parent":0,"menu_order":0,"comment_status":"closed","ping_status":"closed","template":"","meta":{"footnotes":""},"class_list":["post-12397","page","type-page","status-publish","hentry"],"yoast_head":"<!-- This site is optimized with the Yoast SEO plugin v27.4 - https:\/\/yoast.com\/product\/yoast-seo-wordpress\/ -->\n<title>CrushRoulette - Random Video Chat with Girls - TinyChat.com<\/title>\n<meta name=\"description\" content=\"Enjoying CrushRoulette? Join over 50,000,000 strangers on TinyChat! Turn on your cam and start meeting new people, or find a match.\" \/>\n<meta name=\"robots\" content=\"index, follow, max-snippet:-1, max-image-preview:large, max-video-preview:-1\" \/>\n<link rel=\"canonical\" href=\"https:\/\/tinychat.com\/de\/crushroulette\/\" \/>\n<meta property=\"og:locale\" content=\"de_DE\" \/>\n<meta property=\"og:type\" content=\"article\" \/>\n<meta property=\"og:title\" content=\"CrushRoulette - Random Video Chat with Girls - TinyChat.com\" \/>\n<meta property=\"og:description\" content=\"Enjoying CrushRoulette? Join over 50,000,000 strangers on TinyChat! Turn on your cam and start meeting new people, or find a match.\" \/>\n<meta property=\"og:url\" content=\"https:\/\/tinychat.com\/de\/crushroulette\/\" \/>\n<meta property=\"og:site_name\" content=\"TinyChat\" \/>\n<meta property=\"article:publisher\" content=\"https:\/\/www.facebook.com\/tinychat\" \/>\n<meta property=\"article:modified_time\" content=\"2025-07-21T11:09:33+00:00\" \/>\n<meta property=\"og:image\" content=\"https:\/\/tinychat.com\/wp-content\/uploads\/2020\/04\/Tinychat-logo-1280x284-new-black.png\" \/>\n\t<meta property=\"og:image:width\" content=\"1280\" \/>\n\t<meta property=\"og:image:height\" content=\"284\" \/>\n\t<meta property=\"og:image:type\" content=\"image\/png\" \/>\n<meta name=\"twitter:card\" content=\"summary_large_image\" \/>\n<meta name=\"twitter:site\" content=\"@tinychat\" \/>\n<meta name=\"twitter:label1\" content=\"Gesch\u00e4tzte Lesezeit\" \/>\n\t<meta name=\"twitter:data1\" content=\"7\u00a0Minuten\" \/>\n<script type=\"application\/ld+json\" class=\"yoast-schema-graph\">{\"@context\":\"https:\\\/\\\/schema.org\",\"@graph\":[{\"@type\":\"WebPage\",\"@id\":\"https:\\\/\\\/tinychat.com\\\/crushroulette\\\/\",\"url\":\"https:\\\/\\\/tinychat.com\\\/crushroulette\\\/\",\"name\":\"CrushRoulette - Random Video Chat with Girls - TinyChat.com\",\"isPartOf\":{\"@id\":\"https:\\\/\\\/tinychat.com\\\/#website\"},\"datePublished\":\"2025-07-21T09:32:55+00:00\",\"dateModified\":\"2025-07-21T11:09:33+00:00\",\"description\":\"Enjoying CrushRoulette? Join over 50,000,000 strangers on TinyChat! Turn on your cam and start meeting new people, or find a match.\",\"breadcrumb\":{\"@id\":\"https:\\\/\\\/tinychat.com\\\/crushroulette\\\/#breadcrumb\"},\"inLanguage\":\"de\",\"potentialAction\":[{\"@type\":\"ReadAction\",\"target\":[\"https:\\\/\\\/tinychat.com\\\/crushroulette\\\/\"]}]},{\"@type\":\"BreadcrumbList\",\"@id\":\"https:\\\/\\\/tinychat.com\\\/crushroulette\\\/#breadcrumb\",\"itemListElement\":[{\"@type\":\"ListItem\",\"position\":1,\"name\":\"Home\",\"item\":\"https:\\\/\\\/tinychat.com\\\/\"},{\"@type\":\"ListItem\",\"position\":2,\"name\":\"CrushRoulette\"}]},{\"@type\":\"WebSite\",\"@id\":\"https:\\\/\\\/tinychat.com\\\/#website\",\"url\":\"https:\\\/\\\/tinychat.com\\\/\",\"name\":\"TinyChat\",\"description\":\"Random Video Chat with Strangers\",\"publisher\":{\"@id\":\"https:\\\/\\\/tinychat.com\\\/#organization\"},\"alternateName\":\"TinyChat.com\",\"potentialAction\":[{\"@type\":\"SearchAction\",\"target\":{\"@type\":\"EntryPoint\",\"urlTemplate\":\"https:\\\/\\\/tinychat.com\\\/?s={search_term_string}\"},\"query-input\":{\"@type\":\"PropertyValueSpecification\",\"valueRequired\":true,\"valueName\":\"search_term_string\"}}],\"inLanguage\":\"de\"},{\"@type\":\"Organization\",\"@id\":\"https:\\\/\\\/tinychat.com\\\/#organization\",\"name\":\"TinyChat\",\"alternateName\":\"TinyChat.com\",\"url\":\"https:\\\/\\\/tinychat.com\\\/\",\"logo\":{\"@type\":\"ImageObject\",\"inLanguage\":\"de\",\"@id\":\"https:\\\/\\\/tinychat.com\\\/#\\\/schema\\\/logo\\\/image\\\/\",\"url\":\"https:\\\/\\\/tinychat.com\\\/wp-content\\\/uploads\\\/2023\\\/11\\\/Tinychat-icon-square.png\",\"contentUrl\":\"https:\\\/\\\/tinychat.com\\\/wp-content\\\/uploads\\\/2023\\\/11\\\/Tinychat-icon-square.png\",\"width\":284,\"height\":284,\"caption\":\"TinyChat\"},\"image\":{\"@id\":\"https:\\\/\\\/tinychat.com\\\/#\\\/schema\\\/logo\\\/image\\\/\"},\"sameAs\":[\"https:\\\/\\\/www.facebook.com\\\/tinychat\",\"https:\\\/\\\/x.com\\\/tinychat\"]}]}<\/script>\n<!-- \/ Yoast SEO plugin. -->","yoast_head_json":{"title":"CrushRoulette - Zuf\u00e4lliger Video Chat mit M\u00e4dchen - TinyChat.com","description":"Genie\u00dft du CrushRoulette? Schlie\u00dfen Sie sich \u00fcber 50.000.000 Fremden auf TinyChat an! Schalte deine Kamera ein und fange an, neue Leute zu treffen, oder finde ein Match.","robots":{"index":"index","follow":"follow","max-snippet":"max-snippet:-1","max-image-preview":"max-image-preview:large","max-video-preview":"max-video-preview:-1"},"canonical":"https:\/\/tinychat.com\/de\/crushroulette\/","og_locale":"de_DE","og_type":"article","og_title":"CrushRoulette - Random Video Chat with Girls - TinyChat.com","og_description":"Enjoying CrushRoulette? Join over 50,000,000 strangers on TinyChat! Turn on your cam and start meeting new people, or find a match.","og_url":"https:\/\/tinychat.com\/de\/crushroulette\/","og_site_name":"TinyChat","article_publisher":"https:\/\/www.facebook.com\/tinychat","article_modified_time":"2025-07-21T11:09:33+00:00","og_image":[{"width":1280,"height":284,"url":"https:\/\/tinychat.com\/wp-content\/uploads\/2020\/04\/Tinychat-logo-1280x284-new-black.png","type":"image\/png"}],"twitter_card":"summary_large_image","twitter_site":"@tinychat","twitter_misc":{"Gesch\u00e4tzte Lesezeit":"7\u00a0Minuten"},"schema":{"@context":"https:\/\/schema.org","@graph":[{"@type":"WebPage","@id":"https:\/\/tinychat.com\/crushroulette\/","url":"https:\/\/tinychat.com\/crushroulette\/","name":"CrushRoulette - Zuf\u00e4lliger Video Chat mit M\u00e4dchen - TinyChat.com","isPartOf":{"@id":"https:\/\/tinychat.com\/#website"},"datePublished":"2025-07-21T09:32:55+00:00","dateModified":"2025-07-21T11:09:33+00:00","description":"Genie\u00dft du CrushRoulette? Schlie\u00dfen Sie sich \u00fcber 50.000.000 Fremden auf TinyChat an! Schalte deine Kamera ein und fange an, neue Leute zu treffen, oder finde ein Match.","breadcrumb":{"@id":"https:\/\/tinychat.com\/crushroulette\/#breadcrumb"},"inLanguage":"de","potentialAction":[{"@type":"ReadAction","target":["https:\/\/tinychat.com\/crushroulette\/"]}]},{"@type":"BreadcrumbList","@id":"https:\/\/tinychat.com\/crushroulette\/#breadcrumb","itemListElement":[{"@type":"ListItem","position":1,"name":"Home","item":"https:\/\/tinychat.com\/"},{"@type":"ListItem","position":2,"name":"CrushRoulette"}]},{"@type":"WebSite","@id":"https:\/\/tinychat.com\/#website","url":"https:\/\/tinychat.com\/","name":"TinyChat","description":"Zuf\u00e4lliger Video-Chat mit Fremden","publisher":{"@id":"https:\/\/tinychat.com\/#organization"},"alternateName":"TinyChat.com","potentialAction":[{"@type":"SearchAction","target":{"@type":"EntryPoint","urlTemplate":"https:\/\/tinychat.com\/?s={search_term_string}"},"query-input":{"@type":"PropertyValueSpecification","valueRequired":true,"valueName":"search_term_string"}}],"inLanguage":"de"},{"@type":"Organization","@id":"https:\/\/tinychat.com\/#organization","name":"TinyChat","alternateName":"TinyChat.com","url":"https:\/\/tinychat.com\/","logo":{"@type":"ImageObject","inLanguage":"de","@id":"https:\/\/tinychat.com\/#\/schema\/logo\/image\/","url":"https:\/\/tinychat.com\/wp-content\/uploads\/2023\/11\/Tinychat-icon-square.png","contentUrl":"https:\/\/tinychat.com\/wp-content\/uploads\/2023\/11\/Tinychat-icon-square.png","width":284,"height":284,"caption":"TinyChat"},"image":{"@id":"https:\/\/tinychat.com\/#\/schema\/logo\/image\/"},"sameAs":["https:\/\/www.facebook.com\/tinychat","https:\/\/x.com\/tinychat"]}]}},"_links":{"self":[{"href":"https:\/\/tinychat.com\/de\/wp-json\/wp\/v2\/pages\/12397","targetHints":{"allow":["GET"]}}],"collection":[{"href":"https:\/\/tinychat.com\/de\/wp-json\/wp\/v2\/pages"}],"about":[{"href":"https:\/\/tinychat.com\/de\/wp-json\/wp\/v2\/types\/page"}],"author":[{"embeddable":true,"href":"https:\/\/tinychat.com\/de\/wp-json\/wp\/v2\/users\/6"}],"replies":[{"embeddable":true,"href":"https:\/\/tinychat.com\/de\/wp-json\/wp\/v2\/comments?post=12397"}],"version-history":[{"count":2,"href":"https:\/\/tinychat.com\/de\/wp-json\/wp\/v2\/pages\/12397\/revisions"}],"predecessor-version":[{"id":13347,"href":"https:\/\/tinychat.com\/de\/wp-json\/wp\/v2\/pages\/12397\/revisions\/13347"}],"wp:attachment":[{"href":"https:\/\/tinychat.com\/de\/wp-json\/wp\/v2\/media?parent=12397"}],"curies":[{"name":"wp","href":"https:\/\/api.w.org\/{rel}","templated":true}]}}