{"id":12425,"date":"2025-08-04T11:58:01","date_gmt":"2025-08-04T09:58:01","guid":{"rendered":"https:\/\/tinychat.com\/?page_id=12425"},"modified":"2025-08-04T12:06:22","modified_gmt":"2025-08-04T10:06:22","slug":"minichat","status":"publish","type":"page","link":"https:\/\/tinychat.com\/de\/minichat\/","title":{"rendered":"Minichat"},"content":{"rendered":"<p>In einer Welt voller \u00fcberladener sozialer Netzwerke und Apps ist weniger manchmal mehr. MiniChat ist ein frischer Wind f\u00fcr diejenigen, die sich nach Echtzeit-Verbindungen sehnen, aber ohne den ganzen L\u00e4rm, die Profile und den Datenschutz-Beutel der Mainstream-Social-Plattformen. MiniChat basiert auf den Grundprinzipien Geschwindigkeit, Einfachheit und Datenschutz und ist perfekt f\u00fcr alle, die neue Leute kennenlernen, anonym chatten oder schnelle Gruppendiskussionen f\u00fchren m\u00f6chten - ohne Registrierung und ohne viel Aufhebens.<\/p>\n<p>Ganz gleich, ob Sie eine zuf\u00e4llige Unterhaltung f\u00fchren, neue Freunde finden, ein paar Minuten totschlagen oder einfach nur ein privates, ablenkungsfreies Chatterlebnis genie\u00dfen m\u00f6chten, MiniChat \u00fcberzeugt mit einer \u00fcbersichtlichen Benutzeroberfl\u00e4che und einer Verpflichtung zur Anonymit\u00e4t der Benutzer. Keine Downloads, keine pers\u00f6nlichen Daten, keine langwierigen Formulare - einfach nur chatten.<\/p>\n<p>In diesem ausf\u00fchrlichen Leitfaden erfahren Sie alles, was Sie \u00fcber MiniChat wissen m\u00fcssen: was es ist, wie es funktioniert, die wichtigsten Funktionen, Benutzerfreundlichkeit, Sicherheit, Vergleiche mit anderen Plattformen, Tipps zur Fehlerbehebung und Ratschl\u00e4ge von Experten, damit Sie Ihre Zeit mit MiniChat optimal nutzen k\u00f6nnen.<\/p>\n<h2>Was ist MiniChat?<\/h2>\n<p>MiniChat ist eine browserbasierte, anonyme Chat-Plattform, die sofortige Einzel- oder Gruppenunterhaltungen so einfach wie m\u00f6glich machen soll. Im Gegensatz zu herk\u00f6mmlichen Chatrooms und modernen \"sozialen\" Apps, die Sie dazu zwingen, sich anzumelden, Profile zu erstellen und pers\u00f6nliche Daten zu teilen, verfolgt MiniChat einen \"minimalistischen\" Ansatz:<\/p>\n<ul>\n<li>Keine Anmeldung erforderlich: W\u00e4hlen Sie einfach einen Spitznamen und los geht's.<\/li>\n<li>Keine pers\u00f6nlichen Informationen erforderlich: Bleiben Sie so anonym wie Sie wollen.<\/li>\n<li>Kein Durcheinander: Saubere, schnelle, mobilfreundliche Schnittstelle.<\/li>\n<\/ul>\n<p>MiniChat ist ideal f\u00fcr:<\/p>\n<ul>\n<li>Anonymes Chatten mit Fremden<\/li>\n<li>Gruppendiskussionen ohne Konten<\/li>\n<li>Schnelle, spontane Unterhaltungen<\/li>\n<li>Menschen, die Privatsph\u00e4re und Minimalismus sch\u00e4tzen<\/li>\n<li>Mobile und Desktop-Nutzer gleicherma\u00dfen<\/li>\n<\/ul>\n<h2>Hauptmerkmale von MiniChat<\/h2>\n<p>MiniChat hebt sich von der Masse ab, indem es ein paar Dinge besonders gut macht:<\/p>\n<h3>1. Keine Registrierung, kein \u00c4rger<\/h3>\n<p>Sie k\u00f6nnen sofort loslegen - geben Sie einfach einen Nickname ein und schon sind Sie im Chat. Keine E-Mail, kein Telefon, keine sozialen Medien erforderlich.<\/p>\n<h3>2. Anonym durch Design<\/h3>\n<p>Es gibt keine Profile, keine gespeicherten Kontaktlisten und es werden keine pers\u00f6nlichen Daten gespeichert. Ihre Chats sind fl\u00fcchtig und privat.<\/p>\n<h3>3. Leichte, schnelle Schnittstelle<\/h3>\n<ul>\n<li>Minimalistische Benutzeroberfl\u00e4che: Konzentriert sich auf den Chat und nicht auf Funktionen, die Sie nie benutzen werden.<\/li>\n<li>Mobil- und desktopfreundlich: Die Website l\u00e4dt schnell und funktioniert auf allen Bildschirmgr\u00f6\u00dfen reibungslos.<\/li>\n<li>Keine Werbung, Popups oder Ablenkungen: Nur Konversation.<\/li>\n<\/ul>\n<h3>4. Zufalls-Chat und Gruppenr\u00e4ume<\/h3>\n<ul>\n<li>Zuf\u00e4llige Zweierbeziehung: Triff dich sofort mit einem Fremden und beginne einen privaten Chat.<\/li>\n<li>Gruppenr\u00e4ume: Treten Sie offenen Gruppenr\u00e4umen bei oder erstellen Sie eigene Gruppenr\u00e4ume f\u00fcr Diskussionen zu beliebigen Themen.<\/li>\n<li>Gemeinsame Nutzung von R\u00e4umen: Teilen Sie einen direkten Link, um Freunde einzuladen oder eine kleine Gemeinschaft aufzubauen.<\/li>\n<\/ul>\n<h3>5. Sichere und private Chats<\/h3>\n<ul>\n<li>Keine Chat-Protokolle: Unterhaltungen verschwinden, wenn Sie das Fenster schlie\u00dfen oder den Raum verlassen.<\/li>\n<li>Kein Tracking: MiniChat verfolgt das Nutzerverhalten nicht und verkauft keine Daten.<\/li>\n<\/ul>\n<h3>6. Emoji und grundlegende Medienfreigabe<\/h3>\n<ul>\n<li>Dr\u00fccken Sie sich aus: Senden Sie Emojis und (sofern aktiviert) teilen Sie Bilder oder Links f\u00fcr einen lebendigeren Chat.<\/li>\n<\/ul>\n<h3>7. Sofortige Moderationstools<\/h3>\n<ul>\n<li>Blockieren\/Melden: Mit nur einem Klick k\u00f6nnen Sie missbr\u00e4uchliche Benutzer blockieren oder melden und so dazu beitragen, dass MiniChat freundlich und sicher bleibt.<\/li>\n<\/ul>\n<h3>8. Internationale Gemeinschaft<\/h3>\n<ul>\n<li>Globaler Zugang: Nutzer aus der ganzen Welt, ohne regionale Einschr\u00e4nkungen.<\/li>\n<li>Sprachfilter: W\u00e4hlen Sie Ihre Sprache oder verbinden Sie sich mit Nutzern auf der ganzen Welt.<\/li>\n<\/ul>\n<h2>So verwenden Sie MiniChat<\/h2>\n<p>Bei MiniChat geht es um sofortige, reibungslose Konversation:<\/p>\n<h3>Schritt 1: Besuchen Sie die MiniChat-Website<\/h3>\n<p>Gehen Sie mit einem beliebigen Browser auf minichat.com (oder die entsprechende lokale Domain).<\/p>\n<h3>Schritt 2: W\u00e4hlen Sie einen Spitznamen<\/h3>\n<p>Geben Sie einen Spitznamen ein - echt oder erfunden. Keine Anmeldung erforderlich.<\/p>\n<h3>Schritt 3: Chat-Modus ausw\u00e4hlen<\/h3>\n<ul>\n<li>Zufalls-Chat: Verbinde dich sofort mit einem Fremden f\u00fcr einen privaten, anonymen Chat.<\/li>\n<li>Gruppenr\u00e4ume: Treten Sie einem \u00f6ffentlichen Gruppenraum nach Thema bei, oder erstellen Sie Ihren eigenen und laden Sie andere \u00fcber einen direkten Link ein.<\/li>\n<\/ul>\n<h3>Schritt 4: Chatten beginnen<\/h3>\n<p>Kommen Sie ins Gespr\u00e4ch. Verwenden Sie Emojis, stellen Sie Fragen, oder plaudern Sie einfach \u00fcber Ihren Tag.<\/p>\n<h3>Schritt 5: Moderationswerkzeuge verwenden<\/h3>\n<p>Wenn Sie auf einen Troll oder unerw\u00fcnschtes Verhalten sto\u00dfen, benutzen Sie die Blockier- oder Meldefunktion. Das Moderationsteam von MiniChat handelt schnell, um die Sicherheit zu gew\u00e4hrleisten.<\/p>\n<h3>Schritt 6: Verlassen oder weiterziehen<\/h3>\n<p>Wenn Sie fertig sind, verlassen Sie den Chat oder den Gruppenraum - Ihre Nachrichten verschwinden, und Sie k\u00f6nnen von vorne beginnen.<\/p>\n<h2>Benutzererfahrung im MiniChat<\/h2>\n<p>Bei MiniChat geht es vor allem um Einfachheit, Privatsph\u00e4re und sinnvolle Gespr\u00e4che:<\/p>\n<h3>Was Benutzer lieben<\/h3>\n<ul>\n<li>Sofortiger Zugang: Kein Warten, keine Formulare, keine Einrichtung.<\/li>\n<li>Minimalismus: Eine \u00fcbersichtliche Schnittstelle, die nicht im Weg steht.<\/li>\n<li>Standardm\u00e4\u00dfig anonym: Keine Profile, kein Ballast, nur Konversation.<\/li>\n<li>Gruppen- und Einzelchats: Flexibilit\u00e4t sowohl f\u00fcr zuf\u00e4llige Chats als auch f\u00fcr Diskussionen in kleinen Gruppen.<\/li>\n<li>Mobile-first Design: Funktioniert hervorragend auf Smartphones, Tablets oder dem Desktop.<\/li>\n<li>Keine Werbung oder Popups: Chatten ohne Ablenkung.<\/li>\n<li>Fl\u00fcchtige Chats: Keine Datenspuren, keine Chatprotokolle.<\/li>\n<\/ul>\n<h3>Wo die Nutzer Raum f\u00fcr Verbesserungen sehen<\/h3>\n<ul>\n<li>Kein Video- oder Voice-Chat - nur Text (vorl\u00e4ufig).<\/li>\n<li>Gruppenr\u00e4ume sind einfach gehalten - es gibt keine erweiterten Verwaltungsfunktionen.<\/li>\n<li>Weniger Nutzer au\u00dferhalb der Spitzenzeiten (im Vergleich zu gr\u00f6\u00dferen Plattformen noch im Wachstum begriffen).<\/li>\n<li>Kein Profil und keine Freundesliste, um langfristige Kontakte zu pflegen (aus Gr\u00fcnden des Datenschutzes).<\/li>\n<\/ul>\n<h3>Echtes Benutzer-Feedback<\/h3>\n<blockquote><p>\"Ich finde es toll, wie schnell MiniChat ist. Ich chatte innerhalb von Sekunden mit jemandem, der neu ist, ohne Anmeldung, ohne Stress.\"<br \/>\n- <em>Sam D., Trustpilot<\/em><\/p><\/blockquote>\n<blockquote><p>\"Minimalistisch und privat. Keiner fragt, wer du bist, und du kannst jederzeit spurlos verschwinden.\"<br \/>\n- <em>Isabella R., Google Bewertungen<\/em><\/p><\/blockquote>\n<blockquote><p>\"Perfekt, wenn ich einfach mal Dampf ablassen oder nachts um 2 Uhr mit jemandem reden will. F\u00fchlt sich sicherer an als die meisten Chatseiten.\"<br \/>\n- <em>Marta V., App Store<\/em><\/p><\/blockquote>\n<h2>MiniChat vs. andere anonyme Chat-Plattformen<\/h2>\n<p>Wie schneidet MiniChat im Vergleich zu f\u00fchrenden minimalen und anonymen Chat-Plattformen ab?<\/p>\n<table>\n<thead>\n<tr>\n<th>Merkmal<\/th>\n<th>MiniChat<\/th>\n<th>Mirami<\/th>\n<th>Chatiwi<\/th>\n<th>Chatiw<\/th>\n<th>Chatib<\/th>\n<th>ChitChat<\/th>\n<\/tr>\n<\/thead>\n<tbody>\n<tr>\n<td>Keine Registrierung erforderlich<\/td>\n<td>\u2705 Ja<\/td>\n<td>\u2705 Ja<\/td>\n<td>\u2705 Ja<\/td>\n<td>\u2705 Ja<\/td>\n<td>\u2705 Ja<\/td>\n<td>\u2705 Ja<\/td>\n<\/tr>\n<tr>\n<td>Minimale UI<\/td>\n<td>\u2705 Ja<\/td>\n<td>\u2705 Ja<\/td>\n<td>\u26a0\ufe0f Basic<\/td>\n<td>\u274c Nein<\/td>\n<td>\u274c Nein<\/td>\n<td>\u2705 Ja<\/td>\n<\/tr>\n<tr>\n<td>Gruppen- und Zufalls-Chat<\/td>\n<td>\u2705 Beide<\/td>\n<td>\u274c 1-on-1<\/td>\n<td>\u2705 Beide<\/td>\n<td>\u2705 Beide<\/td>\n<td>\u2705 Beide<\/td>\n<td>\u2705 Beide<\/td>\n<\/tr>\n<tr>\n<td>Es werden keine pers\u00f6nlichen Daten gespeichert<\/td>\n<td>\u2705 Ja<\/td>\n<td>\u2705 Ja<\/td>\n<td>\u2705 Ja<\/td>\n<td>\u26a0\ufe0f Einige<\/td>\n<td>\u26a0\ufe0f Einige<\/td>\n<td>\u2705 Ja<\/td>\n<\/tr>\n<tr>\n<td>Werbefrei<\/td>\n<td>\u2705 Ja<\/td>\n<td>\u2705 Ja<\/td>\n<td>\u2705 Ja<\/td>\n<td>\u274c Nein<\/td>\n<td>\u26a0\ufe0f Einige<\/td>\n<td>\u2705 Ja<\/td>\n<\/tr>\n<tr>\n<td>Moderations-Tools<\/td>\n<td>\u2705 Ja<\/td>\n<td>\u2705 Ja<\/td>\n<td>\u2705 Ja<\/td>\n<td>\u26a0\ufe0f Einige<\/td>\n<td>\u2705 Ja<\/td>\n<td>\u2705 Ja<\/td>\n<\/tr>\n<tr>\n<td>Mobiloptimiert<\/td>\n<td>\u2705 Ja<\/td>\n<td>\u2705 Ja<\/td>\n<td>\u2705 Ja<\/td>\n<td>\u2705 Ja<\/td>\n<td>\u2705 Ja<\/td>\n<td>\u2705 Ja<\/td>\n<\/tr>\n<tr>\n<td>Video-Chat<\/td>\n<td>\u274c Nein<\/td>\n<td>\u2705 Ja<\/td>\n<td>\u274c Nein<\/td>\n<td>\u274c Nein<\/td>\n<td>\u274c Nein<\/td>\n<td>\u274c Nein<\/td>\n<\/tr>\n<\/tbody>\n<\/table>\n<p>Zusammenfassung: MiniChat eignet sich am besten f\u00fcr alle, die einen schnellen, anonymen und unverbindlichen Text-Chat suchen. Perfekt f\u00fcr Privatsph\u00e4re, Einfachheit und sofortige Verbindung.<\/p>\n<h2>Ist MiniChat sicher?<\/h2>\n<p>MiniChat ist f\u00fcr den Schutz der Privatsph\u00e4re und die Sicherheit der Benutzer konzipiert:<\/p>\n<ul>\n<li>Keine Registrierung oder Erhebung pers\u00f6nlicher Daten<\/li>\n<li>Anonyme Chats mit tempor\u00e4ren Protokollen<\/li>\n<li>Aktive Moderation und sofortige Sperr-\/Meldefunktionen<\/li>\n<li>Keine Werbung, kein Tracking durch Dritte<\/li>\n<li>Globaler Zugang mit Sprachfiltern<\/li>\n<\/ul>\n<h3>Sicherheitstipps<\/h3>\n<ul>\n<li>Geben Sie niemals pers\u00f6nliche oder sensible Informationen weiter, auch nicht in privaten Chats.<\/li>\n<li>Nutzen Sie Gruppenr\u00e4ume f\u00fcr breitere Diskussionen, den Zufalls-Chat f\u00fcr Einzelgespr\u00e4che.<\/li>\n<li>Blockieren oder melden Sie jeden Missbrauch - die Moderatoren reagieren darauf.<\/li>\n<li>Vertrauen Sie immer auf Ihren Instinkt und verlassen Sie Gespr\u00e4che, bei denen Sie sich unwohl f\u00fchlen.<\/li>\n<\/ul>\n<h2>Tipps zur optimalen Nutzung von MiniChat<\/h2>\n<ul>\n<li>Beginnen Sie freundlich: Einfache Begr\u00fc\u00dfungen regen Gespr\u00e4che an.<\/li>\n<li>Probieren Sie Gruppen- und Zufalls-Chat aus: Beide bieten einzigartige soziale Erfahrungen.<\/li>\n<li>Bleiben Sie anonym: Das ist der Sinn der Sache - Sie brauchen nicht zu sagen, wer Sie sind.<\/li>\n<li>Verwenden Sie Emojis als Ausdrucksmittel: Chats machen mehr Spa\u00df und sind leichter zu verstehen.<\/li>\n<li>Unterwegs verwenden: Funktioniert hervorragend auf Ihrem Telefon oder Tablet, um \u00fcberall zu chatten.<\/li>\n<li>Melde und sperre, wenn n\u00f6tig: Helfen Sie mit, MiniChat f\u00fcr alle einladend zu halten.<\/li>\n<li>Laden Sie Freunde in private R\u00e4ume ein: Verwenden Sie den freigebbaren Link f\u00fcr private Gruppenchats.<\/li>\n<\/ul>\n<h2>Fehlerbehebung bei h\u00e4ufigen MiniChat-Problemen<\/h2>\n<h3>Verbindung kann nicht hergestellt werden oder der Chat wird nicht geladen<\/h3>\n<p>\u00dcberpr\u00fcfen Sie Ihr Internet, aktualisieren Sie die Seite, oder versuchen Sie es mit einem anderen Ger\u00e4t\/Browser.<\/p>\n<h3>Nicht viele Benutzer finden<\/h3>\n<p>Versuchen Sie es zu den Sto\u00dfzeiten oder erkunden Sie verschiedene Gruppenr\u00e4ume.<\/p>\n<h3>Spam oder Missbrauch<\/h3>\n<p>Benutzen Sie die Blockier-\/Meldefunktionen sofort; die Moderatoren handeln schnell.<\/p>\n<h3>Ein gutes Gespr\u00e4ch verloren<\/h3>\n<p>Chats sind von vornherein zeitlich begrenzt - tauschen Sie w\u00e4hrend des Gespr\u00e4chs Informationen aus, wenn Sie in Kontakt bleiben m\u00f6chten.<\/p>\n<h3>Bild\/Emoji wird nicht gesendet<\/h3>\n<p>Vergewissern Sie sich, dass Sie sich innerhalb der Dateibeschr\u00e4nkungen befinden, oder versuchen Sie, den Chat neu zu laden.<\/p>\n<p>Auf jeden Fall - vor allem f\u00fcr alle, die einen sofortigen, anonymen und minimalistischen Online-Chat sch\u00e4tzen. MiniChat ist das Gegenmittel zu lauten, \u00fcberkomplizierten sozialen Plattformen und bringt den Fokus zur\u00fcck auf reine Konversation und Privatsph\u00e4re.<\/p>\n<p>Ganz gleich, ob Sie neue Leute kennenlernen m\u00f6chten, einen pers\u00f6nlichen Chat f\u00fchren, an einer kurzen Gruppendiskussion teilnehmen oder einfach nur ein ablenkungsfreies Online-Erlebnis genie\u00dfen m\u00f6chten, MiniChat ist Ihr leichtes, unverbindliches digitales Wohnzimmer.<\/p>\n<p>Bereit zum Chatten? Besuchen Sie minichat.com, w\u00e4hlen Sie einen Nickname und genie\u00dfen Sie das einfachste und privatste Chat-Erlebnis im Internet - jederzeit und \u00fcberall.<\/p>","protected":false},"excerpt":{"rendered":"<p>In a world crowded with bloated social networks and apps, sometimes less is more. MiniChat is a breath of fresh air for those who crave real-time connection, but without all the noise, profiles, and privacy baggage of mainstream social platforms. Built on the core principles of speed, simplicity, and privacy, MiniChat is perfect for anyone [&hellip;]<\/p>\n","protected":false},"author":6,"featured_media":0,"parent":0,"menu_order":0,"comment_status":"closed","ping_status":"closed","template":"","meta":{"footnotes":""},"class_list":["post-12425","page","type-page","status-publish","hentry"],"yoast_head":"<!-- This site is optimized with the Yoast SEO plugin v27.5 - https:\/\/yoast.com\/product\/yoast-seo-wordpress\/ -->\n<title>Minichat - The Fast Video Chat - TinyChat.com<\/title>\n<meta name=\"description\" content=\"Enjoying Minichat? Join over 50,000,000 strangers on TinyChat! Turn on your cam and start meeting new people, or find a match.\" \/>\n<meta name=\"robots\" content=\"index, follow, max-snippet:-1, max-image-preview:large, max-video-preview:-1\" \/>\n<link rel=\"canonical\" href=\"https:\/\/tinychat.com\/de\/minichat\/\" \/>\n<meta property=\"og:locale\" content=\"de_DE\" \/>\n<meta property=\"og:type\" content=\"article\" \/>\n<meta property=\"og:title\" content=\"Minichat - The Fast Video Chat - TinyChat.com\" \/>\n<meta property=\"og:description\" content=\"Enjoying Minichat? Join over 50,000,000 strangers on TinyChat! Turn on your cam and start meeting new people, or find a match.\" \/>\n<meta property=\"og:url\" content=\"https:\/\/tinychat.com\/de\/minichat\/\" \/>\n<meta property=\"og:site_name\" content=\"TinyChat\" \/>\n<meta property=\"article:publisher\" content=\"https:\/\/www.facebook.com\/tinychat\" \/>\n<meta property=\"article:modified_time\" content=\"2025-08-04T10:06:22+00:00\" \/>\n<meta property=\"og:image\" content=\"https:\/\/tinychat.com\/wp-content\/uploads\/2020\/04\/Tinychat-logo-1280x284-new-black.png\" \/>\n\t<meta property=\"og:image:width\" content=\"1280\" \/>\n\t<meta property=\"og:image:height\" content=\"284\" \/>\n\t<meta property=\"og:image:type\" content=\"image\/png\" \/>\n<meta name=\"twitter:card\" content=\"summary_large_image\" \/>\n<meta name=\"twitter:site\" content=\"@tinychat\" \/>\n<meta name=\"twitter:label1\" content=\"Gesch\u00e4tzte Lesezeit\" \/>\n\t<meta name=\"twitter:data1\" content=\"6\u00a0Minuten\" \/>\n<script type=\"application\/ld+json\" class=\"yoast-schema-graph\">{\"@context\":\"https:\\\/\\\/schema.org\",\"@graph\":[{\"@type\":\"WebPage\",\"@id\":\"https:\\\/\\\/tinychat.com\\\/minichat\\\/\",\"url\":\"https:\\\/\\\/tinychat.com\\\/minichat\\\/\",\"name\":\"Minichat - The Fast Video Chat - TinyChat.com\",\"isPartOf\":{\"@id\":\"https:\\\/\\\/tinychat.com\\\/#website\"},\"datePublished\":\"2025-08-04T09:58:01+00:00\",\"dateModified\":\"2025-08-04T10:06:22+00:00\",\"description\":\"Enjoying Minichat? Join over 50,000,000 strangers on TinyChat! Turn on your cam and start meeting new people, or find a match.\",\"breadcrumb\":{\"@id\":\"https:\\\/\\\/tinychat.com\\\/minichat\\\/#breadcrumb\"},\"inLanguage\":\"de\",\"potentialAction\":[{\"@type\":\"ReadAction\",\"target\":[\"https:\\\/\\\/tinychat.com\\\/minichat\\\/\"]}]},{\"@type\":\"BreadcrumbList\",\"@id\":\"https:\\\/\\\/tinychat.com\\\/minichat\\\/#breadcrumb\",\"itemListElement\":[{\"@type\":\"ListItem\",\"position\":1,\"name\":\"Home\",\"item\":\"https:\\\/\\\/tinychat.com\\\/\"},{\"@type\":\"ListItem\",\"position\":2,\"name\":\"Minichat\"}]},{\"@type\":\"WebSite\",\"@id\":\"https:\\\/\\\/tinychat.com\\\/#website\",\"url\":\"https:\\\/\\\/tinychat.com\\\/\",\"name\":\"TinyChat\",\"description\":\"Random Video Chat with Strangers\",\"publisher\":{\"@id\":\"https:\\\/\\\/tinychat.com\\\/#organization\"},\"alternateName\":\"TinyChat.com\",\"potentialAction\":[{\"@type\":\"SearchAction\",\"target\":{\"@type\":\"EntryPoint\",\"urlTemplate\":\"https:\\\/\\\/tinychat.com\\\/?s={search_term_string}\"},\"query-input\":{\"@type\":\"PropertyValueSpecification\",\"valueRequired\":true,\"valueName\":\"search_term_string\"}}],\"inLanguage\":\"de\"},{\"@type\":\"Organization\",\"@id\":\"https:\\\/\\\/tinychat.com\\\/#organization\",\"name\":\"TinyChat\",\"alternateName\":\"TinyChat.com\",\"url\":\"https:\\\/\\\/tinychat.com\\\/\",\"logo\":{\"@type\":\"ImageObject\",\"inLanguage\":\"de\",\"@id\":\"https:\\\/\\\/tinychat.com\\\/#\\\/schema\\\/logo\\\/image\\\/\",\"url\":\"https:\\\/\\\/tinychat.com\\\/wp-content\\\/uploads\\\/2023\\\/11\\\/Tinychat-icon-square.png\",\"contentUrl\":\"https:\\\/\\\/tinychat.com\\\/wp-content\\\/uploads\\\/2023\\\/11\\\/Tinychat-icon-square.png\",\"width\":284,\"height\":284,\"caption\":\"TinyChat\"},\"image\":{\"@id\":\"https:\\\/\\\/tinychat.com\\\/#\\\/schema\\\/logo\\\/image\\\/\"},\"sameAs\":[\"https:\\\/\\\/www.facebook.com\\\/tinychat\",\"https:\\\/\\\/x.com\\\/tinychat\"]}]}<\/script>\n<!-- \/ Yoast SEO plugin. -->","yoast_head_json":{"title":"Minichat - Der schnelle Video-Chat - TinyChat.com","description":"Gef\u00e4llt Ihnen Minichat? Schlie\u00dfen Sie sich \u00fcber 50.000.000 Fremden auf TinyChat an! Schalte deine Kamera ein und fange an, neue Leute zu treffen, oder finde einen Partner.","robots":{"index":"index","follow":"follow","max-snippet":"max-snippet:-1","max-image-preview":"max-image-preview:large","max-video-preview":"max-video-preview:-1"},"canonical":"https:\/\/tinychat.com\/de\/minichat\/","og_locale":"de_DE","og_type":"article","og_title":"Minichat - The Fast Video Chat - TinyChat.com","og_description":"Enjoying Minichat? Join over 50,000,000 strangers on TinyChat! Turn on your cam and start meeting new people, or find a match.","og_url":"https:\/\/tinychat.com\/de\/minichat\/","og_site_name":"TinyChat","article_publisher":"https:\/\/www.facebook.com\/tinychat","article_modified_time":"2025-08-04T10:06:22+00:00","og_image":[{"width":1280,"height":284,"url":"https:\/\/tinychat.com\/wp-content\/uploads\/2020\/04\/Tinychat-logo-1280x284-new-black.png","type":"image\/png"}],"twitter_card":"summary_large_image","twitter_site":"@tinychat","twitter_misc":{"Gesch\u00e4tzte Lesezeit":"6\u00a0Minuten"},"schema":{"@context":"https:\/\/schema.org","@graph":[{"@type":"WebPage","@id":"https:\/\/tinychat.com\/minichat\/","url":"https:\/\/tinychat.com\/minichat\/","name":"Minichat - Der schnelle Video-Chat - TinyChat.com","isPartOf":{"@id":"https:\/\/tinychat.com\/#website"},"datePublished":"2025-08-04T09:58:01+00:00","dateModified":"2025-08-04T10:06:22+00:00","description":"Gef\u00e4llt Ihnen Minichat? Schlie\u00dfen Sie sich \u00fcber 50.000.000 Fremden auf TinyChat an! Schalte deine Kamera ein und fange an, neue Leute zu treffen, oder finde einen Partner.","breadcrumb":{"@id":"https:\/\/tinychat.com\/minichat\/#breadcrumb"},"inLanguage":"de","potentialAction":[{"@type":"ReadAction","target":["https:\/\/tinychat.com\/minichat\/"]}]},{"@type":"BreadcrumbList","@id":"https:\/\/tinychat.com\/minichat\/#breadcrumb","itemListElement":[{"@type":"ListItem","position":1,"name":"Home","item":"https:\/\/tinychat.com\/"},{"@type":"ListItem","position":2,"name":"Minichat"}]},{"@type":"WebSite","@id":"https:\/\/tinychat.com\/#website","url":"https:\/\/tinychat.com\/","name":"TinyChat","description":"Zuf\u00e4lliger Video-Chat mit Fremden","publisher":{"@id":"https:\/\/tinychat.com\/#organization"},"alternateName":"TinyChat.com","potentialAction":[{"@type":"SearchAction","target":{"@type":"EntryPoint","urlTemplate":"https:\/\/tinychat.com\/?s={search_term_string}"},"query-input":{"@type":"PropertyValueSpecification","valueRequired":true,"valueName":"search_term_string"}}],"inLanguage":"de"},{"@type":"Organization","@id":"https:\/\/tinychat.com\/#organization","name":"TinyChat","alternateName":"TinyChat.com","url":"https:\/\/tinychat.com\/","logo":{"@type":"ImageObject","inLanguage":"de","@id":"https:\/\/tinychat.com\/#\/schema\/logo\/image\/","url":"https:\/\/tinychat.com\/wp-content\/uploads\/2023\/11\/Tinychat-icon-square.png","contentUrl":"https:\/\/tinychat.com\/wp-content\/uploads\/2023\/11\/Tinychat-icon-square.png","width":284,"height":284,"caption":"TinyChat"},"image":{"@id":"https:\/\/tinychat.com\/#\/schema\/logo\/image\/"},"sameAs":["https:\/\/www.facebook.com\/tinychat","https:\/\/x.com\/tinychat"]}]}},"_links":{"self":[{"href":"https:\/\/tinychat.com\/de\/wp-json\/wp\/v2\/pages\/12425","targetHints":{"allow":["GET"]}}],"collection":[{"href":"https:\/\/tinychat.com\/de\/wp-json\/wp\/v2\/pages"}],"about":[{"href":"https:\/\/tinychat.com\/de\/wp-json\/wp\/v2\/types\/page"}],"author":[{"embeddable":true,"href":"https:\/\/tinychat.com\/de\/wp-json\/wp\/v2\/users\/6"}],"replies":[{"embeddable":true,"href":"https:\/\/tinychat.com\/de\/wp-json\/wp\/v2\/comments?post=12425"}],"version-history":[{"count":4,"href":"https:\/\/tinychat.com\/de\/wp-json\/wp\/v2\/pages\/12425\/revisions"}],"predecessor-version":[{"id":13387,"href":"https:\/\/tinychat.com\/de\/wp-json\/wp\/v2\/pages\/12425\/revisions\/13387"}],"wp:attachment":[{"href":"https:\/\/tinychat.com\/de\/wp-json\/wp\/v2\/media?parent=12425"}],"curies":[{"name":"wp","href":"https:\/\/api.w.org\/{rel}","templated":true}]}}