{"id":12430,"date":"2025-10-21T11:07:35","date_gmt":"2025-10-21T09:07:35","guid":{"rendered":"https:\/\/tinychat.com\/?page_id=12430"},"modified":"2025-10-21T13:14:52","modified_gmt":"2025-10-21T11:14:52","slug":"chatingly","status":"publish","type":"page","link":"https:\/\/tinychat.com\/de\/chatingly\/","title":{"rendered":"Chatingly"},"content":{"rendered":"<p>In einer Welt, in der sich die meisten sozialen Apps auf Likes, Follower und kuratierte Feeds konzentrieren, hebt sich Chatingly dadurch ab, dass es das zur\u00fcckbringt, was das Internet \u00fcberhaupt erst spannend gemacht hat - echte, spontane menschliche Kontakte. Als moderne Zufalls-Videochat-Plattform konzipiert, verbindet Chatingly Sie sofort mit Fremden aus der ganzen Welt f\u00fcr ein pers\u00f6nliches Gespr\u00e4ch, ohne dass Sie sich anmelden, Profile erstellen oder Algorithmen entscheiden m\u00fcssen, mit wem Sie sprechen sollen.<\/p>\n<p>Ganz gleich, ob Sie neue Leute kennenlernen, andere Kulturen erforschen oder sich einfach nur bei einer lockeren Unterhaltung entspannen m\u00f6chten, das Chatingly f\u00e4ngt den Nervenkitzel sofortiger, anonymer Interaktionen ein, der die Anf\u00e4nge des Internets ausmachte - allerdings mit einer reibungsloseren Technologie und einem sauberen Design.<\/p>\n<p>In diesem Testbericht werden wir einen ausf\u00fchrlichen Blick darauf werfen, was das Chatingly ist, wie es funktioniert, seine wichtigsten Funktionen, Benutzererfahrungen, Sicherheitsma\u00dfnahmen, Vergleiche mit Wettbewerbern und Tipps, um das Beste daraus zu machen.<\/p>\n<h2>Was ist Chatingly?<\/h2>\n<p>Chatingly ist eine Zufalls-Videochat-Plattform, die es Nutzern erm\u00f6glicht, \u00fcber Live-Video und Text sofort mit Fremden in Kontakt zu treten. Die Kernphilosophie ist einfach: keine Anmeldungen, keine Downloads, kein Warten - einfach klicken und loschatten.<\/p>\n<p>Die Plattform konzentriert sich auf:<\/p>\n<ul>\n<li>Benutzerfreundlichkeit - minimale Einrichtung, Zugriff von jedem Ger\u00e4t aus.<\/li>\n<li>Anonymit\u00e4t - keine pers\u00f6nlichen Daten erforderlich.<\/li>\n<li>Spontaneit\u00e4t - jede Verbindung ist zuf\u00e4llig und unvorhersehbar.<\/li>\n<\/ul>\n<p>Es ist Teil einer wachsenden Welle neuer Chat-Plattformen, die leichtgewichtige, schnelle und mobilfreundliche Alternativen zu alten Diensten wie Omegle und Chatroulette bieten.<\/p>\n<h2>Hauptmerkmale des Chatingly<\/h2>\n<p>Die Funktionen des Chatingly sind auf Einfachheit und sofortigen Einsatz ausgelegt, wobei Sicherheit und Benutzerkomfort erhalten bleiben.<\/p>\n<h3>1. Eins-zu-Eins-Videochat<\/h3>\n<ul>\n<li>Sofortige Verbindung mit Fremden per Webcam.<\/li>\n<li>Die Gespr\u00e4che sind privat und zeitlich begrenzt.<\/li>\n<li>Mit der Schaltfl\u00e4che Weiter k\u00f6nnen Sie jederzeit weitermachen.<\/li>\n<\/ul>\n<h3>2. Text-Chat-Option<\/h3>\n<ul>\n<li>Integriertes Textfeld neben dem Video.<\/li>\n<li>Perfekt, wenn Sie lieber tippen oder einen schlechten Ton haben.<\/li>\n<li>Reibungsloser Wechsel zwischen Text und Video.<\/li>\n<\/ul>\n<h3>3. Globaler Benutzerabgleich<\/h3>\n<ul>\n<li>Kn\u00fcpfen Sie Kontakte zu Menschen aus anderen L\u00e4ndern.<\/li>\n<li>Erweitern Sie Ihren Horizont, indem Sie mit Nutzern weltweit chatten.<\/li>\n<\/ul>\n<h3>4. Keine Registrierung erforderlich<\/h3>\n<ul>\n<li>Chatten Sie sofort - kein Konto erforderlich.<\/li>\n<li>Sie m\u00fcssen sich keine E-Mail, keinen Benutzernamen und kein Passwort merken.<\/li>\n<\/ul>\n<h3>5. Mobile Kompatibilit\u00e4t<\/h3>\n<ul>\n<li>Vollst\u00e4ndig f\u00fcr mobile Browser optimiert.<\/li>\n<li>Funktioniert nahtlos sowohl auf Telefonen als auch auf Desktops.<\/li>\n<\/ul>\n<h3>6. Anonymit\u00e4t und Datenschutz<\/h3>\n<ul>\n<li>Keine Profile oder gespeicherten Daten.<\/li>\n<li>Einmal beendete Gespr\u00e4che verschwinden.<\/li>\n<\/ul>\n<h3>7. Einfaches, sauberes Design<\/h3>\n<ul>\n<li>Die minimalistische Benutzeroberfl\u00e4che konzentriert sich auf das Chatten, nicht auf die Men\u00fcs.<\/li>\n<li>Die benutzerfreundliche Navigation macht es ideal f\u00fcr alle Altersgruppen.<\/li>\n<\/ul>\n<h2>So verwenden Sie Chatingly<\/h2>\n<p>Chatingly ist f\u00fcr den sofortigen Zugriff konzipiert - hier erfahren Sie, wie Sie in Sekundenschnelle loslegen k\u00f6nnen.<\/p>\n<h3>Schritt 1: Besuchen Sie die Website<\/h3>\n<p>\u00d6ffnen Sie Chatingly in Ihrem Browser (Desktop oder Handy).<\/p>\n<h3>Schritt 2: Berechtigungen erteilen<\/h3>\n<p>Wenn Sie einen Videochat nutzen m\u00f6chten, erteilen Sie die Erlaubnis f\u00fcr Ihre Kamera und Ihr Mikrofon.<\/p>\n<h3>Schritt 3: Klicken Sie auf \"Chat starten\".<\/h3>\n<p>Sofortige Verbindung zu einem zuf\u00e4lligen Fremden.<\/p>\n<h3>Schritt 4: Chatten oder \u00fcberspringen<\/h3>\n<p>Genie\u00dfen Sie Ihr Gespr\u00e4ch, oder klicken Sie auf \u201cWeiter\u201d, um jemand Neues kennenzulernen.<\/p>\n<h3>Schritt 5: Wiederholen<\/h3>\n<p>Chatten Sie so lange Sie wollen - es gibt kein Zeitlimit.<\/p>\n<p>Durch dieses Drop-in-Drop-out-Modell eignet sich das Chatingly perfekt f\u00fcr spontane Unternehmungen ohne Druck.<\/p>\n<h2>Benutzererfahrung mit dem Chatingly<\/h2>\n<p>Das Chatingly ist leicht, schnell und intuitiv und bietet ein ausgewogenes Verh\u00e4ltnis zwischen Einfachheit und Qualit\u00e4t.<\/p>\n<h3>Was Benutzer m\u00f6gen<\/h3>\n<ul>\n<li>Keine Registrierung oder Downloads erforderlich.<\/li>\n<li>Sofortige Verbindungen - Chatten innerhalb von Sekunden.<\/li>\n<li>Sauberes, ablenkungsfreies Layout.<\/li>\n<li>Funktioniert auf dem Handy und dem Desktop gleicherma\u00dfen gut.<\/li>\n<li>Private, anonyme Erfahrung.<\/li>\n<\/ul>\n<h3>Wo die Nutzer Raum f\u00fcr Verbesserungen sehen<\/h3>\n<ul>\n<li>Keine erweiterten Filter (Geschlecht oder Ort).<\/li>\n<li>Keine Funktion zur Wiederherstellung der Verbindung, wenn Sie einen guten Chat verlieren.<\/li>\n<li>Kleinerer Nutzerstamm im Vergleich zu den gro\u00dfen Plattformen.<\/li>\n<li>Keine integrierten Gemeinschaftsr\u00e4ume oder Freundeslisten.<\/li>\n<\/ul>\n<p>Diese Einschr\u00e4nkungen sind jedoch beabsichtigt - das Chatingly soll leicht und schnell sein und nicht mit zus\u00e4tzlichen Funktionen \u00fcberladen werden.<\/p>\n<h2>Chatingly im Vergleich zu anderen Chat-Plattformen<\/h2>\n<p>Hier sehen Sie, wie Chatingly im Vergleich zu \u00e4hnlichen Zufalls-Chat-Diensten abschneidet:<\/p>\n<table>\n<thead>\n<tr>\n<th>Merkmal<\/th>\n<th>Chatingly<\/th>\n<th>Omegle<\/th>\n<th>Chatroulette<\/th>\n<th>ChatHub<\/th>\n<th>Emerald Chat<\/th>\n<th>Camloo<\/th>\n<\/tr>\n<\/thead>\n<tbody>\n<tr>\n<td>Sofortiges One-on-One-Video<\/td>\n<td>\u2705 Ja<\/td>\n<td>\u2705 Ja<\/td>\n<td>\u2705 Ja<\/td>\n<td>\u2705 Ja<\/td>\n<td>\u2705 Ja<\/td>\n<td>\u2705 Ja<\/td>\n<\/tr>\n<tr>\n<td>Text-Chat-Option<\/td>\n<td>\u2705 Ja<\/td>\n<td>\u2705 Ja<\/td>\n<td>\u2705 Ja<\/td>\n<td>\u2705 Ja<\/td>\n<td>\u2705 Ja<\/td>\n<td>\u2705 Ja<\/td>\n<\/tr>\n<tr>\n<td>Anonymit\u00e4t<\/td>\n<td>\u2705 Stark<\/td>\n<td>\u2705 Stark<\/td>\n<td>\u2705 Stark<\/td>\n<td>\u2705 M\u00e4\u00dfig<\/td>\n<td>\u2705 M\u00e4\u00dfig<\/td>\n<td>\u2705 M\u00e4\u00dfig<\/td>\n<\/tr>\n<tr>\n<td>Filter (Geschlecht\/Ort)<\/td>\n<td>\u274c Nein<\/td>\n<td>\u274c Nein<\/td>\n<td>\u2705 Begrenzt<\/td>\n<td>\u2705 Ja<\/td>\n<td>\u2705 Ja<\/td>\n<td>\u2705 Ja<\/td>\n<\/tr>\n<tr>\n<td>Profile &amp; Freunde<\/td>\n<td>\u274c Nein<\/td>\n<td>\u274c Nein<\/td>\n<td>\u274c Nein<\/td>\n<td>\u2705 Ja<\/td>\n<td>\u2705 Ja<\/td>\n<td>\u274c Nein<\/td>\n<\/tr>\n<tr>\n<td>Mobilfreundlich<\/td>\n<td>\u2705 Ja<\/td>\n<td>\u2705 Ja<\/td>\n<td>\u2705 Ja<\/td>\n<td>\u2705 Ja<\/td>\n<td>\u2705 Ja<\/td>\n<td>\u2705 Ja<\/td>\n<\/tr>\n<\/tbody>\n<\/table>\n<p>Zusammenfassung: Chatingly h\u00e4lt die Dinge einfach - es versucht nicht, soziale Medien oder eine Dating-App zu sein. Stattdessen konzentriert es sich ausschlie\u00dflich auf schnelle, private, zuf\u00e4llige Gespr\u00e4che.<\/p>\n<h2>Ist Chatingly sicher?<\/h2>\n<p>Wie jede Plattform, die Fremde miteinander verbindet, bietet das Chatingly von Haus aus Datenschutz, ist aber dennoch auf eine verantwortungsvolle Nutzung angewiesen.<\/p>\n<h3>Eingebaute Sicherheitsmerkmale<\/h3>\n<ul>\n<li>Keine Konten oder Datenerfassung.<\/li>\n<li>Chats sind zeitlich begrenzt und privat.<\/li>\n<li>Die Schaltfl\u00e4che \"\u00dcberspringen\" erm\u00f6glicht die sofortige Kontrolle \u00fcber Interaktionen.<\/li>\n<\/ul>\n<h3>Sicherheitstipps f\u00fcr Benutzer<\/h3>\n<ul>\n<li>Geben Sie keine pers\u00f6nlichen Daten weiter (richtiger Name, Telefonnummer, soziale Kontakte).<\/li>\n<li>Beenden Sie jedes Gespr\u00e4ch, das sich unangenehm anf\u00fchlt.<\/li>\n<li>Eltern sollten Minderj\u00e4hrige bei der Nutzung des Dienstes \u00fcberwachen.<\/li>\n<li>Verwenden Sie ein VPN f\u00fcr zus\u00e4tzliche Anonymit\u00e4t.<\/li>\n<\/ul>\n<p>Die fehlende Registrierung des Chatingly erh\u00f6ht die Sicherheit - weniger gespeicherte Daten bedeuten ein geringeres Expositionsrisiko.<\/p>\n<h2>Tipps f\u00fcr die optimale Nutzung von Chatingly<\/h2>\n<ul>\n<li>Seien Sie aufgeschlossen. Der Spa\u00df am Zufalls-Chat ist die Unvorhersehbarkeit.<\/li>\n<li>Verwenden Sie Kopfh\u00f6rer, um den Ton klarer zu machen und die Privatsph\u00e4re zu wahren.<\/li>\n<li>Eine gute Beleuchtung verbessert Ihre Videopr\u00e4senz.<\/li>\n<li>Halten Sie die Gespr\u00e4che zwanglos. Humor und Freundlichkeit kommen gut an.<\/li>\n<li>Versuchen Sie es zu verschiedenen Tageszeiten. Abends und am Wochenende ist die Nutzeraktivit\u00e4t am h\u00f6chsten.<\/li>\n<li>Setzen Sie das \u00dcberspringen klug ein. Gehen Sie schnell weiter, wenn die Stimmung nicht stimmt.<\/li>\n<\/ul>\n<p>Diese kleinen \u00c4nderungen k\u00f6nnen einen gro\u00dfen Unterschied in Ihrem Erlebnis ausmachen.<\/p>\n<h2>H\u00e4ufige Probleme und Korrekturen<\/h2>\n<h3>Problem: Kamera oder Mikrofon funktionieren nicht<\/h3>\n<ul>\n<li>Pr\u00fcfen Sie die Browser-Berechtigungen.<\/li>\n<li>Starten Sie die Seite oder das Ger\u00e4t neu.<\/li>\n<li>Stellen Sie sicher, dass keine andere App Ihre Kamera verwendet.<\/li>\n<\/ul>\n<h3>Problem: Wenige Spiele oder lange Wartezeiten<\/h3>\n<ul>\n<li>Versuchen Sie es zu den verkehrsreicheren Zeiten in Ihrer Region.<\/li>\n<li>Aktualisieren Sie die Seite, um die Verbindungswarteschlange neu zu starten.<\/li>\n<\/ul>\n<h3>Problem: Videoverz\u00f6gerung oder schlechte Qualit\u00e4t<\/h3>\n<ul>\n<li>Wechseln Sie zu einer stabilen Wi-Fi-Verbindung.<\/li>\n<li>Schlie\u00dfen Sie andere Registerkarten oder Anwendungen, die Bandbreite verbrauchen.<\/li>\n<\/ul>\n<h3>Problem: Ungeeignete Benutzer<\/h3>\n<ul>\n<li>Sofort \u00fcberspringen.<\/li>\n<li>Melden Sie, ob Moderationswerkzeuge verf\u00fcgbar sind.<\/li>\n<\/ul>\n<h2>Warum man sich f\u00fcr Chatingly entscheidet<\/h2>\n<p>Die Leute wenden sich aus demselben Grund an Chatingly, aus dem Zufalls-Chat-Seiten seit Jahren beliebt sind - der Nervenkitzel des Unbekannten. Aber Chatingly bietet ein paar zus\u00e4tzliche Vorteile:<\/p>\n<ul>\n<li>Sofortiger Zugang - keine Anmeldung oder Einrichtung.<\/li>\n<li>Sauberes Design - minimale Unordnung, maximale Konzentration auf den Chat.<\/li>\n<li>Ger\u00e4te\u00fcbergreifende Kompatibilit\u00e4t - gleicherma\u00dfen gut auf Telefonen und Computern.<\/li>\n<li>Anonymit\u00e4t - sichere, zeitlich begrenzte Unterhaltungen.<\/li>\n<\/ul>\n<p>Es ist die ideale Wahl f\u00fcr alle, die schnelle, authentische soziale Interaktion ohne den L\u00e4rm der sozialen Medien oder Dating-Plattformen suchen.<\/p>\n<h2>Abschlie\u00dfende \u00dcberlegungen: Lohnt sich der Einsatz des Chatingly?<\/h2>\n<p>Wenn Sie auf der Suche nach einem schnellen, anonymen und modernen Video-Chat-Erlebnis sind, ist Chatingly einen Versuch wert. Es f\u00e4ngt die Einfachheit ein, die Omegle ber\u00fchmt gemacht hat, w\u00e4hrend es die Technologie und die Schnittstelle f\u00fcr die heutigen Benutzer aktualisiert.<\/p>\n<p>Es enth\u00e4lt zwar keine Filter, Spiele oder Profilsysteme, macht dies aber durch Schnelligkeit, Privatsph\u00e4re und Zug\u00e4nglichkeit wett - genau das, was viele Nutzer bei einer Zufalls-Chat-Plattform bevorzugen.<\/p>\n<p>Ob Sie wollen oder nicht:<\/p>\n<ul>\n<li>Treffen Sie neue Leute aus der ganzen Welt,<\/li>\n<li>F\u00fchren Sie spontane Unterhaltungen,<\/li>\n<li>Oder unterbrechen Sie einfach die Monotonie Ihres Tages...<\/li>\n<\/ul>\n<p>Das Chatingly liefert den Funken der menschlichen Verbindung in seiner reinsten Form.<\/p>\n<p>Kurz gesagt: Chatingly ist ein leichtgewichtiger, datenschutzfreundlicher Zufallsvideochatdienst, der Einfachheit, globale Reichweite und die Spannung, neue Leute kennenzulernen, miteinander verbindet. Er ist perfekt f\u00fcr Nutzer, die schnelle, echte Unterhaltungen f\u00fchren wollen - jederzeit und \u00fcberall.<\/p>\n<p>Bereit zum Start? Besuchen Sie Chatingly, klicken Sie auf \"Start\", und sehen Sie, wer auf der anderen Seite wartet.<\/p>","protected":false},"excerpt":{"rendered":"<p>In a world where most social apps focus on likes, followers, and curated feeds, Chatingly stands out by bringing back what made the internet exciting in the first place \u2014 real, spontaneous human connection. Designed as a modern random video chat platform, Chatingly connects you instantly with strangers from around the world for one-on-one conversations, [&hellip;]<\/p>\n","protected":false},"author":6,"featured_media":0,"parent":0,"menu_order":0,"comment_status":"closed","ping_status":"closed","template":"","meta":{"footnotes":""},"class_list":["post-12430","page","type-page","status-publish","hentry"],"yoast_head":"<!-- This site is optimized with the Yoast SEO plugin v27.4 - https:\/\/yoast.com\/product\/yoast-seo-wordpress\/ -->\n<title>Chatingly - Video Chat With Strangers Online - TinyChat.com<\/title>\n<meta name=\"description\" content=\"Enjoying Chatingly? Join over 50,000,000 strangers on TinyChat! Turn on your cam and start meeting new people, or find a match.\" \/>\n<meta name=\"robots\" content=\"index, follow, max-snippet:-1, max-image-preview:large, max-video-preview:-1\" \/>\n<link rel=\"canonical\" href=\"https:\/\/tinychat.com\/de\/chatingly\/\" \/>\n<meta property=\"og:locale\" content=\"de_DE\" \/>\n<meta property=\"og:type\" content=\"article\" \/>\n<meta property=\"og:title\" content=\"Chatingly - Video Chat With Strangers Online - TinyChat.com\" \/>\n<meta property=\"og:description\" content=\"Enjoying Chatingly? Join over 50,000,000 strangers on TinyChat! Turn on your cam and start meeting new people, or find a match.\" \/>\n<meta property=\"og:url\" content=\"https:\/\/tinychat.com\/de\/chatingly\/\" \/>\n<meta property=\"og:site_name\" content=\"TinyChat\" \/>\n<meta property=\"article:publisher\" content=\"https:\/\/www.facebook.com\/tinychat\" \/>\n<meta property=\"article:modified_time\" content=\"2025-10-21T11:14:52+00:00\" \/>\n<meta property=\"og:image\" content=\"https:\/\/tinychat.com\/wp-content\/uploads\/2020\/04\/Tinychat-logo-1280x284-new-black.png\" \/>\n\t<meta property=\"og:image:width\" content=\"1280\" \/>\n\t<meta property=\"og:image:height\" content=\"284\" \/>\n\t<meta property=\"og:image:type\" content=\"image\/png\" \/>\n<meta name=\"twitter:card\" content=\"summary_large_image\" \/>\n<meta name=\"twitter:site\" content=\"@tinychat\" \/>\n<meta name=\"twitter:label1\" content=\"Gesch\u00e4tzte Lesezeit\" \/>\n\t<meta name=\"twitter:data1\" content=\"6\u00a0Minuten\" \/>\n<script type=\"application\/ld+json\" class=\"yoast-schema-graph\">{\"@context\":\"https:\\\/\\\/schema.org\",\"@graph\":[{\"@type\":\"WebPage\",\"@id\":\"https:\\\/\\\/tinychat.com\\\/chatingly\\\/\",\"url\":\"https:\\\/\\\/tinychat.com\\\/chatingly\\\/\",\"name\":\"Chatingly - Video Chat With Strangers Online - TinyChat.com\",\"isPartOf\":{\"@id\":\"https:\\\/\\\/tinychat.com\\\/#website\"},\"datePublished\":\"2025-10-21T09:07:35+00:00\",\"dateModified\":\"2025-10-21T11:14:52+00:00\",\"description\":\"Enjoying Chatingly? Join over 50,000,000 strangers on TinyChat! Turn on your cam and start meeting new people, or find a match.\",\"breadcrumb\":{\"@id\":\"https:\\\/\\\/tinychat.com\\\/chatingly\\\/#breadcrumb\"},\"inLanguage\":\"de\",\"potentialAction\":[{\"@type\":\"ReadAction\",\"target\":[\"https:\\\/\\\/tinychat.com\\\/chatingly\\\/\"]}]},{\"@type\":\"BreadcrumbList\",\"@id\":\"https:\\\/\\\/tinychat.com\\\/chatingly\\\/#breadcrumb\",\"itemListElement\":[{\"@type\":\"ListItem\",\"position\":1,\"name\":\"Home\",\"item\":\"https:\\\/\\\/tinychat.com\\\/\"},{\"@type\":\"ListItem\",\"position\":2,\"name\":\"Chatingly\"}]},{\"@type\":\"WebSite\",\"@id\":\"https:\\\/\\\/tinychat.com\\\/#website\",\"url\":\"https:\\\/\\\/tinychat.com\\\/\",\"name\":\"TinyChat\",\"description\":\"Random Video Chat with Strangers\",\"publisher\":{\"@id\":\"https:\\\/\\\/tinychat.com\\\/#organization\"},\"alternateName\":\"TinyChat.com\",\"potentialAction\":[{\"@type\":\"SearchAction\",\"target\":{\"@type\":\"EntryPoint\",\"urlTemplate\":\"https:\\\/\\\/tinychat.com\\\/?s={search_term_string}\"},\"query-input\":{\"@type\":\"PropertyValueSpecification\",\"valueRequired\":true,\"valueName\":\"search_term_string\"}}],\"inLanguage\":\"de\"},{\"@type\":\"Organization\",\"@id\":\"https:\\\/\\\/tinychat.com\\\/#organization\",\"name\":\"TinyChat\",\"alternateName\":\"TinyChat.com\",\"url\":\"https:\\\/\\\/tinychat.com\\\/\",\"logo\":{\"@type\":\"ImageObject\",\"inLanguage\":\"de\",\"@id\":\"https:\\\/\\\/tinychat.com\\\/#\\\/schema\\\/logo\\\/image\\\/\",\"url\":\"https:\\\/\\\/tinychat.com\\\/wp-content\\\/uploads\\\/2023\\\/11\\\/Tinychat-icon-square.png\",\"contentUrl\":\"https:\\\/\\\/tinychat.com\\\/wp-content\\\/uploads\\\/2023\\\/11\\\/Tinychat-icon-square.png\",\"width\":284,\"height\":284,\"caption\":\"TinyChat\"},\"image\":{\"@id\":\"https:\\\/\\\/tinychat.com\\\/#\\\/schema\\\/logo\\\/image\\\/\"},\"sameAs\":[\"https:\\\/\\\/www.facebook.com\\\/tinychat\",\"https:\\\/\\\/x.com\\\/tinychat\"]}]}<\/script>\n<!-- \/ Yoast SEO plugin. -->","yoast_head_json":{"title":"Chatingly - Video Chat mit Fremden online - TinyChat.com","description":"Gef\u00e4llt Ihnen Chatingly? Schlie\u00dfen Sie sich \u00fcber 50.000.000 Fremden auf TinyChat an! Schalte deine Kamera ein und fange an, neue Leute zu treffen, oder finde einen Partner.","robots":{"index":"index","follow":"follow","max-snippet":"max-snippet:-1","max-image-preview":"max-image-preview:large","max-video-preview":"max-video-preview:-1"},"canonical":"https:\/\/tinychat.com\/de\/chatingly\/","og_locale":"de_DE","og_type":"article","og_title":"Chatingly - Video Chat With Strangers Online - TinyChat.com","og_description":"Enjoying Chatingly? Join over 50,000,000 strangers on TinyChat! Turn on your cam and start meeting new people, or find a match.","og_url":"https:\/\/tinychat.com\/de\/chatingly\/","og_site_name":"TinyChat","article_publisher":"https:\/\/www.facebook.com\/tinychat","article_modified_time":"2025-10-21T11:14:52+00:00","og_image":[{"width":1280,"height":284,"url":"https:\/\/tinychat.com\/wp-content\/uploads\/2020\/04\/Tinychat-logo-1280x284-new-black.png","type":"image\/png"}],"twitter_card":"summary_large_image","twitter_site":"@tinychat","twitter_misc":{"Gesch\u00e4tzte Lesezeit":"6\u00a0Minuten"},"schema":{"@context":"https:\/\/schema.org","@graph":[{"@type":"WebPage","@id":"https:\/\/tinychat.com\/chatingly\/","url":"https:\/\/tinychat.com\/chatingly\/","name":"Chatingly - Video Chat mit Fremden online - TinyChat.com","isPartOf":{"@id":"https:\/\/tinychat.com\/#website"},"datePublished":"2025-10-21T09:07:35+00:00","dateModified":"2025-10-21T11:14:52+00:00","description":"Gef\u00e4llt Ihnen Chatingly? Schlie\u00dfen Sie sich \u00fcber 50.000.000 Fremden auf TinyChat an! Schalte deine Kamera ein und fange an, neue Leute zu treffen, oder finde einen Partner.","breadcrumb":{"@id":"https:\/\/tinychat.com\/chatingly\/#breadcrumb"},"inLanguage":"de","potentialAction":[{"@type":"ReadAction","target":["https:\/\/tinychat.com\/chatingly\/"]}]},{"@type":"BreadcrumbList","@id":"https:\/\/tinychat.com\/chatingly\/#breadcrumb","itemListElement":[{"@type":"ListItem","position":1,"name":"Home","item":"https:\/\/tinychat.com\/"},{"@type":"ListItem","position":2,"name":"Chatingly"}]},{"@type":"WebSite","@id":"https:\/\/tinychat.com\/#website","url":"https:\/\/tinychat.com\/","name":"TinyChat","description":"Zuf\u00e4lliger Video-Chat mit Fremden","publisher":{"@id":"https:\/\/tinychat.com\/#organization"},"alternateName":"TinyChat.com","potentialAction":[{"@type":"SearchAction","target":{"@type":"EntryPoint","urlTemplate":"https:\/\/tinychat.com\/?s={search_term_string}"},"query-input":{"@type":"PropertyValueSpecification","valueRequired":true,"valueName":"search_term_string"}}],"inLanguage":"de"},{"@type":"Organization","@id":"https:\/\/tinychat.com\/#organization","name":"TinyChat","alternateName":"TinyChat.com","url":"https:\/\/tinychat.com\/","logo":{"@type":"ImageObject","inLanguage":"de","@id":"https:\/\/tinychat.com\/#\/schema\/logo\/image\/","url":"https:\/\/tinychat.com\/wp-content\/uploads\/2023\/11\/Tinychat-icon-square.png","contentUrl":"https:\/\/tinychat.com\/wp-content\/uploads\/2023\/11\/Tinychat-icon-square.png","width":284,"height":284,"caption":"TinyChat"},"image":{"@id":"https:\/\/tinychat.com\/#\/schema\/logo\/image\/"},"sameAs":["https:\/\/www.facebook.com\/tinychat","https:\/\/x.com\/tinychat"]}]}},"_links":{"self":[{"href":"https:\/\/tinychat.com\/de\/wp-json\/wp\/v2\/pages\/12430","targetHints":{"allow":["GET"]}}],"collection":[{"href":"https:\/\/tinychat.com\/de\/wp-json\/wp\/v2\/pages"}],"about":[{"href":"https:\/\/tinychat.com\/de\/wp-json\/wp\/v2\/types\/page"}],"author":[{"embeddable":true,"href":"https:\/\/tinychat.com\/de\/wp-json\/wp\/v2\/users\/6"}],"replies":[{"embeddable":true,"href":"https:\/\/tinychat.com\/de\/wp-json\/wp\/v2\/comments?post=12430"}],"version-history":[{"count":3,"href":"https:\/\/tinychat.com\/de\/wp-json\/wp\/v2\/pages\/12430\/revisions"}],"predecessor-version":[{"id":13559,"href":"https:\/\/tinychat.com\/de\/wp-json\/wp\/v2\/pages\/12430\/revisions\/13559"}],"wp:attachment":[{"href":"https:\/\/tinychat.com\/de\/wp-json\/wp\/v2\/media?parent=12430"}],"curies":[{"name":"wp","href":"https:\/\/api.w.org\/{rel}","templated":true}]}}