{"id":12446,"date":"2025-08-11T08:59:56","date_gmt":"2025-08-11T06:59:56","guid":{"rendered":"https:\/\/tinychat.com\/?page_id=12446"},"modified":"2025-08-11T09:19:49","modified_gmt":"2025-08-11T07:19:49","slug":"camzey","status":"publish","type":"page","link":"https:\/\/tinychat.com\/de\/camzey\/","title":{"rendered":"Camzey"},"content":{"rendered":"<p>Das Internet hat es einfacher denn je gemacht, mit Menschen in Kontakt zu treten - aber viele soziale Plattformen f\u00fchlen sich repetitiv, kuratiert und vorhersehbar an. Hier kommt Camzey ins Spiel. Camzey wurde f\u00fcr diejenigen entwickelt, die sich nach spontanen Gespr\u00e4chen von Angesicht zu Angesicht sehnen. Camzey bietet eine neue Art des zuf\u00e4lligen Videochats und gibt den Nutzern den Nervenkitzel, neue Leute in Echtzeit zu treffen.<\/p>\n<p>Mit seinem mobilen Design, dem sofortigen Matching-System und der benutzerfreundlichen Oberfl\u00e4che verbindet Camzey die Aufregung \u00fcberraschender Begegnungen mit Tools, die das Chatten sicher, ansprechend und zug\u00e4nglich machen. Egal, ob Sie Freunde finden, eine andere Sprache \u00fcben, flirten oder sich einfach nur die Zeit vertreiben m\u00f6chten, Camzey bietet eine Welt voller M\u00f6glichkeiten - eine zuf\u00e4llige Verbindung nach der anderen.<\/p>\n<p>In diesem ausf\u00fchrlichen Testbericht erfahren Sie alles, was Sie \u00fcber das Camzey wissen m\u00fcssen, einschlie\u00dflich der Funktionen, des Einrichtungsvorgangs, der Benutzererfahrung, der Sicherheitsma\u00dfnahmen und wie es im Vergleich zu anderen Plattformen in diesem Bereich abschneidet.<\/p>\n<h2>Was ist Camzey?<\/h2>\n<p>Camzey ist eine Zufalls-Videochat-Plattform, die Sie sofort mit Fremden aus der ganzen Welt verbindet. Anstatt Profile zu durchst\u00f6bern oder endlos zu swipen, werden Sie in Live-Gespr\u00e4che von Angesicht zu Angesicht verwickelt, in denen Sie auf nat\u00fcrliche Weise interagieren und in Echtzeit entscheiden k\u00f6nnen, ob Sie weitermachen oder weitermachen wollen.<\/p>\n<p>Wie Omegle, Chatroulette oder ChatHub konzentriert sich Camzey auf den direkten menschlichen Kontakt, f\u00fcgt aber moderne Videostreaming-Technologie, Benutzerfilter und Tools zum Schutz der Privatsph\u00e4re hinzu, um den Chat reibungsloser und ansprechender zu gestalten. Das Ergebnis ist ein Chat-Erlebnis, das sich spontan und dennoch sicher anf\u00fchlt.<\/p>\n<h2>Hauptmerkmale des Camzey<\/h2>\n<p>Camzey ist nicht einfach nur ein weiterer Chat-Klon - es ist vollgepackt mit n\u00fctzlichen Funktionen, die den Gespr\u00e4chsfluss aufrechterhalten und das Entdecken zum Vergn\u00fcgen machen.<\/p>\n<h3>1. Sofortiger zuf\u00e4lliger Video-Chat<\/h3>\n<ul>\n<li>Verbinden Sie sich in Sekundenschnelle mit Fremden \u00fcberall auf der Welt.<\/li>\n<li>Hochwertige Video- und Audioqualit\u00e4t f\u00fcr nat\u00fcrliche Gespr\u00e4che.<\/li>\n<li>Einfach wischen oder tippen, um zu \u00fcberspringen und jemand Neues zu treffen.<\/li>\n<\/ul>\n<h3>2. Filter f\u00fcr Ort und Geschlecht<\/h3>\n<ul>\n<li>Grenzen Sie Ihre Treffer auf bestimmte L\u00e4nder oder Regionen ein.<\/li>\n<li>Filtern Sie nach Geschlecht, um ein ma\u00dfgeschneidertes Chaterlebnis zu erhalten.<\/li>\n<li>Filter sind optional - lassen Sie sie aus, um die Zuf\u00e4lligkeit zu erhalten.<\/li>\n<\/ul>\n<h3>3. Text-Chat-Option<\/h3>\n<ul>\n<li>Tippen Sie, statt zu sprechen, wenn Sie es vorziehen.<\/li>\n<li>Teilen Sie Links, Witze oder kurze \u00dcbersetzungen w\u00e4hrend Videoanrufen.<\/li>\n<\/ul>\n<h3>4. Freundschaftssystem &amp; Wiederverbinden<\/h3>\n<ul>\n<li>F\u00fcgen Sie Nutzer, mit denen Sie sich gerne unterhalten, als Freunde hinzu.<\/li>\n<li>Nachrichten- oder Video-Chat wieder ohne zuf\u00e4lliges Matching.<\/li>\n<\/ul>\n<h3>5. Lustige Filter und Effekte<\/h3>\n<ul>\n<li>Wenden Sie w\u00e4hrend der Anrufe Aufkleber, Masken und AR-Effekte an.<\/li>\n<li>Gestalten Sie Ihr Erscheinungsbild individuell oder bringen Sie Humor in Gespr\u00e4che.<\/li>\n<\/ul>\n<h3>6. Tools f\u00fcr Datenschutz und Sicherheit<\/h3>\n<ul>\n<li>Unsch\u00e4rfevorschau, damit Sie die Benutzer vor dem Aufheben der Unsch\u00e4rfe sehen k\u00f6nnen.<\/li>\n<li>Schnellmelde- und Sperrschaltfl\u00e4chen f\u00fcr problematische Nutzer.<\/li>\n<li>Moderationsteam zur \u00dcberpr\u00fcfung der Berichte 24\/7.<\/li>\n<\/ul>\n<h3>7. Mobile-First-Erfahrung<\/h3>\n<ul>\n<li>Optimiert f\u00fcr iOS und Android.<\/li>\n<li>Schnelle Ladezeiten und minimale Verz\u00f6gerung bei Videoanrufen.<\/li>\n<\/ul>\n<h2>So verwenden Sie Camzey<\/h2>\n<p>Das Design des Camzey macht es einsteigerfreundlich, auch f\u00fcr diejenigen, die noch nie einen zuf\u00e4lligen Videochat benutzt haben.<\/p>\n<h3>Schritt 1: Zugriff auf Camzey<\/h3>\n<ul>\n<li>Verf\u00fcgbar als mobile App f\u00fcr iOS und Android.<\/li>\n<li>Einige Funktionen k\u00f6nnen \u00fcber einen Webbrowser zug\u00e4nglich sein.<\/li>\n<\/ul>\n<h3>Schritt 2: Anmelden oder Gastmodus verwenden<\/h3>\n<ul>\n<li>Sie k\u00f6nnen auch ohne Registrierung mit dem Chatten beginnen, aber wenn Sie sich anmelden, k\u00f6nnen Sie es tun:\n<ul>\n<li>Freunde retten.<\/li>\n<li>Einstellungen festlegen.<\/li>\n<li>Filter freischalten.<\/li>\n<\/ul>\n<\/li>\n<\/ul>\n<h3>Schritt 3: Einstellen Ihrer Pr\u00e4ferenzen<\/h3>\n<ul>\n<li>W\u00e4hlen Sie die Filter f\u00fcr Geschlecht und Region (falls gew\u00fcnscht).<\/li>\n<li>Aktivieren\/deaktivieren Sie den Unsch\u00e4rfevorschau-Modus.<\/li>\n<li>Passen Sie die Mikrofon- und Kameraeinstellungen an.<\/li>\n<\/ul>\n<h3>Schritt 4: Chatten beginnen<\/h3>\n<ul>\n<li>Tippen Sie auf Start, um eine sofortige Verbindung herzustellen.<\/li>\n<li>Entscheiden Sie, ob Sie das Gespr\u00e4ch fortsetzen oder zu einem neuen Gespr\u00e4chspartner \u00fcbergehen wollen.<\/li>\n<\/ul>\n<h3>Schritt 5: Freunde hinzuf\u00fcgen oder weiter browsen<\/h3>\n<ul>\n<li>Klicken Sie auf \"Freund hinzuf\u00fcgen\", um die Verbindung f\u00fcr sp\u00e4ter zu speichern.<\/li>\n<li>Chatten Sie so lange mit neuen Leuten, wie Sie wollen.<\/li>\n<\/ul>\n<h2>Benutzererfahrung mit dem Camzey<\/h2>\n<p>Das Camzey konzentriert sich auf Einfachheit und reibungslose Leistung, so dass es f\u00fcr Gelegenheitsnutzer erschwinglich, aber auch f\u00fcr regelm\u00e4\u00dfige Nutzer interessant genug ist.<\/p>\n<h3>Was Benutzer lieben<\/h3>\n<ul>\n<li>Schnelle Verbindungen - keine Wartezeiten oder Warteschlangen.<\/li>\n<li>Klare Videoqualit\u00e4t und stabiler Ton.<\/li>\n<li>Option zum Filtern von Treffern f\u00fcr relevantere Chats.<\/li>\n<li>Lustige Filter, die den Anrufen Pers\u00f6nlichkeit verleihen.<\/li>\n<li>Keine komplizierte Einrichtung - einfach antippen und loslegen.<\/li>\n<li>Datenschutz-Tools wie Unsch\u00e4rfemodus und Schnellsperrung.<\/li>\n<\/ul>\n<h3>Wo die Nutzer Raum f\u00fcr Verbesserungen sehen<\/h3>\n<ul>\n<li>Kostenlose Nutzer m\u00fcssen m\u00f6glicherweise mit Einschr\u00e4nkungen bei den Filtern rechnen.<\/li>\n<li>Kleine regionale Nutzerbasen in bestimmten Zeitzonen.<\/li>\n<li>Kein eingebautes \u00dcbersetzungsprogramm (im Gegensatz zu Azar).<\/li>\n<li>Ein reines App-Erlebnis kann Desktop-Nutzer abschrecken.<\/li>\n<\/ul>\n<h2>Camzey im Vergleich zu anderen Zufalls-Videochat-Plattformen<\/h2>\n<table>\n<thead>\n<tr>\n<th>Merkmal<\/th>\n<th>Camzey<\/th>\n<th>OmegleWeb<\/th>\n<th>ChatHub<\/th>\n<th>LuckyCrush<\/th>\n<th>Azar<\/th>\n<th>HOLLA<\/th>\n<\/tr>\n<\/thead>\n<tbody>\n<tr>\n<td>Random Video Chat mit Fremden<\/td>\n<td>\u2705 Ja<\/td>\n<td>\u2705 Ja<\/td>\n<td>\u2705 Ja<\/td>\n<td>\u2705 Ja<\/td>\n<td>\u2705 Ja<\/td>\n<td>\u2705 Ja<\/td>\n<\/tr>\n<tr>\n<td>Geschlecht\/Ort-Filter<\/td>\n<td>\u2705 Ja<\/td>\n<td>\u26a0\ufe0f Begrenzt<\/td>\n<td>\u2705 Ja<\/td>\n<td>\u2705 Ja<\/td>\n<td>\u2705 Ja<\/td>\n<td>\u2705 Ja<\/td>\n<\/tr>\n<tr>\n<td>Unsch\u00e4rfe-Vorschau-Modus<\/td>\n<td>\u2705 Ja<\/td>\n<td>\u274c Nein<\/td>\n<td>\u2705 Ja<\/td>\n<td>\u274c Nein<\/td>\n<td>\u2705 Ja<\/td>\n<td>\u274c Nein<\/td>\n<\/tr>\n<tr>\n<td>Fun-Effekte\/Filter<\/td>\n<td>\u2705 Ja<\/td>\n<td>\u274c Nein<\/td>\n<td>\u2705 Ja<\/td>\n<td>\u274c Nein<\/td>\n<td>\u2705 Ja<\/td>\n<td>\u2705 Ja<\/td>\n<\/tr>\n<tr>\n<td>Freundschaftssystem<\/td>\n<td>\u2705 Ja<\/td>\n<td>\u274c Nein<\/td>\n<td>\u2705 Ja<\/td>\n<td>\u2705 Ja<\/td>\n<td>\u2705 Ja<\/td>\n<td>\u2705 Ja<\/td>\n<\/tr>\n<tr>\n<td>Mobile App<\/td>\n<td>\u2705 Ja<\/td>\n<td>\u2705 Ja<\/td>\n<td>\u2705 Ja<\/td>\n<td>\u2705 Ja<\/td>\n<td>\u2705 Ja<\/td>\n<td>\u2705 Ja<\/td>\n<\/tr>\n<tr>\n<td>\u00dcbersetzung<\/td>\n<td>\u274c Nein<\/td>\n<td>\u274c Nein<\/td>\n<td>\u274c Nein<\/td>\n<td>\u274c Nein<\/td>\n<td>\u2705 Ja<\/td>\n<td>\u274c Nein<\/td>\n<\/tr>\n<\/tbody>\n<\/table>\n<p>Fazit: Camzey bietet eine solide Videoqualit\u00e4t, einen schnellen Abgleich und Tools zum Schutz der Privatsph\u00e4re - ein guter Mittelweg zwischen sehr einfachen Diensten wie OmegleWeb und stark sozial ausgerichteten Apps wie Azar.<\/p>\n<h2>Ist Camzey sicher?<\/h2>\n<p>Ja-Camzey enth\u00e4lt mehrere integrierte Sicherheitsfunktionen:<\/p>\n<ul>\n<li>Die KI-Moderation filtert unangemessene Inhalte.<\/li>\n<li>Die Berichts-\/Blockfunktionen sind jederzeit zug\u00e4nglich.<\/li>\n<li>Der optionale Unsch\u00e4rfemodus blendet das Video aus, bis Sie es anzeigen lassen.<\/li>\n<li>Die Nutzer k\u00f6nnen anonym bleiben - sie m\u00fcssen keine pers\u00f6nlichen Daten preisgeben.<\/li>\n<\/ul>\n<h3>Sicherheitstipps<\/h3>\n<ul>\n<li>Vermeiden Sie es, in Chats private Details preiszugeben.<\/li>\n<li>Beenden Sie das Gespr\u00e4ch sofort, wenn Sie sich unwohl f\u00fchlen.<\/li>\n<li>Verwenden Sie Geschlechts- und Ortsfilter, um die Belichtung einzuschr\u00e4nken, falls gew\u00fcnscht.<\/li>\n<li>Bei der Nutzung der App durch Minderj\u00e4hrige sollten die Eltern die Aufsicht f\u00fchren.<\/li>\n<\/ul>\n<h2>Tipps zur optimalen Nutzung des Camzey<\/h2>\n<ul>\n<li>Verwenden Sie Filter, wenn Sie nach einer bestimmten Bev\u00f6lkerungsgruppe suchen.<\/li>\n<li>Experimentieren Sie mit Effekten, damit Gespr\u00e4che mehr Spa\u00df machen.<\/li>\n<li>Versuchen Sie den globalen Modus, um Menschen aus ganz anderen Kulturen kennenzulernen.<\/li>\n<li>Melden Sie sich zu Spitzenzeiten in Ihrer Zielregion an, um mehr Treffer zu erzielen.<\/li>\n<li>Halten Sie Ihre Kamera klar und gut beleuchtet, um bessere Eindr\u00fccke zu erhalten.<\/li>\n<li>Melden Sie b\u00f6swillige Akteure, um eine sichere Gemeinschaft zu erhalten.<\/li>\n<\/ul>\n<h2>H\u00e4ufige Camzey-Probleme und L\u00f6sungen<\/h2>\n<h3>Kann keine Verbindung herstellen<\/h3>\n<p>\u00dcberpr\u00fcfen Sie Ihre Internetgeschwindigkeit und lassen Sie Kamera\/Mikrofon zu.<\/p>\n<h3>Schlechte Videoqualit\u00e4t<\/h3>\n<p>Wechseln Sie zu Wi-Fi oder einem st\u00e4rkeren Datensignal; schlie\u00dfen Sie Hintergrundanwendungen.<\/p>\n<h3>Filter Gesperrt<\/h3>\n<p>Melden Sie sich an und pr\u00fcfen Sie, ob Sie M\u00fcnzen oder einen Premium-Zugang ben\u00f6tigen.<\/p>\n<h3>Begegnung mit unangemessenen Benutzern<\/h3>\n<p>Sperren und sofort melden - die Moderation ist reaktionsschnell.<\/p>\n<p>Wenn Sie ein unkompliziertes, modernes Video-Chat-Erlebnis ohne unn\u00f6tigen Schnickschnack suchen, ist das Camzey genau das Richtige f\u00fcr Sie. Es kombiniert den Nervenkitzel, Fremde zu treffen, mit gen\u00fcgend Privatsph\u00e4re-Tools, um die Dinge sicher zu halten, und sein mobiles Design sorgt f\u00fcr ein reibungsloses, App-freundliches Erlebnis.<\/p>\n<p>Auch wenn einige fortschrittliche Funktionen wie Echtzeit-\u00dcbersetzung fehlen, ist es eine gute Option f\u00fcr Benutzer, die Geschwindigkeit, Einfachheit und zwanglose Verbindungen sch\u00e4tzen. Ganz gleich, ob Sie neue Freundschaften schlie\u00dfen, sich kulturell austauschen oder einfach nur unterhaltsame Gespr\u00e4che f\u00fchren m\u00f6chten, Camzey ist es wert, dass Sie es zu Ihren Chat-Plattformen hinzuf\u00fcgen.<\/p>\n<p>Bereit zum Chatten? Laden Sie Camzey auf Ihr mobiles Ger\u00e4t herunter, legen Sie Ihre Einstellungen fest und sehen Sie, wen Sie als n\u00e4chstes treffen - so einfach ist das.<\/p>","protected":false},"excerpt":{"rendered":"<p>The internet has made it easier than ever to connect with people\u2014but many social platforms feel repetitive, curated, and predictable. That\u2019s where Camzey comes in. Designed for those who crave spontaneous, face-to-face conversations, Camzey offers a fresh take on the random video chat experience, giving users the thrill of meeting someone new in real time. [&hellip;]<\/p>\n","protected":false},"author":6,"featured_media":0,"parent":0,"menu_order":0,"comment_status":"closed","ping_status":"closed","template":"","meta":{"footnotes":""},"class_list":["post-12446","page","type-page","status-publish","hentry"],"yoast_head":"<!-- This site is optimized with the Yoast SEO plugin v27.5 - https:\/\/yoast.com\/product\/yoast-seo-wordpress\/ -->\n<title>Camzey - Alternative to OmeTV &amp; Monkey App - TinyChat.com<\/title>\n<meta name=\"description\" content=\"Enjoying Camzey? Join over 50,000,000 strangers on TinyChat! Turn on your cam and start meeting new people, or find a match.\" \/>\n<meta name=\"robots\" content=\"index, follow, max-snippet:-1, max-image-preview:large, max-video-preview:-1\" \/>\n<link rel=\"canonical\" href=\"https:\/\/tinychat.com\/de\/camzey\/\" \/>\n<meta property=\"og:locale\" content=\"de_DE\" \/>\n<meta property=\"og:type\" content=\"article\" \/>\n<meta property=\"og:title\" content=\"Camzey - Alternative to OmeTV &amp; Monkey App - TinyChat.com\" \/>\n<meta property=\"og:description\" content=\"Enjoying Camzey? Join over 50,000,000 strangers on TinyChat! Turn on your cam and start meeting new people, or find a match.\" \/>\n<meta property=\"og:url\" content=\"https:\/\/tinychat.com\/de\/camzey\/\" \/>\n<meta property=\"og:site_name\" content=\"TinyChat\" \/>\n<meta property=\"article:publisher\" content=\"https:\/\/www.facebook.com\/tinychat\" \/>\n<meta property=\"article:modified_time\" content=\"2025-08-11T07:19:49+00:00\" \/>\n<meta property=\"og:image\" content=\"https:\/\/tinychat.com\/wp-content\/uploads\/2020\/04\/Tinychat-logo-1280x284-new-black.png\" \/>\n\t<meta property=\"og:image:width\" content=\"1280\" \/>\n\t<meta property=\"og:image:height\" content=\"284\" \/>\n\t<meta property=\"og:image:type\" content=\"image\/png\" \/>\n<meta name=\"twitter:card\" content=\"summary_large_image\" \/>\n<meta name=\"twitter:site\" content=\"@tinychat\" \/>\n<meta name=\"twitter:label1\" content=\"Gesch\u00e4tzte Lesezeit\" \/>\n\t<meta name=\"twitter:data1\" content=\"5\u00a0Minuten\" \/>\n<script type=\"application\/ld+json\" class=\"yoast-schema-graph\">{\"@context\":\"https:\\\/\\\/schema.org\",\"@graph\":[{\"@type\":\"WebPage\",\"@id\":\"https:\\\/\\\/tinychat.com\\\/camzey\\\/\",\"url\":\"https:\\\/\\\/tinychat.com\\\/camzey\\\/\",\"name\":\"Camzey - Alternative to OmeTV & Monkey App - TinyChat.com\",\"isPartOf\":{\"@id\":\"https:\\\/\\\/tinychat.com\\\/#website\"},\"datePublished\":\"2025-08-11T06:59:56+00:00\",\"dateModified\":\"2025-08-11T07:19:49+00:00\",\"description\":\"Enjoying Camzey? Join over 50,000,000 strangers on TinyChat! Turn on your cam and start meeting new people, or find a match.\",\"breadcrumb\":{\"@id\":\"https:\\\/\\\/tinychat.com\\\/camzey\\\/#breadcrumb\"},\"inLanguage\":\"de\",\"potentialAction\":[{\"@type\":\"ReadAction\",\"target\":[\"https:\\\/\\\/tinychat.com\\\/camzey\\\/\"]}]},{\"@type\":\"BreadcrumbList\",\"@id\":\"https:\\\/\\\/tinychat.com\\\/camzey\\\/#breadcrumb\",\"itemListElement\":[{\"@type\":\"ListItem\",\"position\":1,\"name\":\"Home\",\"item\":\"https:\\\/\\\/tinychat.com\\\/\"},{\"@type\":\"ListItem\",\"position\":2,\"name\":\"Camzey\"}]},{\"@type\":\"WebSite\",\"@id\":\"https:\\\/\\\/tinychat.com\\\/#website\",\"url\":\"https:\\\/\\\/tinychat.com\\\/\",\"name\":\"TinyChat\",\"description\":\"Random Video Chat with Strangers\",\"publisher\":{\"@id\":\"https:\\\/\\\/tinychat.com\\\/#organization\"},\"alternateName\":\"TinyChat.com\",\"potentialAction\":[{\"@type\":\"SearchAction\",\"target\":{\"@type\":\"EntryPoint\",\"urlTemplate\":\"https:\\\/\\\/tinychat.com\\\/?s={search_term_string}\"},\"query-input\":{\"@type\":\"PropertyValueSpecification\",\"valueRequired\":true,\"valueName\":\"search_term_string\"}}],\"inLanguage\":\"de\"},{\"@type\":\"Organization\",\"@id\":\"https:\\\/\\\/tinychat.com\\\/#organization\",\"name\":\"TinyChat\",\"alternateName\":\"TinyChat.com\",\"url\":\"https:\\\/\\\/tinychat.com\\\/\",\"logo\":{\"@type\":\"ImageObject\",\"inLanguage\":\"de\",\"@id\":\"https:\\\/\\\/tinychat.com\\\/#\\\/schema\\\/logo\\\/image\\\/\",\"url\":\"https:\\\/\\\/tinychat.com\\\/wp-content\\\/uploads\\\/2023\\\/11\\\/Tinychat-icon-square.png\",\"contentUrl\":\"https:\\\/\\\/tinychat.com\\\/wp-content\\\/uploads\\\/2023\\\/11\\\/Tinychat-icon-square.png\",\"width\":284,\"height\":284,\"caption\":\"TinyChat\"},\"image\":{\"@id\":\"https:\\\/\\\/tinychat.com\\\/#\\\/schema\\\/logo\\\/image\\\/\"},\"sameAs\":[\"https:\\\/\\\/www.facebook.com\\\/tinychat\",\"https:\\\/\\\/x.com\\\/tinychat\"]}]}<\/script>\n<!-- \/ Yoast SEO plugin. -->","yoast_head_json":{"title":"Camzey - Alternative zu OmeTV &amp; Monkey App - TinyChat.com","description":"Gef\u00e4llt Ihnen Camzey? Schlie\u00dfen Sie sich \u00fcber 50.000.000 Fremden auf TinyChat an! Schalte deine Kamera ein und fange an, neue Leute zu treffen, oder finde einen Partner.","robots":{"index":"index","follow":"follow","max-snippet":"max-snippet:-1","max-image-preview":"max-image-preview:large","max-video-preview":"max-video-preview:-1"},"canonical":"https:\/\/tinychat.com\/de\/camzey\/","og_locale":"de_DE","og_type":"article","og_title":"Camzey - Alternative to OmeTV & Monkey App - TinyChat.com","og_description":"Enjoying Camzey? Join over 50,000,000 strangers on TinyChat! Turn on your cam and start meeting new people, or find a match.","og_url":"https:\/\/tinychat.com\/de\/camzey\/","og_site_name":"TinyChat","article_publisher":"https:\/\/www.facebook.com\/tinychat","article_modified_time":"2025-08-11T07:19:49+00:00","og_image":[{"width":1280,"height":284,"url":"https:\/\/tinychat.com\/wp-content\/uploads\/2020\/04\/Tinychat-logo-1280x284-new-black.png","type":"image\/png"}],"twitter_card":"summary_large_image","twitter_site":"@tinychat","twitter_misc":{"Gesch\u00e4tzte Lesezeit":"5\u00a0Minuten"},"schema":{"@context":"https:\/\/schema.org","@graph":[{"@type":"WebPage","@id":"https:\/\/tinychat.com\/camzey\/","url":"https:\/\/tinychat.com\/camzey\/","name":"Camzey - Alternative zu OmeTV &amp; Monkey App - TinyChat.com","isPartOf":{"@id":"https:\/\/tinychat.com\/#website"},"datePublished":"2025-08-11T06:59:56+00:00","dateModified":"2025-08-11T07:19:49+00:00","description":"Gef\u00e4llt Ihnen Camzey? Schlie\u00dfen Sie sich \u00fcber 50.000.000 Fremden auf TinyChat an! Schalte deine Kamera ein und fange an, neue Leute zu treffen, oder finde einen Partner.","breadcrumb":{"@id":"https:\/\/tinychat.com\/camzey\/#breadcrumb"},"inLanguage":"de","potentialAction":[{"@type":"ReadAction","target":["https:\/\/tinychat.com\/camzey\/"]}]},{"@type":"BreadcrumbList","@id":"https:\/\/tinychat.com\/camzey\/#breadcrumb","itemListElement":[{"@type":"ListItem","position":1,"name":"Home","item":"https:\/\/tinychat.com\/"},{"@type":"ListItem","position":2,"name":"Camzey"}]},{"@type":"WebSite","@id":"https:\/\/tinychat.com\/#website","url":"https:\/\/tinychat.com\/","name":"TinyChat","description":"Zuf\u00e4lliger Video-Chat mit Fremden","publisher":{"@id":"https:\/\/tinychat.com\/#organization"},"alternateName":"TinyChat.com","potentialAction":[{"@type":"SearchAction","target":{"@type":"EntryPoint","urlTemplate":"https:\/\/tinychat.com\/?s={search_term_string}"},"query-input":{"@type":"PropertyValueSpecification","valueRequired":true,"valueName":"search_term_string"}}],"inLanguage":"de"},{"@type":"Organization","@id":"https:\/\/tinychat.com\/#organization","name":"TinyChat","alternateName":"TinyChat.com","url":"https:\/\/tinychat.com\/","logo":{"@type":"ImageObject","inLanguage":"de","@id":"https:\/\/tinychat.com\/#\/schema\/logo\/image\/","url":"https:\/\/tinychat.com\/wp-content\/uploads\/2023\/11\/Tinychat-icon-square.png","contentUrl":"https:\/\/tinychat.com\/wp-content\/uploads\/2023\/11\/Tinychat-icon-square.png","width":284,"height":284,"caption":"TinyChat"},"image":{"@id":"https:\/\/tinychat.com\/#\/schema\/logo\/image\/"},"sameAs":["https:\/\/www.facebook.com\/tinychat","https:\/\/x.com\/tinychat"]}]}},"_links":{"self":[{"href":"https:\/\/tinychat.com\/de\/wp-json\/wp\/v2\/pages\/12446","targetHints":{"allow":["GET"]}}],"collection":[{"href":"https:\/\/tinychat.com\/de\/wp-json\/wp\/v2\/pages"}],"about":[{"href":"https:\/\/tinychat.com\/de\/wp-json\/wp\/v2\/types\/page"}],"author":[{"embeddable":true,"href":"https:\/\/tinychat.com\/de\/wp-json\/wp\/v2\/users\/6"}],"replies":[{"embeddable":true,"href":"https:\/\/tinychat.com\/de\/wp-json\/wp\/v2\/comments?post=12446"}],"version-history":[{"count":4,"href":"https:\/\/tinychat.com\/de\/wp-json\/wp\/v2\/pages\/12446\/revisions"}],"predecessor-version":[{"id":13432,"href":"https:\/\/tinychat.com\/de\/wp-json\/wp\/v2\/pages\/12446\/revisions\/13432"}],"wp:attachment":[{"href":"https:\/\/tinychat.com\/de\/wp-json\/wp\/v2\/media?parent=12446"}],"curies":[{"name":"wp","href":"https:\/\/api.w.org\/{rel}","templated":true}]}}