{"id":12463,"date":"2025-08-04T11:13:51","date_gmt":"2025-08-04T09:13:51","guid":{"rendered":"https:\/\/tinychat.com\/?page_id=12463"},"modified":"2025-08-04T11:49:51","modified_gmt":"2025-08-04T09:49:51","slug":"chitchat","status":"publish","type":"page","link":"https:\/\/tinychat.com\/de\/chitchat\/","title":{"rendered":"ChitChat"},"content":{"rendered":"<p>Da die Online-Welt zunehmend mit sozialen Netzwerken und App-gesteuerten Plattformen \u00fcberf\u00fcllt ist, suchen viele Nutzer nach etwas Authentischerem und Einfacherem - einem Ort, an dem man sich unterhalten, Freunde finden und Ideen austauschen kann, ohne Algorithmen, Profile oder invasive Datenerfassung. ChitChat hat sich als f\u00fchrendes Ziel f\u00fcr kostenlosen, anonymen, browserbasierten Chat etabliert und bietet die perfekte Mischung aus der Energie eines Chatrooms der alten Schule und moderner Privatsph\u00e4re, Benutzerfreundlichkeit und Gemeinschaft.<\/p>\n<p>Ganz gleich, ob Sie neue Leute kennenlernen, Ihre Interessen in einer Gruppe diskutieren, Ratschl\u00e4ge einholen oder einfach nur ein zuf\u00e4lliges Gespr\u00e4ch mit einem Fremden f\u00fchren m\u00f6chten, ChitChat bringt Menschen aus der ganzen Welt in einer einladenden, sicheren und benutzerfreundlichen Umgebung zusammen - keine Downloads oder Registrierung erforderlich.<\/p>\n<p>In diesem ausf\u00fchrlichen Leitfaden erfahren Sie alles, was Sie \u00fcber ChitChat wissen m\u00fcssen: was es ist, seine herausragenden Funktionen, Benutzerfreundlichkeit, Datenschutz und Sicherheit, der Vergleich mit anderen Chat-Plattformen, Fehlerbehebung und Expertentipps, um das Beste aus jeder Sitzung herauszuholen.<\/p>\n<h2>Was ist ChitChat?<\/h2>\n<p>ChitChat ist eine browserbasierte, anonyme Chat-Plattform, die sowohl zuf\u00e4llige Einzelchats als auch offene Gruppen-Chatr\u00e4ume bietet. ChitChat wurde f\u00fcr diejenigen entwickelt, die Wert auf Privatsph\u00e4re und Spontaneit\u00e4t legen. Mit ChitChat k\u00f6nnen Sie sofort in Unterhaltungen einsteigen - keine Anmeldung, keine E-Mail und keine komplizierte Einrichtung.<\/p>\n<p>ChitChat ist ideal f\u00fcr:<\/p>\n<ul>\n<li>Anonyme Einzelgespr\u00e4che mit Fremden<\/li>\n<li>Thematische Gruppenr\u00e4ume (Interesse, Sprache, Land, Altersgruppe, etc.)<\/li>\n<li>Sicheres, datenschutzfreundliches Chatten<\/li>\n<li>Zwangloses Kennenlernen, Flirten, Unterst\u00fctzung oder Beratung<\/li>\n<li>Verbinden von jedem Ger\u00e4t aus, \u00fcberall<\/li>\n<\/ul>\n<p>Bei der Plattform geht es um Echtzeit-Kommunikation ohne Barrieren - keine sozialen Profile, kein Tracking und die totale Freiheit, man selbst zu sein.<\/p>\n<h2>Hauptmerkmale von ChitChat<\/h2>\n<p>ChitChat unterscheidet sich von anderen Plattformen dadurch, dass der Schwerpunkt auf der Bef\u00e4higung der Nutzer, der Sicherheit und der Benutzerfreundlichkeit liegt:<\/p>\n<h3>1. Keine Registrierung erforderlich<\/h3>\n<p>Sie k\u00f6nnen sich in Sekundenschnelle in ein Gespr\u00e4ch einklinken - w\u00e4hlen Sie einfach einen Spitznamen und beginnen Sie zu chatten. Sie m\u00fcssen keine pers\u00f6nlichen Daten, E-Mails oder Telefonnummern angeben.<\/p>\n<h3>2. Standardm\u00e4\u00dfig anonym<\/h3>\n<p>Bleiben Sie so privat wie Sie wollen. ChitChat verlangt keine echten Namen und speichert keine identifizierenden Informationen, so dass jeder Chat ein sicherer Raum f\u00fcr einen offenen Dialog ist.<\/p>\n<h3>3. Zufallsgesteuerter Eins-zu-Eins-Chat<\/h3>\n<p>Verbinden Sie sich sofort mit Fremden in privaten Eins-zu-Eins-Chats. Mit der Schaltfl\u00e4che \"Weiter\" k\u00f6nnen Sie schnell zu einem neuen Match weitergehen, wenn die Unterhaltung nicht passt.<\/p>\n<h3>4. Gruppen-Chatr\u00e4ume<\/h3>\n<p>Entdecken Sie eine Vielzahl von Gruppen-Chatr\u00e4umen nach Interesse, Land, Sprache, Altersgruppe oder Thema. Beteiligen Sie sich an der globalen Konversation oder erstellen Sie Ihre eigene private Gruppe.<\/p>\n<h3>5. Einfache, moderne Schnittstelle<\/h3>\n<p>Das \u00fcbersichtliche und intuitive Layout von ChitChat funktioniert sowohl auf Desktop- als auch auf mobilen Browsern nahtlos. Keine Werbung, kein Durcheinander - nur Chat.<\/p>\n<h3>6. Emoji und Medienfreigabe<\/h3>\n<p>Dr\u00fccken Sie sich mit einer umfassenden Bibliothek von Emojis und (sofern aktiviert) mit der sicheren Freigabe von Bildern oder GIFs aus, um Unterhaltungen lebendiger und ausdrucksst\u00e4rker zu gestalten.<\/p>\n<h3>7. Individuelle Raumgestaltung<\/h3>\n<p>Benutzer k\u00f6nnen private oder \u00f6ffentliche Gruppenr\u00e4ume mit eigenen Namen, Themen und Zugangskontrollen erstellen. Teilen Sie einen Link, um Freunde einzuladen oder machen Sie ihn f\u00fcr alle zug\u00e4nglich.<\/p>\n<h3>8. Sofortige Moderationstools<\/h3>\n<p>Melden oder blockieren Sie Benutzer mit einem einzigen Klick. Die aktive Moderation von ChitChat h\u00e4lt die Umgebung respektvoll und spamfrei.<\/p>\n<h3>9. Tempor\u00e4re, sichere Chats<\/h3>\n<p>ChitChat protokolliert den Chatverlauf nicht - wenn du einen Raum verl\u00e4sst oder einen Chat schlie\u00dft, verschwinden deine Nachrichten f\u00fcr immer, so dass keine Spuren hinterlassen werden.<\/p>\n<h3>10. Filter f\u00fcr Sprache und Standort<\/h3>\n<p>Sie k\u00f6nnen sich mit Menschen aus bestimmten L\u00e4ndern oder mit Menschen, die Ihre Sprache sprechen, zusammentun - ideal, um die Sprache zu \u00fcben oder Freunde in Ihrer N\u00e4he zu finden.<\/p>\n<h2>Wie man ChitChat benutzt<\/h2>\n<p>Die Nutzung von ChitChat ist reibungslos und intuitiv gestaltet:<\/p>\n<h3>Schritt 1: Besuchen Sie die ChitChat-Website<\/h3>\n<p>Rufen Sie chitchat.com (oder Ihre lokale Version) in einem beliebigen Webbrowser auf.<\/p>\n<h3>Schritt 2: W\u00e4hlen Sie einen Spitznamen<\/h3>\n<p>Geben Sie einen Spitznamen Ihrer Wahl ein - echte Namen sind nicht erforderlich.<\/p>\n<h3>Schritt 3: W\u00e4hlen Sie einen Chat-Modus<\/h3>\n<ul>\n<li>Zufalls-Chat: Lassen Sie sich sofort mit einem Fremden f\u00fcr einen privaten Chat unter vier Augen verbinden.<\/li>\n<li>Gruppenr\u00e4ume: Durchsuchen Sie Gruppenr\u00e4ume nach Thema, Land, Sprache oder Interesse.<\/li>\n<li>Einen Raum erstellen: Richten Sie Ihren eigenen Gruppenraum f\u00fcr Freunde oder \u00f6ffentliche Konversationen ein.<\/li>\n<\/ul>\n<h3>Schritt 4: Chatten beginnen<\/h3>\n<p>Sagen Sie Hallo, stellen Sie Fragen oder steigen Sie direkt in die Diskussion ein. Verwenden Sie die Schaltfl\u00e4che \"Weiter\", um zu einem neuen Chat im Zufallsmodus zu wechseln oder einem anderen Gruppenraum beizutreten.<\/p>\n<h3>Schritt 5: Emojis und Medien verwenden<\/h3>\n<p>F\u00fcgen Sie Emojis zu Ihren Nachrichten hinzu oder teilen Sie, sofern erlaubt, sichere Bilder und GIFs, um Chats ausdrucksst\u00e4rker zu machen.<\/p>\n<h3>Schritt 6: Melden oder Sperren nach Bedarf<\/h3>\n<p>Wenn Sie auf Trolle, Spam oder Missbrauch sto\u00dfen, nutzen Sie die Melde- oder Blockierfunktion - die Moderatoren handeln schnell, um die Plattform sauber zu halten.<\/p>\n<h2>Benutzererfahrung auf ChitChat<\/h2>\n<p>Bei ChitChat geht es um Freiheit, Einfachheit und authentische Gespr\u00e4che:<\/p>\n<h3>Was Benutzer lieben<\/h3>\n<ul>\n<li>Keine m\u00fchsame Anmeldung: Sofortiger, anonymer Zugang zu allen Chats.<\/li>\n<li>Globale Gemeinschaft: Treffen Sie Menschen aus allen Kontinenten und zu jeder Tageszeit.<\/li>\n<li>Modernes, mobilfreundliches Design: Funktioniert gro\u00dfartig auf jedem Ger\u00e4t, mit einem sauberen Layout.<\/li>\n<li>Starker Datenschutz: Keine Protokolle, keine Profile, kein Tracking.<\/li>\n<li>Anpassbare R\u00e4ume: Legen Sie Ihre eigenen Themen fest und laden Sie Freunde mit einem Link ein.<\/li>\n<li>Aktive Moderation: Schnelle Reaktion auf Spam oder Missbrauch.<\/li>\n<li>Lustige Emojis und gemeinsame Nutzung von Bildern: Machen Sie Unterhaltungen lebendiger.<\/li>\n<\/ul>\n<h3>Wo die Nutzer Raum f\u00fcr Verbesserungen sehen<\/h3>\n<ul>\n<li>Kein Video- oder Audio-Chat (derzeit nur textbasiert).<\/li>\n<li>Einige Funktionen (wie die Freigabe von Bildern) sind im Zufalls-Chat aus Sicherheitsgr\u00fcnden eingeschr\u00e4nkt.<\/li>\n<li>Weniger Nutzer am sp\u00e4ten Abend im Vergleich zu gro\u00dfen globalen Plattformen.<\/li>\n<li>Der vollst\u00e4ndige Gespr\u00e4chsverlauf ist nicht verf\u00fcgbar (aus Gr\u00fcnden des Datenschutzes).<\/li>\n<\/ul>\n<h3>Echtes Benutzer-Feedback<\/h3>\n<blockquote><p>\"Ich nutze ChitChat, um am Ende des Tages zu entspannen - keine Anmeldung, kein \u00c4rger, nur echte Gespr\u00e4che mit Fremden oder Freunden.\"<br \/>\n- <em>Emily R., Trustpilot<\/em><\/p><\/blockquote>\n<blockquote><p>\"Ich liebe die Gruppenr\u00e4ume. Das ist der beste Weg, um Leute mit \u00e4hnlichen Interessen zu treffen, ohne sich um die Privatsph\u00e4re sorgen zu m\u00fcssen.\"<br \/>\n- <em>Ali M., Google Bewertungen<\/em><\/p><\/blockquote>\n<blockquote><p>\"Die Meldetaste funktioniert tats\u00e4chlich - die Moderatoren sperren Trolle schnell. F\u00fchlt sich viel sicherer an als die meisten zuf\u00e4lligen Chat-Apps.\"<br \/>\n- <em>Sophie T., App Store<\/em><\/p><\/blockquote>\n<h2>ChitChat vs. andere anonyme Chat-Plattformen<\/h2>\n<p>Wie schneidet ChitChat im Vergleich zu f\u00fchrenden anonymen Chat-Plattformen ab?<\/p>\n<table>\n<thead>\n<tr>\n<th>Merkmal<\/th>\n<th>ChitChat<\/th>\n<th>Chatiwi<\/th>\n<th>Chatiw<\/th>\n<th>Chatib<\/th>\n<th>Yesichat<\/th>\n<th>Chatzy<\/th>\n<\/tr>\n<\/thead>\n<tbody>\n<tr>\n<td>Keine Registrierung erforderlich<\/td>\n<td>\u2705 Ja<\/td>\n<td>\u2705 Ja<\/td>\n<td>\u2705 Ja<\/td>\n<td>\u2705 Ja<\/td>\n<td>\u2705 Ja<\/td>\n<td>\u2705 Ja<\/td>\n<\/tr>\n<tr>\n<td>Standardm\u00e4\u00dfig anonym<\/td>\n<td>\u2705 Ja<\/td>\n<td>\u2705 Ja<\/td>\n<td>\u2705 Ja<\/td>\n<td>\u2705 Ja<\/td>\n<td>\u2705 Ja<\/td>\n<td>\u2705 Ja<\/td>\n<\/tr>\n<tr>\n<td>Zufalls- und Gruppenchat<\/td>\n<td>\u2705 Beide<\/td>\n<td>\u2705 Beide<\/td>\n<td>\u2705 Beide<\/td>\n<td>\u2705 Beide<\/td>\n<td>\u2705 Beide<\/td>\n<td>\u2705 Beide<\/td>\n<\/tr>\n<tr>\n<td>Medien\/Emoji-Freigabe<\/td>\n<td>\u2705 Ja<\/td>\n<td>\u2705 Ja<\/td>\n<td>\u2705 Ja<\/td>\n<td>\u2705 Ja<\/td>\n<td>\u2705 Ja<\/td>\n<td>\u2705 Ja<\/td>\n<\/tr>\n<tr>\n<td>Individuelle Raumgestaltung<\/td>\n<td>\u2705 Ja<\/td>\n<td>\u2705 Ja<\/td>\n<td>\u274c Nein<\/td>\n<td>\u274c Nein<\/td>\n<td>\u2705 Ja<\/td>\n<td>\u2705 Ja<\/td>\n<\/tr>\n<tr>\n<td>Moderations-Tools<\/td>\n<td>\u2705 Stark<\/td>\n<td>\u2705 Stark<\/td>\n<td>\u26a0\ufe0f Einige<\/td>\n<td>\u2705 Ja<\/td>\n<td>\u2705 Ja<\/td>\n<td>\u2705 Ja<\/td>\n<\/tr>\n<tr>\n<td>Kein Chat-Verlauf wird gespeichert<\/td>\n<td>\u2705 Ja<\/td>\n<td>\u2705 Ja<\/td>\n<td>\u274c Nein<\/td>\n<td>\u274c Nein<\/td>\n<td>\u2705 Ja<\/td>\n<td>\u2705 Ja<\/td>\n<\/tr>\n<tr>\n<td>Mobiloptimiert<\/td>\n<td>\u2705 Ja<\/td>\n<td>\u2705 Ja<\/td>\n<td>\u2705 Ja<\/td>\n<td>\u2705 Ja<\/td>\n<td>\u2705 Ja<\/td>\n<td>\u2705 Ja<\/td>\n<\/tr>\n<\/tbody>\n<\/table>\n<p>Zusammenfassung: ChitChat zeichnet sich durch seine Benutzerfreundlichkeit, die Mischung aus Zufalls- und Gruppenchats, die hohe Privatsph\u00e4re und die anpassbaren Gruppenr\u00e4ume aus - perfekt f\u00fcr spontane Unterhaltungen und kontinuierliche Gemeinschaft.<\/p>\n<h2>Ist ChitChat sicher?<\/h2>\n<p>Bei der Entwicklung von ChitChat standen der Datenschutz und die Sicherheit der Nutzer im Mittelpunkt:<\/p>\n<ul>\n<li>Keine Registrierung, keine pers\u00f6nlichen Daten werden gesammelt<\/li>\n<li>Anonymer Chat - w\u00e4hle deinen eigenen Spitznamen<\/li>\n<li>Keine Gespr\u00e4chsprotokolle oder Vorratsdatenspeicherung<\/li>\n<li>Aktives Moderationsteam f\u00fcr Missbrauch und Spam<\/li>\n<li>Tools f\u00fcr Benutzerberichte und -sperren<\/li>\n<li>Keine Werbung oder Tracking durch Dritte<\/li>\n<\/ul>\n<h3>Sicherheitstipps<\/h3>\n<ul>\n<li>Geben Sie in einem Chat keine pers\u00f6nlichen Daten oder echte Namen an.<\/li>\n<li>Nutzen Sie private R\u00e4ume f\u00fcr vertrauliche Gespr\u00e4che, \u00f6ffentliche Gruppenr\u00e4ume f\u00fcr die Gemeinschaft.<\/li>\n<li>Melden Sie alle Bel\u00e4stigungen, Spam oder unangemessenen Inhalte.<\/li>\n<li>Vertrauen Sie auf Ihren Instinkt - verlassen Sie jedes Gespr\u00e4ch, das Ihnen unangenehm ist.<\/li>\n<\/ul>\n<h2>Tipps f\u00fcr die optimale Nutzung von ChitChat<\/h2>\n<ul>\n<li>Beginnen Sie mit einer freundlichen Begr\u00fc\u00dfung: Er\u00f6ffnet mehr Gespr\u00e4che.<\/li>\n<li>Erkunden Sie Gruppenr\u00e4ume: Eine gute M\u00f6glichkeit, Freunde zu finden oder Themen eingehend zu diskutieren.<\/li>\n<li>Erstellen Sie Ihren eigenen Raum: Perfekt f\u00fcr private Chats oder thematische Diskussionen.<\/li>\n<li>Dr\u00fccken Sie sich aus: Verwenden Sie Emojis und, wenn m\u00f6glich, Bilder, um Chats ansprechender zu gestalten.<\/li>\n<li>M\u00e4\u00dfigen Sie Ihre Erfahrungen: Verwenden Sie bei Bedarf die Blockier-\/Meldefunktionen.<\/li>\n<li>Wechseln Sie zwischen Ger\u00e4ten: Genie\u00dfen Sie ein nahtloses Erlebnis auf dem Handy oder dem Desktop.<\/li>\n<li>Bleiben Sie anonym: Sch\u00fctzen Sie Ihre Privatsph\u00e4re - geben Sie niemals sensible Informationen weiter.<\/li>\n<\/ul>\n<h2>Fehlersuche bei h\u00e4ufigen ChitChat-Problemen<\/h2>\n<h3>Verbindung kann nicht hergestellt werden oder der Chat wird nicht geladen<\/h3>\n<p>\u00dcberpr\u00fcfen Sie Ihre Internetverbindung, aktualisieren Sie Ihren Browser oder versuchen Sie es mit einem anderen Ger\u00e4t.<\/p>\n<h3>Bildfreigabe funktioniert nicht<\/h3>\n<p>\u00dcberpr\u00fcfen Sie die Dateigr\u00f6\u00dfen und -typen; der Austausch von Bildern kann im Zufalls-Chat aus Sicherheitsgr\u00fcnden eingeschr\u00e4nkt sein.<\/p>\n<h3>Begegnungen mit Trollen oder Spam<\/h3>\n<p>Blockieren oder melden Sie den Benutzer - die Moderatoren handeln schnell, um Verst\u00f6\u00dfe zu entfernen.<\/p>\n<h3>Verlorener Chatverlauf<\/h3>\n<p>Chats werden aus Gr\u00fcnden des Datenschutzes nicht gespeichert. Speichern Sie alle wichtigen Informationen, bevor Sie den Raum verlassen.<\/p>\n<h3>Wenige Nutzer online<\/h3>\n<p>Probieren Sie verschiedene Gruppenr\u00e4ume oder Tageszeiten aus. Erstellen Sie Ihren eigenen Raum und laden Sie Freunde zu einem privaten Chat ein.<\/p>\n<p>Auf jeden Fall - vor allem f\u00fcr alle, die ein schnelles, privates und anonymes Chaterlebnis ohne Registrierung, Tracking oder aufdringliche Werbung suchen. ChitChat ist die perfekte moderne Mischung aus klassischem Chatroom-Spa\u00df und den besten Datenschutzfunktionen von heute.<\/p>\n<p>Egal, ob Sie alleine chatten, an einer Gruppendiskussion teilnehmen oder Ihre eigene Chat-Community aufbauen m\u00f6chten, ChitChat bietet eine sichere, einladende Plattform f\u00fcr authentische Online-Gespr\u00e4che - jederzeit, \u00fcberall und mit jedem.<\/p>\n<p>Bereit zum Chatten? Besuchen Sie chitchat.com, w\u00e4hlen Sie Ihren Nickname und Ihren Modus und beginnen Sie sofort mit Ihrem n\u00e4chsten Gespr\u00e4ch.<\/p>","protected":false},"excerpt":{"rendered":"<p>As the online world becomes increasingly crowded with social networks and app-driven platforms, many users are searching for something more authentic and simple\u2014a place to talk, make friends, and share ideas without algorithms, profiles, or invasive data collection. ChitChat has emerged as a leading destination for free, anonymous, browser-based chat, offering the perfect blend of [&hellip;]<\/p>\n","protected":false},"author":6,"featured_media":0,"parent":0,"menu_order":0,"comment_status":"closed","ping_status":"closed","template":"","meta":{"footnotes":""},"class_list":["post-12463","page","type-page","status-publish","hentry"],"yoast_head":"<!-- This site is optimized with the Yoast SEO plugin v27.5 - https:\/\/yoast.com\/product\/yoast-seo-wordpress\/ -->\n<title>ChitChat - Talk to Strangers Online - TinyChat.com<\/title>\n<meta name=\"description\" content=\"Enjoying ChitChat? Join over 50,000,000 strangers on TinyChat! Turn on your cam and start meeting new people, or find a match.\" \/>\n<meta name=\"robots\" content=\"index, follow, max-snippet:-1, max-image-preview:large, max-video-preview:-1\" \/>\n<link rel=\"canonical\" href=\"https:\/\/tinychat.com\/de\/chitchat\/\" \/>\n<meta property=\"og:locale\" content=\"de_DE\" \/>\n<meta property=\"og:type\" content=\"article\" \/>\n<meta property=\"og:title\" content=\"ChitChat - Talk to Strangers Online - TinyChat.com\" \/>\n<meta property=\"og:description\" content=\"Enjoying ChitChat? Join over 50,000,000 strangers on TinyChat! Turn on your cam and start meeting new people, or find a match.\" \/>\n<meta property=\"og:url\" content=\"https:\/\/tinychat.com\/de\/chitchat\/\" \/>\n<meta property=\"og:site_name\" content=\"TinyChat\" \/>\n<meta property=\"article:publisher\" content=\"https:\/\/www.facebook.com\/tinychat\" \/>\n<meta property=\"article:modified_time\" content=\"2025-08-04T09:49:51+00:00\" \/>\n<meta property=\"og:image\" content=\"https:\/\/tinychat.com\/wp-content\/uploads\/2020\/04\/Tinychat-logo-1280x284-new-black.png\" \/>\n\t<meta property=\"og:image:width\" content=\"1280\" \/>\n\t<meta property=\"og:image:height\" content=\"284\" \/>\n\t<meta property=\"og:image:type\" content=\"image\/png\" \/>\n<meta name=\"twitter:card\" content=\"summary_large_image\" \/>\n<meta name=\"twitter:site\" content=\"@tinychat\" \/>\n<meta name=\"twitter:label1\" content=\"Gesch\u00e4tzte Lesezeit\" \/>\n\t<meta name=\"twitter:data1\" content=\"7\u00a0Minuten\" \/>\n<script type=\"application\/ld+json\" class=\"yoast-schema-graph\">{\"@context\":\"https:\\\/\\\/schema.org\",\"@graph\":[{\"@type\":\"WebPage\",\"@id\":\"https:\\\/\\\/tinychat.com\\\/chitchat\\\/\",\"url\":\"https:\\\/\\\/tinychat.com\\\/chitchat\\\/\",\"name\":\"ChitChat - Talk to Strangers Online - TinyChat.com\",\"isPartOf\":{\"@id\":\"https:\\\/\\\/tinychat.com\\\/#website\"},\"datePublished\":\"2025-08-04T09:13:51+00:00\",\"dateModified\":\"2025-08-04T09:49:51+00:00\",\"description\":\"Enjoying ChitChat? Join over 50,000,000 strangers on TinyChat! Turn on your cam and start meeting new people, or find a match.\",\"breadcrumb\":{\"@id\":\"https:\\\/\\\/tinychat.com\\\/chitchat\\\/#breadcrumb\"},\"inLanguage\":\"de\",\"potentialAction\":[{\"@type\":\"ReadAction\",\"target\":[\"https:\\\/\\\/tinychat.com\\\/chitchat\\\/\"]}]},{\"@type\":\"BreadcrumbList\",\"@id\":\"https:\\\/\\\/tinychat.com\\\/chitchat\\\/#breadcrumb\",\"itemListElement\":[{\"@type\":\"ListItem\",\"position\":1,\"name\":\"Home\",\"item\":\"https:\\\/\\\/tinychat.com\\\/\"},{\"@type\":\"ListItem\",\"position\":2,\"name\":\"ChitChat\"}]},{\"@type\":\"WebSite\",\"@id\":\"https:\\\/\\\/tinychat.com\\\/#website\",\"url\":\"https:\\\/\\\/tinychat.com\\\/\",\"name\":\"TinyChat\",\"description\":\"Random Video Chat with Strangers\",\"publisher\":{\"@id\":\"https:\\\/\\\/tinychat.com\\\/#organization\"},\"alternateName\":\"TinyChat.com\",\"potentialAction\":[{\"@type\":\"SearchAction\",\"target\":{\"@type\":\"EntryPoint\",\"urlTemplate\":\"https:\\\/\\\/tinychat.com\\\/?s={search_term_string}\"},\"query-input\":{\"@type\":\"PropertyValueSpecification\",\"valueRequired\":true,\"valueName\":\"search_term_string\"}}],\"inLanguage\":\"de\"},{\"@type\":\"Organization\",\"@id\":\"https:\\\/\\\/tinychat.com\\\/#organization\",\"name\":\"TinyChat\",\"alternateName\":\"TinyChat.com\",\"url\":\"https:\\\/\\\/tinychat.com\\\/\",\"logo\":{\"@type\":\"ImageObject\",\"inLanguage\":\"de\",\"@id\":\"https:\\\/\\\/tinychat.com\\\/#\\\/schema\\\/logo\\\/image\\\/\",\"url\":\"https:\\\/\\\/tinychat.com\\\/wp-content\\\/uploads\\\/2023\\\/11\\\/Tinychat-icon-square.png\",\"contentUrl\":\"https:\\\/\\\/tinychat.com\\\/wp-content\\\/uploads\\\/2023\\\/11\\\/Tinychat-icon-square.png\",\"width\":284,\"height\":284,\"caption\":\"TinyChat\"},\"image\":{\"@id\":\"https:\\\/\\\/tinychat.com\\\/#\\\/schema\\\/logo\\\/image\\\/\"},\"sameAs\":[\"https:\\\/\\\/www.facebook.com\\\/tinychat\",\"https:\\\/\\\/x.com\\\/tinychat\"]}]}<\/script>\n<!-- \/ Yoast SEO plugin. -->","yoast_head_json":{"title":"ChitChat - Mit Fremden online sprechen - TinyChat.com","description":"Gef\u00e4llt Ihnen der ChitChat? Schlie\u00dfen Sie sich \u00fcber 50.000.000 Fremden auf TinyChat an! Schalte deine Kamera ein und fange an, neue Leute zu treffen, oder finde einen Partner.","robots":{"index":"index","follow":"follow","max-snippet":"max-snippet:-1","max-image-preview":"max-image-preview:large","max-video-preview":"max-video-preview:-1"},"canonical":"https:\/\/tinychat.com\/de\/chitchat\/","og_locale":"de_DE","og_type":"article","og_title":"ChitChat - Talk to Strangers Online - TinyChat.com","og_description":"Enjoying ChitChat? Join over 50,000,000 strangers on TinyChat! Turn on your cam and start meeting new people, or find a match.","og_url":"https:\/\/tinychat.com\/de\/chitchat\/","og_site_name":"TinyChat","article_publisher":"https:\/\/www.facebook.com\/tinychat","article_modified_time":"2025-08-04T09:49:51+00:00","og_image":[{"width":1280,"height":284,"url":"https:\/\/tinychat.com\/wp-content\/uploads\/2020\/04\/Tinychat-logo-1280x284-new-black.png","type":"image\/png"}],"twitter_card":"summary_large_image","twitter_site":"@tinychat","twitter_misc":{"Gesch\u00e4tzte Lesezeit":"7\u00a0Minuten"},"schema":{"@context":"https:\/\/schema.org","@graph":[{"@type":"WebPage","@id":"https:\/\/tinychat.com\/chitchat\/","url":"https:\/\/tinychat.com\/chitchat\/","name":"ChitChat - Mit Fremden online sprechen - TinyChat.com","isPartOf":{"@id":"https:\/\/tinychat.com\/#website"},"datePublished":"2025-08-04T09:13:51+00:00","dateModified":"2025-08-04T09:49:51+00:00","description":"Gef\u00e4llt Ihnen der ChitChat? Schlie\u00dfen Sie sich \u00fcber 50.000.000 Fremden auf TinyChat an! Schalte deine Kamera ein und fange an, neue Leute zu treffen, oder finde einen Partner.","breadcrumb":{"@id":"https:\/\/tinychat.com\/chitchat\/#breadcrumb"},"inLanguage":"de","potentialAction":[{"@type":"ReadAction","target":["https:\/\/tinychat.com\/chitchat\/"]}]},{"@type":"BreadcrumbList","@id":"https:\/\/tinychat.com\/chitchat\/#breadcrumb","itemListElement":[{"@type":"ListItem","position":1,"name":"Home","item":"https:\/\/tinychat.com\/"},{"@type":"ListItem","position":2,"name":"ChitChat"}]},{"@type":"WebSite","@id":"https:\/\/tinychat.com\/#website","url":"https:\/\/tinychat.com\/","name":"TinyChat","description":"Zuf\u00e4lliger Video-Chat mit Fremden","publisher":{"@id":"https:\/\/tinychat.com\/#organization"},"alternateName":"TinyChat.com","potentialAction":[{"@type":"SearchAction","target":{"@type":"EntryPoint","urlTemplate":"https:\/\/tinychat.com\/?s={search_term_string}"},"query-input":{"@type":"PropertyValueSpecification","valueRequired":true,"valueName":"search_term_string"}}],"inLanguage":"de"},{"@type":"Organization","@id":"https:\/\/tinychat.com\/#organization","name":"TinyChat","alternateName":"TinyChat.com","url":"https:\/\/tinychat.com\/","logo":{"@type":"ImageObject","inLanguage":"de","@id":"https:\/\/tinychat.com\/#\/schema\/logo\/image\/","url":"https:\/\/tinychat.com\/wp-content\/uploads\/2023\/11\/Tinychat-icon-square.png","contentUrl":"https:\/\/tinychat.com\/wp-content\/uploads\/2023\/11\/Tinychat-icon-square.png","width":284,"height":284,"caption":"TinyChat"},"image":{"@id":"https:\/\/tinychat.com\/#\/schema\/logo\/image\/"},"sameAs":["https:\/\/www.facebook.com\/tinychat","https:\/\/x.com\/tinychat"]}]}},"_links":{"self":[{"href":"https:\/\/tinychat.com\/de\/wp-json\/wp\/v2\/pages\/12463","targetHints":{"allow":["GET"]}}],"collection":[{"href":"https:\/\/tinychat.com\/de\/wp-json\/wp\/v2\/pages"}],"about":[{"href":"https:\/\/tinychat.com\/de\/wp-json\/wp\/v2\/types\/page"}],"author":[{"embeddable":true,"href":"https:\/\/tinychat.com\/de\/wp-json\/wp\/v2\/users\/6"}],"replies":[{"embeddable":true,"href":"https:\/\/tinychat.com\/de\/wp-json\/wp\/v2\/comments?post=12463"}],"version-history":[{"count":4,"href":"https:\/\/tinychat.com\/de\/wp-json\/wp\/v2\/pages\/12463\/revisions"}],"predecessor-version":[{"id":13379,"href":"https:\/\/tinychat.com\/de\/wp-json\/wp\/v2\/pages\/12463\/revisions\/13379"}],"wp:attachment":[{"href":"https:\/\/tinychat.com\/de\/wp-json\/wp\/v2\/media?parent=12463"}],"curies":[{"name":"wp","href":"https:\/\/api.w.org\/{rel}","templated":true}]}}