{"id":12587,"date":"2025-12-02T08:51:12","date_gmt":"2025-12-02T06:51:12","guid":{"rendered":"https:\/\/tinychat.com\/?page_id=12587"},"modified":"2025-12-02T10:51:13","modified_gmt":"2025-12-02T08:51:13","slug":"rabbit-video-chat","status":"publish","type":"page","link":"https:\/\/tinychat.com\/de\/rabbit-video-chat\/","title":{"rendered":"Kaninchen-Videochat"},"content":{"rendered":"<p>In einem Internetzeitalter voller kuratierter Profile, Highlight-Reels und endlosem Scrollen bietet Rabbit Video Chat etwas erfrischend Neues: eine direkte M\u00f6glichkeit, Fremde in Echtzeit pers\u00f6nlich kennenzulernen. Keine Algorithmen, keine Anmeldungen und keine komplizierten Funktionen \u2013 nur spontane Verbindungen mit Menschen auf der ganzen Welt.<\/p>\n<p>Egal, ob Sie auf der Suche nach einem kurzen Gespr\u00e4ch, ungezwungenem Spa\u00df oder einer neuen Perspektive von jemandem sind, den Sie nie erwartet h\u00e4tten \u2013 Rabbit Video Chat bietet ein schnelles, einfaches und spannendes Erlebnis f\u00fcr alle, die den Nervenkitzel zuf\u00e4lliger Online-Begegnungen lieben.<\/p>\n<p>Diese ausf\u00fchrliche Bewertung befasst sich mit der Frage, was Rabbit Video Chat ist, wie es funktioniert, seinen wichtigsten Funktionen, der Benutzererfahrung, der Sicherheit, Vergleichen, der Fehlerbehebung und Tipps, um jede Chat-Sitzung genie\u00dfen zu k\u00f6nnen.<\/p>\n<h2>Was ist Rabbit Video Chat?<\/h2>\n<p>Rabbit Video Chat ist eine Plattform f\u00fcr zuf\u00e4llige Einzelvideochats, die Sie \u00fcber die Webcam sofort mit Fremden verbindet. \u00c4hnlich wie Omegle, Chatroulette oder neuere Plattformen wie Umingle und Randomskip konzentriert sich Rabbit Video Chat auf schnelles Matching, minimale Einrichtung und echte menschliche Interaktion.<\/p>\n<p>Sie ben\u00f6tigen weder ein Konto noch eine App oder ein pers\u00f6nliches Profil \u2013 alles funktioniert direkt \u00fcber Ihren Browser.<\/p>\n<p>Rabbit Video Chat spricht Nutzer an, die Folgendes w\u00fcnschen:<\/p>\n<ul>\n<li>Live-Video-Gespr\u00e4che<\/li>\n<li>Eine Auszeit von sozialen Medien und kuratierten Identit\u00e4ten<\/li>\n<li>Sofortiger Zugriff ohne Anmeldung<\/li>\n<li>Eine anonyme Umgebung ohne Druck<\/li>\n<li>Eine unterhaltsame M\u00f6glichkeit, neue Leute aus aller Welt kennenzulernen<\/li>\n<\/ul>\n<p>Seine Einfachheit macht ihn zu einem der am einfachsten zu bedienenden Zufalls-Video-Chat-Dienste, egal ob Sie globale Unterhaltungen erkunden oder einfach nur Zeit verbringen m\u00f6chten.<\/p>\n<h2>Wichtigste Funktionen von Rabbit Video Chat<\/h2>\n<p>Rabbit Video Chat h\u00e4lt die Dinge einfach und bietet dennoch alle wichtigen Tools f\u00fcr ein reibungsloses Chat-Erlebnis. Hier sind die herausragenden Funktionen der Plattform:<\/p>\n<h3>1. Zuf\u00e4lliger Video-Chat unter vier Augen<\/h3>\n<ul>\n<li>Verbinden Sie sich sofort \u00fcber eine Live-Webcam mit einem Fremden.<\/li>\n<li>Reibungslose Leistung mit geringer Latenz<\/li>\n<li>Funktioniert ohne Registrierung<\/li>\n<\/ul>\n<p>Das ist der Kern von Rabbit Video Chat \u2013 reine, spontane Unterhaltung.<\/p>\n<h3>2. Schaltfl\u00e4che \u201eSofort \u00fcberspringen\u201c<\/h3>\n<ul>\n<li>Wechseln Sie jederzeit zu einer neuen Unterhaltung.<\/li>\n<li>Sorgt f\u00fcr ein schnelles und dynamisches Erlebnis<\/li>\n<li>F\u00f6rdert Entdeckungslust und Abwechslung<\/li>\n<\/ul>\n<h3>3. Text-Chat-Unterst\u00fctzung<\/h3>\n<ul>\n<li>Nachrichten neben oder anstelle des Videos eingeben<\/li>\n<li>N\u00fctzlich f\u00fcr Benutzer, die lieber tippen<\/li>\n<li>Hilft dabei, bei neuen Begegnungen das Eis zu brechen<\/li>\n<\/ul>\n<h3>4. Keine Registrierung erforderlich<\/h3>\n<ul>\n<li>Sofort mit dem Chatten beginnen<\/li>\n<li>Keine E-Mail-Adresse, Telefonnummer oder Profil erforderlich<\/li>\n<li>Erh\u00f6hte Privatsph\u00e4re und Anonymit\u00e4t<\/li>\n<\/ul>\n<h3>5. Mobilfreundliche Erfahrung<\/h3>\n<ul>\n<li>Funktioniert gut auf Smartphones und Tablets<\/li>\n<li>Das responsive Layout passt sich Ihrem Bildschirm an.<\/li>\n<li>Ideal f\u00fcr Unterhaltungen unterwegs<\/li>\n<\/ul>\n<h3>6. Globale \u00dcbereinstimmung<\/h3>\n<ul>\n<li>Menschen aus vielen verschiedenen L\u00e4ndern kennenlernen<\/li>\n<li>Gut f\u00fcr Sprachpraxis und kulturellen Austausch<\/li>\n<li>Ein vielf\u00e4ltiger, sich st\u00e4ndig ver\u00e4ndernder Nutzerpool<\/li>\n<\/ul>\n<h3>7. Frei zu verwenden<\/h3>\n<ul>\n<li>Keine versteckten Geb\u00fchren oder Premium-Funktionen<\/li>\n<li>Unbegrenzte Chats und \u00dcberspringen<\/li>\n<\/ul>\n<h3>8. \u00dcbersichtliche, moderne Benutzeroberfl\u00e4che<\/h3>\n<ul>\n<li>Minimale Unordnung f\u00fcr einfache Navigation<\/li>\n<li>Intuitives Design, ideal f\u00fcr Erstnutzer<\/li>\n<\/ul>\n<h2>So verwenden Sie Rabbit Video Chat<\/h2>\n<p>Rabbit Video Chat ist auf maximale Einfachheit ausgelegt, sodass auch neue Benutzer sofort eine Verbindung herstellen k\u00f6nnen.<\/p>\n<h3>Schritt 1: Besuchen Sie die Website<\/h3>\n<p>\u00d6ffnen Sie Rabbit Video Chat direkt in Ihrem Browser (Desktop oder Mobilger\u00e4t).<\/p>\n<h3>Schritt 2: Zugriff auf Kamera und Mikrofon zulassen<\/h3>\n<p>Erteilen Sie die Berechtigung, damit die Plattform Video und Audio aktivieren kann.<\/p>\n<h3>Schritt 3: Klicken Sie auf \u201cStart\u201d.\u201d<\/h3>\n<p>Sie werden sofort mit einem zuf\u00e4lligen Fremden zusammengebracht.<\/p>\n<h3>Schritt 4: Chatten, verbinden oder \u00fcberspringen<\/h3>\n<p>Sie k\u00f6nnen:<\/p>\n<ul>\n<li>Das Gespr\u00e4ch fortsetzen<\/li>\n<li>Tippen statt sprechen<\/li>\n<li>Klicken Sie auf \u201cWeiter\u201d, um jemanden Neues kennenzulernen.<\/li>\n<\/ul>\n<h3>Schritt 5: Nach Belieben wiederholen<\/h3>\n<p>Es gibt keine Begrenzung hinsichtlich der Anzahl der Nutzer, die Sie treffen k\u00f6nnen \u2013 entdecken Sie die Welt ganz nach Belieben!<\/p>\n<p>Das ist alles, was Sie tun m\u00fcssen. Keine Anmeldebildschirme, keine langen Listen mit Anweisungen.<\/p>\n<h2>Benutzererfahrung bei Rabbit Video Chat<\/h2>\n<p>Rabbit Video Chat wurde f\u00fcr schnellen Zugriff, minimale Reibungsverluste und spontane Interaktion entwickelt. Die Plattform spricht Nutzer an, die gerne ohne Barrieren oder komplizierte Funktionen chatten.<\/p>\n<h3>Was Benutzer lieben<\/h3>\n<ul>\n<li>Kein Konto erforderlich \u2013 sofortiger Zugriff<\/li>\n<li>Einfach auf Mobilger\u00e4ten oder Desktop-Computern zu verwenden<\/li>\n<li>Schnelle Verbindungen mit kurzen Ladezeiten<\/li>\n<li>Eine unterhaltsame, ungefilterte M\u00f6glichkeit, Menschen aus aller Welt kennenzulernen<\/li>\n<li>Kostenlos und anonym<\/li>\n<\/ul>\n<h3>Wo die Nutzer Raum f\u00fcr Verbesserungen sehen<\/h3>\n<ul>\n<li>Keine Filter nach Geschlecht oder Land<\/li>\n<li>Keine M\u00f6glichkeit, sich wieder mit fr\u00fcheren Chats zu verbinden<\/li>\n<li>Gelegentliche Spam-Nutzer je nach Zeitpunkt<\/li>\n<li>Die Spitzenaktivit\u00e4t variiert je nach Region.<\/li>\n<\/ul>\n<p>Trotz dieser Einschr\u00e4nkungen ist Rabbit Video Chat dank seines klaren Designs, seiner stabilen Leistung und seiner Ausrichtung auf Einfachheit nach wie vor beliebt.<\/p>\n<h2>Rabbit Video Chat im Vergleich zu anderen Zufalls-Chat-Plattformen<\/h2>\n<p>Hier sehen Sie einen Vergleich zwischen Rabbit Video Chat und seinen wichtigsten Mitbewerbern:<\/p>\n<table>\n<thead>\n<tr>\n<th>Merkmal<\/th>\n<th>Kaninchen-Videochat<\/th>\n<th>Omegle<\/th>\n<th>Chatroulette<\/th>\n<th>Umstellung<\/th>\n<th>Randomskip<\/th>\n<th>Chathub<\/th>\n<\/tr>\n<\/thead>\n<tbody>\n<tr>\n<td>Video-Chat<\/td>\n<td>\u2705 Ja<\/td>\n<td>\u2705 Ja<\/td>\n<td>\u2705 Ja<\/td>\n<td>\u2705 Ja<\/td>\n<td>\u2705 Ja<\/td>\n<td>\u2705 Ja<\/td>\n<\/tr>\n<tr>\n<td>Text-Chat<\/td>\n<td>\u2705 Ja<\/td>\n<td>\u2705 Ja<\/td>\n<td>Begrenzt<\/td>\n<td>\u2705 Ja<\/td>\n<td>\u274c Minimal<\/td>\n<td>\u2705 Ja<\/td>\n<\/tr>\n<tr>\n<td>Registrierung erforderlich<\/td>\n<td>\u274c Nein<\/td>\n<td>\u274c Nein<\/td>\n<td>\u274c Nein<\/td>\n<td>\u274c Nein<\/td>\n<td>\u274c Nein<\/td>\n<td>Optional<\/td>\n<\/tr>\n<tr>\n<td>Geschlecht \/ L\u00e4nderfilter<\/td>\n<td>\u274c Nein<\/td>\n<td>\u274c Nein<\/td>\n<td>Begrenzt<\/td>\n<td>\u274c Nein<\/td>\n<td>\u274c Nein<\/td>\n<td>Ja<\/td>\n<\/tr>\n<tr>\n<td>Anonymit\u00e4t<\/td>\n<td>Stark<\/td>\n<td>Stark<\/td>\n<td>M\u00e4\u00dfig<\/td>\n<td>Stark<\/td>\n<td>Stark<\/td>\n<td>M\u00e4\u00dfig<\/td>\n<\/tr>\n<tr>\n<td>Mobilfreundlich<\/td>\n<td>Ja<\/td>\n<td>Ja<\/td>\n<td>Ja<\/td>\n<td>Ja<\/td>\n<td>Ja<\/td>\n<td>Ja<\/td>\n<\/tr>\n<tr>\n<td>Freier Zugang<\/td>\n<td>Ja<\/td>\n<td>Ja<\/td>\n<td>Ja<\/td>\n<td>Ja<\/td>\n<td>Ja<\/td>\n<td>Ja<\/td>\n<\/tr>\n<\/tbody>\n<\/table>\n<p>Zusammenfassung:<br \/>\nRabbit Video Chat eignet sich am besten f\u00fcr Nutzer, die einen \u00fcbersichtlichen, einfachen und anonymen Video-Chat ohne Filter oder komplexe Funktionen bevorzugen.<\/p>\n<h2>Sicherheit und Datenschutz bei Rabbit Video Chat<\/h2>\n<p>Zuf\u00e4llige Video-Chats erfordern stets Achtsamkeit und ein kluges Online-Verhalten. Rabbit Video Chat hilft dabei, indem es Anonymit\u00e4t priorisiert \u2013 Sie m\u00fcssen niemals pers\u00f6nliche Daten preisgeben \u2013, aber Nutzer sollten dennoch vorsichtig bleiben.<\/p>\n<h3>Eingebaute Sicherheitsmerkmale<\/h3>\n<ul>\n<li>Keine Registrierung bedeutet keine gespeicherten personenbezogenen Daten<\/li>\n<li>Tempor\u00e4re Chats, die nach Beendigung verschwinden<\/li>\n<li>\u00dcberspringen-Schaltfl\u00e4che f\u00fcr sofortiges Beenden<\/li>\n<li>Grundlegende Moderation gegen missbr\u00e4uchliches Verhalten<\/li>\n<\/ul>\n<h3>Tipps f\u00fcr Ihre Sicherheit<\/h3>\n<ul>\n<li>Geben Sie niemals pers\u00f6nliche Daten (Name, Standort, Telefonnummer) weiter.<\/li>\n<li>Vermeiden Sie es, erkennbare Umgebungen zu zeigen.<\/li>\n<li>Klicken Sie nicht auf Links, die Ihnen von Fremden geschickt wurden.<\/li>\n<li>Beenden Sie Chats, die Ihnen unangenehm oder verd\u00e4chtig vorkommen.<\/li>\n<li>Eltern sollten Minderj\u00e4hrige beaufsichtigen.<\/li>\n<li>Erw\u00e4gen Sie die Verwendung eines VPN f\u00fcr mehr Datenschutz<\/li>\n<\/ul>\n<p>Eine verantwortungsbewusste Nutzung sorgt f\u00fcr ein sichereres und angenehmeres Erlebnis.<\/p>\n<h2>Tipps, um das Beste aus dem Rabbit-Video-Chat herauszuholen<\/h2>\n<p>Hier sind einige bew\u00e4hrte Methoden, um Ihre Erfahrung zu verbessern:<\/p>\n<ul>\n<li>Versuchen Sie, zu Spitzenzeiten zu chatten, um mehr aktive Nutzer zu erreichen.<\/li>\n<li>Verwenden Sie Kopfh\u00f6rer f\u00fcr eine bessere Audioqualit\u00e4t.<\/li>\n<li>Eine gute Beleuchtung verbessert Ihr Erscheinungsbild vor der Kamera.<\/li>\n<li>Beginnen Sie mit freundlichen, einfachen Begr\u00fc\u00dfungen.<\/li>\n<li>\u00dcberdenke Gespr\u00e4che nicht \u2013 sei spontan<\/li>\n<li>Verwenden Sie die \u00dcberspringen-Taste, wenn Chats nicht Ihrem Geschmack entsprechen.<\/li>\n<\/ul>\n<p>Kleine Anpassungen k\u00f6nnen Ihre Interaktionen und Ihren Gesamteindruck erheblich verbessern.<\/p>\n<h2>H\u00e4ufige Probleme und Fehlerbehebung<\/h2>\n<p>Hier sind h\u00e4ufige Probleme und L\u00f6sungen:<\/p>\n<h3>Problem: Kamera\/Mikrofon funktioniert nicht<\/h3>\n<p>L\u00f6sungen:<\/p>\n<ul>\n<li>Browser-Berechtigungen \u00fcberpr\u00fcfen<\/li>\n<li>Stellen Sie sicher, dass keine andere App Ihre Webcam verwendet.<\/li>\n<li>Aktualisieren Sie die Seite oder starten Sie Ihren Browser neu.<\/li>\n<\/ul>\n<h3>Problem: Langsames oder verz\u00f6gertes Video<\/h3>\n<p>L\u00f6sungen:<\/p>\n<ul>\n<li>Verwenden Sie eine stabile WLAN-Verbindung.<\/li>\n<li>Schlie\u00dfen Sie zus\u00e4tzliche Registerkarten und Hintergrundprogramme.<\/li>\n<li>Versuchen Sie, den Browser zu wechseln (Chrome und Edge funktionieren oft am besten).<\/li>\n<\/ul>\n<h3>Problem: Wenige Nutzer online<\/h3>\n<p>L\u00f6sungen:<\/p>\n<ul>\n<li>Probieren Sie verschiedene Zeitzonen aus.<\/li>\n<li>Chatten Sie abends oder am Wochenende, um eine h\u00f6here Aktivit\u00e4t zu erzielen.<\/li>\n<\/ul>\n<h3>Problem: Unangemessenes Verhalten<\/h3>\n<p>L\u00f6sungen:<\/p>\n<ul>\n<li>Sofort \u00fcberspringen<\/li>\n<li>Verwenden Sie Berichterstellungstools, sofern verf\u00fcgbar.<\/li>\n<\/ul>\n<h2>Warum Menschen sich f\u00fcr Rabbit Video Chat entscheiden<\/h2>\n<p>Rabbit Video Chat ist beliebt, weil es die Kernessenz des zuf\u00e4lligen Video-Chats ohne unn\u00f6tige Komplexit\u00e4t vermittelt.<\/p>\n<p>Benutzer w\u00e4hlen es wegen:<\/p>\n<ul>\n<li>Sofortiger Zugriff ohne Anmeldung<\/li>\n<li>Reines Zufalls-Matching<\/li>\n<li>Einfaches, modernes Design<\/li>\n<li>Starke Anonymit\u00e4t<\/li>\n<li>Mobile Kompatibilit\u00e4t<\/li>\n<li>Schneller, kostenloser globaler Chat<\/li>\n<\/ul>\n<p>F\u00fcr Menschen, die schnelle Verbindungen und ein unvorhersehbares Online-Erlebnis sch\u00e4tzen, ist Rabbit Video Chat genau das Richtige.<\/p>\n<h2>Abschlie\u00dfende Gedanken: Lohnt es sich, Rabbit Video Chat zu nutzen?<\/h2>\n<p>Wenn Sie auf der Suche nach einer kostenlosen, schnellen und anonymen Plattform f\u00fcr zuf\u00e4llige Video-Chats sind, ist Rabbit Video Chat absolut empfehlenswert. Es ist einfach, intuitiv und f\u00fcr Menschen gedacht, die gerne in Echtzeit Fremde kennenlernen m\u00f6chten, ohne den Druck von Profilen oder Anmeldungen.<\/p>\n<p>Ob Sie nun:<\/p>\n<ul>\n<li>Zeit totschlagen<\/li>\n<li>Menschen aus anderen Kulturen kennenlernen<\/li>\n<li>Auf der Suche nach spontanen Gespr\u00e4chen<\/li>\n<li>Genie\u00dfen Sie ungezwungene soziale Interaktion<\/li>\n<\/ul>\n<p>Rabbit Video Chat bietet eine einfache, leicht zug\u00e4ngliche und ansprechende M\u00f6glichkeit, mit der Welt in Kontakt zu treten.<\/p>\n<p>Rabbit Video Chat ist eine \u00fcbersichtliche, moderne Website f\u00fcr zuf\u00e4llige Video-Chats, die sich auf Einfachheit, Datenschutz und sofortige weltweite Verbindungen konzentriert. Sie ist perfekt f\u00fcr Nutzer, die echte Gespr\u00e4che ohne komplizierte Konten, Filter oder Abonnements f\u00fchren m\u00f6chten.<\/p>\n<p>Bereit zum Ausprobieren? \u00d6ffnen Sie Rabbit Video Chat, klicken Sie auf \u201cStart\u201d und entdecken Sie, wer auf der anderen Seite wartet.<\/p>","protected":false},"excerpt":{"rendered":"<p>In an internet era filled with curated profiles, highlight reels, and endless scrolling, Rabbit Video Chat offers something refreshingly different: a direct, real-time way to meet strangers face-to-face. No algorithms, no sign-ups, and no complicated features \u2014 just spontaneous connection with people around the world. Whether you&#8217;re looking for quick conversation, casual fun, or a [&hellip;]<\/p>\n","protected":false},"author":6,"featured_media":0,"parent":0,"menu_order":0,"comment_status":"closed","ping_status":"closed","template":"","meta":{"footnotes":""},"class_list":["post-12587","page","type-page","status-publish","hentry"],"yoast_head":"<!-- This site is optimized with the Yoast SEO plugin v27.4 - https:\/\/yoast.com\/product\/yoast-seo-wordpress\/ -->\n<title>Rabbit Video Chat - Live Video Chat with Girls - TinyChat.com<\/title>\n<meta name=\"description\" content=\"Enjoying Rabbit Video Chat? Join over 50,000,000 strangers on TinyChat! Turn on your cam and start meeting new people, or find a match.\" \/>\n<meta name=\"robots\" content=\"index, follow, max-snippet:-1, max-image-preview:large, max-video-preview:-1\" \/>\n<link rel=\"canonical\" href=\"https:\/\/tinychat.com\/de\/rabbit-video-chat\/\" \/>\n<meta property=\"og:locale\" content=\"de_DE\" \/>\n<meta property=\"og:type\" content=\"article\" \/>\n<meta property=\"og:title\" content=\"Rabbit Video Chat - Live Video Chat with Girls - TinyChat.com\" \/>\n<meta property=\"og:description\" content=\"Enjoying Rabbit Video Chat? Join over 50,000,000 strangers on TinyChat! Turn on your cam and start meeting new people, or find a match.\" \/>\n<meta property=\"og:url\" content=\"https:\/\/tinychat.com\/de\/rabbit-video-chat\/\" \/>\n<meta property=\"og:site_name\" content=\"TinyChat\" \/>\n<meta property=\"article:publisher\" content=\"https:\/\/www.facebook.com\/tinychat\" \/>\n<meta property=\"article:modified_time\" content=\"2025-12-02T08:51:13+00:00\" \/>\n<meta property=\"og:image\" content=\"https:\/\/tinychat.com\/wp-content\/uploads\/2020\/04\/Tinychat-logo-1280x284-new-black.png\" \/>\n\t<meta property=\"og:image:width\" content=\"1280\" \/>\n\t<meta property=\"og:image:height\" content=\"284\" \/>\n\t<meta property=\"og:image:type\" content=\"image\/png\" \/>\n<meta name=\"twitter:card\" content=\"summary_large_image\" \/>\n<meta name=\"twitter:site\" content=\"@tinychat\" \/>\n<meta name=\"twitter:label1\" content=\"Gesch\u00e4tzte Lesezeit\" \/>\n\t<meta name=\"twitter:data1\" content=\"6\u00a0Minuten\" \/>\n<script type=\"application\/ld+json\" class=\"yoast-schema-graph\">{\"@context\":\"https:\\\/\\\/schema.org\",\"@graph\":[{\"@type\":\"WebPage\",\"@id\":\"https:\\\/\\\/tinychat.com\\\/rabbit-video-chat\\\/\",\"url\":\"https:\\\/\\\/tinychat.com\\\/rabbit-video-chat\\\/\",\"name\":\"Rabbit Video Chat - Live Video Chat with Girls - TinyChat.com\",\"isPartOf\":{\"@id\":\"https:\\\/\\\/tinychat.com\\\/#website\"},\"datePublished\":\"2025-12-02T06:51:12+00:00\",\"dateModified\":\"2025-12-02T08:51:13+00:00\",\"description\":\"Enjoying Rabbit Video Chat? Join over 50,000,000 strangers on TinyChat! Turn on your cam and start meeting new people, or find a match.\",\"breadcrumb\":{\"@id\":\"https:\\\/\\\/tinychat.com\\\/rabbit-video-chat\\\/#breadcrumb\"},\"inLanguage\":\"de\",\"potentialAction\":[{\"@type\":\"ReadAction\",\"target\":[\"https:\\\/\\\/tinychat.com\\\/rabbit-video-chat\\\/\"]}]},{\"@type\":\"BreadcrumbList\",\"@id\":\"https:\\\/\\\/tinychat.com\\\/rabbit-video-chat\\\/#breadcrumb\",\"itemListElement\":[{\"@type\":\"ListItem\",\"position\":1,\"name\":\"Home\",\"item\":\"https:\\\/\\\/tinychat.com\\\/\"},{\"@type\":\"ListItem\",\"position\":2,\"name\":\"Rabbit Video Chat\"}]},{\"@type\":\"WebSite\",\"@id\":\"https:\\\/\\\/tinychat.com\\\/#website\",\"url\":\"https:\\\/\\\/tinychat.com\\\/\",\"name\":\"TinyChat\",\"description\":\"Random Video Chat with Strangers\",\"publisher\":{\"@id\":\"https:\\\/\\\/tinychat.com\\\/#organization\"},\"alternateName\":\"TinyChat.com\",\"potentialAction\":[{\"@type\":\"SearchAction\",\"target\":{\"@type\":\"EntryPoint\",\"urlTemplate\":\"https:\\\/\\\/tinychat.com\\\/?s={search_term_string}\"},\"query-input\":{\"@type\":\"PropertyValueSpecification\",\"valueRequired\":true,\"valueName\":\"search_term_string\"}}],\"inLanguage\":\"de\"},{\"@type\":\"Organization\",\"@id\":\"https:\\\/\\\/tinychat.com\\\/#organization\",\"name\":\"TinyChat\",\"alternateName\":\"TinyChat.com\",\"url\":\"https:\\\/\\\/tinychat.com\\\/\",\"logo\":{\"@type\":\"ImageObject\",\"inLanguage\":\"de\",\"@id\":\"https:\\\/\\\/tinychat.com\\\/#\\\/schema\\\/logo\\\/image\\\/\",\"url\":\"https:\\\/\\\/tinychat.com\\\/wp-content\\\/uploads\\\/2023\\\/11\\\/Tinychat-icon-square.png\",\"contentUrl\":\"https:\\\/\\\/tinychat.com\\\/wp-content\\\/uploads\\\/2023\\\/11\\\/Tinychat-icon-square.png\",\"width\":284,\"height\":284,\"caption\":\"TinyChat\"},\"image\":{\"@id\":\"https:\\\/\\\/tinychat.com\\\/#\\\/schema\\\/logo\\\/image\\\/\"},\"sameAs\":[\"https:\\\/\\\/www.facebook.com\\\/tinychat\",\"https:\\\/\\\/x.com\\\/tinychat\"]}]}<\/script>\n<!-- \/ Yoast SEO plugin. -->","yoast_head_json":{"title":"Rabbit Video Chat \u2013 Live-Video-Chat mit M\u00e4dchen \u2013 TinyChat.com","description":"Gef\u00e4llt Ihnen Rabbit Video Chat? Schlie\u00dfen Sie sich \u00fcber 50.000.000 Fremden auf TinyChat an! Schalten Sie Ihre Kamera ein und lernen Sie neue Leute kennen oder finden Sie einen Partner.","robots":{"index":"index","follow":"follow","max-snippet":"max-snippet:-1","max-image-preview":"max-image-preview:large","max-video-preview":"max-video-preview:-1"},"canonical":"https:\/\/tinychat.com\/de\/rabbit-video-chat\/","og_locale":"de_DE","og_type":"article","og_title":"Rabbit Video Chat - Live Video Chat with Girls - TinyChat.com","og_description":"Enjoying Rabbit Video Chat? Join over 50,000,000 strangers on TinyChat! Turn on your cam and start meeting new people, or find a match.","og_url":"https:\/\/tinychat.com\/de\/rabbit-video-chat\/","og_site_name":"TinyChat","article_publisher":"https:\/\/www.facebook.com\/tinychat","article_modified_time":"2025-12-02T08:51:13+00:00","og_image":[{"width":1280,"height":284,"url":"https:\/\/tinychat.com\/wp-content\/uploads\/2020\/04\/Tinychat-logo-1280x284-new-black.png","type":"image\/png"}],"twitter_card":"summary_large_image","twitter_site":"@tinychat","twitter_misc":{"Gesch\u00e4tzte Lesezeit":"6\u00a0Minuten"},"schema":{"@context":"https:\/\/schema.org","@graph":[{"@type":"WebPage","@id":"https:\/\/tinychat.com\/rabbit-video-chat\/","url":"https:\/\/tinychat.com\/rabbit-video-chat\/","name":"Rabbit Video Chat \u2013 Live-Video-Chat mit M\u00e4dchen \u2013 TinyChat.com","isPartOf":{"@id":"https:\/\/tinychat.com\/#website"},"datePublished":"2025-12-02T06:51:12+00:00","dateModified":"2025-12-02T08:51:13+00:00","description":"Gef\u00e4llt Ihnen Rabbit Video Chat? Schlie\u00dfen Sie sich \u00fcber 50.000.000 Fremden auf TinyChat an! Schalten Sie Ihre Kamera ein und lernen Sie neue Leute kennen oder finden Sie einen Partner.","breadcrumb":{"@id":"https:\/\/tinychat.com\/rabbit-video-chat\/#breadcrumb"},"inLanguage":"de","potentialAction":[{"@type":"ReadAction","target":["https:\/\/tinychat.com\/rabbit-video-chat\/"]}]},{"@type":"BreadcrumbList","@id":"https:\/\/tinychat.com\/rabbit-video-chat\/#breadcrumb","itemListElement":[{"@type":"ListItem","position":1,"name":"Home","item":"https:\/\/tinychat.com\/"},{"@type":"ListItem","position":2,"name":"Rabbit Video Chat"}]},{"@type":"WebSite","@id":"https:\/\/tinychat.com\/#website","url":"https:\/\/tinychat.com\/","name":"TinyChat","description":"Zuf\u00e4lliger Video-Chat mit Fremden","publisher":{"@id":"https:\/\/tinychat.com\/#organization"},"alternateName":"TinyChat.com","potentialAction":[{"@type":"SearchAction","target":{"@type":"EntryPoint","urlTemplate":"https:\/\/tinychat.com\/?s={search_term_string}"},"query-input":{"@type":"PropertyValueSpecification","valueRequired":true,"valueName":"search_term_string"}}],"inLanguage":"de"},{"@type":"Organization","@id":"https:\/\/tinychat.com\/#organization","name":"TinyChat","alternateName":"TinyChat.com","url":"https:\/\/tinychat.com\/","logo":{"@type":"ImageObject","inLanguage":"de","@id":"https:\/\/tinychat.com\/#\/schema\/logo\/image\/","url":"https:\/\/tinychat.com\/wp-content\/uploads\/2023\/11\/Tinychat-icon-square.png","contentUrl":"https:\/\/tinychat.com\/wp-content\/uploads\/2023\/11\/Tinychat-icon-square.png","width":284,"height":284,"caption":"TinyChat"},"image":{"@id":"https:\/\/tinychat.com\/#\/schema\/logo\/image\/"},"sameAs":["https:\/\/www.facebook.com\/tinychat","https:\/\/x.com\/tinychat"]}]}},"_links":{"self":[{"href":"https:\/\/tinychat.com\/de\/wp-json\/wp\/v2\/pages\/12587","targetHints":{"allow":["GET"]}}],"collection":[{"href":"https:\/\/tinychat.com\/de\/wp-json\/wp\/v2\/pages"}],"about":[{"href":"https:\/\/tinychat.com\/de\/wp-json\/wp\/v2\/types\/page"}],"author":[{"embeddable":true,"href":"https:\/\/tinychat.com\/de\/wp-json\/wp\/v2\/users\/6"}],"replies":[{"embeddable":true,"href":"https:\/\/tinychat.com\/de\/wp-json\/wp\/v2\/comments?post=12587"}],"version-history":[{"count":4,"href":"https:\/\/tinychat.com\/de\/wp-json\/wp\/v2\/pages\/12587\/revisions"}],"predecessor-version":[{"id":13584,"href":"https:\/\/tinychat.com\/de\/wp-json\/wp\/v2\/pages\/12587\/revisions\/13584"}],"wp:attachment":[{"href":"https:\/\/tinychat.com\/de\/wp-json\/wp\/v2\/media?parent=12587"}],"curies":[{"name":"wp","href":"https:\/\/api.w.org\/{rel}","templated":true}]}}