{"id":12655,"date":"2025-01-21T14:01:41","date_gmt":"2025-01-21T12:01:41","guid":{"rendered":"https:\/\/tinychat.com\/?page_id=12655"},"modified":"2025-07-21T13:15:52","modified_gmt":"2025-07-21T11:15:52","slug":"omegleweb","status":"publish","type":"page","link":"https:\/\/tinychat.com\/de\/omegleweb\/","title":{"rendered":"OmegleWeb"},"content":{"rendered":"<p>Die Welt der Online-Kommunikation hat sich dramatisch ver\u00e4ndert, seit das urspr\u00fcngliche Omegle auf den Markt kam und Millionen von Menschen den Nervenkitzel spontaner Unterhaltungen mit Fremden aus der ganzen Welt erlebten. Heute ist OmegleWeb eine Alternative der n\u00e4chsten Generation, die all das wieder aufleben l\u00e4sst, was die Benutzer am klassischen Zufalls-Chat liebten, aber mit einem neuen Design, besserer Moderation und benutzerfreundlichen Funktionen f\u00fcr Datenschutz und Sicherheit.<\/p>\n<p>Egal, ob Sie neue Freunde suchen, einen Studienkollegen, jemanden zum \u00dcben einer Sprache oder einfach nur eine M\u00f6glichkeit, die Monotonie zu durchbrechen - OmegleWeb bietet sofortige, anonyme und ansprechende Video- und Textchats mit echten Menschen weltweit. F\u00fcr viele ist es nicht nur ein Ersatz f\u00fcr Omegle, sondern ein dringend ben\u00f6tigtes Upgrade f\u00fcr das moderne Zeitalter.<\/p>\n<p>In diesem ausf\u00fchrlichen Leitfaden erfahren Sie alles \u00fcber OmegleWeb: was es ist, wie es funktioniert, die wichtigsten Funktionen, Sicherheitsprotokolle, Benutzererfahrungen, Vergleiche mit anderen Zufalls-Chat-Plattformen, Behebung allgemeiner Probleme und Expertentipps, um das Beste aus jedem Chat herauszuholen.<\/p>\n<h2>Was ist OmegleWeb?<\/h2>\n<p>OmegleWeb ist eine zuf\u00e4llige Video- und Text-Chat-Website, die Sie sofort mit Fremden f\u00fcr ein pers\u00f6nliches Gespr\u00e4ch zusammenbringt. Es ist keine Registrierung oder ein Download erforderlich: Sie \u00f6ffnen einfach die Website, w\u00e4hlen Ihren Chat-Modus und werden in Sekundenschnelle zusammengef\u00fchrt.<\/p>\n<p>OmegleWeb wurde als Reaktion auf die Schlie\u00dfung und die Einschr\u00e4nkungen des urspr\u00fcnglichen Omegle ins Leben gerufen. Die Mission von OmegleWeb ist klar: die Magie des echten Zufalls-Chats zur\u00fcckzubringen, aber mit einer sichereren, einladenderen und funktionsreicheren Umgebung. Es kombiniert die Leichtigkeit des Chat-Roulettes der alten Schule mit moderner Sicherheit und einem ansprechenden Design, so dass es f\u00fcr jeden und \u00fcberall zug\u00e4nglich ist und Spa\u00df macht.<\/p>\n<h2>Hauptmerkmale des OmegleWeb<\/h2>\n<p>Das OmegleWeb bietet alles, was Sie f\u00fcr spontane Online-Verbindungen ben\u00f6tigen - und dar\u00fcber hinaus einige durchdachte Erg\u00e4nzungen, die es von anderen abheben:<\/p>\n<h3>1. Sofortiger zuf\u00e4lliger Video- und Text-Chat<\/h3>\n<p>Sie m\u00fcssen sich nicht anmelden oder Profile ausf\u00fcllen. Mit OmegleWeb k\u00f6nnen Sie sich mit einem Mausklick in Sekundenschnelle von Angesicht zu Angesicht (oder von Tastatur zu Tastatur) mit einem Fremden von \u00fcberall auf der Welt verbinden.<\/p>\n<h3>2. Wahl zwischen Video- und Text-Chat<\/h3>\n<p>Sie sind kamerascheu? Kein Problem! Wechseln Sie einfach zwischen Video- und Text-Chat - oder beginnen Sie mit Text und schalten Sie die Kamera ein, wenn Sie sich wohl f\u00fchlen.<\/p>\n<h3>3. Filter f\u00fcr Geschlecht und Ort<\/h3>\n<p>Suchen Sie nach einer bestimmten Art von Chat? Mit OmegleWeb k\u00f6nnen Sie nach Geschlecht oder Region filtern (einige Optionen k\u00f6nnen kostenpflichtig sein), damit Sie Menschen treffen, die Ihren Interessen oder Bed\u00fcrfnissen entsprechen.<\/p>\n<h3>4. Kompatibilit\u00e4t von Handy und Desktop<\/h3>\n<p>Egal, ob Sie zu Hause an Ihrem Laptop oder unterwegs mit Ihrem Handy arbeiten, OmegleWeb funktioniert nahtlos auf allen modernen Ger\u00e4ten und Browsern, mit einer schnellen, reaktionsschnellen Oberfl\u00e4che und HD-Videoqualit\u00e4t.<\/p>\n<h3>5. Schaltfl\u00e4che \"Weiter\" f\u00fcr schnelles \u00dcberspringen<\/h3>\n<p>Wenn ein Chat nicht das Richtige ist, klicken Sie einfach auf \"Weiter\", um sofort eine neue Verbindung herzustellen - kein Warten, keine Unannehmlichkeiten.<\/p>\n<h3>6. Anonym, privat und sicher<\/h3>\n<p>F\u00fcr die Nutzung der Hauptfunktionen von OmegleWeb ist keine Registrierung erforderlich. Ihre Unterhaltungen sind privat und werden nicht gespeichert. Sie k\u00f6nnen kontrollieren, was Sie teilen und wie Sie sich pr\u00e4sentieren.<\/p>\n<h3>7. In-Chat-\u00dcbersetzung<\/h3>\n<p>Sprechen Sie mit jedem, \u00fcberall - auch wenn Sie nicht die gleiche Sprache sprechen. OmegleWeb bietet Text\u00fcbersetzung in Echtzeit und \u00fcberwindet so globale Barrieren.<\/p>\n<h3>8. Live-Moderation und Berichterstattung<\/h3>\n<p>OmegleWeb setzt sich f\u00fcr die Sicherheit in der Gemeinschaft ein, mit einer Mischung aus:<\/p>\n<ul>\n<li>Automatisierte KI-Moderation zur Erkennung von Nacktheit, Spam oder missbr\u00e4uchlichen Inhalten<\/li>\n<li>24\/7 menschliche Moderatoren, die bereit sind, auf Nutzerberichte zu reagieren<\/li>\n<li>Einfache Schaltfl\u00e4chen zum Blockieren und Melden sind im Chat immer verf\u00fcgbar<\/li>\n<\/ul>\n<h3>9. Optionale Kontoregistrierung<\/h3>\n<p>Genie\u00dfen Sie OmegleWeb als echter Gast, oder registrieren Sie ein optionales kostenloses Konto f\u00fcr zus\u00e4tzliche Funktionen: Freundesverwaltung, Chatverlauf, erweiterte Filter und Zugang zu Premium-Upgrades.<\/p>\n<h2>So verwenden Sie OmegleWeb<\/h2>\n<p>OmegleWeb macht den Online-Chat so einfach wie m\u00f6glich. Hier ist eine kurze Schritt-f\u00fcr-Schritt-Anleitung:<\/p>\n<h3>Schritt 1: Besuchen Sie OmegleWeb<\/h3>\n<p>\u00d6ffnen Sie Ihren Browser und rufen Sie omegleweb.com oder die entsprechende regionale Website auf.<\/p>\n<h3>Schritt 2: W\u00e4hlen Sie Ihren Chat-Modus<\/h3>\n<ul>\n<li>Video-Chat: Aktivieren Sie Ihre Webcam und Ihr Mikrofon.<\/li>\n<li>Text-Chat: Chatten Sie sofort ohne Video.<\/li>\n<\/ul>\n<h3>Schritt 3: Setzen von Filtern (optional)<\/h3>\n<p>W\u00e4hlen Sie Filter wie Geschlecht oder Ort, um ein ma\u00dfgeschneidertes Erlebnis zu erhalten. (F\u00fcr einige Filter ist m\u00f6glicherweise ein kostenloses oder Premium-Konto erforderlich).<\/p>\n<h3>Schritt 4: Klicken Sie auf \"Start\" oder \"Verbinden\".<\/h3>\n<p>Sie werden in Sekundenschnelle mit einem zuf\u00e4lligen Benutzer zusammengebracht. Stellen Sie sich vor und sehen Sie, wie das Gespr\u00e4ch weitergeht!<\/p>\n<h3>Schritt 5: Verwenden Sie \"Weiter\", um fortzufahren<\/h3>\n<p>Keine passende Person? Klicken Sie auf \"Weiter\", um sofort mit einer neuen Person zu chatten.<\/p>\n<h3>Schritt 6: Registrierung f\u00fcr Extras (optional)<\/h3>\n<p>M\u00f6chten Sie erweiterte Filter, die M\u00f6glichkeit, Freunde zu speichern, oder Premium-Funktionen? Melden Sie sich f\u00fcr ein Konto an (nur minimale Angaben erforderlich).<\/p>\n<h3>Schritt 7: \u00dcbersetzung oder Block\/Bericht nach Bedarf verwenden<\/h3>\n<p>Nutzen Sie die Vorteile der Chat-\u00dcbersetzung, oder verwenden Sie die Blockier-\/Meldefunktion, um Ihr Erlebnis sicher und komfortabel zu gestalten.<\/p>\n<h2>Benutzererfahrung auf OmegleWeb<\/h2>\n<p>Bei OmegleWeb dreht sich alles um Geschwindigkeit, Einfachheit und authentische Verbindungen:<\/p>\n<h3>Was Benutzer lieben<\/h3>\n<ul>\n<li>Keine Anmeldung erforderlich: Sie k\u00f6nnen sofort in einen Chat einsteigen, ohne Ihre Privatsph\u00e4re aufzugeben.<\/li>\n<li>Moderne, saubere Schnittstelle: Minimale Ablenkungen und einfache Navigation.<\/li>\n<li>Globale, vielf\u00e4ltige Nutzerbasis: Treffen Sie Menschen aus der ganzen Welt.<\/li>\n<li>Filter, die tats\u00e4chlich funktionieren: Finden Sie die Art von Menschen, die Sie treffen m\u00f6chten.<\/li>\n<li>\u00dcbersetzungswerkzeug: \u00dcberbr\u00fcckt Sprachl\u00fccken in Echtzeit.<\/li>\n<li>Schnelle \"Weiter\"-Taste: Sorgt f\u00fcr Abwechslung und Spa\u00df.<\/li>\n<\/ul>\n<h3>Wo die Nutzer Raum f\u00fcr Verbesserungen sehen<\/h3>\n<ul>\n<li>Einige erweiterte Filter und Premium-Funktionen erfordern eine Registrierung oder eine Geb\u00fchr (Branchenstandard).<\/li>\n<li>Gelegentliche unangemessene Benutzer (die von der Moderation schnell angegangen werden, aber f\u00fcr alle zuf\u00e4lligen Chat-Seiten typisch sind).<\/li>\n<li>Keine Gruppen- oder interessenbasierten Chatr\u00e4ume (der Schwerpunkt liegt auf Einzelgespr\u00e4chen).<\/li>\n<li>\u00c4u\u00dferst fesselnd - kann s\u00fcchtig machen f\u00fcr diejenigen, die Gl\u00fccksf\u00e4lle lieben!<\/li>\n<\/ul>\n<h3>Echtes Benutzer-Feedback<\/h3>\n<blockquote><p>\"OmegleWeb hat mir das zuf\u00e4llige Video-Chat-Erlebnis zur\u00fcckgebracht, das ich vermisst habe, aber es f\u00fchlt sich tats\u00e4chlich sicherer an und sieht viel besser aus.\"<br \/>\n- <em>Alyssa G., Trustpilot<\/em><\/p><\/blockquote>\n<blockquote><p>\"Ich benutze es auf meinem Handy, wenn ich auf Reisen bin - so kann ich leicht Leute aus neuen L\u00e4ndern treffen und Sprachen \u00fcben.\"<br \/>\n- <em>Jonas W., Google Play<\/em><\/p><\/blockquote>\n<blockquote><p>\"Die \u00dcbersetzungsfunktion ist sehr hilfreich. Ich habe mit Leuten auf allen Kontinenten gesprochen.\"<br \/>\n- <em>Yuri S., App Store<\/em><\/p><\/blockquote>\n<h2>OmegleWeb im Vergleich zu anderen Zufalls-Chat-Plattformen<\/h2>\n<p>Wie schneidet OmegleWeb im Vergleich zu anderen f\u00fchrenden zuf\u00e4lligen Video-Chat-Websites ab?<\/p>\n<table>\n<thead>\n<tr>\n<th>Merkmal<\/th>\n<th>OmegleWeb<\/th>\n<th>CrushRoulette<\/th>\n<th>CamMatch<\/th>\n<th>ChatMatch<\/th>\n<th>Omegle<\/th>\n<th>Chatroulette<\/th>\n<th>LivU<\/th>\n<th>HOLLA<\/th>\n<\/tr>\n<\/thead>\n<tbody>\n<tr>\n<td>Keine Anmeldung erforderlich<\/td>\n<td>\u2705 Ja<\/td>\n<td>\u2705 Ja<\/td>\n<td>\u2705 Ja<\/td>\n<td>\u2705 Ja<\/td>\n<td>\u2705 Ja<\/td>\n<td>\u2705 Ja<\/td>\n<td>\u2705 Ja<\/td>\n<td>\u2705 Ja<\/td>\n<\/tr>\n<tr>\n<td>Video- und Text-Chat<\/td>\n<td>\u2705 Beide<\/td>\n<td>\u2705 Beide<\/td>\n<td>\u2705 Beide<\/td>\n<td>\u2705 Beide<\/td>\n<td>\u2705 Beide<\/td>\n<td>\u2705 Beide<\/td>\n<td>\u2705 Beide<\/td>\n<td>\u2705 Beide<\/td>\n<\/tr>\n<tr>\n<td>Geschlecht\/Land-Filter<\/td>\n<td>\u2705 Ja*<\/td>\n<td>\u2705 Ja*<\/td>\n<td>\u2705 Ja*<\/td>\n<td>\u2705 Ja*<\/td>\n<td>\u26a0\ufe0f Begrenzt<\/td>\n<td>\u2705 Ja<\/td>\n<td>\u2705 Ja<\/td>\n<td>\u2705 Ja<\/td>\n<\/tr>\n<tr>\n<td>Mobiloptimiert<\/td>\n<td>\u2705 Ja<\/td>\n<td>\u2705 Ja<\/td>\n<td>\u2705 Ja<\/td>\n<td>\u2705 Ja<\/td>\n<td>\u26a0\ufe0f Gemischt<\/td>\n<td>\u2705 Ja<\/td>\n<td>\u2705 Ja<\/td>\n<td>\u2705 Ja<\/td>\n<\/tr>\n<tr>\n<td>\u00dcbersetzungstool<\/td>\n<td>\u2705 Ja<\/td>\n<td>\u2705 Ja<\/td>\n<td>\u2705 Ja<\/td>\n<td>\u2705 Ja<\/td>\n<td>\u274c Nein<\/td>\n<td>\u274c Nein<\/td>\n<td>\u2705 Ja<\/td>\n<td>\u2705 Ja<\/td>\n<\/tr>\n<tr>\n<td>Optionale Konten<\/td>\n<td>\u2705 Ja<\/td>\n<td>\u2705 Ja<\/td>\n<td>\u2705 Ja<\/td>\n<td>\u2705 Ja<\/td>\n<td>\u274c Nein<\/td>\n<td>\u274c Nein<\/td>\n<td>\u2705 Ja<\/td>\n<td>\u2705 Ja<\/td>\n<\/tr>\n<tr>\n<td>Moderation\/Sicherheit<\/td>\n<td>\u2705 Stark<\/td>\n<td>\u2705 Stark<\/td>\n<td>\u2705 Stark<\/td>\n<td>\u2705 Stark<\/td>\n<td>\u26a0\ufe0f Begrenzt<\/td>\n<td>\u26a0\ufe0f Begrenzt<\/td>\n<td>\u2705 Stark<\/td>\n<td>\u2705 Stark<\/td>\n<\/tr>\n<\/tbody>\n<\/table>\n<p>**Einige Funktionen erfordern eine Registrierung oder Premium-Upgrades.<\/p>\n<p>Zusammenfassung: OmegleWeb ist eine moderne Alternative zum klassischen Zufalls-Chat, mit leistungsstarken Filtern, Chat-internen \u00dcbersetzungen, schneller Moderation und einem Design, bei dem die Privatsph\u00e4re im Vordergrund steht - eine Top-Wahl f\u00fcr die Nutzer von heute.<\/p>\n<h2>Ist OmegleWeb sicher?<\/h2>\n<p>OmegleWeb nimmt die Sicherheit der Nutzer sehr ernst und hat aus den Fehlern \u00e4lterer Plattformen gelernt:<\/p>\n<ul>\n<li>KI-unterst\u00fctzte Moderation: \u00dcberpr\u00fcft Video-, Text- und Bildinhalte in Echtzeit auf Nacktheit, Missbrauch oder Spam.<\/li>\n<li>Menschliche Moderatoren: 24 Stunden am Tag, 7 Tage die Woche aktiv, um Meldungen zu untersuchen und Verst\u00f6\u00dfe zu entfernen.<\/li>\n<li>St\u00e4ndig verf\u00fcgbare Melde-\/Blockierwerkzeuge: Benutzer k\u00f6nnen sofort handeln, um ihren Chat sicher zu halten.<\/li>\n<li>Keine pers\u00f6nlichen Daten erforderlich: Bleiben Sie anonym und teilen Sie nur, was Sie m\u00f6chten.<\/li>\n<li>Private Eins-zu-Eins-Chats: Keine Gruppenr\u00e4ume, keine \u00f6ffentlichen Logs.<\/li>\n<li>Klare Regeln und Leitlinien: Leicht zu lesen und streng durchgesetzt.<\/li>\n<\/ul>\n<h3>Sicherheitstipps<\/h3>\n<ul>\n<li>Geben Sie niemals pers\u00f6nliche Informationen weiter (richtiger Name, Adresse, Telefonnummer, finanzielle Details).<\/li>\n<li>Vertrauen Sie auf Ihren Instinkt - verwenden Sie \"Weiter\", blockieren Sie oder melden Sie sich, wenn Sie sich unwohl f\u00fchlen.<\/li>\n<li>Verwenden Sie einen Spitznamen und seien Sie vorsichtig beim Verschieben von Chats auf andere Plattformen.<\/li>\n<li>Akzeptieren Sie nur Dateien oder Links von vertrauensw\u00fcrdigen Verbindungen.<\/li>\n<li>Seien Sie respektvoll und erwarten Sie das Gleiche von anderen.<\/li>\n<\/ul>\n<h2>Tipps zur Nutzung von OmegleWeb<\/h2>\n<ul>\n<li>Beginnen Sie mit einer freundlichen Begr\u00fc\u00dfung: Der erste Eindruck z\u00e4hlt!<\/li>\n<li>Verwenden Sie \"Weiter\" frei: Verschwenden Sie keine Zeit mit Chats, die nicht zu Ihnen passen.<\/li>\n<li>Versuchen Sie Filter: Treffen Sie Menschen aus bestimmten Regionen oder \u00fcben Sie neue Sprachen.<\/li>\n<li>Verwenden Sie die \u00dcbersetzung: Machen Sie aus Fremden weltweit sofortige Freunde.<\/li>\n<li>Nutzen Sie die Moderationswerkzeuge: Sperren oder melden Sie nach Bedarf.<\/li>\n<li>Nehmen Sie es mit auf die Reise: Die mobile Benutzeroberfl\u00e4che ist ideal f\u00fcr spontane Chats.<\/li>\n<li>Registrieren Sie sich f\u00fcr Extras: Speichern Sie Ihre Lieblingsfreunde oder schalten Sie erweiterte Funktionen frei.<\/li>\n<\/ul>\n<h2>Fehlersuche bei h\u00e4ufigen OmegleWeb-Problemen<\/h2>\n<h3>Kamera oder Mikrofon funktionieren nicht<\/h3>\n<p>\u00dcberpr\u00fcfen Sie die Browser-\/Ger\u00e4teberechtigungen, schlie\u00dfen Sie andere Anwendungen mit Ihrer Kamera\/Ihrem Mikrofon, aktualisieren Sie die Website oder starten Sie Ihr Ger\u00e4t neu.<\/p>\n<h3>Filter oder Funktionen nicht verf\u00fcgbar<\/h3>\n<p>F\u00fcr einige Funktionen ist eine Registrierung oder ein Premium-Zugang erforderlich; melden Sie sich an oder f\u00fchren Sie bei Bedarf ein Upgrade durch.<\/p>\n<h3>Langsames Video oder Verz\u00f6gerung<\/h3>\n<p>Verwenden Sie eine stabile Wi-Fi-Verbindung, schlie\u00dfen Sie Anwendungen\/Tabs im Hintergrund, und stellen Sie sicher, dass Ihr Browser auf dem neuesten Stand ist.<\/p>\n<h3>Trolle oder Missbrauch<\/h3>\n<p>Sofortiges Sperren\/Melden; Moderatoren bearbeiten Probleme schnell.<\/p>\n<h3>\u00dcbersetzung funktioniert nicht<\/h3>\n<p>Aktualisieren Sie den Browser, \u00fcberpr\u00fcfen Sie Ihre Verbindung oder wenden Sie sich an den Support, wenn das Problem weiterhin besteht.<\/p>\n<p>Auf jeden Fall - vor allem f\u00fcr alle, die den Geist des alten Omegle lieben, aber eine sicherere, intelligentere und benutzerfreundlichere Erfahrung w\u00fcnschen. OmegleWeb kombiniert den sofortigen Nervenkitzel beim Chatten mit Fremden mit den wichtigen Datenschutz- und Sicherheitsfunktionen von heute.<\/p>\n<p>Egal, ob Sie neue Freunde finden, eine Sprache \u00fcben oder einfach nur sehen wollen, wer da drau\u00dfen ist, OmegleWeb bietet schnelle, anonyme und lohnende Verbindungen von \u00fcberall auf der Welt - eine Registrierung ist nicht erforderlich.<\/p>\n<p>Bereit zum Chatten? Besuchen Sie omegleweb.com, w\u00e4hlen Sie Ihren Chat-Modus und fangen Sie an, neue Leute in Sekunden zu treffen.<\/p>","protected":false},"excerpt":{"rendered":"<p>The world of online communication has changed dramatically since the original Omegle burst onto the scene, introducing millions to the thrill of spontaneous conversations with strangers from around the globe. Today, OmegleWeb stands as a next-generation alternative\u2014reviving everything users loved about classic random chat, but with a fresh design, better moderation, and user-first features for [&hellip;]<\/p>\n","protected":false},"author":6,"featured_media":0,"parent":0,"menu_order":0,"comment_status":"closed","ping_status":"closed","template":"","meta":{"footnotes":""},"class_list":["post-12655","page","type-page","status-publish","hentry"],"yoast_head":"<!-- This site is optimized with the Yoast SEO plugin v27.4 - https:\/\/yoast.com\/product\/yoast-seo-wordpress\/ -->\n<title>OmegleWeb - Talk to Strangers with Video Chat - TinyChat.com<\/title>\n<meta name=\"description\" content=\"Enjoying OmegleWeb? Join over 50,000,000 strangers on TinyChat! Turn on your cam and start meeting new people, or find a match.\" \/>\n<meta name=\"robots\" content=\"index, follow, max-snippet:-1, max-image-preview:large, max-video-preview:-1\" \/>\n<link rel=\"canonical\" href=\"https:\/\/tinychat.com\/de\/omegleweb\/\" \/>\n<meta property=\"og:locale\" content=\"de_DE\" \/>\n<meta property=\"og:type\" content=\"article\" \/>\n<meta property=\"og:title\" content=\"OmegleWeb - Talk to Strangers with Video Chat - TinyChat.com\" \/>\n<meta property=\"og:description\" content=\"Enjoying OmegleWeb? Join over 50,000,000 strangers on TinyChat! Turn on your cam and start meeting new people, or find a match.\" \/>\n<meta property=\"og:url\" content=\"https:\/\/tinychat.com\/de\/omegleweb\/\" \/>\n<meta property=\"og:site_name\" content=\"TinyChat\" \/>\n<meta property=\"article:publisher\" content=\"https:\/\/www.facebook.com\/tinychat\" \/>\n<meta property=\"article:modified_time\" content=\"2025-07-21T11:15:52+00:00\" \/>\n<meta property=\"og:image\" content=\"https:\/\/tinychat.com\/wp-content\/uploads\/2020\/04\/Tinychat-logo-1280x284-new-black.png\" \/>\n\t<meta property=\"og:image:width\" content=\"1280\" \/>\n\t<meta property=\"og:image:height\" content=\"284\" \/>\n\t<meta property=\"og:image:type\" content=\"image\/png\" \/>\n<meta name=\"twitter:card\" content=\"summary_large_image\" \/>\n<meta name=\"twitter:site\" content=\"@tinychat\" \/>\n<meta name=\"twitter:label1\" content=\"Gesch\u00e4tzte Lesezeit\" \/>\n\t<meta name=\"twitter:data1\" content=\"7\u00a0Minuten\" \/>\n<script type=\"application\/ld+json\" class=\"yoast-schema-graph\">{\"@context\":\"https:\\\/\\\/schema.org\",\"@graph\":[{\"@type\":\"WebPage\",\"@id\":\"https:\\\/\\\/tinychat.com\\\/omegleweb\\\/\",\"url\":\"https:\\\/\\\/tinychat.com\\\/omegleweb\\\/\",\"name\":\"OmegleWeb - Talk to Strangers with Video Chat - TinyChat.com\",\"isPartOf\":{\"@id\":\"https:\\\/\\\/tinychat.com\\\/#website\"},\"datePublished\":\"2025-01-21T12:01:41+00:00\",\"dateModified\":\"2025-07-21T11:15:52+00:00\",\"description\":\"Enjoying OmegleWeb? Join over 50,000,000 strangers on TinyChat! Turn on your cam and start meeting new people, or find a match.\",\"breadcrumb\":{\"@id\":\"https:\\\/\\\/tinychat.com\\\/omegleweb\\\/#breadcrumb\"},\"inLanguage\":\"de\",\"potentialAction\":[{\"@type\":\"ReadAction\",\"target\":[\"https:\\\/\\\/tinychat.com\\\/omegleweb\\\/\"]}]},{\"@type\":\"BreadcrumbList\",\"@id\":\"https:\\\/\\\/tinychat.com\\\/omegleweb\\\/#breadcrumb\",\"itemListElement\":[{\"@type\":\"ListItem\",\"position\":1,\"name\":\"Home\",\"item\":\"https:\\\/\\\/tinychat.com\\\/\"},{\"@type\":\"ListItem\",\"position\":2,\"name\":\"OmegleWeb\"}]},{\"@type\":\"WebSite\",\"@id\":\"https:\\\/\\\/tinychat.com\\\/#website\",\"url\":\"https:\\\/\\\/tinychat.com\\\/\",\"name\":\"TinyChat\",\"description\":\"Random Video Chat with Strangers\",\"publisher\":{\"@id\":\"https:\\\/\\\/tinychat.com\\\/#organization\"},\"alternateName\":\"TinyChat.com\",\"potentialAction\":[{\"@type\":\"SearchAction\",\"target\":{\"@type\":\"EntryPoint\",\"urlTemplate\":\"https:\\\/\\\/tinychat.com\\\/?s={search_term_string}\"},\"query-input\":{\"@type\":\"PropertyValueSpecification\",\"valueRequired\":true,\"valueName\":\"search_term_string\"}}],\"inLanguage\":\"de\"},{\"@type\":\"Organization\",\"@id\":\"https:\\\/\\\/tinychat.com\\\/#organization\",\"name\":\"TinyChat\",\"alternateName\":\"TinyChat.com\",\"url\":\"https:\\\/\\\/tinychat.com\\\/\",\"logo\":{\"@type\":\"ImageObject\",\"inLanguage\":\"de\",\"@id\":\"https:\\\/\\\/tinychat.com\\\/#\\\/schema\\\/logo\\\/image\\\/\",\"url\":\"https:\\\/\\\/tinychat.com\\\/wp-content\\\/uploads\\\/2023\\\/11\\\/Tinychat-icon-square.png\",\"contentUrl\":\"https:\\\/\\\/tinychat.com\\\/wp-content\\\/uploads\\\/2023\\\/11\\\/Tinychat-icon-square.png\",\"width\":284,\"height\":284,\"caption\":\"TinyChat\"},\"image\":{\"@id\":\"https:\\\/\\\/tinychat.com\\\/#\\\/schema\\\/logo\\\/image\\\/\"},\"sameAs\":[\"https:\\\/\\\/www.facebook.com\\\/tinychat\",\"https:\\\/\\\/x.com\\\/tinychat\"]}]}<\/script>\n<!-- \/ Yoast SEO plugin. -->","yoast_head_json":{"title":"OmegleWeb - Sprechen Sie mit Fremden per Video-Chat - TinyChat.com","description":"Gef\u00e4llt Ihnen OmegleWeb? Schlie\u00dfen Sie sich \u00fcber 50.000.000 Fremden auf TinyChat an! Schalten Sie Ihre Kamera ein und lernen Sie neue Leute kennen, oder finden Sie einen Partner.","robots":{"index":"index","follow":"follow","max-snippet":"max-snippet:-1","max-image-preview":"max-image-preview:large","max-video-preview":"max-video-preview:-1"},"canonical":"https:\/\/tinychat.com\/de\/omegleweb\/","og_locale":"de_DE","og_type":"article","og_title":"OmegleWeb - Talk to Strangers with Video Chat - TinyChat.com","og_description":"Enjoying OmegleWeb? Join over 50,000,000 strangers on TinyChat! Turn on your cam and start meeting new people, or find a match.","og_url":"https:\/\/tinychat.com\/de\/omegleweb\/","og_site_name":"TinyChat","article_publisher":"https:\/\/www.facebook.com\/tinychat","article_modified_time":"2025-07-21T11:15:52+00:00","og_image":[{"width":1280,"height":284,"url":"https:\/\/tinychat.com\/wp-content\/uploads\/2020\/04\/Tinychat-logo-1280x284-new-black.png","type":"image\/png"}],"twitter_card":"summary_large_image","twitter_site":"@tinychat","twitter_misc":{"Gesch\u00e4tzte Lesezeit":"7\u00a0Minuten"},"schema":{"@context":"https:\/\/schema.org","@graph":[{"@type":"WebPage","@id":"https:\/\/tinychat.com\/omegleweb\/","url":"https:\/\/tinychat.com\/omegleweb\/","name":"OmegleWeb - Sprechen Sie mit Fremden per Video-Chat - TinyChat.com","isPartOf":{"@id":"https:\/\/tinychat.com\/#website"},"datePublished":"2025-01-21T12:01:41+00:00","dateModified":"2025-07-21T11:15:52+00:00","description":"Gef\u00e4llt Ihnen OmegleWeb? Schlie\u00dfen Sie sich \u00fcber 50.000.000 Fremden auf TinyChat an! Schalten Sie Ihre Kamera ein und lernen Sie neue Leute kennen, oder finden Sie einen Partner.","breadcrumb":{"@id":"https:\/\/tinychat.com\/omegleweb\/#breadcrumb"},"inLanguage":"de","potentialAction":[{"@type":"ReadAction","target":["https:\/\/tinychat.com\/omegleweb\/"]}]},{"@type":"BreadcrumbList","@id":"https:\/\/tinychat.com\/omegleweb\/#breadcrumb","itemListElement":[{"@type":"ListItem","position":1,"name":"Home","item":"https:\/\/tinychat.com\/"},{"@type":"ListItem","position":2,"name":"OmegleWeb"}]},{"@type":"WebSite","@id":"https:\/\/tinychat.com\/#website","url":"https:\/\/tinychat.com\/","name":"TinyChat","description":"Zuf\u00e4lliger Video-Chat mit Fremden","publisher":{"@id":"https:\/\/tinychat.com\/#organization"},"alternateName":"TinyChat.com","potentialAction":[{"@type":"SearchAction","target":{"@type":"EntryPoint","urlTemplate":"https:\/\/tinychat.com\/?s={search_term_string}"},"query-input":{"@type":"PropertyValueSpecification","valueRequired":true,"valueName":"search_term_string"}}],"inLanguage":"de"},{"@type":"Organization","@id":"https:\/\/tinychat.com\/#organization","name":"TinyChat","alternateName":"TinyChat.com","url":"https:\/\/tinychat.com\/","logo":{"@type":"ImageObject","inLanguage":"de","@id":"https:\/\/tinychat.com\/#\/schema\/logo\/image\/","url":"https:\/\/tinychat.com\/wp-content\/uploads\/2023\/11\/Tinychat-icon-square.png","contentUrl":"https:\/\/tinychat.com\/wp-content\/uploads\/2023\/11\/Tinychat-icon-square.png","width":284,"height":284,"caption":"TinyChat"},"image":{"@id":"https:\/\/tinychat.com\/#\/schema\/logo\/image\/"},"sameAs":["https:\/\/www.facebook.com\/tinychat","https:\/\/x.com\/tinychat"]}]}},"_links":{"self":[{"href":"https:\/\/tinychat.com\/de\/wp-json\/wp\/v2\/pages\/12655","targetHints":{"allow":["GET"]}}],"collection":[{"href":"https:\/\/tinychat.com\/de\/wp-json\/wp\/v2\/pages"}],"about":[{"href":"https:\/\/tinychat.com\/de\/wp-json\/wp\/v2\/types\/page"}],"author":[{"embeddable":true,"href":"https:\/\/tinychat.com\/de\/wp-json\/wp\/v2\/users\/6"}],"replies":[{"embeddable":true,"href":"https:\/\/tinychat.com\/de\/wp-json\/wp\/v2\/comments?post=12655"}],"version-history":[{"count":5,"href":"https:\/\/tinychat.com\/de\/wp-json\/wp\/v2\/pages\/12655\/revisions"}],"predecessor-version":[{"id":13349,"href":"https:\/\/tinychat.com\/de\/wp-json\/wp\/v2\/pages\/12655\/revisions\/13349"}],"wp:attachment":[{"href":"https:\/\/tinychat.com\/de\/wp-json\/wp\/v2\/media?parent=12655"}],"curies":[{"name":"wp","href":"https:\/\/api.w.org\/{rel}","templated":true}]}}