{"id":12683,"date":"2025-08-18T09:35:45","date_gmt":"2025-08-18T07:35:45","guid":{"rendered":"https:\/\/tinychat.com\/?page_id=12683"},"modified":"2025-08-18T10:20:31","modified_gmt":"2025-08-18T08:20:31","slug":"pink-video-chat","status":"publish","type":"page","link":"https:\/\/tinychat.com\/de\/pink-video-chat\/","title":{"rendered":"Rosa Video-Chat"},"content":{"rendered":"<p>Die Welt der Videochat-Plattformen entwickelt sich st\u00e4ndig weiter. Von den Anf\u00e4ngen von Omegle bis hin zu modernen Apps wie ChatHub, Emerald Chat und Monkey haben die Menschen immer nach lustigen, unvorhersehbaren und aufregenden M\u00f6glichkeiten gesucht, Fremde online zu treffen. Pink Video Chat ist einer der neueren Namen in diesem Bereich und bietet ein frisches, lebendiges und farbenfrohes Erlebnis, das Benutzer anspricht, die etwas Einfaches, Stilvolles und Unterhaltsames suchen.<\/p>\n<p>Im Gegensatz zu herk\u00f6mmlichen sozialen Netzwerken reduziert Pink Video Chat die Dinge auf das Wesentliche: sofortige Verbindungen, Anonymit\u00e4t und Benutzerfreundlichkeit. Sein verspieltes Branding und modernes Design helfen ihm, sich in einem \u00fcberf\u00fcllten Markt abzuheben, in dem Dutzende von Chat-Apps um Aufmerksamkeit konkurrieren.<\/p>\n<p>In diesem Artikel erfahren Sie alles, was Sie \u00fcber Pink Video Chat wissen m\u00fcssen: Funktionen, Benutzerfreundlichkeit, Sicherheit, Vor- und Nachteile und wie es im Vergleich zu etablierten Wettbewerbern wie Omegle, TinyChat und Chatroulette abschneidet.<\/p>\n<h2>Was ist Pink Video Chat?<\/h2>\n<p>Pink Video Chat ist eine zuf\u00e4llige Videochat-Plattform, die Fremde sofort \u00fcber Webcam und Mikrofon miteinander verbindet. Es gibt keinen Anmeldeprozess, keine langwierige Profilerstellung und keine Einstiegsh\u00fcrden - einfach auf Start dr\u00fccken und schon ist man verbunden.<\/p>\n<p>Es richtet sich an Nutzer, die:<\/p>\n<ul>\n<li>Sie m\u00f6chten schnell und anonym Leute kennenlernen.<\/li>\n<li>Sie bevorzugen Video-Interaktionen gegen\u00fcber reinen Text-Chats.<\/li>\n<li>Sie sind neugierig darauf, Fremde auf der ganzen Welt zu treffen.<\/li>\n<li>Genie\u00dfen Sie den Nervenkitzel der Unvorhersehbarkeit.<\/li>\n<\/ul>\n<p>W\u00e4hrend einige Chatseiten sich stark auf Dating oder soziale Netzwerke konzentrieren, ist Pink Video Chat eher auf spontane Unterhaltung und zwanglose Begegnungen ausgerichtet.<\/p>\n<h2>Hauptmerkmale von Pink Video Chat<\/h2>\n<p>Hier erfahren Sie, was Sie bei der Nutzung von Pink Video Chat erwarten k\u00f6nnen:<\/p>\n<h3>1. Sofortiger Abgleich<\/h3>\n<ul>\n<li>Keine Anmeldung erforderlich.<\/li>\n<li>Ein Klick verbindet Sie mit einem zuf\u00e4lligen Fremden.<\/li>\n<li>Springen Sie sofort zur n\u00e4chsten Person.<\/li>\n<\/ul>\n<h3>2. Anonymit\u00e4t<\/h3>\n<ul>\n<li>Die Nutzer sind nicht verpflichtet, ihre Identit\u00e4t preiszugeben.<\/li>\n<li>Keine Benutzernamen, Biografien oder pers\u00f6nlichen Angaben erforderlich.<\/li>\n<li>Der Schwerpunkt liegt weiterhin auf der Echtzeit-Interaktion.<\/li>\n<\/ul>\n<h3>3. Video- und Audio-Chat<\/h3>\n<ul>\n<li>Der Kern der Plattform ist der Live-Webcam-Chat.<\/li>\n<li>Nur-Audio-Fallback, wenn Sie kein Video verwenden m\u00f6chten.<\/li>\n<\/ul>\n<h3>4. Mobilfreundlich<\/h3>\n<ul>\n<li>Funktioniert sowohl auf Desktop- als auch auf mobilen Browsern.<\/li>\n<li>Es ist nicht n\u00f6tig, eine App herunterzuladen - besuchen Sie einfach die Website.<\/li>\n<\/ul>\n<h3>5. Filter f\u00fcr Geschlecht und Ort (optional)<\/h3>\n<ul>\n<li>Abh\u00e4ngig von Aktualisierungen k\u00f6nnen Filter f\u00fcr Premium-Nutzer verf\u00fcgbar sein.<\/li>\n<li>Erm\u00f6glicht die gezielte Ausrichtung nach Geschlecht oder Land f\u00fcr ma\u00dfgeschneiderte Interaktionen.<\/li>\n<\/ul>\n<h3>6. Freier Zugang<\/h3>\n<ul>\n<li>Die meisten Funktionen von Pink Video Chat sind kostenlos.<\/li>\n<li>Premium-Funktionen k\u00f6nnen erweiterte Filter oder werbefreie Nutzung freischalten.<\/li>\n<\/ul>\n<h2>Wie man den Pink Video Chat verwendet<\/h2>\n<p>Die Verwendung von Pink Video Chat ist ganz einfach:<\/p>\n<ol>\n<li>Rufen Sie die Website auf.<br \/>\n\u00d6ffnen Sie Pink Video Chat in Ihrem Browser (Desktop oder Handy).<\/li>\n<li>Aktivieren Sie die Berechtigungen.<br \/>\nGew\u00e4hren Sie Zugriff auf Ihre Kamera und Ihr Mikrofon.<\/li>\n<li>Klicken Sie auf Start.<br \/>\nSofortige Kopplung mit einem anderen Benutzer.<\/li>\n<li>Chatten oder \u00fcberspringen.<br \/>\nBleiben Sie so lange im Chat, wie Sie m\u00f6chten, oder klicken Sie auf \"Weiter\", um weiterzugehen.<\/li>\n<li>Wiederholen Sie das.<br \/>\nFahren Sie fort, mit immer neuen Fremden in Kontakt zu treten.<\/li>\n<\/ol>\n<p>Diese Einfachheit ist ein Teil des Charmes von Pink Video Chat - sie eliminiert Reibungen und konzentriert sich nur auf den Spa\u00df.<\/p>\n<h2>Das Benutzererlebnis<\/h2>\n<p>Pink Video Chat bietet eine saubere, moderne und einladende Benutzeroberfl\u00e4che. Das \"pinke\" Branding schafft eine unbeschwerte, nicht einsch\u00fcchternde Umgebung, die sowohl j\u00fcngere Nutzer als auch Menschen anspricht, die sich bei eher klinisch anmutenden Plattformen vielleicht unsicher f\u00fchlen.<\/p>\n<h3>Profis<\/h3>\n<ul>\n<li>\u00c4u\u00dferst einfach zu bedienen.<\/li>\n<li>Keine Anmeldung erforderlich.<\/li>\n<li>Lustiges, unbeschwertes Branding.<\/li>\n<li>Sofortiger Zugang zu Fremden weltweit.<\/li>\n<\/ul>\n<h3>Nachteile<\/h3>\n<ul>\n<li>Im Vergleich zu Apps mit Profilen und Nachrichten kann es an Tiefe fehlen.<\/li>\n<li>Einige Benutzer bevorzugen vielleicht mehr Filteroptionen.<\/li>\n<li>H\u00e4ngt stark vom Nutzerverhalten ab - die Qualit\u00e4t variiert.<\/li>\n<\/ul>\n<h2>Pink Video Chat im Vergleich zu anderen Plattformen<\/h2>\n<table>\n<thead>\n<tr>\n<th>Merkmal<\/th>\n<th>Rosa Video-Chat<\/th>\n<th>Omegle<\/th>\n<th>Chatroulette<\/th>\n<th>ChatHub<\/th>\n<th>Emerald Chat<\/th>\n<th>TinyChat<\/th>\n<\/tr>\n<\/thead>\n<tbody>\n<tr>\n<td>Anmeldung erforderlich<\/td>\n<td>\u274c Nein<\/td>\n<td>\u274c Nein<\/td>\n<td>\u274c Nein<\/td>\n<td>\u274c Nein<\/td>\n<td>\u2705 Ja<\/td>\n<td>\u2705 Ja<\/td>\n<\/tr>\n<tr>\n<td>Video-Chat<\/td>\n<td>\u2705 Ja<\/td>\n<td>\u2705 Ja<\/td>\n<td>\u2705 Ja<\/td>\n<td>\u2705 Ja<\/td>\n<td>\u2705 Ja<\/td>\n<td>\u2705 Ja<\/td>\n<\/tr>\n<tr>\n<td>Anonymit\u00e4t<\/td>\n<td>\u2705 Stark<\/td>\n<td>\u2705 Stark<\/td>\n<td>\u2705 Stark<\/td>\n<td>\u2705 M\u00e4\u00dfig<\/td>\n<td>\u2705 M\u00e4\u00dfig<\/td>\n<td>\u274c Schwach<\/td>\n<\/tr>\n<tr>\n<td>Filter<\/td>\n<td>\u26a0\ufe0f Begrenzt\/bezahlt<\/td>\n<td>\u274c Nein<\/td>\n<td>\u2705 Ja<\/td>\n<td>\u2705 Ja<\/td>\n<td>\u2705 Ja<\/td>\n<td>\u2705 Ja<\/td>\n<\/tr>\n<tr>\n<td>Gemeinschaftliche Merkmale<\/td>\n<td>\u274c Keine<\/td>\n<td>\u274c Keine<\/td>\n<td>\u274c Keine<\/td>\n<td>\u2705 Minimal<\/td>\n<td>\u2705 Stark<\/td>\n<td>\u2705 Stark<\/td>\n<\/tr>\n<tr>\n<td>Am besten f\u00fcr<\/td>\n<td>Zwanglose Begegnungen<\/td>\n<td>Zuf\u00e4lliger Spa\u00df<\/td>\n<td>Schnelle Chats<\/td>\n<td>Gefilterte Chats<\/td>\n<td>Tiefer gehende Gespr\u00e4che<\/td>\n<td>Gruppenchats<\/td>\n<\/tr>\n<\/tbody>\n<\/table>\n<p>Zusammenfassung: Pink Video Chat ist am ehesten mit Omegle oder Chatroulette zu vergleichen, allerdings mit einem farbenfrohen, modernen Branding. Es versucht nicht, ein soziales Netzwerk zu sein, sondern konzentriert sich ausschlie\u00dflich auf zuf\u00e4llige pers\u00f6nliche Kontakte.<\/p>\n<h2>Sicherheit bei Pink Video Chat<\/h2>\n<p>Wie alle zuf\u00e4lligen Videochat-Plattformen birgt auch Pink Video Chat sowohl Spa\u00df als auch Risiken.<\/p>\n<h3>Eingebaute Sicherheits-Tools<\/h3>\n<ul>\n<li>Berichts- und Sperrfunktionen (je nach Version).<\/li>\n<li>Grundlegende Moderation zur Erkennung unangemessener Inhalte.<\/li>\n<\/ul>\n<h3>Sicherheitstipps f\u00fcr Benutzer<\/h3>\n<ul>\n<li>Geben Sie niemals pers\u00f6nliche Informationen weiter (Adresse, Telefon, Finanzdaten).<\/li>\n<li>Beenden Sie Chats sofort, wenn Ihnen jemand unangenehm ist.<\/li>\n<li>Verwendung in \u00f6ffentlichen oder sicheren Umgebungen.<\/li>\n<li>Erw\u00e4gen Sie die Verwendung eines VPN f\u00fcr zus\u00e4tzlichen Datenschutz.<\/li>\n<\/ul>\n<p>Eltern sollten auch beachten, dass zuf\u00e4llige Videochat-Plattformen Minderj\u00e4hrige mit nicht jugendfreien Inhalten konfrontieren k\u00f6nnen, weshalb eine Beaufsichtigung dringend empfohlen wird.<\/p>\n<h2>Tipps f\u00fcr ein besseres Erlebnis<\/h2>\n<ul>\n<li>Verwenden Sie gute Beleuchtung und einen klaren Kamerawinkel. Sie werden mehr positive Reaktionen erhalten.<\/li>\n<li>Halten Sie die Unterhaltungen leicht. Beim Zufalls-Chat geht es um Spa\u00df, nicht um schwere Debatten.<\/li>\n<li>Verwenden Sie Kopfh\u00f6rer. Verbessert die Audioqualit\u00e4t f\u00fcr beide Seiten.<\/li>\n<li>Z\u00f6gern Sie nicht, den Chat zu \u00fcberspringen. Nicht jeder Chat ist eine gute Erg\u00e4nzung.<\/li>\n<\/ul>\n<h2>Warum Menschen Pink Video Chat w\u00e4hlen<\/h2>\n<p>Warum sollten sich die Nutzer bei so vielen Konkurrenten f\u00fcr Pink Video Chat entscheiden? Die Antwort liegt in seiner Einfachheit und seinem Stil.<\/p>\n<ul>\n<li>Einfache Nutzung: Keine Konten oder Downloads.<\/li>\n<li>Lustiges Branding: Rosa ist verspielt, einladend und ansprechend.<\/li>\n<li>Zwanglose Atmosph\u00e4re: Weniger Druck als bei Dating-Apps.<\/li>\n<li>Sofortige Verbindung: Perfekt f\u00fcr kurze Unterhaltungsabschnitte.<\/li>\n<\/ul>\n<h2>H\u00e4ufige Probleme und deren Behebung<\/h2>\n<ol>\n<li>Kamera funktioniert nicht\n<ol>\n<li>Pr\u00fcfen Sie die Browser-Berechtigungen.<\/li>\n<li>Stellen Sie sicher, dass keine andere App Ihre Kamera verwendet.<\/li>\n<\/ol>\n<\/li>\n<li>Kann keine \u00dcbereinstimmungen finden\n<ol>\n<li>Versuchen Sie es zu Sto\u00dfzeiten, wenn mehr Nutzer online sind.<\/li>\n<li>Aktualisieren Sie Ihren Browser.<\/li>\n<\/ol>\n<\/li>\n<li>Niedrige Videoqualit\u00e4t\n<ol>\n<li>Wechseln Sie zu Wi-Fi, um eine bessere Verbindung zu erhalten.<\/li>\n<li>Schlie\u00dfen Sie Hintergrundanwendungen oder Tabs.<\/li>\n<\/ol>\n<\/li>\n<\/ol>\n<p>Wenn Sie nach einer schnellen, kostenlosen und unterhaltsamen M\u00f6glichkeit suchen, Fremde zu treffen, bietet Pink Video Chat genau das. Pink Video Chat versucht nicht, eine Dating-App, ein soziales Netzwerk oder eine komplizierte Chat-Plattform zu sein, sondern h\u00e4lt die Dinge leicht und unterhaltsam.<\/p>\n<p>F\u00fcr Menschen, die Omegle und Chatroulette geliebt haben, aber etwas Neues wollen, bietet Pink Video Chat eine einladende Alternative mit einem Hauch von verspieltem Branding.<\/p>\n<p>Kurz gesagt: Pink Video Chat ist ein zwangloses Tool zur sofortigen Kontaktaufnahme, das einen Versuch wert ist, wenn Sie die Unvorhersehbarkeit von Online-Gespr\u00e4chen mit Fremden m\u00f6gen.<\/p>","protected":false},"excerpt":{"rendered":"<p>The world of random video chat platforms is constantly evolving. From the early days of Omegle to modern apps like ChatHub, Emerald Chat, and Monkey, people have always sought fun, unpredictable, and exciting ways to meet strangers online. Pink Video Chat is one of the newer names to enter this space, bringing with it a [&hellip;]<\/p>\n","protected":false},"author":6,"featured_media":0,"parent":0,"menu_order":0,"comment_status":"closed","ping_status":"closed","template":"","meta":{"footnotes":""},"class_list":["post-12683","page","type-page","status-publish","hentry"],"yoast_head":"<!-- This site is optimized with the Yoast SEO plugin v27.6 - https:\/\/yoast.com\/product\/yoast-seo-wordpress\/ -->\n<title>Pink Video Chat - Random Video Chat with People - TinyChat.com<\/title>\n<meta name=\"description\" content=\"Enjoying Pink Video Chat? Join over 50,000,000 strangers on TinyChat! Turn on your cam and start meeting new people, or find a match.\" \/>\n<meta name=\"robots\" content=\"index, follow, max-snippet:-1, max-image-preview:large, max-video-preview:-1\" \/>\n<link rel=\"canonical\" href=\"https:\/\/tinychat.com\/de\/pink-video-chat\/\" \/>\n<meta property=\"og:locale\" content=\"de_DE\" \/>\n<meta property=\"og:type\" content=\"article\" \/>\n<meta property=\"og:title\" content=\"Pink Video Chat - Random Video Chat with People - TinyChat.com\" \/>\n<meta property=\"og:description\" content=\"Enjoying Pink Video Chat? Join over 50,000,000 strangers on TinyChat! Turn on your cam and start meeting new people, or find a match.\" \/>\n<meta property=\"og:url\" content=\"https:\/\/tinychat.com\/de\/pink-video-chat\/\" \/>\n<meta property=\"og:site_name\" content=\"TinyChat\" \/>\n<meta property=\"article:publisher\" content=\"https:\/\/www.facebook.com\/tinychat\" \/>\n<meta property=\"article:modified_time\" content=\"2025-08-18T08:20:31+00:00\" \/>\n<meta property=\"og:image\" content=\"https:\/\/tinychat.com\/wp-content\/uploads\/2020\/04\/Tinychat-logo-1280x284-new-black.png\" \/>\n\t<meta property=\"og:image:width\" content=\"1280\" \/>\n\t<meta property=\"og:image:height\" content=\"284\" \/>\n\t<meta property=\"og:image:type\" content=\"image\/png\" \/>\n<meta name=\"twitter:card\" content=\"summary_large_image\" \/>\n<meta name=\"twitter:site\" content=\"@tinychat\" \/>\n<meta name=\"twitter:label1\" content=\"Gesch\u00e4tzte Lesezeit\" \/>\n\t<meta name=\"twitter:data1\" content=\"5\u00a0Minuten\" \/>\n<script type=\"application\/ld+json\" class=\"yoast-schema-graph\">{\"@context\":\"https:\\\/\\\/schema.org\",\"@graph\":[{\"@type\":\"WebPage\",\"@id\":\"https:\\\/\\\/tinychat.com\\\/pink-video-chat\\\/\",\"url\":\"https:\\\/\\\/tinychat.com\\\/pink-video-chat\\\/\",\"name\":\"Pink Video Chat - Random Video Chat with People - TinyChat.com\",\"isPartOf\":{\"@id\":\"https:\\\/\\\/tinychat.com\\\/#website\"},\"datePublished\":\"2025-08-18T07:35:45+00:00\",\"dateModified\":\"2025-08-18T08:20:31+00:00\",\"description\":\"Enjoying Pink Video Chat? Join over 50,000,000 strangers on TinyChat! Turn on your cam and start meeting new people, or find a match.\",\"breadcrumb\":{\"@id\":\"https:\\\/\\\/tinychat.com\\\/pink-video-chat\\\/#breadcrumb\"},\"inLanguage\":\"de\",\"potentialAction\":[{\"@type\":\"ReadAction\",\"target\":[\"https:\\\/\\\/tinychat.com\\\/pink-video-chat\\\/\"]}]},{\"@type\":\"BreadcrumbList\",\"@id\":\"https:\\\/\\\/tinychat.com\\\/pink-video-chat\\\/#breadcrumb\",\"itemListElement\":[{\"@type\":\"ListItem\",\"position\":1,\"name\":\"Home\",\"item\":\"https:\\\/\\\/tinychat.com\\\/\"},{\"@type\":\"ListItem\",\"position\":2,\"name\":\"Pink Video Chat\"}]},{\"@type\":\"WebSite\",\"@id\":\"https:\\\/\\\/tinychat.com\\\/#website\",\"url\":\"https:\\\/\\\/tinychat.com\\\/\",\"name\":\"TinyChat\",\"description\":\"Random Video Chat with Strangers\",\"publisher\":{\"@id\":\"https:\\\/\\\/tinychat.com\\\/#organization\"},\"alternateName\":\"TinyChat.com\",\"potentialAction\":[{\"@type\":\"SearchAction\",\"target\":{\"@type\":\"EntryPoint\",\"urlTemplate\":\"https:\\\/\\\/tinychat.com\\\/?s={search_term_string}\"},\"query-input\":{\"@type\":\"PropertyValueSpecification\",\"valueRequired\":true,\"valueName\":\"search_term_string\"}}],\"inLanguage\":\"de\"},{\"@type\":\"Organization\",\"@id\":\"https:\\\/\\\/tinychat.com\\\/#organization\",\"name\":\"TinyChat\",\"alternateName\":\"TinyChat.com\",\"url\":\"https:\\\/\\\/tinychat.com\\\/\",\"logo\":{\"@type\":\"ImageObject\",\"inLanguage\":\"de\",\"@id\":\"https:\\\/\\\/tinychat.com\\\/#\\\/schema\\\/logo\\\/image\\\/\",\"url\":\"https:\\\/\\\/tinychat.com\\\/wp-content\\\/uploads\\\/2023\\\/11\\\/Tinychat-icon-square.png\",\"contentUrl\":\"https:\\\/\\\/tinychat.com\\\/wp-content\\\/uploads\\\/2023\\\/11\\\/Tinychat-icon-square.png\",\"width\":284,\"height\":284,\"caption\":\"TinyChat\"},\"image\":{\"@id\":\"https:\\\/\\\/tinychat.com\\\/#\\\/schema\\\/logo\\\/image\\\/\"},\"sameAs\":[\"https:\\\/\\\/www.facebook.com\\\/tinychat\",\"https:\\\/\\\/x.com\\\/tinychat\"]}]}<\/script>\n<!-- \/ Yoast SEO plugin. -->","yoast_head_json":{"title":"Pink Video Chat - Zuf\u00e4lliger Video-Chat mit Menschen - TinyChat.com","description":"Genie\u00dfen Sie Pink Video Chat? Schlie\u00dfen Sie sich \u00fcber 50.000.000 Fremden auf TinyChat an! Schalte deine Kamera ein und fange an, neue Leute zu treffen, oder finde einen Partner.","robots":{"index":"index","follow":"follow","max-snippet":"max-snippet:-1","max-image-preview":"max-image-preview:large","max-video-preview":"max-video-preview:-1"},"canonical":"https:\/\/tinychat.com\/de\/pink-video-chat\/","og_locale":"de_DE","og_type":"article","og_title":"Pink Video Chat - Random Video Chat with People - TinyChat.com","og_description":"Enjoying Pink Video Chat? Join over 50,000,000 strangers on TinyChat! Turn on your cam and start meeting new people, or find a match.","og_url":"https:\/\/tinychat.com\/de\/pink-video-chat\/","og_site_name":"TinyChat","article_publisher":"https:\/\/www.facebook.com\/tinychat","article_modified_time":"2025-08-18T08:20:31+00:00","og_image":[{"width":1280,"height":284,"url":"https:\/\/tinychat.com\/wp-content\/uploads\/2020\/04\/Tinychat-logo-1280x284-new-black.png","type":"image\/png"}],"twitter_card":"summary_large_image","twitter_site":"@tinychat","twitter_misc":{"Gesch\u00e4tzte Lesezeit":"5\u00a0Minuten"},"schema":{"@context":"https:\/\/schema.org","@graph":[{"@type":"WebPage","@id":"https:\/\/tinychat.com\/pink-video-chat\/","url":"https:\/\/tinychat.com\/pink-video-chat\/","name":"Pink Video Chat - Zuf\u00e4lliger Video-Chat mit Menschen - TinyChat.com","isPartOf":{"@id":"https:\/\/tinychat.com\/#website"},"datePublished":"2025-08-18T07:35:45+00:00","dateModified":"2025-08-18T08:20:31+00:00","description":"Genie\u00dfen Sie Pink Video Chat? Schlie\u00dfen Sie sich \u00fcber 50.000.000 Fremden auf TinyChat an! Schalte deine Kamera ein und fange an, neue Leute zu treffen, oder finde einen Partner.","breadcrumb":{"@id":"https:\/\/tinychat.com\/pink-video-chat\/#breadcrumb"},"inLanguage":"de","potentialAction":[{"@type":"ReadAction","target":["https:\/\/tinychat.com\/pink-video-chat\/"]}]},{"@type":"BreadcrumbList","@id":"https:\/\/tinychat.com\/pink-video-chat\/#breadcrumb","itemListElement":[{"@type":"ListItem","position":1,"name":"Home","item":"https:\/\/tinychat.com\/"},{"@type":"ListItem","position":2,"name":"Pink Video Chat"}]},{"@type":"WebSite","@id":"https:\/\/tinychat.com\/#website","url":"https:\/\/tinychat.com\/","name":"TinyChat","description":"Zuf\u00e4lliger Video-Chat mit Fremden","publisher":{"@id":"https:\/\/tinychat.com\/#organization"},"alternateName":"TinyChat.com","potentialAction":[{"@type":"SearchAction","target":{"@type":"EntryPoint","urlTemplate":"https:\/\/tinychat.com\/?s={search_term_string}"},"query-input":{"@type":"PropertyValueSpecification","valueRequired":true,"valueName":"search_term_string"}}],"inLanguage":"de"},{"@type":"Organization","@id":"https:\/\/tinychat.com\/#organization","name":"TinyChat","alternateName":"TinyChat.com","url":"https:\/\/tinychat.com\/","logo":{"@type":"ImageObject","inLanguage":"de","@id":"https:\/\/tinychat.com\/#\/schema\/logo\/image\/","url":"https:\/\/tinychat.com\/wp-content\/uploads\/2023\/11\/Tinychat-icon-square.png","contentUrl":"https:\/\/tinychat.com\/wp-content\/uploads\/2023\/11\/Tinychat-icon-square.png","width":284,"height":284,"caption":"TinyChat"},"image":{"@id":"https:\/\/tinychat.com\/#\/schema\/logo\/image\/"},"sameAs":["https:\/\/www.facebook.com\/tinychat","https:\/\/x.com\/tinychat"]}]}},"_links":{"self":[{"href":"https:\/\/tinychat.com\/de\/wp-json\/wp\/v2\/pages\/12683","targetHints":{"allow":["GET"]}}],"collection":[{"href":"https:\/\/tinychat.com\/de\/wp-json\/wp\/v2\/pages"}],"about":[{"href":"https:\/\/tinychat.com\/de\/wp-json\/wp\/v2\/types\/page"}],"author":[{"embeddable":true,"href":"https:\/\/tinychat.com\/de\/wp-json\/wp\/v2\/users\/6"}],"replies":[{"embeddable":true,"href":"https:\/\/tinychat.com\/de\/wp-json\/wp\/v2\/comments?post=12683"}],"version-history":[{"count":3,"href":"https:\/\/tinychat.com\/de\/wp-json\/wp\/v2\/pages\/12683\/revisions"}],"predecessor-version":[{"id":13461,"href":"https:\/\/tinychat.com\/de\/wp-json\/wp\/v2\/pages\/12683\/revisions\/13461"}],"wp:attachment":[{"href":"https:\/\/tinychat.com\/de\/wp-json\/wp\/v2\/media?parent=12683"}],"curies":[{"name":"wp","href":"https:\/\/api.w.org\/{rel}","templated":true}]}}