{"id":12700,"date":"2025-07-21T11:15:10","date_gmt":"2025-07-21T09:15:10","guid":{"rendered":"https:\/\/tinychat.com\/?page_id=12700"},"modified":"2025-07-21T12:49:57","modified_gmt":"2025-07-21T10:49:57","slug":"omegla","status":"publish","type":"page","link":"https:\/\/tinychat.com\/de\/omegla\/","title":{"rendered":"Omegla"},"content":{"rendered":"<p>Das Ende von Omegle markierte das Ende einer digitalen \u00c4ra - aber es \u00f6ffnete auch die T\u00fcr zu einer neuen Generation von spontanen, globalen Verbindungen. Hier kommt Omegla ins Spiel: eine frische, moderne und sichere Alternative, die den Nervenkitzel des zuf\u00e4lligen Videochats f\u00fcr Millionen von Nutzern wieder aufleben l\u00e4sst. Wenn Sie auf der Suche nach einer Plattform sind, die den Geist von Omegle einf\u00e4ngt, aber mit intelligenterer Sicherheit, besseren Funktionen und einer lebendigen Community, dann ist Omegla Ihr neues Ziel.<\/p>\n<p>Egal, ob Sie hier Freunde finden, neue Kulturen erkunden, eine Sprache \u00fcben, eine Romanze finden oder einfach nur die Langeweile vertreiben wollen - die einfache Benutzeroberfl\u00e4che, die schnellen Verbindungen und die strengen Datenschutzkontrollen machen Omegla zum neuen Ma\u00dfstab f\u00fcr Online-Treffen mit Fremden.<\/p>\n<p>In diesem ausf\u00fchrlichen Leitfaden erfahren Sie alles, was Sie \u00fcber Omegla wissen m\u00fcssen: was es ist, wie es funktioniert, die wichtigsten Funktionen, das Benutzererlebnis, die Sicherheit, Vergleiche mit anderen Chatseiten, Fehlerbehebung und Profi-Tipps, damit Sie das Beste aus jeder Unterhaltung herausholen k\u00f6nnen.<\/p>\n<h2>Was ist Omegla?<\/h2>\n<p>Omegla ist eine kostenlose, zuf\u00e4llige Videochat-Plattform, die Nutzer sofort f\u00fcr Webcam-Gespr\u00e4che mit Fremden auf der ganzen Welt verbindet. Omegla wurde als Omegle-Alternative der n\u00e4chsten Generation eingef\u00fchrt und hat sich schnell einen guten Ruf f\u00fcr seinen schnellen, anmeldefreien Ansatz und seine verbesserten Sicherheitsfunktionen erworben.<\/p>\n<p>Anders als bei sozialen Netzwerken oder Dating-Apps geht es bei Omegla um Spontaneit\u00e4t: Jeder Chat ist ein Neuanfang, bei dem man kein Profil pflegen muss und bei dem es keine Vergangenheit gibt, die einen zur\u00fcckh\u00e4lt. Du klickst einfach auf \"Start\", aktivierst deine Kamera und dein Mikrofon und wirst in Sekundenschnelle mit einer neuen Person zusammengebracht.<\/p>\n<p>Die Philosophie von Omegla ist einfach: die Magie des urspr\u00fcnglichen Omegle wieder aufleben lassen, aber sicherer, sauberer und mit mehr Spa\u00df f\u00fcr alle.<\/p>\n<h2>Hauptmerkmale von Omegla<\/h2>\n<p>Omegla bietet alles, was die Benutzer am Omegle gesch\u00e4tzt haben - und noch viel mehr:<\/p>\n<h3>1. Sofortiger Video-Chat mit einem Mausklick<\/h3>\n<p>Keine Anmeldung. Kein Profil. Keine Verz\u00f6gerung. Besuchen Sie einfach Omegla, gew\u00e4hren Sie Kamera\/Mikrofon-Zugang, und schon stehen Sie einem Fremden von \u00fcberall auf der Welt Auge in Auge gegen\u00fcber.<\/p>\n<h3>2. Text- und Videomodus<\/h3>\n<p>M\u00f6chten Sie Ihre Kamera lieber ausschalten? Omegla bietet sowohl einen reinen Text-Chat als auch einen vollst\u00e4ndigen Video-Chat, so dass Sie die volle Kontrolle \u00fcber Ihre Privatsph\u00e4re und die Art Ihrer Verbindung haben.<\/p>\n<h3>3. Filter f\u00fcr Geschlecht und Land<\/h3>\n<p>Suchen Sie nach einem pers\u00f6nlicheren Chat? Verwenden Sie die Omegla-Filter f\u00fcr Geschlecht und Region (einige Funktionen k\u00f6nnen kostenpflichtig sein), um mit M\u00e4nnern, Frauen oder Nutzern aus einem bestimmten Land in Kontakt zu treten.<\/p>\n<h3>4. Schaltfl\u00e4che \"Weiter\" f\u00fcr nahtloses \u00dcberspringen<\/h3>\n<p>Wenn Ihnen ein Gespr\u00e4ch nicht zusagt, klicken Sie einfach auf \"Weiter\", um sofort eine neue Person zu finden. Es gibt kein peinliches Warten - nur pures, ununterbrochenes Gl\u00fcck.<\/p>\n<h3>5. Keine Registrierung erforderlich<\/h3>\n<p>Sie m\u00fcssen kein Konto erstellen und keine pers\u00f6nlichen Daten angeben. Omegla ist auf maximale Anonymit\u00e4t und minimale Reibung ausgelegt.<\/p>\n<h3>6. Sicheres und moderiertes Umfeld<\/h3>\n<p>Omegla beinhaltet eine fortschrittliche Moderation, einschlie\u00dflich:<\/p>\n<ul>\n<li>Automatisierte KI-\u00dcberwachung auf Nacktheit und Missbrauch<\/li>\n<li>Benutzerberichte und Sperrfunktionen<\/li>\n<li>24\/7 Live-Moderatoren, die schnell auf Probleme reagieren<\/li>\n<\/ul>\n<h3>7. Mobile und Desktop-Unterst\u00fctzung<\/h3>\n<p>Omegla funktioniert in Ihrem Browser auf jedem Ger\u00e4t: Telefon, Tablet oder Computer. Die Schnittstelle passt sich reibungslos an, sodass Sie \u00fcberall und jederzeit chatten k\u00f6nnen.<\/p>\n<h3>8. Lustige Videoeffekte (demn\u00e4chst)<\/h3>\n<p>Omegla entwickelt Videoeffekte und AR-Masken, um den Nutzern zu helfen, das Eis zu brechen und sich auszudr\u00fccken, damit Gespr\u00e4che leichter und ansprechender werden.<\/p>\n<h2>Wie verwende ich Omegla?<\/h2>\n<p>Omegla macht zuf\u00e4llige Videochats so einfach wie m\u00f6glich. Hier erfahren Sie, wie Sie in Sekundenschnelle loslegen k\u00f6nnen:<\/p>\n<h3>Schritt 1: Besuchen Sie die Omegla-Website<\/h3>\n<p>\u00d6ffnen Sie Ihren Browser und rufen Sie omegla.com oder die Omegla-Domain Ihrer Region auf.<\/p>\n<h3>Schritt 2: W\u00e4hlen Sie Video- oder Text-Chat<\/h3>\n<p>W\u00e4hlen Sie, ob Sie einen Video-Chat (Kamera\/Mikrofon aktivieren) oder einen reinen Text-Chat w\u00fcnschen. Beide sind anonym und kostenlos.<\/p>\n<h3>Schritt 3: Berechtigungen erteilen<\/h3>\n<p>Erlauben Sie Ihrem Browser den Zugriff auf Ihre Webcam und Ihr Mikrofon, wenn Sie einen Video-Chat f\u00fchren.<\/p>\n<h3>Schritt 4: Klicken Sie auf \"Start\" oder \"Verbinden\".<\/h3>\n<p>Sie werden in Sekundenschnelle mit einem zuf\u00e4llig ausgew\u00e4hlten Fremden zusammengebracht. Beginnen Sie Ihr Gespr\u00e4ch - von einer Begr\u00fc\u00dfung bis hin zu einer ausf\u00fchrlichen Diskussion.<\/p>\n<h3>Schritt 5: Verwenden Sie \"Weiter\" zum \u00dcberspringen<\/h3>\n<p>Bereit f\u00fcr einen neuen Partner? Klicken Sie auf \"Weiter\" und Omegla findet f\u00fcr Sie sofort einen neuen Chatpartner.<\/p>\n<h3>Schritt 6: Setzen von Filtern (optional)<\/h3>\n<p>Wenn Sie Menschen nach Geschlecht oder Ort treffen m\u00f6chten, verwenden Sie die Filteroptionen. Einige erfordern m\u00f6glicherweise ein Upgrade oder eine Registrierung.<\/p>\n<h3>Schritt 7: Sicher bleiben<\/h3>\n<p>Machen Sie sich mit den Melde-\/Blockierschaltfl\u00e4chen und den Chat-Richtlinien von Omegla vertraut.<\/p>\n<h2>Die Omegla-Benutzererfahrung<\/h2>\n<p>Omegla stellt Geschwindigkeit, Einfachheit und Sicherheit in den Mittelpunkt seiner Plattform. Hier ist, was Nutzer und Experten lieben:<\/p>\n<h3>Was Omegla auszeichnet<\/h3>\n<ul>\n<li>Keine Registrierung erforderlich: Chatten Sie sofort und v\u00f6llig anonym.<\/li>\n<li>Blitzschnelle Spiele: Minimale Lade- oder Ausfallzeiten.<\/li>\n<li>Flexible Chat-Modi: Video oder Text, Sie haben die Wahl.<\/li>\n<li>Globale Reichweite: Verbinden Sie sich mit Nutzern aus allen Kontinenten.<\/li>\n<li>Erweiterte Moderation: Sauberere, sicherere Umgebung als beim klassischen Omegle.<\/li>\n<li>Benutzerfreundliche Schnittstelle: Das einfache, moderne Design funktioniert auf allen Ger\u00e4ten.<\/li>\n<\/ul>\n<h3>Was Benutzer lieben<\/h3>\n<ul>\n<li>\"Chatten Sie in 10 Sekunden - keine Anmeldung, keine E-Mail, kein \u00c4rger.\"<\/li>\n<li>\"Bessere Moderation als Omegle. Ich f\u00fchle mich hier sicherer.\"<\/li>\n<li>\"Der L\u00e4nderfilter ist toll, um Sprachen zu \u00fcben.\"<\/li>\n<li>\"Funktioniert auf meinem Handy und meinem Laptop. Einfach zu bedienen, sauberes Design.\"<\/li>\n<\/ul>\n<h3>Wo Omegla sich verbessern kann<\/h3>\n<ul>\n<li>Geschlechts-\/L\u00e4nderfilter erfordern m\u00f6glicherweise ein Premium-Upgrade<\/li>\n<li>Wie bei allen Zufalls-Chat-Apps gibt es auch hier gelegentlich Trolle (die bei Meldung schnell gesperrt werden).<\/li>\n<li>Noch keine Community- oder Gruppenchat-Funktionen (in K\u00fcrze)<\/li>\n<li>Kann s\u00fcchtig machen - man kann leicht den \u00dcberblick \u00fcber die Zeit verlieren<\/li>\n<\/ul>\n<h2>Omegla vs. Omegle und andere Alternativen<\/h2>\n<p>Wie schneidet Omegla im Vergleich zu den gr\u00f6\u00dften Chat-Plattformen ab?<\/p>\n<table>\n<thead>\n<tr>\n<th>Merkmal<\/th>\n<th>Omegla<\/th>\n<th>Omegle<\/th>\n<th>Chatroulette<\/th>\n<th>Chatrandom<\/th>\n<th>Funyo<\/th>\n<th>HOLLA<\/th>\n<th>LivU<\/th>\n<\/tr>\n<\/thead>\n<tbody>\n<tr>\n<td>Keine Anmeldung erforderlich<\/td>\n<td>\u2705 Ja<\/td>\n<td>\u2705 Ja<\/td>\n<td>\u2705 Ja<\/td>\n<td>\u2705 Ja<\/td>\n<td>\u2705 Ja<\/td>\n<td>\u2705 Ja<\/td>\n<td>\u2705 Ja<\/td>\n<\/tr>\n<tr>\n<td>Video- und Text-Chat<\/td>\n<td>\u2705 Beide<\/td>\n<td>\u2705 Beide<\/td>\n<td>\u2705 Beide<\/td>\n<td>\u2705 Beide<\/td>\n<td>\u2705 Beide<\/td>\n<td>\u2705 Beide<\/td>\n<td>\u2705 Beide<\/td>\n<\/tr>\n<tr>\n<td>Gender-Filter<\/td>\n<td>\u2705 Ja*<\/td>\n<td>\u274c Nein<\/td>\n<td>\u274c Nein<\/td>\n<td>\u2705 Ja<\/td>\n<td>\u2705 Ja<\/td>\n<td>\u2705 Ja<\/td>\n<td>\u2705 Ja<\/td>\n<\/tr>\n<tr>\n<td>L\u00e4nderfilter<\/td>\n<td>\u2705 Ja*<\/td>\n<td>\u2705 Ja<\/td>\n<td>\u2705 Ja<\/td>\n<td>\u2705 Ja<\/td>\n<td>\u2705 Ja<\/td>\n<td>\u2705 Ja<\/td>\n<td>\u2705 Ja<\/td>\n<\/tr>\n<tr>\n<td>Mobilfreundlich<\/td>\n<td>\u2705 Ja<\/td>\n<td>\u26a0\ufe0f Gemischt<\/td>\n<td>\u2705 Ja<\/td>\n<td>\u2705 Ja<\/td>\n<td>\u2705 Ja<\/td>\n<td>\u2705 Ja<\/td>\n<td>\u2705 Ja<\/td>\n<\/tr>\n<tr>\n<td>Moderation\/Sicherheit<\/td>\n<td>\u2705 Stark<\/td>\n<td>\u26a0\ufe0f Begrenzt<\/td>\n<td>\u26a0\ufe0f Begrenzt<\/td>\n<td>\u2705 M\u00e4\u00dfig<\/td>\n<td>\u2705 Ja<\/td>\n<td>\u2705 Stark<\/td>\n<td>\u2705 Stark<\/td>\n<\/tr>\n<tr>\n<td>Live-Video-Effekte<\/td>\n<td>\ud83d\udd52 Bald<\/td>\n<td>\u274c Nein<\/td>\n<td>\u274c Nein<\/td>\n<td>\u274c Nein<\/td>\n<td>\u274c Nein<\/td>\n<td>\u2705 Ja<\/td>\n<td>\u2705 Ja<\/td>\n<\/tr>\n<tr>\n<td>Freund\/Match-System<\/td>\n<td>\u274c Nein<\/td>\n<td>\u274c Nein<\/td>\n<td>\u274c Nein<\/td>\n<td>\u2705 Ja<\/td>\n<td>\u2705 Ja<\/td>\n<td>\u2705 Ja<\/td>\n<td>\u2705 Ja<\/td>\n<\/tr>\n<\/tbody>\n<\/table>\n<p>*F\u00fcr einige erweiterte Filter ist m\u00f6glicherweise ein kostenpflichtiger Plan oder eine Registrierung erforderlich.<\/p>\n<p>Fazit: Omegla ist ein klares Upgrade f\u00fcr alle, die Omegle geliebt haben - es bietet die gleichen sofortigen, anonymen Verbindungen, aber mit viel besserer Moderation, Datenschutzkontrollen und einem mobilfreundlichen Design.<\/p>\n<h2>Ist Omegla sicher?<\/h2>\n<p>Bei der Entwicklung von Omegla stand die Sicherheit im Vordergrund, wobei aus den Fallstricken des Vorg\u00e4ngers gelernt und eine st\u00e4rkere Gemeinschaft aufgebaut wurde:<\/p>\n<h3>Sicherheitsmerkmale<\/h3>\n<ul>\n<li>KI-Moderation scannt in Echtzeit nach Nacktheit und Missbrauch<\/li>\n<li>Menschliche Moderatoren \u00fcberpr\u00fcfen markierte Benutzer und Inhalte<\/li>\n<li>Melden- und Blockieren-Schaltfl\u00e4chen im Chat immer sichtbar<\/li>\n<li>Strenge Gemeinschaftsregeln - kein Mobbing, Rassismus oder illegale Aktivit\u00e4ten werden toleriert<\/li>\n<li>Keine pers\u00f6nlichen Daten oder Anmeldung erforderlich<\/li>\n<li>Chats sind privat und tempor\u00e4r - es wird kein Verlauf gespeichert.<\/li>\n<\/ul>\n<h3>Sicherheitstipps f\u00fcr Benutzer<\/h3>\n<ul>\n<li>Geben Sie niemals Ihren echten Namen, Ihre Kontaktdaten, Ihre Adresse oder Ihre finanziellen Daten weiter.<\/li>\n<li>Beenden Sie den Chat sofort, wenn sich jemand unangemessen verh\u00e4lt - melden und blockieren Sie.<\/li>\n<li>Klicken Sie nicht auf unbekannte Links und akzeptieren Sie keine Dateien von Fremden.<\/li>\n<li>Verwenden Sie einen Spitznamen, wenn Sie nach einem Namen gefragt werden - geben Sie Ihre Identit\u00e4t nur dann preis, wenn Sie der Person vertrauen und sich nicht auf der Plattform bewegen.<\/li>\n<li>Denken Sie daran, dass alle Videochats privat sind, aber \u00fcben Sie Online-Sicherheit wie in der \u00d6ffentlichkeit.<\/li>\n<\/ul>\n<h2>Tipps zur optimalen Nutzung von Omegla<\/h2>\n<ul>\n<li>Beginnen Sie jeden Chat mit einer freundlichen Begr\u00fc\u00dfung: Die meisten Nutzer reagieren gut auf eine herzliche Begr\u00fc\u00dfung.<\/li>\n<li>Vergeuden Sie keine Zeit mit schlechten Spielen: Verwenden Sie \"Weiter\", damit die Dinge Spa\u00df machen und positiv bleiben.<\/li>\n<li>Versuchen Sie es zu verschiedenen Tageszeiten: Die Nutzerschaft \u00e4ndert sich; nachts und am Wochenende ist am meisten los.<\/li>\n<li>Sprachen \u00fcben: Verwenden Sie L\u00e4nderfilter, um Sprachaustauschpartner zu finden.<\/li>\n<li>Melden und blockieren Sie gro\u00dfz\u00fcgig: Helfen Sie mit, die Gemeinschaft f\u00fcr alle sauber zu halten.<\/li>\n<li>Chatten Sie von \u00fcberall: Omegla funktioniert perfekt auf dem Handy - verwenden Sie Wi-Fi f\u00fcr beste Qualit\u00e4t.<\/li>\n<li>Probieren Sie kommende Funktionen aus: Neue Videoeffekte und AR-Masken sind auf dem Weg - nutzen Sie sie, um das Eis zu brechen!<\/li>\n<\/ul>\n<h2>Fehlersuche bei h\u00e4ufigen Omegla-Problemen<\/h2>\n<h3>Kamera oder Mikrofon funktionieren nicht<\/h3>\n<p>Vergewissern Sie sich, dass der Browser zugelassen ist, schlie\u00dfen Sie andere Anwendungen, die die Kamera verwenden, starten Sie den Browser oder das Ger\u00e4t neu, und versuchen Sie es erneut.<\/p>\n<h3>Verbindungsabbr\u00fcche oder Verz\u00f6gerungen<\/h3>\n<p>Verwenden Sie eine schnelle, stabile Internetverbindung (vorzugsweise Wi-Fi), schlie\u00dfen Sie bandbreitenintensive Tabs\/Apps, und \u00fcberpr\u00fcfen Sie Ihren Router, falls die Probleme weiterhin bestehen.<\/p>\n<h3>Kann nicht auf Geschlechts- oder L\u00e4nderfilter zugreifen<\/h3>\n<p>Daf\u00fcr ist m\u00f6glicherweise ein kostenpflichtiges Upgrade erforderlich; Einzelheiten finden Sie im Premium-Bereich der Website.<\/p>\n<h3>Begegnung mit unangemessenen Benutzern<\/h3>\n<p>Klicken Sie sofort auf Blockieren und Melden - das Moderationsteam ist schnell und proaktiv.<\/p>\n<h3>Video wird nicht geladen<\/h3>\n<p>Aktualisieren Sie die Seite, versuchen Sie es mit einem anderen Browser, oder \u00fcberpr\u00fcfen Sie, ob Ihr Ger\u00e4t Video-Chat unterst\u00fctzt.<\/p>\n<p>Auf jeden Fall - vor allem, wenn Sie das alte Omegle vermissen und sich ein sichereres, saubereres und moderneres Erlebnis w\u00fcnschen. Omegla kombiniert alles, was Omegle legend\u00e4r gemacht hat - reiner Zufalls-Chat, echte menschliche Verbindungen und \u00dcberraschungen - mit einem dringend ben\u00f6tigten Fokus auf Moderation, Privatsph\u00e4re und Benutzerkomfort.<\/p>\n<p>Keine Anmeldung, kein Profil, nur sofortiger Video- oder Text-Chat. Egal, ob Sie nach Freunden, Sprachpartnern oder einer Romanze suchen oder einfach nur sehen wollen, was es da drau\u00dfen gibt - mit Omegla haben Sie die Welt zum Greifen nah.<\/p>\n<p>Sind Sie bereit f\u00fcr den Start?<br \/>\nBesuchen Sie omegla.com, klicken Sie auf \"Start\", und tauchen Sie ein - Ihr n\u00e4chstes gro\u00dfartiges Gespr\u00e4ch k\u00f6nnte nur Sekunden entfernt sein.<\/p>","protected":false},"excerpt":{"rendered":"<p>The end of Omegle marked the close of a digital era\u2014but it also opened the door to a new generation of spontaneous, global connections. Enter Omegla: a fresh, modern, and safe alternative designed to bring the thrill of random video chat back to life for millions of users. If you\u2019ve been searching for a platform [&hellip;]<\/p>\n","protected":false},"author":6,"featured_media":0,"parent":0,"menu_order":0,"comment_status":"closed","ping_status":"closed","template":"","meta":{"footnotes":""},"class_list":["post-12700","page","type-page","status-publish","hentry"],"yoast_head":"<!-- This site is optimized with the Yoast SEO plugin v27.4 - https:\/\/yoast.com\/product\/yoast-seo-wordpress\/ -->\n<title>Omegla - The New Omegle: Talk to Strangers - TinyChat.com<\/title>\n<meta name=\"description\" content=\"Enjoying Omegla? Join over 50,000,000 strangers on TinyChat! Turn on your cam and start meeting new people, or find a match.\" \/>\n<meta name=\"robots\" content=\"index, follow, max-snippet:-1, max-image-preview:large, max-video-preview:-1\" \/>\n<link rel=\"canonical\" href=\"https:\/\/tinychat.com\/de\/omegla\/\" \/>\n<meta property=\"og:locale\" content=\"de_DE\" \/>\n<meta property=\"og:type\" content=\"article\" \/>\n<meta property=\"og:title\" content=\"Omegla - The New Omegle: Talk to Strangers - TinyChat.com\" \/>\n<meta property=\"og:description\" content=\"Enjoying Omegla? Join over 50,000,000 strangers on TinyChat! Turn on your cam and start meeting new people, or find a match.\" \/>\n<meta property=\"og:url\" content=\"https:\/\/tinychat.com\/de\/omegla\/\" \/>\n<meta property=\"og:site_name\" content=\"TinyChat\" \/>\n<meta property=\"article:publisher\" content=\"https:\/\/www.facebook.com\/tinychat\" \/>\n<meta property=\"article:modified_time\" content=\"2025-07-21T10:49:57+00:00\" \/>\n<meta property=\"og:image\" content=\"https:\/\/tinychat.com\/wp-content\/uploads\/2020\/04\/Tinychat-logo-1280x284-new-black.png\" \/>\n\t<meta property=\"og:image:width\" content=\"1280\" \/>\n\t<meta property=\"og:image:height\" content=\"284\" \/>\n\t<meta property=\"og:image:type\" content=\"image\/png\" \/>\n<meta name=\"twitter:card\" content=\"summary_large_image\" \/>\n<meta name=\"twitter:site\" content=\"@tinychat\" \/>\n<meta name=\"twitter:label1\" content=\"Gesch\u00e4tzte Lesezeit\" \/>\n\t<meta name=\"twitter:data1\" content=\"7\u00a0Minuten\" \/>\n<script type=\"application\/ld+json\" class=\"yoast-schema-graph\">{\"@context\":\"https:\\\/\\\/schema.org\",\"@graph\":[{\"@type\":\"WebPage\",\"@id\":\"https:\\\/\\\/tinychat.com\\\/omegla\\\/\",\"url\":\"https:\\\/\\\/tinychat.com\\\/omegla\\\/\",\"name\":\"Omegla - The New Omegle: Talk to Strangers - TinyChat.com\",\"isPartOf\":{\"@id\":\"https:\\\/\\\/tinychat.com\\\/#website\"},\"datePublished\":\"2025-07-21T09:15:10+00:00\",\"dateModified\":\"2025-07-21T10:49:57+00:00\",\"description\":\"Enjoying Omegla? Join over 50,000,000 strangers on TinyChat! Turn on your cam and start meeting new people, or find a match.\",\"breadcrumb\":{\"@id\":\"https:\\\/\\\/tinychat.com\\\/omegla\\\/#breadcrumb\"},\"inLanguage\":\"de\",\"potentialAction\":[{\"@type\":\"ReadAction\",\"target\":[\"https:\\\/\\\/tinychat.com\\\/omegla\\\/\"]}]},{\"@type\":\"BreadcrumbList\",\"@id\":\"https:\\\/\\\/tinychat.com\\\/omegla\\\/#breadcrumb\",\"itemListElement\":[{\"@type\":\"ListItem\",\"position\":1,\"name\":\"Home\",\"item\":\"https:\\\/\\\/tinychat.com\\\/\"},{\"@type\":\"ListItem\",\"position\":2,\"name\":\"Omegla\"}]},{\"@type\":\"WebSite\",\"@id\":\"https:\\\/\\\/tinychat.com\\\/#website\",\"url\":\"https:\\\/\\\/tinychat.com\\\/\",\"name\":\"TinyChat\",\"description\":\"Random Video Chat with Strangers\",\"publisher\":{\"@id\":\"https:\\\/\\\/tinychat.com\\\/#organization\"},\"alternateName\":\"TinyChat.com\",\"potentialAction\":[{\"@type\":\"SearchAction\",\"target\":{\"@type\":\"EntryPoint\",\"urlTemplate\":\"https:\\\/\\\/tinychat.com\\\/?s={search_term_string}\"},\"query-input\":{\"@type\":\"PropertyValueSpecification\",\"valueRequired\":true,\"valueName\":\"search_term_string\"}}],\"inLanguage\":\"de\"},{\"@type\":\"Organization\",\"@id\":\"https:\\\/\\\/tinychat.com\\\/#organization\",\"name\":\"TinyChat\",\"alternateName\":\"TinyChat.com\",\"url\":\"https:\\\/\\\/tinychat.com\\\/\",\"logo\":{\"@type\":\"ImageObject\",\"inLanguage\":\"de\",\"@id\":\"https:\\\/\\\/tinychat.com\\\/#\\\/schema\\\/logo\\\/image\\\/\",\"url\":\"https:\\\/\\\/tinychat.com\\\/wp-content\\\/uploads\\\/2023\\\/11\\\/Tinychat-icon-square.png\",\"contentUrl\":\"https:\\\/\\\/tinychat.com\\\/wp-content\\\/uploads\\\/2023\\\/11\\\/Tinychat-icon-square.png\",\"width\":284,\"height\":284,\"caption\":\"TinyChat\"},\"image\":{\"@id\":\"https:\\\/\\\/tinychat.com\\\/#\\\/schema\\\/logo\\\/image\\\/\"},\"sameAs\":[\"https:\\\/\\\/www.facebook.com\\\/tinychat\",\"https:\\\/\\\/x.com\\\/tinychat\"]}]}<\/script>\n<!-- \/ Yoast SEO plugin. -->","yoast_head_json":{"title":"Omegla - Das neue Omegle: Mit Fremden sprechen - TinyChat.com","description":"Genie\u00dfen Sie Omegla? Schlie\u00dfe dich \u00fcber 50.000.000 Fremden auf TinyChat an! Schalte deine Kamera ein und fange an, neue Leute zu treffen, oder finde einen Partner.","robots":{"index":"index","follow":"follow","max-snippet":"max-snippet:-1","max-image-preview":"max-image-preview:large","max-video-preview":"max-video-preview:-1"},"canonical":"https:\/\/tinychat.com\/de\/omegla\/","og_locale":"de_DE","og_type":"article","og_title":"Omegla - The New Omegle: Talk to Strangers - TinyChat.com","og_description":"Enjoying Omegla? Join over 50,000,000 strangers on TinyChat! Turn on your cam and start meeting new people, or find a match.","og_url":"https:\/\/tinychat.com\/de\/omegla\/","og_site_name":"TinyChat","article_publisher":"https:\/\/www.facebook.com\/tinychat","article_modified_time":"2025-07-21T10:49:57+00:00","og_image":[{"width":1280,"height":284,"url":"https:\/\/tinychat.com\/wp-content\/uploads\/2020\/04\/Tinychat-logo-1280x284-new-black.png","type":"image\/png"}],"twitter_card":"summary_large_image","twitter_site":"@tinychat","twitter_misc":{"Gesch\u00e4tzte Lesezeit":"7\u00a0Minuten"},"schema":{"@context":"https:\/\/schema.org","@graph":[{"@type":"WebPage","@id":"https:\/\/tinychat.com\/omegla\/","url":"https:\/\/tinychat.com\/omegla\/","name":"Omegla - Das neue Omegle: Mit Fremden sprechen - TinyChat.com","isPartOf":{"@id":"https:\/\/tinychat.com\/#website"},"datePublished":"2025-07-21T09:15:10+00:00","dateModified":"2025-07-21T10:49:57+00:00","description":"Genie\u00dfen Sie Omegla? Schlie\u00dfe dich \u00fcber 50.000.000 Fremden auf TinyChat an! Schalte deine Kamera ein und fange an, neue Leute zu treffen, oder finde einen Partner.","breadcrumb":{"@id":"https:\/\/tinychat.com\/omegla\/#breadcrumb"},"inLanguage":"de","potentialAction":[{"@type":"ReadAction","target":["https:\/\/tinychat.com\/omegla\/"]}]},{"@type":"BreadcrumbList","@id":"https:\/\/tinychat.com\/omegla\/#breadcrumb","itemListElement":[{"@type":"ListItem","position":1,"name":"Home","item":"https:\/\/tinychat.com\/"},{"@type":"ListItem","position":2,"name":"Omegla"}]},{"@type":"WebSite","@id":"https:\/\/tinychat.com\/#website","url":"https:\/\/tinychat.com\/","name":"TinyChat","description":"Zuf\u00e4lliger Video-Chat mit Fremden","publisher":{"@id":"https:\/\/tinychat.com\/#organization"},"alternateName":"TinyChat.com","potentialAction":[{"@type":"SearchAction","target":{"@type":"EntryPoint","urlTemplate":"https:\/\/tinychat.com\/?s={search_term_string}"},"query-input":{"@type":"PropertyValueSpecification","valueRequired":true,"valueName":"search_term_string"}}],"inLanguage":"de"},{"@type":"Organization","@id":"https:\/\/tinychat.com\/#organization","name":"TinyChat","alternateName":"TinyChat.com","url":"https:\/\/tinychat.com\/","logo":{"@type":"ImageObject","inLanguage":"de","@id":"https:\/\/tinychat.com\/#\/schema\/logo\/image\/","url":"https:\/\/tinychat.com\/wp-content\/uploads\/2023\/11\/Tinychat-icon-square.png","contentUrl":"https:\/\/tinychat.com\/wp-content\/uploads\/2023\/11\/Tinychat-icon-square.png","width":284,"height":284,"caption":"TinyChat"},"image":{"@id":"https:\/\/tinychat.com\/#\/schema\/logo\/image\/"},"sameAs":["https:\/\/www.facebook.com\/tinychat","https:\/\/x.com\/tinychat"]}]}},"_links":{"self":[{"href":"https:\/\/tinychat.com\/de\/wp-json\/wp\/v2\/pages\/12700","targetHints":{"allow":["GET"]}}],"collection":[{"href":"https:\/\/tinychat.com\/de\/wp-json\/wp\/v2\/pages"}],"about":[{"href":"https:\/\/tinychat.com\/de\/wp-json\/wp\/v2\/types\/page"}],"author":[{"embeddable":true,"href":"https:\/\/tinychat.com\/de\/wp-json\/wp\/v2\/users\/6"}],"replies":[{"embeddable":true,"href":"https:\/\/tinychat.com\/de\/wp-json\/wp\/v2\/comments?post=12700"}],"version-history":[{"count":3,"href":"https:\/\/tinychat.com\/de\/wp-json\/wp\/v2\/pages\/12700\/revisions"}],"predecessor-version":[{"id":13343,"href":"https:\/\/tinychat.com\/de\/wp-json\/wp\/v2\/pages\/12700\/revisions\/13343"}],"wp:attachment":[{"href":"https:\/\/tinychat.com\/de\/wp-json\/wp\/v2\/media?parent=12700"}],"curies":[{"name":"wp","href":"https:\/\/api.w.org\/{rel}","templated":true}]}}