{"id":12712,"date":"2025-08-27T08:51:13","date_gmt":"2025-08-27T06:51:13","guid":{"rendered":"https:\/\/tinychat.com\/?page_id=12712"},"modified":"2025-08-27T09:28:35","modified_gmt":"2025-08-27T07:28:35","slug":"xmegle","status":"publish","type":"page","link":"https:\/\/tinychat.com\/de\/xmegle\/","title":{"rendered":"Xmegle"},"content":{"rendered":"<p>Das Internet war schon immer ein Ort, an dem Neugierde und Kontaktfreude aufeinander treffen. Von den fr\u00fchen Chatrooms bis zu den heutigen Video-Chat-Plattformen haben sich die Menschen von dem Nervenkitzel angezogen gef\u00fchlt, v\u00f6llig zuf\u00e4llig jemand Neues zu treffen. Unter den Plattformen, die diese Tradition fortsetzen, hat sich Xmegle als eine frische Alternative herauskristallisiert - eine Seite, die die Spontaneit\u00e4t und Einfachheit des klassischen Zufalls-Videochats einf\u00e4ngt und gleichzeitig ein moderneres Design und ein reibungsloseres Erlebnis bietet.<\/p>\n<p>F\u00fcr viele ist Xmegle ein Ort, an dem sie sich entspannen, andere Kulturen erkunden, Sprachen \u00fcben oder sich einfach die Zeit mit Fremden aus aller Welt vertreiben k\u00f6nnen. Die Komplexit\u00e4t der sozialen Medien und des Online-Datings wird ausgeblendet und stattdessen auf das Wesentliche konzentriert: ein echtes Gespr\u00e4ch mit jemandem, den man noch nie zuvor getroffen hat.<\/p>\n<p>In diesem ausf\u00fchrlichen Testbericht erfahren Sie, was das Xmegle ist, welche Funktionen es hat, wie es funktioniert, wie die Benutzererfahrung ist und wie es im Vergleich zu anderen Plattformen abschneidet - zusammen mit Tipps, Fehlerbehebung und Sicherheitshinweisen, damit Sie das Beste daraus machen k\u00f6nnen.<\/p>\n<h2>Was ist Xmegle?<\/h2>\n<p>Xmegle ist eine Plattform f\u00fcr zuf\u00e4llige Videochats, die dazu dient, Fremde sofort f\u00fcr ein pers\u00f6nliches Gespr\u00e4ch zu verbinden. Die Idee ist einfach: Klicken Sie auf \"Start\", aktivieren Sie Ihre Kamera und Ihr Mikrofon, und innerhalb von Sekunden sind Sie von Angesicht zu Angesicht mit jemandem von \u00fcberall auf der Welt verbunden.<\/p>\n<p>Im Gegensatz zu herk\u00f6mmlichen sozialen Netzwerken verl\u00e4sst sich Xmegle nicht auf:<\/p>\n<ul>\n<li>Lange Anmeldeverfahren.<\/li>\n<li>Ausf\u00fchrliche Profile.<\/li>\n<li>Vorgefertigte Algorithmen.<\/li>\n<\/ul>\n<p>Stattdessen lehnt es sich an die Aufregung des Zufalls an. Jeder Chat ist anders, und man wei\u00df nie, wen man als n\u00e4chstes trifft. Diese Unvorhersehbarkeit ist der Kern dessen, was Plattformen wie Xmegle so attraktiv macht.<\/p>\n<p>Au\u00dferdem steht die Anonymit\u00e4t im Vordergrund. Sie m\u00fcssen weder Ihren echten Namen noch Ihren Aufenthaltsort oder pers\u00f6nliche Details preisgeben. Diese Freiheit f\u00f6rdert nat\u00fcrliche Unterhaltungen, bei denen die Leute einfach ohne Druck reden k\u00f6nnen.<\/p>\n<h2>Hauptmerkmale von Xmegle<\/h2>\n<p>Das Xmegle mag oberfl\u00e4chlich betrachtet minimalistisch aussehen, aber es enth\u00e4lt alles, was man f\u00fcr einen reibungslosen und angenehmen Videochat braucht.<\/p>\n<h3>1. Sofortiger zuf\u00e4lliger Video-Chat<\/h3>\n<ul>\n<li>Kein Konto erforderlich - einfach anklicken und loslegen.<\/li>\n<li>\u00dcbereinstimmungen erfolgen in Sekundenschnelle mit minimaler Ausfallzeit.<\/li>\n<li>Die M\u00f6glichkeit, ein Gespr\u00e4ch sofort zu beenden, wenn es nicht klappt.<\/li>\n<li>Ermutigt zu nat\u00fcrlichen, drucklosen Interaktionen.<\/li>\n<\/ul>\n<h3>2. Globale Nutzerbasis<\/h3>\n<ul>\n<li>Kn\u00fcpfen Sie Kontakte zu Menschen aus verschiedenen L\u00e4ndern und mit unterschiedlichem Hintergrund.<\/li>\n<li>Der kulturelle Austausch ist ein gro\u00dfer Anziehungspunkt - die Nutzer melden sich h\u00e4ufig an, um etwas \u00fcber andere zu erfahren.<\/li>\n<li>Zeitzonen wirken sich auf die Verf\u00fcgbarkeit der Nutzer aus und machen Spitzenzeiten lebhafter.<\/li>\n<\/ul>\n<h3>3. Integration von Text und Video<\/h3>\n<ul>\n<li>Wechseln Sie einfach zwischen Webcam-Chat und Textnachrichten.<\/li>\n<li>Der Text-Chat ist n\u00fctzlich, wenn der Ton instabil ist oder wenn Sie eine leichtere Einf\u00fchrung w\u00fcnschen.<\/li>\n<li>Einige Benutzer ziehen es vor, mit dem Tippen zu beginnen, bevor sie ihren Video-Feed anzeigen.<\/li>\n<\/ul>\n<h3>4. Anonymit\u00e4t und Datenschutz<\/h3>\n<ul>\n<li>Keine Profile, keine Konten, keine dauerhaften Daten.<\/li>\n<li>Chats sind zeitlich begrenzt und verschwinden, sobald Sie sie verlassen.<\/li>\n<li>Die Nutzer k\u00f6nnen entscheiden, wie viel oder wie wenig sie preisgeben m\u00f6chten.<\/li>\n<\/ul>\n<h3>5. Handy-freundliches Design<\/h3>\n<ul>\n<li>Optimiert f\u00fcr mobile Browser sowie f\u00fcr den Desktop.<\/li>\n<li>Keine App erforderlich - besuchen Sie einfach die Website.<\/li>\n<li>Auch auf langsameren Ger\u00e4ten leicht zu bedienen.<\/li>\n<\/ul>\n<h3>6. Vereinfachung statt Komplexit\u00e4t<\/h3>\n<ul>\n<li>Xmegle enth\u00e4lt keine Spiele, sozialen Feeds oder Profilbildung.<\/li>\n<li>Der Fokus bleibt auf dem, was die Menschen am meisten wollen: schnelle, echte Gespr\u00e4che.<\/li>\n<\/ul>\n<h2>So verwenden Sie Xmegle<\/h2>\n<p>Die ersten Schritte mit Xmegle dauern weniger als eine Minute.<\/p>\n<h3>Schritt 1: Besuchen Sie die Website<\/h3>\n<ul>\n<li>\u00d6ffnen Sie Xmegle auf Ihrem Desktop oder mobilen Browser.<\/li>\n<\/ul>\n<h3>Schritt 2: Aktivieren von Berechtigungen<\/h3>\n<ul>\n<li>Erlauben Sie den Zugriff auf Kamera und Mikrofon f\u00fcr Videochats.<\/li>\n<\/ul>\n<h3>Schritt 3: Klicken Sie auf Start<\/h3>\n<ul>\n<li>Du wirst sofort mit einem zuf\u00e4lligen Fremden gepaart.<\/li>\n<\/ul>\n<h3>Schritt 4: Chatten oder \u00fcberspringen<\/h3>\n<ul>\n<li>Bleiben Sie und reden Sie, wenn Ihnen das Gespr\u00e4ch gef\u00e4llt.<\/li>\n<li>Oder dr\u00fccken Sie \"Weiter\", um zu einer neuen Person zu wechseln.<\/li>\n<\/ul>\n<h3>Schritt 5: Wiederholen<\/h3>\n<ul>\n<li>Bleiben Sie so lange in Verbindung, wie Sie wollen - es gibt kein Limit.<\/li>\n<\/ul>\n<p>Durch diesen \"Drop-in-Drop-out\"-Stil ist Xmegle f\u00fcr jeden zug\u00e4nglich, egal ob Sie f\u00fcnf Minuten oder einen ganzen Abend Zeit haben.<\/p>\n<h2>Benutzererfahrung mit Xmegle<\/h2>\n<p>Xmegle basiert auf der Idee der schnellen, reibungslosen Interaktion.<\/p>\n<h3>Was Benutzer lieben<\/h3>\n<ul>\n<li>Sofortiger Abgleich ohne Anmeldung.<\/li>\n<li>Anonymit\u00e4t, die den Druck verringert.<\/li>\n<li>Einfache Schnittstelle - keine Ablenkungen.<\/li>\n<li>Die Freiheit, den Chat schnell zu verlassen, wenn es nicht klappt.<\/li>\n<li>Mobiles Surfen f\u00fcr das Chatten unterwegs.<\/li>\n<\/ul>\n<h3>Was Benutzer als einschr\u00e4nkend empfinden<\/h3>\n<ul>\n<li>Standardm\u00e4\u00dfig keine erweiterten Filter (wie Geschlecht oder Ort).<\/li>\n<li>Keine \"Freund\"- oder Wiederverbindungsoption, wenn man einen guten Chat verliert.<\/li>\n<li>Der Zufall bringt es mit sich, dass Sie auf Menschen treffen, die nicht gut zu Ihnen passen.<\/li>\n<li>Kleinerer Nutzerpool im Vergleich zu Giganten wie Omegle.<\/li>\n<\/ul>\n<p>Die Mehrheit der Benutzer sch\u00e4tzt jedoch den einfachen Ansatz von Xmegle, der dem urspr\u00fcnglichen Spa\u00df, der den Zufalls-Chat so beliebt gemacht hat, n\u00e4her kommt.<\/p>\n<h2>Xmegle im Vergleich zu anderen Zufalls-Videochat-Plattformen<\/h2>\n<p>Wie schneidet die Xmegle im Vergleich zu anderen bekannten Plattformen ab?<\/p>\n<table>\n<thead>\n<tr>\n<th>Merkmal<\/th>\n<th>Xmegle<\/th>\n<th>Omegle<\/th>\n<th>Chatroulette<\/th>\n<th>ChatHub<\/th>\n<th>Emerald Chat<\/th>\n<th>Affe<\/th>\n<\/tr>\n<\/thead>\n<tbody>\n<tr>\n<td>Sofortiger Video-Chat<\/td>\n<td>\u2705 Ja<\/td>\n<td>\u2705 Ja<\/td>\n<td>\u2705 Ja<\/td>\n<td>\u2705 Ja<\/td>\n<td>\u2705 Ja<\/td>\n<td>\u2705 Ja<\/td>\n<\/tr>\n<tr>\n<td>Text-Chat-Option<\/td>\n<td>\u2705 Ja<\/td>\n<td>\u2705 Ja<\/td>\n<td>\u2705 Ja<\/td>\n<td>\u2705 Ja<\/td>\n<td>\u2705 Ja<\/td>\n<td>\u2705 Ja<\/td>\n<\/tr>\n<tr>\n<td>Anonymit\u00e4t<\/td>\n<td>\u2705 Stark<\/td>\n<td>\u2705 Stark<\/td>\n<td>\u2705 Stark<\/td>\n<td>\u2705 M\u00e4\u00dfig<\/td>\n<td>\u2705 M\u00e4\u00dfig<\/td>\n<td>\u26a0\ufe0f Begrenzt<\/td>\n<\/tr>\n<tr>\n<td>Filter (Geschlecht\/Ort)<\/td>\n<td>\u274c Nein<\/td>\n<td>\u274c Nein<\/td>\n<td>\u2705 Begrenzt<\/td>\n<td>\u2705 Ja<\/td>\n<td>\u2705 Ja<\/td>\n<td>\u2705 Ja<\/td>\n<\/tr>\n<tr>\n<td>Freund\/Folge-System<\/td>\n<td>\u274c Nein<\/td>\n<td>\u274c Nein<\/td>\n<td>\u274c Nein<\/td>\n<td>\u2705 Ja<\/td>\n<td>\u2705 Ja<\/td>\n<td>\u2705 Ja<\/td>\n<\/tr>\n<tr>\n<td>Mobilfreundlich<\/td>\n<td>\u2705 Ja<\/td>\n<td>\u2705 Ja<\/td>\n<td>\u2705 Ja<\/td>\n<td>\u2705 Ja<\/td>\n<td>\u2705 Ja<\/td>\n<td>\u2705 Ja<\/td>\n<\/tr>\n<tr>\n<td>Besondere Merkmale<\/td>\n<td>\u274c Minimal<\/td>\n<td>\u274c Minimal<\/td>\n<td>\u274c Minimal<\/td>\n<td>\u2705 Stark<\/td>\n<td>\u2705 Stark<\/td>\n<td>\u2705 Stark<\/td>\n<\/tr>\n<\/tbody>\n<\/table>\n<p>Zusammenfassung: Xmegle spricht diejenigen an, die Geschwindigkeit, Privatsph\u00e4re und Einfachheit \u00fcber Add-ons stellen. Wenn Sie Filter, Freundeslisten oder eine mehr auf die Gemeinschaft ausgerichtete Umgebung w\u00fcnschen, sind Plattformen wie Emerald Chat oder ChatHub vielleicht besser geeignet. Aber wenn Sie einen reinen Sofort-Chat wollen, ist Xmegle die richtige Wahl.<\/p>\n<h2>Ist Xmegle sicher?<\/h2>\n<p>Sicherheit ist ein gemeinsames Anliegen bei allen zuf\u00e4lligen Video-Chat-Plattformen. Xmegle bietet grundlegende Anonymit\u00e4t, aber nicht protokollieren oder erfordern Konten. Das gibt Ihnen Freiheit, bedeutet aber auch, dass Sie Ihren gesunden Menschenverstand walten lassen m\u00fcssen.<\/p>\n<h3>Eingebaute Sicherheit<\/h3>\n<ul>\n<li>Anonymit\u00e4t als Standard.<\/li>\n<li>Taste zum \u00dcberspringen, um unbequeme Chats sofort zu beenden.<\/li>\n<li>Tempor\u00e4re Gespr\u00e4che - nichts wird \u00f6ffentlich gespeichert.<\/li>\n<\/ul>\n<h3>Sicherheitstipps f\u00fcr Benutzer<\/h3>\n<ul>\n<li>Geben Sie niemals pers\u00f6nliche Daten weiter (richtiger Name, Adresse, Telefonnummer, Finanzdaten).<\/li>\n<li>Beenden Sie Gespr\u00e4che, bei denen Sie sich unwohl f\u00fchlen.<\/li>\n<li>Verwendung in einer sicheren, privaten Umgebung.<\/li>\n<li>Eltern sollten j\u00fcngere Benutzer genau \u00fcberwachen.<\/li>\n<li>Erw\u00e4gen Sie die Verwendung eines VPN f\u00fcr zus\u00e4tzlichen Datenschutz.<\/li>\n<\/ul>\n<h2>Tipps f\u00fcr die optimale Nutzung des Xmegle<\/h2>\n<p>Um Ihr Erlebnis zu maximieren:<\/p>\n<ul>\n<li>Entdecken Sie die globale Vielfalt: Lassen Sie sich auf den Zufall ein - suchen Sie nicht immer nach lokalen \u00dcbereinstimmungen.<\/li>\n<li>Versuchen Sie Spitzenzeiten: Die Aktivit\u00e4t variiert; abends und am Wochenende sind mehr Nutzer online.<\/li>\n<li>Verwenden Sie eine gute Beleuchtung: Ein klares Video verbessert den ersten Eindruck.<\/li>\n<li>F\u00fchren Sie leichte Gespr\u00e4che: Menschen reagieren besser auf Humor und lockere Themen.<\/li>\n<li>Verwenden Sie \"\u00dcberspringen\" gro\u00dfz\u00fcgig: Nicht jeder Treffer ist ein Treffer - gehen Sie weiter, bis Sie einen finden.<\/li>\n<li>Verwenden Sie Kopfh\u00f6rer: Bessere Audioqualit\u00e4t f\u00fcr beide Seiten.<\/li>\n<\/ul>\n<h2>H\u00e4ufige Probleme und Korrekturen<\/h2>\n<h3>Kamera oder Mikrofon funktionieren nicht<\/h3>\n<ul>\n<li>Pr\u00fcfen Sie die Browser-Berechtigungen.<\/li>\n<li>Stellen Sie sicher, dass keine anderen Anwendungen Ihre Kamera verwenden.<\/li>\n<li>Starten Sie den Browser oder das Ger\u00e4t neu.<\/li>\n<\/ul>\n<h3>Keine \u00dcbereinstimmungen gefunden<\/h3>\n<ul>\n<li>Aktualisieren Sie die Seite.<\/li>\n<li>Versuchen Sie es zu verschiedenen Zeiten (Sto\u00dfzeiten).<\/li>\n<\/ul>\n<h3>Schlechte Videoqualit\u00e4t<\/h3>\n<ul>\n<li>Verwenden Sie Wi-Fi anstelle von mobilen Daten.<\/li>\n<li>Schlie\u00dfen Sie andere Anwendungen, die Bandbreite verbrauchen.<\/li>\n<\/ul>\n<h3>Begegnen Sie negativem Verhalten<\/h3>\n<ul>\n<li>Sofort \u00fcberspringen.<\/li>\n<li>Falls vorhanden, melden Sie den Benutzer.<\/li>\n<\/ul>\n<h2>Warum man sich f\u00fcr Xmegle entscheidet<\/h2>\n<p>Was macht Xmegle bei so vielen Konkurrenten so attraktiv?<\/p>\n<ul>\n<li>Es geht schnell. Keine Konten, keine Formulare, nur Sofort-Chat.<\/li>\n<li>Er ist anonym. Perfekt f\u00fcr Interaktionen mit wenig Druck.<\/li>\n<li>Es ist modern. Das klare Design und die Unterst\u00fctzung f\u00fcr mobile Ger\u00e4te machen die Nutzung einfach.<\/li>\n<li>Es ist ganz einfach. Der Schwerpunkt liegt auf den Menschen, nicht auf den Funktionen.<\/li>\n<\/ul>\n<p>F\u00fcr viele f\u00fchlt es sich an wie eine moderne Reinkarnation von Omegle, aber mit einem frischeren Aussehen und einer reibungsloseren Erfahrung.<\/p>\n<p>Wenn Sie auf der Suche nach einem reinen Zufalls-Videochat sind, der einfach, anonym und zug\u00e4nglich ist, ist Xmegle absolut einen Versuch wert. Es hat nicht den ganzen Schnickschnack fortschrittlicherer Plattformen, aber genau das ist seine St\u00e4rke - es ist minimalistisch und geradlinig, entwickelt f\u00fcr Leute, die einfach nur eine Verbindung herstellen wollen.<\/p>\n<p>Egal, ob Sie in der Stimmung f\u00fcr ein kurzes Lachen, einen interessanten kulturellen Austausch oder einfach nur zum Zeitvertreib sind, Xmegle bietet die Spannung der Unvorhersehbarkeit, um die es beim Zufalls-Chat schon immer ging.<\/p>\n<p>Kurz gesagt: Xmegle ist eine schnelle, moderne und einfache Alternative, die das Herzst\u00fcck des zuf\u00e4lligen Videochats einf\u00e4ngt und gleichzeitig die Erfahrung sauber und benutzerfreundlich h\u00e4lt.<\/p>\n<p>Bereit zum Start? Besuchen Sie Xmegle, klicken Sie auf \"Start\" und sehen Sie, wen Sie als n\u00e4chstes treffen werden.<\/p>","protected":false},"excerpt":{"rendered":"<p>The internet has always been a place where curiosity meets connection. From early chatrooms to today\u2019s video chat platforms, people have been drawn to the thrill of meeting someone new, completely at random. Among the platforms that continue this tradition, Xmegle has emerged as a fresh alternative\u2014a site that captures the spontaneity and simplicity of [&hellip;]<\/p>\n","protected":false},"author":6,"featured_media":0,"parent":0,"menu_order":0,"comment_status":"closed","ping_status":"closed","template":"","meta":{"footnotes":""},"class_list":["post-12712","page","type-page","status-publish","hentry"],"yoast_head":"<!-- This site is optimized with the Yoast SEO plugin v27.5 - https:\/\/yoast.com\/product\/yoast-seo-wordpress\/ -->\n<title>Xmegle - Live Video Chat With Girls - TinyChat.com<\/title>\n<meta name=\"description\" content=\"Enjoying Xmegle? Join over 50,000,000 strangers on TinyChat! Turn on your cam and start meeting new people, or find a match.\" \/>\n<meta name=\"robots\" content=\"index, follow, max-snippet:-1, max-image-preview:large, max-video-preview:-1\" \/>\n<link rel=\"canonical\" href=\"https:\/\/tinychat.com\/de\/xmegle\/\" \/>\n<meta property=\"og:locale\" content=\"de_DE\" \/>\n<meta property=\"og:type\" content=\"article\" \/>\n<meta property=\"og:title\" content=\"Xmegle - Live Video Chat With Girls - TinyChat.com\" \/>\n<meta property=\"og:description\" content=\"Enjoying Xmegle? Join over 50,000,000 strangers on TinyChat! Turn on your cam and start meeting new people, or find a match.\" \/>\n<meta property=\"og:url\" content=\"https:\/\/tinychat.com\/de\/xmegle\/\" \/>\n<meta property=\"og:site_name\" content=\"TinyChat\" \/>\n<meta property=\"article:publisher\" content=\"https:\/\/www.facebook.com\/tinychat\" \/>\n<meta property=\"article:modified_time\" content=\"2025-08-27T07:28:35+00:00\" \/>\n<meta property=\"og:image\" content=\"https:\/\/tinychat.com\/wp-content\/uploads\/2020\/04\/Tinychat-logo-1280x284-new-black.png\" \/>\n\t<meta property=\"og:image:width\" content=\"1280\" \/>\n\t<meta property=\"og:image:height\" content=\"284\" \/>\n\t<meta property=\"og:image:type\" content=\"image\/png\" \/>\n<meta name=\"twitter:card\" content=\"summary_large_image\" \/>\n<meta name=\"twitter:site\" content=\"@tinychat\" \/>\n<meta name=\"twitter:label1\" content=\"Gesch\u00e4tzte Lesezeit\" \/>\n\t<meta name=\"twitter:data1\" content=\"6\u00a0Minuten\" \/>\n<script type=\"application\/ld+json\" class=\"yoast-schema-graph\">{\"@context\":\"https:\\\/\\\/schema.org\",\"@graph\":[{\"@type\":\"WebPage\",\"@id\":\"https:\\\/\\\/tinychat.com\\\/xmegle\\\/\",\"url\":\"https:\\\/\\\/tinychat.com\\\/xmegle\\\/\",\"name\":\"Xmegle - Live Video Chat With Girls - TinyChat.com\",\"isPartOf\":{\"@id\":\"https:\\\/\\\/tinychat.com\\\/#website\"},\"datePublished\":\"2025-08-27T06:51:13+00:00\",\"dateModified\":\"2025-08-27T07:28:35+00:00\",\"description\":\"Enjoying Xmegle? Join over 50,000,000 strangers on TinyChat! Turn on your cam and start meeting new people, or find a match.\",\"breadcrumb\":{\"@id\":\"https:\\\/\\\/tinychat.com\\\/xmegle\\\/#breadcrumb\"},\"inLanguage\":\"de\",\"potentialAction\":[{\"@type\":\"ReadAction\",\"target\":[\"https:\\\/\\\/tinychat.com\\\/xmegle\\\/\"]}]},{\"@type\":\"BreadcrumbList\",\"@id\":\"https:\\\/\\\/tinychat.com\\\/xmegle\\\/#breadcrumb\",\"itemListElement\":[{\"@type\":\"ListItem\",\"position\":1,\"name\":\"Home\",\"item\":\"https:\\\/\\\/tinychat.com\\\/\"},{\"@type\":\"ListItem\",\"position\":2,\"name\":\"Xmegle\"}]},{\"@type\":\"WebSite\",\"@id\":\"https:\\\/\\\/tinychat.com\\\/#website\",\"url\":\"https:\\\/\\\/tinychat.com\\\/\",\"name\":\"TinyChat\",\"description\":\"Random Video Chat with Strangers\",\"publisher\":{\"@id\":\"https:\\\/\\\/tinychat.com\\\/#organization\"},\"alternateName\":\"TinyChat.com\",\"potentialAction\":[{\"@type\":\"SearchAction\",\"target\":{\"@type\":\"EntryPoint\",\"urlTemplate\":\"https:\\\/\\\/tinychat.com\\\/?s={search_term_string}\"},\"query-input\":{\"@type\":\"PropertyValueSpecification\",\"valueRequired\":true,\"valueName\":\"search_term_string\"}}],\"inLanguage\":\"de\"},{\"@type\":\"Organization\",\"@id\":\"https:\\\/\\\/tinychat.com\\\/#organization\",\"name\":\"TinyChat\",\"alternateName\":\"TinyChat.com\",\"url\":\"https:\\\/\\\/tinychat.com\\\/\",\"logo\":{\"@type\":\"ImageObject\",\"inLanguage\":\"de\",\"@id\":\"https:\\\/\\\/tinychat.com\\\/#\\\/schema\\\/logo\\\/image\\\/\",\"url\":\"https:\\\/\\\/tinychat.com\\\/wp-content\\\/uploads\\\/2023\\\/11\\\/Tinychat-icon-square.png\",\"contentUrl\":\"https:\\\/\\\/tinychat.com\\\/wp-content\\\/uploads\\\/2023\\\/11\\\/Tinychat-icon-square.png\",\"width\":284,\"height\":284,\"caption\":\"TinyChat\"},\"image\":{\"@id\":\"https:\\\/\\\/tinychat.com\\\/#\\\/schema\\\/logo\\\/image\\\/\"},\"sameAs\":[\"https:\\\/\\\/www.facebook.com\\\/tinychat\",\"https:\\\/\\\/x.com\\\/tinychat\"]}]}<\/script>\n<!-- \/ Yoast SEO plugin. -->","yoast_head_json":{"title":"Xmegle - Live Video Chat mit M\u00e4dchen - TinyChat.com","description":"Gef\u00e4llt Ihnen Xmegle? Schlie\u00dfen Sie sich \u00fcber 50.000.000 Fremden auf TinyChat an! Schalte deine Kamera ein und fange an, neue Leute kennenzulernen, oder finde einen Partner.","robots":{"index":"index","follow":"follow","max-snippet":"max-snippet:-1","max-image-preview":"max-image-preview:large","max-video-preview":"max-video-preview:-1"},"canonical":"https:\/\/tinychat.com\/de\/xmegle\/","og_locale":"de_DE","og_type":"article","og_title":"Xmegle - Live Video Chat With Girls - TinyChat.com","og_description":"Enjoying Xmegle? Join over 50,000,000 strangers on TinyChat! Turn on your cam and start meeting new people, or find a match.","og_url":"https:\/\/tinychat.com\/de\/xmegle\/","og_site_name":"TinyChat","article_publisher":"https:\/\/www.facebook.com\/tinychat","article_modified_time":"2025-08-27T07:28:35+00:00","og_image":[{"width":1280,"height":284,"url":"https:\/\/tinychat.com\/wp-content\/uploads\/2020\/04\/Tinychat-logo-1280x284-new-black.png","type":"image\/png"}],"twitter_card":"summary_large_image","twitter_site":"@tinychat","twitter_misc":{"Gesch\u00e4tzte Lesezeit":"6\u00a0Minuten"},"schema":{"@context":"https:\/\/schema.org","@graph":[{"@type":"WebPage","@id":"https:\/\/tinychat.com\/xmegle\/","url":"https:\/\/tinychat.com\/xmegle\/","name":"Xmegle - Live Video Chat mit M\u00e4dchen - TinyChat.com","isPartOf":{"@id":"https:\/\/tinychat.com\/#website"},"datePublished":"2025-08-27T06:51:13+00:00","dateModified":"2025-08-27T07:28:35+00:00","description":"Gef\u00e4llt Ihnen Xmegle? Schlie\u00dfen Sie sich \u00fcber 50.000.000 Fremden auf TinyChat an! Schalte deine Kamera ein und fange an, neue Leute kennenzulernen, oder finde einen Partner.","breadcrumb":{"@id":"https:\/\/tinychat.com\/xmegle\/#breadcrumb"},"inLanguage":"de","potentialAction":[{"@type":"ReadAction","target":["https:\/\/tinychat.com\/xmegle\/"]}]},{"@type":"BreadcrumbList","@id":"https:\/\/tinychat.com\/xmegle\/#breadcrumb","itemListElement":[{"@type":"ListItem","position":1,"name":"Home","item":"https:\/\/tinychat.com\/"},{"@type":"ListItem","position":2,"name":"Xmegle"}]},{"@type":"WebSite","@id":"https:\/\/tinychat.com\/#website","url":"https:\/\/tinychat.com\/","name":"TinyChat","description":"Zuf\u00e4lliger Video-Chat mit Fremden","publisher":{"@id":"https:\/\/tinychat.com\/#organization"},"alternateName":"TinyChat.com","potentialAction":[{"@type":"SearchAction","target":{"@type":"EntryPoint","urlTemplate":"https:\/\/tinychat.com\/?s={search_term_string}"},"query-input":{"@type":"PropertyValueSpecification","valueRequired":true,"valueName":"search_term_string"}}],"inLanguage":"de"},{"@type":"Organization","@id":"https:\/\/tinychat.com\/#organization","name":"TinyChat","alternateName":"TinyChat.com","url":"https:\/\/tinychat.com\/","logo":{"@type":"ImageObject","inLanguage":"de","@id":"https:\/\/tinychat.com\/#\/schema\/logo\/image\/","url":"https:\/\/tinychat.com\/wp-content\/uploads\/2023\/11\/Tinychat-icon-square.png","contentUrl":"https:\/\/tinychat.com\/wp-content\/uploads\/2023\/11\/Tinychat-icon-square.png","width":284,"height":284,"caption":"TinyChat"},"image":{"@id":"https:\/\/tinychat.com\/#\/schema\/logo\/image\/"},"sameAs":["https:\/\/www.facebook.com\/tinychat","https:\/\/x.com\/tinychat"]}]}},"_links":{"self":[{"href":"https:\/\/tinychat.com\/de\/wp-json\/wp\/v2\/pages\/12712","targetHints":{"allow":["GET"]}}],"collection":[{"href":"https:\/\/tinychat.com\/de\/wp-json\/wp\/v2\/pages"}],"about":[{"href":"https:\/\/tinychat.com\/de\/wp-json\/wp\/v2\/types\/page"}],"author":[{"embeddable":true,"href":"https:\/\/tinychat.com\/de\/wp-json\/wp\/v2\/users\/6"}],"replies":[{"embeddable":true,"href":"https:\/\/tinychat.com\/de\/wp-json\/wp\/v2\/comments?post=12712"}],"version-history":[{"count":5,"href":"https:\/\/tinychat.com\/de\/wp-json\/wp\/v2\/pages\/12712\/revisions"}],"predecessor-version":[{"id":13473,"href":"https:\/\/tinychat.com\/de\/wp-json\/wp\/v2\/pages\/12712\/revisions\/13473"}],"wp:attachment":[{"href":"https:\/\/tinychat.com\/de\/wp-json\/wp\/v2\/media?parent=12712"}],"curies":[{"name":"wp","href":"https:\/\/api.w.org\/{rel}","templated":true}]}}