{"id":12724,"date":"2025-08-07T10:14:49","date_gmt":"2025-08-07T08:14:49","guid":{"rendered":"https:\/\/tinychat.com\/?page_id=12724"},"modified":"2025-08-07T11:00:11","modified_gmt":"2025-08-07T09:00:11","slug":"incognito-chat","status":"publish","type":"page","link":"https:\/\/tinychat.com\/de\/incognito-chat\/","title":{"rendered":"Inkognito-Schm\u00e4tzer"},"content":{"rendered":"<p>Wollten Sie schon einmal mit jemandem online sprechen - eine Frage stellen, eine Geschichte erz\u00e4hlen oder einfach nur reden - ohne sich zu erkennen zu geben? Das ist der Reiz des Inkognito-Chats: absolute Privatsph\u00e4re, v\u00f6llige Freiheit und echte Unterhaltungen, ohne dass Sie Ihr Gesicht zeigen oder Ihren Namen preisgeben m\u00fcssen.<\/p>\n<p>Egal, ob Sie einen gesch\u00fctzten Raum suchen, um pers\u00f6nliche Themen zu besprechen, neue Leute ohne Druck kennenzulernen oder einfach nur den Nervenkitzel der v\u00f6lligen Anonymit\u00e4t genie\u00dfen m\u00f6chten - Inkognito-Chatr\u00e4ume und -Apps sind Ihr digitales Versteck. Hier erfahren Sie alles, was Sie \u00fcber das Chatten im Inkognito-Modus wissen m\u00fcssen - und warum es so beliebt ist.<\/p>\n<h2>Was ist Inkognito-Chat?<\/h2>\n<p>Inkognito-Chat bezieht sich auf Online-Chat-Plattformen, -Apps oder -R\u00e4ume, die es Nutzern erm\u00f6glichen, sich anonym mit anderen zu unterhalten. Im Gegensatz zu sozialen Medien oder herk\u00f6mmlichen Messaging-Apps m\u00fcssen Sie sich nicht mit Ihrem echten Namen anmelden, Ihr Foto verwenden oder gar ein Profil erstellen. Sie k\u00f6nnen jeder sein (oder niemand) und trotzdem echte Gespr\u00e4che f\u00fchren.<\/p>\n<p>Inkognito-Chat online ist alles \u00fcber:<\/p>\n<ul>\n<li>Anonymit\u00e4t: Sie m\u00fcssen Ihre Identit\u00e4t nicht preisgeben - verwenden Sie einen Spitznamen, bleiben Sie \"inkognito\" oder lassen Sie die App einen zuf\u00e4lligen Namen f\u00fcr Sie generieren.<\/li>\n<li>Datenschutz: Gespr\u00e4che sind nicht an Ihre Konten gebunden und werden normalerweise nicht gespeichert.<\/li>\n<li>Freiheit: Sagen Sie, was Ihnen durch den Kopf geht, ohne Angst vor Verurteilung oder Konsequenzen.<\/li>\n<\/ul>\n<p>Die Plattformen k\u00f6nnen Text-, Sprach- oder sogar Videochats anbieten, wobei die Anonymit\u00e4t stets im Mittelpunkt steht.<\/p>\n<h2>Warum Inkognito-Chat online nutzen?<\/h2>\n<p>Inkognito-Chats werden aus den unterschiedlichsten Gr\u00fcnden genutzt:<\/p>\n<ul>\n<li>Teilen Sie sich frei mit: Es ist einfacher, offen \u00fcber Gef\u00fchle, Geheimnisse oder schwierige Themen zu sprechen, wenn man anonym ist.<\/li>\n<li>Holen Sie sich ehrlichen Rat: Menschen neigen dazu, ehrliches Feedback zu geben, wenn es keine sozialen Konsequenzen hat.<\/li>\n<li>Lernen Sie neue Leute kennen: Schlie\u00dfen Sie sich mit Fremden auf der ganzen Welt zusammen - ohne Druck und ohne Verpflichtungen.<\/li>\n<li>Vermeiden Sie Unannehmlichkeiten: Keine Angst, Bekannte zu treffen oder etwas Peinliches zu sagen.<\/li>\n<li>Unterst\u00fctzung und Hilfe: Ideal f\u00fcr die Suche nach Selbsthilfegruppen, Chats zur psychischen Gesundheit oder Peer-to-Peer-Beratung.<\/li>\n<\/ul>\n<blockquote><p>\"Ich verwende Inkognito-Chat-Apps, wenn ich Ratschl\u00e4ge zu Dingen brauche, \u00fcber die ich nicht mit Freunden sprechen kann. Ich habe dort einige meiner ehrlichsten und hilfreichsten Gespr\u00e4che gef\u00fchrt.\"<\/p><\/blockquote>\n<h2>Beliebte Arten von Incognito Chat<\/h2>\n<p>Es gibt eine ganze Welt von Inkognito-Chat-Apps und -Plattformen zu entdecken:<\/p>\n<h3>1. Anonyme Inkognito-Chatr\u00e4ume<\/h3>\n<p>Dies sind klassische textbasierte R\u00e4ume, in denen jeder anonym ist. Chat Avenue, Wireclub und TinyChat bieten alle \u00f6ffentliche und private R\u00e4ume, in die Sie sofort einsteigen k\u00f6nnen.<\/p>\n<h3>2. Inkognito-Chat-Apps<\/h3>\n<p>Mobile Apps wie Chatous, Whisper und Wakie sind f\u00fcr das anonyme Chatten konzipiert. W\u00e4hlen Sie Ihren Nickname und beginnen Sie mit der Nachrichten\u00fcbermittlung - keine Telefonnummer oder soziale Anmeldung erforderlich.<\/p>\n<h3>3. Inkognito-Videochat von Angesicht zu Angesicht<\/h3>\n<p>Auf Plattformen wie Omegle und Chatroulette k\u00f6nnen Sie per Video chatten, ohne sich anzumelden. Ihre wirkliche Identit\u00e4t wird nie gezeigt, es sei denn, Sie wollen es.<\/p>\n<h3>4. Inkognito-Gruppenchats<\/h3>\n<p>Treten Sie themen- oder interessenbezogenen R\u00e4umen bei (Musik, psychische Gesundheit, Dating usw.) und schlie\u00dfen Sie sich mit anderen zusammen, die ebenfalls inkognito bleiben m\u00f6chten.<\/p>\n<h2>Inkognito-Chat vs. regul\u00e4rer Online-Chat<\/h2>\n<table>\n<thead>\n<tr>\n<th>Merkmal<\/th>\n<th>Inkognito-Schm\u00e4tzer<\/th>\n<th>Normale Chat-Apps<\/th>\n<th>Soziale Medien<\/th>\n<\/tr>\n<\/thead>\n<tbody>\n<tr>\n<td>Kein echter Name\/Profil erforderlich<\/td>\n<td>\u2705<\/td>\n<td>\u274c<\/td>\n<td>\u274c<\/td>\n<\/tr>\n<tr>\n<td>Anonyme Anmeldung<\/td>\n<td>\u2705<\/td>\n<td>\u274c<\/td>\n<td>\u274c<\/td>\n<\/tr>\n<tr>\n<td>Nicht gespeicherte Konversationen<\/td>\n<td>\u2705\/\u274c<\/td>\n<td>\u274c<\/td>\n<td>\u274c<\/td>\n<\/tr>\n<tr>\n<td>Gruppen- oder Privatoptionen<\/td>\n<td>\u2705<\/td>\n<td>\u2705<\/td>\n<td>\u2705<\/td>\n<\/tr>\n<tr>\n<td>Kostenlose Nutzung<\/td>\n<td>\u2705<\/td>\n<td>\u2705<\/td>\n<td>\u2705<\/td>\n<\/tr>\n<tr>\n<td>Zuf\u00e4lliger Abgleich m\u00f6glich<\/td>\n<td>\u2705<\/td>\n<td>\u274c<\/td>\n<td>\u274c<\/td>\n<\/tr>\n<\/tbody>\n<\/table>\n<p>Incognito-Chat zeichnet sich dadurch aus, dass er Ihnen Freiheit, Flexibilit\u00e4t und Seelenfrieden bietet.<\/p>\n<h2>Wie funktioniert der Inkognito-Chat?<\/h2>\n<p>Der Einstieg in den Inkognito-Chat online ist denkbar einfach:<\/p>\n<ol>\n<li>W\u00e4hlen Sie eine Plattform oder App: Entscheiden Sie, ob Sie einen Text-, Sprach- oder Video-Chat w\u00fcnschen.<\/li>\n<li>Legen Sie einen Spitznamen an (oder gehen Sie als \"Gast\"): Bei den meisten Websites k\u00f6nnen Sie sich ohne Registrierung anmelden.<\/li>\n<li>W\u00e4hlen Sie einen Chat-Raum oder beginnen Sie einen Einzel-Chat: Einige Plattformen bieten thematische R\u00e4ume f\u00fcr bestimmte Themen an.<\/li>\n<li>Chatten Sie! Teilen Sie, was Sie wollen, h\u00f6ren Sie zu und verbinden Sie sich von \u00fcberall aus mit anderen.<\/li>\n<li>Sie k\u00f6nnen jederzeit gehen oder aussteigen: Wenn das Gespr\u00e4ch nicht das ist, was Sie wollen, k\u00f6nnen Sie jederzeit weitergehen.<\/li>\n<\/ol>\n<p>Die meisten Apps und Websites sind kostenlos, einige bieten kostenpflichtige Funktionen wie die Entfernung von Werbung, erweiterte Filter oder VIP-R\u00e4ume.<\/p>\n<h2>Wer benutzt den Inkognito-Chat?<\/h2>\n<p>Jeder! Typische Benutzer sind:<\/p>\n<ul>\n<li>Jugendliche und junge Erwachsene, die Rat oder Unterst\u00fctzung durch Gleichaltrige suchen<\/li>\n<li>Menschen mit Fragen zu Beziehungen, Gesundheit oder pers\u00f6nlichen Problemen<\/li>\n<li>Singles, die flirten oder neue Leute kennenlernen m\u00f6chten, ohne private Informationen zu teilen<\/li>\n<li>Berufst\u00e4tige oder Studenten, die offen \u00fcber Stress im Beruf oder in der Schule sprechen m\u00f6chten<\/li>\n<li>Jeder, der sich nach einem ehrlichen, druckfreien Gespr\u00e4ch sehnt<\/li>\n<\/ul>\n<p>Es gibt keine Altersgrenze f\u00fcr das Bed\u00fcrfnis nach ein wenig Privatsph\u00e4re.<\/p>\n<h2>Ist Inkognito-Chat wirklich sicher?<\/h2>\n<p>Der Inkognito-Chat ist sicherer als die meisten sozialen Plattformen - aber seien Sie immer vern\u00fcnftig:<\/p>\n<ul>\n<li>Geben Sie keine echten Namen, Adressen, Telefonnummern oder pers\u00f6nliche Daten weiter.<\/li>\n<li>Seien Sie vorsichtig mit Fotos und Videos: Senden Sie niemals Bilder, die Sie nicht ver\u00f6ffentlichen m\u00f6chten.<\/li>\n<li>Wenn Sie sich in einem Gespr\u00e4ch unwohl f\u00fchlen, verlassen Sie es sofort.<\/li>\n<li>Nutzen Sie Plattformen mit Moderations- und Berichtsfunktionen.<\/li>\n<li>Denken Sie daran, dass Anonymit\u00e4t in beide Richtungen geht: Auch andere Nutzer sind anonym - vertrauen Sie Ihrem Instinkt.<\/li>\n<\/ul>\n<p>Wenn Sie den Inkognito-Chat f\u00fcr Ihre psychische Gesundheit oder zur Unterst\u00fctzung nutzen m\u00f6chten, suchen Sie nach Diensten mit geschulten Moderatoren oder verifizierten Helfern.<\/p>\n<h2>Beste Eigenschaften von Inkognito-Chat-Apps und -Seiten<\/h2>\n<ul>\n<li>Keine Anmeldung erforderlich: Sofortiger Einstieg, keine E-Mail oder Telefonnummer erforderlich.<\/li>\n<li>Private Inkognito-Chatr\u00e4ume: Treten Sie themenbezogenen oder allgemeinen Chat-R\u00e4umen bei, je nach Stimmung.<\/li>\n<li>Tempor\u00e4re Chatverl\u00e4ufe: Viele Apps speichern keine Unterhaltungen, sodass Ihre Worte verschwinden, wenn Sie sie verlassen.<\/li>\n<li>Benutzerkontrolle: Blockieren oder melden Sie jeden, der die Grenze \u00fcberschreitet.<\/li>\n<li>Option f\u00fcr Text, Sprache oder Video: W\u00e4hlen Sie, wie viel Sie teilen m\u00f6chten.<\/li>\n<li>Interessenbasierter Abgleich: Filtern Sie R\u00e4ume nach Thema, Ort oder Alter, um relevantere Chats zu erhalten.<\/li>\n<\/ul>\n<h2>Tipps f\u00fcr das beste Inkognito-Chat-Erlebnis<\/h2>\n<ul>\n<li>Beginnen Sie mit allgemeinen R\u00e4umen: Machen Sie es sich bequem, bevor Sie in privaten Chats mehr mitteilen.<\/li>\n<li>Seien Sie h\u00f6flich und respektvoll: Anonymit\u00e4t ist kein Freibrief f\u00fcr Unh\u00f6flichkeit - gute Stimmung kommt gut an.<\/li>\n<li>Geben Sie nicht zu viel preis: Auch wenn Sie anonym sind, sollten Sie sich an gewisse Grenzen halten.<\/li>\n<li>Verwenden Sie Interessen-Tags: Sie helfen Ihnen, Menschen zu finden, mit denen Sie tats\u00e4chlich sprechen m\u00f6chten.<\/li>\n<li>Experimentieren Sie mit verschiedenen Plattformen: Jede hat ihre eigene Ausstrahlung und ihre eigenen Funktionen.<\/li>\n<\/ul>\n<h2>Wann Sie den Inkognito-Chat verwenden sollten<\/h2>\n<ul>\n<li>Wenn Sie einen Rat brauchen oder sich anonym Luft machen wollen<\/li>\n<li>Freunde finden, ohne die eigene Identit\u00e4t preiszugeben<\/li>\n<li>F\u00fcr private Flirt- oder Dating-Chats<\/li>\n<li>Bei der Erkundung sensibler Themen, \u00fcber die man anderswo nicht sprechen kann<\/li>\n<li>Wenn Sie neu im Online-Chat sind und ihn risikofrei ausprobieren m\u00f6chten<\/li>\n<\/ul>\n<h2>Kostenlose vs. kostenpflichtige Inkognito-Chat-Funktionen<\/h2>\n<p>Die meisten Inkognito-Chat-Plattformen sind kostenlos zu nutzen. Kostenpflichtige Upgrades k\u00f6nnen enthalten:<\/p>\n<ul>\n<li>Werbefreies Erlebnis<\/li>\n<li>Erweiterte Anpassungsfilter<\/li>\n<li>VIP- oder Privatr\u00e4ume<\/li>\n<li>Benutzerdefinierte Emojis oder Aufkleber<\/li>\n<\/ul>\n<p>F\u00fcr die meisten Benutzer bietet die kostenlose Version jedoch ein hohes Ma\u00df an Datenschutz und Flexibilit\u00e4t.<\/p>\n<p>Der Inkognito-Chat ist der ultimative sichere Online-Raum, in dem du sagen kannst, was dir durch den Kopf geht, Fragen stellen kannst, die du sonst nirgendwo stellen kannst, und Menschen aus der ganzen Welt treffen kannst - und dabei v\u00f6llig anonym bleibst. Egal, ob du nach Ratschl\u00e4gen, Freundschaft, Spa\u00df oder einfach nur nach einer neuen Perspektive suchst, es gibt eine Inkognito-Chat-App oder einen Inkognito-Chat-Raum, der auf dich wartet.<\/p>\n<p>Sind Sie bereit, es auszuprobieren? Gehen Sie noch heute in einen Inkognito-Chatraum und entdecken Sie die Freiheit einer wirklich privaten Online-Verbindung.<\/p>","protected":false},"excerpt":{"rendered":"<p>Have you ever wanted to talk to someone online\u2014ask a question, share a story, or just vent\u2014without revealing who you are? That\u2019s the appeal of incognito chat: complete privacy, total freedom, and real conversations, with no need to show your face or share your name. Whether you\u2019re looking for a safe space to discuss personal [&hellip;]<\/p>\n","protected":false},"author":8,"featured_media":0,"parent":0,"menu_order":0,"comment_status":"closed","ping_status":"closed","template":"","meta":{"footnotes":""},"class_list":["post-12724","page","type-page","status-publish","hentry"],"yoast_head":"<!-- This site is optimized with the Yoast SEO plugin v27.5 - https:\/\/yoast.com\/product\/yoast-seo-wordpress\/ -->\n<title>Incognito Chat with Video Chat on TinyChat.com<\/title>\n<meta name=\"description\" content=\"Enjoying Incognito Chat? Join over 50,000,000 strangers on TinyChat! Turn on your cam and start meeting new people, or find a match.\" \/>\n<meta name=\"robots\" content=\"index, follow, max-snippet:-1, max-image-preview:large, max-video-preview:-1\" \/>\n<link rel=\"canonical\" href=\"https:\/\/tinychat.com\/de\/incognito-chat\/\" \/>\n<meta property=\"og:locale\" content=\"de_DE\" \/>\n<meta property=\"og:type\" content=\"article\" \/>\n<meta property=\"og:title\" content=\"Incognito Chat with Video Chat on TinyChat.com\" \/>\n<meta property=\"og:description\" content=\"Enjoying Incognito Chat? Join over 50,000,000 strangers on TinyChat! Turn on your cam and start meeting new people, or find a match.\" \/>\n<meta property=\"og:url\" content=\"https:\/\/tinychat.com\/de\/incognito-chat\/\" \/>\n<meta property=\"og:site_name\" content=\"TinyChat\" \/>\n<meta property=\"article:publisher\" content=\"https:\/\/www.facebook.com\/tinychat\" \/>\n<meta property=\"article:modified_time\" content=\"2025-08-07T09:00:11+00:00\" \/>\n<meta property=\"og:image\" content=\"https:\/\/tinychat.com\/wp-content\/uploads\/2020\/04\/Tinychat-logo-1280x284-new-black.png\" \/>\n\t<meta property=\"og:image:width\" content=\"1280\" \/>\n\t<meta property=\"og:image:height\" content=\"284\" \/>\n\t<meta property=\"og:image:type\" content=\"image\/png\" \/>\n<meta name=\"twitter:card\" content=\"summary_large_image\" \/>\n<meta name=\"twitter:site\" content=\"@tinychat\" \/>\n<meta name=\"twitter:label1\" content=\"Gesch\u00e4tzte Lesezeit\" \/>\n\t<meta name=\"twitter:data1\" content=\"5\u00a0Minuten\" \/>\n<script type=\"application\/ld+json\" class=\"yoast-schema-graph\">{\"@context\":\"https:\\\/\\\/schema.org\",\"@graph\":[{\"@type\":\"WebPage\",\"@id\":\"https:\\\/\\\/tinychat.com\\\/incognito-chat\\\/\",\"url\":\"https:\\\/\\\/tinychat.com\\\/incognito-chat\\\/\",\"name\":\"Incognito Chat with Video Chat on TinyChat.com\",\"isPartOf\":{\"@id\":\"https:\\\/\\\/tinychat.com\\\/#website\"},\"datePublished\":\"2025-08-07T08:14:49+00:00\",\"dateModified\":\"2025-08-07T09:00:11+00:00\",\"description\":\"Enjoying Incognito Chat? Join over 50,000,000 strangers on TinyChat! Turn on your cam and start meeting new people, or find a match.\",\"breadcrumb\":{\"@id\":\"https:\\\/\\\/tinychat.com\\\/incognito-chat\\\/#breadcrumb\"},\"inLanguage\":\"de\",\"potentialAction\":[{\"@type\":\"ReadAction\",\"target\":[\"https:\\\/\\\/tinychat.com\\\/incognito-chat\\\/\"]}]},{\"@type\":\"BreadcrumbList\",\"@id\":\"https:\\\/\\\/tinychat.com\\\/incognito-chat\\\/#breadcrumb\",\"itemListElement\":[{\"@type\":\"ListItem\",\"position\":1,\"name\":\"Home\",\"item\":\"https:\\\/\\\/tinychat.com\\\/\"},{\"@type\":\"ListItem\",\"position\":2,\"name\":\"Incognito Chat\"}]},{\"@type\":\"WebSite\",\"@id\":\"https:\\\/\\\/tinychat.com\\\/#website\",\"url\":\"https:\\\/\\\/tinychat.com\\\/\",\"name\":\"TinyChat\",\"description\":\"Random Video Chat with Strangers\",\"publisher\":{\"@id\":\"https:\\\/\\\/tinychat.com\\\/#organization\"},\"alternateName\":\"TinyChat.com\",\"potentialAction\":[{\"@type\":\"SearchAction\",\"target\":{\"@type\":\"EntryPoint\",\"urlTemplate\":\"https:\\\/\\\/tinychat.com\\\/?s={search_term_string}\"},\"query-input\":{\"@type\":\"PropertyValueSpecification\",\"valueRequired\":true,\"valueName\":\"search_term_string\"}}],\"inLanguage\":\"de\"},{\"@type\":\"Organization\",\"@id\":\"https:\\\/\\\/tinychat.com\\\/#organization\",\"name\":\"TinyChat\",\"alternateName\":\"TinyChat.com\",\"url\":\"https:\\\/\\\/tinychat.com\\\/\",\"logo\":{\"@type\":\"ImageObject\",\"inLanguage\":\"de\",\"@id\":\"https:\\\/\\\/tinychat.com\\\/#\\\/schema\\\/logo\\\/image\\\/\",\"url\":\"https:\\\/\\\/tinychat.com\\\/wp-content\\\/uploads\\\/2023\\\/11\\\/Tinychat-icon-square.png\",\"contentUrl\":\"https:\\\/\\\/tinychat.com\\\/wp-content\\\/uploads\\\/2023\\\/11\\\/Tinychat-icon-square.png\",\"width\":284,\"height\":284,\"caption\":\"TinyChat\"},\"image\":{\"@id\":\"https:\\\/\\\/tinychat.com\\\/#\\\/schema\\\/logo\\\/image\\\/\"},\"sameAs\":[\"https:\\\/\\\/www.facebook.com\\\/tinychat\",\"https:\\\/\\\/x.com\\\/tinychat\"]}]}<\/script>\n<!-- \/ Yoast SEO plugin. -->","yoast_head_json":{"title":"Inkognito-Chat mit Video-Chat auf TinyChat.com","description":"Genie\u00dfen Sie den Inkognito-Chat? Schlie\u00dfen Sie sich \u00fcber 50.000.000 Fremden auf TinyChat an! Schalte deine Kamera ein und fange an, neue Leute zu treffen, oder finde einen Partner.","robots":{"index":"index","follow":"follow","max-snippet":"max-snippet:-1","max-image-preview":"max-image-preview:large","max-video-preview":"max-video-preview:-1"},"canonical":"https:\/\/tinychat.com\/de\/incognito-chat\/","og_locale":"de_DE","og_type":"article","og_title":"Incognito Chat with Video Chat on TinyChat.com","og_description":"Enjoying Incognito Chat? Join over 50,000,000 strangers on TinyChat! Turn on your cam and start meeting new people, or find a match.","og_url":"https:\/\/tinychat.com\/de\/incognito-chat\/","og_site_name":"TinyChat","article_publisher":"https:\/\/www.facebook.com\/tinychat","article_modified_time":"2025-08-07T09:00:11+00:00","og_image":[{"width":1280,"height":284,"url":"https:\/\/tinychat.com\/wp-content\/uploads\/2020\/04\/Tinychat-logo-1280x284-new-black.png","type":"image\/png"}],"twitter_card":"summary_large_image","twitter_site":"@tinychat","twitter_misc":{"Gesch\u00e4tzte Lesezeit":"5\u00a0Minuten"},"schema":{"@context":"https:\/\/schema.org","@graph":[{"@type":"WebPage","@id":"https:\/\/tinychat.com\/incognito-chat\/","url":"https:\/\/tinychat.com\/incognito-chat\/","name":"Inkognito-Chat mit Video-Chat auf TinyChat.com","isPartOf":{"@id":"https:\/\/tinychat.com\/#website"},"datePublished":"2025-08-07T08:14:49+00:00","dateModified":"2025-08-07T09:00:11+00:00","description":"Genie\u00dfen Sie den Inkognito-Chat? Schlie\u00dfen Sie sich \u00fcber 50.000.000 Fremden auf TinyChat an! Schalte deine Kamera ein und fange an, neue Leute zu treffen, oder finde einen Partner.","breadcrumb":{"@id":"https:\/\/tinychat.com\/incognito-chat\/#breadcrumb"},"inLanguage":"de","potentialAction":[{"@type":"ReadAction","target":["https:\/\/tinychat.com\/incognito-chat\/"]}]},{"@type":"BreadcrumbList","@id":"https:\/\/tinychat.com\/incognito-chat\/#breadcrumb","itemListElement":[{"@type":"ListItem","position":1,"name":"Home","item":"https:\/\/tinychat.com\/"},{"@type":"ListItem","position":2,"name":"Incognito Chat"}]},{"@type":"WebSite","@id":"https:\/\/tinychat.com\/#website","url":"https:\/\/tinychat.com\/","name":"TinyChat","description":"Zuf\u00e4lliger Video-Chat mit Fremden","publisher":{"@id":"https:\/\/tinychat.com\/#organization"},"alternateName":"TinyChat.com","potentialAction":[{"@type":"SearchAction","target":{"@type":"EntryPoint","urlTemplate":"https:\/\/tinychat.com\/?s={search_term_string}"},"query-input":{"@type":"PropertyValueSpecification","valueRequired":true,"valueName":"search_term_string"}}],"inLanguage":"de"},{"@type":"Organization","@id":"https:\/\/tinychat.com\/#organization","name":"TinyChat","alternateName":"TinyChat.com","url":"https:\/\/tinychat.com\/","logo":{"@type":"ImageObject","inLanguage":"de","@id":"https:\/\/tinychat.com\/#\/schema\/logo\/image\/","url":"https:\/\/tinychat.com\/wp-content\/uploads\/2023\/11\/Tinychat-icon-square.png","contentUrl":"https:\/\/tinychat.com\/wp-content\/uploads\/2023\/11\/Tinychat-icon-square.png","width":284,"height":284,"caption":"TinyChat"},"image":{"@id":"https:\/\/tinychat.com\/#\/schema\/logo\/image\/"},"sameAs":["https:\/\/www.facebook.com\/tinychat","https:\/\/x.com\/tinychat"]}]}},"_links":{"self":[{"href":"https:\/\/tinychat.com\/de\/wp-json\/wp\/v2\/pages\/12724","targetHints":{"allow":["GET"]}}],"collection":[{"href":"https:\/\/tinychat.com\/de\/wp-json\/wp\/v2\/pages"}],"about":[{"href":"https:\/\/tinychat.com\/de\/wp-json\/wp\/v2\/types\/page"}],"author":[{"embeddable":true,"href":"https:\/\/tinychat.com\/de\/wp-json\/wp\/v2\/users\/8"}],"replies":[{"embeddable":true,"href":"https:\/\/tinychat.com\/de\/wp-json\/wp\/v2\/comments?post=12724"}],"version-history":[{"count":2,"href":"https:\/\/tinychat.com\/de\/wp-json\/wp\/v2\/pages\/12724\/revisions"}],"predecessor-version":[{"id":13418,"href":"https:\/\/tinychat.com\/de\/wp-json\/wp\/v2\/pages\/12724\/revisions\/13418"}],"wp:attachment":[{"href":"https:\/\/tinychat.com\/de\/wp-json\/wp\/v2\/media?parent=12724"}],"curies":[{"name":"wp","href":"https:\/\/api.w.org\/{rel}","templated":true}]}}