{"id":12732,"date":"2025-03-12T09:40:59","date_gmt":"2025-03-12T07:40:59","guid":{"rendered":"https:\/\/tinychat.com\/?page_id=12732"},"modified":"2025-07-16T15:01:20","modified_gmt":"2025-07-16T13:01:20","slug":"live-chat-online","status":"publish","type":"page","link":"https:\/\/tinychat.com\/de\/live-chat-online\/","title":{"rendered":"Live Chat Online"},"content":{"rendered":"<p>Erinnern Sie sich noch an die Zeiten, als man beim Online-Chat Nachrichten verschicken und auf Antworten warten musste? Diese Zeiten sind vorbei. Mit Live-Chat-Online-Plattformen k\u00f6nnen Sie jetzt sofort eine Verbindung herstellen - per Text, Sprache oder Video - und mit Menschen auf der ganzen Welt in Echtzeit Lacher, Ratschl\u00e4ge und sogar lebensver\u00e4ndernde Momente teilen. Ganz gleich, ob Sie sich spontan unterhalten m\u00f6chten, neue Freunde kennenlernen wollen oder eine schnelle Antwort auf eine brennende Frage suchen - Live-Chat-R\u00e4ume und -Apps machen all das mit einem einzigen Klick m\u00f6glich.<\/p>\n<p>Lassen Sie uns in die Welt des Online-Live-Chats eintauchen - was es ist, wo man die besten Erfahrungen macht, wie man sicher bleibt und warum mehr Menschen als je zuvor diese neue Art der Kommunikation lieben.<\/p>\n<h2>Was ist Live Chat Online?<\/h2>\n<p>Ein Online-Live-Chat ist eine Unterhaltung in Echtzeit \u00fcber das Internet. Im Gegensatz zu herk\u00f6mmlichen E-Mails oder langsamen Foren k\u00f6nnen Sie bei einem Live-Chat sofort Nachrichten - oder sogar Video- und Audiomaterial - mit jemandem austauschen. Das kann bedeuten:<\/p>\n<ul>\n<li>Text-Chatr\u00e4ume: Altmodisch, aber immer noch gro\u00dfartig. Sie k\u00f6nnen sich in eine Gruppe oder eine private Unterhaltung einklinken und \u00fcber alles reden.<\/li>\n<li>Live-Video-Chat online: Bringen Sie die Dinge in Schwung mit Gespr\u00e4chen von Angesicht zu Angesicht. Alles, was Sie brauchen, ist eine Webcam und ein bisschen Mut!<\/li>\n<li>Sprach-Chat: Sie sprechen gerne, sind aber noch nicht bereit f\u00fcr Video? Der Voice-Chat schlie\u00dft die L\u00fccke.<\/li>\n<li>Zuf\u00e4lliger Live-Chat mit Fremden: Lassen Sie sich mit einer v\u00f6llig neuen Person zusammenbringen, um jedes Mal ein neues Gespr\u00e4ch zu beginnen.<\/li>\n<\/ul>\n<p>Egal, ob Sie nur kurz mit Freunden chatten oder jemanden auf der anderen Seite des Globus kennenlernen m\u00f6chten, der Live-Chat im Internet bietet Ihnen alles.<\/p>\n<h2>Warum ist Live Chat Online so beliebt?<\/h2>\n<p>Es gibt viele Gr\u00fcnde, warum der Live-Chat im Internet boomt:<\/p>\n<ul>\n<li>Sofortige Befriedigung: Kein Warten auf Antworten. Das Gespr\u00e4ch findet jetzt statt.<\/li>\n<li>Lernen Sie neue Leute kennen: Verbinden Sie sich mit Fremden von \u00fcberall her - jeder Chat ist eine \u00dcberraschung.<\/li>\n<li>Bleiben Sie in der N\u00e4he von Freunden und Familie: Vor allem, wenn man weit voneinander entfernt ist, \u00fcberbr\u00fcckt der Live-Chat die Distanz.<\/li>\n<li>Lernen und teilen: Gruppenchats, Beratungsr\u00e4ume und Selbsthilfegruppen sind nur einen Klick entfernt.<\/li>\n<li>Spa\u00df und Spiele: Viele Chatr\u00e4ume bieten Spiele, Quiz oder Live-Events.<\/li>\n<\/ul>\n<p>Au\u00dferdem k\u00f6nnen Sie als Sie selbst chatten, einen Spitznamen verwenden oder v\u00f6llig anonym bleiben - Sie haben die Wahl.<\/p>\n<h2>Arten von Live-Chat-R\u00e4umen und -Plattformen<\/h2>\n<p>Das Sch\u00f6ne am Online-Live-Chat ist, dass es f\u00fcr jeden etwas gibt. Hier sind einige der beliebtesten Optionen:<\/p>\n<h3>1. Kostenlose Live-Chat-Online-R\u00e4ume<\/h3>\n<p>M\u00f6chten Sie einfach nur reden? Es gibt Tausende von \u00f6ffentlichen Chatr\u00e4umen auf Plattformen wie Chat Avenue, Wireclub und Paltalk. Sie k\u00f6nnen allgemeinen R\u00e4umen beitreten oder solchen, die sich mit Hobbys, Orten oder Interessen besch\u00e4ftigen.<\/p>\n<h3>2. Zuf\u00e4lliger Live-Chat mit Fremden<\/h3>\n<p>Websites wie Omegle, Chatroulette und Chatspin machen es einfach, mit jedem Klick eine neue Person zu treffen. Das ist perfekt f\u00fcr alle, die \u00dcberraschungen und Spontaneit\u00e4t lieben.<\/p>\n<h3>3. Live Video Chat Online<\/h3>\n<p>\u00dcber Chat-Plattformen wie Camsurf, Bazoocam oder sogar WhatsApp-Video k\u00f6nnen Sie L\u00e4cheln, Geschichten und echte Reaktionen mit Menschen auf der ganzen Welt teilen.<\/p>\n<h3>4. Privater Live-Chat<\/h3>\n<p>Sie m\u00f6chten einen ruhigeren Raum? Auf den meisten Plattformen k\u00f6nnen Sie private Chats erstellen oder ihnen beitreten - entweder allein oder mit einer ausgew\u00e4hlten Gruppe von Freunden.<\/p>\n<h3>5. Unterst\u00fctzung und Beratung Chats<\/h3>\n<p>Brauchen Sie jemanden, mit dem Sie reden k\u00f6nnen? Plattformen wie 7 Cups und BlahTherapy bieten anonyme Live-Chats mit Freiwilligen oder geschulten Zuh\u00f6rern an, die Ihnen mit Rat und Tat zur Seite stehen.<\/p>\n<h3>6. Business Live Chat<\/h3>\n<p>Viele Unternehmen nutzen den Live-Chat f\u00fcr den Kundensupport, aber diese Chats sind in der Regel eher formell und auf die Probleml\u00f6sung ausgerichtet.<\/p>\n<h2>Online-Live-Chat im Vergleich zu anderen M\u00f6glichkeiten der Kontaktaufnahme<\/h2>\n<table>\n<thead>\n<tr>\n<th>Merkmal<\/th>\n<th>Live Chat Online<\/th>\n<th>Soziale Medien<\/th>\n<th>E-Mail<\/th>\n<th>Foren\/Threads<\/th>\n<th>Video-Treffen<\/th>\n<\/tr>\n<\/thead>\n<tbody>\n<tr>\n<td>Konversation in Echtzeit<\/td>\n<td>\u2705<\/td>\n<td>\u2705<\/td>\n<td>\u274c<\/td>\n<td>\u274c<\/td>\n<td>\u2705<\/td>\n<\/tr>\n<tr>\n<td>Text, Sprache und Video<\/td>\n<td>\u2705<\/td>\n<td>\u2705<\/td>\n<td>\u274c<\/td>\n<td>\u274c<\/td>\n<td>\u2705<\/td>\n<\/tr>\n<tr>\n<td>Anonyme Option<\/td>\n<td>\u2705<\/td>\n<td>\u274c<\/td>\n<td>\u2705\/\u274c<\/td>\n<td>\u2705<\/td>\n<td>\u274c<\/td>\n<\/tr>\n<tr>\n<td>Zuf\u00e4lliger Abgleich<\/td>\n<td>\u2705<\/td>\n<td>\u274c<\/td>\n<td>\u274c<\/td>\n<td>\u274c<\/td>\n<td>\u274c<\/td>\n<\/tr>\n<tr>\n<td>Kostenlose Nutzung<\/td>\n<td>\u2705<\/td>\n<td>\u2705<\/td>\n<td>\u2705<\/td>\n<td>\u2705<\/td>\n<td>\u2705\/\u274c<\/td>\n<\/tr>\n<tr>\n<td>Gruppen- oder Privatoptionen<\/td>\n<td>\u2705<\/td>\n<td>\u2705<\/td>\n<td>\u2705<\/td>\n<td>\u2705<\/td>\n<td>\u2705<\/td>\n<\/tr>\n<\/tbody>\n<\/table>\n<p>Der Online-Live-Chat zeichnet sich durch seine Schnelligkeit, Vielseitigkeit und globale Reichweite aus.<\/p>\n<h2>Der Einstieg in den Live-Chat im Internet<\/h2>\n<p>Keine technischen Kenntnisse erforderlich! Hier ist eine kurze Schritt-f\u00fcr-Schritt-Anleitung:<\/p>\n<ol>\n<li>W\u00e4hlen Sie Ihre Plattform: Entscheiden Sie, ob Sie an einem Gruppenchat, einem Videochat oder einem zuf\u00e4lligen Live-Chat mit Fremden teilnehmen m\u00f6chten.<\/li>\n<li>Legen Sie Ihren Nickname fest oder melden Sie sich an (falls erforderlich): Bei vielen Plattformen k\u00f6nnen Sie sofort loslegen, bei anderen m\u00fcssen Sie sich kurz anmelden.<\/li>\n<li>W\u00e4hlen Sie Ihren Raum oder klicken Sie auf \"Start\": Geben Sie einen Themenraum ein, suchen Sie nach Ihren Interessen oder klicken Sie auf \"Weiter\", um jemand Neues kennenzulernen.<\/li>\n<li>Beginnen Sie zu chatten: Sag hallo! Erz\u00e4hlen Sie etwas \u00fcber sich, stellen Sie Fragen und lassen Sie sich einfach treiben.<\/li>\n<li>Sie k\u00f6nnen jederzeit gehen oder schw\u00e4nzen: Wenn das Gespr\u00e4ch nicht Ihren Vorstellungen entspricht, ist es v\u00f6llig in Ordnung, weiterzugehen.<\/li>\n<\/ol>\n<p>Die meisten Plattformen bieten sowohl kostenlose als auch kostenpflichtige Optionen an. Beginnen Sie mit dem kostenlosen Live-Chat online und erweitern Sie ihn, wenn Sie zus\u00e4tzliche Funktionen w\u00fcnschen.<\/p>\n<h2>Beste kostenlose Live-Chat-Online-Plattformen<\/h2>\n<p>Hier sind einige der beliebtesten und vertrauensw\u00fcrdigsten Optionen:<\/p>\n<ul>\n<li>Omegle: Der erste zuf\u00e4llige Live-Chat mit Fremden - keine Anmeldung, einfach klicken und chatten (Text oder Video).<\/li>\n<li>Chat Avenue: Dutzende von thematischen Chat-R\u00e4umen, darunter allgemeine, Single- und Teenager-R\u00e4ume.<\/li>\n<li>Chatspin: Zuf\u00e4lliger Video-Chat mit Filtern f\u00fcr Interessen, Land und mehr.<\/li>\n<li>Camsurf: Sicherer und einfacher Live-Video-Chat online, weltweit verf\u00fcgbar.<\/li>\n<li>Discord: Erstellen Sie Server zu beliebigen Themen oder treten Sie ihnen bei, mit Sprach-, Text- und Video-Chat-Funktionen.<\/li>\n<li>Wireclub: Klassische Chat-R\u00e4ume und private DMs, sowie lustige Spiele und Quizze.<\/li>\n<li>7 Becher: F\u00fcr Unterst\u00fctzung, psychische Gesundheit und Ratschl\u00e4ge, chatten Sie anonym mit Zuh\u00f6rern.<\/li>\n<\/ul>\n<p>Probieren Sie ein paar aus, um herauszufinden, was zu Ihnen passt - es gibt einen Live-Chatraum f\u00fcr jede Stimmung und Pers\u00f6nlichkeit.<\/p>\n<h2>Ist Live Chat Online sicher?<\/h2>\n<p>In den meisten F\u00e4llen ja - aber wie bei allem, was online passiert, ist es ratsam, den gesunden Menschenverstand walten zu lassen:<\/p>\n<ul>\n<li>Geben Sie niemals Ihren vollst\u00e4ndigen Namen, Ihre Adresse, Telefonnummer oder andere pers\u00f6nliche Daten weiter.<\/li>\n<li>Verwenden Sie einen Spitznamen oder einen anonymen Benutzernamen.<\/li>\n<li>Wenn Sie Videos verwenden, halten Sie den Hintergrund neutral, um Ihre Privatsph\u00e4re zu sch\u00fctzen.<\/li>\n<li>Beenden Sie jedes Gespr\u00e4ch, das sich unangenehm anf\u00fchlt.<\/li>\n<li>Melden und blockieren Sie jeden, der gegen die Regeln verst\u00f6\u00dft oder sich unangemessen verh\u00e4lt.<\/li>\n<li>Wenn Sie unter 18 sind, benutzen Sie nur jugendfreundliche oder altersgerechte Chatr\u00e4ume.<\/li>\n<\/ul>\n<p>Die meisten gro\u00dfen Plattformen verf\u00fcgen \u00fcber aktive Moderatoren, Meldefunktionen und Sicherheitstools, um die Nutzer zu sch\u00fctzen.<\/p>\n<h2>Wer nutzt den Live-Chat online?<\/h2>\n<p>Alle! Du wirst es finden:<\/p>\n<ul>\n<li>Teenager und Studenten, die neue Freunde oder Hilfe bei den Hausaufgaben suchen<\/li>\n<li>Singles, die online flirten oder sich verabreden m\u00f6chten<\/li>\n<li>Nachtschw\u00e4rmer und Fr\u00fchaufsteher, die zu jeder Stunde Gesellschaft suchen<\/li>\n<li>Reisende und Expats, die sich \u00fcber Grenzen hinweg verbinden<\/li>\n<li>Menschen, die Rat, Unterst\u00fctzung oder einfach ein neues Gespr\u00e4ch suchen<\/li>\n<li>Unternehmen, die Kundendienst und Hilfe in Echtzeit anbieten<\/li>\n<\/ul>\n<p>Es gibt wirklich einen Raum f\u00fcr alle Altersgruppen, Interessen und Hintergr\u00fcnde.<\/p>\n<h2>Live-Video-Chat online: Warum er so beliebt ist<\/h2>\n<p>Wenn Sie eine tiefere, authentischere Verbindung w\u00fcnschen, ist der Online-Live-Videochat der n\u00e4chste Schritt nach oben. Es ist gro\u00dfartig f\u00fcr:<\/p>\n<ul>\n<li>Echte Reaktionen, L\u00e4cheln und Lachen zu sehen<\/li>\n<li>Eine neue Sprache mit Muttersprachlern \u00fcben<\/li>\n<li>Virtuelle Verabredungen oder Treffen \u00fcber gro\u00dfe Entfernungen<\/li>\n<li>Teilnahme an Gruppenveranstaltungen, Konzerten oder Live-Fragestunden<\/li>\n<\/ul>\n<p>Bei vielen Plattformen k\u00f6nnen Sie zwischen Text und Video wechseln, so dass Sie immer die Kontrolle \u00fcber Ihren Komfort haben.<\/p>\n<h2>Tipps f\u00fcr die beste Live-Chat-Online-Erfahrung<\/h2>\n<ul>\n<li>Seien Sie freundlich und respektvoll: Freundlichkeit kommt online sehr gut an.<\/li>\n<li>Stellen Sie offene Fragen: \"Was gef\u00e4llt Ihnen an Ihrer Stadt am besten?\" ist ein guter Anfang.<\/li>\n<li>Probieren Sie verschiedene R\u00e4ume und Zeiten aus: Menschen aus der ganzen Welt sind zu unterschiedlichen Zeiten online.<\/li>\n<li>Halten Sie Ihre Erwartungen offen: Einige Chats werden fantastisch sein, andere kurz oder albern. Genie\u00dfen Sie die Unvorhersehbarkeit!<\/li>\n<li>Verwenden Sie Interessenfilter: Auf vielen Plattformen k\u00f6nnen Sie Menschen finden, die Ihre Hobbys, Ihren Musikgeschmack oder Ihre Sprache teilen.<\/li>\n<\/ul>\n<h2>Wann Sie den Live-Chat online nutzen sollten<\/h2>\n<ul>\n<li>Wenn du dich einsam oder gelangweilt f\u00fchlst<\/li>\n<li>Freunde finden, die \u00fcber Ihren bisherigen Kreis hinausgehen<\/li>\n<li>F\u00fcr Beratung, Studienhilfe oder Unterst\u00fctzung<\/li>\n<li>Um neue Fertigkeiten zu \u00fcben (sprachliche, soziale oder einfach nur Konversation)<\/li>\n<li>Wenn Sie etwas zum Lachen haben wollen, eine Geschichte oder etwas v\u00f6llig Unerwartetes<\/li>\n<\/ul>\n<p>Man wei\u00df nie - vielleicht treffen Sie Ihren n\u00e4chsten besten Freund, Mentor oder Lieblings-Chatpartner auf der anderen Seite der Welt.<\/p>\n<h2>Kostenlose vs. kostenpflichtige Funktionen im Live Chat Online<\/h2>\n<p>Die meisten Websites und Anwendungen bieten ein solides kostenloses Live-Chat-Online-Erlebnis, aber kostenpflichtige Upgrades k\u00f6nnen enthalten:<\/p>\n<ul>\n<li>Erweiterte Filter (Geschlecht, Alter, Standort, Interessen)<\/li>\n<li>Vorrangiger oder unbegrenzter Abgleich\/Skipping<\/li>\n<li>Werbefreies Surfen<\/li>\n<li>Private oder \"VIP\"-Zimmer<\/li>\n<li>Benutzerdefinierte Emojis, Aufkleber oder Spiele im Chat<\/li>\n<\/ul>\n<p>F\u00fcr die meisten Nutzer ist die kostenlose Version mehr als ausreichend f\u00fcr sinnvolle und unterhaltsame Unterhaltungen.<\/p>\n<p>Der Online-Live-Chat hat die Art und Weise, wie wir miteinander in Kontakt treten, revolutioniert. Er ist schnell, spontan und voller \u00dcberraschungen - egal, ob man mit alten Freunden chattet oder jemand v\u00f6llig Neues kennenlernt. Und das Beste daran? Er ist jederzeit und \u00fcberall verf\u00fcgbar, und in der Regel ist er kostenlos.<\/p>\n<p>Warum probieren Sie es also nicht aus? Treten Sie in einen Live-Chat-Raum ein, probieren Sie einen zuf\u00e4lligen Live-Video-Chat aus oder gr\u00fcnden Sie noch heute Ihre eigene Gruppe. Ihre n\u00e4chste tolle Geschichte, Ihr n\u00e4chster Freund oder Lacher k\u00f6nnte nur einen Klick entfernt sein.<\/p>","protected":false},"excerpt":{"rendered":"<p>Remember when chatting online meant sending messages and waiting for replies? Those days are gone. Now, with live chat online platforms, you can connect instantly\u2014by text, voice, or video\u2014sharing laughs, advice, and even life-changing moments with people around the world in real time. Whether you\u2019re craving spontaneous conversation, looking to meet new friends, or want [&hellip;]<\/p>\n","protected":false},"author":8,"featured_media":0,"parent":0,"menu_order":0,"comment_status":"closed","ping_status":"closed","template":"","meta":{"footnotes":""},"class_list":["post-12732","page","type-page","status-publish","hentry"],"yoast_head":"<!-- This site is optimized with the Yoast SEO plugin v27.4 - https:\/\/yoast.com\/product\/yoast-seo-wordpress\/ -->\n<title>Live Chat Online with Video Chat on TinyChat.com<\/title>\n<meta name=\"description\" content=\"Enjoying Live Chat Online? Join over 50,000,000 strangers on TinyChat! Turn on your cam and start meeting new people, or find a match.\" \/>\n<meta name=\"robots\" content=\"index, follow, max-snippet:-1, max-image-preview:large, max-video-preview:-1\" \/>\n<link rel=\"canonical\" href=\"https:\/\/tinychat.com\/de\/live-chat-online\/\" \/>\n<meta property=\"og:locale\" content=\"de_DE\" \/>\n<meta property=\"og:type\" content=\"article\" \/>\n<meta property=\"og:title\" content=\"Live Chat Online with Video Chat on TinyChat.com\" \/>\n<meta property=\"og:description\" content=\"Enjoying Live Chat Online? Join over 50,000,000 strangers on TinyChat! Turn on your cam and start meeting new people, or find a match.\" \/>\n<meta property=\"og:url\" content=\"https:\/\/tinychat.com\/de\/live-chat-online\/\" \/>\n<meta property=\"og:site_name\" content=\"TinyChat\" \/>\n<meta property=\"article:publisher\" content=\"https:\/\/www.facebook.com\/tinychat\" \/>\n<meta property=\"article:modified_time\" content=\"2025-07-16T13:01:20+00:00\" \/>\n<meta property=\"og:image\" content=\"https:\/\/tinychat.com\/wp-content\/uploads\/2020\/04\/Tinychat-logo-1280x284-new-black.png\" \/>\n\t<meta property=\"og:image:width\" content=\"1280\" \/>\n\t<meta property=\"og:image:height\" content=\"284\" \/>\n\t<meta property=\"og:image:type\" content=\"image\/png\" \/>\n<meta name=\"twitter:card\" content=\"summary_large_image\" \/>\n<meta name=\"twitter:site\" content=\"@tinychat\" \/>\n<meta name=\"twitter:label1\" content=\"Gesch\u00e4tzte Lesezeit\" \/>\n\t<meta name=\"twitter:data1\" content=\"7\u00a0Minuten\" \/>\n<script type=\"application\/ld+json\" class=\"yoast-schema-graph\">{\"@context\":\"https:\\\/\\\/schema.org\",\"@graph\":[{\"@type\":\"WebPage\",\"@id\":\"https:\\\/\\\/tinychat.com\\\/live-chat-online\\\/\",\"url\":\"https:\\\/\\\/tinychat.com\\\/live-chat-online\\\/\",\"name\":\"Live Chat Online with Video Chat on TinyChat.com\",\"isPartOf\":{\"@id\":\"https:\\\/\\\/tinychat.com\\\/#website\"},\"datePublished\":\"2025-03-12T07:40:59+00:00\",\"dateModified\":\"2025-07-16T13:01:20+00:00\",\"description\":\"Enjoying Live Chat Online? Join over 50,000,000 strangers on TinyChat! Turn on your cam and start meeting new people, or find a match.\",\"breadcrumb\":{\"@id\":\"https:\\\/\\\/tinychat.com\\\/live-chat-online\\\/#breadcrumb\"},\"inLanguage\":\"de\",\"potentialAction\":[{\"@type\":\"ReadAction\",\"target\":[\"https:\\\/\\\/tinychat.com\\\/live-chat-online\\\/\"]}]},{\"@type\":\"BreadcrumbList\",\"@id\":\"https:\\\/\\\/tinychat.com\\\/live-chat-online\\\/#breadcrumb\",\"itemListElement\":[{\"@type\":\"ListItem\",\"position\":1,\"name\":\"Home\",\"item\":\"https:\\\/\\\/tinychat.com\\\/\"},{\"@type\":\"ListItem\",\"position\":2,\"name\":\"Live Chat Online\"}]},{\"@type\":\"WebSite\",\"@id\":\"https:\\\/\\\/tinychat.com\\\/#website\",\"url\":\"https:\\\/\\\/tinychat.com\\\/\",\"name\":\"TinyChat\",\"description\":\"Random Video Chat with Strangers\",\"publisher\":{\"@id\":\"https:\\\/\\\/tinychat.com\\\/#organization\"},\"alternateName\":\"TinyChat.com\",\"potentialAction\":[{\"@type\":\"SearchAction\",\"target\":{\"@type\":\"EntryPoint\",\"urlTemplate\":\"https:\\\/\\\/tinychat.com\\\/?s={search_term_string}\"},\"query-input\":{\"@type\":\"PropertyValueSpecification\",\"valueRequired\":true,\"valueName\":\"search_term_string\"}}],\"inLanguage\":\"de\"},{\"@type\":\"Organization\",\"@id\":\"https:\\\/\\\/tinychat.com\\\/#organization\",\"name\":\"TinyChat\",\"alternateName\":\"TinyChat.com\",\"url\":\"https:\\\/\\\/tinychat.com\\\/\",\"logo\":{\"@type\":\"ImageObject\",\"inLanguage\":\"de\",\"@id\":\"https:\\\/\\\/tinychat.com\\\/#\\\/schema\\\/logo\\\/image\\\/\",\"url\":\"https:\\\/\\\/tinychat.com\\\/wp-content\\\/uploads\\\/2023\\\/11\\\/Tinychat-icon-square.png\",\"contentUrl\":\"https:\\\/\\\/tinychat.com\\\/wp-content\\\/uploads\\\/2023\\\/11\\\/Tinychat-icon-square.png\",\"width\":284,\"height\":284,\"caption\":\"TinyChat\"},\"image\":{\"@id\":\"https:\\\/\\\/tinychat.com\\\/#\\\/schema\\\/logo\\\/image\\\/\"},\"sameAs\":[\"https:\\\/\\\/www.facebook.com\\\/tinychat\",\"https:\\\/\\\/x.com\\\/tinychat\"]}]}<\/script>\n<!-- \/ Yoast SEO plugin. -->","yoast_head_json":{"title":"Live Chat Online mit Video Chat auf TinyChat.com","description":"Genie\u00dfen Sie den Live-Chat online? Schlie\u00dfen Sie sich \u00fcber 50.000.000 Fremden auf TinyChat an! Schalten Sie Ihre Kamera ein und lernen Sie neue Leute kennen, oder finden Sie einen Partner.","robots":{"index":"index","follow":"follow","max-snippet":"max-snippet:-1","max-image-preview":"max-image-preview:large","max-video-preview":"max-video-preview:-1"},"canonical":"https:\/\/tinychat.com\/de\/live-chat-online\/","og_locale":"de_DE","og_type":"article","og_title":"Live Chat Online with Video Chat on TinyChat.com","og_description":"Enjoying Live Chat Online? Join over 50,000,000 strangers on TinyChat! Turn on your cam and start meeting new people, or find a match.","og_url":"https:\/\/tinychat.com\/de\/live-chat-online\/","og_site_name":"TinyChat","article_publisher":"https:\/\/www.facebook.com\/tinychat","article_modified_time":"2025-07-16T13:01:20+00:00","og_image":[{"width":1280,"height":284,"url":"https:\/\/tinychat.com\/wp-content\/uploads\/2020\/04\/Tinychat-logo-1280x284-new-black.png","type":"image\/png"}],"twitter_card":"summary_large_image","twitter_site":"@tinychat","twitter_misc":{"Gesch\u00e4tzte Lesezeit":"7\u00a0Minuten"},"schema":{"@context":"https:\/\/schema.org","@graph":[{"@type":"WebPage","@id":"https:\/\/tinychat.com\/live-chat-online\/","url":"https:\/\/tinychat.com\/live-chat-online\/","name":"Live Chat Online mit Video Chat auf TinyChat.com","isPartOf":{"@id":"https:\/\/tinychat.com\/#website"},"datePublished":"2025-03-12T07:40:59+00:00","dateModified":"2025-07-16T13:01:20+00:00","description":"Genie\u00dfen Sie den Live-Chat online? Schlie\u00dfen Sie sich \u00fcber 50.000.000 Fremden auf TinyChat an! Schalten Sie Ihre Kamera ein und lernen Sie neue Leute kennen, oder finden Sie einen Partner.","breadcrumb":{"@id":"https:\/\/tinychat.com\/live-chat-online\/#breadcrumb"},"inLanguage":"de","potentialAction":[{"@type":"ReadAction","target":["https:\/\/tinychat.com\/live-chat-online\/"]}]},{"@type":"BreadcrumbList","@id":"https:\/\/tinychat.com\/live-chat-online\/#breadcrumb","itemListElement":[{"@type":"ListItem","position":1,"name":"Home","item":"https:\/\/tinychat.com\/"},{"@type":"ListItem","position":2,"name":"Live Chat Online"}]},{"@type":"WebSite","@id":"https:\/\/tinychat.com\/#website","url":"https:\/\/tinychat.com\/","name":"TinyChat","description":"Zuf\u00e4lliger Video-Chat mit Fremden","publisher":{"@id":"https:\/\/tinychat.com\/#organization"},"alternateName":"TinyChat.com","potentialAction":[{"@type":"SearchAction","target":{"@type":"EntryPoint","urlTemplate":"https:\/\/tinychat.com\/?s={search_term_string}"},"query-input":{"@type":"PropertyValueSpecification","valueRequired":true,"valueName":"search_term_string"}}],"inLanguage":"de"},{"@type":"Organization","@id":"https:\/\/tinychat.com\/#organization","name":"TinyChat","alternateName":"TinyChat.com","url":"https:\/\/tinychat.com\/","logo":{"@type":"ImageObject","inLanguage":"de","@id":"https:\/\/tinychat.com\/#\/schema\/logo\/image\/","url":"https:\/\/tinychat.com\/wp-content\/uploads\/2023\/11\/Tinychat-icon-square.png","contentUrl":"https:\/\/tinychat.com\/wp-content\/uploads\/2023\/11\/Tinychat-icon-square.png","width":284,"height":284,"caption":"TinyChat"},"image":{"@id":"https:\/\/tinychat.com\/#\/schema\/logo\/image\/"},"sameAs":["https:\/\/www.facebook.com\/tinychat","https:\/\/x.com\/tinychat"]}]}},"_links":{"self":[{"href":"https:\/\/tinychat.com\/de\/wp-json\/wp\/v2\/pages\/12732","targetHints":{"allow":["GET"]}}],"collection":[{"href":"https:\/\/tinychat.com\/de\/wp-json\/wp\/v2\/pages"}],"about":[{"href":"https:\/\/tinychat.com\/de\/wp-json\/wp\/v2\/types\/page"}],"author":[{"embeddable":true,"href":"https:\/\/tinychat.com\/de\/wp-json\/wp\/v2\/users\/8"}],"replies":[{"embeddable":true,"href":"https:\/\/tinychat.com\/de\/wp-json\/wp\/v2\/comments?post=12732"}],"version-history":[{"count":2,"href":"https:\/\/tinychat.com\/de\/wp-json\/wp\/v2\/pages\/12732\/revisions"}],"predecessor-version":[{"id":13335,"href":"https:\/\/tinychat.com\/de\/wp-json\/wp\/v2\/pages\/12732\/revisions\/13335"}],"wp:attachment":[{"href":"https:\/\/tinychat.com\/de\/wp-json\/wp\/v2\/media?parent=12732"}],"curies":[{"name":"wp","href":"https:\/\/api.w.org\/{rel}","templated":true}]}}