{"id":12812,"date":"2025-07-21T11:45:21","date_gmt":"2025-07-21T09:45:21","guid":{"rendered":"https:\/\/tinychat.com\/?page_id=12812"},"modified":"2025-07-21T12:55:21","modified_gmt":"2025-07-21T10:55:21","slug":"chatmatch","status":"publish","type":"page","link":"https:\/\/tinychat.com\/de\/chatmatch\/","title":{"rendered":"ChatMatch"},"content":{"rendered":"<p>In einer digitalen Landschaft voller sozialer Apps, Dating-Plattformen und Video-Chat-Seiten entwickelt sich ChatMatch schnell zu einer vertrauensw\u00fcrdigen Alternative f\u00fcr alle, die sinnvolle, spontane und sichere Online-Gespr\u00e4che suchen. Egal, ob Sie neue Freunde finden, eine Sprache \u00fcben, flirten oder einfach nur die Monotonie Ihres Tages unterbrechen m\u00f6chten, ChatMatch bietet ein Zufalls-Chat-Erlebnis der n\u00e4chsten Generation, das das Beste von Omegle, Chatroulette und neueren Chat-Plattformen mit einer modernen Note vereint.<\/p>\n<p>ChatMatch ist mehr als nur eine weitere \"Roulette\"-Chat-Website. Es ist eine globale Community, die f\u00fcr sofortige, anonyme Video- oder Textunterhaltungen, intelligente Filterung und robuste Sicherheitsfunktionen entwickelt wurde. Ohne Downloads, mit schnellem Matching und einem Design, bei dem die Privatsph\u00e4re im Vordergrund steht, hilft Ihnen ChatMatch, eine Welt der Echtzeitverbindungen zu entdecken - ein Klick nach dem anderen.<\/p>\n<p>Dieser Leitfaden enth\u00e4lt alles, was Sie \u00fcber ChatMatch wissen m\u00fcssen: Funktionsweise, Hauptfunktionen, Benutzerfreundlichkeit, Sicherheit, Vergleiche mit den besten Alternativen, Fehlerbehebung und Profi-Tipps, damit Sie das Beste aus jedem Chat herausholen k\u00f6nnen.<\/p>\n<h2>Was ist ChatMatch?<\/h2>\n<p>ChatMatch ist eine Zufalls-Video- und Text-Chat-Plattform, \u00fcber die Sie sofort mit Fremden auf der ganzen Welt in Kontakt treten k\u00f6nnen. Genau wie bei klassischen Chat-Roulette-Apps ist keine Anmeldung erforderlich - \u00f6ffnen Sie einfach die Website, gew\u00e4hren Sie Kamera\/Mikrofon-Zugang (f\u00fcr Video), und Sie werden in Sekundenschnelle mit jemandem zusammengebracht.<\/p>\n<p>Was ChatMatch von anderen unterscheidet, ist sein Fokus auf Sicherheit und intelligentes Matching. Mit intelligenten Filtern, Live-Moderation und einer schlanken, mobilfreundlichen Oberfl\u00e4che verbindet ChatMatch Spontaneit\u00e4t mit Komfort und erm\u00f6glicht es Ihnen, Menschen auf der ganzen Welt oder in Ihrer N\u00e4he zu treffen - immer zu Ihren Bedingungen.<\/p>\n<p>Egal, ob Sie einen neuen Freund kennenlernen, einen lustigen Chat genie\u00dfen, einen Sprachpartner finden oder sogar in eine Romanze stolpern wollen, ChatMatch bietet einen einfachen, sicheren und benutzerfreundlichen Raum, um dies zu erm\u00f6glichen.<\/p>\n<h2>Hauptmerkmale von ChatMatch<\/h2>\n<p>ChatMatch ist vollgepackt mit Funktionen, die f\u00fcr einen schnellen, sicheren und angenehmen Online-Chat sorgen. Hier ist, was es auszeichnet:<\/p>\n<h3>1. Video- oder Text-Chat mit einem Klick<\/h3>\n<p>Keine Registrierung erforderlich - besuchen Sie einfach ChatMatch, w\u00e4hlen Sie Video oder Text, und Sie werden sofort mit einem zuf\u00e4lligen Fremden zusammengebracht. Die Plattform funktioniert auf allen Ger\u00e4ten (Desktop, Tablet, Handy), mit einem responsiven Design und schnellen Verbindungsgeschwindigkeiten.<\/p>\n<h3>2. Intelligente Filter (Geschlecht, Region, Sprache)<\/h3>\n<p>Sie m\u00f6chten mehr Kontrolle? Mit ChatMatch k\u00f6nnen Sie die Matches nach Geschlecht, Land und Sprache filtern (f\u00fcr einige Funktionen ist m\u00f6glicherweise ein Premium-Upgrade erforderlich). Dies ist perfekt f\u00fcr diejenigen, die:<\/p>\n<ul>\n<li>Eine neue Sprache \u00fcben<\/li>\n<li>Menschen aus einer bestimmten Region oder Kultur treffen<\/li>\n<li>Chatten Sie nur mit M\u00e4nnern, Frauen oder nicht-bin\u00e4ren Benutzern<\/li>\n<\/ul>\n<h3>3. Anonym und privat<\/h3>\n<p>Ihre Privatsph\u00e4re steht an erster Stelle. Bei ChatMatch m\u00fcssen Sie kein Konto erstellen, kein Profilfoto hochladen und keine pers\u00f6nlichen Daten angeben. Alle Unterhaltungen sind privat und werden nicht aufgezeichnet, so dass Sie die volle Kontrolle dar\u00fcber haben, was Sie preisgeben.<\/p>\n<h3>4. Schnelle \"Weiter\"-Funktion<\/h3>\n<p>Keine Lust auf ein Gespr\u00e4ch? Tippen Sie einfach auf \"Weiter\", um sofort eine neue Person zu finden - kein Warten, kein \u00c4rger.<\/p>\n<h3>5. Modernes, Mobile-First-Design<\/h3>\n<p>ChatMatch wurde f\u00fcr die Nutzung auf jedem Ger\u00e4t entwickelt - es l\u00e4uft sowohl auf Desktop-Browsern als auch auf Smartphones\/Tablets perfekt, mit einer anpassungsf\u00e4higen Oberfl\u00e4che, die Video- und Textchats auf allen Bildschirmgr\u00f6\u00dfen fl\u00fcssig h\u00e4lt.<\/p>\n<h3>6. In-Chat-\u00dcbersetzung<\/h3>\n<p>\u00dcberwinden Sie Sprachbarrieren! ChatMatch bietet Echtzeit-\u00dcbersetzungstools, damit Sie unabh\u00e4ngig von Ihren Sprachkenntnissen mit Nutzern aus allen L\u00e4ndern sprechen k\u00f6nnen.<\/p>\n<h3>7. Sichere Gemeinschaft und Moderation<\/h3>\n<p>ChatMatch verwendet eine Kombination aus:<\/p>\n<ul>\n<li>Automatisierte KI-Moderation zum Herausfiltern von Nacktheit und Missbrauch<\/li>\n<li>Live-Moderatoren 24\/7 verf\u00fcgbar<\/li>\n<li>Funktionen zum Melden und Sperren von Benutzern, um unangemessenes Verhalten schnell anzusprechen<\/li>\n<\/ul>\n<h3>8. Text- und Bildaustausch (moderiert)<\/h3>\n<p>Zus\u00e4tzlich zu Live-Video und Text erm\u00f6glicht ChatMatch die sichere Freigabe von Bildern (vorbehaltlich der Moderation), was die Konversation anregender macht, ohne dass die Sicherheit darunter leidet.<\/p>\n<h3>9. Optionales Kontosystem<\/h3>\n<p>M\u00f6chten Sie lieber Ihre Lieblingskontakte speichern, auf erweiterte Filter zugreifen oder eine Freundesliste erstellen? Sie k\u00f6nnen sich optional (mit minimalen Angaben) f\u00fcr zus\u00e4tzliche Funktionen registrieren, aber das ist nie erforderlich.<\/p>\n<h2>Wie man ChatMatch benutzt<\/h2>\n<p>Der Einstieg in ChatMatch ist einfach und schnell - hier finden Sie eine Schritt-f\u00fcr-Schritt-Anleitung:<\/p>\n<h3>Schritt 1: Besuchen Sie die ChatMatch-Website<\/h3>\n<p>\u00d6ffnen Sie Ihren Browser und gehen Sie zu chatmatch.com oder Ihrer regionalen ChatMatch-Domain.<\/p>\n<h3>Schritt 2: W\u00e4hlen Sie Video- oder Text-Chat<\/h3>\n<p>W\u00e4hlen Sie Ihren bevorzugten Modus:<\/p>\n<ul>\n<li>Video-Chat: Aktivieren Sie Ihre Kamera\/Ihr Mikrofon, wenn Sie dazu aufgefordert werden.<\/li>\n<li>Text-Chat: Keine Kamera erforderlich - einfach tippen und chatten.<\/li>\n<\/ul>\n<h3>Schritt 3: Setzen von Filtern (optional)<\/h3>\n<p>Filtern Sie Ihre Matches nach Geschlecht, Land oder Sprache, um ein ma\u00dfgeschneidertes Erlebnis zu erhalten. F\u00fcr einige erweiterte Filter m\u00fcssen Sie m\u00f6glicherweise ein Konto erstellen oder eine geringe Geb\u00fchr entrichten.<\/p>\n<h3>Schritt 4: Klicken Sie auf \"Start\" oder \"Verbinden\".<\/h3>\n<p>Du wirst sofort mit einem Fremden zusammengebracht. Sagen Sie hallo und beginnen Sie Ihr Gespr\u00e4ch!<\/p>\n<h3>Schritt 5: Verwenden Sie \"Weiter\" zum \u00dcberspringen<\/h3>\n<p>Keine \u00dcbereinstimmung? Klicken Sie auf \"Weiter\", um einen neuen Chatpartner zu finden. Sie k\u00f6nnen dies so oft tun, wie Sie m\u00f6chten.<\/p>\n<h3>Schritt 6: \u00dcbersetzung, Bildfreigabe oder Freunde speichern (optional)<\/h3>\n<p>Probieren Sie die Live-\u00dcbersetzung aus, senden Sie sichere Bilder, oder speichern Sie Nutzer als Freunde, wenn Sie ein Konto registriert haben.<\/p>\n<h3>Schritt 7: Melden oder Sperren (falls erforderlich)<\/h3>\n<p>Sehen Sie unangemessenes Verhalten? Benutzen Sie den Melden-\/Blockieren-Button - die Moderatoren sind immer bereit zu helfen.<\/p>\n<h2>Benutzererfahrung auf ChatMatch<\/h2>\n<p>ChatMatch ist auf Geschwindigkeit, Sicherheit und \u00dcberraschung ausgelegt. Das sch\u00e4tzen die Nutzer:<\/p>\n<h3>Was Benutzer lieben<\/h3>\n<ul>\n<li>Keine Anmeldung, sofortiger Chat: Der schnellste Weg, jemand Neues kennenzulernen<\/li>\n<li>Modernes Design: Kein Durcheinander, keine Werbung, keine Verz\u00f6gerung - nur reine Unterhaltung<\/li>\n<li>Globale Nutzerbasis: Treffen Sie Menschen aus allen Kontinenten, 24\/7<\/li>\n<li>Wahlweise Video- oder Text-Chat<\/li>\n<li>Intelligente Filter und Live-\u00dcbersetzung<\/li>\n<li>Anonymit\u00e4t: Kein Profil erforderlich, kein Tracking, alles privat<\/li>\n<li>Reaktionsf\u00e4hig auf dem Handy: Perfekt f\u00fcr das Chatten unterwegs<\/li>\n<\/ul>\n<h3>Was sich die Nutzer w\u00fcnschen<\/h3>\n<ul>\n<li>Einige Filter und Premium-Optionen sind kostenpflichtig (normal f\u00fcr fortgeschrittene Chatseiten)<\/li>\n<li>Noch keine Gruppen- oder Themenr\u00e4ume (kommt in zuk\u00fcnftigen Updates)<\/li>\n<li>Wie bei allen Zufalls-Chat-Plattformen tauchen gelegentlich Trolle auf (die von der Moderation schnell verbannt werden)<\/li>\n<li>Das macht s\u00fcchtig - Sie k\u00f6nnten stundenlang chatten, ohne es zu merken!<\/li>\n<\/ul>\n<h3>Echte Benutzerbewertungen<\/h3>\n<blockquote><p>\"Viel sicherer und reibungsloser als das alte Omegle. Mir gef\u00e4llt, dass ich mich nicht anmelden muss, und das \u00dcbersetzungstool ist cool.\"<br \/>\n- <em>Jessica L., Trustpilot<\/em><\/p><\/blockquote>\n<blockquote><p>\"Ich liebe die mobile Schnittstelle - toll, um Leute aus anderen L\u00e4ndern zu treffen, wenn mir langweilig ist.\"<br \/>\n- <em>Andre M., Google Play<\/em><\/p><\/blockquote>\n<blockquote><p>\"Ich benutze es f\u00fcr den Sprachaustausch. Die L\u00e4nder- und Sprachfilter funktionieren wirklich gut.\"<br \/>\n- <em>Mei S., App Store<\/em><\/p><\/blockquote>\n<h2>ChatMatch im Vergleich zu anderen Zufalls-Videochat-Plattformen<\/h2>\n<p>Wie schneidet ChatMatch im Vergleich zu den heutigen Top-Video-Chat-Seiten ab?<\/p>\n<table>\n<thead>\n<tr>\n<th>Merkmal<\/th>\n<th>ChatMatch<\/th>\n<th>Omegle<\/th>\n<th>Omegla<\/th>\n<th>Chatroulette<\/th>\n<th>Chatrandom<\/th>\n<th>Funyo<\/th>\n<th>HOLLA<\/th>\n<th>LivU<\/th>\n<\/tr>\n<\/thead>\n<tbody>\n<tr>\n<td>Keine Anmeldung erforderlich<\/td>\n<td>\u2705 Ja<\/td>\n<td>\u2705 Ja<\/td>\n<td>\u2705 Ja<\/td>\n<td>\u2705 Ja<\/td>\n<td>\u2705 Ja<\/td>\n<td>\u2705 Ja<\/td>\n<td>\u2705 Ja<\/td>\n<td>\u2705 Ja<\/td>\n<\/tr>\n<tr>\n<td>Video- und Text-Chat<\/td>\n<td>\u2705 Beide<\/td>\n<td>\u2705 Beide<\/td>\n<td>\u2705 Beide<\/td>\n<td>\u2705 Beide<\/td>\n<td>\u2705 Beide<\/td>\n<td>\u2705 Beide<\/td>\n<td>\u2705 Beide<\/td>\n<td>\u2705 Beide<\/td>\n<\/tr>\n<tr>\n<td>Geschlecht\/Land-Filter<\/td>\n<td>\u2705 Ja*<\/td>\n<td>\u26a0\ufe0f Begrenzt<\/td>\n<td>\u2705 Ja*<\/td>\n<td>\u2705 Ja<\/td>\n<td>\u2705 Ja<\/td>\n<td>\u2705 Ja<\/td>\n<td>\u2705 Ja<\/td>\n<td>\u2705 Ja<\/td>\n<\/tr>\n<tr>\n<td>Mobiloptimiert<\/td>\n<td>\u2705 Ja<\/td>\n<td>\u26a0\ufe0f Gemischt<\/td>\n<td>\u2705 Ja<\/td>\n<td>\u2705 Ja<\/td>\n<td>\u2705 Ja<\/td>\n<td>\u2705 Ja<\/td>\n<td>\u2705 Ja<\/td>\n<td>\u2705 Ja<\/td>\n<\/tr>\n<tr>\n<td>Live-Moderation\/Sicherheit<\/td>\n<td>\u2705 Stark<\/td>\n<td>\u26a0\ufe0f Begrenzt<\/td>\n<td>\u2705 Stark<\/td>\n<td>\u26a0\ufe0f Begrenzt<\/td>\n<td>\u2705 Ja<\/td>\n<td>\u2705 Ja<\/td>\n<td>\u2705 Stark<\/td>\n<td>\u2705 Stark<\/td>\n<\/tr>\n<tr>\n<td>In-Chat-\u00dcbersetzung<\/td>\n<td>\u2705 Ja<\/td>\n<td>\u274c Nein<\/td>\n<td>\ud83d\udd52 Bald<\/td>\n<td>\u274c Nein<\/td>\n<td>\u274c Nein<\/td>\n<td>\u274c Nein<\/td>\n<td>\u2705 Ja<\/td>\n<td>\u2705 Ja<\/td>\n<\/tr>\n<tr>\n<td>Optionale Konten<\/td>\n<td>\u2705 Ja<\/td>\n<td>\u274c Nein<\/td>\n<td>\u274c Nein<\/td>\n<td>\u274c Nein<\/td>\n<td>\u2705 Ja<\/td>\n<td>\u2705 Ja<\/td>\n<td>\u2705 Ja<\/td>\n<td>\u2705 Ja<\/td>\n<\/tr>\n<tr>\n<td>Gemeinsame Nutzung von Bildern<\/td>\n<td>\u2705 Ja<\/td>\n<td>\u274c Nein<\/td>\n<td>\u274c Nein<\/td>\n<td>\u274c Nein<\/td>\n<td>\u2705 Ja<\/td>\n<td>\u274c Nein<\/td>\n<td>\u2705 Ja<\/td>\n<td>\u2705 Ja<\/td>\n<\/tr>\n<\/tbody>\n<\/table>\n<p>*F\u00fcr einige erweiterte Filter oder \u00dcbersetzungen ist m\u00f6glicherweise ein kostenpflichtiger Plan erforderlich.<\/p>\n<p>Zusammenfassung: ChatMatch zeichnet sich durch seine sofortige, anonyme und hochgradig anpassbare Chaterfahrung aus, mit ausgezeichneten Moderations- und \u00dcbersetzungstools f\u00fcr eine wirklich globale Reichweite.<\/p>\n<h2>Ist ChatMatch sicher?<\/h2>\n<p>ChatMatch stellt die Sicherheit der Nutzer in den Mittelpunkt seiner Plattform:<\/p>\n<ul>\n<li>KI-basierte Moderation: Scannt in Echtzeit nach Nacktheit, Spam oder beleidigendem Verhalten.<\/li>\n<li>Lebende menschliche Moderatoren: Sie k\u00f6nnen Nutzer, die gegen die Regeln versto\u00dfen, schnell \u00fcberpr\u00fcfen und sperren.<\/li>\n<li>Schaltfl\u00e4chen zum Melden und Blockieren: Im Chat immer sichtbar.<\/li>\n<li>Keine pers\u00f6nlichen Angaben erforderlich: Sie bleiben v\u00f6llig anonym, es sei denn, Sie m\u00f6chten mehr Informationen preisgeben.<\/li>\n<li>Private Chats unter vier Augen: Keine Gruppen- oder \u00f6ffentliche Geschichte.<\/li>\n<\/ul>\n<h3>Sicherheitstipps f\u00fcr ChatMatch-Benutzer<\/h3>\n<ul>\n<li>Geben Sie niemals Ihren echten Namen, Ihre Adresse, Telefonnummer oder andere private Informationen weiter.<\/li>\n<li>Melden oder blockieren Sie jeden, der Ihnen Unbehagen bereitet.<\/li>\n<li>Benutzen Sie einen Spitznamen und teilen Sie nur Details mit, die Ihnen angenehm sind.<\/li>\n<li>Seien Sie vorsichtig bei allen, die versuchen, den Chat schnell von der Plattform zu entfernen.<\/li>\n<li>Denken Sie daran: Sie k\u00f6nnen das Gespr\u00e4ch jederzeit beenden und \"Weiter\" sagen.<\/li>\n<\/ul>\n<h2>Tipps zum Genie\u00dfen von ChatMatch<\/h2>\n<ul>\n<li>Beginnen Sie mit einer freundlichen Begr\u00fc\u00dfung: Menschen reagieren besser auf positive Energie.<\/li>\n<li>Versuchen Sie es zu verschiedenen Tageszeiten: Die Nutzerbasis ist global; morgens und abends gibt es neue Treffer.<\/li>\n<li>Verwenden Sie Sprachfilter: Perfekt f\u00fcr Sprachsch\u00fcler oder Auswanderer, die Muttersprachler suchen.<\/li>\n<li>Senden Sie Bilder (falls verf\u00fcgbar): Ein sicherer Weg, um Memes, Kunst oder Witze zu teilen - vorbehaltlich der Moderation.<\/li>\n<li>Z\u00f6gern Sie nicht, zu melden oder zu blockieren: Helfen Sie mit, die Gemeinschaft f\u00fcr alle respektvoll zu halten.<\/li>\n<li>Unterwegs nutzen: Mit der mobilen Schnittstelle ist das Chatten von \u00fcberall aus einfach und macht Spa\u00df.<\/li>\n<li>Registrieren Sie sich f\u00fcr Extras: Wenn Sie ChatMatch h\u00e4ufig nutzen, erstellen Sie ein kostenloses Konto f\u00fcr weitere Funktionen.<\/li>\n<\/ul>\n<h2>Fehlerbehebung bei h\u00e4ufigen ChatMatch-Problemen<\/h2>\n<h3>Kamera oder Mikrofon funktionieren nicht<\/h3>\n<p>\u00dcberpr\u00fcfen Sie Ihre Browserberechtigungen, schlie\u00dfen Sie andere Kameraanwendungen, starten Sie den Browser neu und versuchen Sie es erneut.<\/p>\n<h3>Die Verbindung ist langsam oder bricht ab<\/h3>\n<p>Verwenden Sie eine starke Wi-Fi-Verbindung, schlie\u00dfen Sie Hintergrundanwendungen\/Tabs und aktualisieren Sie die Seite.<\/p>\n<h3>Filter funktionieren nicht<\/h3>\n<p>F\u00fcr einige Filter ist ein Konto oder ein kostenpflichtiger Plan erforderlich. Vergewissern Sie sich, dass Sie eingeloggt sind, oder f\u00fchren Sie bei Bedarf ein Upgrade durch.<\/p>\n<h3>Begegnungen mit missbr\u00e4uchlichen Nutzern<\/h3>\n<p>Benutzen Sie die Schaltfl\u00e4chen Melden\/Blockieren. Die Moderatoren werden den Beitrag \u00fcberpr\u00fcfen und schnell Ma\u00dfnahmen ergreifen.<\/p>\n<h3>\u00dcbersetzung funktioniert nicht<\/h3>\n<p>Aktualisieren Sie die Seite, \u00fcberpr\u00fcfen Sie Ihr Internet, oder wenden Sie sich an den Support. F\u00fcr einige \u00dcbersetzungsfunktionen ist m\u00f6glicherweise ein Upgrade erforderlich.<\/p>\n<p>Auf jeden Fall - vor allem f\u00fcr alle, die eine moderne, schnelle und sichere Alternative zu den klassischen Zufalls-Chat-Seiten suchen. ChatMatch kombiniert den sofortigen Nervenkitzel eines Gespr\u00e4chs mit Fremden mit den besten Sicherheits-, Datenschutz- und Personalisierungsfunktionen von heute.<\/p>\n<p>Egal, ob Sie eine Freundschaft, einen Sprachaustausch, einen Flirt oder einfach nur eine globale Konversation anstreben, ChatMatch macht es einfach, anonym und macht wirklich Spa\u00df. Keine Downloads, keine Anmeldung (es sei denn, Sie wollen es) und eine freundliche, wachsende Gemeinschaft an Ihren Fingerspitzen.<\/p>\n<p>Sind Sie bereit, loszulegen? Besuchen Sie chatmatch.com, w\u00e4hlen Sie Video oder Text, und treffen Sie Ihre n\u00e4chste gro\u00dfartige Verbindung in Sekunden.<\/p>","protected":false},"excerpt":{"rendered":"<p>In a digital landscape crowded with social apps, dating platforms, and video chat sites, ChatMatch is quickly emerging as a trusted alternative for anyone seeking meaningful, spontaneous, and safe online conversations. Whether you want to make new friends, practice a language, flirt, or just break the monotony of your day, ChatMatch offers a next-generation random [&hellip;]<\/p>\n","protected":false},"author":6,"featured_media":0,"parent":0,"menu_order":0,"comment_status":"closed","ping_status":"closed","template":"","meta":{"footnotes":""},"class_list":["post-12812","page","type-page","status-publish","hentry"],"yoast_head":"<!-- This site is optimized with the Yoast SEO plugin v27.4 - https:\/\/yoast.com\/product\/yoast-seo-wordpress\/ -->\n<title>ChatMatch - Fun Random Video Chat to Meet Girls - TinyChat.com<\/title>\n<meta name=\"description\" content=\"Enjoying ChatMatch? Join over 50,000,000 strangers on TinyChat! Turn on your cam and start meeting new people, or find a match.\" \/>\n<meta name=\"robots\" content=\"index, follow, max-snippet:-1, max-image-preview:large, max-video-preview:-1\" \/>\n<link rel=\"canonical\" href=\"https:\/\/tinychat.com\/de\/chatmatch\/\" \/>\n<meta property=\"og:locale\" content=\"de_DE\" \/>\n<meta property=\"og:type\" content=\"article\" \/>\n<meta property=\"og:title\" content=\"ChatMatch - Fun Random Video Chat to Meet Girls - TinyChat.com\" \/>\n<meta property=\"og:description\" content=\"Enjoying ChatMatch? Join over 50,000,000 strangers on TinyChat! Turn on your cam and start meeting new people, or find a match.\" \/>\n<meta property=\"og:url\" content=\"https:\/\/tinychat.com\/de\/chatmatch\/\" \/>\n<meta property=\"og:site_name\" content=\"TinyChat\" \/>\n<meta property=\"article:publisher\" content=\"https:\/\/www.facebook.com\/tinychat\" \/>\n<meta property=\"article:modified_time\" content=\"2025-07-21T10:55:21+00:00\" \/>\n<meta property=\"og:image\" content=\"https:\/\/tinychat.com\/wp-content\/uploads\/2020\/04\/Tinychat-logo-1280x284-new-black.png\" \/>\n\t<meta property=\"og:image:width\" content=\"1280\" \/>\n\t<meta property=\"og:image:height\" content=\"284\" \/>\n\t<meta property=\"og:image:type\" content=\"image\/png\" \/>\n<meta name=\"twitter:card\" content=\"summary_large_image\" \/>\n<meta name=\"twitter:site\" content=\"@tinychat\" \/>\n<meta name=\"twitter:label1\" content=\"Gesch\u00e4tzte Lesezeit\" \/>\n\t<meta name=\"twitter:data1\" content=\"7\u00a0Minuten\" \/>\n<script type=\"application\/ld+json\" class=\"yoast-schema-graph\">{\"@context\":\"https:\\\/\\\/schema.org\",\"@graph\":[{\"@type\":\"WebPage\",\"@id\":\"https:\\\/\\\/tinychat.com\\\/chatmatch\\\/\",\"url\":\"https:\\\/\\\/tinychat.com\\\/chatmatch\\\/\",\"name\":\"ChatMatch - Fun Random Video Chat to Meet Girls - TinyChat.com\",\"isPartOf\":{\"@id\":\"https:\\\/\\\/tinychat.com\\\/#website\"},\"datePublished\":\"2025-07-21T09:45:21+00:00\",\"dateModified\":\"2025-07-21T10:55:21+00:00\",\"description\":\"Enjoying ChatMatch? Join over 50,000,000 strangers on TinyChat! Turn on your cam and start meeting new people, or find a match.\",\"breadcrumb\":{\"@id\":\"https:\\\/\\\/tinychat.com\\\/chatmatch\\\/#breadcrumb\"},\"inLanguage\":\"de\",\"potentialAction\":[{\"@type\":\"ReadAction\",\"target\":[\"https:\\\/\\\/tinychat.com\\\/chatmatch\\\/\"]}]},{\"@type\":\"BreadcrumbList\",\"@id\":\"https:\\\/\\\/tinychat.com\\\/chatmatch\\\/#breadcrumb\",\"itemListElement\":[{\"@type\":\"ListItem\",\"position\":1,\"name\":\"Home\",\"item\":\"https:\\\/\\\/tinychat.com\\\/\"},{\"@type\":\"ListItem\",\"position\":2,\"name\":\"ChatMatch\"}]},{\"@type\":\"WebSite\",\"@id\":\"https:\\\/\\\/tinychat.com\\\/#website\",\"url\":\"https:\\\/\\\/tinychat.com\\\/\",\"name\":\"TinyChat\",\"description\":\"Random Video Chat with Strangers\",\"publisher\":{\"@id\":\"https:\\\/\\\/tinychat.com\\\/#organization\"},\"alternateName\":\"TinyChat.com\",\"potentialAction\":[{\"@type\":\"SearchAction\",\"target\":{\"@type\":\"EntryPoint\",\"urlTemplate\":\"https:\\\/\\\/tinychat.com\\\/?s={search_term_string}\"},\"query-input\":{\"@type\":\"PropertyValueSpecification\",\"valueRequired\":true,\"valueName\":\"search_term_string\"}}],\"inLanguage\":\"de\"},{\"@type\":\"Organization\",\"@id\":\"https:\\\/\\\/tinychat.com\\\/#organization\",\"name\":\"TinyChat\",\"alternateName\":\"TinyChat.com\",\"url\":\"https:\\\/\\\/tinychat.com\\\/\",\"logo\":{\"@type\":\"ImageObject\",\"inLanguage\":\"de\",\"@id\":\"https:\\\/\\\/tinychat.com\\\/#\\\/schema\\\/logo\\\/image\\\/\",\"url\":\"https:\\\/\\\/tinychat.com\\\/wp-content\\\/uploads\\\/2023\\\/11\\\/Tinychat-icon-square.png\",\"contentUrl\":\"https:\\\/\\\/tinychat.com\\\/wp-content\\\/uploads\\\/2023\\\/11\\\/Tinychat-icon-square.png\",\"width\":284,\"height\":284,\"caption\":\"TinyChat\"},\"image\":{\"@id\":\"https:\\\/\\\/tinychat.com\\\/#\\\/schema\\\/logo\\\/image\\\/\"},\"sameAs\":[\"https:\\\/\\\/www.facebook.com\\\/tinychat\",\"https:\\\/\\\/x.com\\\/tinychat\"]}]}<\/script>\n<!-- \/ Yoast SEO plugin. -->","yoast_head_json":{"title":"ChatMatch - Fun Random Video Chat um M\u00e4dchen zu treffen - TinyChat.com","description":"Gef\u00e4llt Ihnen ChatMatch? Schlie\u00dfen Sie sich \u00fcber 50.000.000 Fremden auf TinyChat an! Schalte deine Kamera ein und fange an, neue Leute zu treffen, oder finde einen Partner.","robots":{"index":"index","follow":"follow","max-snippet":"max-snippet:-1","max-image-preview":"max-image-preview:large","max-video-preview":"max-video-preview:-1"},"canonical":"https:\/\/tinychat.com\/de\/chatmatch\/","og_locale":"de_DE","og_type":"article","og_title":"ChatMatch - Fun Random Video Chat to Meet Girls - TinyChat.com","og_description":"Enjoying ChatMatch? Join over 50,000,000 strangers on TinyChat! Turn on your cam and start meeting new people, or find a match.","og_url":"https:\/\/tinychat.com\/de\/chatmatch\/","og_site_name":"TinyChat","article_publisher":"https:\/\/www.facebook.com\/tinychat","article_modified_time":"2025-07-21T10:55:21+00:00","og_image":[{"width":1280,"height":284,"url":"https:\/\/tinychat.com\/wp-content\/uploads\/2020\/04\/Tinychat-logo-1280x284-new-black.png","type":"image\/png"}],"twitter_card":"summary_large_image","twitter_site":"@tinychat","twitter_misc":{"Gesch\u00e4tzte Lesezeit":"7\u00a0Minuten"},"schema":{"@context":"https:\/\/schema.org","@graph":[{"@type":"WebPage","@id":"https:\/\/tinychat.com\/chatmatch\/","url":"https:\/\/tinychat.com\/chatmatch\/","name":"ChatMatch - Fun Random Video Chat um M\u00e4dchen zu treffen - TinyChat.com","isPartOf":{"@id":"https:\/\/tinychat.com\/#website"},"datePublished":"2025-07-21T09:45:21+00:00","dateModified":"2025-07-21T10:55:21+00:00","description":"Gef\u00e4llt Ihnen ChatMatch? Schlie\u00dfen Sie sich \u00fcber 50.000.000 Fremden auf TinyChat an! Schalte deine Kamera ein und fange an, neue Leute zu treffen, oder finde einen Partner.","breadcrumb":{"@id":"https:\/\/tinychat.com\/chatmatch\/#breadcrumb"},"inLanguage":"de","potentialAction":[{"@type":"ReadAction","target":["https:\/\/tinychat.com\/chatmatch\/"]}]},{"@type":"BreadcrumbList","@id":"https:\/\/tinychat.com\/chatmatch\/#breadcrumb","itemListElement":[{"@type":"ListItem","position":1,"name":"Home","item":"https:\/\/tinychat.com\/"},{"@type":"ListItem","position":2,"name":"ChatMatch"}]},{"@type":"WebSite","@id":"https:\/\/tinychat.com\/#website","url":"https:\/\/tinychat.com\/","name":"TinyChat","description":"Zuf\u00e4lliger Video-Chat mit Fremden","publisher":{"@id":"https:\/\/tinychat.com\/#organization"},"alternateName":"TinyChat.com","potentialAction":[{"@type":"SearchAction","target":{"@type":"EntryPoint","urlTemplate":"https:\/\/tinychat.com\/?s={search_term_string}"},"query-input":{"@type":"PropertyValueSpecification","valueRequired":true,"valueName":"search_term_string"}}],"inLanguage":"de"},{"@type":"Organization","@id":"https:\/\/tinychat.com\/#organization","name":"TinyChat","alternateName":"TinyChat.com","url":"https:\/\/tinychat.com\/","logo":{"@type":"ImageObject","inLanguage":"de","@id":"https:\/\/tinychat.com\/#\/schema\/logo\/image\/","url":"https:\/\/tinychat.com\/wp-content\/uploads\/2023\/11\/Tinychat-icon-square.png","contentUrl":"https:\/\/tinychat.com\/wp-content\/uploads\/2023\/11\/Tinychat-icon-square.png","width":284,"height":284,"caption":"TinyChat"},"image":{"@id":"https:\/\/tinychat.com\/#\/schema\/logo\/image\/"},"sameAs":["https:\/\/www.facebook.com\/tinychat","https:\/\/x.com\/tinychat"]}]}},"_links":{"self":[{"href":"https:\/\/tinychat.com\/de\/wp-json\/wp\/v2\/pages\/12812","targetHints":{"allow":["GET"]}}],"collection":[{"href":"https:\/\/tinychat.com\/de\/wp-json\/wp\/v2\/pages"}],"about":[{"href":"https:\/\/tinychat.com\/de\/wp-json\/wp\/v2\/types\/page"}],"author":[{"embeddable":true,"href":"https:\/\/tinychat.com\/de\/wp-json\/wp\/v2\/users\/6"}],"replies":[{"embeddable":true,"href":"https:\/\/tinychat.com\/de\/wp-json\/wp\/v2\/comments?post=12812"}],"version-history":[{"count":3,"href":"https:\/\/tinychat.com\/de\/wp-json\/wp\/v2\/pages\/12812\/revisions"}],"predecessor-version":[{"id":13344,"href":"https:\/\/tinychat.com\/de\/wp-json\/wp\/v2\/pages\/12812\/revisions\/13344"}],"wp:attachment":[{"href":"https:\/\/tinychat.com\/de\/wp-json\/wp\/v2\/media?parent=12812"}],"curies":[{"name":"wp","href":"https:\/\/api.w.org\/{rel}","templated":true}]}}