{"id":1303,"date":"2025-08-04T13:53:38","date_gmt":"2025-08-04T11:53:38","guid":{"rendered":"https:\/\/tinychat.com\/?page_id=1303"},"modified":"2025-08-04T14:31:26","modified_gmt":"2025-08-04T12:31:26","slug":"monkey-app","status":"publish","type":"page","link":"https:\/\/tinychat.com\/de\/monkey-app\/","title":{"rendered":"Affen-App"},"content":{"rendered":"<p>In einer Welt, in der sich soziale Kontakte oft kuratiert, ausgefeilt oder oberfl\u00e4chlich anf\u00fchlen, suchen viele junge Menschen nach etwas, das realer ist - ungeschrieben, spontan und lustig. Monkey App hat sich zu einer der beliebtesten Videochat-Plattformen f\u00fcr die Generation Z und Teenager entwickelt und ist bekannt f\u00fcr seine schrullige Energie, seine sofortigen Matches und seinen lockeren Stil. Monkey wurde f\u00fcr authentische soziale Entdeckungen entwickelt und erm\u00f6glicht es Ihnen, Fremde zu treffen, Freundschaften zu schlie\u00dfen und mit nur einem Fingertipp live zu gehen - und das alles in einer leichten und spielerischen Atmosph\u00e4re.<\/p>\n<p>Egal, ob du neue Leute kennenlernen, die Langeweile vertreiben, deine Followerzahl erh\u00f6hen oder sp\u00e4tabends mit Freunden und Fremden chatten m\u00f6chtest - Monkey bietet ein einzigartiges Erlebnis, das sowohl nostalgisch (wie Omegle) als auch modern (integriert in TikTok, Snapchat und virale Kultur) ist.<\/p>\n<p>In diesem ausf\u00fchrlichen Bericht erfahren Sie alles \u00fcber Monkey: Funktionsweise, herausragende Funktionen, Sicherheit und Datenschutz, Benutzerfreundlichkeit, Vergleiche mit den besten Alternativen, Fehlerbehebung und Profi-Tipps, um das Beste aus jeder Monkey-Sitzung herauszuholen.<\/p>\n<h2>Was ist Monkey App?<\/h2>\n<p>Monkey ist eine rasante, soziale Videochat-Plattform, die als App f\u00fcr iOS und Android verf\u00fcgbar ist und Nutzern helfen soll, sofort neue Freunde zu finden, indem sie sie in zuf\u00e4lligen, kurzen Videoanrufen zusammenbringen. Die Nutzer k\u00f6nnen auch Textnachrichten senden, an Gruppenchats teilnehmen und sich selbst live \u00fcbertragen.<\/p>\n<p>Monkey wurde 2016 eingef\u00fchrt und entwickelte sich schnell zu einem viralen Hit bei Jugendlichen und jungen Erwachsenen auf der ganzen Welt. Es wird oft als \"Omegle f\u00fcr die Generation Z\" beschrieben, aber mit einem sozialeren, interaktiven und positiven Ansatz sowie einer st\u00e4rkeren Moderation und integrierten Sicherheitsfunktionen.<\/p>\n<p>Die Kernwerte von Monkey sind Authentizit\u00e4t, Spontaneit\u00e4t und Spa\u00df. Das macht die App zur ersten Wahl f\u00fcr Millionen von Menschen, die mit echten Menschen in Kontakt treten wollen - nicht mit Bots, nicht mit Spam und nicht mit kuratierten Profilen.<\/p>\n<h2>Hauptmerkmale von Monkey App<\/h2>\n<p>Monkeys einzigartige Mischung aus Video-Chat, Live-Streaming und sozialem Netzwerk basiert auf diesen herausragenden Funktionen:<\/p>\n<h3>1. Sofortiger zuf\u00e4lliger Video-Chat<\/h3>\n<ul>\n<li>Wischen und matchen: Verbinde dich in Sekundenschnelle mit neuen Leuten aus der ganzen Welt.<\/li>\n<li>Kurze Videoanrufe: Die meisten Chats beginnen bei 15 Sekunden - wenn Sie Lust haben, k\u00f6nnen Sie mehr Zeit hinzuf\u00fcgen oder eine weitere Verbindung herstellen.<\/li>\n<li>Von Angesicht zu Angesicht und real: Jedes Match ist ein ungefilterter Live-Videochat - keine Fotos, keine Filter, keine Profile.<\/li>\n<\/ul>\n<h3>2. Live &amp; Livestream gehen<\/h3>\n<ul>\n<li>Veranstalten Sie Live-Shows: Senden Sie sich selbst, teilen Sie Ihre Talente mit anderen oder treten Sie einfach vor ein Live-Publikum.<\/li>\n<li>Streams ansehen und beitreten: Schauen Sie sich aktuelle Streams an, chatten Sie mit Moderatoren, senden Sie Reaktionen und finden Sie neue Freunde in Echtzeit.<\/li>\n<\/ul>\n<h3>3. Soziale Entdeckung &amp; Freunde<\/h3>\n<ul>\n<li>Freunde hinzuf\u00fcgen: Wenn Sie sich mit jemandem verbinden, k\u00f6nnen Sie ihn als Freund f\u00fcr zuk\u00fcnftige Chats hinzuf\u00fcgen.<\/li>\n<li>Profile und Interessen: Grundlegende Profile helfen dabei, Sie mit Menschen zusammenzubringen, die Ihre Neigungen und Interessen teilen.<\/li>\n<li>Aktuelle Benutzer und R\u00e4ume: Entdecken Sie beliebte Sch\u00f6pfer, Gruppenr\u00e4ume und virale Pers\u00f6nlichkeiten.<\/li>\n<\/ul>\n<h3>4. Text- und Gruppenchat<\/h3>\n<ul>\n<li>Direktnachrichten: Direktnachrichten an Freunde, die Sie im Videochat getroffen haben.<\/li>\n<li>Gruppen-Chat: Starten Sie \u00f6ffentliche Gruppenchats f\u00fcr Community-Diskussionen, Memes oder themenbezogene Hangouts oder nehmen Sie daran teil.<\/li>\n<\/ul>\n<h3>5. Integration sozialer Medien<\/h3>\n<ul>\n<li>TikTok, Snapchat und mehr: Teilen Sie Ihre Handles, verbinden Sie sich auf anderen Plattformen und bauen Sie eine Multi-App-Fangemeinde auf.<\/li>\n<li>Momente teilen: Posten Sie Highlights aus Ihren Chats, Leben oder Momenten im Monkey-Feed oder exportieren Sie sie in andere soziale Netzwerke.<\/li>\n<\/ul>\n<h3>6. Moderation und Benutzersicherheit<\/h3>\n<ul>\n<li>Live-Moderation: KI und menschliche Moderatoren \u00fcberpr\u00fcfen Chats und Streams auf Sicherheit.<\/li>\n<li>Melden\/Sperren: Melden oder sperren Sie Benutzer wegen unangemessenen Verhaltens sofort.<\/li>\n<li>Leitlinien der Gemeinschaft: Klare Regeln und ein jugendorientierter Ansatz sorgen f\u00fcr eine positive Atmosph\u00e4re.<\/li>\n<\/ul>\n<h3>7. Filter und Anpassung<\/h3>\n<ul>\n<li>Filter f\u00fcr Geschlecht und Region: W\u00e4hlen Sie zwischen Jungen, M\u00e4dchen oder allen Geschlechtern; filtern Sie nach Land oder Bundesland.<\/li>\n<li>Interessen hinzuf\u00fcgen: Legen Sie Ihre Lieblingsthemen fest (Musik, Memes, Spiele usw.), um die Suche zu vereinfachen.<\/li>\n<li>Sticker, Effekte und mehr: Personalisieren Sie Ihre Kamera mit Effekten und Stickern.<\/li>\n<\/ul>\n<h3>8. Mobile-First-Design<\/h3>\n<ul>\n<li>App-basiert: Erh\u00e4ltlich f\u00fcr iPhone und Android mit einer \u00fcbersichtlichen, wischfreundlichen Oberfl\u00e4che.<\/li>\n<li>Push-Benachrichtigungen: Bleiben Sie mit Ihren Freunden und Lieblings-Streamern in Verbindung.<\/li>\n<\/ul>\n<h2>Verwendung der Monkey App<\/h2>\n<p>Bei Monkey geht es um Einfachheit und Spontaneit\u00e4t. Hier ist, wie man eintaucht:<\/p>\n<h3>Schritt 1: Herunterladen und Installieren der App<\/h3>\n<ul>\n<li>Holen Sie sich Monkey kostenlos im App Store oder bei Google Play.<\/li>\n<\/ul>\n<h3>Schritt 2: Registrieren Sie sich und erstellen Sie Ihr Profil<\/h3>\n<ul>\n<li>Melden Sie sich schnell mit Ihrer Telefonnummer, E-Mail oder Ihrem sozialen Netzwerk an.<\/li>\n<li>F\u00fcgen Sie ein Profilbild und Interessen hinzu, um eine bessere \u00dcbereinstimmung zu erzielen.<\/li>\n<li>Setzen Sie Ihre Filter (Alter, Geschlecht, Region usw.).<\/li>\n<\/ul>\n<h3>Schritt 3: Starten Sie einen Video-Chat<\/h3>\n<ul>\n<li>Klicken Sie auf \"Start\", um sofort mit einem zuf\u00e4lligen Benutzer gekoppelt zu werden.<\/li>\n<li>Jeder Chat beginnt mit einem Timer - wenn Sie beide einverstanden sind, k\u00f6nnen Sie ihn verl\u00e4ngern oder sich gegenseitig als Freunde hinzuf\u00fcgen.<\/li>\n<\/ul>\n<h3>Schritt 4: Live gehen oder an Live-Shows teilnehmen<\/h3>\n<ul>\n<li>Tippen Sie auf \"Live gehen\", um mit der \u00dcbertragung zu beginnen, oder durchsuchen Sie die Trend-\/Live-Feeds, um als Zuschauer dabei zu sein.<\/li>\n<li>W\u00e4hrend der Streams k\u00f6nnen Sie interagieren, kommentieren und Reaktionen senden.<\/li>\n<\/ul>\n<h3>Schritt 5: Freunde finden und chatten<\/h3>\n<ul>\n<li>F\u00fcge coole Leute zu deiner Freundesliste hinzu und starte jederzeit direkte Chats oder Gruppenchats.<\/li>\n<li>Teilen Sie Ihre sozialen Netzwerke, um sich \u00fcber Monkey hinaus zu vernetzen, wenn Sie Lust haben.<\/li>\n<\/ul>\n<h3>Schritt 6: M\u00e4\u00dfigen und sicher bleiben<\/h3>\n<ul>\n<li>Verwenden Sie bei unangemessenem Verhalten die Schaltfl\u00e4chen Melden\/Blocken.<\/li>\n<li>\u00dcberpr\u00fcfen Sie die Datenschutzeinstellungen f\u00fcr DMs, Streams und Freundschaftsanfragen und legen Sie sie fest.<\/li>\n<\/ul>\n<h2>Benutzererfahrung bei Monkey App<\/h2>\n<p>Monkey ist f\u00fcr die Generation Z und die Digital Natives konzipiert - l\u00e4ssig, schnell, mobil und unterhaltsam:<\/p>\n<h3>Was Benutzer lieben<\/h3>\n<ul>\n<li>Sofortiger, echter Video-Chat: Kein Warten, keine Profile, keine Verstellung - nur authentische Unterhaltungen von Angesicht zu Angesicht.<\/li>\n<li>Viraler, energiegeladener Vibe: Es f\u00fchlt sich an wie TikTok oder Snapchat, aber man trifft Leute, anstatt nur Inhalte zu sehen.<\/li>\n<li>Live-Streaming: Jeder kann live gehen, auf sich aufmerksam machen und eine Fangemeinde aufbauen.<\/li>\n<li>Positives, moderiertes Umfeld: Trolle sind selten, Spam wird schnell behandelt.<\/li>\n<li>Benutzerdefinierte Filter: Triff dich mit Leuten, die deine Interessen, deinen Hintergrund oder deine Stimmung teilen.<\/li>\n<li>Kontrolle der Privatsph\u00e4re: Verwalten Sie ganz einfach, wer Ihnen Nachrichten schicken, Sie hinzuf\u00fcgen oder sehen kann.<\/li>\n<li>Mobile-first: Entwickelt, um perfekt auf Handys zu funktionieren - einfach streichen und tippen.<\/li>\n<\/ul>\n<h3>Wo die Nutzer Raum f\u00fcr Verbesserungen sehen<\/h3>\n<ul>\n<li>Die Dauer eines Chats kann sich kurz anf\u00fchlen, wenn nicht beide Personen \"mitschwingen\".<\/li>\n<li>F\u00fcr einige Funktionen (z. B. Regional-\/Geschlechtsfilter) sind m\u00f6glicherweise M\u00fcnzen oder ein Premiumzugang erforderlich.<\/li>\n<li>Gelegentliche minderj\u00e4hrige Nutzer (die schnell gemeldet werden, aber bei offenen Anwendungen immer ein Risiko darstellen).<\/li>\n<li>Die Auffindbarkeit von Livestreams kann bei einer Vielzahl von Urhebern schwierig sein.<\/li>\n<li>Nur f\u00fcr die App (keine Desktop-Version).<\/li>\n<\/ul>\n<h3>Echtes Benutzer-Feedback<\/h3>\n<blockquote><p>\"Monkey ist der beste Ort, um neue Freunde kennenzulernen oder einfach nur mit Fremden zu reden. Man wei\u00df nie, wen man trifft!\"<br \/>\n- <em>Jess K., App Store Bewertung<\/em><\/p><\/blockquote>\n<blockquote><p>\"Ich liebe es, live zu gehen und Follower zu bekommen. Es macht viel mehr Spa\u00df als Instagram oder TikTok, echte Menschen zu treffen\".<br \/>\n- <em>Marcus R., Google Play<\/em><\/p><\/blockquote>\n<blockquote><p>\"Man kann sich tats\u00e4chlich unterhalten und nicht nur Videos anschauen. Au\u00dferdem werden Trolle schnell verbannt.\"<br \/>\n- <em>Priya D., Trustpilot<\/em><\/p><\/blockquote>\n<h2>Monkey App vs. andere Video-Chat-Plattformen<\/h2>\n<p>Wie schneidet Monkey im Vergleich zur Konkurrenz ab?<\/p>\n<table>\n<thead>\n<tr>\n<th>Merkmal<\/th>\n<th>Affe<\/th>\n<th>HOLLA<\/th>\n<th>LivU<\/th>\n<th>OmegleWeb<\/th>\n<th>ChatHub<\/th>\n<th>Bigo Live<\/th>\n<\/tr>\n<\/thead>\n<tbody>\n<tr>\n<td>Random Video Chat mit Fremden<\/td>\n<td>\u2705 Ja<\/td>\n<td>\u2705 Ja<\/td>\n<td>\u2705 Ja<\/td>\n<td>\u2705 Ja<\/td>\n<td>\u2705 Ja<\/td>\n<td>\u274c Nein<\/td>\n<\/tr>\n<tr>\n<td>Live-Streaming<\/td>\n<td>\u2705 Ja<\/td>\n<td>\u2705 Ja<\/td>\n<td>\u2705 Ja<\/td>\n<td>\u274c Nein<\/td>\n<td>\u274c Nein<\/td>\n<td>\u2705 Ja<\/td>\n<\/tr>\n<tr>\n<td>Gruppenchat<\/td>\n<td>\u2705 Ja<\/td>\n<td>\u2705 Ja<\/td>\n<td>\u2705 Ja<\/td>\n<td>\u274c Nein<\/td>\n<td>\u2705 Ja<\/td>\n<td>\u2705 Ja<\/td>\n<\/tr>\n<tr>\n<td>Mobile App<\/td>\n<td>\u2705 Ja<\/td>\n<td>\u2705 Ja<\/td>\n<td>\u2705 Ja<\/td>\n<td>\u2705 Ja<\/td>\n<td>\u2705 Ja<\/td>\n<td>\u2705 Ja<\/td>\n<\/tr>\n<tr>\n<td>Filter\/Interessen<\/td>\n<td>\u2705 Ja<\/td>\n<td>\u2705 Ja<\/td>\n<td>\u2705 Ja<\/td>\n<td>\u2705 Begrenzt<\/td>\n<td>\u2705 Ja<\/td>\n<td>\u2705 Ja<\/td>\n<\/tr>\n<tr>\n<td>Freundschaftssystem<\/td>\n<td>\u2705 Ja<\/td>\n<td>\u2705 Ja<\/td>\n<td>\u2705 Ja<\/td>\n<td>\u274c Nein<\/td>\n<td>\u2705 Ja<\/td>\n<td>\u2705 Ja<\/td>\n<\/tr>\n<tr>\n<td>Sozialer Feed<\/td>\n<td>\u2705 Ja<\/td>\n<td>\u2705 Ja<\/td>\n<td>\u2705 Ja<\/td>\n<td>\u274c Nein<\/td>\n<td>\u274c Nein<\/td>\n<td>\u2705 Ja<\/td>\n<\/tr>\n<tr>\n<td>Monetarisierung<\/td>\n<td>\u2705 Ja<\/td>\n<td>\u274c Nein<\/td>\n<td>\u2705 Ja<\/td>\n<td>\u274c Nein<\/td>\n<td>\u274c Nein<\/td>\n<td>\u2705 Ja<\/td>\n<\/tr>\n<tr>\n<td>Datenschutz-Kontrollen<\/td>\n<td>\u2705 Ja<\/td>\n<td>\u2705 Ja<\/td>\n<td>\u2705 Ja<\/td>\n<td>\u2705 Grundlegend<\/td>\n<td>\u2705 Ja<\/td>\n<td>\u2705 Ja<\/td>\n<\/tr>\n<\/tbody>\n<\/table>\n<p>Zusammenfassung: Monkey eignet sich am besten f\u00fcr Benutzer, die sowohl zuf\u00e4llige Videochats als auch Live-Streaming in sozialen Netzwerken nutzen m\u00f6chten, mit einem modernen Design, aktiver Moderation und jugendfreundlichen Funktionen.<\/p>\n<h2>Ist Monkey App sicher?<\/h2>\n<p>Monkey hat der Sicherheit oberste Priorit\u00e4t einger\u00e4umt, mit:<\/p>\n<ul>\n<li>24\/7-Moderation: KI und echte Mitarbeiter \u00fcberwachen Verst\u00f6\u00dfe.<\/li>\n<li>Alters\u00fcberpr\u00fcfung: Wird bei der Anmeldung versucht, aber es ist immer Vorsicht geboten.<\/li>\n<li>Einfacher Bericht\/Block: Die Werkzeuge sind vorne und in der Mitte.<\/li>\n<li>Kontrolle der Privatsph\u00e4re: Legen Sie fest, wer Ihr Profil anzeigen, hinzuf\u00fcgen oder sehen kann.<\/li>\n<li>Keine dauerhaften Chat-Protokolle: Chats sind tempor\u00e4r, es sei denn, Sie f\u00fcgen jemanden als Freund hinzu.<\/li>\n<li>Klare Leitlinien f\u00fcr die Gemeinschaft: Regelm\u00e4\u00dfig aktualisiert, um den sich entwickelnden Trends und Risiken Rechnung zu tragen.<\/li>\n<\/ul>\n<h3>Sicherheitstipps<\/h3>\n<ul>\n<li>Geben Sie niemals pers\u00f6nliche Daten an Fremde weiter (vollst\u00e4ndiger Name, Adresse, Telefonnummer usw.).<\/li>\n<li>Verwenden Sie die Funktion \"Melden\" f\u00fcr unangemessene Inhalte oder Nutzer.<\/li>\n<li>Nehmen Sie keinen Kontakt au\u00dferhalb der App auf, bevor Sie nicht sicher sind, dass Sie der Person vertrauen.<\/li>\n<li>Teilen Sie Ihre sozialen Netzwerke nur, wenn Sie sich wohlf\u00fchlen.<\/li>\n<li>F\u00fcr Eltern: \u00dcberpr\u00fcfen Sie die Sicherheitseinstellungen, besprechen Sie die Online-Risiken und beaufsichtigen Sie die App-Nutzung bei j\u00fcngeren Teenagern.<\/li>\n<\/ul>\n<h2>Tipps, um das Beste aus Monkey herauszuholen<\/h2>\n<ul>\n<li>Seien Sie offen und freundlich: Die meisten guten Gespr\u00e4che beginnen mit guter Energie.<\/li>\n<li>Handeln Sie bei kurzen Gespr\u00e4chen schnell: Machen Sie einen guten ersten Eindruck; verl\u00e4ngern Sie die Zeit, wenn Sie sich angesprochen f\u00fchlen.<\/li>\n<li>Verwenden Sie Filter: Verbinden Sie sich mit Menschen aus Ihrer Umgebung oder mit Menschen, die Ihre Interessen teilen.<\/li>\n<li>Live gehen: Gewinnen Sie Follower, dr\u00fccken Sie sich aus und lernen Sie schnell Leute kennen.<\/li>\n<li>Berichten\/Blockieren Sie nach Bedarf: Sorgen Sie daf\u00fcr, dass Monkey positiv und sicher bleibt.<\/li>\n<li>Bleiben Sie auf dem neuesten Stand: Verwenden Sie die neueste Version der App, um die besten Funktionen und Sicherheit zu erhalten.<\/li>\n<li>Teilen Sie Ihr Handle: Erweitern Sie Ihr Netzwerk plattform\u00fcbergreifend, aber nur, wenn Sie bereit sind.<\/li>\n<\/ul>\n<h2>Fehlerbehebung bei h\u00e4ufigen Problemen mit der Monkey-App<\/h2>\n<h3>Video-Chat kann nicht gestartet werden<\/h3>\n<p>Vergewissern Sie sich, dass Sie die Kamera-\/Mikrofonberechtigung erteilt haben; aktualisieren Sie die App bei Bedarf.<\/p>\n<h3>Schlechte Verbindung<\/h3>\n<p>Verwenden Sie ein starkes WLAN, schlie\u00dfen Sie Hintergrundanwendungen und versuchen Sie, zwischen WLAN und Daten zu wechseln.<\/p>\n<h3>Spam oder unangemessene Benutzer<\/h3>\n<p>Sofort melden oder blockieren - die Moderatoren von Monkey handeln schnell.<\/p>\n<h3>App st\u00fcrzt ab oder friert ein<\/h3>\n<p>Starten Sie Ihr Telefon neu, l\u00f6schen Sie den Cache und stellen Sie sicher, dass die App aktualisiert ist.<\/p>\n<h3>Kann keine Freunde hinzuf\u00fcgen<\/h3>\n<p>Beide Benutzer m\u00fcssen zustimmen - versuchen Sie erneut, eine Verbindung herzustellen, oder \u00fcberpr\u00fcfen Sie, ob Ihre Freundesliste voll ist.<\/p>\n<p>Auf jeden Fall - vor allem f\u00fcr die Generation Z, junge Erwachsene und alle, die echte, zuf\u00e4llige und lebendige soziale Kontakte suchen. Monkey bringt die Magie des ungeschriebenen Videochats in die Hosentasche und verbindet das Beste aus viraler Kultur, TikTok-\u00e4hnlicher Energie und Live-Streaming mit robuster Moderation und Privatsph\u00e4re.<\/p>\n<p>Egal, ob du Fremde treffen, live gehen, eine Fangemeinde aufbauen oder einfach nur lachen und die Zeit totschlagen willst - Monkey ist dein Ticket zur lebendigsten, schnellsten und authentischsten Videochat-Community der Welt.<\/p>\n<p>Bist du bereit zu chatten und live zu gehen? Laden Sie Monkey aus dem App Store oder Google Play herunter, erstellen Sie Ihr Profil und tauchen Sie ein in die wildeste, freundlichste und unberechenbarste soziale App des Augenblicks.<\/p>","protected":false},"excerpt":{"rendered":"<p>In a world where social connections often feel curated, polished, or superficial, many young people are seeking something more real\u2014unscripted, spontaneous, and fun. Monkey App has emerged as one of the most popular video chat platforms for Gen Z and teens, known for its quirky energy, instant matches, and casual style. Built for authentic social [&hellip;]<\/p>\n","protected":false},"author":6,"featured_media":0,"parent":0,"menu_order":0,"comment_status":"closed","ping_status":"closed","template":"","meta":{"footnotes":""},"class_list":["post-1303","page","type-page","status-publish","hentry"],"yoast_head":"<!-- This site is optimized with the Yoast SEO plugin v27.5 - https:\/\/yoast.com\/product\/yoast-seo-wordpress\/ -->\n<title>Monkey App - Random Video Chat Like Omegle - TinyChat.com<\/title>\n<meta name=\"description\" content=\"Enjoying Monkey App? Join over 50,000,000 strangers on TinyChat! Turn on your cam and start meeting new people, or find a match.\" \/>\n<meta name=\"robots\" content=\"index, follow, max-snippet:-1, max-image-preview:large, max-video-preview:-1\" \/>\n<link rel=\"canonical\" href=\"https:\/\/tinychat.com\/de\/monkey-app\/\" \/>\n<meta property=\"og:locale\" content=\"de_DE\" \/>\n<meta property=\"og:type\" content=\"article\" \/>\n<meta property=\"og:title\" content=\"Monkey App - Random Video Chat Like Omegle - TinyChat.com\" \/>\n<meta property=\"og:description\" content=\"Enjoying Monkey App? Join over 50,000,000 strangers on TinyChat! Turn on your cam and start meeting new people, or find a match.\" \/>\n<meta property=\"og:url\" content=\"https:\/\/tinychat.com\/de\/monkey-app\/\" \/>\n<meta property=\"og:site_name\" content=\"TinyChat\" \/>\n<meta property=\"article:publisher\" content=\"https:\/\/www.facebook.com\/tinychat\" \/>\n<meta property=\"article:modified_time\" content=\"2025-08-04T12:31:26+00:00\" \/>\n<meta property=\"og:image\" content=\"https:\/\/tinychat.com\/wp-content\/uploads\/2020\/04\/Tinychat-logo-1280x284-new-black.png\" \/>\n\t<meta property=\"og:image:width\" content=\"1280\" \/>\n\t<meta property=\"og:image:height\" content=\"284\" \/>\n\t<meta property=\"og:image:type\" content=\"image\/png\" \/>\n<meta name=\"twitter:card\" content=\"summary_large_image\" \/>\n<meta name=\"twitter:site\" content=\"@tinychat\" \/>\n<meta name=\"twitter:label1\" content=\"Gesch\u00e4tzte Lesezeit\" \/>\n\t<meta name=\"twitter:data1\" content=\"7\u00a0Minuten\" \/>\n<script type=\"application\/ld+json\" class=\"yoast-schema-graph\">{\"@context\":\"https:\\\/\\\/schema.org\",\"@graph\":[{\"@type\":\"WebPage\",\"@id\":\"https:\\\/\\\/tinychat.com\\\/monkey-app\\\/\",\"url\":\"https:\\\/\\\/tinychat.com\\\/monkey-app\\\/\",\"name\":\"Monkey App - Random Video Chat Like Omegle - TinyChat.com\",\"isPartOf\":{\"@id\":\"https:\\\/\\\/tinychat.com\\\/#website\"},\"datePublished\":\"2025-08-04T11:53:38+00:00\",\"dateModified\":\"2025-08-04T12:31:26+00:00\",\"description\":\"Enjoying Monkey App? Join over 50,000,000 strangers on TinyChat! Turn on your cam and start meeting new people, or find a match.\",\"breadcrumb\":{\"@id\":\"https:\\\/\\\/tinychat.com\\\/monkey-app\\\/#breadcrumb\"},\"inLanguage\":\"de\",\"potentialAction\":[{\"@type\":\"ReadAction\",\"target\":[\"https:\\\/\\\/tinychat.com\\\/monkey-app\\\/\"]}]},{\"@type\":\"BreadcrumbList\",\"@id\":\"https:\\\/\\\/tinychat.com\\\/monkey-app\\\/#breadcrumb\",\"itemListElement\":[{\"@type\":\"ListItem\",\"position\":1,\"name\":\"Home\",\"item\":\"https:\\\/\\\/tinychat.com\\\/\"},{\"@type\":\"ListItem\",\"position\":2,\"name\":\"Monkey App\"}]},{\"@type\":\"WebSite\",\"@id\":\"https:\\\/\\\/tinychat.com\\\/#website\",\"url\":\"https:\\\/\\\/tinychat.com\\\/\",\"name\":\"TinyChat\",\"description\":\"Random Video Chat with Strangers\",\"publisher\":{\"@id\":\"https:\\\/\\\/tinychat.com\\\/#organization\"},\"alternateName\":\"TinyChat.com\",\"potentialAction\":[{\"@type\":\"SearchAction\",\"target\":{\"@type\":\"EntryPoint\",\"urlTemplate\":\"https:\\\/\\\/tinychat.com\\\/?s={search_term_string}\"},\"query-input\":{\"@type\":\"PropertyValueSpecification\",\"valueRequired\":true,\"valueName\":\"search_term_string\"}}],\"inLanguage\":\"de\"},{\"@type\":\"Organization\",\"@id\":\"https:\\\/\\\/tinychat.com\\\/#organization\",\"name\":\"TinyChat\",\"alternateName\":\"TinyChat.com\",\"url\":\"https:\\\/\\\/tinychat.com\\\/\",\"logo\":{\"@type\":\"ImageObject\",\"inLanguage\":\"de\",\"@id\":\"https:\\\/\\\/tinychat.com\\\/#\\\/schema\\\/logo\\\/image\\\/\",\"url\":\"https:\\\/\\\/tinychat.com\\\/wp-content\\\/uploads\\\/2023\\\/11\\\/Tinychat-icon-square.png\",\"contentUrl\":\"https:\\\/\\\/tinychat.com\\\/wp-content\\\/uploads\\\/2023\\\/11\\\/Tinychat-icon-square.png\",\"width\":284,\"height\":284,\"caption\":\"TinyChat\"},\"image\":{\"@id\":\"https:\\\/\\\/tinychat.com\\\/#\\\/schema\\\/logo\\\/image\\\/\"},\"sameAs\":[\"https:\\\/\\\/www.facebook.com\\\/tinychat\",\"https:\\\/\\\/x.com\\\/tinychat\"]}]}<\/script>\n<!-- \/ Yoast SEO plugin. -->","yoast_head_json":{"title":"Monkey App - Zuf\u00e4lliger Video-Chat wie Omegle - TinyChat.com","description":"Gef\u00e4llt Ihnen Monkey App? Schlie\u00dfen Sie sich \u00fcber 50.000.000 Fremden auf TinyChat an! Schalte deine Kamera ein und fange an, neue Leute kennenzulernen, oder finde einen Partner.","robots":{"index":"index","follow":"follow","max-snippet":"max-snippet:-1","max-image-preview":"max-image-preview:large","max-video-preview":"max-video-preview:-1"},"canonical":"https:\/\/tinychat.com\/de\/monkey-app\/","og_locale":"de_DE","og_type":"article","og_title":"Monkey App - Random Video Chat Like Omegle - TinyChat.com","og_description":"Enjoying Monkey App? Join over 50,000,000 strangers on TinyChat! Turn on your cam and start meeting new people, or find a match.","og_url":"https:\/\/tinychat.com\/de\/monkey-app\/","og_site_name":"TinyChat","article_publisher":"https:\/\/www.facebook.com\/tinychat","article_modified_time":"2025-08-04T12:31:26+00:00","og_image":[{"width":1280,"height":284,"url":"https:\/\/tinychat.com\/wp-content\/uploads\/2020\/04\/Tinychat-logo-1280x284-new-black.png","type":"image\/png"}],"twitter_card":"summary_large_image","twitter_site":"@tinychat","twitter_misc":{"Gesch\u00e4tzte Lesezeit":"7\u00a0Minuten"},"schema":{"@context":"https:\/\/schema.org","@graph":[{"@type":"WebPage","@id":"https:\/\/tinychat.com\/monkey-app\/","url":"https:\/\/tinychat.com\/monkey-app\/","name":"Monkey App - Zuf\u00e4lliger Video-Chat wie Omegle - TinyChat.com","isPartOf":{"@id":"https:\/\/tinychat.com\/#website"},"datePublished":"2025-08-04T11:53:38+00:00","dateModified":"2025-08-04T12:31:26+00:00","description":"Gef\u00e4llt Ihnen Monkey App? Schlie\u00dfen Sie sich \u00fcber 50.000.000 Fremden auf TinyChat an! Schalte deine Kamera ein und fange an, neue Leute kennenzulernen, oder finde einen Partner.","breadcrumb":{"@id":"https:\/\/tinychat.com\/monkey-app\/#breadcrumb"},"inLanguage":"de","potentialAction":[{"@type":"ReadAction","target":["https:\/\/tinychat.com\/monkey-app\/"]}]},{"@type":"BreadcrumbList","@id":"https:\/\/tinychat.com\/monkey-app\/#breadcrumb","itemListElement":[{"@type":"ListItem","position":1,"name":"Home","item":"https:\/\/tinychat.com\/"},{"@type":"ListItem","position":2,"name":"Monkey App"}]},{"@type":"WebSite","@id":"https:\/\/tinychat.com\/#website","url":"https:\/\/tinychat.com\/","name":"TinyChat","description":"Zuf\u00e4lliger Video-Chat mit Fremden","publisher":{"@id":"https:\/\/tinychat.com\/#organization"},"alternateName":"TinyChat.com","potentialAction":[{"@type":"SearchAction","target":{"@type":"EntryPoint","urlTemplate":"https:\/\/tinychat.com\/?s={search_term_string}"},"query-input":{"@type":"PropertyValueSpecification","valueRequired":true,"valueName":"search_term_string"}}],"inLanguage":"de"},{"@type":"Organization","@id":"https:\/\/tinychat.com\/#organization","name":"TinyChat","alternateName":"TinyChat.com","url":"https:\/\/tinychat.com\/","logo":{"@type":"ImageObject","inLanguage":"de","@id":"https:\/\/tinychat.com\/#\/schema\/logo\/image\/","url":"https:\/\/tinychat.com\/wp-content\/uploads\/2023\/11\/Tinychat-icon-square.png","contentUrl":"https:\/\/tinychat.com\/wp-content\/uploads\/2023\/11\/Tinychat-icon-square.png","width":284,"height":284,"caption":"TinyChat"},"image":{"@id":"https:\/\/tinychat.com\/#\/schema\/logo\/image\/"},"sameAs":["https:\/\/www.facebook.com\/tinychat","https:\/\/x.com\/tinychat"]}]}},"_links":{"self":[{"href":"https:\/\/tinychat.com\/de\/wp-json\/wp\/v2\/pages\/1303","targetHints":{"allow":["GET"]}}],"collection":[{"href":"https:\/\/tinychat.com\/de\/wp-json\/wp\/v2\/pages"}],"about":[{"href":"https:\/\/tinychat.com\/de\/wp-json\/wp\/v2\/types\/page"}],"author":[{"embeddable":true,"href":"https:\/\/tinychat.com\/de\/wp-json\/wp\/v2\/users\/6"}],"replies":[{"embeddable":true,"href":"https:\/\/tinychat.com\/de\/wp-json\/wp\/v2\/comments?post=1303"}],"version-history":[{"count":3,"href":"https:\/\/tinychat.com\/de\/wp-json\/wp\/v2\/pages\/1303\/revisions"}],"predecessor-version":[{"id":13403,"href":"https:\/\/tinychat.com\/de\/wp-json\/wp\/v2\/pages\/1303\/revisions\/13403"}],"wp:attachment":[{"href":"https:\/\/tinychat.com\/de\/wp-json\/wp\/v2\/media?parent=1303"}],"curies":[{"name":"wp","href":"https:\/\/api.w.org\/{rel}","templated":true}]}}