{"id":1311,"date":"2025-07-07T17:56:49","date_gmt":"2025-07-07T15:56:49","guid":{"rendered":"https:\/\/tinychat.com\/?page_id=1311"},"modified":"2025-07-07T18:46:40","modified_gmt":"2025-07-07T16:46:40","slug":"holla","status":"publish","type":"page","link":"https:\/\/tinychat.com\/de\/holla\/","title":{"rendered":"Holla"},"content":{"rendered":"<p>Die Art und Weise, wie wir neue Leute kennenlernen, hat sich f\u00fcr immer ver\u00e4ndert, und mit dem Aufkommen von Zufalls-Videochat-Apps war es noch nie so einfach, spontane Kontakte auf der ganzen Welt zu kn\u00fcpfen. HOLLA hebt sich in diesem \u00fcberf\u00fcllten Feld als eine Chat-Plattform der n\u00e4chsten Generation ab, die Echtzeit-Video-, Sprach- und Text-Chat mit leistungsstarken Matching-Funktionen und einem Fokus auf echte, lustige und sichere Interaktionen kombiniert.<\/p>\n<p>Egal, ob Sie auf der Suche nach einem neuen Freund sind, eine Sprache \u00fcben wollen oder einfach nur einen schnellen, unterhaltsamen Chat mit jemandem aus einem anderen Land f\u00fchren m\u00f6chten, HOLLA macht all das m\u00f6glich - jederzeit und \u00fcberall, direkt von Ihrem Smartphone aus.<\/p>\n<p>Dieser ausf\u00fchrliche Leitfaden f\u00fchrt Sie in die Welt von HOLLA ein: Funktionsweise, Hauptfunktionen, Benutzerfreundlichkeit, Sicherheit, Vergleich mit anderen Chat-Apps, Tipps zur Fehlerbehebung und wie Sie das Beste aus jeder Verbindung machen.<\/p>\n<h2>Was ist die HOLLA?<\/h2>\n<p>HOLLA ist eine kostenlose Zufalls-Videochat- und Live-Social-App, mit der du dich sofort mit Fremden auf der ganzen Welt per Video, Sprache oder Text verbinden kannst. Urspr\u00fcnglich im Jahr 2016 gestartet, entwickelte sich HOLLA schnell zu einer der am h\u00e4ufigsten heruntergeladenen und am besten bewerteten Zufalls-Chat-Apps auf iOS und Android.<\/p>\n<p>Was HOLLA einzigartig macht, sind sein mobiler Ansatz, ausgekl\u00fcgelte Matching-Algorithmen, Sicherheitsma\u00dfnahmen in der App und eine Reihe von Funktionen, die daf\u00fcr sorgen, dass jeder Chat sowohl Spa\u00df macht als auch sinnvoll ist. Sie m\u00fcssen sich nicht registrieren, um HOLLA zu nutzen, aber die App bietet zus\u00e4tzliche Funktionen f\u00fcr registrierte Nutzer - von der Profilanpassung bis zu Premium-Filtern und Moderationskontrollen.<\/p>\n<p>Das Publikum von HOLLA ist wirklich global, mit Millionen von aktiven Nutzern in den USA, Gro\u00dfbritannien, Indien, dem Nahen Osten, S\u00fcdostasien und dar\u00fcber hinaus. Das Design ist jugendlich, lebendig und inklusiv, was es zu einem Favoriten f\u00fcr Teenager, Studenten, Auswanderer, Reisende und alle, die neugierig auf die Welt sind, macht.<\/p>\n<h2>Hauptmerkmale der HOLLA<\/h2>\n<p>HOLLA bietet einen Funktionsumfang, der weit \u00fcber den klassischen \"Roulette\"-Chat hinausgeht und sich auf die Sicherheit der Benutzer, die individuelle Anpassung und die Verbindungsqualit\u00e4t konzentriert:<\/p>\n<h3>1. Zuf\u00e4lliger Video-Chat mit einem Tastendruck<\/h3>\n<p>Das Herzst\u00fcck von HOLLA ist der zuf\u00e4llige Videochat. Mit einem einzigen Fingertipp bist du sofort mit einem Fremden \u00fcberall auf der Welt von Angesicht zu Angesicht verbunden. Gef\u00e4llt Ihnen die Verbindung nicht? Wische oder tippe auf \"Weiter\", um es erneut zu versuchen. Jeder Chat ist einzigartig - und du wei\u00dft nie, wen du als N\u00e4chstes treffen wirst.<\/p>\n<h3>2. Optionen f\u00fcr Sprach- und Text-Chat<\/h3>\n<p>Noch nicht bereit f\u00fcr Video? Sie k\u00f6nnen zu einem reinen Sprachchat wechseln oder mit einfachen Textnachrichten beginnen. Diese Flexibilit\u00e4t ist ideal f\u00fcr sch\u00fcchterne Nutzer oder alle, die viel unterwegs sind.<\/p>\n<h3>3. Filter f\u00fcr Geschlecht, Region und Interessen<\/h3>\n<p>HOLLA erm\u00f6glicht es Ihnen, Treffer nach Geschlecht, Land oder Interessen zu filtern (Filter k\u00f6nnen Premium-Funktionen sein oder sind f\u00fcr kostenlose Nutzer eingeschr\u00e4nkt). Egal, ob Sie mit jemandem in Ihrer N\u00e4he chatten oder Spanisch mit einem Muttersprachler \u00fcben m\u00f6chten, Sie haben die Kontrolle.<\/p>\n<h3>4. Lustige Effekte und AR-Filter<\/h3>\n<p>Heben Sie sich ab oder brechen Sie das Eis mit Live-Gesichtsfiltern, AR-Masken und Videoeffekten. HOLLA macht es einfach, Ihren Anrufen eine spielerische Note zu verleihen, damit Gespr\u00e4che nat\u00fcrlich verlaufen.<\/p>\n<h3>5. \u00dcbersetzung in Echtzeit<\/h3>\n<p>Sie m\u00f6chten chatten, haben aber keine gemeinsame Sprache? HOLLA bietet eine Echtzeit-\u00dcbersetzung, die Sprachbarrieren abbaut und eine echte globale Konversation erm\u00f6glicht.<\/p>\n<h3>6. Moderation und Sicherheitsmerkmale<\/h3>\n<p>Die HOLLA nimmt die Sicherheit der Bev\u00f6lkerung ernst:<\/p>\n<ul>\n<li>Automatisierte Moderation und Inhalts\u00fcberpr\u00fcfung in Echtzeit<\/li>\n<li>In-App-Berichte und Schnellsperrfunktionen<\/li>\n<li>24\/7-Moderationsteam<\/li>\n<li>KI-gest\u00fctzte Erkennung von Nacktheit und Missbrauch<\/li>\n<\/ul>\n<h3>7. Friend and Match System<\/h3>\n<p>Hat Ihnen ein Chat gefallen? Sie k\u00f6nnen Benutzer als Freunde oder \"Matches\" f\u00fcr laufende Unterhaltungen hinzuf\u00fcgen. Erstellen Sie Ihre eigene internationale Kontaktliste und halten Sie die Unterhaltung in Gang.<\/p>\n<h3>8. Profilanpassung und Avatare<\/h3>\n<p>Registrierte Nutzer k\u00f6nnen ein Profil anlegen, Fotos hochladen und einen kurzen Lebenslauf erstellen. Dies hilft bei der Suche nach relevanten Kontakten und l\u00e4sst Sie Ihre Pers\u00f6nlichkeit zum Ausdruck bringen.<\/p>\n<h3>9. Virtuelle Geschenke und Premiumfunktionen<\/h3>\n<p>HOLLA bietet eine In-App-W\u00e4hrung f\u00fcr virtuelle Geschenke, Sticker, Premium-Filter und Effekte. Geschenke sind eine lustige Art, das Eis zu brechen oder Wertsch\u00e4tzung zu zeigen.<\/p>\n<h3>10. Veranstaltungen und soziale Gemeinschaft<\/h3>\n<p>Gelegentlich veranstaltet die HOLLA globale Events, Wettbewerbe und Community-Challenges - eine unterhaltsame Art, mehr Leute kennenzulernen und seine Kreativit\u00e4t unter Beweis zu stellen.<\/p>\n<h2>Wie man HOLLA benutzt<\/h2>\n<p>HOLLA ist auf Einfachheit und Schnelligkeit ausgelegt, aber hier ist eine Schritt-f\u00fcr-Schritt-Anleitung sowohl f\u00fcr Neulinge als auch f\u00fcr erfahrene Benutzer:<\/p>\n<h3>Schritt 1: Download der HOLLA App<\/h3>\n<p>HOLLA ist im App Store (iOS) und bei Google Play (Android) erh\u00e4ltlich. Laden Sie die App herunter und installieren Sie sie - ein Desktop-Browser ist nicht erforderlich.<\/p>\n<h3>Schritt 2: \u00d6ffnen Sie die App und legen Sie Berechtigungen fest<\/h3>\n<p>Erteilen Sie Kamera-, Mikrofon- und (optional) Standortberechtigungen. Diese sind f\u00fcr den Videochat erforderlich und helfen beim Abgleich.<\/p>\n<h3>Schritt 3: Erstellen eines Kontos (optional)<\/h3>\n<p>Sie k\u00f6nnen den Chat als Gast beginnen, aber wenn Sie sich mit Ihrer Telefonnummer, Ihrer E-Mail oder Ihrem sozialen Konto anmelden, wird der Chat freigeschaltet:<\/p>\n<ul>\n<li>Freundschaftssystem<\/li>\n<li>Profilanpassung<\/li>\n<li>M\u00fcnzen und Premium-Filter<\/li>\n<li>Chat-Verlauf<\/li>\n<\/ul>\n<h3>Schritt 4: Tippen Sie auf \"Start\" oder \"Live gehen\".<\/h3>\n<p>Mit einem einzigen Fingertipp werden Sie mit einem zuf\u00e4lligen Benutzer f\u00fcr einen Video-, Sprach- oder Text-Chat zusammengebracht.<\/p>\n<h3>Schritt 5: Swipe, Match oder Freunde hinzuf\u00fcgen<\/h3>\n<ul>\n<li>Wischen oder tippen Sie auf \"Weiter\", um eine neue \u00dcbereinstimmung zu finden<\/li>\n<li>Verwenden Sie Filter, um Ihre Suche einzuschr\u00e4nken (falls verf\u00fcgbar)<\/li>\n<li>Benutzer als Freunde hinzuf\u00fcgen, wenn Sie sp\u00e4ter weiter chatten m\u00f6chten<\/li>\n<\/ul>\n<h3>Schritt 6: Effekte und \u00dcbersetzung verwenden<\/h3>\n<p>Probieren Sie AR-Masken, Videoeffekte und das Echtzeit-\u00dcbersetzungstool aus, damit der Spa\u00df nicht zu kurz kommt.<\/p>\n<h2>Das HOLLA-Benutzererlebnis<\/h2>\n<p>HOLLA ist auf Schnelligkeit, Sicherheit und Spontaneit\u00e4t ausgelegt, so dass sich jedes Gespr\u00e4ch wie ein Abenteuer anf\u00fchlt. Hier ist, was Nutzer und Kritiker hervorheben:<\/p>\n<h3>Was die HOLLA einzigartig macht<\/h3>\n<ul>\n<li>Mobile-first: Reibungsloses, reaktionsschnelles Design auf Handys und Tablets<\/li>\n<li>Flexible Chat-Modi: Video, Sprache oder Text - jederzeit wechseln<\/li>\n<li>Jugendlicher Spa\u00df: AR-Filter und -Effekte sorgen f\u00fcr Unbeschwertheit<\/li>\n<li>Eine wahrhaft globale Gemeinschaft: Treffen Sie Menschen aus allen Kontinenten<\/li>\n<li>\u00dcbersetzung in Echtzeit: Sprache ist kein Hindernis mehr<\/li>\n<li>Aktive Moderation: Sichereres, respektvolleres Umfeld als bei vielen Wettbewerbern<\/li>\n<\/ul>\n<h3>Benutzer Liebe<\/h3>\n<ul>\n<li>\u2705 Chat mit einem Tastendruck: Der schnellste Weg, neue Leute von Angesicht zu Angesicht kennenzulernen<\/li>\n<li>\u2705 Freundschafts-\/Match-System: Verbindungen f\u00fcr fortlaufende Unterhaltungen aufbauen<\/li>\n<li>\u2705 Vielf\u00e4ltiger Nutzerkreis: Immer jemand Neues, mit dem man reden kann<\/li>\n<li>\u2705 Einfach zu melden\/zu sperren: \u00dcbernehmen Sie die Kontrolle \u00fcber Ihr Erlebnis<\/li>\n<li>\u2705 Gratis zum Start, mit tollen Extras<\/li>\n<\/ul>\n<h3>Was k\u00f6nnte verbessert werden?<\/h3>\n<ul>\n<li>\u274c Einige Premium-Funktionen (Geschlechts-\/L\u00e4nderfilter) erfordern M\u00fcnzen oder ein Abonnement<\/li>\n<li>\u274c Gelegentliches unangemessenes Verhalten (wird von der Moderation schnell angesprochen)<\/li>\n<li>\u274c Das kann s\u00fcchtig machen - man verliert leicht das Zeitgef\u00fchl!<\/li>\n<li>Starke Abh\u00e4ngigkeit von Mobiltelefonen (keine Desktop-Version)<\/li>\n<li>\u274c Einige Anzeigen in der kostenlosen Version<\/li>\n<\/ul>\n<h2>Echte Benutzerbewertungen<\/h2>\n<blockquote><p>\"Ich habe an meinem ersten Tag mit HOLLA drei neue Freunde gefunden. Das \u00dcbersetzungstool ist gro\u00dfartig, um mein Spanisch zu \u00fcben!\"<br \/>\n- <em>James B., Google Play Bewertung<\/em><\/p><\/blockquote>\n<blockquote><p>\"Die AR-Filter sind witzig, und mir gef\u00e4llt, dass man mit Text oder Sprache beginnen kann, wenn man noch nicht bereit f\u00fcr Video ist.\"<br \/>\n- <em>Priya K., App Store<\/em><\/p><\/blockquote>\n<blockquote><p>\"Viel sicherer als Omegle oder Chatroulette. Die Leute sind freundlicher, und ich habe keine seltsamen Dinge gesehen.\"<br \/>\n- <em>Leo M., Trustpilot<\/em><\/p><\/blockquote>\n<h2>HOLLA im Vergleich zu anderen Zufalls-Chat-Apps<\/h2>\n<p>Wie schneidet HOLLA im Vergleich zu den weltweit beliebtesten Video-Chat-Apps ab?<\/p>\n<table>\n<thead>\n<tr>\n<th>Merkmal<\/th>\n<th>HOLLA<\/th>\n<th>Omegle<\/th>\n<th>Chatroulette<\/th>\n<th>Chatrandom<\/th>\n<th>Funyo<\/th>\n<th>LuckyCrush<\/th>\n<\/tr>\n<\/thead>\n<tbody>\n<tr>\n<td>Mobile App<\/td>\n<td>\u2705 Ja<\/td>\n<td>\u274c Nein<\/td>\n<td>\u274c Nein<\/td>\n<td>\u2705 Ja<\/td>\n<td>\u2705 Ja<\/td>\n<td>\u2705 Ja<\/td>\n<\/tr>\n<tr>\n<td>Keine Anmeldung erforderlich<\/td>\n<td>\u2705 Ja<\/td>\n<td>\u2705 Ja<\/td>\n<td>\u2705 Ja<\/td>\n<td>\u2705 Ja<\/td>\n<td>\u2705 Ja<\/td>\n<td>\u274c Nur M\u00e4nner<\/td>\n<\/tr>\n<tr>\n<td>Video\/Voice\/Text<\/td>\n<td>\u2705 Alle<\/td>\n<td>\u2705\/\u274c\/\u2705<\/td>\n<td>\u2705\/\u274c\/\u2705<\/td>\n<td>\u2705\/\u274c\/\u2705<\/td>\n<td>\u2705\/\u274c\/\u2705<\/td>\n<td>\u2705\/\u274c\/\u2705<\/td>\n<\/tr>\n<tr>\n<td>Geschlecht\/Land-Filter<\/td>\n<td>\u2705 Premium<\/td>\n<td>\u26a0\ufe0f Begrenzt<\/td>\n<td>\u26a0\ufe0f Begrenzt<\/td>\n<td>\u2705 Premium<\/td>\n<td>\u2705 Premium<\/td>\n<td>\u2705 Ja<\/td>\n<\/tr>\n<tr>\n<td>AR-Filter\/Effekte<\/td>\n<td>\u2705 Ja<\/td>\n<td>\u274c Nein<\/td>\n<td>\u274c Nein<\/td>\n<td>\u274c Nein<\/td>\n<td>\u274c Nein<\/td>\n<td>\u274c Nein<\/td>\n<\/tr>\n<tr>\n<td>\u00dcbersetzung<\/td>\n<td>\u2705 Ja<\/td>\n<td>\u274c Nein<\/td>\n<td>\u274c Nein<\/td>\n<td>\u274c Nein<\/td>\n<td>\u274c Nein<\/td>\n<td>\u274c Nein<\/td>\n<\/tr>\n<tr>\n<td>Freund\/Match-System<\/td>\n<td>\u2705 Ja<\/td>\n<td>\u274c Nein<\/td>\n<td>\u274c Nein<\/td>\n<td>\u2705 Ja<\/td>\n<td>\u274c Nein<\/td>\n<td>\u2705 Ja<\/td>\n<\/tr>\n<tr>\n<td>Sicherheit\/Moderation<\/td>\n<td>\u2705 Stark<\/td>\n<td>\u26a0\ufe0f Begrenzt<\/td>\n<td>\u26a0\ufe0f Begrenzt<\/td>\n<td>\u2705 M\u00e4\u00dfig<\/td>\n<td>\u2705 Ja<\/td>\n<td>\u2705 Ja<\/td>\n<\/tr>\n<\/tbody>\n<\/table>\n<p>Zusammenfassung: HOLLA ist ideal f\u00fcr mobile Benutzer, die sichere, flexible und globale Chat-Optionen w\u00fcnschen, mit dem Bonus von lustigen Filtern und Echtzeit-\u00dcbersetzung.<\/p>\n<h2>Ist die HOLLA sicher?<\/h2>\n<p>Die HOLLA setzt sich f\u00fcr die Sicherheit und den Respekt der Nutzer ein und kombiniert Technologie mit aktivem Community-Management:<\/p>\n<ul>\n<li>Inhalts\u00fcberpr\u00fcfung und KI-Moderation in Echtzeit<\/li>\n<li>Benutzerberichte und Sperrung<\/li>\n<li>24\/7 menschliche Moderatoren<\/li>\n<li>Keine \u00f6ffentlichen Beitr\u00e4ge - private, fl\u00fcchtige Chats<\/li>\n<li>Freundschaftssystem f\u00fcr kontinuierliche Verbindung (nach Wahl)<\/li>\n<\/ul>\n<h3>Sicherheitstipps<\/h3>\n<ul>\n<li>Geben Sie niemals pers\u00f6nliche Kontaktinformationen, Adressen oder finanzielle Details weiter.<\/li>\n<li>Verwenden Sie die Blockier-\/Meldefunktionen, wenn Sie unangemessenes Verhalten feststellen<\/li>\n<li>Bleiben Sie anonym, bis Sie Ihrem Partner vertrauen<\/li>\n<li>Vermeiden Sie das Anklicken unbekannter Links oder das Akzeptieren von Dateien<\/li>\n<li>Loggen Sie sich aus und l\u00f6schen Sie Ihren Chatverlauf, wenn Sie sich auf einem \u00f6ffentlichen\/gemeinsamen Ger\u00e4t befinden<\/li>\n<\/ul>\n<h2>Tipps zur optimalen Nutzung der HOLLA<\/h2>\n<ul>\n<li>Probieren Sie AR-Filter und -Effekte aus - ein lustiger Weg, das Eis zu brechen und Ihre Pers\u00f6nlichkeit zu zeigen<\/li>\n<li>Verwenden Sie Filter (falls verf\u00fcgbar), um Personen aus bestimmten Regionen oder in Ihrer Sprache zu finden.<\/li>\n<li>Wechseln Sie den Chat-Modus - beginnen Sie mit Text, wenn Sie sch\u00fcchtern sind, und wechseln Sie zu Video, wenn Sie bereit sind.<\/li>\n<li>Z\u00f6gern Sie nicht zu wischen - die n\u00e4chste Verbindung k\u00f6nnte Ihr neuer bester Freund sein<\/li>\n<li>Bleiben Sie mobil - HOLLA ist perfekt f\u00fcr das Chatten unterwegs<\/li>\n<li>Bleiben Sie sicher und respektieren Sie andere - bauen Sie mit jedem Chat eine positive Gemeinschaft auf<\/li>\n<\/ul>\n<h2>Fehlersuche bei h\u00e4ufigen HOLLA-Problemen<\/h2>\n<h3>App l\u00e4sst sich nicht verbinden oder st\u00fcrzt ab<\/h3>\n<p>Aktualisieren Sie die App, \u00fcberpr\u00fcfen Sie Ihr Netzwerk oder installieren Sie die App neu, falls erforderlich.<\/p>\n<h3>Kamera oder Mikrofon funktionieren nicht<\/h3>\n<p>\u00dcberpr\u00fcfen Sie die App-Berechtigungen in den Einstellungen Ihres Telefons und schlie\u00dfen Sie andere Apps, die die Kamera verwenden.<\/p>\n<h3>Geschlecht\/Region-Filter nicht verf\u00fcgbar<\/h3>\n<p>Diese k\u00f6nnen M\u00fcnzen oder ein Abonnement erfordern.<\/p>\n<h3>Unangemessenes Verhalten<\/h3>\n<p>Wischen Sie weg, blockieren Sie, und melden Sie den Nutzer. Die Moderation ist schnell und reaktionsschnell.<\/p>\n<h3>\u00dcbersetzung funktioniert nicht<\/h3>\n<p>Stellen Sie sicher, dass Ihre Verbindung stabil ist und aktualisieren Sie die App auf die neueste Version.<\/p>\n<h2>Abschlie\u00dfende \u00dcberlegungen: Ist die HOLLA es wert?<\/h2>\n<p>Auf jeden Fall - vor allem f\u00fcr alle, die echte, lustige und sichere Verbindungen auf der ganzen Welt suchen, direkt von ihrem Smartphone aus. HOLLA kombiniert die besten Aspekte von Video-, Sprach- und Text-Chat, angereichert mit spielerischen Effekten, robuster Sicherheit und einer lebendigen globalen Community.<\/p>\n<p>Es geht nicht nur darum, sich die Zeit zu vertreiben, sondern auch darum, echte Freundschaften zu schlie\u00dfen, Kulturen zu teilen und zu entdecken, was uns alle einzigartig macht.<\/p>\n<p>Egal, ob du dich zu Hause langweilst, auf Reisen bist oder einfach nur sehen willst, wer da drau\u00dfen ist - HOLLA macht es dir leicht, Kontakte zu kn\u00fcpfen.<\/p>\n<p>Laden Sie HOLLA im App Store oder bei Google Play herunter, \u00f6ffnen Sie die App und beginnen Sie zu chatten. Wer wei\u00df, wohin Ihr n\u00e4chstes Gespr\u00e4ch f\u00fchren wird?<\/p>","protected":false},"excerpt":{"rendered":"<p>The way we meet new people has changed forever, and with the rise of random video chat apps, it\u2019s never been easier to make spontaneous connections across the globe. HOLLA stands out in this crowded field as a next-generation chat platform that combines real-time video, voice, and text chat with powerful matching features and a [&hellip;]<\/p>\n","protected":false},"author":6,"featured_media":0,"parent":0,"menu_order":0,"comment_status":"closed","ping_status":"closed","template":"","meta":{"footnotes":""},"class_list":["post-1311","page","type-page","status-publish","hentry"],"yoast_head":"<!-- This site is optimized with the Yoast SEO plugin v27.3 - https:\/\/yoast.com\/product\/yoast-seo-wordpress\/ -->\n<title>Holla - Best Random Video Chat - TinyChat.com<\/title>\n<meta name=\"description\" content=\"Enjoying Holla? Join over 50,000,000 strangers on TinyChat! Turn on your cam and start meeting new people, or find a match.\" \/>\n<meta name=\"robots\" content=\"index, follow, max-snippet:-1, max-image-preview:large, max-video-preview:-1\" \/>\n<link rel=\"canonical\" href=\"https:\/\/tinychat.com\/de\/holla\/\" \/>\n<meta property=\"og:locale\" content=\"de_DE\" \/>\n<meta property=\"og:type\" content=\"article\" \/>\n<meta property=\"og:title\" content=\"Holla - Best Random Video Chat - TinyChat.com\" \/>\n<meta property=\"og:description\" content=\"Enjoying Holla? Join over 50,000,000 strangers on TinyChat! Turn on your cam and start meeting new people, or find a match.\" \/>\n<meta property=\"og:url\" content=\"https:\/\/tinychat.com\/de\/holla\/\" \/>\n<meta property=\"og:site_name\" content=\"TinyChat\" \/>\n<meta property=\"article:publisher\" content=\"https:\/\/www.facebook.com\/tinychat\" \/>\n<meta property=\"article:modified_time\" content=\"2025-07-07T16:46:40+00:00\" \/>\n<meta property=\"og:image\" content=\"https:\/\/tinychat.com\/wp-content\/uploads\/2020\/04\/Tinychat-logo-1280x284-new-black.png\" \/>\n\t<meta property=\"og:image:width\" content=\"1280\" \/>\n\t<meta property=\"og:image:height\" content=\"284\" \/>\n\t<meta property=\"og:image:type\" content=\"image\/png\" \/>\n<meta name=\"twitter:card\" content=\"summary_large_image\" \/>\n<meta name=\"twitter:site\" content=\"@tinychat\" \/>\n<meta name=\"twitter:label1\" content=\"Gesch\u00e4tzte Lesezeit\" \/>\n\t<meta name=\"twitter:data1\" content=\"7\u00a0Minuten\" \/>\n<script type=\"application\/ld+json\" class=\"yoast-schema-graph\">{\"@context\":\"https:\\\/\\\/schema.org\",\"@graph\":[{\"@type\":\"WebPage\",\"@id\":\"https:\\\/\\\/tinychat.com\\\/holla\\\/\",\"url\":\"https:\\\/\\\/tinychat.com\\\/holla\\\/\",\"name\":\"Holla - Best Random Video Chat - TinyChat.com\",\"isPartOf\":{\"@id\":\"https:\\\/\\\/tinychat.com\\\/#website\"},\"datePublished\":\"2025-07-07T15:56:49+00:00\",\"dateModified\":\"2025-07-07T16:46:40+00:00\",\"description\":\"Enjoying Holla? Join over 50,000,000 strangers on TinyChat! Turn on your cam and start meeting new people, or find a match.\",\"breadcrumb\":{\"@id\":\"https:\\\/\\\/tinychat.com\\\/holla\\\/#breadcrumb\"},\"inLanguage\":\"de\",\"potentialAction\":[{\"@type\":\"ReadAction\",\"target\":[\"https:\\\/\\\/tinychat.com\\\/holla\\\/\"]}]},{\"@type\":\"BreadcrumbList\",\"@id\":\"https:\\\/\\\/tinychat.com\\\/holla\\\/#breadcrumb\",\"itemListElement\":[{\"@type\":\"ListItem\",\"position\":1,\"name\":\"Home\",\"item\":\"https:\\\/\\\/tinychat.com\\\/\"},{\"@type\":\"ListItem\",\"position\":2,\"name\":\"Holla\"}]},{\"@type\":\"WebSite\",\"@id\":\"https:\\\/\\\/tinychat.com\\\/#website\",\"url\":\"https:\\\/\\\/tinychat.com\\\/\",\"name\":\"TinyChat\",\"description\":\"Random Video Chat with Strangers\",\"publisher\":{\"@id\":\"https:\\\/\\\/tinychat.com\\\/#organization\"},\"alternateName\":\"TinyChat.com\",\"potentialAction\":[{\"@type\":\"SearchAction\",\"target\":{\"@type\":\"EntryPoint\",\"urlTemplate\":\"https:\\\/\\\/tinychat.com\\\/?s={search_term_string}\"},\"query-input\":{\"@type\":\"PropertyValueSpecification\",\"valueRequired\":true,\"valueName\":\"search_term_string\"}}],\"inLanguage\":\"de\"},{\"@type\":\"Organization\",\"@id\":\"https:\\\/\\\/tinychat.com\\\/#organization\",\"name\":\"TinyChat\",\"alternateName\":\"TinyChat.com\",\"url\":\"https:\\\/\\\/tinychat.com\\\/\",\"logo\":{\"@type\":\"ImageObject\",\"inLanguage\":\"de\",\"@id\":\"https:\\\/\\\/tinychat.com\\\/#\\\/schema\\\/logo\\\/image\\\/\",\"url\":\"https:\\\/\\\/tinychat.com\\\/wp-content\\\/uploads\\\/2023\\\/11\\\/Tinychat-icon-square.png\",\"contentUrl\":\"https:\\\/\\\/tinychat.com\\\/wp-content\\\/uploads\\\/2023\\\/11\\\/Tinychat-icon-square.png\",\"width\":284,\"height\":284,\"caption\":\"TinyChat\"},\"image\":{\"@id\":\"https:\\\/\\\/tinychat.com\\\/#\\\/schema\\\/logo\\\/image\\\/\"},\"sameAs\":[\"https:\\\/\\\/www.facebook.com\\\/tinychat\",\"https:\\\/\\\/x.com\\\/tinychat\"]}]}<\/script>\n<!-- \/ Yoast SEO plugin. -->","yoast_head_json":{"title":"Holla - Bester Zufalls-Videochat - TinyChat.com","description":"Gef\u00e4llt Ihnen Holla? Schlie\u00dfen Sie sich \u00fcber 50.000.000 Fremden auf TinyChat an! Schalten Sie Ihre Kamera ein und lernen Sie neue Leute kennen, oder finden Sie einen Partner.","robots":{"index":"index","follow":"follow","max-snippet":"max-snippet:-1","max-image-preview":"max-image-preview:large","max-video-preview":"max-video-preview:-1"},"canonical":"https:\/\/tinychat.com\/de\/holla\/","og_locale":"de_DE","og_type":"article","og_title":"Holla - Best Random Video Chat - TinyChat.com","og_description":"Enjoying Holla? Join over 50,000,000 strangers on TinyChat! Turn on your cam and start meeting new people, or find a match.","og_url":"https:\/\/tinychat.com\/de\/holla\/","og_site_name":"TinyChat","article_publisher":"https:\/\/www.facebook.com\/tinychat","article_modified_time":"2025-07-07T16:46:40+00:00","og_image":[{"width":1280,"height":284,"url":"https:\/\/tinychat.com\/wp-content\/uploads\/2020\/04\/Tinychat-logo-1280x284-new-black.png","type":"image\/png"}],"twitter_card":"summary_large_image","twitter_site":"@tinychat","twitter_misc":{"Gesch\u00e4tzte Lesezeit":"7\u00a0Minuten"},"schema":{"@context":"https:\/\/schema.org","@graph":[{"@type":"WebPage","@id":"https:\/\/tinychat.com\/holla\/","url":"https:\/\/tinychat.com\/holla\/","name":"Holla - Bester Zufalls-Videochat - TinyChat.com","isPartOf":{"@id":"https:\/\/tinychat.com\/#website"},"datePublished":"2025-07-07T15:56:49+00:00","dateModified":"2025-07-07T16:46:40+00:00","description":"Gef\u00e4llt Ihnen Holla? Schlie\u00dfen Sie sich \u00fcber 50.000.000 Fremden auf TinyChat an! Schalten Sie Ihre Kamera ein und lernen Sie neue Leute kennen, oder finden Sie einen Partner.","breadcrumb":{"@id":"https:\/\/tinychat.com\/holla\/#breadcrumb"},"inLanguage":"de","potentialAction":[{"@type":"ReadAction","target":["https:\/\/tinychat.com\/holla\/"]}]},{"@type":"BreadcrumbList","@id":"https:\/\/tinychat.com\/holla\/#breadcrumb","itemListElement":[{"@type":"ListItem","position":1,"name":"Home","item":"https:\/\/tinychat.com\/"},{"@type":"ListItem","position":2,"name":"Holla"}]},{"@type":"WebSite","@id":"https:\/\/tinychat.com\/#website","url":"https:\/\/tinychat.com\/","name":"TinyChat","description":"Zuf\u00e4lliger Video-Chat mit Fremden","publisher":{"@id":"https:\/\/tinychat.com\/#organization"},"alternateName":"TinyChat.com","potentialAction":[{"@type":"SearchAction","target":{"@type":"EntryPoint","urlTemplate":"https:\/\/tinychat.com\/?s={search_term_string}"},"query-input":{"@type":"PropertyValueSpecification","valueRequired":true,"valueName":"search_term_string"}}],"inLanguage":"de"},{"@type":"Organization","@id":"https:\/\/tinychat.com\/#organization","name":"TinyChat","alternateName":"TinyChat.com","url":"https:\/\/tinychat.com\/","logo":{"@type":"ImageObject","inLanguage":"de","@id":"https:\/\/tinychat.com\/#\/schema\/logo\/image\/","url":"https:\/\/tinychat.com\/wp-content\/uploads\/2023\/11\/Tinychat-icon-square.png","contentUrl":"https:\/\/tinychat.com\/wp-content\/uploads\/2023\/11\/Tinychat-icon-square.png","width":284,"height":284,"caption":"TinyChat"},"image":{"@id":"https:\/\/tinychat.com\/#\/schema\/logo\/image\/"},"sameAs":["https:\/\/www.facebook.com\/tinychat","https:\/\/x.com\/tinychat"]}]}},"_links":{"self":[{"href":"https:\/\/tinychat.com\/de\/wp-json\/wp\/v2\/pages\/1311","targetHints":{"allow":["GET"]}}],"collection":[{"href":"https:\/\/tinychat.com\/de\/wp-json\/wp\/v2\/pages"}],"about":[{"href":"https:\/\/tinychat.com\/de\/wp-json\/wp\/v2\/types\/page"}],"author":[{"embeddable":true,"href":"https:\/\/tinychat.com\/de\/wp-json\/wp\/v2\/users\/6"}],"replies":[{"embeddable":true,"href":"https:\/\/tinychat.com\/de\/wp-json\/wp\/v2\/comments?post=1311"}],"version-history":[{"count":3,"href":"https:\/\/tinychat.com\/de\/wp-json\/wp\/v2\/pages\/1311\/revisions"}],"predecessor-version":[{"id":13321,"href":"https:\/\/tinychat.com\/de\/wp-json\/wp\/v2\/pages\/1311\/revisions\/13321"}],"wp:attachment":[{"href":"https:\/\/tinychat.com\/de\/wp-json\/wp\/v2\/media?parent=1311"}],"curies":[{"name":"wp","href":"https:\/\/api.w.org\/{rel}","templated":true}]}}