{"id":1319,"date":"2025-08-11T08:58:22","date_gmt":"2025-08-11T06:58:22","guid":{"rendered":"https:\/\/tinychat.com\/?page_id=1319"},"modified":"2025-08-11T09:23:00","modified_gmt":"2025-08-11T07:23:00","slug":"camloo","status":"publish","type":"page","link":"https:\/\/tinychat.com\/de\/camloo\/","title":{"rendered":"Camloo"},"content":{"rendered":"<p>In einer Zeit, in der sich die meisten sozialen Medien vorhersehbar und algorithmusgesteuert anf\u00fchlen, hebt sich Camloo ab, indem es die pure Spontaneit\u00e4t von Online-Interaktionen wiederbelebt. Als moderne Zufalls-Videochat-Plattform bringt Camloo Fremde aus der ganzen Welt f\u00fcr sofortige Gespr\u00e4che von Angesicht zu Angesicht zusammen - kein endloses Scrollen, keine kuratierten Feeds, nur echte Menschen, die sich in Echtzeit treffen.<\/p>\n<p>Mit schnellem Abgleich, HD-Videoqualit\u00e4t und einer einfach zu bedienenden Benutzeroberfl\u00e4che erm\u00f6glicht das Camloo ansprechende Chats in Sekundenschnelle, egal ob Sie neue Freunde finden, flirten, eine Fremdsprache \u00fcben oder sich einfach nur die Zeit mit interessanten Fremden vertreiben m\u00f6chten.<\/p>\n<p>In dieser umfassenden Bewertung erfahren Sie alles, was Sie \u00fcber Camloo wissen m\u00fcssen, einschlie\u00dflich seiner Funktionen, Sicherheitsma\u00dfnahmen und wie es im Vergleich zu anderen beliebten Videochat-Diensten abschneidet.<\/p>\n<h2>Was ist Camloo?<\/h2>\n<p>Camloo ist eine zuf\u00e4llige Videochat-Website und -App, die darauf ausgelegt ist, Menschen auf der ganzen Welt sofort miteinander zu verbinden. Wie bei Omegle, Chatroulette und ChatHub liegt der Schwerpunkt auf Live-Video-Interaktion, jedoch mit einer \u00fcbersichtlicheren Benutzeroberfl\u00e4che, besserer Streaming-Stabilit\u00e4t und datenschutzfreundlichen Tools.<\/p>\n<p>Die Plattform macht das Einrichten von Konten oder das Navigieren durch komplexe Men\u00fcs \u00fcberfl\u00fcssig - Sie k\u00f6nnen innerhalb von Sekunden nach dem Besuch der Website oder dem \u00d6ffnen der App in eine Unterhaltung einsteigen. Diese Einfachheit ist ein gro\u00dfer Anreiz f\u00fcr Gelegenheitsnutzer und regelm\u00e4\u00dfige Chatter gleicherma\u00dfen.<\/p>\n<h2>Hauptmerkmale von Camloo<\/h2>\n<p>Camloo ist mehr als nur ein einfaches Chat-Portal - es enth\u00e4lt durchdachte Funktionen, die Unterhaltungen angenehmer und sicherer machen.<\/p>\n<h3>1. Sofortiger Abgleich<\/h3>\n<ul>\n<li>Mit einem Klick oder einer Ber\u00fchrung k\u00f6nnen Sie eine Verbindung zu einer fremden Person herstellen.<\/li>\n<li>Kein langwieriger Anmeldeprozess f\u00fcr die grundlegende Nutzung erforderlich.<\/li>\n<li>Schnelle Verbindungsgeschwindigkeiten mit minimaler Wartezeit.<\/li>\n<\/ul>\n<h3>2. Filter f\u00fcr Ort und Geschlecht<\/h3>\n<ul>\n<li>W\u00e4hlen Sie, ob Sie sich mit Personen aus einem bestimmten Land oder einer bestimmten Region treffen m\u00f6chten.<\/li>\n<li>Filtern Sie nach Geschlecht, um Ihr Erlebnis zu personalisieren.<\/li>\n<li>Die Filter k\u00f6nnen je nach Stimmung ein- oder ausgeschaltet werden.<\/li>\n<\/ul>\n<h3>3. Text-Chat-Option<\/h3>\n<ul>\n<li>Integrierte Textnachrichten neben Video.<\/li>\n<li>Ideal f\u00fcr den Austausch von Links, Witzen oder schnellen \u00dcbersetzungen.<\/li>\n<\/ul>\n<h3>4. Freundschafts- und Wiederverbindungsfunktion<\/h3>\n<ul>\n<li>F\u00fcgen Sie interessante Personen zu Ihrer Freundesliste hinzu.<\/li>\n<li>Stellen Sie die Verbindung zu einem sp\u00e4teren Zeitpunkt wieder her, ohne sich ausschlie\u00dflich auf Zufallstreffer zu verlassen.<\/li>\n<\/ul>\n<h3>5. Lustige visuelle Effekte<\/h3>\n<ul>\n<li>Verwenden Sie Filter und Sticker, um Ihre Videopr\u00e4senz zu verbessern.<\/li>\n<li>Ideal, um das Eis zu brechen und Gespr\u00e4che spielerischer zu gestalten.<\/li>\n<\/ul>\n<h3>6. Tools f\u00fcr Datenschutz und Sicherheit<\/h3>\n<ul>\n<li>Im Vorschaumodus \"Unscharf\" k\u00f6nnen Sie eine Silhouette sehen, bevor Sie den Feed anzeigen.<\/li>\n<li>Leicht zug\u00e4ngliche Schaltfl\u00e4chen f\u00fcr Berichte und Sperren.<\/li>\n<li>Aktive Moderation zur Entfernung unangemessener Inhalte.<\/li>\n<\/ul>\n<h3>7. Plattform\u00fcbergreifender Zugang<\/h3>\n<ul>\n<li>Funktioniert sowohl auf Desktop-Browsern als auch auf mobilen Ger\u00e4ten.<\/li>\n<li>Responsives Layout f\u00fcr reibungslose Navigation auf jeder Bildschirmgr\u00f6\u00dfe.<\/li>\n<\/ul>\n<h2>So verwenden Sie Camloo<\/h2>\n<p>Das Camloo ist auf maximale Benutzerfreundlichkeit ausgelegt.<\/p>\n<h3>Schritt 1: Besuchen Sie die Website oder laden Sie die App herunter<\/h3>\n<ul>\n<li>Desktop-Benutzer k\u00f6nnen die offizielle Camloo-Website besuchen.<\/li>\n<li>Mobile Nutzer k\u00f6nnen die Browserversion oder die spezielle App verwenden.<\/li>\n<\/ul>\n<h3>Schritt 2: Passen Sie Ihre Einstellungen an<\/h3>\n<ul>\n<li>W\u00e4hlen Sie Ihr bevorzugtes Land aus oder lassen Sie die Option f\u00fcr eine weltweite Suche offen.<\/li>\n<li>W\u00e4hlen Sie, falls gew\u00fcnscht, einen Geschlechtsfilter.<\/li>\n<li>Aktivieren oder deaktivieren Sie den Weichzeichnermodus.<\/li>\n<\/ul>\n<h3>Schritt 3: Chatten beginnen<\/h3>\n<ul>\n<li>Klicken Sie auf \"Start\" und Sie sind in Sekundenschnelle verbunden.<\/li>\n<li>Wischen Sie oder klicken Sie auf Weiter, um zu \u00fcberspringen und jemand Neues kennenzulernen.<\/li>\n<\/ul>\n<h3>Schritt 4: Freunde hinzuf\u00fcgen &amp; Weiter<\/h3>\n<ul>\n<li>Speichern Sie Kontakte f\u00fcr zuk\u00fcnftige Unterhaltungen.<\/li>\n<li>Verwenden Sie die Chat-Seitenleiste, um w\u00e4hrend eines Videos Nachrichten zu senden.<\/li>\n<\/ul>\n<h2>Benutzererfahrung mit Camloo<\/h2>\n<p>Das unkomplizierte Design und die stabile Leistung des Camloo haben es zu einem Favoriten unter den Nutzern gemacht, die eine problemlose Interaktion w\u00fcnschen.<\/p>\n<h3>Was Benutzer lieben<\/h3>\n<ul>\n<li>Schnelle Inbetriebnahme - Chatten in Sekunden.<\/li>\n<li>Stabile Videoqualit\u00e4t auch bei durchschnittlichen Internetgeschwindigkeiten.<\/li>\n<li>Filter, um relevante Treffer zu finden.<\/li>\n<li>Unsch\u00e4rfe-Vorschau f\u00fcr sichere erste Eindr\u00fccke.<\/li>\n<li>Freundliche Benutzeroberfl\u00e4che, die sowohl auf dem Handy als auch auf dem Desktop gut funktioniert.<\/li>\n<li>Kein Druck - Sie k\u00f6nnen jederzeit ohne Unannehmlichkeiten aussteigen.<\/li>\n<\/ul>\n<h3>Wo die Nutzer Raum f\u00fcr Verbesserungen sehen<\/h3>\n<ul>\n<li>Begrenzte erweiterte Funktionen im Vergleich zu einigen Wettbewerbern.<\/li>\n<li>Weniger In-App-Effekte als bei Social-First-Plattformen wie Azar.<\/li>\n<li>Geringere Nutzerbasis in den Nebenverkehrszeiten in bestimmten Regionen.<\/li>\n<li>F\u00fcr eine maximale Filterung sind m\u00f6glicherweise Premium-Leistungen erforderlich.<\/li>\n<\/ul>\n<h2>Camloo im Vergleich zu anderen Video-Chat-Plattformen<\/h2>\n<table>\n<thead>\n<tr>\n<th>Merkmal<\/th>\n<th>Camloo<\/th>\n<th>OmegleWeb<\/th>\n<th>ChatHub<\/th>\n<th>Camzey<\/th>\n<th>LuckyCrush<\/th>\n<th>Azar<\/th>\n<\/tr>\n<\/thead>\n<tbody>\n<tr>\n<td>Random Video Chat mit Fremden<\/td>\n<td>\u2705 Ja<\/td>\n<td>\u2705 Ja<\/td>\n<td>\u2705 Ja<\/td>\n<td>\u2705 Ja<\/td>\n<td>\u2705 Ja<\/td>\n<td>\u2705 Ja<\/td>\n<\/tr>\n<tr>\n<td>Geschlecht\/Ort-Filter<\/td>\n<td>\u2705 Ja<\/td>\n<td>\u26a0\ufe0f Begrenzt<\/td>\n<td>\u2705 Ja<\/td>\n<td>\u2705 Ja<\/td>\n<td>\u2705 Ja<\/td>\n<td>\u2705 Ja<\/td>\n<\/tr>\n<tr>\n<td>Unsch\u00e4rfe-Vorschau-Modus<\/td>\n<td>\u2705 Ja<\/td>\n<td>\u274c Nein<\/td>\n<td>\u2705 Ja<\/td>\n<td>\u2705 Ja<\/td>\n<td>\u274c Nein<\/td>\n<td>\u2705 Ja<\/td>\n<\/tr>\n<tr>\n<td>Spa\u00df-Filter\/Effekte<\/td>\n<td>\u2705 Ja<\/td>\n<td>\u274c Nein<\/td>\n<td>\u2705 Ja<\/td>\n<td>\u2705 Ja<\/td>\n<td>\u274c Nein<\/td>\n<td>\u2705 Ja<\/td>\n<\/tr>\n<tr>\n<td>Freundschaftssystem<\/td>\n<td>\u2705 Ja<\/td>\n<td>\u274c Nein<\/td>\n<td>\u2705 Ja<\/td>\n<td>\u2705 Ja<\/td>\n<td>\u2705 Ja<\/td>\n<td>\u2705 Ja<\/td>\n<\/tr>\n<tr>\n<td>\u00dcbersetzung<\/td>\n<td>\u274c Nein<\/td>\n<td>\u274c Nein<\/td>\n<td>\u274c Nein<\/td>\n<td>\u274c Nein<\/td>\n<td>\u274c Nein<\/td>\n<td>\u2705 Ja<\/td>\n<\/tr>\n<tr>\n<td>Plattform\u00fcbergreifend<\/td>\n<td>\u2705 Ja<\/td>\n<td>\u2705 Ja<\/td>\n<td>\u2705 Ja<\/td>\n<td>\u2705 Ja<\/td>\n<td>\u2705 Ja<\/td>\n<td>\u2705 Ja<\/td>\n<\/tr>\n<\/tbody>\n<\/table>\n<p>Fazit: Die Ausgewogenheit von Benutzerfreundlichkeit, Datenschutz-Tools und plattform\u00fcbergreifender Kompatibilit\u00e4t macht das Camloo ideal f\u00fcr Benutzer, die schnelle, saubere und angenehme Videochats ohne unn\u00f6tige Komplikationen w\u00fcnschen.<\/p>\n<h2>Ist Camloo sicher?<\/h2>\n<p>Ja-Camloo enth\u00e4lt mehrere Sicherheitsma\u00dfnahmen zum Schutz der Benutzer:<\/p>\n<ul>\n<li>KI-Moderation in Echtzeit und menschliche \u00dcberpr\u00fcfung.<\/li>\n<li>Verwischen Sie die Vorschau, um zu kontrollieren, was angezeigt wird.<\/li>\n<li>Anonymes Chatten ohne pers\u00f6nliche Daten.<\/li>\n<li>Blockier-\/Meldefunktionen zur schnellen Bearbeitung von Verst\u00f6\u00dfen.<\/li>\n<\/ul>\n<h3>Sicherheitstipps<\/h3>\n<ul>\n<li>Geben Sie keine pers\u00f6nlichen Informationen weiter.<\/li>\n<li>Setzen Sie die Filter f\u00fcr Geschlecht und Ort sinnvoll ein.<\/li>\n<li>Beenden Sie Gespr\u00e4che, bei denen Sie sich unwohl f\u00fchlen.<\/li>\n<li>Eltern sollten die Nutzung durch Jugendliche \u00fcberwachen.<\/li>\n<\/ul>\n<h2>Tipps zur optimalen Nutzung von Camloo<\/h2>\n<ul>\n<li>Erforschen Sie globale Modi, um Ihr kulturelles Wissen zu erweitern.<\/li>\n<li>Verwenden Sie Filter, wenn Sie gezieltere Konversationen w\u00fcnschen.<\/li>\n<li>Loggen Sie sich w\u00e4hrend der Sto\u00dfzeiten ein, um mehr Spiele zu erhalten.<\/li>\n<li>Versuchen Sie Effekte, um Chats unterhaltsamer zu gestalten.<\/li>\n<li>Achten Sie auf einen guten Kamerawinkel und eine gute Beleuchtung, um freundlich und ansprechbar zu wirken.<\/li>\n<li>Melden Sie b\u00f6sartige Akteure, damit die Plattform sicher bleibt.<\/li>\n<\/ul>\n<h2>H\u00e4ufige Camloo-Probleme und -Reparaturen<\/h2>\n<h3>Kann nicht auf Kamera oder Mikrofon zugreifen<\/h3>\n<p>Erlauben Sie Berechtigungen in den Einstellungen Ihres Browsers oder Ihrer Anwendung.<\/p>\n<h3>Niedrige Videoqualit\u00e4t<\/h3>\n<p>Wechseln Sie zu einer st\u00e4rkeren Internetverbindung.<\/p>\n<h3>Filter funktionieren nicht<\/h3>\n<p>Melden Sie sich an und pr\u00fcfen Sie, ob sie einen Premium-Zugang ben\u00f6tigen.<\/p>\n<h3>Begegnung mit unangemessenen Benutzern<\/h3>\n<p>Blockieren\/Melden und sofort weitermachen.<\/p>\n<p>Wenn Sie eine einfache, moderne Zufalls-Videochat-Plattform suchen, mit der Sie schnell ins Gespr\u00e4ch kommen, ist Camloo einen Versuch wert. Es ist sauber, schnell und hat gerade genug Funktionen, um Interaktionen sicher und angenehm zu machen - ohne Sie mit Optionen zu \u00fcberfordern.<\/p>\n<p>Auch wenn es keine auff\u00e4lligen Extras wie \u00dcbersetzung oder riesige soziale Feeds hat, zeichnet sich Camloo durch eine direkte, ungefilterte menschliche Verbindung aus. F\u00fcr viele ist das genau das, was ein zuf\u00e4lliger Videochat sein sollte.<\/p>\n<p>Sind Sie bereit, es auszuprobieren? Besuchen Sie Camloo oder laden Sie die App herunter, dr\u00fccken Sie auf Start, und sehen Sie, wer auf der anderen Seite wartet.<\/p>","protected":false},"excerpt":{"rendered":"<p>In an era where most social media feels predictable and algorithm-driven, Camloo stands out by reviving the pure spontaneity of online interactions. As a modern random video chat platform, Camloo brings together strangers from around the world for instant, face-to-face conversations\u2014no endless scrolling, no curated feeds, just real people meeting in real time. With fast [&hellip;]<\/p>\n","protected":false},"author":6,"featured_media":0,"parent":0,"menu_order":0,"comment_status":"closed","ping_status":"closed","template":"","meta":{"footnotes":""},"class_list":["post-1319","page","type-page","status-publish","hentry"],"yoast_head":"<!-- This site is optimized with the Yoast SEO plugin v27.5 - https:\/\/yoast.com\/product\/yoast-seo-wordpress\/ -->\n<title>Camloo - Alternative to OmeTV &amp; Monkey App - TinyChat.com<\/title>\n<meta name=\"description\" content=\"Enjoying Camloo? Join over 50,000,000 strangers on TinyChat! Turn on your cam and start meeting new people, or find a match.\" \/>\n<meta name=\"robots\" content=\"index, follow, max-snippet:-1, max-image-preview:large, max-video-preview:-1\" \/>\n<link rel=\"canonical\" href=\"https:\/\/tinychat.com\/de\/camloo\/\" \/>\n<meta property=\"og:locale\" content=\"de_DE\" \/>\n<meta property=\"og:type\" content=\"article\" \/>\n<meta property=\"og:title\" content=\"Camloo - Alternative to OmeTV &amp; Monkey App - TinyChat.com\" \/>\n<meta property=\"og:description\" content=\"Enjoying Camloo? Join over 50,000,000 strangers on TinyChat! Turn on your cam and start meeting new people, or find a match.\" \/>\n<meta property=\"og:url\" content=\"https:\/\/tinychat.com\/de\/camloo\/\" \/>\n<meta property=\"og:site_name\" content=\"TinyChat\" \/>\n<meta property=\"article:publisher\" content=\"https:\/\/www.facebook.com\/tinychat\" \/>\n<meta property=\"article:modified_time\" content=\"2025-08-11T07:23:00+00:00\" \/>\n<meta property=\"og:image\" content=\"https:\/\/tinychat.com\/wp-content\/uploads\/2020\/04\/Tinychat-logo-1280x284-new-black.png\" \/>\n\t<meta property=\"og:image:width\" content=\"1280\" \/>\n\t<meta property=\"og:image:height\" content=\"284\" \/>\n\t<meta property=\"og:image:type\" content=\"image\/png\" \/>\n<meta name=\"twitter:card\" content=\"summary_large_image\" \/>\n<meta name=\"twitter:site\" content=\"@tinychat\" \/>\n<meta name=\"twitter:label1\" content=\"Gesch\u00e4tzte Lesezeit\" \/>\n\t<meta name=\"twitter:data1\" content=\"5\u00a0Minuten\" \/>\n<script type=\"application\/ld+json\" class=\"yoast-schema-graph\">{\"@context\":\"https:\\\/\\\/schema.org\",\"@graph\":[{\"@type\":\"WebPage\",\"@id\":\"https:\\\/\\\/tinychat.com\\\/camloo\\\/\",\"url\":\"https:\\\/\\\/tinychat.com\\\/camloo\\\/\",\"name\":\"Camloo - Alternative to OmeTV & Monkey App - TinyChat.com\",\"isPartOf\":{\"@id\":\"https:\\\/\\\/tinychat.com\\\/#website\"},\"datePublished\":\"2025-08-11T06:58:22+00:00\",\"dateModified\":\"2025-08-11T07:23:00+00:00\",\"description\":\"Enjoying Camloo? Join over 50,000,000 strangers on TinyChat! Turn on your cam and start meeting new people, or find a match.\",\"breadcrumb\":{\"@id\":\"https:\\\/\\\/tinychat.com\\\/camloo\\\/#breadcrumb\"},\"inLanguage\":\"de\",\"potentialAction\":[{\"@type\":\"ReadAction\",\"target\":[\"https:\\\/\\\/tinychat.com\\\/camloo\\\/\"]}]},{\"@type\":\"BreadcrumbList\",\"@id\":\"https:\\\/\\\/tinychat.com\\\/camloo\\\/#breadcrumb\",\"itemListElement\":[{\"@type\":\"ListItem\",\"position\":1,\"name\":\"Home\",\"item\":\"https:\\\/\\\/tinychat.com\\\/\"},{\"@type\":\"ListItem\",\"position\":2,\"name\":\"Camloo\"}]},{\"@type\":\"WebSite\",\"@id\":\"https:\\\/\\\/tinychat.com\\\/#website\",\"url\":\"https:\\\/\\\/tinychat.com\\\/\",\"name\":\"TinyChat\",\"description\":\"Random Video Chat with Strangers\",\"publisher\":{\"@id\":\"https:\\\/\\\/tinychat.com\\\/#organization\"},\"alternateName\":\"TinyChat.com\",\"potentialAction\":[{\"@type\":\"SearchAction\",\"target\":{\"@type\":\"EntryPoint\",\"urlTemplate\":\"https:\\\/\\\/tinychat.com\\\/?s={search_term_string}\"},\"query-input\":{\"@type\":\"PropertyValueSpecification\",\"valueRequired\":true,\"valueName\":\"search_term_string\"}}],\"inLanguage\":\"de\"},{\"@type\":\"Organization\",\"@id\":\"https:\\\/\\\/tinychat.com\\\/#organization\",\"name\":\"TinyChat\",\"alternateName\":\"TinyChat.com\",\"url\":\"https:\\\/\\\/tinychat.com\\\/\",\"logo\":{\"@type\":\"ImageObject\",\"inLanguage\":\"de\",\"@id\":\"https:\\\/\\\/tinychat.com\\\/#\\\/schema\\\/logo\\\/image\\\/\",\"url\":\"https:\\\/\\\/tinychat.com\\\/wp-content\\\/uploads\\\/2023\\\/11\\\/Tinychat-icon-square.png\",\"contentUrl\":\"https:\\\/\\\/tinychat.com\\\/wp-content\\\/uploads\\\/2023\\\/11\\\/Tinychat-icon-square.png\",\"width\":284,\"height\":284,\"caption\":\"TinyChat\"},\"image\":{\"@id\":\"https:\\\/\\\/tinychat.com\\\/#\\\/schema\\\/logo\\\/image\\\/\"},\"sameAs\":[\"https:\\\/\\\/www.facebook.com\\\/tinychat\",\"https:\\\/\\\/x.com\\\/tinychat\"]}]}<\/script>\n<!-- \/ Yoast SEO plugin. -->","yoast_head_json":{"title":"Camloo - Alternative zu OmeTV &amp; Monkey App - TinyChat.com","description":"Gef\u00e4llt Ihnen Camloo? Schlie\u00dfen Sie sich \u00fcber 50.000.000 Fremden auf TinyChat an! Schalte deine Kamera ein und fange an, neue Leute zu treffen, oder finde einen Partner.","robots":{"index":"index","follow":"follow","max-snippet":"max-snippet:-1","max-image-preview":"max-image-preview:large","max-video-preview":"max-video-preview:-1"},"canonical":"https:\/\/tinychat.com\/de\/camloo\/","og_locale":"de_DE","og_type":"article","og_title":"Camloo - Alternative to OmeTV & Monkey App - TinyChat.com","og_description":"Enjoying Camloo? Join over 50,000,000 strangers on TinyChat! Turn on your cam and start meeting new people, or find a match.","og_url":"https:\/\/tinychat.com\/de\/camloo\/","og_site_name":"TinyChat","article_publisher":"https:\/\/www.facebook.com\/tinychat","article_modified_time":"2025-08-11T07:23:00+00:00","og_image":[{"width":1280,"height":284,"url":"https:\/\/tinychat.com\/wp-content\/uploads\/2020\/04\/Tinychat-logo-1280x284-new-black.png","type":"image\/png"}],"twitter_card":"summary_large_image","twitter_site":"@tinychat","twitter_misc":{"Gesch\u00e4tzte Lesezeit":"5\u00a0Minuten"},"schema":{"@context":"https:\/\/schema.org","@graph":[{"@type":"WebPage","@id":"https:\/\/tinychat.com\/camloo\/","url":"https:\/\/tinychat.com\/camloo\/","name":"Camloo - Alternative zu OmeTV &amp; Monkey App - TinyChat.com","isPartOf":{"@id":"https:\/\/tinychat.com\/#website"},"datePublished":"2025-08-11T06:58:22+00:00","dateModified":"2025-08-11T07:23:00+00:00","description":"Gef\u00e4llt Ihnen Camloo? Schlie\u00dfen Sie sich \u00fcber 50.000.000 Fremden auf TinyChat an! Schalte deine Kamera ein und fange an, neue Leute zu treffen, oder finde einen Partner.","breadcrumb":{"@id":"https:\/\/tinychat.com\/camloo\/#breadcrumb"},"inLanguage":"de","potentialAction":[{"@type":"ReadAction","target":["https:\/\/tinychat.com\/camloo\/"]}]},{"@type":"BreadcrumbList","@id":"https:\/\/tinychat.com\/camloo\/#breadcrumb","itemListElement":[{"@type":"ListItem","position":1,"name":"Home","item":"https:\/\/tinychat.com\/"},{"@type":"ListItem","position":2,"name":"Camloo"}]},{"@type":"WebSite","@id":"https:\/\/tinychat.com\/#website","url":"https:\/\/tinychat.com\/","name":"TinyChat","description":"Zuf\u00e4lliger Video-Chat mit Fremden","publisher":{"@id":"https:\/\/tinychat.com\/#organization"},"alternateName":"TinyChat.com","potentialAction":[{"@type":"SearchAction","target":{"@type":"EntryPoint","urlTemplate":"https:\/\/tinychat.com\/?s={search_term_string}"},"query-input":{"@type":"PropertyValueSpecification","valueRequired":true,"valueName":"search_term_string"}}],"inLanguage":"de"},{"@type":"Organization","@id":"https:\/\/tinychat.com\/#organization","name":"TinyChat","alternateName":"TinyChat.com","url":"https:\/\/tinychat.com\/","logo":{"@type":"ImageObject","inLanguage":"de","@id":"https:\/\/tinychat.com\/#\/schema\/logo\/image\/","url":"https:\/\/tinychat.com\/wp-content\/uploads\/2023\/11\/Tinychat-icon-square.png","contentUrl":"https:\/\/tinychat.com\/wp-content\/uploads\/2023\/11\/Tinychat-icon-square.png","width":284,"height":284,"caption":"TinyChat"},"image":{"@id":"https:\/\/tinychat.com\/#\/schema\/logo\/image\/"},"sameAs":["https:\/\/www.facebook.com\/tinychat","https:\/\/x.com\/tinychat"]}]}},"_links":{"self":[{"href":"https:\/\/tinychat.com\/de\/wp-json\/wp\/v2\/pages\/1319","targetHints":{"allow":["GET"]}}],"collection":[{"href":"https:\/\/tinychat.com\/de\/wp-json\/wp\/v2\/pages"}],"about":[{"href":"https:\/\/tinychat.com\/de\/wp-json\/wp\/v2\/types\/page"}],"author":[{"embeddable":true,"href":"https:\/\/tinychat.com\/de\/wp-json\/wp\/v2\/users\/6"}],"replies":[{"embeddable":true,"href":"https:\/\/tinychat.com\/de\/wp-json\/wp\/v2\/comments?post=1319"}],"version-history":[{"count":4,"href":"https:\/\/tinychat.com\/de\/wp-json\/wp\/v2\/pages\/1319\/revisions"}],"predecessor-version":[{"id":13433,"href":"https:\/\/tinychat.com\/de\/wp-json\/wp\/v2\/pages\/1319\/revisions\/13433"}],"wp:attachment":[{"href":"https:\/\/tinychat.com\/de\/wp-json\/wp\/v2\/media?parent=1319"}],"curies":[{"name":"wp","href":"https:\/\/api.w.org\/{rel}","templated":true}]}}