{"id":13263,"date":"2025-06-17T13:55:19","date_gmt":"2025-06-17T11:55:19","guid":{"rendered":"https:\/\/tinychat.com\/?page_id=13263"},"modified":"2025-06-17T13:56:41","modified_gmt":"2025-06-17T11:56:41","slug":"free-online-video-calls","status":"publish","type":"page","link":"https:\/\/tinychat.com\/de\/free-online-video-calls\/","title":{"rendered":"Kostenlose Online-Videoanrufe"},"content":{"rendered":"<p>Es ist kein Geheimnis, dass kostenlose Online-Videoanrufe zu einer der beliebtesten M\u00f6glichkeiten geworden sind, um in Kontakt zu bleiben, neue Leute kennenzulernen und den Alltag ein wenig menschlicher zu gestalten. Ganz gleich, ob Sie sich mit Freunden auf der anderen Seite der Welt treffen, von zu Hause aus arbeiten oder einfach nur eine neue Verbindung herstellen wollen - die M\u00f6glichkeit, jemanden sofort zu sehen und zu h\u00f6ren (ohne einen Cent auszugeben), hat die Art und Weise, wie wir online interagieren, v\u00f6llig ver\u00e4ndert.<\/p>\n<p>Die Zeiten teurer Auslandsgespr\u00e4che oder langer Wartezeiten auf E-Mails sind l\u00e4ngst vorbei. Jetzt k\u00f6nnen Sie mit nur einem Smartphone oder Laptop jederzeit und \u00fcberall an einem pers\u00f6nlichen Chat teilnehmen.<\/p>\n<h2>Warum sind kostenlose Videoanrufe so beliebt?<\/h2>\n<p>Es gibt einen Grund, warum heutzutage fast jeder kostenlose Videoanrufe nutzt. Hier ist der Grund, warum sie sich durchgesetzt haben:<\/p>\n<ul>\n<li>Keine Kosten: Vergessen Sie teure Abonnements oder Guthabenaufladungen - die meisten gro\u00dfen Plattformen sind v\u00f6llig kostenlos.<\/li>\n<li>Sofortige Verbindung: Kein Warten auf SMS oder E-Mails. F\u00fchren Sie ein echtes Gespr\u00e4ch, live und in Echtzeit.<\/li>\n<li>Globale Reichweite: Rufen Sie Freunde, Familie oder neue Leute \u00fcberall auf der Welt an, ohne zus\u00e4tzliche Kosten.<\/li>\n<li>Flexible Nutzung: Von kurzen Gespr\u00e4chen bis hin zu ausf\u00fchrlichen Unterhaltungen - Videoanrufe passen zu jedem Zeitplan und jeder Stimmung.<\/li>\n<\/ul>\n<p>Egal, ob Sie mit Ihrer Familie chatten, mit Kollegen zusammenarbeiten oder spontan mit einem Fremden telefonieren - kostenlose Online-Videoanrufe f\u00fcgen sich nahtlos in Ihren Alltag ein.<\/p>\n<h2>Wie funktionieren kostenlose Online-Videogespr\u00e4che?<\/h2>\n<p>Der Einstieg ist auch f\u00fcr absolute Anf\u00e4nger leicht:<\/p>\n<ol>\n<li>W\u00e4hlen Sie eine Plattform f\u00fcr Videoanrufe (z. B. Zoom, Skype, WhatsApp, Google Meet oder eine spezielle Videochat-App).<\/li>\n<li>Erstellen Sie ein kostenloses Konto - oder manchmal ist gar kein Konto erforderlich.<\/li>\n<li>Erlauben Sie den Zugriff auf Ihre Kamera und Ihr Mikrofon.<\/li>\n<li>Senden Sie einen Link oder treten Sie einem Besprechungsraum bei, oder lassen Sie sich sofort verbinden, wenn Sie eine zuf\u00e4llige Chatseite verwenden.<\/li>\n<li>Genie\u00dfen Sie Gespr\u00e4che von Angesicht zu Angesicht, so lange Sie wollen.<\/li>\n<\/ol>\n<p>Das war's! Keine komplizierte Einrichtung, keine zus\u00e4tzlichen Ger\u00e4te erforderlich - nur Sie und die Leute, die Sie sehen m\u00f6chten.<\/p>\n<h2>Beliebte Plattformen f\u00fcr kostenlose Videoanrufe<\/h2>\n<p>Es gibt Hunderte von Optionen, jede mit ihren eigenen St\u00e4rken. Hier sind einige Favoriten f\u00fcr unterschiedliche Bed\u00fcrfnisse:<\/p>\n<ul>\n<li>Zoom: Bekannt f\u00fcr seine Zuverl\u00e4ssigkeit und Gruppenanrufe, perfekt f\u00fcr die Arbeit oder gro\u00dfe Familienzusammenk\u00fcnfte.<\/li>\n<li>Google Meet: Kostenlos, browserbasiert und mit Ihrem Google-Konto integriert.<\/li>\n<li>Skype: Ein Klassiker, der sich sowohl f\u00fcr Einzel- als auch f\u00fcr Gruppen-Videoanrufe eignet.<\/li>\n<li>WhatsApp\/Telegram: Ideal f\u00fcr schnelle, mobilfreundliche Anrufe mit Freunden und Familie.<\/li>\n<li>Messenger\/Instagram: Ideal f\u00fcr soziale Chats und gelegentliche Videoanrufe.<\/li>\n<li>Zufalls-Chat-Apps (wie Omegle, Chatroulette, Chatspin): F\u00fcr spontane Unterhaltungen mit neuen Leuten aus der ganzen Welt - keine Kontakte erforderlich.<\/li>\n<\/ul>\n<p>Wer etwas abenteuerlicheres sucht, kann auf Plattformen, die sich auf zuf\u00e4llige Videoverbindungen konzentrieren, neue Freunde finden oder sofort mit Fremden chatten.<\/p>\n<h2>Kostenlose Online-Videogespr\u00e4che im Vergleich zu anderen M\u00f6glichkeiten der Verbindung<\/h2>\n<table>\n<thead>\n<tr>\n<th>Merkmal<\/th>\n<th>Kostenlose Online-Videoanrufe<\/th>\n<th>Messaging-Apps<\/th>\n<th>Telefonanrufe<\/th>\n<th>Bezahlte Videoanrufe<\/th>\n<\/tr>\n<\/thead>\n<tbody>\n<tr>\n<td>Interaktion von Angesicht zu Angesicht<\/td>\n<td>\u2705<\/td>\n<td>\u274c<\/td>\n<td>\u274c<\/td>\n<td>\u2705<\/td>\n<\/tr>\n<tr>\n<td>Keine Kosten<\/td>\n<td>\u2705<\/td>\n<td>\u2705<\/td>\n<td>\u274c<\/td>\n<td>\u274c<\/td>\n<\/tr>\n<tr>\n<td>Globale Reichweite<\/td>\n<td>\u2705<\/td>\n<td>\u2705<\/td>\n<td>\u274c<\/td>\n<td>\u2705<\/td>\n<\/tr>\n<tr>\n<td>Unterst\u00fctzt Gruppen und Einzelpersonen<\/td>\n<td>\u2705<\/td>\n<td>\u2705<\/td>\n<td>\u2705<\/td>\n<td>\u2705<\/td>\n<\/tr>\n<tr>\n<td>Zuf\u00e4lliger Abgleich verf\u00fcgbar<\/td>\n<td>\u2705 (bei einigen Anwendungen)<\/td>\n<td>\u274c<\/td>\n<td>\u274c<\/td>\n<td>\u2705<\/td>\n<\/tr>\n<\/tbody>\n<\/table>\n<p>Unterm Strich: Wenn Sie Menschen \u00fcberall auf der Welt sehen, h\u00f6ren und wirklich mit ihnen in Kontakt treten m\u00f6chten, ohne sich Sorgen um Ihren Geldbeutel machen zu m\u00fcssen, sind kostenlose Videoanrufe die beste L\u00f6sung.<\/p>\n<h2>Wie man sicher bleibt und Spa\u00df hat<\/h2>\n<p>Die meisten kostenlosen Online-Videogespr\u00e4chsplattformen sind sicher, aber es ist immer gut, ein paar Dinge zu beachten:<\/p>\n<ul>\n<li>Geben Sie Anruflinks oder pers\u00f6nliche Daten nur an Personen weiter, denen Sie vertrauen.<\/li>\n<li>Nutzen Sie die Privatsph\u00e4re und Warter\u00e4ume, wenn Sie gr\u00f6\u00dfere Besprechungen abhalten.<\/li>\n<li>Verwenden Sie auf zuf\u00e4lligen Video-Chat-Seiten einen Spitznamen und geben Sie Ihre echten Daten nicht preis.<\/li>\n<li>Melden oder blockieren Sie jeden, der Ihnen Unbehagen bereitet.<\/li>\n<li>Vergewissern Sie sich, dass Ihre Internetverbindung sicher ist, damit die Anrufe reibungsloser und sicherer werden.<\/li>\n<\/ul>\n<p>Ein wenig Vorsicht kann viel bewirken, vor allem, wenn Sie zum ersten Mal mit neuen Leuten in Kontakt treten.<\/p>\n<h2>Warum Menschen gerne kostenlose Online-Videogespr\u00e4che f\u00fchren<\/h2>\n<p>Es geht nicht nur darum, Geld zu sparen (auch wenn das hilft!). Das ist der Grund, warum die Leute immer wieder zur\u00fcckkommen:<\/p>\n<ul>\n<li>Vertrautheit: Wenn man das Gesicht einer Person sieht - selbst auf einem Bildschirm - wirkt ein Gespr\u00e4ch echter.<\/li>\n<li>Flexibilit\u00e4t: Ein Kaffee-Chat vor der Arbeit, ein Gespr\u00e4ch am sp\u00e4ten Abend mit jemandem auf einem anderen Kontinent oder ein schneller Check-in \u00fcber das Telefon.<\/li>\n<li>Offenheit: Nehmen Sie an einem Gespr\u00e4ch mit Freunden, Familienmitgliedern, Arbeitskollegen oder v\u00f6llig Fremden teil, je nach Ihrer Stimmung.<\/li>\n<li>Entdeckung: Bei zuf\u00e4lligen Videoanrufplattformen wei\u00df man nie, wen man trifft oder was man erf\u00e4hrt.<\/li>\n<\/ul>\n<p>\"Ich habe angefangen, kostenlose Videoanrufe f\u00fcr die Arbeit zu nutzen, aber jetzt nutze ich sie f\u00fcr Spieleabende mit der Familie, Buchclubs und sogar um neue Freunde aus anderen L\u00e4ndern zu treffen. Es ist erstaunlich, was man alles machen kann - und das kostenlos.<\/p>\n<h2>Tipps f\u00fcr die optimale Nutzung kostenloser Videoanrufe<\/h2>\n<ul>\n<li>Stellen Sie sicher, dass Ihre Kamera und Ihr Mikrofon funktionieren, bevor Sie beginnen.<\/li>\n<li>Suchen Sie sich einen ruhigen, gut beleuchteten Ort f\u00fcr klarere Gespr\u00e4che.<\/li>\n<li>Benutzen Sie Kopfh\u00f6rer, um die Hintergrundger\u00e4usche zu reduzieren.<\/li>\n<li>Versuchen Sie es mit Gruppenanrufen, um mehr Spa\u00df zu haben, oder mit privaten Anrufen f\u00fcr tiefere Unterhaltungen.<\/li>\n<li>Wenn Sie auf einer Website f\u00fcr zuf\u00e4llige Videoanrufe sind, seien Sie freundlich, aufgeschlossen und bereit, das Gespr\u00e4ch zu beenden, wenn die Stimmung nicht stimmt.<\/li>\n<\/ul>\n<p>Durch Abwechslung - Anrufe zu unterschiedlichen Tageszeiten oder die Teilnahme an verschiedenen Plattformen - k\u00f6nnen die Dinge frisch und spannend bleiben.<\/p>\n<h2>Wann Sie kostenlose Online-Videogespr\u00e4che nutzen sollten<\/h2>\n<p>Die M\u00f6glichkeiten sind endlos:<\/p>\n<ul>\n<li>In Kontakt bleiben mit geliebten Menschen, unabh\u00e4ngig von der Entfernung<\/li>\n<li>Eine virtuelle Geburtstagsparty oder Happy Hour veranstalten<\/li>\n<li>Arbeiten von zu Hause aus - Teambesprechungen, Brainstormings oder Kundengespr\u00e4che<\/li>\n<li>Lernen mit Klassenkameraden oder Teilnahme an einem Sprachaustausch<\/li>\n<li>Neue Leute kennenlernen und den eigenen Bekanntenkreis erweitern<\/li>\n<li>Unterst\u00fctzung, Beratung oder einfach nur ein freundliches Gesicht, wenn Sie es brauchen<\/li>\n<\/ul>\n<p>Ob aus gesch\u00e4ftlichen Gr\u00fcnden, zum Vergn\u00fcgen oder aus reiner Neugier, es gibt immer einen guten Grund, einen kostenlosen Videoanruf zu t\u00e4tigen.<\/p>\n<p>Da die Internetgeschwindigkeiten immer schneller werden und die Plattformen jedes Jahr besser werden, werden kostenlose Online-Videogespr\u00e4che immer besser. Erwarten Sie noch klarere Videos, intelligentere Rauschunterdr\u00fcckung, lustige neue Funktionen wie Hintergr\u00fcnde und Effekte und mehr M\u00f6glichkeiten, von zu Hause aus echte Verbindungen herzustellen.<\/p>\n<p>Wenn Sie es noch nicht ausprobiert haben - oder es nur f\u00fcr die Arbeit nutzen -, warum sehen Sie nicht, was es sonst noch gibt? Eine ganze Welt wartet auf Sie, nur einen Klick entfernt.<\/p>\n<p>Sind Sie bereit, eine neue Art der Kontaktaufnahme auszuprobieren? Entdecken Sie noch heute die Welt der kostenlosen Online-Videogespr\u00e4che - ganz gleich, ob Sie sich an Freunde, Familienmitglieder oder v\u00f6llig Fremde wenden wollen. Sie werden \u00fcberrascht sein, wen Sie treffen und wie viel n\u00e4her Sie sich f\u00fchlen... und das alles, ohne einen Cent auszugeben.<\/p>","protected":false},"excerpt":{"rendered":"<p>It\u2019s no secret\u2014free online video calls have become one of the most popular ways to keep in touch, meet new people, and make daily life just a little bit more human. Whether you\u2019re catching up with friends across the world, working from home, or just want to make a new connection, the ability to see [&hellip;]<\/p>\n","protected":false},"author":8,"featured_media":0,"parent":0,"menu_order":0,"comment_status":"closed","ping_status":"closed","template":"","meta":{"footnotes":""},"class_list":["post-13263","page","type-page","status-publish","hentry"],"yoast_head":"<!-- This site is optimized with the Yoast SEO plugin v27.5 - https:\/\/yoast.com\/product\/yoast-seo-wordpress\/ -->\n<title>Free Online Video Calls with Video Chat on TinyChat.com<\/title>\n<meta name=\"description\" content=\"Enjoying Free Online Video Calls? Join over 50,000,000 strangers on TinyChat! Turn on your cam and start meeting new people, or find a match.\" \/>\n<meta name=\"robots\" content=\"index, follow, max-snippet:-1, max-image-preview:large, max-video-preview:-1\" \/>\n<link rel=\"canonical\" href=\"https:\/\/tinychat.com\/de\/free-online-video-calls\/\" \/>\n<meta property=\"og:locale\" content=\"de_DE\" \/>\n<meta property=\"og:type\" content=\"article\" \/>\n<meta property=\"og:title\" content=\"Free Online Video Calls with Video Chat on TinyChat.com\" \/>\n<meta property=\"og:description\" content=\"Enjoying Free Online Video Calls? Join over 50,000,000 strangers on TinyChat! Turn on your cam and start meeting new people, or find a match.\" \/>\n<meta property=\"og:url\" content=\"https:\/\/tinychat.com\/de\/free-online-video-calls\/\" \/>\n<meta property=\"og:site_name\" content=\"TinyChat\" \/>\n<meta property=\"article:publisher\" content=\"https:\/\/www.facebook.com\/tinychat\" \/>\n<meta property=\"article:modified_time\" content=\"2025-06-17T11:56:41+00:00\" \/>\n<meta property=\"og:image\" content=\"https:\/\/tinychat.com\/wp-content\/uploads\/2020\/04\/Tinychat-logo-1280x284-new-black.png\" \/>\n\t<meta property=\"og:image:width\" content=\"1280\" \/>\n\t<meta property=\"og:image:height\" content=\"284\" \/>\n\t<meta property=\"og:image:type\" content=\"image\/png\" \/>\n<meta name=\"twitter:card\" content=\"summary_large_image\" \/>\n<meta name=\"twitter:site\" content=\"@tinychat\" \/>\n<meta name=\"twitter:label1\" content=\"Gesch\u00e4tzte Lesezeit\" \/>\n\t<meta name=\"twitter:data1\" content=\"5\u00a0Minuten\" \/>\n<script type=\"application\/ld+json\" class=\"yoast-schema-graph\">{\"@context\":\"https:\\\/\\\/schema.org\",\"@graph\":[{\"@type\":\"WebPage\",\"@id\":\"https:\\\/\\\/tinychat.com\\\/free-online-video-calls\\\/\",\"url\":\"https:\\\/\\\/tinychat.com\\\/free-online-video-calls\\\/\",\"name\":\"Free Online Video Calls with Video Chat on TinyChat.com\",\"isPartOf\":{\"@id\":\"https:\\\/\\\/tinychat.com\\\/#website\"},\"datePublished\":\"2025-06-17T11:55:19+00:00\",\"dateModified\":\"2025-06-17T11:56:41+00:00\",\"description\":\"Enjoying Free Online Video Calls? Join over 50,000,000 strangers on TinyChat! Turn on your cam and start meeting new people, or find a match.\",\"breadcrumb\":{\"@id\":\"https:\\\/\\\/tinychat.com\\\/free-online-video-calls\\\/#breadcrumb\"},\"inLanguage\":\"de\",\"potentialAction\":[{\"@type\":\"ReadAction\",\"target\":[\"https:\\\/\\\/tinychat.com\\\/free-online-video-calls\\\/\"]}]},{\"@type\":\"BreadcrumbList\",\"@id\":\"https:\\\/\\\/tinychat.com\\\/free-online-video-calls\\\/#breadcrumb\",\"itemListElement\":[{\"@type\":\"ListItem\",\"position\":1,\"name\":\"Home\",\"item\":\"https:\\\/\\\/tinychat.com\\\/\"},{\"@type\":\"ListItem\",\"position\":2,\"name\":\"Free Online Video Calls\"}]},{\"@type\":\"WebSite\",\"@id\":\"https:\\\/\\\/tinychat.com\\\/#website\",\"url\":\"https:\\\/\\\/tinychat.com\\\/\",\"name\":\"TinyChat\",\"description\":\"Random Video Chat with Strangers\",\"publisher\":{\"@id\":\"https:\\\/\\\/tinychat.com\\\/#organization\"},\"alternateName\":\"TinyChat.com\",\"potentialAction\":[{\"@type\":\"SearchAction\",\"target\":{\"@type\":\"EntryPoint\",\"urlTemplate\":\"https:\\\/\\\/tinychat.com\\\/?s={search_term_string}\"},\"query-input\":{\"@type\":\"PropertyValueSpecification\",\"valueRequired\":true,\"valueName\":\"search_term_string\"}}],\"inLanguage\":\"de\"},{\"@type\":\"Organization\",\"@id\":\"https:\\\/\\\/tinychat.com\\\/#organization\",\"name\":\"TinyChat\",\"alternateName\":\"TinyChat.com\",\"url\":\"https:\\\/\\\/tinychat.com\\\/\",\"logo\":{\"@type\":\"ImageObject\",\"inLanguage\":\"de\",\"@id\":\"https:\\\/\\\/tinychat.com\\\/#\\\/schema\\\/logo\\\/image\\\/\",\"url\":\"https:\\\/\\\/tinychat.com\\\/wp-content\\\/uploads\\\/2023\\\/11\\\/Tinychat-icon-square.png\",\"contentUrl\":\"https:\\\/\\\/tinychat.com\\\/wp-content\\\/uploads\\\/2023\\\/11\\\/Tinychat-icon-square.png\",\"width\":284,\"height\":284,\"caption\":\"TinyChat\"},\"image\":{\"@id\":\"https:\\\/\\\/tinychat.com\\\/#\\\/schema\\\/logo\\\/image\\\/\"},\"sameAs\":[\"https:\\\/\\\/www.facebook.com\\\/tinychat\",\"https:\\\/\\\/x.com\\\/tinychat\"]}]}<\/script>\n<!-- \/ Yoast SEO plugin. -->","yoast_head_json":{"title":"Kostenlose Online-Videoanrufe mit Video-Chat auf TinyChat.com","description":"Genie\u00dfen Sie kostenlose Online-Videogespr\u00e4che? Schlie\u00dfen Sie sich \u00fcber 50.000.000 Fremden auf TinyChat an! Schalten Sie Ihre Kamera ein und lernen Sie neue Leute kennen, oder finden Sie einen Partner.","robots":{"index":"index","follow":"follow","max-snippet":"max-snippet:-1","max-image-preview":"max-image-preview:large","max-video-preview":"max-video-preview:-1"},"canonical":"https:\/\/tinychat.com\/de\/free-online-video-calls\/","og_locale":"de_DE","og_type":"article","og_title":"Free Online Video Calls with Video Chat on TinyChat.com","og_description":"Enjoying Free Online Video Calls? Join over 50,000,000 strangers on TinyChat! Turn on your cam and start meeting new people, or find a match.","og_url":"https:\/\/tinychat.com\/de\/free-online-video-calls\/","og_site_name":"TinyChat","article_publisher":"https:\/\/www.facebook.com\/tinychat","article_modified_time":"2025-06-17T11:56:41+00:00","og_image":[{"width":1280,"height":284,"url":"https:\/\/tinychat.com\/wp-content\/uploads\/2020\/04\/Tinychat-logo-1280x284-new-black.png","type":"image\/png"}],"twitter_card":"summary_large_image","twitter_site":"@tinychat","twitter_misc":{"Gesch\u00e4tzte Lesezeit":"5\u00a0Minuten"},"schema":{"@context":"https:\/\/schema.org","@graph":[{"@type":"WebPage","@id":"https:\/\/tinychat.com\/free-online-video-calls\/","url":"https:\/\/tinychat.com\/free-online-video-calls\/","name":"Kostenlose Online-Videoanrufe mit Video-Chat auf TinyChat.com","isPartOf":{"@id":"https:\/\/tinychat.com\/#website"},"datePublished":"2025-06-17T11:55:19+00:00","dateModified":"2025-06-17T11:56:41+00:00","description":"Genie\u00dfen Sie kostenlose Online-Videogespr\u00e4che? Schlie\u00dfen Sie sich \u00fcber 50.000.000 Fremden auf TinyChat an! Schalten Sie Ihre Kamera ein und lernen Sie neue Leute kennen, oder finden Sie einen Partner.","breadcrumb":{"@id":"https:\/\/tinychat.com\/free-online-video-calls\/#breadcrumb"},"inLanguage":"de","potentialAction":[{"@type":"ReadAction","target":["https:\/\/tinychat.com\/free-online-video-calls\/"]}]},{"@type":"BreadcrumbList","@id":"https:\/\/tinychat.com\/free-online-video-calls\/#breadcrumb","itemListElement":[{"@type":"ListItem","position":1,"name":"Home","item":"https:\/\/tinychat.com\/"},{"@type":"ListItem","position":2,"name":"Free Online Video Calls"}]},{"@type":"WebSite","@id":"https:\/\/tinychat.com\/#website","url":"https:\/\/tinychat.com\/","name":"TinyChat","description":"Zuf\u00e4lliger Video-Chat mit Fremden","publisher":{"@id":"https:\/\/tinychat.com\/#organization"},"alternateName":"TinyChat.com","potentialAction":[{"@type":"SearchAction","target":{"@type":"EntryPoint","urlTemplate":"https:\/\/tinychat.com\/?s={search_term_string}"},"query-input":{"@type":"PropertyValueSpecification","valueRequired":true,"valueName":"search_term_string"}}],"inLanguage":"de"},{"@type":"Organization","@id":"https:\/\/tinychat.com\/#organization","name":"TinyChat","alternateName":"TinyChat.com","url":"https:\/\/tinychat.com\/","logo":{"@type":"ImageObject","inLanguage":"de","@id":"https:\/\/tinychat.com\/#\/schema\/logo\/image\/","url":"https:\/\/tinychat.com\/wp-content\/uploads\/2023\/11\/Tinychat-icon-square.png","contentUrl":"https:\/\/tinychat.com\/wp-content\/uploads\/2023\/11\/Tinychat-icon-square.png","width":284,"height":284,"caption":"TinyChat"},"image":{"@id":"https:\/\/tinychat.com\/#\/schema\/logo\/image\/"},"sameAs":["https:\/\/www.facebook.com\/tinychat","https:\/\/x.com\/tinychat"]}]}},"_links":{"self":[{"href":"https:\/\/tinychat.com\/de\/wp-json\/wp\/v2\/pages\/13263","targetHints":{"allow":["GET"]}}],"collection":[{"href":"https:\/\/tinychat.com\/de\/wp-json\/wp\/v2\/pages"}],"about":[{"href":"https:\/\/tinychat.com\/de\/wp-json\/wp\/v2\/types\/page"}],"author":[{"embeddable":true,"href":"https:\/\/tinychat.com\/de\/wp-json\/wp\/v2\/users\/8"}],"replies":[{"embeddable":true,"href":"https:\/\/tinychat.com\/de\/wp-json\/wp\/v2\/comments?post=13263"}],"version-history":[{"count":1,"href":"https:\/\/tinychat.com\/de\/wp-json\/wp\/v2\/pages\/13263\/revisions"}],"predecessor-version":[{"id":13264,"href":"https:\/\/tinychat.com\/de\/wp-json\/wp\/v2\/pages\/13263\/revisions\/13264"}],"wp:attachment":[{"href":"https:\/\/tinychat.com\/de\/wp-json\/wp\/v2\/media?parent=13263"}],"curies":[{"name":"wp","href":"https:\/\/api.w.org\/{rel}","templated":true}]}}