{"id":13268,"date":"2025-06-17T14:13:46","date_gmt":"2025-06-17T12:13:46","guid":{"rendered":"https:\/\/tinychat.com\/?page_id=13268"},"modified":"2025-06-17T14:13:46","modified_gmt":"2025-06-17T12:13:46","slug":"free-video-chat","status":"publish","type":"page","link":"https:\/\/tinychat.com\/de\/free-video-chat\/","title":{"rendered":"Kostenloser Video-Chat"},"content":{"rendered":"<p>Seien wir ehrlich: Der kostenlose Videochat hat die Art und Weise ver\u00e4ndert, wie wir online Kontakte kn\u00fcpfen, arbeiten und uns sogar verabreden. Ganz gleich, ob Sie sich mit alten Freunden treffen, neue Leute kennenlernen oder an einem lebhaften Gruppengespr\u00e4ch teilnehmen, die M\u00f6glichkeit, Menschen in Echtzeit zu sehen und zu h\u00f6ren (kostenlos!), l\u00e4sst jedes Gespr\u00e4ch ein wenig pers\u00f6nlicher erscheinen.<\/p>\n<p>Und das Beste daran? Sie brauchen weder ein Premium-Abonnement noch eine spezielle Ausr\u00fcstung. Sie brauchen nur Ihr Telefon oder Ihren Laptop und schon k\u00f6nnen Sie mit jedem und \u00fcberall ins Gespr\u00e4ch kommen - sofort.<\/p>\n<h2>Was macht den kostenlosen Video-Chat so beliebt?<\/h2>\n<p>Es gibt einen Grund, warum so viele Menschen in den letzten Jahren zu kostenlosen Videochat-Plattformen gewechselt haben:<\/p>\n<ul>\n<li>Keine Kosten: Sie k\u00f6nnen mit jedem auf der Welt in Verbindung treten, ohne sich Gedanken \u00fcber Geb\u00fchren oder monatliche Beschr\u00e4nkungen zu machen.<\/li>\n<li>Spontaneit\u00e4t: Von kurzen Begr\u00fc\u00dfungen bis hin zu stundenlangen Anrufen k\u00f6nnen Sie chatten, wann immer Sie Lust und Laune haben.<\/li>\n<li>Einfacher Zugang: Die meisten Plattformen funktionieren direkt in Ihrem Browser oder \u00fcber eine einfache App - keine Downloads oder Kreditkarten erforderlich.<\/li>\n<li>Lernen Sie neue Leute kennen: Mit Optionen wie dem kostenlosen, zuf\u00e4lligen Video-Chat k\u00f6nnen Sie per Mausklick mit Fremden auf der ganzen Welt in Kontakt treten.<\/li>\n<li>Privatsph\u00e4re und Kontrolle: Beginnen Sie mit einem Spitznamen oder bleiben Sie anonym, wenn Sie m\u00f6chten. Du hast immer die Kontrolle.<\/li>\n<\/ul>\n<p>Ganz gleich, ob Sie mit Freunden chatten oder v\u00f6llig Fremde treffen m\u00f6chten, auf kostenlosen Videochat-Plattformen haben Sie das Sagen.<\/p>\n<h2>Wie funktioniert der kostenlose Video-Chat?<\/h2>\n<p>Der Einstieg k\u00f6nnte nicht einfacher sein. Hier ist der typische Ablauf:<\/p>\n<ol>\n<li>\u00d6ffnen Sie eine kostenlose Videochat-Website oder App (z. B. Omegle, Chatspin, TinyChat oder sogar Zoom und Google Meet f\u00fcr Gruppenanrufe).<\/li>\n<li>Erlauben Sie den Zugriff auf Ihre Kamera und Ihr Mikrofon.<\/li>\n<li>W\u00e4hlen Sie Ihren Modus: Einzelchat, Gruppenchat oder kostenloser Zufalls-Videochat.<\/li>\n<li>Sofortige Verbindung - auf den meisten Websites ist keine Anmeldung oder Zahlung erforderlich.<\/li>\n<li>Chatten Sie, solange Sie wollen, und gehen Sie weiter, wann immer Ihnen danach ist.<\/li>\n<\/ol>\n<p>Viele Plattformen bieten auch Optionen wie kostenlose Gruppenvideochats oder themenbezogene Chatr\u00e4ume an, so dass Sie Ihr Erlebnis an Ihre Stimmung anpassen k\u00f6nnen.<\/p>\n<h2>Beste kostenlose Video-Chat-Plattformen<\/h2>\n<p>Bei so vielen M\u00f6glichkeiten ist f\u00fcr jeden etwas dabei. Hier sind einige der besten Optionen, egal ob Sie neue Leute kennenlernen, mit Freunden abh\u00e4ngen oder eine virtuelle Party veranstalten m\u00f6chten:<\/p>\n<ul>\n<li>Omegle: Ber\u00fchmt f\u00fcr seinen kostenlosen, zuf\u00e4lligen Video-Chat mit Fremden weltweit.<\/li>\n<li>Chatroulette: Bietet zuf\u00e4llige Verbindungen mit einer unterhaltsamen, rasanten Atmosph\u00e4re.<\/li>\n<li>Chatspin: Sie k\u00f6nnen nach Ort und Interessen filtern, um eine bessere \u00dcbereinstimmung zu erzielen.<\/li>\n<li>TinyChat: Ideal f\u00fcr kostenlose Gruppen-Videochats mit Themenr\u00e4umen und Veranstaltungen.<\/li>\n<li>Camsurf: Ideal f\u00fcr schnelle, einfache und anonyme Verbindungen.<\/li>\n<li>Zoom\/Google Meet: Am besten geeignet f\u00fcr Gruppen-Videoanrufe mit Freunden, Familie oder Kollegen.<\/li>\n<li>Skype\/WhatsApp: Ideal f\u00fcr private Videochats unter vier Augen mit Bekannten.<\/li>\n<\/ul>\n<p>F\u00fcr Abenteuerlustige bieten Plattformen, die sich auf kostenlose, zuf\u00e4llige Videochats mit Fremden konzentrieren, eine einfache M\u00f6glichkeit, neue Gesichter kennenzulernen und vielleicht sogar einen Freund in einem anderen Land zu finden.<\/p>\n<h2>Kostenloser Video-Chat vs. andere Online-Kommunikation<\/h2>\n<table>\n<thead>\n<tr>\n<th>Merkmal<\/th>\n<th>Kostenloser Video-Chat<\/th>\n<th>Messaging-Apps<\/th>\n<th>Telefonanrufe<\/th>\n<th>Bezahlter Video-Chat<\/th>\n<\/tr>\n<\/thead>\n<tbody>\n<tr>\n<td>Echtzeit von Angesicht zu Angesicht<\/td>\n<td>\u2705<\/td>\n<td>\u274c<\/td>\n<td>\u274c<\/td>\n<td>\u2705<\/td>\n<\/tr>\n<tr>\n<td>Keine Kosten<\/td>\n<td>\u2705<\/td>\n<td>\u2705<\/td>\n<td>\u274c<\/td>\n<td>\u274c<\/td>\n<\/tr>\n<tr>\n<td>Zuf\u00e4lliger Abgleich<\/td>\n<td>\u2705 (auf einigen Plattformen)<\/td>\n<td>\u274c<\/td>\n<td>\u274c<\/td>\n<td>\u2705<\/td>\n<\/tr>\n<tr>\n<td>Unterst\u00fctzt Gruppen &amp; 1-on-1<\/td>\n<td>\u2705<\/td>\n<td>\u2705<\/td>\n<td>\u2705<\/td>\n<td>\u2705<\/td>\n<\/tr>\n<tr>\n<td>Anonymit\u00e4t verf\u00fcgbar<\/td>\n<td>\u2705<\/td>\n<td>\u2705<\/td>\n<td>\u274c<\/td>\n<td>\u2705<\/td>\n<\/tr>\n<\/tbody>\n<\/table>\n<p>Der kostenlose Videochat vereint das Beste aus allen Welten: sofort, pers\u00f6nlich, flexibel und absolut erschwinglich.<\/p>\n<h2>Wie man sicher bleibt<\/h2>\n<p>Die meisten Plattformen bem\u00fchen sich sehr um die Sicherheit, aber ein paar kluge Angewohnheiten machen Ihre Erfahrung noch besser:<\/p>\n<ul>\n<li>Verwenden Sie einen Spitznamen und vermeiden Sie es, Ihren Nachnamen oder andere pers\u00f6nliche Informationen preiszugeben.<\/li>\n<li>Klicken Sie nicht auf seltsame Links oder teilen Sie keine privaten Bilder, vor allem nicht auf kostenlosen, zuf\u00e4lligen Video-Chat-Seiten.<\/li>\n<li>Wenn sich ein Gespr\u00e4ch unpassend anf\u00fchlt, gehen Sie einfach weiter. Keine Erkl\u00e4rung n\u00f6tig.<\/li>\n<li>Nutzen Sie die Sperr- und Meldefunktionen f\u00fcr unangemessenes Verhalten.<\/li>\n<li>Informieren Sie sich \u00fcber die Richtlinien der Plattform - insbesondere \u00fcber Altersbeschr\u00e4nkungen und Datenschutzeinstellungen.<\/li>\n<\/ul>\n<p>Ein wenig Vorsicht bedeutet viel mehr Spa\u00df und Seelenfrieden, vor allem, wenn man mit Fremden plaudert.<\/p>\n<h2>Warum Menschen den kostenlosen Random Video Chat lieben<\/h2>\n<p>Es ist etwas Besonderes, mit jemandem zu sprechen, den man sonst nie getroffen h\u00e4tte. Kostenlose Video-Chat-Plattformen machen es einfach:<\/p>\n<ul>\n<li>Brechen Sie aus Ihrer Routine aus und sprechen Sie mit Menschen aus der ganzen Welt.<\/li>\n<li>\u00dcben Sie eine neue Sprache, tauschen Sie Geschichten aus, oder lachen Sie einfach mit einem Fremden.<\/li>\n<li>Besiegen Sie Einsamkeit oder Langeweile - besonders in ruhigen N\u00e4chten.<\/li>\n<li>Entdecken Sie neue Kulturen, Meinungen und Ideen in Echtzeit.<\/li>\n<\/ul>\n<p>\"Ich habe mit dem kostenlosen Videochat angefangen, nur um mir die Zeit zu vertreiben, aber dann habe ich Freunde auf drei Kontinenten gefunden. Es macht wirklich s\u00fcchtig.\"<\/p>\n<p>\"Manchmal hat man schnelle, dumme Gespr\u00e4che. Manchmal triffst du jemanden, der deinen Tag wirklich ver\u00e4ndert.<\/p>\n<h2>Tipps f\u00fcr eine optimale Nutzung Ihrer Erfahrung<\/h2>\n<ul>\n<li>\u00dcberpr\u00fcfen Sie Ihre Kamera und Ihr Mikrofon, bevor Sie beginnen, damit Sie keinen Moment verpassen.<\/li>\n<li>Suchen Sie sich einen ruhigen, gut beleuchteten Ort, um besser telefonieren zu k\u00f6nnen.<\/li>\n<li>L\u00e4cheln Sie, entspannen Sie sich, und scheuen Sie sich nicht, ein Gespr\u00e4ch zu beenden, das Ihnen nicht zusagt.<\/li>\n<li>Versuchen Sie es mit Gruppen-Videochats, wenn Sie eine Partystimmung w\u00fcnschen, oder bleiben Sie bei Einzelgespr\u00e4chen, wenn Sie mehr wissen wollen.<\/li>\n<li>Mischen Sie es: Verwenden Sie je nach Ihrer Stimmung sowohl zuf\u00e4llige als auch private Anrufe.<\/li>\n<\/ul>\n<p>Ein Wechsel der Plattform, der Tageszeit oder sogar des Landes (bei Verwendung von VPNs) kann zu ganz neuen Gespr\u00e4chen f\u00fchren.<\/p>\n<h2>Wer nutzt den kostenlosen Video-Chat?<\/h2>\n<p>F\u00fcr alle! Der kostenlose Video-Chat ist perfekt f\u00fcr:<\/p>\n<ul>\n<li>Studenten, die aus der Ferne lernen oder Kontakte kn\u00fcpfen<\/li>\n<li>Digitale Nomaden und Fernarbeiter<\/li>\n<li>Menschen, die online Freundschaften schlie\u00dfen oder Liebe finden wollen<\/li>\n<li>Sprachsch\u00fcler, die echte Gespr\u00e4che f\u00fchren wollen<\/li>\n<li>Jeder, der sich zu Hause langweilt und ein wenig Gesellschaft braucht<\/li>\n<\/ul>\n<p>Von zwanglosen Chats bis hin zu bedeutungsvollen Kontakten ist hier f\u00fcr alle Altersgruppen und Hintergr\u00fcnde etwas dabei (achten Sie nur darauf, dass Sie sich an die altersgerechten R\u00e4ume und Richtlinien halten).<\/p>\n<h2>Wann Sie den kostenlosen Video-Chat nutzen sollten<\/h2>\n<ul>\n<li>Treffen Sie sich mit Freunden und Familie, ob nah oder fern<\/li>\n<li>Veranstalten Sie virtuelle Stammtische, Spieleabende oder Lerngruppen<\/li>\n<li>Neue Leute auf zuf\u00e4lligen Chat-Plattformen kennenlernen<\/li>\n<li>Virtuelle Verabredungen treffen, bevor man sich pers\u00f6nlich trifft<\/li>\n<li>Zusammenarbeit mit Kollegen oder Studienpartnern<\/li>\n<li>Interviews, Pr\u00e4sentationen oder Sprachen live \u00fcben<\/li>\n<\/ul>\n<p>Wenn Sie eine Webcam und ein bisschen Neugier haben, sind Sie startklar!<\/p>\n<p>Der kostenlose Videochat ist Ihre offene T\u00fcr zur Welt. Mit Optionen f\u00fcr Gruppenanrufe, zuf\u00e4llige Fremde, private Unterhaltungen und jede Art von Gemeinschaft dazwischen war es noch nie so einfach - oder so erschwinglich - Kontakte zu kn\u00fcpfen. Egal, ob Sie Freundschaften schlie\u00dfen, lernen, lachen oder einfach nur den Alltag auflockern m\u00f6chten - alles, was Sie brauchen, ist ein Klick und ein L\u00e4cheln.<\/p>\n<p>Sind Sie bereit, es auszuprobieren? Er\u00f6ffnen Sie noch heute eine kostenlose Videochat-Plattform und sehen Sie, wer darauf wartet, Sie zu treffen. Ihr n\u00e4chstes gro\u00dfartiges Gespr\u00e4ch ist da drau\u00dfen - warum nicht gleich damit anfangen?<\/p>","protected":false},"excerpt":{"rendered":"<p>Let\u2019s face it\u2014free video chat has changed the way we socialize, work, and even date online. Whether you\u2019re catching up with old friends, meeting someone new, or joining a lively group call, the ability to see and hear people in real time (for free!) makes every conversation feel a little more personal. The best part? [&hellip;]<\/p>\n","protected":false},"author":8,"featured_media":0,"parent":0,"menu_order":0,"comment_status":"closed","ping_status":"closed","template":"","meta":{"footnotes":""},"class_list":["post-13268","page","type-page","status-publish","hentry"],"yoast_head":"<!-- This site is optimized with the Yoast SEO plugin v27.5 - https:\/\/yoast.com\/product\/yoast-seo-wordpress\/ -->\n<title>Free Video Chat with Video Chat on TinyChat.com<\/title>\n<meta name=\"description\" content=\"Enjoying Free Video Chat? Join over 50,000,000 strangers on TinyChat! Turn on your cam and start meeting new people, or find a match.\" \/>\n<meta name=\"robots\" content=\"index, follow, max-snippet:-1, max-image-preview:large, max-video-preview:-1\" \/>\n<link rel=\"canonical\" href=\"https:\/\/tinychat.com\/de\/free-video-chat\/\" \/>\n<meta property=\"og:locale\" content=\"de_DE\" \/>\n<meta property=\"og:type\" content=\"article\" \/>\n<meta property=\"og:title\" content=\"Free Video Chat with Video Chat on TinyChat.com\" \/>\n<meta property=\"og:description\" content=\"Enjoying Free Video Chat? Join over 50,000,000 strangers on TinyChat! Turn on your cam and start meeting new people, or find a match.\" \/>\n<meta property=\"og:url\" content=\"https:\/\/tinychat.com\/de\/free-video-chat\/\" \/>\n<meta property=\"og:site_name\" content=\"TinyChat\" \/>\n<meta property=\"article:publisher\" content=\"https:\/\/www.facebook.com\/tinychat\" \/>\n<meta property=\"og:image\" content=\"https:\/\/tinychat.com\/wp-content\/uploads\/2020\/04\/Tinychat-logo-1280x284-new-black.png\" \/>\n\t<meta property=\"og:image:width\" content=\"1280\" \/>\n\t<meta property=\"og:image:height\" content=\"284\" \/>\n\t<meta property=\"og:image:type\" content=\"image\/png\" \/>\n<meta name=\"twitter:card\" content=\"summary_large_image\" \/>\n<meta name=\"twitter:site\" content=\"@tinychat\" \/>\n<meta name=\"twitter:label1\" content=\"Gesch\u00e4tzte Lesezeit\" \/>\n\t<meta name=\"twitter:data1\" content=\"5\u00a0Minuten\" \/>\n<script type=\"application\/ld+json\" class=\"yoast-schema-graph\">{\"@context\":\"https:\\\/\\\/schema.org\",\"@graph\":[{\"@type\":\"WebPage\",\"@id\":\"https:\\\/\\\/tinychat.com\\\/free-video-chat\\\/\",\"url\":\"https:\\\/\\\/tinychat.com\\\/free-video-chat\\\/\",\"name\":\"Free Video Chat with Video Chat on TinyChat.com\",\"isPartOf\":{\"@id\":\"https:\\\/\\\/tinychat.com\\\/#website\"},\"datePublished\":\"2025-06-17T12:13:46+00:00\",\"description\":\"Enjoying Free Video Chat? Join over 50,000,000 strangers on TinyChat! Turn on your cam and start meeting new people, or find a match.\",\"breadcrumb\":{\"@id\":\"https:\\\/\\\/tinychat.com\\\/free-video-chat\\\/#breadcrumb\"},\"inLanguage\":\"de\",\"potentialAction\":[{\"@type\":\"ReadAction\",\"target\":[\"https:\\\/\\\/tinychat.com\\\/free-video-chat\\\/\"]}]},{\"@type\":\"BreadcrumbList\",\"@id\":\"https:\\\/\\\/tinychat.com\\\/free-video-chat\\\/#breadcrumb\",\"itemListElement\":[{\"@type\":\"ListItem\",\"position\":1,\"name\":\"Home\",\"item\":\"https:\\\/\\\/tinychat.com\\\/\"},{\"@type\":\"ListItem\",\"position\":2,\"name\":\"Free Video Chat\"}]},{\"@type\":\"WebSite\",\"@id\":\"https:\\\/\\\/tinychat.com\\\/#website\",\"url\":\"https:\\\/\\\/tinychat.com\\\/\",\"name\":\"TinyChat\",\"description\":\"Random Video Chat with Strangers\",\"publisher\":{\"@id\":\"https:\\\/\\\/tinychat.com\\\/#organization\"},\"alternateName\":\"TinyChat.com\",\"potentialAction\":[{\"@type\":\"SearchAction\",\"target\":{\"@type\":\"EntryPoint\",\"urlTemplate\":\"https:\\\/\\\/tinychat.com\\\/?s={search_term_string}\"},\"query-input\":{\"@type\":\"PropertyValueSpecification\",\"valueRequired\":true,\"valueName\":\"search_term_string\"}}],\"inLanguage\":\"de\"},{\"@type\":\"Organization\",\"@id\":\"https:\\\/\\\/tinychat.com\\\/#organization\",\"name\":\"TinyChat\",\"alternateName\":\"TinyChat.com\",\"url\":\"https:\\\/\\\/tinychat.com\\\/\",\"logo\":{\"@type\":\"ImageObject\",\"inLanguage\":\"de\",\"@id\":\"https:\\\/\\\/tinychat.com\\\/#\\\/schema\\\/logo\\\/image\\\/\",\"url\":\"https:\\\/\\\/tinychat.com\\\/wp-content\\\/uploads\\\/2023\\\/11\\\/Tinychat-icon-square.png\",\"contentUrl\":\"https:\\\/\\\/tinychat.com\\\/wp-content\\\/uploads\\\/2023\\\/11\\\/Tinychat-icon-square.png\",\"width\":284,\"height\":284,\"caption\":\"TinyChat\"},\"image\":{\"@id\":\"https:\\\/\\\/tinychat.com\\\/#\\\/schema\\\/logo\\\/image\\\/\"},\"sameAs\":[\"https:\\\/\\\/www.facebook.com\\\/tinychat\",\"https:\\\/\\\/x.com\\\/tinychat\"]}]}<\/script>\n<!-- \/ Yoast SEO plugin. -->","yoast_head_json":{"title":"Kostenloser Video-Chat mit Video-Chat auf TinyChat.com","description":"Genie\u00dfen Sie den kostenlosen Video-Chat? Schlie\u00dfen Sie sich \u00fcber 50.000.000 Fremden auf TinyChat an! Schalte deine Kamera ein und fange an, neue Leute zu treffen, oder finde einen Partner.","robots":{"index":"index","follow":"follow","max-snippet":"max-snippet:-1","max-image-preview":"max-image-preview:large","max-video-preview":"max-video-preview:-1"},"canonical":"https:\/\/tinychat.com\/de\/free-video-chat\/","og_locale":"de_DE","og_type":"article","og_title":"Free Video Chat with Video Chat on TinyChat.com","og_description":"Enjoying Free Video Chat? Join over 50,000,000 strangers on TinyChat! Turn on your cam and start meeting new people, or find a match.","og_url":"https:\/\/tinychat.com\/de\/free-video-chat\/","og_site_name":"TinyChat","article_publisher":"https:\/\/www.facebook.com\/tinychat","og_image":[{"width":1280,"height":284,"url":"https:\/\/tinychat.com\/wp-content\/uploads\/2020\/04\/Tinychat-logo-1280x284-new-black.png","type":"image\/png"}],"twitter_card":"summary_large_image","twitter_site":"@tinychat","twitter_misc":{"Gesch\u00e4tzte Lesezeit":"5\u00a0Minuten"},"schema":{"@context":"https:\/\/schema.org","@graph":[{"@type":"WebPage","@id":"https:\/\/tinychat.com\/free-video-chat\/","url":"https:\/\/tinychat.com\/free-video-chat\/","name":"Kostenloser Video-Chat mit Video-Chat auf TinyChat.com","isPartOf":{"@id":"https:\/\/tinychat.com\/#website"},"datePublished":"2025-06-17T12:13:46+00:00","description":"Genie\u00dfen Sie den kostenlosen Video-Chat? Schlie\u00dfen Sie sich \u00fcber 50.000.000 Fremden auf TinyChat an! Schalte deine Kamera ein und fange an, neue Leute zu treffen, oder finde einen Partner.","breadcrumb":{"@id":"https:\/\/tinychat.com\/free-video-chat\/#breadcrumb"},"inLanguage":"de","potentialAction":[{"@type":"ReadAction","target":["https:\/\/tinychat.com\/free-video-chat\/"]}]},{"@type":"BreadcrumbList","@id":"https:\/\/tinychat.com\/free-video-chat\/#breadcrumb","itemListElement":[{"@type":"ListItem","position":1,"name":"Home","item":"https:\/\/tinychat.com\/"},{"@type":"ListItem","position":2,"name":"Free Video Chat"}]},{"@type":"WebSite","@id":"https:\/\/tinychat.com\/#website","url":"https:\/\/tinychat.com\/","name":"TinyChat","description":"Zuf\u00e4lliger Video-Chat mit Fremden","publisher":{"@id":"https:\/\/tinychat.com\/#organization"},"alternateName":"TinyChat.com","potentialAction":[{"@type":"SearchAction","target":{"@type":"EntryPoint","urlTemplate":"https:\/\/tinychat.com\/?s={search_term_string}"},"query-input":{"@type":"PropertyValueSpecification","valueRequired":true,"valueName":"search_term_string"}}],"inLanguage":"de"},{"@type":"Organization","@id":"https:\/\/tinychat.com\/#organization","name":"TinyChat","alternateName":"TinyChat.com","url":"https:\/\/tinychat.com\/","logo":{"@type":"ImageObject","inLanguage":"de","@id":"https:\/\/tinychat.com\/#\/schema\/logo\/image\/","url":"https:\/\/tinychat.com\/wp-content\/uploads\/2023\/11\/Tinychat-icon-square.png","contentUrl":"https:\/\/tinychat.com\/wp-content\/uploads\/2023\/11\/Tinychat-icon-square.png","width":284,"height":284,"caption":"TinyChat"},"image":{"@id":"https:\/\/tinychat.com\/#\/schema\/logo\/image\/"},"sameAs":["https:\/\/www.facebook.com\/tinychat","https:\/\/x.com\/tinychat"]}]}},"_links":{"self":[{"href":"https:\/\/tinychat.com\/de\/wp-json\/wp\/v2\/pages\/13268","targetHints":{"allow":["GET"]}}],"collection":[{"href":"https:\/\/tinychat.com\/de\/wp-json\/wp\/v2\/pages"}],"about":[{"href":"https:\/\/tinychat.com\/de\/wp-json\/wp\/v2\/types\/page"}],"author":[{"embeddable":true,"href":"https:\/\/tinychat.com\/de\/wp-json\/wp\/v2\/users\/8"}],"replies":[{"embeddable":true,"href":"https:\/\/tinychat.com\/de\/wp-json\/wp\/v2\/comments?post=13268"}],"version-history":[{"count":3,"href":"https:\/\/tinychat.com\/de\/wp-json\/wp\/v2\/pages\/13268\/revisions"}],"predecessor-version":[{"id":13271,"href":"https:\/\/tinychat.com\/de\/wp-json\/wp\/v2\/pages\/13268\/revisions\/13271"}],"wp:attachment":[{"href":"https:\/\/tinychat.com\/de\/wp-json\/wp\/v2\/media?parent=13268"}],"curies":[{"name":"wp","href":"https:\/\/api.w.org\/{rel}","templated":true}]}}