{"id":13273,"date":"2025-06-17T14:20:28","date_gmt":"2025-06-17T12:20:28","guid":{"rendered":"https:\/\/tinychat.com\/?page_id=13273"},"modified":"2025-06-17T14:20:28","modified_gmt":"2025-06-17T12:20:28","slug":"video-chat-with-women","status":"publish","type":"page","link":"https:\/\/tinychat.com\/de\/video-chat-with-women\/","title":{"rendered":"Video-Chat mit Frauen"},"content":{"rendered":"<p>In den letzten Jahren suchen immer mehr Menschen nach M\u00f6glichkeiten, mit Frauen online per Video zu chatten. Es ist nicht schwer zu verstehen, warum: Video-Chat ist pers\u00f6nlich, in Echtzeit und f\u00fchlt sich so viel authentischer an als endlose SMS oder das Durchst\u00f6bern von Profilen. Ganz gleich, ob Sie einen neuen Freund finden, flirten oder einfach nur ein echtes Gespr\u00e4ch mit jemandem aus der ganzen Welt f\u00fchren m\u00f6chten, Videochats mit Frauen bieten eine neue, spontane M\u00f6glichkeit, Kontakte zu kn\u00fcpfen.<\/p>\n<p>Die heutigen Plattformen machen es einfach - kein umst\u00e4ndliches Einrichten, kein tagelanges Warten auf Antworten. Klicken Sie einfach, stellen Sie eine Verbindung her und sehen Sie, wohin das Gespr\u00e4ch f\u00fchrt. In diesem Leitfaden erfahren Sie, wie Sie beginnen k\u00f6nnen, welche Plattformen Sie ausprobieren sollten und wie Sie das Beste aus Ihren Erfahrungen herausholen k\u00f6nnen, egal ob Sie ein Neuling oder ein erfahrener Chatter sind.<\/p>\n<h2>Was macht den Video-Chat mit Frauen so attraktiv?<\/h2>\n<p>Seien wir ehrlich: Ein Gespr\u00e4ch von Angesicht zu Angesicht f\u00fchlt sich anders an. Bei einem Videochat sieht man das L\u00e4cheln, h\u00f6rt das Lachen und nimmt all die kleinen Dinge wahr, die in Textnachrichten einfach nicht r\u00fcberkommen. Deshalb bevorzugen so viele Menschen den Videochat mit Frauen gegen\u00fcber herk\u00f6mmlichen Dating-Apps oder sozialen Netzwerken.<\/p>\n<p>Das ist es, was die Leute anzieht:<\/p>\n<ul>\n<li>Echte Interaktion: Es handelt sich nicht nur um Text auf einem Bildschirm - Sie k\u00f6nnen Ihr Gegen\u00fcber in Echtzeit sehen und h\u00f6ren.<\/li>\n<li>Sofortige Chemie: Sie wissen in Sekundenschnelle, ob die Stimmung stimmt, was allen Beteiligten viel Zeit spart.<\/li>\n<li>Kein Warten: Wenn Sie eine zuf\u00e4llige Videochat-Website nutzen, k\u00f6nnen Sie innerhalb von Sekunden jemanden kennenlernen, nicht erst nach Tagen.<\/li>\n<li>Respektvollere Verbindungen: Die meisten Plattformen f\u00f6rdern bessere Umgangsformen, wenn man sich von Angesicht zu Angesicht begegnet.<\/li>\n<li>Spa\u00df und Abwechslung: Jedes Gespr\u00e4ch ist eine \u00dcberraschung. Ein Gespr\u00e4ch kann leicht und albern sein, das n\u00e4chste tiefgr\u00fcndig und bedeutungsvoll.<\/li>\n<\/ul>\n<h2>Wie man einen Video-Chat mit Frauen online beginnt<\/h2>\n<p>Der Einstieg war noch nie so einfach. Hier ist der typische Weg:<\/p>\n<ol>\n<li>W\u00e4hlen Sie eine Plattform - es gibt Websites speziell f\u00fcr zuf\u00e4llige Videochats mit Frauen oder breitere Chat-Apps mit geschlechtsspezifischen Filtern.<\/li>\n<li>Richten Sie Ihre Kamera und Ihr Mikrofon ein. Eine gute Internetverbindung ist ebenfalls hilfreich.<\/li>\n<li>Verwenden Sie einen Spitznamen oder Ihren echten Vornamen - die meisten Plattformen verlangen keine vollst\u00e4ndigen Profile.<\/li>\n<li>Klicken Sie, um mit dem Chatten zu beginnen, und Sie werden mit Frauen zusammengebracht, die neue Leute kennenlernen m\u00f6chten.<\/li>\n<li>Wenn es nicht passt, k\u00f6nnen Sie jederzeit zum n\u00e4chsten Chat \u00fcbergehen - ohne Unannehmlichkeiten und ohne Druck.<\/li>\n<\/ol>\n<p>Viele Plattformen bieten auch die M\u00f6glichkeit, mit Text oder Audio zu beginnen, so dass Sie den Einstieg erleichtern k\u00f6nnen, wenn Sie sch\u00fcchtern sind oder zun\u00e4chst ein Gef\u00fchl f\u00fcr die Plattform bekommen m\u00f6chten.<\/p>\n<h2>Beste Plattformen f\u00fcr Video-Chat mit Frauen<\/h2>\n<p>Die richtige Plattform h\u00e4ngt von Ihrem Stil ab - m\u00f6chten Sie etwas L\u00e4ssiges, Flirty oder etwas, das auf Freundschaft ausgerichtet ist? Hier sind einige Top-Optionen:<\/p>\n<ul>\n<li>CooMeet: Bekannt daf\u00fcr, M\u00e4nner mit verifizierten weiblichen Nutzern zu verbinden, was es f\u00fcr diejenigen, die echte Gespr\u00e4che mit Frauen suchen, einfacher macht.<\/li>\n<li>Chatspin: Mit Gender-Filtern und einer einfachen Schnittstelle f\u00fcr zuf\u00e4llige und private Chats.<\/li>\n<li>Chatrandom (M\u00e4dchen-Chat): Erm\u00f6glicht es Ihnen, direkt mit Frauen in Kontakt zu treten, die einen Chat suchen, indem andere Nutzer herausgefiltert werden.<\/li>\n<li>OmeTV und Chatroulette: Beide bieten eine globale Reichweite und zuf\u00e4llige Paarungen mit einer gro\u00dfen Online-Community von Frauen.<\/li>\n<li>LuckyCrush: Verbindet nach dem Zufallsprinzip M\u00e4nner und Frauen f\u00fcr sofortige Eins-zu-Eins-Videochat-Sitzungen.<\/li>\n<li>TinyChat: Am besten f\u00fcr Gruppenchats oder themenbezogene Videor\u00e4ume geeignet, aber auch private Verbindungen mit Frauen sind m\u00f6glich.<\/li>\n<\/ul>\n<p>Probieren Sie einige aus, um herauszufinden, welche Stimmung zu Ihnen passt - jede hat ihre eigene Community und ihren eigenen Stil.<\/p>\n<h2>Was Sie erwartet: Zuf\u00e4lliger Video-Chat mit Frauen<\/h2>\n<p>Der Zufalls-Videochat ist ein bisschen wie Speed-Dating online, nur ohne den Druck. Sie treten einer Plattform bei, klicken auf \"Start\" und werden sofort mit einer neuen Person zusammengebracht. Wenn man sich versteht, redet man weiter. Wenn nicht, ziehen Sie einfach weiter - nichts f\u00fcr ungut.<\/p>\n<p>Das macht den zuf\u00e4lligen Videochat mit Frauen so einzigartig:<\/p>\n<ul>\n<li>Totale Vielfalt: Treffen Sie Frauen aus allen Lebensbereichen und aus der ganzen Welt.<\/li>\n<li>Echte Reaktionen: Sehen Sie echte Mimik und h\u00f6ren Sie ehrliches Lachen (oder St\u00f6hnen bei Ihren Witzen).<\/li>\n<li>Vollst\u00e4ndige Kontrolle: Bleiben Sie so lange in einem Chat, wie Sie m\u00f6chten, oder wechseln Sie jederzeit zu einer anderen Person.<\/li>\n<li>Keine Verpflichtung: Keine Nummern, keine Treffen - es sei denn, Sie beide wollen es.<\/li>\n<\/ul>\n<h2>Tipps f\u00fcr einen tollen Video-Chat mit Frauen<\/h2>\n<p>Ganz gleich, ob Sie sich dort am\u00fcsieren oder eine echte Verbindung herstellen wollen, diese Tipps werden Ihnen helfen, bessere Gespr\u00e4che zu f\u00fchren:<\/p>\n<ul>\n<li>Seien Sie respektvoll: Behandeln Sie jede Frau, die Sie treffen, so, wie Sie selbst behandelt werden m\u00f6chten. Einfache Umgangsformen sind sehr hilfreich.<\/li>\n<li>Beginnen Sie mit einer echten Begr\u00fc\u00dfung: \"Hey, wie geht's?\" ist besser als ein allgemeiner Anmachspruch.<\/li>\n<li>L\u00e4cheln Sie und stellen Sie Augenkontakt her: Sogar \u00fcber einen Bildschirm hinweg hilft das, Vertrauen aufzubauen und sich wohlzuf\u00fchlen.<\/li>\n<li>Finden Sie eine gemeinsame Basis: Fragen Sie nach Interessen, Hobbys oder Lieblingsmusik. Menschen reden gerne \u00fcber Dinge, die ihnen Spa\u00df machen.<\/li>\n<li>Hetzen Sie nicht: Lassen Sie das Gespr\u00e4ch flie\u00dfen. Wenn die Chemie stimmt, werden Sie es beide sp\u00fcren.<\/li>\n<li>Respektieren Sie Grenzen: Wenn sie kein Interesse hat oder darum bittet, weiterzuziehen, nehmen Sie es nicht pers\u00f6nlich.<\/li>\n<\/ul>\n<p>Denken Sie daran: Jeder Chat ist eine neue Chance, und nicht jede Verbindung wird \"die eine\" sein. Das ist ein Teil des Spa\u00dfes.<\/p>\n<h2>Sicherheit bei der Nutzung kostenloser Video-Chat-Plattformen<\/h2>\n<p>Die meisten Plattformen sind sicher, aber ein paar Vorsichtsma\u00dfnahmen sorgen f\u00fcr eine positive Erfahrung:<\/p>\n<ul>\n<li>Geben Sie keine pers\u00f6nlichen Daten (vollst\u00e4ndiger Name, Adresse, Telefonnummer) weiter, bis Sie sich sicher f\u00fchlen.<\/li>\n<li>Verwenden Sie einen Spitznamen, wenn Sie nicht bereit sind, Ihren richtigen Namen zu verraten.<\/li>\n<li>Senden Sie niemals Geld oder vertrauliche Informationen an jemanden, den Sie gerade erst kennen gelernt haben.<\/li>\n<li>Wenn jemand unangemessen ist, nutzen Sie die Blockier-\/Meldefunktionen. Alle guten Plattformen haben sie.<\/li>\n<li>Um die Privatsph\u00e4re zu wahren, sollten Sie einen neutralen Hintergrund verwenden und es vermeiden, identifizierbare Informationen in die Kamera zu \u00fcbertragen.<\/li>\n<\/ul>\n<p>Sicherheit steht an erster Stelle - vor allem, wenn Sie eine Website f\u00fcr den kostenlosen Video-Chat mit Frauen nutzen, die jedem offen steht.<\/p>\n<h2>Kostenloser vs. kostenpflichtiger Video-Chat: Was ist der Unterschied?<\/h2>\n<p>Die meisten Plattformen bieten kostenlose Videochats mit Frauen als Hauptfunktion an. Einige haben kostenpflichtige Optionen f\u00fcr zus\u00e4tzliche Funktionen wie Geschlechtsfilter, virtuelle Geschenke oder Priorit\u00e4tsabgleich. Hier ist eine kurze \u00dcbersicht:<\/p>\n<table>\n<thead>\n<tr>\n<th>Merkmal<\/th>\n<th>Kostenloser Video-Chat mit Frauen<\/th>\n<th>Bezahlter Video-Chat<\/th>\n<\/tr>\n<\/thead>\n<tbody>\n<tr>\n<td>Keine Kosten<\/td>\n<td>\u2705<\/td>\n<td>\u274c<\/td>\n<\/tr>\n<tr>\n<td>Zuf\u00e4lliger Abgleich<\/td>\n<td>\u2705<\/td>\n<td>\u2705<\/td>\n<\/tr>\n<tr>\n<td>Geschlechtsspezifische Filter<\/td>\n<td>\u2705 (bei einigen)<\/td>\n<td>\u2705<\/td>\n<\/tr>\n<tr>\n<td>Gruppen-Chatr\u00e4ume<\/td>\n<td>\u2705 (bei einigen)<\/td>\n<td>\u2705<\/td>\n<\/tr>\n<tr>\n<td>Vorrangige oder private Chats<\/td>\n<td>\u274c<\/td>\n<td>\u2705<\/td>\n<\/tr>\n<tr>\n<td>Zugang zu Premium-Funktionen<\/td>\n<td>\u274c<\/td>\n<td>\u2705<\/td>\n<\/tr>\n<\/tbody>\n<\/table>\n<p>F\u00fcr die meisten Nutzer sind die kostenlosen Plattformen mehr als ausreichend, um gro\u00dfartige Gespr\u00e4che zu f\u00fchren. Kostenpflichtige Versionen lohnen sich nur, wenn Sie ein bestimmtes Erlebnis garantieren oder Warteschlangen \u00fcberspringen m\u00f6chten.<\/p>\n<h2>Warum Video-Chat mit Frauen besser ist als Swiping oder Messaging<\/h2>\n<p>Textchats und Dating-Apps haben ihre Berechtigung, aber nichts geht \u00fcber ein Gespr\u00e4ch in Echtzeit mit einer neuen Person. Hier ist der Grund, warum so viele Menschen den Online-Videochat mit M\u00e4dchen dem endlosen Messaging vorziehen:<\/p>\n<ul>\n<li>Man lernt die Pers\u00f6nlichkeit eines Menschen viel schneller kennen.<\/li>\n<li>Keine Gefahr von \"Catfishing\" - Sie sehen sofort die echte Person.<\/li>\n<li>Unangenehmes Schweigen f\u00fchlt sich nicht so unangenehm an, wenn man es gemeinsam auslachen kann.<\/li>\n<li>Es ist einfacher, die Chemie (oder das Fehlen davon!) zu sp\u00fcren.<\/li>\n<li>Wenn Sie kein Interesse haben, ist es einfach und h\u00f6flich, einfach weiterzugehen.<\/li>\n<\/ul>\n<h2>Wer nutzt Video-Chat, um mit Frauen in Kontakt zu treten?<\/h2>\n<p>Das ist nicht nur etwas f\u00fcr Singles! Menschen jeden Alters und jeder Herkunft nutzen Videochats aus unterschiedlichen Gr\u00fcnden:<\/p>\n<ul>\n<li>Singles auf der Suche nach Dates oder Flirts<\/li>\n<li>Expats und Reisende, die neue Freunde im Ausland suchen<\/li>\n<li>Sprachsch\u00fcler \u00fcben mit Muttersprachlern<\/li>\n<li>Menschen, die sich zu Hause langweilen und sich nach einer neuen Perspektive sehnen<\/li>\n<li>Jeder, der auf eine sichere und respektvolle Art und Weise entdecken und Spa\u00df haben m\u00f6chte<\/li>\n<\/ul>\n<p>Beim Videochatten mit Frauen geht es nicht nur um Romantik, sondern auch um Lernen, Austausch, Lachen und Kontakte.<\/p>\n<h2>Wor\u00fcber k\u00f6nnen Sie sprechen?<\/h2>\n<p>Das ist das Sch\u00f6ne - fast alles! Beginnen Sie mit den Grundlagen, oder tauchen Sie direkt in Ihre Lieblingsthemen ein. Hier sind ein paar Ideen:<\/p>\n<ul>\n<li>Lieblingsmusik, -filme oder -fernsehsendungen<\/li>\n<li>Reisetr\u00e4ume oder Geschichten<\/li>\n<li>Hobbys, Sport oder verborgene Talente<\/li>\n<li>Die beste Mahlzeit, die Sie je gegessen haben<\/li>\n<li>Kulturen, Traditionen oder \"Wie ist es in Ihrem Land?\"<\/li>\n<li>Alberne Spiele oder virtuelle Herausforderungen<\/li>\n<\/ul>\n<p>Bleiben Sie locker, offen und unterhaltsam - denken Sie daran, dass alle nur da sind, um Kontakte zu kn\u00fcpfen und ein gutes Gespr\u00e4ch zu f\u00fchren.<\/p>\n<h2>Video-Chat mit Frauen vs. andere Online-Optionen<\/h2>\n<table>\n<thead>\n<tr>\n<th>Merkmal<\/th>\n<th>Video-Chat mit Frauen<\/th>\n<th>Dating-Apps<\/th>\n<th>Soziale Medien DMs<\/th>\n<th>Gruppen-Chatr\u00e4ume<\/th>\n<\/tr>\n<\/thead>\n<tbody>\n<tr>\n<td>Echtzeit von Angesicht zu Angesicht<\/td>\n<td>\u2705<\/td>\n<td>\u274c<\/td>\n<td>\u274c<\/td>\n<td>\u2705<\/td>\n<\/tr>\n<tr>\n<td>Zuf\u00e4lliger Abgleich verf\u00fcgbar<\/td>\n<td>\u2705<\/td>\n<td>\u274c<\/td>\n<td>\u274c<\/td>\n<td>\u2705<\/td>\n<\/tr>\n<tr>\n<td>Kein Profil erforderlich<\/td>\n<td>\u2705<\/td>\n<td>\u274c<\/td>\n<td>\u274c<\/td>\n<td>\u274c<\/td>\n<\/tr>\n<tr>\n<td>Kostenlose Nutzung<\/td>\n<td>\u2705<\/td>\n<td>\u2705\/\u274c<\/td>\n<td>\u2705<\/td>\n<td>\u2705<\/td>\n<\/tr>\n<tr>\n<td>Option zum \u00dcberspringen\/N\u00e4chsten<\/td>\n<td>\u2705<\/td>\n<td>\u274c<\/td>\n<td>\u274c<\/td>\n<td>\u2705<\/td>\n<\/tr>\n<\/tbody>\n<\/table>\n<h2>Wie Sie das Beste aus Ihrer Erfahrung machen<\/h2>\n<ul>\n<li>Probieren Sie verschiedene Plattformen aus, um herauszufinden, welche Community am besten zu Ihnen passt.<\/li>\n<li>\u00c4ndern Sie Ihren Ansatz - manchmal ist ein freundliches Kompliment oder ein gemeinsames Interesse der beste Gespr\u00e4chseinstieg.<\/li>\n<li>Nutzen Sie Gruppenr\u00e4ume, wenn Sie nerv\u00f6s sind; Sie werden sich dort wohler f\u00fchlen, bevor Sie sich in Einzelgespr\u00e4che st\u00fcrzen.<\/li>\n<li>Mischen Sie die Tageszeiten, um Frauen aus verschiedenen L\u00e4ndern und mit verschiedenen Hintergr\u00fcnden zu treffen.<\/li>\n<li>Lassen Sie sich nicht entmutigen, wenn Sie ein paar unangenehme Gespr\u00e4che f\u00fchren. Das n\u00e4chste Gespr\u00e4ch wird vielleicht schon Ihr Lieblingsgespr\u00e4ch sein.<\/li>\n<\/ul>\n<p>Wenn Sie bereit sind f\u00fcr etwas anderes - etwas Reales, Unmittelbares und Pers\u00f6nliches - dann ist der Video-Chat mit Frauen der richtige Weg. Egal, ob Sie Freundschaften schlie\u00dfen, eine Sprache \u00fcben, ein wenig flirten oder einfach nur sehen m\u00f6chten, wie das Leben am anderen Ende der Welt ist - es gibt eine Plattform (und ein Gespr\u00e4ch), die auf Sie wartet.<\/p>\n<p>Warum also nicht einmal ausprobieren? Die n\u00e4chste tolle Unterhaltung, Geschichte oder sogar Freundschaft k\u00f6nnte nur einen Klick entfernt sein.<\/p>\n<p>Schlie\u00dfen Sie sich an, melden Sie sich an und beginnen Sie noch heute Ihr erstes Gespr\u00e4ch.<\/p>","protected":false},"excerpt":{"rendered":"<p>In the last few years, more and more people are searching for ways to video chat with women online. It\u2019s not hard to see why: video chat is personal, real-time, and feels so much more authentic than endless texting or swiping through profiles. Whether you\u2019re hoping to make a new friend, flirt, or just have [&hellip;]<\/p>\n","protected":false},"author":8,"featured_media":0,"parent":0,"menu_order":0,"comment_status":"closed","ping_status":"closed","template":"","meta":{"footnotes":""},"class_list":["post-13273","page","type-page","status-publish","hentry"],"yoast_head":"<!-- This site is optimized with the Yoast SEO plugin v27.5 - https:\/\/yoast.com\/product\/yoast-seo-wordpress\/ -->\n<title>Video Chat with Women with Video Chat on TinyChat.com<\/title>\n<meta name=\"description\" content=\"Enjoying Video Chat with Women? Join over 50,000,000 strangers on TinyChat! Turn on your cam and start meeting new people, or find a match.\" \/>\n<meta name=\"robots\" content=\"index, follow, max-snippet:-1, max-image-preview:large, max-video-preview:-1\" \/>\n<link rel=\"canonical\" href=\"https:\/\/tinychat.com\/de\/video-chat-with-women\/\" \/>\n<meta property=\"og:locale\" content=\"de_DE\" \/>\n<meta property=\"og:type\" content=\"article\" \/>\n<meta property=\"og:title\" content=\"Video Chat with Women with Video Chat on TinyChat.com\" \/>\n<meta property=\"og:description\" content=\"Enjoying Video Chat with Women? Join over 50,000,000 strangers on TinyChat! Turn on your cam and start meeting new people, or find a match.\" \/>\n<meta property=\"og:url\" content=\"https:\/\/tinychat.com\/de\/video-chat-with-women\/\" \/>\n<meta property=\"og:site_name\" content=\"TinyChat\" \/>\n<meta property=\"article:publisher\" content=\"https:\/\/www.facebook.com\/tinychat\" \/>\n<meta property=\"og:image\" content=\"https:\/\/tinychat.com\/wp-content\/uploads\/2020\/04\/Tinychat-logo-1280x284-new-black.png\" \/>\n\t<meta property=\"og:image:width\" content=\"1280\" \/>\n\t<meta property=\"og:image:height\" content=\"284\" \/>\n\t<meta property=\"og:image:type\" content=\"image\/png\" \/>\n<meta name=\"twitter:card\" content=\"summary_large_image\" \/>\n<meta name=\"twitter:site\" content=\"@tinychat\" \/>\n<meta name=\"twitter:label1\" content=\"Gesch\u00e4tzte Lesezeit\" \/>\n\t<meta name=\"twitter:data1\" content=\"7\u00a0Minuten\" \/>\n<script type=\"application\/ld+json\" class=\"yoast-schema-graph\">{\"@context\":\"https:\\\/\\\/schema.org\",\"@graph\":[{\"@type\":\"WebPage\",\"@id\":\"https:\\\/\\\/tinychat.com\\\/video-chat-with-women\\\/\",\"url\":\"https:\\\/\\\/tinychat.com\\\/video-chat-with-women\\\/\",\"name\":\"Video Chat with Women with Video Chat on TinyChat.com\",\"isPartOf\":{\"@id\":\"https:\\\/\\\/tinychat.com\\\/#website\"},\"datePublished\":\"2025-06-17T12:20:28+00:00\",\"description\":\"Enjoying Video Chat with Women? Join over 50,000,000 strangers on TinyChat! Turn on your cam and start meeting new people, or find a match.\",\"breadcrumb\":{\"@id\":\"https:\\\/\\\/tinychat.com\\\/video-chat-with-women\\\/#breadcrumb\"},\"inLanguage\":\"de\",\"potentialAction\":[{\"@type\":\"ReadAction\",\"target\":[\"https:\\\/\\\/tinychat.com\\\/video-chat-with-women\\\/\"]}]},{\"@type\":\"BreadcrumbList\",\"@id\":\"https:\\\/\\\/tinychat.com\\\/video-chat-with-women\\\/#breadcrumb\",\"itemListElement\":[{\"@type\":\"ListItem\",\"position\":1,\"name\":\"Home\",\"item\":\"https:\\\/\\\/tinychat.com\\\/\"},{\"@type\":\"ListItem\",\"position\":2,\"name\":\"Video Chat with Women\"}]},{\"@type\":\"WebSite\",\"@id\":\"https:\\\/\\\/tinychat.com\\\/#website\",\"url\":\"https:\\\/\\\/tinychat.com\\\/\",\"name\":\"TinyChat\",\"description\":\"Random Video Chat with Strangers\",\"publisher\":{\"@id\":\"https:\\\/\\\/tinychat.com\\\/#organization\"},\"alternateName\":\"TinyChat.com\",\"potentialAction\":[{\"@type\":\"SearchAction\",\"target\":{\"@type\":\"EntryPoint\",\"urlTemplate\":\"https:\\\/\\\/tinychat.com\\\/?s={search_term_string}\"},\"query-input\":{\"@type\":\"PropertyValueSpecification\",\"valueRequired\":true,\"valueName\":\"search_term_string\"}}],\"inLanguage\":\"de\"},{\"@type\":\"Organization\",\"@id\":\"https:\\\/\\\/tinychat.com\\\/#organization\",\"name\":\"TinyChat\",\"alternateName\":\"TinyChat.com\",\"url\":\"https:\\\/\\\/tinychat.com\\\/\",\"logo\":{\"@type\":\"ImageObject\",\"inLanguage\":\"de\",\"@id\":\"https:\\\/\\\/tinychat.com\\\/#\\\/schema\\\/logo\\\/image\\\/\",\"url\":\"https:\\\/\\\/tinychat.com\\\/wp-content\\\/uploads\\\/2023\\\/11\\\/Tinychat-icon-square.png\",\"contentUrl\":\"https:\\\/\\\/tinychat.com\\\/wp-content\\\/uploads\\\/2023\\\/11\\\/Tinychat-icon-square.png\",\"width\":284,\"height\":284,\"caption\":\"TinyChat\"},\"image\":{\"@id\":\"https:\\\/\\\/tinychat.com\\\/#\\\/schema\\\/logo\\\/image\\\/\"},\"sameAs\":[\"https:\\\/\\\/www.facebook.com\\\/tinychat\",\"https:\\\/\\\/x.com\\\/tinychat\"]}]}<\/script>\n<!-- \/ Yoast SEO plugin. -->","yoast_head_json":{"title":"Video Chat mit Frauen mit Video Chat auf TinyChat.com","description":"Hast du Spa\u00df am Video-Chat mit Frauen? Schlie\u00dfen Sie sich \u00fcber 50.000.000 Fremden auf TinyChat an! Schalte deine Kamera ein und fange an, neue Leute zu treffen, oder finde einen Partner.","robots":{"index":"index","follow":"follow","max-snippet":"max-snippet:-1","max-image-preview":"max-image-preview:large","max-video-preview":"max-video-preview:-1"},"canonical":"https:\/\/tinychat.com\/de\/video-chat-with-women\/","og_locale":"de_DE","og_type":"article","og_title":"Video Chat with Women with Video Chat on TinyChat.com","og_description":"Enjoying Video Chat with Women? Join over 50,000,000 strangers on TinyChat! Turn on your cam and start meeting new people, or find a match.","og_url":"https:\/\/tinychat.com\/de\/video-chat-with-women\/","og_site_name":"TinyChat","article_publisher":"https:\/\/www.facebook.com\/tinychat","og_image":[{"width":1280,"height":284,"url":"https:\/\/tinychat.com\/wp-content\/uploads\/2020\/04\/Tinychat-logo-1280x284-new-black.png","type":"image\/png"}],"twitter_card":"summary_large_image","twitter_site":"@tinychat","twitter_misc":{"Gesch\u00e4tzte Lesezeit":"7\u00a0Minuten"},"schema":{"@context":"https:\/\/schema.org","@graph":[{"@type":"WebPage","@id":"https:\/\/tinychat.com\/video-chat-with-women\/","url":"https:\/\/tinychat.com\/video-chat-with-women\/","name":"Video Chat mit Frauen mit Video Chat auf TinyChat.com","isPartOf":{"@id":"https:\/\/tinychat.com\/#website"},"datePublished":"2025-06-17T12:20:28+00:00","description":"Hast du Spa\u00df am Video-Chat mit Frauen? Schlie\u00dfen Sie sich \u00fcber 50.000.000 Fremden auf TinyChat an! Schalte deine Kamera ein und fange an, neue Leute zu treffen, oder finde einen Partner.","breadcrumb":{"@id":"https:\/\/tinychat.com\/video-chat-with-women\/#breadcrumb"},"inLanguage":"de","potentialAction":[{"@type":"ReadAction","target":["https:\/\/tinychat.com\/video-chat-with-women\/"]}]},{"@type":"BreadcrumbList","@id":"https:\/\/tinychat.com\/video-chat-with-women\/#breadcrumb","itemListElement":[{"@type":"ListItem","position":1,"name":"Home","item":"https:\/\/tinychat.com\/"},{"@type":"ListItem","position":2,"name":"Video Chat with Women"}]},{"@type":"WebSite","@id":"https:\/\/tinychat.com\/#website","url":"https:\/\/tinychat.com\/","name":"TinyChat","description":"Zuf\u00e4lliger Video-Chat mit Fremden","publisher":{"@id":"https:\/\/tinychat.com\/#organization"},"alternateName":"TinyChat.com","potentialAction":[{"@type":"SearchAction","target":{"@type":"EntryPoint","urlTemplate":"https:\/\/tinychat.com\/?s={search_term_string}"},"query-input":{"@type":"PropertyValueSpecification","valueRequired":true,"valueName":"search_term_string"}}],"inLanguage":"de"},{"@type":"Organization","@id":"https:\/\/tinychat.com\/#organization","name":"TinyChat","alternateName":"TinyChat.com","url":"https:\/\/tinychat.com\/","logo":{"@type":"ImageObject","inLanguage":"de","@id":"https:\/\/tinychat.com\/#\/schema\/logo\/image\/","url":"https:\/\/tinychat.com\/wp-content\/uploads\/2023\/11\/Tinychat-icon-square.png","contentUrl":"https:\/\/tinychat.com\/wp-content\/uploads\/2023\/11\/Tinychat-icon-square.png","width":284,"height":284,"caption":"TinyChat"},"image":{"@id":"https:\/\/tinychat.com\/#\/schema\/logo\/image\/"},"sameAs":["https:\/\/www.facebook.com\/tinychat","https:\/\/x.com\/tinychat"]}]}},"_links":{"self":[{"href":"https:\/\/tinychat.com\/de\/wp-json\/wp\/v2\/pages\/13273","targetHints":{"allow":["GET"]}}],"collection":[{"href":"https:\/\/tinychat.com\/de\/wp-json\/wp\/v2\/pages"}],"about":[{"href":"https:\/\/tinychat.com\/de\/wp-json\/wp\/v2\/types\/page"}],"author":[{"embeddable":true,"href":"https:\/\/tinychat.com\/de\/wp-json\/wp\/v2\/users\/8"}],"replies":[{"embeddable":true,"href":"https:\/\/tinychat.com\/de\/wp-json\/wp\/v2\/comments?post=13273"}],"version-history":[{"count":2,"href":"https:\/\/tinychat.com\/de\/wp-json\/wp\/v2\/pages\/13273\/revisions"}],"predecessor-version":[{"id":13275,"href":"https:\/\/tinychat.com\/de\/wp-json\/wp\/v2\/pages\/13273\/revisions\/13275"}],"wp:attachment":[{"href":"https:\/\/tinychat.com\/de\/wp-json\/wp\/v2\/media?parent=13273"}],"curies":[{"name":"wp","href":"https:\/\/api.w.org\/{rel}","templated":true}]}}