{"id":13277,"date":"2025-06-17T14:25:46","date_gmt":"2025-06-17T12:25:46","guid":{"rendered":"https:\/\/tinychat.com\/?page_id=13277"},"modified":"2025-06-17T14:25:46","modified_gmt":"2025-06-17T12:25:46","slug":"video-chat-hot","status":"publish","type":"page","link":"https:\/\/tinychat.com\/de\/video-chat-hot\/","title":{"rendered":"Video Chat Hot"},"content":{"rendered":"<p>Suchen Sie mehr als nur ein freundliches Hallo? M\u00f6chten Sie Ihren Abend etwas aufpeppen oder jemanden kennenlernen, der genauso mutig und spontan ist wie Sie selbst? Hier kommen die hei\u00dfen Videochat-Seiten ins Spiel. Auf diesen Plattformen geht es nicht nur darum, \"Hallo\" zu sagen - es geht um Spannung, Chemie und darum, mit Menschen in Kontakt zu kommen, die offen f\u00fcr Spa\u00df, Flirts und manchmal auch ein bisschen mehr sind.<\/p>\n<p>In einer Welt, in der jeder nach etwas Authentischem, aber auch ein bisschen Aufregendem sucht, bieten hei\u00dfe Video-Chat-Seiten das Beste aus beiden Welten: Echtzeit-Videogespr\u00e4che mit echten Menschen, aber mit der Freiheit, spielerisch, flirtend und, nun ja... ein bisschen wild zu werden.<\/p>\n<h2>Was ist eine \"hei\u00dfe\" Video-Chat-Seite?<\/h2>\n<p>Eine hei\u00dfe Videochat-Plattform ist eine Videochat-Website oder -App, auf der die Nutzer mehr als nur ein lockeres Gespr\u00e4ch suchen. Das k\u00f6nnen Flirt-Chats, Videoanrufe f\u00fcr Erwachsene oder einfach nur Gespr\u00e4che mit Menschen sein, die gerne die Grenzen \u00fcberschreiten und die Dinge interessant halten. Diese Seiten bieten in der Regel:<\/p>\n<ul>\n<li>Live-Videochat unter vier Augen: So k\u00f6nnen Sie sehen und gesehen werden - sofort.<\/li>\n<li>Anonymit\u00e4t und Privatsph\u00e4re: Verwenden Sie einen Spitznamen, halten Sie die Dinge diskret und seien Sie so offen, wie Sie wollen.<\/li>\n<li>Zuf\u00e4llige hei\u00dfe Video-Chat-Optionen: Man wei\u00df nie, wen man trifft und wie die Stimmung sein wird.<\/li>\n<li>Filter f\u00fcr Geschlecht und Interessen: Um Menschen zu finden, die dem entsprechen, was Sie suchen.<\/li>\n<li>Kein Urteil, kein Druck: Wechseln Sie zur n\u00e4chsten Person, wenn es nicht Ihre Stimmung ist - und seien Sie nicht b\u00f6se.<\/li>\n<\/ul>\n<p>Einige Websites sind \"nur f\u00fcr Erwachsene\", w\u00e4hrend andere besonders verspielt und offen sind. In jedem Fall sind sie f\u00fcr Menschen gedacht, die mehr als nur Smalltalk wollen.<\/p>\n<h2>Wie funktioniert Hot Video Chat?<\/h2>\n<p>Der Einstieg ist ganz einfach - auch wenn Sie neu sind:<\/p>\n<ol>\n<li>W\u00e4hlen Sie eine kostenlose hei\u00dfe Video-Chat-Seite oder laden Sie eine seri\u00f6se App herunter.<\/li>\n<li>Erlauben Sie den Zugriff auf Kamera und Mikrofon.<\/li>\n<li>Setzen Sie Ihre Filter - w\u00e4hlen Sie aus, mit wem Sie chatten m\u00f6chten (Geschlecht, Interessen usw.).<\/li>\n<li>Klicken Sie auf \"Start\", und Sie werden sofort mit jemandem zusammengebracht, der bereit ist f\u00fcr eine lustige, hei\u00dfe Unterhaltung.<\/li>\n<li>Wenn die Dinge unangenehm, zu zahm oder einfach nichts f\u00fcr Sie sind? Klicken Sie auf \"Weiter\" und erkunden Sie weiter.<\/li>\n<\/ol>\n<p>Die meisten Plattformen verlangen nicht viele pers\u00f6nliche Angaben. Verwenden Sie einen Spitznamen, halten Sie sich zur\u00fcck und entscheiden Sie selbst, wie viel Sie preisgeben m\u00f6chten.<\/p>\n<h2>Beliebte Plattformen f\u00fcr Hot Video Chat<\/h2>\n<p>Sie suchen nach dem richtigen Ort, um die Stimmung aufzulockern? Einige der besten Plattformen f\u00fcr pikante, verspielte Videochats sind:<\/p>\n<ul>\n<li>Flingster: Ber\u00fchmt f\u00fcr anonyme, hei\u00dfe Video-Chats nur f\u00fcr Erwachsene mit allen Geschlechtern und Paaren.<\/li>\n<li>Chatrandom (Erwachsenenbereich): Bietet Geschlechts- und Paarfilter und viele wilde, zuf\u00e4llige Begegnungen.<\/li>\n<li>CooMeet: Bekannt f\u00fcr hei\u00dfe Videochats mit frauengepr\u00fcften Nutzerinnen und sofortige Verbindungen.<\/li>\n<li>LuckyCrush: Verbindet zuf\u00e4llig M\u00e4nner mit Frauen f\u00fcr Live-Flirt-Chats.<\/li>\n<li>Chatspin (Erwachsenenmodus): F\u00fcgt spielerische Filter und Chatoptionen f\u00fcr Erwachsene hinzu.<\/li>\n<li>Bazoocam: Aufgeschlossener, zuf\u00e4lliger Video-Chat mit viel Flirt und Gruppenspa\u00df.<\/li>\n<\/ul>\n<p>\u00dcberpr\u00fcfen Sie immer die Altersanforderungen - die meisten hei\u00dfen Video-Chat-Seiten sind nur f\u00fcr Nutzer ab 18 Jahren geeignet.<\/p>\n<h2>Warum Menschen Hot Video Chat lieben<\/h2>\n<p>F\u00fcr viele liegt die Anziehungskraft auf der Hand: Es ist so aufregend wie ein echter Flirt, aber sicherer und flexibler.<\/p>\n<ul>\n<li>Sofortige Chemie: Sehen Sie sofort, ob der Funke \u00fcberspringt, ohne endlose Nachrichten\u00fcbermittlung.<\/li>\n<li>Globale Reichweite: Treffen Sie flirtwillige, lustige Leute aus der ganzen Welt.<\/li>\n<li>Kein Druck: Nicht Ihr Ding? \u00dcberspringen Sie es einfach und finden Sie jemand Neues.<\/li>\n<li>Spontaneit\u00e4t: Jedes Gespr\u00e4ch ist eine \u00dcberraschung - manchmal wild, manchmal albern, immer echt.<\/li>\n<li>Freiheit: Sie k\u00f6nnen Grenzen setzen, Ihr Tempo selbst bestimmen und sicher erkunden.<\/li>\n<\/ul>\n<p>\"Ich liebe hei\u00dfe Videochats, weil man nie wei\u00df, wen man trifft. Manchmal wird geflirtet, manchmal ist es einfach nur lustig, und man kann immer weiterziehen, wenn es nicht klappt.\"<\/p>\n<p>\"Es ist, als ginge ich auf eine Party, aber von meiner Couch aus. Es ist immer jemand Interessantes online!\"<\/p>\n<h2>Sicherer Aufenthalt im kostenlosen Hot Video Chat<\/h2>\n<p>Die meisten Menschen sind dort, um sich zu am\u00fcsieren und Kontakte zu kn\u00fcpfen, aber mit ein paar klugen Schachz\u00fcgen k\u00f6nnen Sie Ihre Erfahrungen positiv gestalten:<\/p>\n<ul>\n<li>Geben Sie niemals pers\u00f6nliche Details preis - verwenden Sie einen Spitznamen und halten Sie Ihren Hintergrund neutral.<\/li>\n<li>Legen Sie Ihre eigenen Grenzen fest und kommunizieren Sie diese klar.<\/li>\n<li>Wenn jemand unh\u00f6flich ist oder Ihnen Unbehagen bereitet, verwenden Sie sofort die Schaltfl\u00e4che \"Blockieren\" oder \"Melden\".<\/li>\n<li>Senden Sie keine expliziten Bilder oder pers\u00f6nlichen Informationen, wenn Sie sich nicht 100% sicher sind.<\/li>\n<li>Wenn Sie Ihre Privatsph\u00e4re sch\u00fctzen m\u00f6chten, sollten Sie Plattformen nutzen, die keine Registrierung erfordern und keine Chatprotokolle speichern.<\/li>\n<\/ul>\n<p>Ein wenig Vorsicht sorgt f\u00fcr viel mehr Spa\u00df.<\/p>\n<h2>Kostenloser vs. kostenpflichtiger Hot Video Chat<\/h2>\n<p>Die meisten Plattformen bieten kostenlose, zuf\u00e4llige hei\u00dfe Videochats als Kernleistung an. Einige bieten zus\u00e4tzlich kostenpflichtige Funktionen wie spezielle Filter, Geschenke oder \"Priorit\u00e4ts\"-Matches. Hier ist, wie sie zu vergleichen:<\/p>\n<table>\n<thead>\n<tr>\n<th>Merkmal<\/th>\n<th>Kostenloser hei\u00dfer Video-Chat<\/th>\n<th>Bezahlter Hot Video Chat<\/th>\n<\/tr>\n<\/thead>\n<tbody>\n<tr>\n<td>Keine Kosten<\/td>\n<td>\u2705<\/td>\n<td>\u274c<\/td>\n<\/tr>\n<tr>\n<td>Anonym\/zuf\u00e4llig<\/td>\n<td>\u2705<\/td>\n<td>\u2705<\/td>\n<\/tr>\n<tr>\n<td>Filter f\u00fcr Geschlecht und Interessen<\/td>\n<td>\u2705 (bei einigen)<\/td>\n<td>\u2705<\/td>\n<\/tr>\n<tr>\n<td>Virtuelle Geschenke und Extras<\/td>\n<td>\u274c<\/td>\n<td>\u2705<\/td>\n<\/tr>\n<tr>\n<td>Priorit\u00e4tsabgleich<\/td>\n<td>\u274c<\/td>\n<td>\u2705<\/td>\n<\/tr>\n<tr>\n<td>Zimmer nur f\u00fcr Erwachsene<\/td>\n<td>\u2705 (die meisten Standorte)<\/td>\n<td>\u2705<\/td>\n<\/tr>\n<\/tbody>\n<\/table>\n<p>Die meisten Nutzer erhalten mit den kostenlosen Optionen alles, was sie brauchen. Kostenpflichtige Funktionen sind nur Extras f\u00fcr diejenigen, die ein wenig mehr Kontrolle oder Spa\u00df haben wollen.<\/p>\n<h2>Hei\u00dfer Video-Chat vs. normaler Video-Chat<\/h2>\n<table>\n<thead>\n<tr>\n<th>Merkmal<\/th>\n<th>Hei\u00dfer Video-Chat<\/th>\n<th>Regelm\u00e4\u00dfiger Video-Chat<\/th>\n<th>Dating-Apps<\/th>\n<th>Text-Chat<\/th>\n<\/tr>\n<\/thead>\n<tbody>\n<tr>\n<td>Flirtende, aufgeschlossene Benutzer<\/td>\n<td>\u2705<\/td>\n<td>\u274c<\/td>\n<td>\u2705<\/td>\n<td>\u274c<\/td>\n<\/tr>\n<tr>\n<td>Anonymes\/schnelles \u00dcberspringen<\/td>\n<td>\u2705<\/td>\n<td>\u2705<\/td>\n<td>\u274c<\/td>\n<td>\u2705<\/td>\n<\/tr>\n<tr>\n<td>Inhalte f\u00fcr Erwachsene erlaubt<\/td>\n<td>\u2705<\/td>\n<td>\u274c<\/td>\n<td>\u2705\/\u274c<\/td>\n<td>\u274c<\/td>\n<\/tr>\n<tr>\n<td>Einzelunterricht und Gruppenunterricht<\/td>\n<td>\u2705<\/td>\n<td>\u2705<\/td>\n<td>\u2705<\/td>\n<td>\u2705<\/td>\n<\/tr>\n<tr>\n<td>Kostenlose Nutzung<\/td>\n<td>\u2705<\/td>\n<td>\u2705<\/td>\n<td>\u2705\/\u274c<\/td>\n<td>\u2705<\/td>\n<\/tr>\n<\/tbody>\n<\/table>\n<p>Bei einem hei\u00dfen Videochat geht es nicht ausschlie\u00dflich um Verabredungen, sondern um sofortige, ungefilterte Kontakte, Spa\u00df und Aufregung.<\/p>\n<h2>Tipps f\u00fcr eine optimale Nutzung Ihrer Erfahrung<\/h2>\n<ul>\n<li>Sei du selbst: Ein hei\u00dfer Chat ist am besten, wenn Sie entspannt und echt sind.<\/li>\n<li>Setzen Sie Grenzen: Legen Sie im Voraus fest, was f\u00fcr Sie in Ordnung ist, und halten Sie sich daran.<\/li>\n<li>Flirten Sie mit Respekt: Selbstvertrauen ist attraktiv - Grobheit nicht.<\/li>\n<li>Haben Sie Spa\u00df: Versuchen Sie spielerische Filter, Spiele oder Themen, um das Eis zu brechen.<\/li>\n<li>Nehmen Sie es nicht zu ernst: Wenn die Stimmung nicht stimmt, ziehen Sie einfach weiter.<\/li>\n<\/ul>\n<p>Und respektieren Sie immer die Bequemlichkeit der anderen Person. Die besten hei\u00dfen Videochats entstehen, wenn beide Leute Spa\u00df haben.<\/p>\n<h2>Wann und warum Sie Hot Video Chat ausprobieren sollten<\/h2>\n<p>Es gibt viele Gr\u00fcnde, um einzutauchen:<\/p>\n<ul>\n<li>Bringen Sie Schwung in einen langweiligen Abend mit echter Unterhaltung und Flirtatmosph\u00e4re<\/li>\n<li>Entdecke deine spielerische Seite in einem sicheren, anonymen Raum<\/li>\n<li>Treffen Sie aufgeschlossene Menschen aus der ganzen Welt - keine Reise erforderlich!<\/li>\n<li>Genie\u00dfen Sie sofortige Verbindungen, ohne lange Wartezeiten oder komplizierte Anmeldungen<\/li>\n<li>Erleben Sie den Nervenkitzel, nie zu wissen, wer der N\u00e4chste ist<\/li>\n<\/ul>\n<p>Egal, ob du Single bist, eine Beziehung hast oder einfach nur sehen willst, was es da drau\u00dfen gibt, mit Hot Video Chat kannst du deine Neugierde erforschen und dich auf deine Weise verbinden.<\/p>\n<p>Hei\u00dfe Videochat-Plattformen sind mehr als nur ein Trend - sie sind eine neue M\u00f6glichkeit, sich online zu treffen, zu flirten und Spa\u00df zu haben. Vom kostenlosen, zuf\u00e4lligen Videochat mit Fremden bis hin zu privaten R\u00e4umen nur f\u00fcr Erwachsene ist f\u00fcr jeden etwas dabei, der die Stimmung aufheizen und echte, unvergessliche Kontakte kn\u00fcpfen m\u00f6chte.<\/p>\n<p>Sind Sie bereit zu erfahren, was Sie auf der anderen Seite des Bildschirms erwartet? Starten Sie noch heute einen hei\u00dfen Video-Chat und entdecken Sie, wie aufregend Online-Unterhaltungen sein k\u00f6nnen.<\/p>\n<p>Wer wei\u00df? Ihr n\u00e4chster unvergesslicher Moment k\u00f6nnte nur einen Klick entfernt sein.<\/p>","protected":false},"excerpt":{"rendered":"<p>Looking for more than just a friendly hello? Want to add a little spark to your night, or meet someone new who\u2019s as bold and spontaneous as you are? That\u2019s where video chat hot sites come in. These platforms aren\u2019t just about saying hi\u2014they\u2019re about excitement, chemistry, and connecting with people who are open to [&hellip;]<\/p>\n","protected":false},"author":8,"featured_media":0,"parent":0,"menu_order":0,"comment_status":"closed","ping_status":"closed","template":"","meta":{"footnotes":""},"class_list":["post-13277","page","type-page","status-publish","hentry"],"yoast_head":"<!-- This site is optimized with the Yoast SEO plugin v27.5 - https:\/\/yoast.com\/product\/yoast-seo-wordpress\/ -->\n<title>Video Chat Hot with Video Chat on TinyChat.com<\/title>\n<meta name=\"description\" content=\"Enjoying Video Chat Hot? Join over 50,000,000 strangers on TinyChat! Turn on your cam and start meeting new people, or find a match.\" \/>\n<meta name=\"robots\" content=\"index, follow, max-snippet:-1, max-image-preview:large, max-video-preview:-1\" \/>\n<link rel=\"canonical\" href=\"https:\/\/tinychat.com\/de\/video-chat-hot\/\" \/>\n<meta property=\"og:locale\" content=\"de_DE\" \/>\n<meta property=\"og:type\" content=\"article\" \/>\n<meta property=\"og:title\" content=\"Video Chat Hot with Video Chat on TinyChat.com\" \/>\n<meta property=\"og:description\" content=\"Enjoying Video Chat Hot? Join over 50,000,000 strangers on TinyChat! Turn on your cam and start meeting new people, or find a match.\" \/>\n<meta property=\"og:url\" content=\"https:\/\/tinychat.com\/de\/video-chat-hot\/\" \/>\n<meta property=\"og:site_name\" content=\"TinyChat\" \/>\n<meta property=\"article:publisher\" content=\"https:\/\/www.facebook.com\/tinychat\" \/>\n<meta property=\"og:image\" content=\"https:\/\/tinychat.com\/wp-content\/uploads\/2020\/04\/Tinychat-logo-1280x284-new-black.png\" \/>\n\t<meta property=\"og:image:width\" content=\"1280\" \/>\n\t<meta property=\"og:image:height\" content=\"284\" \/>\n\t<meta property=\"og:image:type\" content=\"image\/png\" \/>\n<meta name=\"twitter:card\" content=\"summary_large_image\" \/>\n<meta name=\"twitter:site\" content=\"@tinychat\" \/>\n<meta name=\"twitter:label1\" content=\"Gesch\u00e4tzte Lesezeit\" \/>\n\t<meta name=\"twitter:data1\" content=\"5\u00a0Minuten\" \/>\n<script type=\"application\/ld+json\" class=\"yoast-schema-graph\">{\"@context\":\"https:\\\/\\\/schema.org\",\"@graph\":[{\"@type\":\"WebPage\",\"@id\":\"https:\\\/\\\/tinychat.com\\\/video-chat-hot\\\/\",\"url\":\"https:\\\/\\\/tinychat.com\\\/video-chat-hot\\\/\",\"name\":\"Video Chat Hot with Video Chat on TinyChat.com\",\"isPartOf\":{\"@id\":\"https:\\\/\\\/tinychat.com\\\/#website\"},\"datePublished\":\"2025-06-17T12:25:46+00:00\",\"description\":\"Enjoying Video Chat Hot? Join over 50,000,000 strangers on TinyChat! Turn on your cam and start meeting new people, or find a match.\",\"breadcrumb\":{\"@id\":\"https:\\\/\\\/tinychat.com\\\/video-chat-hot\\\/#breadcrumb\"},\"inLanguage\":\"de\",\"potentialAction\":[{\"@type\":\"ReadAction\",\"target\":[\"https:\\\/\\\/tinychat.com\\\/video-chat-hot\\\/\"]}]},{\"@type\":\"BreadcrumbList\",\"@id\":\"https:\\\/\\\/tinychat.com\\\/video-chat-hot\\\/#breadcrumb\",\"itemListElement\":[{\"@type\":\"ListItem\",\"position\":1,\"name\":\"Home\",\"item\":\"https:\\\/\\\/tinychat.com\\\/\"},{\"@type\":\"ListItem\",\"position\":2,\"name\":\"Video Chat Hot\"}]},{\"@type\":\"WebSite\",\"@id\":\"https:\\\/\\\/tinychat.com\\\/#website\",\"url\":\"https:\\\/\\\/tinychat.com\\\/\",\"name\":\"TinyChat\",\"description\":\"Random Video Chat with Strangers\",\"publisher\":{\"@id\":\"https:\\\/\\\/tinychat.com\\\/#organization\"},\"alternateName\":\"TinyChat.com\",\"potentialAction\":[{\"@type\":\"SearchAction\",\"target\":{\"@type\":\"EntryPoint\",\"urlTemplate\":\"https:\\\/\\\/tinychat.com\\\/?s={search_term_string}\"},\"query-input\":{\"@type\":\"PropertyValueSpecification\",\"valueRequired\":true,\"valueName\":\"search_term_string\"}}],\"inLanguage\":\"de\"},{\"@type\":\"Organization\",\"@id\":\"https:\\\/\\\/tinychat.com\\\/#organization\",\"name\":\"TinyChat\",\"alternateName\":\"TinyChat.com\",\"url\":\"https:\\\/\\\/tinychat.com\\\/\",\"logo\":{\"@type\":\"ImageObject\",\"inLanguage\":\"de\",\"@id\":\"https:\\\/\\\/tinychat.com\\\/#\\\/schema\\\/logo\\\/image\\\/\",\"url\":\"https:\\\/\\\/tinychat.com\\\/wp-content\\\/uploads\\\/2023\\\/11\\\/Tinychat-icon-square.png\",\"contentUrl\":\"https:\\\/\\\/tinychat.com\\\/wp-content\\\/uploads\\\/2023\\\/11\\\/Tinychat-icon-square.png\",\"width\":284,\"height\":284,\"caption\":\"TinyChat\"},\"image\":{\"@id\":\"https:\\\/\\\/tinychat.com\\\/#\\\/schema\\\/logo\\\/image\\\/\"},\"sameAs\":[\"https:\\\/\\\/www.facebook.com\\\/tinychat\",\"https:\\\/\\\/x.com\\\/tinychat\"]}]}<\/script>\n<!-- \/ Yoast SEO plugin. -->","yoast_head_json":{"title":"Video Chat Hot mit Video Chat auf TinyChat.com","description":"Lust auf Video-Chat Hot? Schlie\u00dfen Sie sich \u00fcber 50.000.000 Fremden auf TinyChat an! Schalte deine Kamera ein und fange an, neue Leute zu treffen, oder finde einen Partner.","robots":{"index":"index","follow":"follow","max-snippet":"max-snippet:-1","max-image-preview":"max-image-preview:large","max-video-preview":"max-video-preview:-1"},"canonical":"https:\/\/tinychat.com\/de\/video-chat-hot\/","og_locale":"de_DE","og_type":"article","og_title":"Video Chat Hot with Video Chat on TinyChat.com","og_description":"Enjoying Video Chat Hot? Join over 50,000,000 strangers on TinyChat! Turn on your cam and start meeting new people, or find a match.","og_url":"https:\/\/tinychat.com\/de\/video-chat-hot\/","og_site_name":"TinyChat","article_publisher":"https:\/\/www.facebook.com\/tinychat","og_image":[{"width":1280,"height":284,"url":"https:\/\/tinychat.com\/wp-content\/uploads\/2020\/04\/Tinychat-logo-1280x284-new-black.png","type":"image\/png"}],"twitter_card":"summary_large_image","twitter_site":"@tinychat","twitter_misc":{"Gesch\u00e4tzte Lesezeit":"5\u00a0Minuten"},"schema":{"@context":"https:\/\/schema.org","@graph":[{"@type":"WebPage","@id":"https:\/\/tinychat.com\/video-chat-hot\/","url":"https:\/\/tinychat.com\/video-chat-hot\/","name":"Video Chat Hot mit Video Chat auf TinyChat.com","isPartOf":{"@id":"https:\/\/tinychat.com\/#website"},"datePublished":"2025-06-17T12:25:46+00:00","description":"Lust auf Video-Chat Hot? Schlie\u00dfen Sie sich \u00fcber 50.000.000 Fremden auf TinyChat an! Schalte deine Kamera ein und fange an, neue Leute zu treffen, oder finde einen Partner.","breadcrumb":{"@id":"https:\/\/tinychat.com\/video-chat-hot\/#breadcrumb"},"inLanguage":"de","potentialAction":[{"@type":"ReadAction","target":["https:\/\/tinychat.com\/video-chat-hot\/"]}]},{"@type":"BreadcrumbList","@id":"https:\/\/tinychat.com\/video-chat-hot\/#breadcrumb","itemListElement":[{"@type":"ListItem","position":1,"name":"Home","item":"https:\/\/tinychat.com\/"},{"@type":"ListItem","position":2,"name":"Video Chat Hot"}]},{"@type":"WebSite","@id":"https:\/\/tinychat.com\/#website","url":"https:\/\/tinychat.com\/","name":"TinyChat","description":"Zuf\u00e4lliger Video-Chat mit Fremden","publisher":{"@id":"https:\/\/tinychat.com\/#organization"},"alternateName":"TinyChat.com","potentialAction":[{"@type":"SearchAction","target":{"@type":"EntryPoint","urlTemplate":"https:\/\/tinychat.com\/?s={search_term_string}"},"query-input":{"@type":"PropertyValueSpecification","valueRequired":true,"valueName":"search_term_string"}}],"inLanguage":"de"},{"@type":"Organization","@id":"https:\/\/tinychat.com\/#organization","name":"TinyChat","alternateName":"TinyChat.com","url":"https:\/\/tinychat.com\/","logo":{"@type":"ImageObject","inLanguage":"de","@id":"https:\/\/tinychat.com\/#\/schema\/logo\/image\/","url":"https:\/\/tinychat.com\/wp-content\/uploads\/2023\/11\/Tinychat-icon-square.png","contentUrl":"https:\/\/tinychat.com\/wp-content\/uploads\/2023\/11\/Tinychat-icon-square.png","width":284,"height":284,"caption":"TinyChat"},"image":{"@id":"https:\/\/tinychat.com\/#\/schema\/logo\/image\/"},"sameAs":["https:\/\/www.facebook.com\/tinychat","https:\/\/x.com\/tinychat"]}]}},"_links":{"self":[{"href":"https:\/\/tinychat.com\/de\/wp-json\/wp\/v2\/pages\/13277","targetHints":{"allow":["GET"]}}],"collection":[{"href":"https:\/\/tinychat.com\/de\/wp-json\/wp\/v2\/pages"}],"about":[{"href":"https:\/\/tinychat.com\/de\/wp-json\/wp\/v2\/types\/page"}],"author":[{"embeddable":true,"href":"https:\/\/tinychat.com\/de\/wp-json\/wp\/v2\/users\/8"}],"replies":[{"embeddable":true,"href":"https:\/\/tinychat.com\/de\/wp-json\/wp\/v2\/comments?post=13277"}],"version-history":[{"count":2,"href":"https:\/\/tinychat.com\/de\/wp-json\/wp\/v2\/pages\/13277\/revisions"}],"predecessor-version":[{"id":13279,"href":"https:\/\/tinychat.com\/de\/wp-json\/wp\/v2\/pages\/13277\/revisions\/13279"}],"wp:attachment":[{"href":"https:\/\/tinychat.com\/de\/wp-json\/wp\/v2\/media?parent=13277"}],"curies":[{"name":"wp","href":"https:\/\/api.w.org\/{rel}","templated":true}]}}