{"id":13405,"date":"2025-08-04T18:20:02","date_gmt":"2025-08-04T16:20:02","guid":{"rendered":"https:\/\/tinychat.com\/?page_id=13405"},"modified":"2025-08-04T18:20:02","modified_gmt":"2025-08-04T16:20:02","slug":"free-video-call-app-with-random-girl","status":"publish","type":"page","link":"https:\/\/tinychat.com\/de\/free-video-call-app-with-random-girl\/","title":{"rendered":"Kostenlose Videoanruf-App mit zuf\u00e4lligem M\u00e4dchen"},"content":{"rendered":"<p>Im Zeitalter der sofortigen Verbindung war die Idee, von Angesicht zu Angesicht mit einem Fremden zu chatten, noch nie so aufregend - oder so zug\u00e4nglich. Eine kostenlose App f\u00fcr Videoanrufe mit zuf\u00e4lligen M\u00e4dchen macht es m\u00f6glich, echte Frauen aus der ganzen Welt zu treffen und mit ihnen zu sprechen, direkt von Ihrem Telefon oder Laptop aus, zu jeder Zeit. Egal, ob Sie auf der Suche nach neuen Freunden sind, einen Flirt suchen oder einfach nur sehen wollen, wen Sie als N\u00e4chstes treffen, diese Apps machen jede Nacht zu einem Abenteuer.<\/p>\n<p>Wenn Sie neugierig sind, wie diese Plattformen funktionieren, was sie unterscheidet und wie Sie die beste und sicherste Erfahrung machen k\u00f6nnen, sind Sie hier genau richtig. Lassen Sie uns die Welt der kostenlosen Videoanruf-Apps erkunden, um mit zuf\u00e4lligen M\u00e4dchen online in Kontakt zu treten.<\/p>\n<h2>Was ist eine kostenlose Videoanruf-App mit zuf\u00e4lligem M\u00e4dchen?<\/h2>\n<p>Eine kostenlose App f\u00fcr Videoanrufe mit zuf\u00e4lligen M\u00e4dchen ist genau das, wonach es klingt: eine App oder Plattform, mit der Sie sofort per Videochat mit Frauen in Kontakt treten k\u00f6nnen, die ebenfalls auf der Suche nach neuen Bekanntschaften sind. Mit einem Klick k\u00f6nnen Sie ein spontanes Gespr\u00e4ch von Angesicht zu Angesicht mit jemandem f\u00fchren, den Sie noch nie zuvor getroffen haben - ohne Registrierung, Bezahlung oder komplizierte Einrichtung.<\/p>\n<p>Diese Plattformen bieten:<\/p>\n<ul>\n<li>Zuf\u00e4lliges Matching: Werde sofort mit einem M\u00e4dchen irgendwo auf der Welt gepaart.<\/li>\n<li>Keine Kosten: Viele f\u00fchrende Apps und Websites sind v\u00f6llig kostenlos zu nutzen.<\/li>\n<li>Anonymit\u00e4t und Privatsph\u00e4re: Sie entscheiden, was Sie wann weitergeben m\u00f6chten; verwenden Sie einen Spitznamen, wenn Sie m\u00f6chten.<\/li>\n<li>Flexible Chat-Optionen: Wechseln Sie je nach Komfort zwischen Video-, Audio- oder Text-Chat.<\/li>\n<\/ul>\n<p>Es geht um echte Unterhaltungen, echte Chemie und echte Menschen - nicht um Bots oder gef\u00e4lschte Profile.<\/p>\n<h2>Warum benutzen so viele Menschen zuf\u00e4llige Videoanruf-Apps mit M\u00e4dchen?<\/h2>\n<p>Die Unvorhersehbarkeit eines zuf\u00e4lligen Videochats hat etwas einzigartig Aufregendes, vor allem, wenn Sie auf der Suche nach Frauen sind, die offen und freundlich sind und sich auf neue Erfahrungen einlassen. Hier ist, warum diese Apps so beliebt sind:<\/p>\n<ul>\n<li>Durchbrechen Sie die Routine: Jede Unterhaltung ist neu und anders - keine langweiligen Gruppenchats oder endloses Swipen mehr.<\/li>\n<li>Sofortige Chemie: Sie sehen und h\u00f6ren Ihren Gespr\u00e4chspartner in Echtzeit, was es leichter macht, eine Verbindung herzustellen.<\/li>\n<li>\u00dcben Sie Flirten oder soziale F\u00e4higkeiten: Hervorragend geeignet, um in einer spielerischen Umgebung mit wenig Druck Selbstvertrauen aufzubauen.<\/li>\n<li>Globale Reichweite: Treffen Sie M\u00e4dchen aus verschiedenen Kulturen, Hintergr\u00fcnden und L\u00e4ndern.<\/li>\n<li>Sicherer, anonymer Spa\u00df: Bleiben Sie so privat wie Sie m\u00f6chten, bis Sie mehr teilen m\u00f6chten.<\/li>\n<\/ul>\n<blockquote><p>\"Ich habe eine kostenlose App f\u00fcr Videoanrufe mit zuf\u00e4lligen M\u00e4dchen heruntergeladen, nur aus Neugierde, aber jetzt benutze ich sie st\u00e4ndig. Einige Chats sind albern, andere sind kokett, und einige haben sich zu echten Freundschaften entwickelt.\"<\/p><\/blockquote>\n<h2>Beste Apps f\u00fcr kostenlose Videoanrufe mit zuf\u00e4lligen M\u00e4dchen<\/h2>\n<p>Sie fragen sich, wo Sie anfangen sollen? Hier sind einige der beliebtesten und zuverl\u00e4ssigsten Optionen, um M\u00e4dchen durch kostenlose Videoanrufe zu treffen:<\/p>\n<h3>1. CooMeet<\/h3>\n<p>Eine bekannte App, die entwickelt wurde, um M\u00e4nner mit verifizierten Frauen zu verbinden. Jeder Nutzer ist echt, und Geschlechtsfilter machen es einfach, nur mit Frauen zu chatten. Schnell, einfach, und weltweit beliebt.<\/p>\n<h3>2. Omegle (mit Girl-Filter)<\/h3>\n<p>Klassisch f\u00fcr zuf\u00e4llige Video-Chats: Es gibt zwar keinen eingebauten Geschlechtsfilter auf Omegle, aber einige Websites und Erweiterungen von Drittanbietern machen es einfacher, Frauen zu finden.<\/p>\n<h3>3. LuckyCrush<\/h3>\n<p>Bringt M\u00e4nner und Frauen aus der ganzen Welt sofort f\u00fcr private, zuf\u00e4llige Video-Chats zusammen. Keine Anmeldung erforderlich, und Sie k\u00f6nnen jederzeit zum n\u00e4chsten Anruf \u00fcbergehen.<\/p>\n<h3>4. Chatspin<\/h3>\n<p>Bietet Video-Chat mit optionalen Geschlechtsfiltern, Interessen-Tags und einer reibungslosen, benutzerfreundlichen Oberfl\u00e4che. Verf\u00fcgbar f\u00fcr Handy und Desktop.<\/p>\n<h3>5. Chatrandom (M\u00e4dchen-Chat-Modus)<\/h3>\n<p>Eine gro\u00dfe, aktive Community und ein spezieller Bereich nur f\u00fcr Chats mit M\u00e4dchen. Kostenlos, mit der Option auf ein Upgrade f\u00fcr mehr Funktionen.<\/p>\n<blockquote><p>Tipp: Verwenden Sie immer offizielle Apps oder seri\u00f6se Websites. Vermeiden Sie unbekannte Apps, die nach unn\u00f6tigen Berechtigungen oder Vorauszahlungen fragen.<\/p><\/blockquote>\n<h2>Wie funktioniert eine App f\u00fcr zuf\u00e4llige Videoanrufe mit M\u00e4dchen?<\/h2>\n<p>Es ist unglaublich einfach - keine technischen Kenntnisse erforderlich:<\/p>\n<ol>\n<li>Laden Sie die App herunter oder besuchen Sie die Website. Viele Optionen sind sowohl f\u00fcr iOS als auch f\u00fcr Android verf\u00fcgbar oder funktionieren direkt in Ihrem Browser.<\/li>\n<li>W\u00e4hlen Sie Ihre Pr\u00e4ferenzen. Bei den meisten Apps k\u00f6nnen Sie nach Geschlecht, Standort oder Interessen filtern.<\/li>\n<li>Zugriff auf Kamera\/Mikrofon zulassen. Sie bestimmen, wann die Kamera ein- oder ausgeschaltet werden soll.<\/li>\n<li>Klicken Sie auf \"Start\" oder \"Verbinden\". Sie werden sofort mit einem zuf\u00e4lligen M\u00e4dchen gepaart, das ebenfalls online ist.<\/li>\n<li>Plaudern Sie, lachen Sie, und sehen Sie, wohin es f\u00fchrt. Wenn dir die Stimmung nicht gef\u00e4llt, dr\u00fcckst du einfach auf \"Weiter\", um jemand Neues kennenzulernen.<\/li>\n<\/ol>\n<p>Auf vielen Plattformen ist keine Anmeldung erforderlich, und die meisten bieten eine unbegrenzte Anzahl kostenloser Chats - perfekt f\u00fcr endlose Entdeckungen.<\/p>\n<h2>Kostenlose vs. kostenpflichtige Funktionen: Was ist der Unterschied?<\/h2>\n<p>Die meisten kostenlosen Videoanruf-Apps mit zuf\u00e4lligen M\u00e4dchen-Plattformen bieten Ihnen das Wesentliche ohne Kosten, aber einige bieten kostenpflichtige Extras:<\/p>\n<table>\n<thead>\n<tr>\n<th>Merkmal<\/th>\n<th>Kostenlose Version<\/th>\n<th>Kostenpflichtige Version<\/th>\n<\/tr>\n<\/thead>\n<tbody>\n<tr>\n<td>Zuf\u00e4lliger Videoabgleich<\/td>\n<td>\u2705<\/td>\n<td>\u2705<\/td>\n<\/tr>\n<tr>\n<td>Geschlechtsspezifische Filter<\/td>\n<td>\u2705 (Basis)<\/td>\n<td>\u2705 (fortgeschritten)<\/td>\n<\/tr>\n<tr>\n<td>Unbegrenzte \u00dcberspringungen\/Verbindungen<\/td>\n<td>\u2705 (kann begrenzt sein)<\/td>\n<td>\u2705 (unbegrenzt)<\/td>\n<\/tr>\n<tr>\n<td>Keine Anzeigen<\/td>\n<td>\u274c<\/td>\n<td>\u2705<\/td>\n<\/tr>\n<tr>\n<td>Vorrangiger oder exklusiver Zugang<\/td>\n<td>\u274c<\/td>\n<td>\u2705<\/td>\n<\/tr>\n<tr>\n<td>Virtuelle Geschenke und Aufkleber<\/td>\n<td>\u274c<\/td>\n<td>\u2705<\/td>\n<\/tr>\n<\/tbody>\n<\/table>\n<p>F\u00fcr die meisten Nutzer ist die kostenlose Version mehr als ausreichend. Kostenpflichtige Funktionen sind n\u00fctzlich, wenn Sie mehr Kontrolle, Privatsph\u00e4re oder ein werbefreies Erlebnis w\u00fcnschen.<\/p>\n<h2>Sicherheitstipps f\u00fcr zuf\u00e4llige Video-Chats mit M\u00e4dchen<\/h2>\n<p>Es macht Spa\u00df, online neue Leute kennenzulernen, aber die Sicherheit sollte immer an erster Stelle stehen. Hier erfahren Sie, wie Sie sicher bleiben:<\/p>\n<ul>\n<li>Geben Sie niemals private Informationen weiter: Geben Sie Ihren echten Namen, Ihre Adresse, Ihre Telefonnummer oder Ihre sozialen Kontakte nicht preis, solange Sie niemandem vertrauen.<\/li>\n<li>Verwenden Sie einen neutralen Spitznamen: Behalten Sie Ihre wahre Identit\u00e4t f\u00fcr sich, bis Sie sich sicher f\u00fchlen.<\/li>\n<li>Achten Sie auf Ihren Hintergrund: Vermeiden Sie es, pers\u00f6nliche Gegenst\u00e4nde, Familienfotos oder Ihre Wohnadresse in die Kamera zu halten.<\/li>\n<li>Melden\/blockieren Sie schlechtes Verhalten: Die meisten Apps verf\u00fcgen \u00fcber Tools zum sofortigen Sperren und Melden - nutzen Sie diese f\u00fcr alles Verd\u00e4chtige oder Beleidigende.<\/li>\n<li>Schicken Sie kein Geld und klicken Sie nicht auf fremde Links: Sch\u00fctzen Sie sich vor Betrug oder Phishing-Versuchen.<\/li>\n<\/ul>\n<p>Die meisten Nutzer sind f\u00fcr einen freundlichen, ehrlichen Chat da, aber vertrauen Sie immer Ihrem Instinkt.<\/p>\n<h2>Wer benutzt kostenlose Videoanruf-Apps mit zuf\u00e4lligen M\u00e4dchen?<\/h2>\n<p>Die Antwort: so ziemlich jeder! Du wirst es finden:<\/p>\n<ul>\n<li>Singles auf der Suche nach Flirts oder zwanglosem Online-Dating<\/li>\n<li>Menschen, die neue Freunde und neue Perspektiven suchen<\/li>\n<li>Nachtschw\u00e4rmer, die bis sp\u00e4t in die Nacht Gesellschaft suchen<\/li>\n<li>Studenten \u00fcben neue Sprachen mit Muttersprachlern<\/li>\n<li>Wer sich zu Hause langweilt und Lust auf etwas Spontanes und Neues hat<\/li>\n<\/ul>\n<p>Es ist eine der vielf\u00e4ltigsten und unberechenbarsten Online-Communities - jeder Chat ist eine neue Geschichte.<\/p>\n<h2>Wor\u00fcber man mit zuf\u00e4lligen M\u00e4dchen im Video-Chat spricht<\/h2>\n<p>Sie wissen nicht, wie Sie anfangen sollen? Versuchen Sie diese Ideen:<\/p>\n<ul>\n<li>Hobbys, Lieblingsmusik und -filme<\/li>\n<li>Geschichten \u00fcber Essen und Reisen - wohin w\u00fcrden Sie reisen, wenn Geld keine Rolle spielen w\u00fcrde?<\/li>\n<li>Alberne \"W\u00fcrden Sie lieber\"-Fragen oder Spiele zur Auflockerung<\/li>\n<li>Das Interessanteste, was Ihnen diese Woche passiert ist<\/li>\n<li>Kulturelle Unterschiede oder \"Wie ist es in Ihrem Land?\"<\/li>\n<li>Lustige Herausforderungen (wie etwas in 10 Sekunden zu zeichnen oder einen Witz zu erz\u00e4hlen)<\/li>\n<\/ul>\n<p>Das Wichtigste: Seien Sie Sie selbst! Die besten Kontakte entstehen, wenn Sie entspannt, freundlich und authentisch sind.<\/p>\n<h2>Kostenlose Videoanruf-App mit zuf\u00e4lligem M\u00e4dchen im Vergleich zu anderen Chat-Apps<\/h2>\n<table>\n<thead>\n<tr>\n<th>Merkmal<\/th>\n<th>Kostenlose Videoanruf-App mit zuf\u00e4lligem M\u00e4dchen<\/th>\n<th>Messaging-Apps<\/th>\n<th>Dating-Apps<\/th>\n<th>Soziale Medien<\/th>\n<\/tr>\n<\/thead>\n<tbody>\n<tr>\n<td>Video in Echtzeit<\/td>\n<td>\u2705<\/td>\n<td>\u274c<\/td>\n<td>\u2705\/\u274c<\/td>\n<td>\u2705<\/td>\n<\/tr>\n<tr>\n<td>Zuf\u00e4lliger Abgleich<\/td>\n<td>\u2705<\/td>\n<td>\u274c<\/td>\n<td>\u2705\/\u274c<\/td>\n<td>\u274c<\/td>\n<\/tr>\n<tr>\n<td>Geschlechtsspezifische Filter<\/td>\n<td>\u2705<\/td>\n<td>\u274c<\/td>\n<td>\u2705<\/td>\n<td>\u274c<\/td>\n<\/tr>\n<tr>\n<td>Keine Anmeldung erforderlich<\/td>\n<td>\u2705<\/td>\n<td>\u274c<\/td>\n<td>\u274c<\/td>\n<td>\u274c<\/td>\n<\/tr>\n<tr>\n<td>Kostenlose Nutzung<\/td>\n<td>\u2705<\/td>\n<td>\u2705<\/td>\n<td>\u2705\/\u274c<\/td>\n<td>\u2705<\/td>\n<\/tr>\n<tr>\n<td>Option \u00dcberspringen\/N\u00e4chstes<\/td>\n<td>\u2705<\/td>\n<td>\u274c<\/td>\n<td>\u274c<\/td>\n<td>\u274c<\/td>\n<\/tr>\n<\/tbody>\n<\/table>\n<p>Diese Apps \u00fcberzeugen durch Spontaneit\u00e4t, Authentizit\u00e4t und Abwechslung pur.<\/p>\n<h2>Tipps f\u00fcr das beste Erlebnis<\/h2>\n<ul>\n<li>L\u00e4cheln Sie und gr\u00fc\u00dfen Sie - der erste Eindruck z\u00e4hlt!<\/li>\n<li>Nehmen Sie unangenehme Gespr\u00e4che nicht pers\u00f6nlich, sondern \u00fcberspringen Sie sie und versuchen Sie es erneut.<\/li>\n<li>Seien Sie respektvoll und bleiben Sie locker, wenn Sie sich der Stimmung Ihres Gegen\u00fcbers nicht sicher sind.<\/li>\n<li>Versuchen Sie, zu verschiedenen Zeiten zu chatten, um Menschen aus der ganzen Welt kennenzulernen.<\/li>\n<li>Mischen Sie Video- und Text-Chat je nach Ihrem Komfort.<\/li>\n<\/ul>\n<h2>Wann man eine kostenlose Videoanruf-App mit einem zuf\u00e4lligen M\u00e4dchen verwenden sollte<\/h2>\n<ul>\n<li>Wenn Sie sich langweilen und jemanden kennenlernen m\u00f6chten<\/li>\n<li>F\u00fcr n\u00e4chtliche Unterhaltungen oder einen schnellen Vertrauensschub<\/li>\n<li>Kennenlernen anderer Kulturen oder Sprachen<\/li>\n<li>Wenn Sie auf der Suche nach einem Flirt oder einer echten Freundschaft sind<\/li>\n<li>Jedes Mal, wenn Sie aus Ihrer Routine ausbrechen und neue Gesichter entdecken wollen<\/li>\n<\/ul>\n<p>Eine kostenlose App f\u00fcr Videoanrufe mit einem zuf\u00e4lligen M\u00e4dchen ist der ultimative Weg, um eine langweilige Nacht in ein Abenteuer zu verwandeln, Freunde zu finden, Ihre sozialen F\u00e4higkeiten zu trainieren oder sogar eine kleine Romanze zu finden. Mit endlosen M\u00f6glichkeiten, ohne Druck und echten Gespr\u00e4chen ist die n\u00e4chste tolle Verbindung immer nur einen Klick entfernt.<\/p>\n<p>Sind Sie bereit, es auszuprobieren? Laden Sie eine erstklassige App f\u00fcr zuf\u00e4llige Videoanrufe herunter oder besuchen Sie jetzt eine kostenlose Website - Ihr n\u00e4chstes Lieblingsgespr\u00e4ch wartet schon!<\/p>","protected":false},"excerpt":{"rendered":"<p>In the age of instant connection, the idea of chatting face-to-face with a stranger has never been more exciting\u2014or more accessible. A free video call app with random girl makes it possible to meet and talk with real women from all around the world, right from your phone or laptop, at any hour. Whether you\u2019re [&hellip;]<\/p>\n","protected":false},"author":8,"featured_media":0,"parent":0,"menu_order":0,"comment_status":"closed","ping_status":"closed","template":"","meta":{"footnotes":""},"class_list":["post-13405","page","type-page","status-publish","hentry"],"yoast_head":"<!-- This site is optimized with the Yoast SEO plugin v27.5 - https:\/\/yoast.com\/product\/yoast-seo-wordpress\/ -->\n<title>Free Video Call App With Random Girl on TinyChat.com<\/title>\n<meta name=\"description\" content=\"Enjoying Free Video Call App With Random Girl? Join over 50,000,000 strangers on TinyChat! Turn on your cam and start meeting new people.\" \/>\n<meta name=\"robots\" content=\"index, follow, max-snippet:-1, max-image-preview:large, max-video-preview:-1\" \/>\n<link rel=\"canonical\" href=\"https:\/\/tinychat.com\/de\/free-video-call-app-with-random-girl\/\" \/>\n<meta property=\"og:locale\" content=\"de_DE\" \/>\n<meta property=\"og:type\" content=\"article\" \/>\n<meta property=\"og:title\" content=\"Free Video Call App With Random Girl on TinyChat.com\" \/>\n<meta property=\"og:description\" content=\"Enjoying Free Video Call App With Random Girl? Join over 50,000,000 strangers on TinyChat! Turn on your cam and start meeting new people.\" \/>\n<meta property=\"og:url\" content=\"https:\/\/tinychat.com\/de\/free-video-call-app-with-random-girl\/\" \/>\n<meta property=\"og:site_name\" content=\"TinyChat\" \/>\n<meta property=\"article:publisher\" content=\"https:\/\/www.facebook.com\/tinychat\" \/>\n<meta property=\"og:image\" content=\"https:\/\/tinychat.com\/wp-content\/uploads\/2020\/04\/Tinychat-logo-1280x284-new-black.png\" \/>\n\t<meta property=\"og:image:width\" content=\"1280\" \/>\n\t<meta property=\"og:image:height\" content=\"284\" \/>\n\t<meta property=\"og:image:type\" content=\"image\/png\" \/>\n<meta name=\"twitter:card\" content=\"summary_large_image\" \/>\n<meta name=\"twitter:site\" content=\"@tinychat\" \/>\n<meta name=\"twitter:label1\" content=\"Gesch\u00e4tzte Lesezeit\" \/>\n\t<meta name=\"twitter:data1\" content=\"6\u00a0Minuten\" \/>\n<script type=\"application\/ld+json\" class=\"yoast-schema-graph\">{\"@context\":\"https:\\\/\\\/schema.org\",\"@graph\":[{\"@type\":\"WebPage\",\"@id\":\"https:\\\/\\\/tinychat.com\\\/free-video-call-app-with-random-girl\\\/\",\"url\":\"https:\\\/\\\/tinychat.com\\\/free-video-call-app-with-random-girl\\\/\",\"name\":\"Free Video Call App With Random Girl on TinyChat.com\",\"isPartOf\":{\"@id\":\"https:\\\/\\\/tinychat.com\\\/#website\"},\"datePublished\":\"2025-08-04T16:20:02+00:00\",\"description\":\"Enjoying Free Video Call App With Random Girl? Join over 50,000,000 strangers on TinyChat! Turn on your cam and start meeting new people.\",\"breadcrumb\":{\"@id\":\"https:\\\/\\\/tinychat.com\\\/free-video-call-app-with-random-girl\\\/#breadcrumb\"},\"inLanguage\":\"de\",\"potentialAction\":[{\"@type\":\"ReadAction\",\"target\":[\"https:\\\/\\\/tinychat.com\\\/free-video-call-app-with-random-girl\\\/\"]}]},{\"@type\":\"BreadcrumbList\",\"@id\":\"https:\\\/\\\/tinychat.com\\\/free-video-call-app-with-random-girl\\\/#breadcrumb\",\"itemListElement\":[{\"@type\":\"ListItem\",\"position\":1,\"name\":\"Home\",\"item\":\"https:\\\/\\\/tinychat.com\\\/\"},{\"@type\":\"ListItem\",\"position\":2,\"name\":\"Free Video Call App With Random Girl\"}]},{\"@type\":\"WebSite\",\"@id\":\"https:\\\/\\\/tinychat.com\\\/#website\",\"url\":\"https:\\\/\\\/tinychat.com\\\/\",\"name\":\"TinyChat\",\"description\":\"Random Video Chat with Strangers\",\"publisher\":{\"@id\":\"https:\\\/\\\/tinychat.com\\\/#organization\"},\"alternateName\":\"TinyChat.com\",\"potentialAction\":[{\"@type\":\"SearchAction\",\"target\":{\"@type\":\"EntryPoint\",\"urlTemplate\":\"https:\\\/\\\/tinychat.com\\\/?s={search_term_string}\"},\"query-input\":{\"@type\":\"PropertyValueSpecification\",\"valueRequired\":true,\"valueName\":\"search_term_string\"}}],\"inLanguage\":\"de\"},{\"@type\":\"Organization\",\"@id\":\"https:\\\/\\\/tinychat.com\\\/#organization\",\"name\":\"TinyChat\",\"alternateName\":\"TinyChat.com\",\"url\":\"https:\\\/\\\/tinychat.com\\\/\",\"logo\":{\"@type\":\"ImageObject\",\"inLanguage\":\"de\",\"@id\":\"https:\\\/\\\/tinychat.com\\\/#\\\/schema\\\/logo\\\/image\\\/\",\"url\":\"https:\\\/\\\/tinychat.com\\\/wp-content\\\/uploads\\\/2023\\\/11\\\/Tinychat-icon-square.png\",\"contentUrl\":\"https:\\\/\\\/tinychat.com\\\/wp-content\\\/uploads\\\/2023\\\/11\\\/Tinychat-icon-square.png\",\"width\":284,\"height\":284,\"caption\":\"TinyChat\"},\"image\":{\"@id\":\"https:\\\/\\\/tinychat.com\\\/#\\\/schema\\\/logo\\\/image\\\/\"},\"sameAs\":[\"https:\\\/\\\/www.facebook.com\\\/tinychat\",\"https:\\\/\\\/x.com\\\/tinychat\"]}]}<\/script>\n<!-- \/ Yoast SEO plugin. -->","yoast_head_json":{"title":"Kostenlose Video Call App mit zuf\u00e4lligem M\u00e4dchen auf TinyChat.com","description":"Genie\u00dfen Sie die kostenlose Videoanruf-App mit einem zuf\u00e4lligen M\u00e4dchen? Schlie\u00dfen Sie sich \u00fcber 50.000.000 Fremden auf TinyChat! Schalten Sie Ihre Kamera ein und lernen Sie neue Leute kennen.","robots":{"index":"index","follow":"follow","max-snippet":"max-snippet:-1","max-image-preview":"max-image-preview:large","max-video-preview":"max-video-preview:-1"},"canonical":"https:\/\/tinychat.com\/de\/free-video-call-app-with-random-girl\/","og_locale":"de_DE","og_type":"article","og_title":"Free Video Call App With Random Girl on TinyChat.com","og_description":"Enjoying Free Video Call App With Random Girl? Join over 50,000,000 strangers on TinyChat! Turn on your cam and start meeting new people.","og_url":"https:\/\/tinychat.com\/de\/free-video-call-app-with-random-girl\/","og_site_name":"TinyChat","article_publisher":"https:\/\/www.facebook.com\/tinychat","og_image":[{"width":1280,"height":284,"url":"https:\/\/tinychat.com\/wp-content\/uploads\/2020\/04\/Tinychat-logo-1280x284-new-black.png","type":"image\/png"}],"twitter_card":"summary_large_image","twitter_site":"@tinychat","twitter_misc":{"Gesch\u00e4tzte Lesezeit":"6\u00a0Minuten"},"schema":{"@context":"https:\/\/schema.org","@graph":[{"@type":"WebPage","@id":"https:\/\/tinychat.com\/free-video-call-app-with-random-girl\/","url":"https:\/\/tinychat.com\/free-video-call-app-with-random-girl\/","name":"Kostenlose Video Call App mit zuf\u00e4lligem M\u00e4dchen auf TinyChat.com","isPartOf":{"@id":"https:\/\/tinychat.com\/#website"},"datePublished":"2025-08-04T16:20:02+00:00","description":"Genie\u00dfen Sie die kostenlose Videoanruf-App mit einem zuf\u00e4lligen M\u00e4dchen? Schlie\u00dfen Sie sich \u00fcber 50.000.000 Fremden auf TinyChat! Schalten Sie Ihre Kamera ein und lernen Sie neue Leute kennen.","breadcrumb":{"@id":"https:\/\/tinychat.com\/free-video-call-app-with-random-girl\/#breadcrumb"},"inLanguage":"de","potentialAction":[{"@type":"ReadAction","target":["https:\/\/tinychat.com\/free-video-call-app-with-random-girl\/"]}]},{"@type":"BreadcrumbList","@id":"https:\/\/tinychat.com\/free-video-call-app-with-random-girl\/#breadcrumb","itemListElement":[{"@type":"ListItem","position":1,"name":"Home","item":"https:\/\/tinychat.com\/"},{"@type":"ListItem","position":2,"name":"Free Video Call App With Random Girl"}]},{"@type":"WebSite","@id":"https:\/\/tinychat.com\/#website","url":"https:\/\/tinychat.com\/","name":"TinyChat","description":"Zuf\u00e4lliger Video-Chat mit Fremden","publisher":{"@id":"https:\/\/tinychat.com\/#organization"},"alternateName":"TinyChat.com","potentialAction":[{"@type":"SearchAction","target":{"@type":"EntryPoint","urlTemplate":"https:\/\/tinychat.com\/?s={search_term_string}"},"query-input":{"@type":"PropertyValueSpecification","valueRequired":true,"valueName":"search_term_string"}}],"inLanguage":"de"},{"@type":"Organization","@id":"https:\/\/tinychat.com\/#organization","name":"TinyChat","alternateName":"TinyChat.com","url":"https:\/\/tinychat.com\/","logo":{"@type":"ImageObject","inLanguage":"de","@id":"https:\/\/tinychat.com\/#\/schema\/logo\/image\/","url":"https:\/\/tinychat.com\/wp-content\/uploads\/2023\/11\/Tinychat-icon-square.png","contentUrl":"https:\/\/tinychat.com\/wp-content\/uploads\/2023\/11\/Tinychat-icon-square.png","width":284,"height":284,"caption":"TinyChat"},"image":{"@id":"https:\/\/tinychat.com\/#\/schema\/logo\/image\/"},"sameAs":["https:\/\/www.facebook.com\/tinychat","https:\/\/x.com\/tinychat"]}]}},"_links":{"self":[{"href":"https:\/\/tinychat.com\/de\/wp-json\/wp\/v2\/pages\/13405","targetHints":{"allow":["GET"]}}],"collection":[{"href":"https:\/\/tinychat.com\/de\/wp-json\/wp\/v2\/pages"}],"about":[{"href":"https:\/\/tinychat.com\/de\/wp-json\/wp\/v2\/types\/page"}],"author":[{"embeddable":true,"href":"https:\/\/tinychat.com\/de\/wp-json\/wp\/v2\/users\/8"}],"replies":[{"embeddable":true,"href":"https:\/\/tinychat.com\/de\/wp-json\/wp\/v2\/comments?post=13405"}],"version-history":[{"count":2,"href":"https:\/\/tinychat.com\/de\/wp-json\/wp\/v2\/pages\/13405\/revisions"}],"predecessor-version":[{"id":13407,"href":"https:\/\/tinychat.com\/de\/wp-json\/wp\/v2\/pages\/13405\/revisions\/13407"}],"wp:attachment":[{"href":"https:\/\/tinychat.com\/de\/wp-json\/wp\/v2\/media?parent=13405"}],"curies":[{"name":"wp","href":"https:\/\/api.w.org\/{rel}","templated":true}]}}