{"id":13409,"date":"2025-08-05T11:01:10","date_gmt":"2025-08-05T09:01:10","guid":{"rendered":"https:\/\/tinychat.com\/?page_id=13409"},"modified":"2025-08-05T11:01:10","modified_gmt":"2025-08-05T09:01:10","slug":"omegle-replacement","status":"publish","type":"page","link":"https:\/\/tinychat.com\/de\/omegle-replacement\/","title":{"rendered":"Omegle Ersatz"},"content":{"rendered":"<p>Als Omegle auf den Markt kam, ver\u00e4nderte es die Art und Weise, wie wir online Leute kennenlernen. Jeder konnte sofort in einen zuf\u00e4lligen Videochat mit einem Fremden einsteigen, ohne Profile und ohne viel Aufhebens. Doch mit dem Wachstum des Internets und den ver\u00e4nderten Nutzerbed\u00fcrfnissen haben sich auch die Erwartungen der Menschen ge\u00e4ndert - und der Bedarf an einem Omegle-Ersatz ist gr\u00f6\u00dfer denn je.<\/p>\n<p>Vielleicht ist Omegle nicht mehr verf\u00fcgbar, zu \u00fcberf\u00fcllt oder einfach nicht mehr Ihr Ding. Oder vielleicht suchen Sie nach einer sichereren, funktionsreicheren oder sogar moderateren Erfahrung. Was auch immer Ihr Grund ist, es gibt jetzt Dutzende gro\u00dfartiger Omegle-Alternativen, die Ihnen neue, aufregende M\u00f6glichkeiten bieten, neue Leute online zu treffen.<\/p>\n<h2>Warum sollte man einen Omegle-Ersatz suchen?<\/h2>\n<p>Der Omegle war ein Pionier, aber seien wir ehrlich: Er ist nicht perfekt. Im Laufe der Jahre haben sich viele Nutzer auf der Suche nach einem Omegle-Ersatz wiedergefunden, weil:<\/p>\n<ul>\n<li>Inkonsequente Moderation: Zu viele Bots oder ungeeignete Nutzer.<\/li>\n<li>Mangel an Filtern: Es ist schwer, Leute nach Alter, Geschlecht oder Interessen zu finden.<\/li>\n<li>Keine mobile App: Omegle ist nicht immer mobilfreundlich.<\/li>\n<li>Begrenzte Funktionen: Wenig Spiele, Aufkleber, Geschenke oder themenbezogene Chatr\u00e4ume.<\/li>\n<li>Sicherheitsbedenken: Anonymit\u00e4t ist gro\u00dfartig, aber manchmal m\u00f6chte man mehr Schutz.<\/li>\n<\/ul>\n<p>Deshalb erforschen so viele Menschen Omegle alternative Websites und Apps - auf der Suche nach der gleichen Spontaneit\u00e4t, aber mit mehr Kontrolle und besseren Schwingungen.<\/p>\n<h2>Was macht eine gute Omegle-Alternative aus?<\/h2>\n<p>Die besten Omegle-Ersatzplattformen haben alle ein paar Dinge gemeinsam:<\/p>\n<ul>\n<li>Kostenlos zu benutzen: Keine gro\u00dfen Bezahlschranken oder versteckten Kosten, um mit dem Chatten zu beginnen.<\/li>\n<li>Sofortiger Video- und Text-Chat: Lernen Sie in Sekundenschnelle neue Leute kennen.<\/li>\n<li>Anonymer Abgleich: Bleiben Sie privat, verwenden Sie einen Spitznamen und teilen Sie nur, was Sie m\u00f6chten.<\/li>\n<li>Filter und Kontrollen: Geschlecht, Standort, Interessen und mehr.<\/li>\n<li>Aktive Moderation: Sperren, Melden und aktive Gemeinschaftsstandards.<\/li>\n<li>Mobile Kompatibilit\u00e4t: Apps oder mobilfreundliche Websites.<\/li>\n<\/ul>\n<p>Diese Grundlagen sind abgedeckt, aber jeder Omegle-Ersatz hat seine eigene Note - bei einigen steht der Spa\u00df im Vordergrund, bei anderen die Sicherheit und bei wieder anderen die Suche nach echten Verbindungen.<\/p>\n<h2>Beste Omegle-Ersatzseiten und -Apps<\/h2>\n<p>Sind Sie bereit, etwas Neues auszuprobieren? Hier sind die besten Omegle-Alternativen, die alle ihren eigenen Geschmack und eine eigene Fangemeinde haben:<\/p>\n<h3>1. Chatroulette<\/h3>\n<p>Der urspr\u00fcngliche Zufalls-Videochat-Rivale. Bekannt f\u00fcr schnelles Matching, eine einfache Benutzeroberfl\u00e4che und eine riesige, globale Benutzerbasis. Starke Moderation hat die Benutzererfahrung verbessert.<\/p>\n<h3>2. Chatspin<\/h3>\n<p>Bietet Optionen f\u00fcr Video-, Text- und Gruppenchats. Filter f\u00fcr Geschlecht und Ort, lustige Videoeffekte und verf\u00fcgbar auf Desktop und Handy.<\/p>\n<h3>3. Camsurf<\/h3>\n<p>Eine sichere und saubere Umgebung mit Moderation und L\u00e4nder-\/Sprachfiltern. Schnelle Verbindungen und eine mobilfreundliche Plattform.<\/p>\n<h3>4. Chatrandom<\/h3>\n<p>Sie k\u00f6nnen nach Geschlecht, Ort und sogar nach sexuellen Vorlieben filtern. Enth\u00e4lt thematische Chat-R\u00e4ume und eine Option f\u00fcr \"Nur-M\u00e4dchen-Chat\".<\/p>\n<h3>5. TinyChat<\/h3>\n<p>Gruppenbasierter Chat mit \u00f6ffentlichen und privaten R\u00e4umen - ideal, um an Unterhaltungen zu beliebigen Themen teilzunehmen oder sogar Ihren eigenen Video-Chat zu \u00fcbertragen.<\/p>\n<h3>6. Bazoocam<\/h3>\n<p>Das in Europa beliebte Bazoocam bietet schnelle Matching- und In-Chat-Spiele, um das Eis zu brechen.<\/p>\n<h3>7. Emerald Chat<\/h3>\n<p>Der Schwerpunkt liegt auf der Gemeinschaft und der Anti-Bot-Technologie, mit starker Moderation, Interessenabgleich und Karmapunkten f\u00fcr gutes Verhalten.<\/p>\n<h3>8. CooMeet<\/h3>\n<p>F\u00fcr M\u00e4nner, die mit verifizierten Frauen chatten m\u00f6chten, ist CooMeet ein erstklassiger Omegle-Ersatz mit Videoverifizierung und einem hohen Frauen-zu-M\u00e4nner-Verh\u00e4ltnis.<\/p>\n<h3>9. Shagle<\/h3>\n<p>Globaler Zufalls-Videochat mit Geschlechts- und Ortsfiltern, virtuellen Geschenken und lustigen Videofiltern.<\/p>\n<blockquote><p>Tipp: Probieren Sie ein paar aus! Jede Omegle-Ersatzplattform hat ihre eigene Gemeinschaft und Pers\u00f6nlichkeit.<\/p><\/blockquote>\n<h2>Omegle-Ersatz im Vergleich zu Omegle: Wie werden sie verglichen?<\/h2>\n<table>\n<thead>\n<tr>\n<th>Merkmal<\/th>\n<th>Omegle<\/th>\n<th>Chatroulette<\/th>\n<th>Chatspin<\/th>\n<th>Chatrandom<\/th>\n<th>Camsurf<\/th>\n<th>Emerald Chat<\/th>\n<\/tr>\n<\/thead>\n<tbody>\n<tr>\n<td>Kostenlose Nutzung<\/td>\n<td>\u2705<\/td>\n<td>\u2705<\/td>\n<td>\u2705<\/td>\n<td>\u2705<\/td>\n<td>\u2705<\/td>\n<td>\u2705<\/td>\n<\/tr>\n<tr>\n<td>Video- und Text-Chat<\/td>\n<td>\u2705<\/td>\n<td>\u2705<\/td>\n<td>\u2705<\/td>\n<td>\u2705<\/td>\n<td>\u2705<\/td>\n<td>\u2705<\/td>\n<\/tr>\n<tr>\n<td>Geschlechtsspezifische Filter<\/td>\n<td>\u274c<\/td>\n<td>\u274c<\/td>\n<td>\u2705<\/td>\n<td>\u2705<\/td>\n<td>\u2705<\/td>\n<td>\u2705<\/td>\n<\/tr>\n<tr>\n<td>Interessenfilter<\/td>\n<td>\u2705<\/td>\n<td>\u274c<\/td>\n<td>\u2705<\/td>\n<td>\u2705<\/td>\n<td>\u2705<\/td>\n<td>\u2705<\/td>\n<\/tr>\n<tr>\n<td>Starke M\u00e4\u00dfigung<\/td>\n<td>\u274c<\/td>\n<td>\u2705<\/td>\n<td>\u2705<\/td>\n<td>\u2705<\/td>\n<td>\u2705<\/td>\n<td>\u2705<\/td>\n<\/tr>\n<tr>\n<td>Mobilfreundlich\/App<\/td>\n<td>\u274c<\/td>\n<td>\u2705<\/td>\n<td>\u2705<\/td>\n<td>\u2705<\/td>\n<td>\u2705<\/td>\n<td>\u2705<\/td>\n<\/tr>\n<tr>\n<td>Einzigartige Merkmale<\/td>\n<td>Spionage-Modus<\/td>\n<td>Spiele<\/td>\n<td>Auswirkungen<\/td>\n<td>Thematische R\u00e4ume<\/td>\n<td>Sprache<\/td>\n<td>Karma-System<\/td>\n<\/tr>\n<\/tbody>\n<\/table>\n<p>Omegle-Alternativen bieten in der Regel mehr Filter, bessere Moderation und zus\u00e4tzliche Funktionen.<\/p>\n<h2>Kostenloser Omegle-Ersatz: Was zu erwarten ist<\/h2>\n<p>Die meisten Omegle-Ersatzplattformen k\u00f6nnen kostenlos genutzt werden, einige bieten jedoch kostenpflichtige Extras an:<\/p>\n<ul>\n<li>Unbegrenzte Filter<\/li>\n<li>Vorrangige Spiele<\/li>\n<li>Keine Anzeigen<\/li>\n<li>Zugang zu \"VIP\"-R\u00e4umen oder Funktionen<\/li>\n<\/ul>\n<p>Aber Sie m\u00fcssen kein Geld ausgeben, um gro\u00dfartige Unterhaltungen zu f\u00fchren. Die kostenlose Version von fast allen Alternativen ist robust und voller M\u00f6glichkeiten.<\/p>\n<h2>Tipps f\u00fcr die optimale Nutzung Ihrer Omegle-Alternative<\/h2>\n<ul>\n<li>Seien Sie offen und freundlich: Der erste Eindruck z\u00e4hlt! Ein aufrichtiges \"Hallo\" kommt gut an.<\/li>\n<li>Probieren Sie verschiedene Zeiten aus: Nutzer aus verschiedenen L\u00e4ndern und Zeitzonen sind rund um die Uhr online.<\/li>\n<li>Verwenden Sie Filter: Geschlecht, Wohnort und Interessen k\u00f6nnen Ihnen helfen, bessere Treffer zu finden.<\/li>\n<li>Lassen Sie sich nicht entmutigen: Wenn ein Chat unbeholfen oder kurz ist, klicken Sie einfach auf \"Weiter\".<\/li>\n<li>Entdecken Sie thematische R\u00e4ume: Auf vielen Websites k\u00f6nnen Sie Gruppen f\u00fcr Musik, Spiele, Dating und mehr beitreten.<\/li>\n<li>Mischen Sie es: Wechseln Sie zwischen Text und Video, je nachdem, wie es Ihnen am besten gef\u00e4llt.<\/li>\n<\/ul>\n<h2>Sicherheit bei Omegle-Ersatzteilen<\/h2>\n<p>Zuf\u00e4llige Videochats machen Spa\u00df, aber bleiben Sie immer sicher:<\/p>\n<ul>\n<li>Geben Sie niemals Ihren echten Namen, Ihre Adresse oder pers\u00f6nliche Daten weiter.<\/li>\n<li>Verwenden Sie einen Spitznamen und halten Sie Ihren Webcam-Hintergrund neutral.<\/li>\n<li>Klicken Sie nicht auf Links oder laden Sie keine Dateien von Fremden herunter.<\/li>\n<li>Blockieren\/Melden Sie jeden, der unh\u00f6flich oder unpassend ist.<\/li>\n<li>Wenn Sie unter 18 Jahre alt sind, nutzen Sie nur Plattformen, die f\u00fcr Ihre Altersgruppe bestimmt sind, und nur in Ma\u00dfen.<\/li>\n<\/ul>\n<p>Die meisten seri\u00f6sen Alternativen nehmen die Sicherheit ernst, aber es ist immer ratsam, sich ein eigenes Urteil zu bilden.<\/p>\n<h2>Wer verwendet die Omegle-Ersatzstandorte?<\/h2>\n<p>Alle! Ihr werdet sie kennenlernen:<\/p>\n<ul>\n<li>Singles, die flirten, sich verabreden oder Freundschaften schlie\u00dfen m\u00f6chten<\/li>\n<li>Reisende und Expats, die sich weltweit vernetzen wollen<\/li>\n<li>Sch\u00fcler \u00fcben Sprachkenntnisse<\/li>\n<li>Gelangweilte Nachtschw\u00e4rmer und Schlaflose<\/li>\n<li>Jeder, der offen ist f\u00fcr neue Gespr\u00e4che in Echtzeit<\/li>\n<\/ul>\n<p>Man wei\u00df nie, wer auf der anderen Seite der Kamera sitzt - jeder Chat ist eine neue Geschichte.<\/p>\n<h2>Wann sollten Sie einen Omegle-Ersatz verwenden?<\/h2>\n<ul>\n<li>Wenn Omegle ausgefallen ist oder nicht funktioniert<\/li>\n<li>F\u00fcr ein sichereres, gem\u00e4\u00dfigteres Umfeld<\/li>\n<li>Wenn Sie Filter f\u00fcr einen besseren Abgleich verwenden m\u00f6chten<\/li>\n<li>Wenn du dich langweilst und dich nach neuer Gesellschaft sehnst<\/li>\n<li>Sprachen \u00fcben oder neue Kulturen kennenlernen<\/li>\n<li>F\u00fcr Gruppenchats oder thematische Gemeinschaften<\/li>\n<\/ul>\n<h2>Omegle-Ersatz f\u00fcr Mobiltelefone: Chat f\u00fcr unterwegs<\/h2>\n<p>Die meisten der besten Omegle-Alternativen haben jetzt mobile Apps oder f\u00fcr Mobilger\u00e4te optimierte Websites, so dass Sie sie nutzen k\u00f6nnen:<\/p>\n<ul>\n<li>Unterwegs chatten - in der Warteschlange, in der Pause oder sp\u00e4t in der Nacht<\/li>\n<li>Einfacher Wechsel zwischen Video-, Text- und Gruppenchats<\/li>\n<li>Treffen Sie Menschen aus der ganzen Welt, jederzeit und \u00fcberall<\/li>\n<\/ul>\n<p>Suchen Sie in Ihrem App Store nach Namen wie Chatspin, Chatrandom oder Camsurf und beginnen Sie in Sekundenschnelle mit dem Chatten.<\/p>\n<p>Mit Omegle hat alles angefangen, aber es gibt eine ganz neue Welt von Omegle-Ersatzseiten und -Apps, die alle sicherere, intelligentere und funktionsreichere M\u00f6glichkeiten zur Kontaktaufnahme bieten. Mit besserer Moderation, echten Filtern, mobilem Zugang und globalen Communities findest du immer die richtige Stimmung, egal ob du auf der Suche nach einer Freundschaft, einem Flirt oder einfach nur einer lustigen Unterhaltung bist.<\/p>\n<p>Sind Sie bereit, sich von Omegle zu trennen? Probieren Sie heute Abend ein paar Alternativen aus - Ihr n\u00e4chster toller Chat k\u00f6nnte nur einen Klick entfernt sein.<\/p>","protected":false},"excerpt":{"rendered":"<p>When Omegle first launched, it changed how we met people online. Instantly, anyone could jump into a random video chat with a stranger, no profiles, no fuss. But as the internet has grown and user needs have changed, so have people\u2019s expectations\u2014and the need for an Omegle replacement is bigger than ever. Maybe Omegle is [&hellip;]<\/p>\n","protected":false},"author":8,"featured_media":0,"parent":0,"menu_order":0,"comment_status":"closed","ping_status":"closed","template":"","meta":{"footnotes":""},"class_list":["post-13409","page","type-page","status-publish","hentry"],"yoast_head":"<!-- This site is optimized with the Yoast SEO plugin v27.5 - https:\/\/yoast.com\/product\/yoast-seo-wordpress\/ -->\n<title>Omegle Replacement on TinyChat.com<\/title>\n<meta name=\"description\" content=\"Looking for an Omegle Replacement? Join over 50,000,000 strangers on TinyChat! Turn on your cam and start meeting new people.\" \/>\n<meta name=\"robots\" content=\"index, follow, max-snippet:-1, max-image-preview:large, max-video-preview:-1\" \/>\n<link rel=\"canonical\" href=\"https:\/\/tinychat.com\/de\/omegle-replacement\/\" \/>\n<meta property=\"og:locale\" content=\"de_DE\" \/>\n<meta property=\"og:type\" content=\"article\" \/>\n<meta property=\"og:title\" content=\"Omegle Replacement on TinyChat.com\" \/>\n<meta property=\"og:description\" content=\"Looking for an Omegle Replacement? Join over 50,000,000 strangers on TinyChat! Turn on your cam and start meeting new people.\" \/>\n<meta property=\"og:url\" content=\"https:\/\/tinychat.com\/de\/omegle-replacement\/\" \/>\n<meta property=\"og:site_name\" content=\"TinyChat\" \/>\n<meta property=\"article:publisher\" content=\"https:\/\/www.facebook.com\/tinychat\" \/>\n<meta property=\"og:image\" content=\"https:\/\/tinychat.com\/wp-content\/uploads\/2020\/04\/Tinychat-logo-1280x284-new-black.png\" \/>\n\t<meta property=\"og:image:width\" content=\"1280\" \/>\n\t<meta property=\"og:image:height\" content=\"284\" \/>\n\t<meta property=\"og:image:type\" content=\"image\/png\" \/>\n<meta name=\"twitter:card\" content=\"summary_large_image\" \/>\n<meta name=\"twitter:site\" content=\"@tinychat\" \/>\n<meta name=\"twitter:label1\" content=\"Gesch\u00e4tzte Lesezeit\" \/>\n\t<meta name=\"twitter:data1\" content=\"5\u00a0Minuten\" \/>\n<script type=\"application\/ld+json\" class=\"yoast-schema-graph\">{\"@context\":\"https:\\\/\\\/schema.org\",\"@graph\":[{\"@type\":\"WebPage\",\"@id\":\"https:\\\/\\\/tinychat.com\\\/omegle-replacement\\\/\",\"url\":\"https:\\\/\\\/tinychat.com\\\/omegle-replacement\\\/\",\"name\":\"Omegle Replacement on TinyChat.com\",\"isPartOf\":{\"@id\":\"https:\\\/\\\/tinychat.com\\\/#website\"},\"datePublished\":\"2025-08-05T09:01:10+00:00\",\"description\":\"Looking for an Omegle Replacement? Join over 50,000,000 strangers on TinyChat! Turn on your cam and start meeting new people.\",\"breadcrumb\":{\"@id\":\"https:\\\/\\\/tinychat.com\\\/omegle-replacement\\\/#breadcrumb\"},\"inLanguage\":\"de\",\"potentialAction\":[{\"@type\":\"ReadAction\",\"target\":[\"https:\\\/\\\/tinychat.com\\\/omegle-replacement\\\/\"]}]},{\"@type\":\"BreadcrumbList\",\"@id\":\"https:\\\/\\\/tinychat.com\\\/omegle-replacement\\\/#breadcrumb\",\"itemListElement\":[{\"@type\":\"ListItem\",\"position\":1,\"name\":\"Home\",\"item\":\"https:\\\/\\\/tinychat.com\\\/\"},{\"@type\":\"ListItem\",\"position\":2,\"name\":\"Omegle Replacement\"}]},{\"@type\":\"WebSite\",\"@id\":\"https:\\\/\\\/tinychat.com\\\/#website\",\"url\":\"https:\\\/\\\/tinychat.com\\\/\",\"name\":\"TinyChat\",\"description\":\"Random Video Chat with Strangers\",\"publisher\":{\"@id\":\"https:\\\/\\\/tinychat.com\\\/#organization\"},\"alternateName\":\"TinyChat.com\",\"potentialAction\":[{\"@type\":\"SearchAction\",\"target\":{\"@type\":\"EntryPoint\",\"urlTemplate\":\"https:\\\/\\\/tinychat.com\\\/?s={search_term_string}\"},\"query-input\":{\"@type\":\"PropertyValueSpecification\",\"valueRequired\":true,\"valueName\":\"search_term_string\"}}],\"inLanguage\":\"de\"},{\"@type\":\"Organization\",\"@id\":\"https:\\\/\\\/tinychat.com\\\/#organization\",\"name\":\"TinyChat\",\"alternateName\":\"TinyChat.com\",\"url\":\"https:\\\/\\\/tinychat.com\\\/\",\"logo\":{\"@type\":\"ImageObject\",\"inLanguage\":\"de\",\"@id\":\"https:\\\/\\\/tinychat.com\\\/#\\\/schema\\\/logo\\\/image\\\/\",\"url\":\"https:\\\/\\\/tinychat.com\\\/wp-content\\\/uploads\\\/2023\\\/11\\\/Tinychat-icon-square.png\",\"contentUrl\":\"https:\\\/\\\/tinychat.com\\\/wp-content\\\/uploads\\\/2023\\\/11\\\/Tinychat-icon-square.png\",\"width\":284,\"height\":284,\"caption\":\"TinyChat\"},\"image\":{\"@id\":\"https:\\\/\\\/tinychat.com\\\/#\\\/schema\\\/logo\\\/image\\\/\"},\"sameAs\":[\"https:\\\/\\\/www.facebook.com\\\/tinychat\",\"https:\\\/\\\/x.com\\\/tinychat\"]}]}<\/script>\n<!-- \/ Yoast SEO plugin. -->","yoast_head_json":{"title":"Omegle-Ersatz auf TinyChat.com","description":"Suchen Sie einen Omegle-Ersatz? Schlie\u00dfen Sie sich \u00fcber 50.000.000 Fremden auf TinyChat an! Schalten Sie Ihre Kamera ein und lernen Sie neue Leute kennen.","robots":{"index":"index","follow":"follow","max-snippet":"max-snippet:-1","max-image-preview":"max-image-preview:large","max-video-preview":"max-video-preview:-1"},"canonical":"https:\/\/tinychat.com\/de\/omegle-replacement\/","og_locale":"de_DE","og_type":"article","og_title":"Omegle Replacement on TinyChat.com","og_description":"Looking for an Omegle Replacement? Join over 50,000,000 strangers on TinyChat! Turn on your cam and start meeting new people.","og_url":"https:\/\/tinychat.com\/de\/omegle-replacement\/","og_site_name":"TinyChat","article_publisher":"https:\/\/www.facebook.com\/tinychat","og_image":[{"width":1280,"height":284,"url":"https:\/\/tinychat.com\/wp-content\/uploads\/2020\/04\/Tinychat-logo-1280x284-new-black.png","type":"image\/png"}],"twitter_card":"summary_large_image","twitter_site":"@tinychat","twitter_misc":{"Gesch\u00e4tzte Lesezeit":"5\u00a0Minuten"},"schema":{"@context":"https:\/\/schema.org","@graph":[{"@type":"WebPage","@id":"https:\/\/tinychat.com\/omegle-replacement\/","url":"https:\/\/tinychat.com\/omegle-replacement\/","name":"Omegle-Ersatz auf TinyChat.com","isPartOf":{"@id":"https:\/\/tinychat.com\/#website"},"datePublished":"2025-08-05T09:01:10+00:00","description":"Suchen Sie einen Omegle-Ersatz? Schlie\u00dfen Sie sich \u00fcber 50.000.000 Fremden auf TinyChat an! Schalten Sie Ihre Kamera ein und lernen Sie neue Leute kennen.","breadcrumb":{"@id":"https:\/\/tinychat.com\/omegle-replacement\/#breadcrumb"},"inLanguage":"de","potentialAction":[{"@type":"ReadAction","target":["https:\/\/tinychat.com\/omegle-replacement\/"]}]},{"@type":"BreadcrumbList","@id":"https:\/\/tinychat.com\/omegle-replacement\/#breadcrumb","itemListElement":[{"@type":"ListItem","position":1,"name":"Home","item":"https:\/\/tinychat.com\/"},{"@type":"ListItem","position":2,"name":"Omegle Replacement"}]},{"@type":"WebSite","@id":"https:\/\/tinychat.com\/#website","url":"https:\/\/tinychat.com\/","name":"TinyChat","description":"Zuf\u00e4lliger Video-Chat mit Fremden","publisher":{"@id":"https:\/\/tinychat.com\/#organization"},"alternateName":"TinyChat.com","potentialAction":[{"@type":"SearchAction","target":{"@type":"EntryPoint","urlTemplate":"https:\/\/tinychat.com\/?s={search_term_string}"},"query-input":{"@type":"PropertyValueSpecification","valueRequired":true,"valueName":"search_term_string"}}],"inLanguage":"de"},{"@type":"Organization","@id":"https:\/\/tinychat.com\/#organization","name":"TinyChat","alternateName":"TinyChat.com","url":"https:\/\/tinychat.com\/","logo":{"@type":"ImageObject","inLanguage":"de","@id":"https:\/\/tinychat.com\/#\/schema\/logo\/image\/","url":"https:\/\/tinychat.com\/wp-content\/uploads\/2023\/11\/Tinychat-icon-square.png","contentUrl":"https:\/\/tinychat.com\/wp-content\/uploads\/2023\/11\/Tinychat-icon-square.png","width":284,"height":284,"caption":"TinyChat"},"image":{"@id":"https:\/\/tinychat.com\/#\/schema\/logo\/image\/"},"sameAs":["https:\/\/www.facebook.com\/tinychat","https:\/\/x.com\/tinychat"]}]}},"_links":{"self":[{"href":"https:\/\/tinychat.com\/de\/wp-json\/wp\/v2\/pages\/13409","targetHints":{"allow":["GET"]}}],"collection":[{"href":"https:\/\/tinychat.com\/de\/wp-json\/wp\/v2\/pages"}],"about":[{"href":"https:\/\/tinychat.com\/de\/wp-json\/wp\/v2\/types\/page"}],"author":[{"embeddable":true,"href":"https:\/\/tinychat.com\/de\/wp-json\/wp\/v2\/users\/8"}],"replies":[{"embeddable":true,"href":"https:\/\/tinychat.com\/de\/wp-json\/wp\/v2\/comments?post=13409"}],"version-history":[{"count":1,"href":"https:\/\/tinychat.com\/de\/wp-json\/wp\/v2\/pages\/13409\/revisions"}],"predecessor-version":[{"id":13410,"href":"https:\/\/tinychat.com\/de\/wp-json\/wp\/v2\/pages\/13409\/revisions\/13410"}],"wp:attachment":[{"href":"https:\/\/tinychat.com\/de\/wp-json\/wp\/v2\/media?parent=13409"}],"curies":[{"name":"wp","href":"https:\/\/api.w.org\/{rel}","templated":true}]}}