{"id":13413,"date":"2025-08-07T10:47:03","date_gmt":"2025-08-07T08:47:03","guid":{"rendered":"https:\/\/tinychat.com\/?page_id=13413"},"modified":"2025-08-07T10:47:03","modified_gmt":"2025-08-07T08:47:03","slug":"talk-to-strangers-online-video","status":"publish","type":"page","link":"https:\/\/tinychat.com\/de\/talk-to-strangers-online-video\/","title":{"rendered":"Mit Fremden sprechen Online Video"},"content":{"rendered":"<p>Das Internet hat die Art und Weise, wie wir mit anderen Menschen in Kontakt treten, v\u00f6llig ver\u00e4ndert. Wenn Sie aber immer noch in endlosen Gruppentexten, Kommentarbereichen oder langweiligen Messageboards feststecken, verpassen Sie vielleicht die aufregendste Art, neue Leute kennenzulernen: Sprechen Sie mit Fremden per Online-Video. Das ist die Zukunft der echten, pers\u00f6nlichen Kontakte, bei denen jeder Klick eine neue Geschichte, ein neues Lachen und manchmal sogar einen neuen Freund bringt.<\/p>\n<p>Egal, ob Sie auf der Suche nach Spa\u00df, Freundschaft, kulturellem Austausch oder sogar einem kleinen Flirt sind, ein Online-Videochat mit Fremden ist der schnellste und authentischste Weg, die Welt von zu Hause aus zu erleben.<\/p>\n<h2>Was ist \"Talk to Strangers Online Video\"?<\/h2>\n<p>Einfach ausgedr\u00fcckt: Online-Videoplattformen f\u00fcr Gespr\u00e4che mit Fremden sind Websites oder Apps, die es Ihnen erm\u00f6glichen, live und in Echtzeit Videogespr\u00e4che mit Menschen zu f\u00fchren, die Sie noch nie getroffen haben. Sie brauchen sich nicht anzumelden, keine langen Profile auszuf\u00fcllen oder auf eine \u00dcbereinstimmung zu warten - schalten Sie einfach Ihre Webcam ein, klicken Sie auf \"Start\" und schon stehen Sie einem zuf\u00e4lligen Fremden irgendwo auf der Welt gegen\u00fcber.<\/p>\n<p>Einige beliebte Funktionen, die Sie auf diesen Plattformen finden, sind:<\/p>\n<ul>\n<li>Zuf\u00e4lliges Matching: Jedes Mal, wenn du einen Chat beginnst, wirst du mit einer neuen Person gepaart.<\/li>\n<li>Kostenloser Online-Videochat mit Fremden: Viele Websites bieten unbegrenzte kostenlose Verbindungen an.<\/li>\n<li>Filter f\u00fcr Interessen und Orte: Finden Sie Menschen mit \u00e4hnlichen Hobbys oder aus Orten, die Sie interessieren.<\/li>\n<li>Anonymit\u00e4t und Datenschutz: Verwenden Sie einen Spitznamen und kontrollieren Sie, was Sie teilen.<\/li>\n<\/ul>\n<p>Egal, welches Ziel du verfolgst - ob du einen freundlichen Chat f\u00fchren, eine Sprache austauschen, neue Freunde finden oder einfach nur sehen willst, was es so gibt - es gibt eine Plattform, die zu deiner Stimmung passt.<\/p>\n<h2>Warum sollte man mit Fremden online per Video sprechen?<\/h2>\n<p>Es gibt viele Gr\u00fcnde, warum sich Millionen von Menschen daf\u00fcr entscheiden, mit Fremden online per Videochat zu kommunizieren, anstatt auf herk\u00f6mmliche Weise per SMS oder \u00fcber soziale Medien:<\/p>\n<ul>\n<li>Sofortige Verbindung: Echtzeit-Feedback, L\u00e4cheln und Lachen - kein Warten mehr auf Antworten.<\/li>\n<li>Sehen Sie echte Menschen: Keine gef\u00e4lschten Fotos oder endlosen Profile; was Sie sehen, ist was Sie bekommen.<\/li>\n<li>Kulturelle Erkundung: Treffen Sie Menschen aus anderen L\u00e4ndern und lernen Sie neue Orte, Br\u00e4uche und Perspektiven kennen.<\/li>\n<li>Kein Druck: Sie finden jemanden nicht sympathisch? Klicken Sie einfach auf \"Weiter\" und gehen Sie zum n\u00e4chsten Chat \u00fcber.<\/li>\n<li>Bek\u00e4mpfen Sie die Einsamkeit: Egal, ob Sie zu Hause, auf Reisen oder bei der Arbeit sind, es gibt immer jemanden, der Ihnen online Gesellschaft leistet.<\/li>\n<li>\u00dcben Sie Ihre Sprachkenntnisse: Ideal f\u00fcr Studenten oder alle, die eine zweite Sprache mit Muttersprachlern verbessern wollen.<\/li>\n<li>Spa\u00df und Aufregung: Jeder Chat ist ein Geheimnis - man wei\u00df nie, wem man begegnet!<\/li>\n<\/ul>\n<blockquote><p>\"Ich habe mit dem Online-Videochat nur angefangen, um mir die Zeit w\u00e4hrend des Einschlusses zu vertreiben, aber jetzt habe ich Freunde aus f\u00fcnf verschiedenen L\u00e4ndern. Jede Nacht ist ein neues Abenteuer!\"<\/p><\/blockquote>\n<h2>Wie funktioniert der zuf\u00e4llige Video-Chat mit Fremden online?<\/h2>\n<p>Die ersten Schritte sind ganz einfach - auch wenn Sie nicht technisch versiert sind:<\/p>\n<ol>\n<li>W\u00e4hlen Sie eine Plattform: Beliebte Optionen sind Omegle, Chatroulette, Chatspin, Camsurf und Chatrandom.<\/li>\n<li>Erlauben Sie den Zugriff auf Kamera und Mikrofon: Sie haben immer die Kontrolle - schalten Sie die Kamera oder das Mikrofon je nach Bedarf ein oder aus.<\/li>\n<li>Klicken Sie auf \"Start\" oder \"Verbinden\": Werden Sie sofort mit einer fremden Person online zusammengebracht.<\/li>\n<li>Plaudern Sie so lange, wie Sie wollen: Wenn das Gespr\u00e4ch gut ist, machen Sie weiter. Wenn nicht, klicken Sie auf \"Weiter\", um jemand anderen zu treffen.<\/li>\n<li>Verwenden Sie Filter oder Tags: Auf vielen Websites k\u00f6nnen Sie nach Interessen oder Ort suchen, um bessere Treffer zu erzielen.<\/li>\n<li>Keine Anmeldung erforderlich: Bei den meisten Plattformen k\u00f6nnen Sie v\u00f6llig anonym bleiben und nur einen Spitznamen verwenden, wenn Sie m\u00f6chten.<\/li>\n<\/ol>\n<p>Das war's! In nur wenigen Sekunden k\u00f6nnen Sie mit jemandem chatten, lachen und lernen, der v\u00f6llig neu ist.<\/p>\n<h2>Beste Plattformen, um mit Fremden online \u00fcber Video zu sprechen<\/h2>\n<p>Es gibt Dutzende von Optionen, jede mit ihren eigenen Funktionen und Communities. Hier sind einige der vertrauensw\u00fcrdigsten und meistgenutzten:<\/p>\n<ul>\n<li>Omegle: Der urspr\u00fcngliche zuf\u00e4llige Online-Video-Chat - Text oder Video, v\u00f6llig kostenlos, und Millionen von Nutzern weltweit.<\/li>\n<li>Chatroulette: Ber\u00fchmt f\u00fcr blitzschnelles Matching und echte Videogespr\u00e4che.<\/li>\n<li>Chatspin: F\u00fcgt Interessen- und Geschlechtsfilter sowie lustige Videoeffekte hinzu.<\/li>\n<li>Camsurf: Saubere Oberfl\u00e4che, starke Moderation und eine freundliche Community.<\/li>\n<li>Chatrandom: Bietet sowohl Einzel- als auch Gruppen-Videochat-R\u00e4ume sowie Regional- und Interessenfilter.<\/li>\n<li>Bazoocam: Beliebt in Europa, mit Spielen und einzigartigen Funktionen, um das Eis zu brechen.<\/li>\n<\/ul>\n<p>Probieren Sie einige aus und sehen Sie, was zu Ihrer Stimmung passt - die beste Erfahrung machen Sie, wenn Sie verschiedene Plattformen und Tageszeiten ausprobieren.<\/p>\n<h2>Mit Fremden sprechen Online-Video vs. andere M\u00f6glichkeiten der Kontaktaufnahme<\/h2>\n<table>\n<thead>\n<tr>\n<th>Merkmal<\/th>\n<th>Online-Videochat<\/th>\n<th>Text-Chat<\/th>\n<th>Soziale Medien<\/th>\n<th>Dating-Apps<\/th>\n<\/tr>\n<\/thead>\n<tbody>\n<tr>\n<td>Echtzeit von Angesicht zu Angesicht<\/td>\n<td>\u2705<\/td>\n<td>\u274c<\/td>\n<td>\u2705<\/td>\n<td>\u2705\/\u274c<\/td>\n<\/tr>\n<tr>\n<td>Zuf\u00e4lliger Abgleich<\/td>\n<td>\u2705<\/td>\n<td>\u2705<\/td>\n<td>\u274c<\/td>\n<td>\u2705<\/td>\n<\/tr>\n<tr>\n<td>Kein Profil erforderlich<\/td>\n<td>\u2705<\/td>\n<td>\u2705<\/td>\n<td>\u274c<\/td>\n<td>\u274c<\/td>\n<\/tr>\n<tr>\n<td>Kostenlose Nutzung<\/td>\n<td>\u2705<\/td>\n<td>\u2705<\/td>\n<td>\u2705<\/td>\n<td>\u2705\/\u274c<\/td>\n<\/tr>\n<tr>\n<td>Anonymit\u00e4t<\/td>\n<td>\u2705<\/td>\n<td>\u2705<\/td>\n<td>\u274c<\/td>\n<td>\u274c<\/td>\n<\/tr>\n<tr>\n<td>Funktion \"Weiter\"\/\u00dcberspringen<\/td>\n<td>\u2705<\/td>\n<td>\u2705<\/td>\n<td>\u274c<\/td>\n<td>\u274c<\/td>\n<\/tr>\n<\/tbody>\n<\/table>\n<p>Live-Videochats mit Fremden zeichnen sich durch ihre Unmittelbarkeit, Spontaneit\u00e4t und echte Verbindung aus.<\/p>\n<h2>Sicheres Verhalten bei Online-Gespr\u00e4chen mit Fremden Video<\/h2>\n<p>Auch wenn die meisten Menschen nur auf ein freundliches Gespr\u00e4ch aus sind, sollte die Sicherheit immer an erster Stelle stehen:<\/p>\n<ul>\n<li>Geben Sie keine privaten Informationen weiter: Geben Sie niemals Ihren richtigen Namen, Ihre Adresse, Telefonnummer oder Ihren Arbeitsplatz preis.<\/li>\n<li>Verwenden Sie einen neutralen Spitznamen: Halten Sie Ihre Identit\u00e4t geheim, bis Sie sich sicher f\u00fchlen.<\/li>\n<li>Seien Sie vorsichtig mit Ihrer Kamera: Halten Sie den Hintergrund neutral und zeigen Sie keine pers\u00f6nlichen Dokumente oder Details.<\/li>\n<li>Melden und blockieren Sie bei Bedarf: Auf den meisten Plattformen k\u00f6nnen Sie jeden, der sich unangemessen verh\u00e4lt, sofort blockieren oder melden.<\/li>\n<li>Vertrauen Sie auf Ihren Instinkt: Wenn Ihnen etwas nicht passt, beenden Sie den Chat sofort.<\/li>\n<\/ul>\n<p>Halten Sie sich an seri\u00f6se Websites und legen Sie stets Wert auf Ihren Komfort und Ihre Sicherheit.<\/p>\n<h2>Wer nutzt den Online-Videochat mit Fremden?<\/h2>\n<p>Es ist eine globale Gemeinschaft! Sie werden finden:<\/p>\n<ul>\n<li>Jugendliche und junge Erwachsene auf der Suche nach Spa\u00df und neuen Freundschaften<\/li>\n<li>Reisende und Expats, die sich mit Menschen auf der ganzen Welt verbinden<\/li>\n<li>Sprachsch\u00fcler \u00fcben echte Konversationsf\u00e4higkeiten<\/li>\n<li>Singles, die einen flirtenden Chat oder sogar einen Funken suchen<\/li>\n<li>Jeder, der sich langweilt, einsam ist oder einfach Lust auf etwas Neues hat<\/li>\n<\/ul>\n<p>Es ist f\u00fcr jeden etwas dabei - unabh\u00e4ngig von Alter, Interessen oder Herkunft.<\/p>\n<h2>Wor\u00fcber man mit Fremden online sprechen sollte<\/h2>\n<p>Sie wissen nicht, wie Sie anfangen sollen? Hier sind einige Ideen, um das Eis zu brechen:<\/p>\n<ul>\n<li>Musik, Filme und Lieblingssendungen<\/li>\n<li>Reisegeschichten und Traumziele<\/li>\n<li>Lustige Kindheitserinnerungen oder \"H\u00e4ttest du lieber\"-Fragen<\/li>\n<li>Das Leben in Ihrer Stadt oder Ihrem Land - was ist das Besondere an Ihrem Wohnort?<\/li>\n<li>Hobbys, Sport oder kreative Interessen<\/li>\n<li>Fragen zu aktuellen Ereignissen, zur Schule oder zum Beruf<\/li>\n<li>Alberne Spiele, Trivia oder leichte Herausforderungen<\/li>\n<\/ul>\n<p>Denken Sie daran: Sie brauchen kein Skript. Die besten Chats sind oft spontan und echt.<\/p>\n<h2>Kostenlose vs. kostenpflichtige Funktionen im Online-Videochat<\/h2>\n<p>Die meisten Plattformen bieten ihre Hauptfunktionen kostenlos an. Einige bieten kostenpflichtige Upgrades an:<\/p>\n<ul>\n<li>Erweiterte Filter (Geschlecht, Land, Sprache)<\/li>\n<li>Vorrangiger Abgleich oder unbegrenztes \u00dcberspringen<\/li>\n<li>Werbefreies Erlebnis<\/li>\n<li>Zugang zu exklusiven Chatr\u00e4umen oder Veranstaltungen<\/li>\n<\/ul>\n<p>Aber Sie m\u00fcssen nichts ausgeben, um in den Genuss gro\u00dfartiger Gespr\u00e4che zu kommen - das kostenlose Erlebnis ist in der Regel mehr als genug.<\/p>\n<h2>Tipps f\u00fcr ein gro\u00dfartiges \"Talk to Strangers Online Video\" Erlebnis<\/h2>\n<ul>\n<li>Seien Sie aufgeschlossen und respektvoll - jeder ist aus einem anderen Grund dort.<\/li>\n<li>L\u00e4cheln Sie und entspannen Sie sich - Selbstvertrauen macht einen gro\u00dfen Unterschied, auch online.<\/li>\n<li>Lassen Sie sich von ein paar kurzen oder unbeholfenen Gespr\u00e4chen nicht entmutigen - das n\u00e4chste k\u00f6nnte schon toll werden.<\/li>\n<li>Erkunden Sie die Stadt zu verschiedenen Zeiten, um Menschen aus der ganzen Welt zu treffen.<\/li>\n<li>Mischen Sie Video- und Text-Chat, wenn Sie sich langsam einarbeiten wollen.<\/li>\n<\/ul>\n<h2>Wann sollte man Online-Videochats mit Fremden nutzen?<\/h2>\n<ul>\n<li>Wenn Sie sich langweilen oder sp\u00e4t nachts Gesellschaft brauchen<\/li>\n<li>Um andere Kulturen kennenzulernen oder eine Sprache zu \u00fcben<\/li>\n<li>Wenn Sie Freundschaften schlie\u00dfen, flirten oder einfach nur neue Geschichten h\u00f6ren wollen<\/li>\n<li>Wann immer Sie aus Ihrer sozialen Blase ausbrechen wollen<\/li>\n<\/ul>\n<p>Online-Videoplattformen f\u00fcr Gespr\u00e4che mit Fremden sind mehr als nur ein Trend - sie sind die moderne Art, Menschen zu treffen, neue Ideen zu entdecken und echten, ungeschriebenen Spa\u00df zu haben, und das alles von zu Hause aus. Dank der vielen kostenlosen und benutzerfreundlichen Optionen war es noch nie so einfach, ein zuf\u00e4lliges Gespr\u00e4ch in eine bleibende Erinnerung - oder sogar in eine neue Freundschaft - zu verwandeln.<\/p>\n<p>Sind Sie bereit, es auszuprobieren? \u00d6ffnen Sie Ihre Webcam, w\u00e4hlen Sie eine Website und tauchen Sie ein in die Welt der spontanen Kontakte. Sie wissen nie, wen Sie als N\u00e4chstes treffen werden.<\/p>","protected":false},"excerpt":{"rendered":"<p>The internet has completely changed how we connect with people\u2014but if you\u2019re still stuck in endless group texts, comments sections, or boring message boards, you might be missing the most exciting way to meet new people: Talk to Strangers Online Video. This is the future of real, face-to-face connection, where every click brings a new [&hellip;]<\/p>\n","protected":false},"author":8,"featured_media":0,"parent":0,"menu_order":0,"comment_status":"closed","ping_status":"closed","template":"","meta":{"footnotes":""},"class_list":["post-13413","page","type-page","status-publish","hentry"],"yoast_head":"<!-- This site is optimized with the Yoast SEO plugin v27.5 - https:\/\/yoast.com\/product\/yoast-seo-wordpress\/ -->\n<title>Talk to Strangers Online Video with Video Chat on TinyChat.com<\/title>\n<meta name=\"description\" content=\"Enjoying Talk to Strangers Online Video? Join over 50,000,000 strangers on TinyChat! Turn on your cam and start meeting new people, or find a match.\" \/>\n<meta name=\"robots\" content=\"index, follow, max-snippet:-1, max-image-preview:large, max-video-preview:-1\" \/>\n<link rel=\"canonical\" href=\"https:\/\/tinychat.com\/de\/talk-to-strangers-online-video\/\" \/>\n<meta property=\"og:locale\" content=\"de_DE\" \/>\n<meta property=\"og:type\" content=\"article\" \/>\n<meta property=\"og:title\" content=\"Talk to Strangers Online Video with Video Chat on TinyChat.com\" \/>\n<meta property=\"og:description\" content=\"Enjoying Talk to Strangers Online Video? Join over 50,000,000 strangers on TinyChat! Turn on your cam and start meeting new people, or find a match.\" \/>\n<meta property=\"og:url\" content=\"https:\/\/tinychat.com\/de\/talk-to-strangers-online-video\/\" \/>\n<meta property=\"og:site_name\" content=\"TinyChat\" \/>\n<meta property=\"article:publisher\" content=\"https:\/\/www.facebook.com\/tinychat\" \/>\n<meta property=\"og:image\" content=\"https:\/\/tinychat.com\/wp-content\/uploads\/2020\/04\/Tinychat-logo-1280x284-new-black.png\" \/>\n\t<meta property=\"og:image:width\" content=\"1280\" \/>\n\t<meta property=\"og:image:height\" content=\"284\" \/>\n\t<meta property=\"og:image:type\" content=\"image\/png\" \/>\n<meta name=\"twitter:card\" content=\"summary_large_image\" \/>\n<meta name=\"twitter:site\" content=\"@tinychat\" \/>\n<meta name=\"twitter:label1\" content=\"Gesch\u00e4tzte Lesezeit\" \/>\n\t<meta name=\"twitter:data1\" content=\"6\u00a0Minuten\" \/>\n<script type=\"application\/ld+json\" class=\"yoast-schema-graph\">{\"@context\":\"https:\\\/\\\/schema.org\",\"@graph\":[{\"@type\":\"WebPage\",\"@id\":\"https:\\\/\\\/tinychat.com\\\/talk-to-strangers-online-video\\\/\",\"url\":\"https:\\\/\\\/tinychat.com\\\/talk-to-strangers-online-video\\\/\",\"name\":\"Talk to Strangers Online Video with Video Chat on TinyChat.com\",\"isPartOf\":{\"@id\":\"https:\\\/\\\/tinychat.com\\\/#website\"},\"datePublished\":\"2025-08-07T08:47:03+00:00\",\"description\":\"Enjoying Talk to Strangers Online Video? Join over 50,000,000 strangers on TinyChat! Turn on your cam and start meeting new people, or find a match.\",\"breadcrumb\":{\"@id\":\"https:\\\/\\\/tinychat.com\\\/talk-to-strangers-online-video\\\/#breadcrumb\"},\"inLanguage\":\"de\",\"potentialAction\":[{\"@type\":\"ReadAction\",\"target\":[\"https:\\\/\\\/tinychat.com\\\/talk-to-strangers-online-video\\\/\"]}]},{\"@type\":\"BreadcrumbList\",\"@id\":\"https:\\\/\\\/tinychat.com\\\/talk-to-strangers-online-video\\\/#breadcrumb\",\"itemListElement\":[{\"@type\":\"ListItem\",\"position\":1,\"name\":\"Home\",\"item\":\"https:\\\/\\\/tinychat.com\\\/\"},{\"@type\":\"ListItem\",\"position\":2,\"name\":\"Talk to Strangers Online Video\"}]},{\"@type\":\"WebSite\",\"@id\":\"https:\\\/\\\/tinychat.com\\\/#website\",\"url\":\"https:\\\/\\\/tinychat.com\\\/\",\"name\":\"TinyChat\",\"description\":\"Random Video Chat with Strangers\",\"publisher\":{\"@id\":\"https:\\\/\\\/tinychat.com\\\/#organization\"},\"alternateName\":\"TinyChat.com\",\"potentialAction\":[{\"@type\":\"SearchAction\",\"target\":{\"@type\":\"EntryPoint\",\"urlTemplate\":\"https:\\\/\\\/tinychat.com\\\/?s={search_term_string}\"},\"query-input\":{\"@type\":\"PropertyValueSpecification\",\"valueRequired\":true,\"valueName\":\"search_term_string\"}}],\"inLanguage\":\"de\"},{\"@type\":\"Organization\",\"@id\":\"https:\\\/\\\/tinychat.com\\\/#organization\",\"name\":\"TinyChat\",\"alternateName\":\"TinyChat.com\",\"url\":\"https:\\\/\\\/tinychat.com\\\/\",\"logo\":{\"@type\":\"ImageObject\",\"inLanguage\":\"de\",\"@id\":\"https:\\\/\\\/tinychat.com\\\/#\\\/schema\\\/logo\\\/image\\\/\",\"url\":\"https:\\\/\\\/tinychat.com\\\/wp-content\\\/uploads\\\/2023\\\/11\\\/Tinychat-icon-square.png\",\"contentUrl\":\"https:\\\/\\\/tinychat.com\\\/wp-content\\\/uploads\\\/2023\\\/11\\\/Tinychat-icon-square.png\",\"width\":284,\"height\":284,\"caption\":\"TinyChat\"},\"image\":{\"@id\":\"https:\\\/\\\/tinychat.com\\\/#\\\/schema\\\/logo\\\/image\\\/\"},\"sameAs\":[\"https:\\\/\\\/www.facebook.com\\\/tinychat\",\"https:\\\/\\\/x.com\\\/tinychat\"]}]}<\/script>\n<!-- \/ Yoast SEO plugin. -->","yoast_head_json":{"title":"Mit Fremden online per Video-Chat sprechen auf TinyChat.com","description":"Genie\u00dfen Sie Talk to Strangers Online Video? Schlie\u00dfen Sie sich \u00fcber 50.000.000 Fremden auf TinyChat an! Schalten Sie Ihre Kamera ein und lernen Sie neue Leute kennen, oder finden Sie einen Partner.","robots":{"index":"index","follow":"follow","max-snippet":"max-snippet:-1","max-image-preview":"max-image-preview:large","max-video-preview":"max-video-preview:-1"},"canonical":"https:\/\/tinychat.com\/de\/talk-to-strangers-online-video\/","og_locale":"de_DE","og_type":"article","og_title":"Talk to Strangers Online Video with Video Chat on TinyChat.com","og_description":"Enjoying Talk to Strangers Online Video? Join over 50,000,000 strangers on TinyChat! Turn on your cam and start meeting new people, or find a match.","og_url":"https:\/\/tinychat.com\/de\/talk-to-strangers-online-video\/","og_site_name":"TinyChat","article_publisher":"https:\/\/www.facebook.com\/tinychat","og_image":[{"width":1280,"height":284,"url":"https:\/\/tinychat.com\/wp-content\/uploads\/2020\/04\/Tinychat-logo-1280x284-new-black.png","type":"image\/png"}],"twitter_card":"summary_large_image","twitter_site":"@tinychat","twitter_misc":{"Gesch\u00e4tzte Lesezeit":"6\u00a0Minuten"},"schema":{"@context":"https:\/\/schema.org","@graph":[{"@type":"WebPage","@id":"https:\/\/tinychat.com\/talk-to-strangers-online-video\/","url":"https:\/\/tinychat.com\/talk-to-strangers-online-video\/","name":"Mit Fremden online per Video-Chat sprechen auf TinyChat.com","isPartOf":{"@id":"https:\/\/tinychat.com\/#website"},"datePublished":"2025-08-07T08:47:03+00:00","description":"Genie\u00dfen Sie Talk to Strangers Online Video? Schlie\u00dfen Sie sich \u00fcber 50.000.000 Fremden auf TinyChat an! Schalten Sie Ihre Kamera ein und lernen Sie neue Leute kennen, oder finden Sie einen Partner.","breadcrumb":{"@id":"https:\/\/tinychat.com\/talk-to-strangers-online-video\/#breadcrumb"},"inLanguage":"de","potentialAction":[{"@type":"ReadAction","target":["https:\/\/tinychat.com\/talk-to-strangers-online-video\/"]}]},{"@type":"BreadcrumbList","@id":"https:\/\/tinychat.com\/talk-to-strangers-online-video\/#breadcrumb","itemListElement":[{"@type":"ListItem","position":1,"name":"Home","item":"https:\/\/tinychat.com\/"},{"@type":"ListItem","position":2,"name":"Talk to Strangers Online Video"}]},{"@type":"WebSite","@id":"https:\/\/tinychat.com\/#website","url":"https:\/\/tinychat.com\/","name":"TinyChat","description":"Zuf\u00e4lliger Video-Chat mit Fremden","publisher":{"@id":"https:\/\/tinychat.com\/#organization"},"alternateName":"TinyChat.com","potentialAction":[{"@type":"SearchAction","target":{"@type":"EntryPoint","urlTemplate":"https:\/\/tinychat.com\/?s={search_term_string}"},"query-input":{"@type":"PropertyValueSpecification","valueRequired":true,"valueName":"search_term_string"}}],"inLanguage":"de"},{"@type":"Organization","@id":"https:\/\/tinychat.com\/#organization","name":"TinyChat","alternateName":"TinyChat.com","url":"https:\/\/tinychat.com\/","logo":{"@type":"ImageObject","inLanguage":"de","@id":"https:\/\/tinychat.com\/#\/schema\/logo\/image\/","url":"https:\/\/tinychat.com\/wp-content\/uploads\/2023\/11\/Tinychat-icon-square.png","contentUrl":"https:\/\/tinychat.com\/wp-content\/uploads\/2023\/11\/Tinychat-icon-square.png","width":284,"height":284,"caption":"TinyChat"},"image":{"@id":"https:\/\/tinychat.com\/#\/schema\/logo\/image\/"},"sameAs":["https:\/\/www.facebook.com\/tinychat","https:\/\/x.com\/tinychat"]}]}},"_links":{"self":[{"href":"https:\/\/tinychat.com\/de\/wp-json\/wp\/v2\/pages\/13413","targetHints":{"allow":["GET"]}}],"collection":[{"href":"https:\/\/tinychat.com\/de\/wp-json\/wp\/v2\/pages"}],"about":[{"href":"https:\/\/tinychat.com\/de\/wp-json\/wp\/v2\/types\/page"}],"author":[{"embeddable":true,"href":"https:\/\/tinychat.com\/de\/wp-json\/wp\/v2\/users\/8"}],"replies":[{"embeddable":true,"href":"https:\/\/tinychat.com\/de\/wp-json\/wp\/v2\/comments?post=13413"}],"version-history":[{"count":2,"href":"https:\/\/tinychat.com\/de\/wp-json\/wp\/v2\/pages\/13413\/revisions"}],"predecessor-version":[{"id":13415,"href":"https:\/\/tinychat.com\/de\/wp-json\/wp\/v2\/pages\/13413\/revisions\/13415"}],"wp:attachment":[{"href":"https:\/\/tinychat.com\/de\/wp-json\/wp\/v2\/media?parent=13413"}],"curies":[{"name":"wp","href":"https:\/\/api.w.org\/{rel}","templated":true}]}}