{"id":13507,"date":"2025-09-10T10:48:49","date_gmt":"2025-09-10T08:48:49","guid":{"rendered":"https:\/\/tinychat.com\/?page_id=13507"},"modified":"2025-09-10T10:48:49","modified_gmt":"2025-09-10T08:48:49","slug":"chatroulette-alternative","status":"publish","type":"page","link":"https:\/\/tinychat.com\/de\/chatroulette-alternative\/","title":{"rendered":"Chatroulette Alternative"},"content":{"rendered":"<p>Als Chatroulette im Jahr 2009 auf den Markt kam, war das bahnbrechend. Pl\u00f6tzlich konnte jeder, der eine Webcam besa\u00df, auf eine Schaltfl\u00e4che klicken und sofort mit einem Fremden irgendwo auf der Welt von Angesicht zu Angesicht sprechen. Das war unvorhersehbar, unterhaltsam und - damals - v\u00f6llig neu.<\/p>\n<p>Doch im Laufe der Jahre hat der Glanz von Chatroulette nachgelassen. Es existiert zwar noch, aber viele Nutzer beschweren sich \u00fcber Bots, Trolle oder unangemessene Inhalte. Deshalb suchen viele Menschen jetzt nach der besten Chatroulette-Alternative - Plattformen, die den Nervenkitzel des zuf\u00e4lligen Videochats beibehalten, aber mehr Sicherheit, Funktionen und Gemeinschaft bieten.<\/p>\n<p>Wenn Sie bereit sind, etwas Neues zu entdecken, finden Sie hier einen Leitfaden mit den besten Alternativen.<\/p>\n<h2>Warum nach einer Chatroulette-Alternative suchen?<\/h2>\n<p>Chatroulette war ein Pionier, aber es ist nicht mehr immer die beste Option. Hier ist der Grund, warum viele Benutzer weiterziehen:<\/p>\n<ul>\n<li>Probleme bei der Moderation - Die Plattform hat mit expliziten Inhalten und mangelnder Kontrolle durch die Gemeinschaft zu k\u00e4mpfen.<\/li>\n<li>Bots und Spam - Automatisierte Konten \u00fcberschwemmen oft die Website.<\/li>\n<li>Begrenzte Funktionen - Keine echten Interessenfilter, Gemeinschaftsr\u00e4ume oder strukturierte Gespr\u00e4chsoptionen.<\/li>\n<li>Schlechtes mobiles Erlebnis - Einige Nutzer berichten \u00fcber Probleme auf Smartphones im Vergleich zu neueren Plattformen.<\/li>\n<\/ul>\n<p>Das bedeutet nicht, dass der beliebige Videochat tot ist, sondern nur, dass es heute bessere Alternativen gibt.<\/p>\n<h2>Was macht eine gute Chatroulette-Alternative aus?<\/h2>\n<p>Die besten Alternativen behalten den Geist des zuf\u00e4lligen Videochats bei, verbessern ihn aber in den Details:<\/p>\n<ul>\n<li>Bessere Moderation - Aktive Tools zum Sperren und Melden von schlechtem Verhalten.<\/li>\n<li>Vielf\u00e4ltige Chat-Optionen - Text, Audio und Video f\u00fcr mehr Flexibilit\u00e4t.<\/li>\n<li>Interessenfilter - Treffen Sie sich mit Menschen, die Ihre Hobbys tats\u00e4chlich teilen.<\/li>\n<li>Mobilfreundlich - reibungslos funktionierende Apps oder responsive Websites.<\/li>\n<li>Gemeinschaftliche Atmosph\u00e4re - Ein Ort, an dem die Leute nicht nur vorbeikommen, sondern auch abh\u00e4ngen wollen.<\/li>\n<\/ul>\n<h2>Die besten Chatroulette-Alternativen zum Ausprobieren<\/h2>\n<p>Hier sind einige der besten Websites wie Chatroulette, wenn Sie etwas Neues ausprobieren m\u00f6chten:<\/p>\n<h3>1. TinyChat<\/h3>\n<p>TinyChat ist eine der st\u00e4rksten Chatroulette-Alternativen, da es nicht nur eine Einzelverbindung herstellt, sondern ein umfassendes Gemeinschaftserlebnis bietet.<\/p>\n<ul>\n<li>\u00d6ffentliche Chatrooms - Nehmen Sie an Videochats zu Themen wie Musik, Dating, Spiele oder allgemeines Beisammensein teil.<\/li>\n<li>Private R\u00e4ume - Schaffen Sie Ihren eigenen Raum und laden Sie Leute ein.<\/li>\n<li>Text, Sprache und Video - W\u00e4hlen Sie Ihr Komfortniveau.<\/li>\n<li>Plattform\u00fcbergreifend - Verwenden Sie es in Ihrem Browser oder \u00fcber iOS- und Android-Apps.<\/li>\n<li>Keine Anmeldung erforderlich - steigen Sie sofort ein, oder registrieren Sie sich f\u00fcr weitere Funktionen.<\/li>\n<\/ul>\n<p>Wer die Zuf\u00e4lligkeit von Chatroulette mag, aber mehr Struktur und Sicherheit w\u00fcnscht, f\u00fcr den ist TinyChat die perfekte L\u00f6sung.<\/p>\n<h3>2. StrangerCam<\/h3>\n<p>StrangerCam ist wahrscheinlich der bekannteste Konkurrent von Chatroulette. Es verbindet Sie mit Fremden f\u00fcr Text- oder Video-Chats, und Sie k\u00f6nnen \"Interessen-Tags\" hinzuf\u00fcgen, um Leute mit \u00e4hnlichen Hobbys zu finden.<\/p>\n<p>StrangerCam ist zwar immer noch beliebt, hat aber mit einigen der gleichen Probleme zu k\u00e4mpfen wie Chatroulette (Moderation und Bots). Dennoch ist es einen Versuch wert, wenn Sie eine unkomplizierte Zufalls-Chat-Erfahrung w\u00fcnschen.<\/p>\n<h3>3. ChatHub<\/h3>\n<p>ChatHub ist dank seines einfachen Designs und seiner n\u00fctzlichen Filter schnell gewachsen.<\/p>\n<ul>\n<li>Filter f\u00fcr Geschlecht und Ort<\/li>\n<li>Lustige Videoeffekte<\/li>\n<li>Sowohl mobile App als auch Webversion<\/li>\n<li>Gro\u00dfe aktive Nutzerbasis<\/li>\n<\/ul>\n<p>Wenn Sie das Chatroulette-Modell m\u00f6gen, aber mehr Kontrolle dar\u00fcber haben m\u00f6chten, mit wem Sie sich verbinden, ist ChatHub eine gute Wahl.<\/p>\n<h3>4. Camsurf<\/h3>\n<p>Camsurf vermarktet sich selbst als eine der sichersten Chatroulette-Alternativen. Es legt Wert auf Community-Regeln, Moderation und Positivit\u00e4t.<\/p>\n<ul>\n<li>24\/7-Moderationsteam<\/li>\n<li>Funktioniert auf Desktop und Handy<\/li>\n<li>Schneller zuf\u00e4lliger Videoabgleich<\/li>\n<li>Freundliche und einfache Schnittstelle<\/li>\n<\/ul>\n<p>Es ist eine gute Option, wenn Sie Spa\u00df haben wollen, ohne dass es zu viel Chaos gibt.<\/p>\n<h3>5. Chatrandom<\/h3>\n<p>Chatrandom sorgt f\u00fcr Abwechslung mit Videoanrufen zwischen zwei Personen und Gruppen-Chatr\u00e4umen.<\/p>\n<ul>\n<li>Chat-Option \"Nur f\u00fcr M\u00e4dchen\"<\/li>\n<li>Thematische R\u00e4ume f\u00fcr Dating, LGBTQ+ oder allgemeine Gespr\u00e4che<\/li>\n<li>Funktion zum schnellen \u00dcberspringen<\/li>\n<li>Kostenloser und sofortiger Zugang<\/li>\n<\/ul>\n<p>Es bietet mehr Funktionen als das Chatroulette, was es f\u00fcr Benutzer interessant macht, die gerne eine Auswahl haben.<\/p>\n<h3>6. Bazoocam<\/h3>\n<p>Das in Europa beliebte Bazoocam kombiniert zuf\u00e4llige Videochats mit Spielen, um das Eis zu brechen. Wenn Sie etwas Spielerisches suchen, um die Konversation in Gang zu halten, ist es einen Blick wert.<\/p>\n<h2>Kostenlose Chatroulette-Alternativen vs. kostenpflichtige Funktionen<\/h2>\n<p>Die meisten Plattformen sind kostenlos, aber einige bieten optionale Upgrades an.<\/p>\n<table>\n<thead>\n<tr>\n<th>Merkmal<\/th>\n<th>Kostenlose Version<\/th>\n<th>Kostenpflichtige Version<\/th>\n<\/tr>\n<\/thead>\n<tbody>\n<tr>\n<td>Zuf\u00e4lliger Videoabgleich<\/td>\n<td>\u2705 Ja<\/td>\n<td>\u2705 Ja<\/td>\n<\/tr>\n<tr>\n<td>Unbegrenztes \u00dcberspringen<\/td>\n<td>\u26a0\ufe0f Manchmal begrenzt<\/td>\n<td>\u2705 Unbegrenzt<\/td>\n<\/tr>\n<tr>\n<td>Filter f\u00fcr Geschlecht\/Ort<\/td>\n<td>\u26a0\ufe0f Basic<\/td>\n<td>\u2705 Fortgeschritten<\/td>\n<\/tr>\n<tr>\n<td>Werbefreies Erlebnis<\/td>\n<td>\u274c<\/td>\n<td>\u2705 Ja<\/td>\n<\/tr>\n<tr>\n<td>Private Zimmer<\/td>\n<td>\u2705 Ja (TinyChat)<\/td>\n<td>\u2705 VIP-Extras<\/td>\n<\/tr>\n<\/tbody>\n<\/table>\n<p>F\u00fcr Gelegenheitsnutzer ist die kostenlose Version in der Regel ausreichend, aber wenn Sie Filter oder werbefreies Surfen w\u00fcnschen, k\u00f6nnen sich Upgrades lohnen.<\/p>\n<h2>Warum TinyChat sich als Chatroulette-Alternative anbietet<\/h2>\n<p>W\u00e4hrend viele Plattformen einfach das Modell von Chatroulette kopieren, geht TinyChat noch weiter und bietet sowohl zuf\u00e4llige Interaktionen als auch strukturierte Community-Chats.<\/p>\n<ul>\n<li>Flexibilit\u00e4t - Einzelchats mit Fremden oder gro\u00dfe \u00f6ffentliche R\u00e4ume.<\/li>\n<li>Gemeinschaftsgef\u00fchl - Anstatt endlos zu schw\u00e4nzen, k\u00f6nnen Sie bleiben und Verbindungen aufbauen.<\/li>\n<li>Veranstaltungen und \u00dcbertragungen - Nutzer k\u00f6nnen live an Gruppen streamen und so eine soziale \"B\u00fchne\" schaffen.<\/li>\n<li>Plattform\u00fcbergreifende Unterst\u00fctzung - Desktop, mobiles Web und Apps machen die Nutzung \u00fcberall einfach.<\/li>\n<\/ul>\n<p>Wenn Sie genug haben von der endlosen Zuf\u00e4lligkeit und einen Ort suchen, der mehr wie ein digitaler Treffpunkt wirkt, ist TinyChat eine der besten Chatroulette-Alternativen im Jahr 2025.<\/p>\n<h2>Tipps f\u00fcr die optimale Nutzung von Chatroulette-Alternativen<\/h2>\n<ul>\n<li>L\u00e4cheln Sie zuerst - Ein freundlicher Anfang hilft, das Eis zu brechen.<\/li>\n<li>Seien Sie geduldig - Nicht bei jedem Chat klappt es, das ist Teil des Spa\u00dfes.<\/li>\n<li>Probieren Sie verschiedene Plattformen aus - jede Website hat ihre eigene Atmosph\u00e4re und Community.<\/li>\n<li>Bleiben Sie sicher - Geben Sie keine pers\u00f6nlichen Daten weiter und lassen Sie verd\u00e4chtige Personen links liegen bzw. melden Sie sie.<\/li>\n<li>Erforschen Sie Themenr\u00e4ume - besonders auf TinyChat, wo Themen es einfacher machen, Ihren Stamm zu finden.<\/li>\n<\/ul>\n<h2>Die Zukunft des zuf\u00e4lligen Video-Chats<\/h2>\n<p>Auch wenn Chatroulette den Trend ausgel\u00f6st hat, hat sich der Zufallsvideochat zu etwas viel Gr\u00f6\u00dferem entwickelt. Die heutigen Alternativen bieten eine bessere Moderation, mobile Unterst\u00fctzung und mehr gemeinschaftsorientierte Funktionen. Anstatt einfach nur zu w\u00fcrfeln, k\u00f6nnen Sie sinnvollen Gruppen beitreten, Leute finden, die Ihre Interessen teilen, oder Ihren eigenen Chatraum einrichten.<\/p>\n<p>Sie ist immer noch spontan, immer noch global, aber mit mehr Sicherheit und Struktur ausgestattet.<\/p>\n<p>Wenn Sie auf der Suche nach einer Chatroulette-Alternative sind, ist die gute Nachricht, dass es mehr M\u00f6glichkeiten denn je gibt. Von rasanten Websites wie Omegle und Chatspin bis hin zu Community-gesteuerten Plattformen wie TinyChat k\u00f6nnen Sie die Erfahrung w\u00e4hlen, die am besten zu Ihrer Stimmung passt.<\/p>\n<p>Wollen Sie reine Zuf\u00e4lligkeit? Halten Sie sich an Websites im Stil von Omegle oder Chatroulette. Sie wollen eine Mischung aus Spontaneit\u00e4t und Gemeinschaft? TinyChat bietet Ihnen das Beste aus beiden Welten.<\/p>\n<p>Wenn Sie also das n\u00e4chste Mal neugierig sind, sich langweilen oder einfach Lust haben, jemanden kennenzulernen, probieren Sie eine dieser Alternativen aus. Man wei\u00df ja nie - Ihr n\u00e4chstes tolles Gespr\u00e4ch k\u00f6nnte nur einen Videoanruf entfernt sein.<\/p>","protected":false},"excerpt":{"rendered":"<p>When Chatroulette launched back in 2009, it was groundbreaking. Suddenly, anyone with a webcam could click a button and instantly be face-to-face with a stranger somewhere else in the world. It was unpredictable, fun, and\u2014at the time\u2014completely new. But over the years, Chatroulette\u2019s shine has faded. While it still exists, many users complain about bots, [&hellip;]<\/p>\n","protected":false},"author":8,"featured_media":0,"parent":0,"menu_order":0,"comment_status":"closed","ping_status":"closed","template":"","meta":{"footnotes":""},"class_list":["post-13507","page","type-page","status-publish","hentry"],"yoast_head":"<!-- This site is optimized with the Yoast SEO plugin v27.4 - https:\/\/yoast.com\/product\/yoast-seo-wordpress\/ -->\n<title>Chatroulette Alternative with Video Chat on TinyChat.com<\/title>\n<meta name=\"description\" content=\"Enjoying Chatroulette Alternative? Join over 50,000,000 strangers on TinyChat! Turn on your cam and start meeting new people, or find a match.\" \/>\n<meta name=\"robots\" content=\"index, follow, max-snippet:-1, max-image-preview:large, max-video-preview:-1\" \/>\n<link rel=\"canonical\" href=\"https:\/\/tinychat.com\/de\/chatroulette-alternative\/\" \/>\n<meta property=\"og:locale\" content=\"de_DE\" \/>\n<meta property=\"og:type\" content=\"article\" \/>\n<meta property=\"og:title\" content=\"Chatroulette Alternative with Video Chat on TinyChat.com\" \/>\n<meta property=\"og:description\" content=\"Enjoying Chatroulette Alternative? Join over 50,000,000 strangers on TinyChat! Turn on your cam and start meeting new people, or find a match.\" \/>\n<meta property=\"og:url\" content=\"https:\/\/tinychat.com\/de\/chatroulette-alternative\/\" \/>\n<meta property=\"og:site_name\" content=\"TinyChat\" \/>\n<meta property=\"article:publisher\" content=\"https:\/\/www.facebook.com\/tinychat\" \/>\n<meta property=\"og:image\" content=\"https:\/\/tinychat.com\/wp-content\/uploads\/2020\/04\/Tinychat-logo-1280x284-new-black.png\" \/>\n\t<meta property=\"og:image:width\" content=\"1280\" \/>\n\t<meta property=\"og:image:height\" content=\"284\" \/>\n\t<meta property=\"og:image:type\" content=\"image\/png\" \/>\n<meta name=\"twitter:card\" content=\"summary_large_image\" \/>\n<meta name=\"twitter:site\" content=\"@tinychat\" \/>\n<meta name=\"twitter:label1\" content=\"Gesch\u00e4tzte Lesezeit\" \/>\n\t<meta name=\"twitter:data1\" content=\"5\u00a0Minuten\" \/>\n<script type=\"application\/ld+json\" class=\"yoast-schema-graph\">{\"@context\":\"https:\\\/\\\/schema.org\",\"@graph\":[{\"@type\":\"WebPage\",\"@id\":\"https:\\\/\\\/tinychat.com\\\/chatroulette-alternative\\\/\",\"url\":\"https:\\\/\\\/tinychat.com\\\/chatroulette-alternative\\\/\",\"name\":\"Chatroulette Alternative with Video Chat on TinyChat.com\",\"isPartOf\":{\"@id\":\"https:\\\/\\\/tinychat.com\\\/#website\"},\"datePublished\":\"2025-09-10T08:48:49+00:00\",\"description\":\"Enjoying Chatroulette Alternative? Join over 50,000,000 strangers on TinyChat! Turn on your cam and start meeting new people, or find a match.\",\"breadcrumb\":{\"@id\":\"https:\\\/\\\/tinychat.com\\\/chatroulette-alternative\\\/#breadcrumb\"},\"inLanguage\":\"de\",\"potentialAction\":[{\"@type\":\"ReadAction\",\"target\":[\"https:\\\/\\\/tinychat.com\\\/chatroulette-alternative\\\/\"]}]},{\"@type\":\"BreadcrumbList\",\"@id\":\"https:\\\/\\\/tinychat.com\\\/chatroulette-alternative\\\/#breadcrumb\",\"itemListElement\":[{\"@type\":\"ListItem\",\"position\":1,\"name\":\"Home\",\"item\":\"https:\\\/\\\/tinychat.com\\\/\"},{\"@type\":\"ListItem\",\"position\":2,\"name\":\"Chatroulette Alternative\"}]},{\"@type\":\"WebSite\",\"@id\":\"https:\\\/\\\/tinychat.com\\\/#website\",\"url\":\"https:\\\/\\\/tinychat.com\\\/\",\"name\":\"TinyChat\",\"description\":\"Random Video Chat with Strangers\",\"publisher\":{\"@id\":\"https:\\\/\\\/tinychat.com\\\/#organization\"},\"alternateName\":\"TinyChat.com\",\"potentialAction\":[{\"@type\":\"SearchAction\",\"target\":{\"@type\":\"EntryPoint\",\"urlTemplate\":\"https:\\\/\\\/tinychat.com\\\/?s={search_term_string}\"},\"query-input\":{\"@type\":\"PropertyValueSpecification\",\"valueRequired\":true,\"valueName\":\"search_term_string\"}}],\"inLanguage\":\"de\"},{\"@type\":\"Organization\",\"@id\":\"https:\\\/\\\/tinychat.com\\\/#organization\",\"name\":\"TinyChat\",\"alternateName\":\"TinyChat.com\",\"url\":\"https:\\\/\\\/tinychat.com\\\/\",\"logo\":{\"@type\":\"ImageObject\",\"inLanguage\":\"de\",\"@id\":\"https:\\\/\\\/tinychat.com\\\/#\\\/schema\\\/logo\\\/image\\\/\",\"url\":\"https:\\\/\\\/tinychat.com\\\/wp-content\\\/uploads\\\/2023\\\/11\\\/Tinychat-icon-square.png\",\"contentUrl\":\"https:\\\/\\\/tinychat.com\\\/wp-content\\\/uploads\\\/2023\\\/11\\\/Tinychat-icon-square.png\",\"width\":284,\"height\":284,\"caption\":\"TinyChat\"},\"image\":{\"@id\":\"https:\\\/\\\/tinychat.com\\\/#\\\/schema\\\/logo\\\/image\\\/\"},\"sameAs\":[\"https:\\\/\\\/www.facebook.com\\\/tinychat\",\"https:\\\/\\\/x.com\\\/tinychat\"]}]}<\/script>\n<!-- \/ Yoast SEO plugin. -->","yoast_head_json":{"title":"Chatroulette Alternative mit Video-Chat auf TinyChat.com","description":"Gef\u00e4llt Ihnen Chatroulette Alternative? Schlie\u00dfen Sie sich \u00fcber 50.000.000 Fremden auf TinyChat an! Schalten Sie Ihre Kamera ein und lernen Sie neue Leute kennen, oder finden Sie einen Partner.","robots":{"index":"index","follow":"follow","max-snippet":"max-snippet:-1","max-image-preview":"max-image-preview:large","max-video-preview":"max-video-preview:-1"},"canonical":"https:\/\/tinychat.com\/de\/chatroulette-alternative\/","og_locale":"de_DE","og_type":"article","og_title":"Chatroulette Alternative with Video Chat on TinyChat.com","og_description":"Enjoying Chatroulette Alternative? Join over 50,000,000 strangers on TinyChat! Turn on your cam and start meeting new people, or find a match.","og_url":"https:\/\/tinychat.com\/de\/chatroulette-alternative\/","og_site_name":"TinyChat","article_publisher":"https:\/\/www.facebook.com\/tinychat","og_image":[{"width":1280,"height":284,"url":"https:\/\/tinychat.com\/wp-content\/uploads\/2020\/04\/Tinychat-logo-1280x284-new-black.png","type":"image\/png"}],"twitter_card":"summary_large_image","twitter_site":"@tinychat","twitter_misc":{"Gesch\u00e4tzte Lesezeit":"5\u00a0Minuten"},"schema":{"@context":"https:\/\/schema.org","@graph":[{"@type":"WebPage","@id":"https:\/\/tinychat.com\/chatroulette-alternative\/","url":"https:\/\/tinychat.com\/chatroulette-alternative\/","name":"Chatroulette Alternative mit Video-Chat auf TinyChat.com","isPartOf":{"@id":"https:\/\/tinychat.com\/#website"},"datePublished":"2025-09-10T08:48:49+00:00","description":"Gef\u00e4llt Ihnen Chatroulette Alternative? Schlie\u00dfen Sie sich \u00fcber 50.000.000 Fremden auf TinyChat an! Schalten Sie Ihre Kamera ein und lernen Sie neue Leute kennen, oder finden Sie einen Partner.","breadcrumb":{"@id":"https:\/\/tinychat.com\/chatroulette-alternative\/#breadcrumb"},"inLanguage":"de","potentialAction":[{"@type":"ReadAction","target":["https:\/\/tinychat.com\/chatroulette-alternative\/"]}]},{"@type":"BreadcrumbList","@id":"https:\/\/tinychat.com\/chatroulette-alternative\/#breadcrumb","itemListElement":[{"@type":"ListItem","position":1,"name":"Home","item":"https:\/\/tinychat.com\/"},{"@type":"ListItem","position":2,"name":"Chatroulette Alternative"}]},{"@type":"WebSite","@id":"https:\/\/tinychat.com\/#website","url":"https:\/\/tinychat.com\/","name":"TinyChat","description":"Zuf\u00e4lliger Video-Chat mit Fremden","publisher":{"@id":"https:\/\/tinychat.com\/#organization"},"alternateName":"TinyChat.com","potentialAction":[{"@type":"SearchAction","target":{"@type":"EntryPoint","urlTemplate":"https:\/\/tinychat.com\/?s={search_term_string}"},"query-input":{"@type":"PropertyValueSpecification","valueRequired":true,"valueName":"search_term_string"}}],"inLanguage":"de"},{"@type":"Organization","@id":"https:\/\/tinychat.com\/#organization","name":"TinyChat","alternateName":"TinyChat.com","url":"https:\/\/tinychat.com\/","logo":{"@type":"ImageObject","inLanguage":"de","@id":"https:\/\/tinychat.com\/#\/schema\/logo\/image\/","url":"https:\/\/tinychat.com\/wp-content\/uploads\/2023\/11\/Tinychat-icon-square.png","contentUrl":"https:\/\/tinychat.com\/wp-content\/uploads\/2023\/11\/Tinychat-icon-square.png","width":284,"height":284,"caption":"TinyChat"},"image":{"@id":"https:\/\/tinychat.com\/#\/schema\/logo\/image\/"},"sameAs":["https:\/\/www.facebook.com\/tinychat","https:\/\/x.com\/tinychat"]}]}},"_links":{"self":[{"href":"https:\/\/tinychat.com\/de\/wp-json\/wp\/v2\/pages\/13507","targetHints":{"allow":["GET"]}}],"collection":[{"href":"https:\/\/tinychat.com\/de\/wp-json\/wp\/v2\/pages"}],"about":[{"href":"https:\/\/tinychat.com\/de\/wp-json\/wp\/v2\/types\/page"}],"author":[{"embeddable":true,"href":"https:\/\/tinychat.com\/de\/wp-json\/wp\/v2\/users\/8"}],"replies":[{"embeddable":true,"href":"https:\/\/tinychat.com\/de\/wp-json\/wp\/v2\/comments?post=13507"}],"version-history":[{"count":1,"href":"https:\/\/tinychat.com\/de\/wp-json\/wp\/v2\/pages\/13507\/revisions"}],"predecessor-version":[{"id":13508,"href":"https:\/\/tinychat.com\/de\/wp-json\/wp\/v2\/pages\/13507\/revisions\/13508"}],"wp:attachment":[{"href":"https:\/\/tinychat.com\/de\/wp-json\/wp\/v2\/media?parent=13507"}],"curies":[{"name":"wp","href":"https:\/\/api.w.org\/{rel}","templated":true}]}}