{"id":13511,"date":"2025-09-10T10:58:25","date_gmt":"2025-09-10T08:58:25","guid":{"rendered":"https:\/\/tinychat.com\/?page_id=13511"},"modified":"2025-09-10T11:03:40","modified_gmt":"2025-09-10T09:03:40","slug":"random-chat","status":"publish","type":"page","link":"https:\/\/tinychat.com\/de\/random-chat\/","title":{"rendered":"Zufalls-Chat"},"content":{"rendered":"<p>Eines der aufregendsten Dinge am Internet ist, wie einfach es uns mit Menschen verbindet, die wir sonst nie treffen w\u00fcrden. Random Chat hebt das auf die n\u00e4chste Stufe, indem es Sie sofort mit Fremden aus der ganzen Welt sprechen l\u00e4sst. Keine Profile, kein Swipen, keine Algorithmen - nur Sie, Ihr Ger\u00e4t und derjenige, der auf der anderen Seite auftaucht.<\/p>\n<p>Es ist die einfachste und spontanste Form der Kontaktaufnahme. Egal, ob Sie sich die Zeit vertreiben, etwas \u00fcber andere Kulturen erfahren, neue Freunde finden oder sogar ein wenig flirten m\u00f6chten - der Chat bietet einen Blick ins Unbekannte.<\/p>\n<h2>Was ist ein Zufalls-Chat?<\/h2>\n<p>Im Grunde ist der Zufalls-Chat ein Online-Dienst, der Sie nach dem Zufallsprinzip mit anderen Nutzern zusammenbringt. Der Chat kann textbasiert sein, nur per Sprache oder per Live-Video. Die Idee ist einfach: Beginnen Sie den Chat, schauen Sie, wie sich das Gespr\u00e4ch entwickelt, und wenn es nicht klappt, wechseln Sie zur n\u00e4chsten Person.<\/p>\n<p>Die meisten Zufalls-Chat-Plattformen haben ein paar wichtige Merkmale gemeinsam:<\/p>\n<ul>\n<li>Sofortiger Zugang - Keine Registrierung erforderlich, einfach anklicken und loslegen.<\/li>\n<li>Anonymit\u00e4t - Verwenden Sie einen Spitznamen oder bleiben Sie v\u00f6llig inkognito.<\/li>\n<li>Kostenlose Nutzung - Viele Plattformen bieten unbegrenzte Chats ohne Kosten an.<\/li>\n<li>Globale Reichweite - Treffen Sie Menschen aus verschiedenen L\u00e4ndern, Kulturen und Lebensstilen.<\/li>\n<li>Option \u00fcberspringen - Wenn der Chat nicht funktioniert, klicken Sie auf \"Weiter\" und versuchen Sie es erneut.<\/li>\n<\/ul>\n<p>Es ist einfach, schnell und oft \u00fcberraschend unterhaltsam.<\/p>\n<h2>Warum Menschen Random Chat lieben<\/h2>\n<p>Warum also ist der Zufalls-Chat seit \u00fcber einem Jahrzehnt so beliebt? Weil er etwas bietet, was soziale Medien nicht k\u00f6nnen: Spontaneit\u00e4t.<\/p>\n<ul>\n<li>\u00dcberraschungsfaktor - Man wei\u00df nie, wer der N\u00e4chste ist, und diese Unvorhersehbarkeit ist spannend.<\/li>\n<li>Keine Verpflichtungen - keine Freundschaftsanfragen, keine Follower-Zahlen, nur Echtzeit-Unterhaltungen.<\/li>\n<li>Echte Interaktion - Ein Live-Chat ist pers\u00f6nlicher als Beitr\u00e4ge oder Kommentare.<\/li>\n<li>Freiheit - Sie k\u00f6nnen sagen, was Sie wollen, ohne sich \u00fcber die langfristigen Folgen Gedanken zu machen.<\/li>\n<li>Unendliche Vielfalt - Von schnellen Lachern bis zu tiefgr\u00fcndigen Gespr\u00e4chen ist jeder Chat einzigartig.<\/li>\n<\/ul>\n<p>F\u00fcr viele Menschen ist der Zufalls-Chat eine willkommene Abwechslung in einer Welt der ausgefeilten Profile und geskripteten Interaktionen.<\/p>\n<h2>So funktioniert der Zufalls-Chat<\/h2>\n<p>Die meisten Zufalls-Chat-Plattformen sind unglaublich einfach zu bedienen:<\/p>\n<ol>\n<li>W\u00e4hlen Sie eine Plattform - Beliebte Websites sind Omegle, Chatroulette, Chatrandom und TinyChat.<\/li>\n<li>W\u00e4hlen Sie einen Modus - Text-, Audio- oder Video-Chat.<\/li>\n<li>Klicken Sie auf \"Start\" - Sie werden sofort mit einem Fremden zusammengebracht.<\/li>\n<li>Chatten oder schw\u00e4nzen - Bleiben Sie, wenn es gut ist, oder gehen Sie weiter, wenn es nicht gut ist.<\/li>\n<li>Entdecken Sie Filter - Auf einigen Websites k\u00f6nnen Sie Interessen, Orte oder Geschlecht filtern.<\/li>\n<\/ol>\n<p>In weniger als einer Minute k\u00f6nnen Sie mit jemandem am anderen Ende der Welt sprechen.<\/p>\n<h2>Arten von Random-Chat-Plattformen<\/h2>\n<p>Verschiedene Plattformen eignen sich f\u00fcr unterschiedliche Arten des Chattens:<\/p>\n<h3>1. Zufalls-Chat in Textform<\/h3>\n<p>Perfekt, wenn Sie sch\u00fcchtern oder nicht bereit f\u00fcr Video sind. Sie bleiben anonym und konzentrieren sich auf das Gespr\u00e4ch.<\/p>\n<h3>2. Zuf\u00e4lliger Video-Chat<\/h3>\n<p>Es ist ein pers\u00f6nliches Element von Angesicht zu Angesicht. Sie k\u00f6nnen Fremde in Echtzeit sehen und h\u00f6ren.<\/p>\n<h3>3. Sprachgesteuerter Zufalls-Chat<\/h3>\n<p>Ein guter Mittelweg, wenn Sie kein Video wollen, aber lieber sprechen als tippen.<\/p>\n<h3>4. Themenspezifische Chat-R\u00e4ume<\/h3>\n<p>Treten Sie R\u00e4umen bei, die sich mit Hobbys, Dating, Reisen, Spielen oder einfach nur allgemeiner Unterhaltung besch\u00e4ftigen.<\/p>\n<h3>5. Zufalls-Chat f\u00fcr Erwachsene<\/h3>\n<p>18+-R\u00e4ume f\u00fcr Flirts und explizitere Unterhaltungen.<\/p>\n<h2>Beste Plattformen f\u00fcr Random Chat<\/h2>\n<p>Hier sind einige der beliebtesten und vertrauensw\u00fcrdigsten Optionen:<\/p>\n<ul>\n<li>Omegle - Die klassische Zufalls-Chat-Seite mit Text und Video.<\/li>\n<li>Chatroulette - Schneller, zuf\u00e4lliger Video-Chat mit Fremden weltweit.<\/li>\n<li>Chatrandom - Bietet thematische R\u00e4ume und Geschlechterfilter.<\/li>\n<li>Chatspin - Enth\u00e4lt lustige Videoeffekte und mobile Anwendungen.<\/li>\n<li>Camsurf - Moderierte Plattform mit Schwerpunkt auf Sicherheit.<\/li>\n<li>TinyChat - Chat im Community-Stil mit \u00f6ffentlichen und privaten R\u00e4umen.<\/li>\n<li>Bazoocam - Europ\u00e4ischer Favorit mit integrierten Eisbrecher-Spielen.<\/li>\n<\/ul>\n<p>Jede hat ihre eigene Note, also probieren Sie einige aus, um herauszufinden, welche Ihrer Stimmung entspricht.<\/p>\n<h2>Zuf\u00e4lliger Chat vs. Soziale Medien<\/h2>\n<p>Beide verbinden Menschen, aber der Zufalls-Chat bietet eine ganz andere Erfahrung.<\/p>\n<table>\n<thead>\n<tr>\n<th>Merkmal<\/th>\n<th>Zufalls-Chat<\/th>\n<th>Soziale Medien<\/th>\n<\/tr>\n<\/thead>\n<tbody>\n<tr>\n<td>Zuf\u00e4llige Zuordnung von Fremden<\/td>\n<td>\u2705 Ja<\/td>\n<td>\u274c Nein<\/td>\n<\/tr>\n<tr>\n<td>Konversation in Echtzeit<\/td>\n<td>\u2705 Sofort<\/td>\n<td>\u26a0\ufe0f Versp\u00e4tet<\/td>\n<\/tr>\n<tr>\n<td>Profil erforderlich<\/td>\n<td>\u274c Nicht immer<\/td>\n<td>\u2705 Immer<\/td>\n<\/tr>\n<tr>\n<td>Anonymit\u00e4t<\/td>\n<td>\u2705 Ja<\/td>\n<td>\u274c Begrenzt<\/td>\n<\/tr>\n<tr>\n<td>Option \u00fcberspringen<\/td>\n<td>\u2705 Ja<\/td>\n<td>\u274c Nein<\/td>\n<\/tr>\n<\/tbody>\n<\/table>\n<p>Wenn sich soziale Medien zu sehr nach Kuratel anf\u00fchlen, ist der Zufalls-Chat das Gegenmittel.<\/p>\n<h2>Sicherheit bei der Nutzung von Random Chat<\/h2>\n<p>Da Sie mit Fremden sprechen, ist Sicherheit wichtig:<\/p>\n<ul>\n<li>Geben Sie keine pers\u00f6nlichen Daten weiter - Halten Sie Ihren Namen, Ihre Telefonnummer und Ihre Adresse geheim.<\/li>\n<li>Verwenden Sie einen Spitznamen - Bleiben Sie anonym, bis Sie sich sicher f\u00fchlen.<\/li>\n<li>Freies \u00dcberspringen - Bleiben Sie nicht in Gespr\u00e4chen, die sich unpassend anf\u00fchlen.<\/li>\n<li>Melden Sie unangemessene Nutzer - Die meisten Plattformen verf\u00fcgen \u00fcber Moderationsfunktionen.<\/li>\n<li>Seien Sie vorsichtig mit Videos - Achten Sie darauf, dass Ihr Hintergrund keine privaten Details preisgibt.<\/li>\n<\/ul>\n<p>Zufalls-Chat macht Spa\u00df und ist sicher, wenn man Grenzen setzt.<\/p>\n<h2>Wer benutzt den Zufalls-Chat?<\/h2>\n<p>Die Vielfalt der Menschen, denen man begegnet, macht so s\u00fcchtig. Zu den h\u00e4ufigen Nutzern geh\u00f6ren:<\/p>\n<ul>\n<li>Studenten - Sie suchen nach sozialer Interaktion oder Sprachpraxis.<\/li>\n<li>Singles - Flirten oder auf der Suche nach Gelegenheitsdates.<\/li>\n<li>Nachtschw\u00e4rmer - Sie suchen Gesellschaft zu sp\u00e4ter Stunde.<\/li>\n<li>Reisende - Einheimische virtuell treffen und mehr \u00fcber Reiseziele erfahren.<\/li>\n<li>Neugierige Menschen - einfach erkunden, wer da drau\u00dfen ist.<\/li>\n<\/ul>\n<p>Es ist wirklich eine globale Mischung.<\/p>\n<h2>TinyChat: Ein zuf\u00e4lliges Chat Alternative im Community-Stil<\/h2>\n<p>Wenn Sie den Zufalls-Chat m\u00f6gen, aber etwas Organisatorisches suchen, ist TinyChat eine gute Wahl. Im Gegensatz zu Einzelplattformen verbindet es Zuf\u00e4lligkeit mit einem Gef\u00fchl der Gemeinschaft.<\/p>\n<ul>\n<li>\u00d6ffentliche R\u00e4ume - Reden Sie \u00fcber Musik, Politik, Dating oder allgemeine Themen.<\/li>\n<li>Private R\u00e4ume - Erstellen Sie Ihren eigenen Chat-Bereich.<\/li>\n<li>Video, Audio und Text - W\u00e4hlen Sie Ihr bevorzugtes Format.<\/li>\n<li>Plattform\u00fcbergreifend - Funktioniert auf Desktop-Browsern und mobilen Anwendungen.<\/li>\n<li>Sofortiger Zugang - keine Anmeldung erforderlich.<\/li>\n<\/ul>\n<p>TinyChat bietet Ihnen die Freiheit eines zuf\u00e4lligen Chats mit der Tiefe von Themen-Communities.<\/p>\n<h2>Tipps f\u00fcr die optimale Nutzung von Random Chat<\/h2>\n<ul>\n<li>L\u00e4cheln Sie, wenn Sie Kontakte kn\u00fcpfen: Freundliche Ausstrahlung macht es wahrscheinlicher, dass Fremde bleiben.<\/li>\n<li>Stellen Sie interessante Fragen - Gehen Sie \u00fcber ein \"Hallo\" hinaus und stellen Sie interessante Fragen.<\/li>\n<li>Seien Sie respektvoll - Behandeln Sie Fremde so, wie Sie selbst behandelt werden m\u00f6chten.<\/li>\n<li>Erforschen Sie verschiedene Zeiten - die Nutzerbasis \u00e4ndert sich st\u00fcndlich.<\/li>\n<li>Nehmen Sie es nicht zu ernst - manche Chats sind kurz, andere dauern l\u00e4nger. Genie\u00dfen Sie die Abwechslung.<\/li>\n<\/ul>\n<h2>Kostenloser vs. kostenpflichtiger Zufalls-Chat<\/h2>\n<p>Die meisten Zufalls-Chat-Plattformen sind kostenlos, aber einige bieten Premium-Leistungen.<\/p>\n<table>\n<thead>\n<tr>\n<th>Merkmal<\/th>\n<th>Kostenloser Zufalls-Chat<\/th>\n<th>Bezahlte Versionen<\/th>\n<\/tr>\n<\/thead>\n<tbody>\n<tr>\n<td>Unbegrenzte Zufallsspiele<\/td>\n<td>\u2705 Ja<\/td>\n<td>\u2705 Ja<\/td>\n<\/tr>\n<tr>\n<td>Schaltfl\u00e4che \"\u00dcberspringen<\/td>\n<td>\u2705 Ja<\/td>\n<td>\u2705 Ja<\/td>\n<\/tr>\n<tr>\n<td>Filter f\u00fcr Geschlecht\/Ort<\/td>\n<td>\u26a0\ufe0f Basic oder eingeschr\u00e4nkt<\/td>\n<td>\u2705 Fortgeschritten<\/td>\n<\/tr>\n<tr>\n<td>Anzeigen entfernt<\/td>\n<td>\u274c<\/td>\n<td>\u2705 Ja<\/td>\n<\/tr>\n<tr>\n<td>VIP-\/Privatr\u00e4ume<\/td>\n<td>\u274c<\/td>\n<td>\u2705 Ja<\/td>\n<\/tr>\n<\/tbody>\n<\/table>\n<p>F\u00fcr den gelegentlichen Gebrauch sind die kostenlosen Versionen mehr als ausreichend.<\/p>\n<h2>Die Aufregung des Unbekannten<\/h2>\n<p>Was die Leute immer wieder zum Zufalls-Chat zur\u00fcckkehren l\u00e4sst, ist der Nervenkitzel, nicht zu wissen, wer der N\u00e4chste ist. An einem einzigen Abend k\u00f6nnten Sie:<\/p>\n<ul>\n<li>Lachen Sie mit jemandem auf der anderen Seite des Globus.<\/li>\n<li>Lernen Sie eine neue Kultur kennen.<\/li>\n<li>Entdecken Sie eine neue Lieblingsband oder einen neuen Film.<\/li>\n<li>Teilen Sie Ihre Lebensgeschichte mit einem Fremden.<\/li>\n<li>Finden Sie einen Freund - oder sogar einen Funken Romantik.<\/li>\n<\/ul>\n<p>Jedes Gespr\u00e4ch ist eine Chance f\u00fcr etwas Unerwartetes.<\/p>\n<p>Der Zufalls-Chat ist eine der einfachsten und aufregendsten M\u00f6glichkeiten, online Leute kennenzulernen. Ohne Kosten, ohne Profile und ohne Druck ist es eine reine Form der digitalen Kontaktaufnahme - schnell, spontan und global.<\/p>\n<p>Egal, ob Sie Langeweile vertreiben, eine Sprache \u00fcben, mit Fremden flirten oder einfach nur menschliche Kontakte kn\u00fcpfen m\u00f6chten - auf Chat-Plattformen ist das mit einem einzigen Klick m\u00f6glich.<\/p>\n<p>Wenn Sie also bereit f\u00fcr etwas Neues sind, \u00f6ffnen Sie ein Chat-Fenster, dr\u00fccken Sie auf \"Start\" und sehen Sie, wer auf Sie wartet. Ihr n\u00e4chster zuf\u00e4lliger Chat k\u00f6nnte das Highlight Ihres Tages werden.<\/p>","protected":false},"excerpt":{"rendered":"<p>One of the most exciting things about the internet is how easily it connects us to people we\u2019d never meet otherwise. Random chat takes that to the next level by letting you talk instantly with strangers from around the world. No profiles, no swiping, no algorithms\u2014just you, your device, and whoever shows up on the [&hellip;]<\/p>\n","protected":false},"author":8,"featured_media":0,"parent":0,"menu_order":0,"comment_status":"closed","ping_status":"closed","template":"","meta":{"footnotes":""},"class_list":["post-13511","page","type-page","status-publish","hentry"],"yoast_head":"<!-- This site is optimized with the Yoast SEO plugin v27.4 - https:\/\/yoast.com\/product\/yoast-seo-wordpress\/ -->\n<title>Random Chat with Video Chat on TinyChat.com<\/title>\n<meta name=\"description\" content=\"Enjoying Random Chat? Join over 50,000,000 strangers on TinyChat! Turn on your cam and start meeting new people, or find a match.\" \/>\n<meta name=\"robots\" content=\"index, follow, max-snippet:-1, max-image-preview:large, max-video-preview:-1\" \/>\n<link rel=\"canonical\" href=\"https:\/\/tinychat.com\/de\/random-chat\/\" \/>\n<meta property=\"og:locale\" content=\"de_DE\" \/>\n<meta property=\"og:type\" content=\"article\" \/>\n<meta property=\"og:title\" content=\"Random Chat with Video Chat on TinyChat.com\" \/>\n<meta property=\"og:description\" content=\"Enjoying Random Chat? Join over 50,000,000 strangers on TinyChat! Turn on your cam and start meeting new people, or find a match.\" \/>\n<meta property=\"og:url\" content=\"https:\/\/tinychat.com\/de\/random-chat\/\" \/>\n<meta property=\"og:site_name\" content=\"TinyChat\" \/>\n<meta property=\"article:publisher\" content=\"https:\/\/www.facebook.com\/tinychat\" \/>\n<meta property=\"article:modified_time\" content=\"2025-09-10T09:03:40+00:00\" \/>\n<meta property=\"og:image\" content=\"https:\/\/tinychat.com\/wp-content\/uploads\/2020\/04\/Tinychat-logo-1280x284-new-black.png\" \/>\n\t<meta property=\"og:image:width\" content=\"1280\" \/>\n\t<meta property=\"og:image:height\" content=\"284\" \/>\n\t<meta property=\"og:image:type\" content=\"image\/png\" \/>\n<meta name=\"twitter:card\" content=\"summary_large_image\" \/>\n<meta name=\"twitter:site\" content=\"@tinychat\" \/>\n<meta name=\"twitter:label1\" content=\"Gesch\u00e4tzte Lesezeit\" \/>\n\t<meta name=\"twitter:data1\" content=\"5\u00a0Minuten\" \/>\n<script type=\"application\/ld+json\" class=\"yoast-schema-graph\">{\"@context\":\"https:\\\/\\\/schema.org\",\"@graph\":[{\"@type\":\"WebPage\",\"@id\":\"https:\\\/\\\/tinychat.com\\\/random-chat\\\/\",\"url\":\"https:\\\/\\\/tinychat.com\\\/random-chat\\\/\",\"name\":\"Random Chat with Video Chat on TinyChat.com\",\"isPartOf\":{\"@id\":\"https:\\\/\\\/tinychat.com\\\/#website\"},\"datePublished\":\"2025-09-10T08:58:25+00:00\",\"dateModified\":\"2025-09-10T09:03:40+00:00\",\"description\":\"Enjoying Random Chat? Join over 50,000,000 strangers on TinyChat! Turn on your cam and start meeting new people, or find a match.\",\"breadcrumb\":{\"@id\":\"https:\\\/\\\/tinychat.com\\\/random-chat\\\/#breadcrumb\"},\"inLanguage\":\"de\",\"potentialAction\":[{\"@type\":\"ReadAction\",\"target\":[\"https:\\\/\\\/tinychat.com\\\/random-chat\\\/\"]}]},{\"@type\":\"BreadcrumbList\",\"@id\":\"https:\\\/\\\/tinychat.com\\\/random-chat\\\/#breadcrumb\",\"itemListElement\":[{\"@type\":\"ListItem\",\"position\":1,\"name\":\"Home\",\"item\":\"https:\\\/\\\/tinychat.com\\\/\"},{\"@type\":\"ListItem\",\"position\":2,\"name\":\"Random Chat\"}]},{\"@type\":\"WebSite\",\"@id\":\"https:\\\/\\\/tinychat.com\\\/#website\",\"url\":\"https:\\\/\\\/tinychat.com\\\/\",\"name\":\"TinyChat\",\"description\":\"Random Video Chat with Strangers\",\"publisher\":{\"@id\":\"https:\\\/\\\/tinychat.com\\\/#organization\"},\"alternateName\":\"TinyChat.com\",\"potentialAction\":[{\"@type\":\"SearchAction\",\"target\":{\"@type\":\"EntryPoint\",\"urlTemplate\":\"https:\\\/\\\/tinychat.com\\\/?s={search_term_string}\"},\"query-input\":{\"@type\":\"PropertyValueSpecification\",\"valueRequired\":true,\"valueName\":\"search_term_string\"}}],\"inLanguage\":\"de\"},{\"@type\":\"Organization\",\"@id\":\"https:\\\/\\\/tinychat.com\\\/#organization\",\"name\":\"TinyChat\",\"alternateName\":\"TinyChat.com\",\"url\":\"https:\\\/\\\/tinychat.com\\\/\",\"logo\":{\"@type\":\"ImageObject\",\"inLanguage\":\"de\",\"@id\":\"https:\\\/\\\/tinychat.com\\\/#\\\/schema\\\/logo\\\/image\\\/\",\"url\":\"https:\\\/\\\/tinychat.com\\\/wp-content\\\/uploads\\\/2023\\\/11\\\/Tinychat-icon-square.png\",\"contentUrl\":\"https:\\\/\\\/tinychat.com\\\/wp-content\\\/uploads\\\/2023\\\/11\\\/Tinychat-icon-square.png\",\"width\":284,\"height\":284,\"caption\":\"TinyChat\"},\"image\":{\"@id\":\"https:\\\/\\\/tinychat.com\\\/#\\\/schema\\\/logo\\\/image\\\/\"},\"sameAs\":[\"https:\\\/\\\/www.facebook.com\\\/tinychat\",\"https:\\\/\\\/x.com\\\/tinychat\"]}]}<\/script>\n<!-- \/ Yoast SEO plugin. -->","yoast_head_json":{"title":"Zufalls-Chat mit Video-Chat auf TinyChat.com","description":"Genie\u00dfen Sie den Zufalls-Chat? Schlie\u00dfen Sie sich \u00fcber 50.000.000 Fremden auf TinyChat an! Schalte deine Kamera ein und fange an, neue Leute zu treffen, oder finde einen Partner.","robots":{"index":"index","follow":"follow","max-snippet":"max-snippet:-1","max-image-preview":"max-image-preview:large","max-video-preview":"max-video-preview:-1"},"canonical":"https:\/\/tinychat.com\/de\/random-chat\/","og_locale":"de_DE","og_type":"article","og_title":"Random Chat with Video Chat on TinyChat.com","og_description":"Enjoying Random Chat? Join over 50,000,000 strangers on TinyChat! Turn on your cam and start meeting new people, or find a match.","og_url":"https:\/\/tinychat.com\/de\/random-chat\/","og_site_name":"TinyChat","article_publisher":"https:\/\/www.facebook.com\/tinychat","article_modified_time":"2025-09-10T09:03:40+00:00","og_image":[{"width":1280,"height":284,"url":"https:\/\/tinychat.com\/wp-content\/uploads\/2020\/04\/Tinychat-logo-1280x284-new-black.png","type":"image\/png"}],"twitter_card":"summary_large_image","twitter_site":"@tinychat","twitter_misc":{"Gesch\u00e4tzte Lesezeit":"5\u00a0Minuten"},"schema":{"@context":"https:\/\/schema.org","@graph":[{"@type":"WebPage","@id":"https:\/\/tinychat.com\/random-chat\/","url":"https:\/\/tinychat.com\/random-chat\/","name":"Zufalls-Chat mit Video-Chat auf TinyChat.com","isPartOf":{"@id":"https:\/\/tinychat.com\/#website"},"datePublished":"2025-09-10T08:58:25+00:00","dateModified":"2025-09-10T09:03:40+00:00","description":"Genie\u00dfen Sie den Zufalls-Chat? Schlie\u00dfen Sie sich \u00fcber 50.000.000 Fremden auf TinyChat an! Schalte deine Kamera ein und fange an, neue Leute zu treffen, oder finde einen Partner.","breadcrumb":{"@id":"https:\/\/tinychat.com\/random-chat\/#breadcrumb"},"inLanguage":"de","potentialAction":[{"@type":"ReadAction","target":["https:\/\/tinychat.com\/random-chat\/"]}]},{"@type":"BreadcrumbList","@id":"https:\/\/tinychat.com\/random-chat\/#breadcrumb","itemListElement":[{"@type":"ListItem","position":1,"name":"Home","item":"https:\/\/tinychat.com\/"},{"@type":"ListItem","position":2,"name":"Random Chat"}]},{"@type":"WebSite","@id":"https:\/\/tinychat.com\/#website","url":"https:\/\/tinychat.com\/","name":"TinyChat","description":"Zuf\u00e4lliger Video-Chat mit Fremden","publisher":{"@id":"https:\/\/tinychat.com\/#organization"},"alternateName":"TinyChat.com","potentialAction":[{"@type":"SearchAction","target":{"@type":"EntryPoint","urlTemplate":"https:\/\/tinychat.com\/?s={search_term_string}"},"query-input":{"@type":"PropertyValueSpecification","valueRequired":true,"valueName":"search_term_string"}}],"inLanguage":"de"},{"@type":"Organization","@id":"https:\/\/tinychat.com\/#organization","name":"TinyChat","alternateName":"TinyChat.com","url":"https:\/\/tinychat.com\/","logo":{"@type":"ImageObject","inLanguage":"de","@id":"https:\/\/tinychat.com\/#\/schema\/logo\/image\/","url":"https:\/\/tinychat.com\/wp-content\/uploads\/2023\/11\/Tinychat-icon-square.png","contentUrl":"https:\/\/tinychat.com\/wp-content\/uploads\/2023\/11\/Tinychat-icon-square.png","width":284,"height":284,"caption":"TinyChat"},"image":{"@id":"https:\/\/tinychat.com\/#\/schema\/logo\/image\/"},"sameAs":["https:\/\/www.facebook.com\/tinychat","https:\/\/x.com\/tinychat"]}]}},"_links":{"self":[{"href":"https:\/\/tinychat.com\/de\/wp-json\/wp\/v2\/pages\/13511","targetHints":{"allow":["GET"]}}],"collection":[{"href":"https:\/\/tinychat.com\/de\/wp-json\/wp\/v2\/pages"}],"about":[{"href":"https:\/\/tinychat.com\/de\/wp-json\/wp\/v2\/types\/page"}],"author":[{"embeddable":true,"href":"https:\/\/tinychat.com\/de\/wp-json\/wp\/v2\/users\/8"}],"replies":[{"embeddable":true,"href":"https:\/\/tinychat.com\/de\/wp-json\/wp\/v2\/comments?post=13511"}],"version-history":[{"count":1,"href":"https:\/\/tinychat.com\/de\/wp-json\/wp\/v2\/pages\/13511\/revisions"}],"predecessor-version":[{"id":13512,"href":"https:\/\/tinychat.com\/de\/wp-json\/wp\/v2\/pages\/13511\/revisions\/13512"}],"wp:attachment":[{"href":"https:\/\/tinychat.com\/de\/wp-json\/wp\/v2\/media?parent=13511"}],"curies":[{"name":"wp","href":"https:\/\/api.w.org\/{rel}","templated":true}]}}