{"id":13525,"date":"2025-09-18T09:57:22","date_gmt":"2025-09-18T07:57:22","guid":{"rendered":"https:\/\/tinychat.com\/?page_id=13525"},"modified":"2025-09-18T09:57:22","modified_gmt":"2025-09-18T07:57:22","slug":"american-random-video-call","status":"publish","type":"page","link":"https:\/\/tinychat.com\/de\/american-random-video-call\/","title":{"rendered":"Amerikanischer Zufalls-Videoanruf"},"content":{"rendered":"<p>Das Internet hat es m\u00f6glich gemacht, mit Menschen auf der ganzen Welt in Kontakt zu treten, aber manchmal m\u00f6chte man etwas, das n\u00e4her an zu Hause ist. Hier kommen die amerikanischen Videoanruf-Plattformen ins Spiel. Mit diesen Diensten k\u00f6nnen Sie sofort mit Menschen in den Vereinigten Staaten in Kontakt treten - ganz gleich, ob Sie neue Freunde finden, ein wenig flirten oder sich einfach nur die Zeit mit einer lockeren Unterhaltung vertreiben m\u00f6chten.<\/p>\n<p>Von College-Studenten in New York bis zu Berufst\u00e4tigen in Los Angeles - man wei\u00df nie, wer als N\u00e4chstes auf dem Bildschirm auftauchen wird. Es ist spontan, aufregend und 100% live.<\/p>\n<h2>Was ist ein amerikanischer Zufalls-Videoanruf?<\/h2>\n<p>Ein amerikanischer Zufallsvideogespr\u00e4ch ist ein Echtzeit-Chat mit einer Person in den USA, der sofort durch ein Zufallsvermittlungssystem erfolgt. Sie suchen sich nicht aus, mit wem Sie sprechen - die Plattform tut dies f\u00fcr Sie.<\/p>\n<p>Zu den \u00fcblichen Merkmalen geh\u00f6ren:<\/p>\n<ul>\n<li>Sofortiges Matching - Verbinde dich in Sekundenschnelle mit einem zuf\u00e4llig ausgew\u00e4hlten amerikanischen Fremden.<\/li>\n<li>Freier Zugang - Bei vielen Websites k\u00f6nnen Sie ohne Bezahlung mitmachen.<\/li>\n<li>Video-First-Chat - Sehen und h\u00f6ren Sie sich gegenseitig live.<\/li>\n<li>Schaltfl\u00e4che \"\u00dcberspringen\" - Keine Lust? Tippen Sie auf \"Weiter\", um jemand Neues zu treffen.<\/li>\n<li>Optionale Filter - Schr\u00e4nken Sie die Treffer nach Geschlecht, Ort oder Interessen ein.<\/li>\n<\/ul>\n<p>Es ist wie Speed-Dating im Internet, nur ohne den Druck - nur mit einer Kamera, einem Mikrofon und dem Nervenkitzel des Unbekannten.<\/p>\n<h2>Warum Menschen American Random Video Chat benutzen<\/h2>\n<p>Es gibt viele Gr\u00fcnde, warum Menschen US-amerikanische Plattformen den globalen vorziehen:<\/p>\n<ul>\n<li>Kulturelle Vertrautheit - Es ist einfacher, sich mit Leuten zu unterhalten, die einen \u00e4hnlichen Slang, Humor oder Anspielungen haben.<\/li>\n<li>Dating-M\u00f6glichkeiten - Viele nutzen zuf\u00e4llige Videoanrufe, um zu flirten oder potenzielle Partner zu treffen.<\/li>\n<li>Freundschaft - Eine M\u00f6glichkeit, neue Leute im selben Land kennenzulernen.<\/li>\n<li>Sprachkomfort - Beim Chatten auf Englisch m\u00fcssen Sie sich nicht mit der \u00dcbersetzung abm\u00fchen.<\/li>\n<li>Bequemlichkeit - Die Zeitzonen stimmen \u00fcberein, so dass es einfacher ist, lange Gespr\u00e4che zu f\u00fchren.<\/li>\n<\/ul>\n<p>Ganz gleich, ob Sie auf der Suche nach Spa\u00df oder nach etwas Tiefgr\u00fcndigem sind, ein zuf\u00e4lliger Videochat mit Amerikanern macht es leichter, sich zu identifizieren.<\/p>\n<h2>So funktioniert der amerikanische Zufalls-Videoanruf<\/h2>\n<p>Die Nutzung einer dieser Plattformen ist ganz einfach - auch wenn Sie noch nie einen zuf\u00e4lligen Videochat ausprobiert haben:<\/p>\n<ol>\n<li>W\u00e4hlen Sie eine Plattform - zur Auswahl stehen Omegle, Chatspin, Chatrandom und TinyChat.<\/li>\n<li>Erlauben Sie den Zugriff auf Kamera und Mikrofon - Diese Plattformen ben\u00f6tigen Ihre Webcam und Ihr Audio.<\/li>\n<li>Klicken Sie auf \"Start\" - Sie werden sofort mit jemandem in den USA zusammengebracht.<\/li>\n<li>Bleiben Sie oder lassen Sie es bleiben - Wenn das Gespr\u00e4ch funktioniert, bleiben Sie im Gespr\u00e4ch, wenn nicht, gehen Sie weiter.<\/li>\n<li>Wiederholen - Jede Verbindung ist anders, und der Spa\u00df liegt in der Vielfalt.<\/li>\n<\/ol>\n<p>Das war's - keine komplizierte Anmeldung, keine langen Formulare, keine Wartezeiten.<\/p>\n<h2>Arten von amerikanischen Zufalls-Videoanrufen<\/h2>\n<p>Es gibt nicht nur einen Weg, eine Verbindung herzustellen. Verschiedene Plattformen sprechen unterschiedliche Stile an:<\/p>\n<h3>1. Eins-zu-eins-Videogespr\u00e4che<\/h3>\n<p>Der klassische Omegle-Chat: nur Sie und ein amerikanischer Fremder.<\/p>\n<h3>2. Gruppen-Videochat-R\u00e4ume<\/h3>\n<p>Treten Sie einem gr\u00f6\u00dferen Raum bei, in dem mehrere Amerikaner miteinander chatten - ideal, um mehrere Personen gleichzeitig zu treffen.<\/p>\n<h3>3. Themenspezifische R\u00e4ume<\/h3>\n<p>Chatten Sie mit Amerikanern, die Ihre Interessen teilen, \u00fcber Sport, Dating, Spiele, Politik oder einfach nur \u00fcber allgemeine Kontakte.<\/p>\n<h3>4. Live-\u00dcbertragungen<\/h3>\n<p>Einige Plattformen, wie TinyChat, erm\u00f6glichen es den Nutzern, in einen Raum zu streamen und mit den Zuschauern in Echtzeit zu interagieren.<\/p>\n<h3>5. Zufallsanrufe nur f\u00fcr Erwachsene<\/h3>\n<p>F\u00fcr die \u00fcber 18-J\u00e4hrigen konzentrieren sich einige Plattformen auf kokette oder explizitere Unterhaltungen.<\/p>\n<h2>Beste Plattformen f\u00fcr amerikanische Zufalls-Videoanrufe<\/h2>\n<p>Hier sind einige der besten Optionen, wenn Sie mit Menschen in den USA in Kontakt treten m\u00f6chten:<\/p>\n<ul>\n<li>Omegle - Die klassische Zufalls-Chat-Site, allerdings kann die Moderation schwach sein.<\/li>\n<li>Chatspin - Beliebt in den USA, mit Filtern f\u00fcr Geschlecht und Ort.<\/li>\n<li>Chatrandom - Enth\u00e4lt den Modus \"nur f\u00fcr M\u00e4dchen\" und Chatr\u00e4ume mit Schwerpunkt auf den USA.<\/li>\n<li>Camsurf - Sicherere Alternative mit besserer Moderation.<\/li>\n<li>TinyChat - Kombiniert zuf\u00e4llige Videoanrufe mit themenbasierten Gruppen-Chatrooms.<\/li>\n<li>Bazoocam - ist in Europa beheimatet, hat aber noch aktive Nutzer in den USA.<\/li>\n<\/ul>\n<h2>Warum TinyChat sich abhebt<\/h2>\n<p>Wenn Sie speziell nach einem amerikanischen Zufalls-Videochat suchen, aber nicht das Chaos von Omegle wollen, ist TinyChat eine der besten Optionen.<\/p>\n<ul>\n<li>\u00d6ffentliche R\u00e4ume - Treten Sie US-amerikanischen Chatrooms oder Themenr\u00e4umen bei.<\/li>\n<li>Private R\u00e4ume - Erstellen Sie Ihren eigenen Chat mit einer kleineren Gruppe.<\/li>\n<li>Video, Audio und Text - W\u00e4hlen Sie Ihre bevorzugte Art der Verbindung.<\/li>\n<li>Plattform\u00fcbergreifend - Funktioniert auf Browsern, iOS und Android.<\/li>\n<li>Gemeinschaftsgef\u00fchl - strukturierter als endloses Einzelskipping.<\/li>\n<\/ul>\n<p>Das ist ideal, wenn Sie spontan sein wollen und die M\u00f6glichkeit haben wollen, an einem Ort zu bleiben und viele Leute zu treffen.<\/p>\n<h2>Amerikanischer Zufalls-Videoanruf vs. Global Chat<\/h2>\n<p>Warum also eine auf Amerika ausgerichtete Plattform einer globalen Plattform vorziehen?<\/p>\n<table>\n<thead>\n<tr>\n<th>Merkmal<\/th>\n<th>Amerikanischer Zufalls-Videoanruf<\/th>\n<th>Globaler zuf\u00e4lliger Videoanruf<\/th>\n<\/tr>\n<\/thead>\n<tbody>\n<tr>\n<td>Kulturelle Vertrautheit<\/td>\n<td>\u2705 Hoch<\/td>\n<td>\u26a0\ufe0f Gemischt<\/td>\n<\/tr>\n<tr>\n<td>Sprachbarriere<\/td>\n<td>\u274c Minimal<\/td>\n<td>\u26a0\ufe0f M\u00f6glich<\/td>\n<\/tr>\n<tr>\n<td>Ausrichtung der Zeitzone<\/td>\n<td>\u2705 Ja<\/td>\n<td>\u274c Nicht immer<\/td>\n<\/tr>\n<tr>\n<td>Dating-Potenzial<\/td>\n<td>\u2705 Einfacher vor Ort<\/td>\n<td>\u2705 Gr\u00f6\u00dfere Reichweite<\/td>\n<\/tr>\n<tr>\n<td>Vielfalt der Erfahrungen<\/td>\n<td>\u26a0\ufe0f Begrenzt<\/td>\n<td>\u2705 Sehr hoch<\/td>\n<\/tr>\n<\/tbody>\n<\/table>\n<p>Beides hat seine Vorteile, aber wenn Sie sich mit anderen austauschen wollen, sind Chats mit amerikanischer Ausrichtung sinnvoller.<\/p>\n<h2>Sicherheit bei Videogespr\u00e4chen mit Fremden<\/h2>\n<p>Wie bei jeder Chat-Plattform f\u00fcr Fremde kommt es auch hier auf die Sicherheit an:<\/p>\n<ul>\n<li>Geben Sie nicht zu viel preis: Behalten Sie Ihren Namen, Ihre Telefonnummer und Ihre Adresse f\u00fcr sich.<\/li>\n<li>Verwenden Sie einen Spitznamen - Anonymit\u00e4t sch\u00fctzt Sie.<\/li>\n<li>\u00dcberspringen\/Melden - Wenn ein Chat sich unangenehm anf\u00fchlt, gehen Sie sofort weiter.<\/li>\n<li>Achten Sie auf Ihren Hintergrund - Vermeiden Sie es, pers\u00f6nliche Details vor der Kamera zu zeigen.<\/li>\n<li>Halten Sie sich an moderierte Plattformen - TinyChat und Chatspin sind sicherer als un\u00fcberwachte Seiten.<\/li>\n<\/ul>\n<h2>Wer nutzt die amerikanischen Zufalls-Videoanrufe?<\/h2>\n<p>Die Vielfalt der Menschen, die Sie treffen werden, ist riesig. Zu den h\u00e4ufigsten Nutzern geh\u00f6ren:<\/p>\n<ul>\n<li>Studenten - von Colleges in den USA, die nach unterhaltsamen Gespr\u00e4chen suchen.<\/li>\n<li>Singles - In der Hoffnung auf einen Flirt oder ein zwangloses Date.<\/li>\n<li>Expats im Ausland - Amerikaner in \u00dcbersee, die mit Menschen in der Heimat in Kontakt treten wollen.<\/li>\n<li>Reisende - Chatten mit Einheimischen vor dem Besuch einer neuen Stadt.<\/li>\n<li>Neugierige Nutzer - die einfach nur neue Leute online kennenlernen m\u00f6chten.<\/li>\n<\/ul>\n<p>Jeder Anruf ist anders - das ist der Reiz.<\/p>\n<h2>Tipps f\u00fcr einen gro\u00dfartigen amerikanischen Zufalls-Videoanruf<\/h2>\n<p>M\u00f6chten Sie bessere Gespr\u00e4che f\u00fchren? Behalten Sie dies im Hinterkopf:<\/p>\n<ul>\n<li>L\u00e4cheln Sie bei der Kontaktaufnahme - Der erste Eindruck z\u00e4hlt.<\/li>\n<li>Stellen Sie offene Fragen - \"Was ist Ihre Lieblingsstadt in den USA?\" geht weiter als \"Hallo\".<\/li>\n<li>Seien Sie respektvoll - gute Umgangsformen = bessere Chats.<\/li>\n<li>Bleiben Sie geduldig - Einige Chats werden kurz sein, andere k\u00f6nnten Sie \u00fcberraschen.<\/li>\n<li>Experimentieren Sie mit der Zeit - Nachmittags und abends ist in den USA am meisten los.<\/li>\n<\/ul>\n<h2>Kostenloser vs. kostenpflichtiger amerikanischer Video-Chat<\/h2>\n<p>Die meisten Plattformen sind kostenlos, aber kostenpflichtige Upgrades k\u00f6nnen Ihr Erlebnis verbessern.<\/p>\n<table>\n<thead>\n<tr>\n<th>Merkmal<\/th>\n<th>Kostenlose Version<\/th>\n<th>Kostenpflichtige Version<\/th>\n<\/tr>\n<\/thead>\n<tbody>\n<tr>\n<td>Zuf\u00e4lliger Abgleich<\/td>\n<td>\u2705 Ja<\/td>\n<td>\u2705 Ja<\/td>\n<\/tr>\n<tr>\n<td>Unbegrenztes \u00dcberspringen<\/td>\n<td>\u26a0\ufe0f Manchmal begrenzt<\/td>\n<td>\u2705 Unbegrenzt<\/td>\n<\/tr>\n<tr>\n<td>Filter f\u00fcr Geschlecht\/Ort<\/td>\n<td>\u26a0\ufe0f Basic<\/td>\n<td>\u2705 Fortgeschritten<\/td>\n<\/tr>\n<tr>\n<td>Anzeigen entfernt<\/td>\n<td>\u274c<\/td>\n<td>\u2705 Ja<\/td>\n<\/tr>\n<tr>\n<td>VIP-\/Privatr\u00e4ume<\/td>\n<td>\u274c<\/td>\n<td>\u2705 Ja<\/td>\n<\/tr>\n<\/tbody>\n<\/table>\n<p>F\u00fcr den gelegentlichen Gebrauch sind die kostenlosen Versionen in der Regel ausreichend.<\/p>\n<h2>Die Aufregung der zuf\u00e4lligen Begegnungen<\/h2>\n<p>Das Beste an den amerikanischen Zufallsvideogespr\u00e4chen ist die Unvorhersehbarkeit. An nur einem Abend k\u00f6nnten Sie:<\/p>\n<ul>\n<li>Scherzen Sie mit jemandem in Texas herum.<\/li>\n<li>Sprechen Sie mit einem Fan in Chicago \u00fcber Sport.<\/li>\n<li>Erfahren Sie mehr \u00fcber das t\u00e4gliche Leben in New York.<\/li>\n<li>Flirten Sie zwanglos mit einem M\u00e4dchen in Kalifornien.<\/li>\n<li>Finde einen Freund in Florida, der ein regelm\u00e4\u00dfiger Chat-Kumpel wird.<\/li>\n<\/ul>\n<p>Es sind echte Menschen, echte Stimmen und echte Momente - alles live.<\/p>\n<p>Amerikanische Plattformen f\u00fcr zuf\u00e4llige Videoanrufe sind eine der aufregendsten M\u00f6glichkeiten, online Leute kennenzulernen. Sie verbinden Spontaneit\u00e4t mit kultureller Vertrautheit und machen es einfach, in den USA zu chatten, zu lachen, zu flirten oder Freunde zu finden.<\/p>\n<p>W\u00e4hrend Omegle und Chatroulette die Idee ber\u00fchmt gemacht haben, bieten Plattformen wie TinyChat, Chatspin und Chatrandom nun sicherere, ansprechendere und mehr auf die Gemeinschaft ausgerichtete Optionen.<\/p>\n<p>Wenn Sie also bereit sind, mit Amerikanern online in Kontakt zu treten, schalten Sie Ihre Webcam ein, klicken Sie auf \"Start\" und sehen Sie, wer erscheint. Ihr n\u00e4chstes Gespr\u00e4ch k\u00f6nnte nur einen Klick entfernt sein.<\/p>","protected":false},"excerpt":{"rendered":"<p>The internet has made it possible to connect with people all over the world, but sometimes, you want something closer to home. That\u2019s where American random video call platforms come in. These services let you connect instantly with people in the United States\u2014whether you\u2019re hoping to make new friends, flirt a little, or just pass [&hellip;]<\/p>\n","protected":false},"author":8,"featured_media":0,"parent":0,"menu_order":0,"comment_status":"closed","ping_status":"closed","template":"","meta":{"footnotes":""},"class_list":["post-13525","page","type-page","status-publish","hentry"],"yoast_head":"<!-- This site is optimized with the Yoast SEO plugin v27.5 - https:\/\/yoast.com\/product\/yoast-seo-wordpress\/ -->\n<title>American Random Video Call with Video Chat on TinyChat.com<\/title>\n<meta name=\"description\" content=\"Enjoying American Random Video Call? Join over 50,000,000 strangers on TinyChat! Turn on your cam and start meeting new people, or find a match.\" \/>\n<meta name=\"robots\" content=\"index, follow, max-snippet:-1, max-image-preview:large, max-video-preview:-1\" \/>\n<link rel=\"canonical\" href=\"https:\/\/tinychat.com\/de\/american-random-video-call\/\" \/>\n<meta property=\"og:locale\" content=\"de_DE\" \/>\n<meta property=\"og:type\" content=\"article\" \/>\n<meta property=\"og:title\" content=\"American Random Video Call with Video Chat on TinyChat.com\" \/>\n<meta property=\"og:description\" content=\"Enjoying American Random Video Call? Join over 50,000,000 strangers on TinyChat! Turn on your cam and start meeting new people, or find a match.\" \/>\n<meta property=\"og:url\" content=\"https:\/\/tinychat.com\/de\/american-random-video-call\/\" \/>\n<meta property=\"og:site_name\" content=\"TinyChat\" \/>\n<meta property=\"article:publisher\" content=\"https:\/\/www.facebook.com\/tinychat\" \/>\n<meta property=\"og:image\" content=\"https:\/\/tinychat.com\/wp-content\/uploads\/2020\/04\/Tinychat-logo-1280x284-new-black.png\" \/>\n\t<meta property=\"og:image:width\" content=\"1280\" \/>\n\t<meta property=\"og:image:height\" content=\"284\" \/>\n\t<meta property=\"og:image:type\" content=\"image\/png\" \/>\n<meta name=\"twitter:card\" content=\"summary_large_image\" \/>\n<meta name=\"twitter:site\" content=\"@tinychat\" \/>\n<meta name=\"twitter:label1\" content=\"Gesch\u00e4tzte Lesezeit\" \/>\n\t<meta name=\"twitter:data1\" content=\"6\u00a0Minuten\" \/>\n<script type=\"application\/ld+json\" class=\"yoast-schema-graph\">{\"@context\":\"https:\\\/\\\/schema.org\",\"@graph\":[{\"@type\":\"WebPage\",\"@id\":\"https:\\\/\\\/tinychat.com\\\/american-random-video-call\\\/\",\"url\":\"https:\\\/\\\/tinychat.com\\\/american-random-video-call\\\/\",\"name\":\"American Random Video Call with Video Chat on TinyChat.com\",\"isPartOf\":{\"@id\":\"https:\\\/\\\/tinychat.com\\\/#website\"},\"datePublished\":\"2025-09-18T07:57:22+00:00\",\"description\":\"Enjoying American Random Video Call? Join over 50,000,000 strangers on TinyChat! Turn on your cam and start meeting new people, or find a match.\",\"breadcrumb\":{\"@id\":\"https:\\\/\\\/tinychat.com\\\/american-random-video-call\\\/#breadcrumb\"},\"inLanguage\":\"de\",\"potentialAction\":[{\"@type\":\"ReadAction\",\"target\":[\"https:\\\/\\\/tinychat.com\\\/american-random-video-call\\\/\"]}]},{\"@type\":\"BreadcrumbList\",\"@id\":\"https:\\\/\\\/tinychat.com\\\/american-random-video-call\\\/#breadcrumb\",\"itemListElement\":[{\"@type\":\"ListItem\",\"position\":1,\"name\":\"Home\",\"item\":\"https:\\\/\\\/tinychat.com\\\/\"},{\"@type\":\"ListItem\",\"position\":2,\"name\":\"American Random Video Call\"}]},{\"@type\":\"WebSite\",\"@id\":\"https:\\\/\\\/tinychat.com\\\/#website\",\"url\":\"https:\\\/\\\/tinychat.com\\\/\",\"name\":\"TinyChat\",\"description\":\"Random Video Chat with Strangers\",\"publisher\":{\"@id\":\"https:\\\/\\\/tinychat.com\\\/#organization\"},\"alternateName\":\"TinyChat.com\",\"potentialAction\":[{\"@type\":\"SearchAction\",\"target\":{\"@type\":\"EntryPoint\",\"urlTemplate\":\"https:\\\/\\\/tinychat.com\\\/?s={search_term_string}\"},\"query-input\":{\"@type\":\"PropertyValueSpecification\",\"valueRequired\":true,\"valueName\":\"search_term_string\"}}],\"inLanguage\":\"de\"},{\"@type\":\"Organization\",\"@id\":\"https:\\\/\\\/tinychat.com\\\/#organization\",\"name\":\"TinyChat\",\"alternateName\":\"TinyChat.com\",\"url\":\"https:\\\/\\\/tinychat.com\\\/\",\"logo\":{\"@type\":\"ImageObject\",\"inLanguage\":\"de\",\"@id\":\"https:\\\/\\\/tinychat.com\\\/#\\\/schema\\\/logo\\\/image\\\/\",\"url\":\"https:\\\/\\\/tinychat.com\\\/wp-content\\\/uploads\\\/2023\\\/11\\\/Tinychat-icon-square.png\",\"contentUrl\":\"https:\\\/\\\/tinychat.com\\\/wp-content\\\/uploads\\\/2023\\\/11\\\/Tinychat-icon-square.png\",\"width\":284,\"height\":284,\"caption\":\"TinyChat\"},\"image\":{\"@id\":\"https:\\\/\\\/tinychat.com\\\/#\\\/schema\\\/logo\\\/image\\\/\"},\"sameAs\":[\"https:\\\/\\\/www.facebook.com\\\/tinychat\",\"https:\\\/\\\/x.com\\\/tinychat\"]}]}<\/script>\n<!-- \/ Yoast SEO plugin. -->","yoast_head_json":{"title":"Amerikanischer Zufalls-Videoanruf mit Video-Chat auf TinyChat.com","description":"Genie\u00dfen Sie American Random Video Call? Schlie\u00dfen Sie sich \u00fcber 50.000.000 Fremden auf TinyChat an! Schalten Sie Ihre Kamera ein und lernen Sie neue Leute kennen, oder finden Sie einen Partner.","robots":{"index":"index","follow":"follow","max-snippet":"max-snippet:-1","max-image-preview":"max-image-preview:large","max-video-preview":"max-video-preview:-1"},"canonical":"https:\/\/tinychat.com\/de\/american-random-video-call\/","og_locale":"de_DE","og_type":"article","og_title":"American Random Video Call with Video Chat on TinyChat.com","og_description":"Enjoying American Random Video Call? Join over 50,000,000 strangers on TinyChat! Turn on your cam and start meeting new people, or find a match.","og_url":"https:\/\/tinychat.com\/de\/american-random-video-call\/","og_site_name":"TinyChat","article_publisher":"https:\/\/www.facebook.com\/tinychat","og_image":[{"width":1280,"height":284,"url":"https:\/\/tinychat.com\/wp-content\/uploads\/2020\/04\/Tinychat-logo-1280x284-new-black.png","type":"image\/png"}],"twitter_card":"summary_large_image","twitter_site":"@tinychat","twitter_misc":{"Gesch\u00e4tzte Lesezeit":"6\u00a0Minuten"},"schema":{"@context":"https:\/\/schema.org","@graph":[{"@type":"WebPage","@id":"https:\/\/tinychat.com\/american-random-video-call\/","url":"https:\/\/tinychat.com\/american-random-video-call\/","name":"Amerikanischer Zufalls-Videoanruf mit Video-Chat auf TinyChat.com","isPartOf":{"@id":"https:\/\/tinychat.com\/#website"},"datePublished":"2025-09-18T07:57:22+00:00","description":"Genie\u00dfen Sie American Random Video Call? Schlie\u00dfen Sie sich \u00fcber 50.000.000 Fremden auf TinyChat an! Schalten Sie Ihre Kamera ein und lernen Sie neue Leute kennen, oder finden Sie einen Partner.","breadcrumb":{"@id":"https:\/\/tinychat.com\/american-random-video-call\/#breadcrumb"},"inLanguage":"de","potentialAction":[{"@type":"ReadAction","target":["https:\/\/tinychat.com\/american-random-video-call\/"]}]},{"@type":"BreadcrumbList","@id":"https:\/\/tinychat.com\/american-random-video-call\/#breadcrumb","itemListElement":[{"@type":"ListItem","position":1,"name":"Home","item":"https:\/\/tinychat.com\/"},{"@type":"ListItem","position":2,"name":"American Random Video Call"}]},{"@type":"WebSite","@id":"https:\/\/tinychat.com\/#website","url":"https:\/\/tinychat.com\/","name":"TinyChat","description":"Zuf\u00e4lliger Video-Chat mit Fremden","publisher":{"@id":"https:\/\/tinychat.com\/#organization"},"alternateName":"TinyChat.com","potentialAction":[{"@type":"SearchAction","target":{"@type":"EntryPoint","urlTemplate":"https:\/\/tinychat.com\/?s={search_term_string}"},"query-input":{"@type":"PropertyValueSpecification","valueRequired":true,"valueName":"search_term_string"}}],"inLanguage":"de"},{"@type":"Organization","@id":"https:\/\/tinychat.com\/#organization","name":"TinyChat","alternateName":"TinyChat.com","url":"https:\/\/tinychat.com\/","logo":{"@type":"ImageObject","inLanguage":"de","@id":"https:\/\/tinychat.com\/#\/schema\/logo\/image\/","url":"https:\/\/tinychat.com\/wp-content\/uploads\/2023\/11\/Tinychat-icon-square.png","contentUrl":"https:\/\/tinychat.com\/wp-content\/uploads\/2023\/11\/Tinychat-icon-square.png","width":284,"height":284,"caption":"TinyChat"},"image":{"@id":"https:\/\/tinychat.com\/#\/schema\/logo\/image\/"},"sameAs":["https:\/\/www.facebook.com\/tinychat","https:\/\/x.com\/tinychat"]}]}},"_links":{"self":[{"href":"https:\/\/tinychat.com\/de\/wp-json\/wp\/v2\/pages\/13525","targetHints":{"allow":["GET"]}}],"collection":[{"href":"https:\/\/tinychat.com\/de\/wp-json\/wp\/v2\/pages"}],"about":[{"href":"https:\/\/tinychat.com\/de\/wp-json\/wp\/v2\/types\/page"}],"author":[{"embeddable":true,"href":"https:\/\/tinychat.com\/de\/wp-json\/wp\/v2\/users\/8"}],"replies":[{"embeddable":true,"href":"https:\/\/tinychat.com\/de\/wp-json\/wp\/v2\/comments?post=13525"}],"version-history":[{"count":2,"href":"https:\/\/tinychat.com\/de\/wp-json\/wp\/v2\/pages\/13525\/revisions"}],"predecessor-version":[{"id":13527,"href":"https:\/\/tinychat.com\/de\/wp-json\/wp\/v2\/pages\/13525\/revisions\/13527"}],"wp:attachment":[{"href":"https:\/\/tinychat.com\/de\/wp-json\/wp\/v2\/media?parent=13525"}],"curies":[{"name":"wp","href":"https:\/\/api.w.org\/{rel}","templated":true}]}}