{"id":13528,"date":"2025-09-18T10:00:10","date_gmt":"2025-09-18T08:00:10","guid":{"rendered":"https:\/\/tinychat.com\/?page_id=13528"},"modified":"2025-09-18T10:00:10","modified_gmt":"2025-09-18T08:00:10","slug":"free-chat-now","status":"publish","type":"page","link":"https:\/\/tinychat.com\/de\/free-chat-now\/","title":{"rendered":"Jetzt kostenlos chatten"},"content":{"rendered":"<p>Manchmal m\u00f6chte man nicht warten. Sie wollen kein Konto einrichten, kein Profilbild hochladen und sich nicht stundenlang durch Namen w\u00fchlen. Sie wollen einfach nur online gehen und mit jemandem ins Gespr\u00e4ch kommen. Genau daf\u00fcr sind die kostenlosen Chat-Plattformen gedacht.<\/p>\n<p>Mit nur einem Klick k\u00f6nnen Sie sofort in einen Chat-Raum oder ein pers\u00f6nliches Gespr\u00e4ch eintreten. Keine Zahlungen, kein Warten, keine Bedingungen - nur Live-Verbindungen in Echtzeit mit Fremden (oder ganzen Gruppen) aus der ganzen Welt.<\/p>\n<h2>Was bedeutet \"Free Chat Now\"?<\/h2>\n<p>Der Begriff \"kostenloser Chat\" bezieht sich in der Regel auf Plattformen, die sofortige Online-Unterhaltungen erm\u00f6glichen, ohne dass eine Registrierung oder Bezahlung erforderlich ist. Sie sind auf Schnelligkeit und Einfachheit ausgelegt: Anmelden, einem Raum beitreten oder eine zuf\u00e4llige Verbindung mit einem Fremden herstellen.<\/p>\n<p>Diese Plattformen bieten in der Regel:<\/p>\n<ul>\n<li>Sofortiger Zugang - Nehmen Sie innerhalb von Sekunden an Unterhaltungen teil.<\/li>\n<li>Keine Registrierung erforderlich - die meisten verlangen kein Konto.<\/li>\n<li>Kostenlose Nutzung - Chatten, ohne ein Abonnement zu bezahlen.<\/li>\n<li>Mehrere Formate - Text-, Sprach- und Videooptionen.<\/li>\n<li>Globale Gemeinschaft - Sprechen Sie mit Menschen aus der ganzen Welt.<\/li>\n<\/ul>\n<p>Es ist eine der einfachsten M\u00f6glichkeiten, online Kontakte zu kn\u00fcpfen, vor allem wenn Sie sich langweilen, einsam sind oder einfach nur neugierig.<\/p>\n<h2>Warum Menschen jetzt nach Free Chat suchen<\/h2>\n<p>Der Anreiz ist einfach: Schnelligkeit und Zug\u00e4nglichkeit. Die Menschen wollen ohne Probleme chatten.<\/p>\n<p>Hier sind die h\u00e4ufigsten Gr\u00fcnde:<\/p>\n<ul>\n<li>Beseitigen Sie die Langeweile - Perfekt f\u00fcr n\u00e4chtliche Gespr\u00e4che oder Auszeiten.<\/li>\n<li>Soziale Kontakte - Treffen Sie Fremde, wenn Sie sich isoliert f\u00fchlen.<\/li>\n<li>Globale Freundschaften - Sprechen Sie mit Menschen aus anderen L\u00e4ndern und Kulturen.<\/li>\n<li>Flirten und Verabredungen - Viele treten bei, um zwanglos Singles zu treffen.<\/li>\n<li>Interaktion mit der Community - Beteiligen Sie sich an Gruppendiskussionen \u00fcber Themen, die Sie interessieren.<\/li>\n<\/ul>\n<p>Im Gegensatz zu sozialen Netzwerken, bei denen man erst m\u00fchsam eine Verbindung aufbauen muss, kann man auf kostenlosen Chat-Plattformen sofort in Kontakt treten.<\/p>\n<h2>Arten von kostenlosen Chat-Plattformen jetzt verf\u00fcgbar<\/h2>\n<p>Nicht jede kostenlose Chatseite funktioniert auf dieselbe Weise. Hier sind die wichtigsten Kategorien:<\/p>\n<h3>1. Zuf\u00e4lliger Einzel-Chat<\/h3>\n<p>Websites wie Omegle, Chatroulette und Chatrandom bringen Sie sofort mit einer fremden Person f\u00fcr Text- oder Videogespr\u00e4che zusammen.<\/p>\n<h3>2. Kostenlose Online-Chatr\u00e4ume<\/h3>\n<p>Klassische Chatrooms, in denen mehrere Personen gleichzeitig tippen oder sprechen, oft zu Themen wie Musik, Dating oder Spiele.<\/p>\n<h3>3. Video-Chat-R\u00e4ume<\/h3>\n<p>Mit Diensten wie TinyChat k\u00f6nnen Sie an Gruppen-Videoanrufen teilnehmen oder sich selbst an ein Publikum \u00fcbertragen.<\/p>\n<h3>4. Mobile Chat-Apps<\/h3>\n<p>Apps wie Chatspin oder LivU bieten sofortige zuf\u00e4llige Videoanrufe direkt von Ihrem Telefon aus.<\/p>\n<h3>5. Adult Free Chat<\/h3>\n<p>18+ Plattformen, die sich auf Flirts oder explizitere Gespr\u00e4che konzentrieren.<\/p>\n<h2>Beste Plattformen zum Ausprobieren, wenn Sie jetzt kostenlos chatten m\u00f6chten<\/h2>\n<p>Wenn Sie bereit sind, sich darauf einzulassen, finden Sie hier einige der besten Optionen:<\/p>\n<ul>\n<li>Omegle - Der Pionier des Zufalls-Chats, sowohl mit Text als auch mit Video.<\/li>\n<li>Chatroulette - Zuf\u00e4llige Videoanrufe mit Fremden auf der ganzen Welt im Schnelldurchlauf.<\/li>\n<li>Chatrandom - Enth\u00e4lt themenbezogene Chatr\u00e4ume und \"Girls only\"-Optionen.<\/li>\n<li>Chatspin - Bietet Filter f\u00fcr Geschlecht und Ort sowie Videoeffekte.<\/li>\n<li>TinyChat - Kombiniert zuf\u00e4llige Unterhaltungen mit \u00f6ffentlichen und privaten Chatr\u00e4umen.<\/li>\n<li>Camsurf - Konzentriert sich auf Moderation und Benutzersicherheit.<\/li>\n<li>Bazoocam - F\u00fcgt Auflockerungsspiele hinzu, damit Gespr\u00e4che Spa\u00df machen.<\/li>\n<\/ul>\n<h2>Warum TinyChat eine gute Wahl f\u00fcr kostenlosen Chat ist<\/h2>\n<p>Wenn Sie die Zuf\u00e4lligkeit m\u00f6gen, aber auch Optionen w\u00fcnschen, ist TinyChat eine der besten kostenlosen Chat-Plattformen, die derzeit verf\u00fcgbar sind.<\/p>\n<ul>\n<li>Themenbezogene Chatr\u00e4ume - Dating, Spiele, Musik, Politik und mehr.<\/li>\n<li>Einzel- oder Gruppenchat - Flexibilit\u00e4t je nach Lust und Laune.<\/li>\n<li>Video, Sprache oder Text - W\u00e4hlen Sie den Grad der Interaktion.<\/li>\n<li>Keine Anmeldung erforderlich - Sie k\u00f6nnen sofort in einen Raum einsteigen.<\/li>\n<li>Plattform\u00fcbergreifender Zugriff - Verwenden Sie es auf Desktop-Browsern oder mobilen Anwendungen.<\/li>\n<\/ul>\n<p>Es ist eine gute Balance zwischen dem Chaos eines zuf\u00e4lligen Einzelchats und der Struktur einer Community-Plattform.<\/p>\n<h2>Free Chat Now vs. Soziale Medien<\/h2>\n<p>Beide verbinden Menschen, dienen aber ganz unterschiedlichen Zwecken.<\/p>\n<table>\n<thead>\n<tr>\n<th>Merkmal<\/th>\n<th>Jetzt kostenlos chatten<\/th>\n<th>Soziale Medien<\/th>\n<\/tr>\n<\/thead>\n<tbody>\n<tr>\n<td>Sofortige Zufallsverbindungen<\/td>\n<td>\u2705 Ja<\/td>\n<td>\u274c Nein<\/td>\n<\/tr>\n<tr>\n<td>Kein Profil erforderlich<\/td>\n<td>\u2705 Ja<\/td>\n<td>\u274c Muss eine erstellen<\/td>\n<\/tr>\n<tr>\n<td>Anonymit\u00e4t<\/td>\n<td>\u2705 M\u00f6glich<\/td>\n<td>\u274c Begrenzt<\/td>\n<\/tr>\n<tr>\n<td>Interaktion in Echtzeit<\/td>\n<td>\u2705 Immer<\/td>\n<td>\u26a0\ufe0f Nur in DMs\/Video<\/td>\n<\/tr>\n<tr>\n<td>Gruppen-\/Gemeinschaftsgef\u00fchl<\/td>\n<td>\u2705 Ja<\/td>\n<td>\u2705 Ja<\/td>\n<\/tr>\n<\/tbody>\n<\/table>\n<p>Wenn Sie auf der Suche nach unmittelbaren, ungefilterten Unterhaltungen sind, gewinnen kostenlose Chat-Plattformen immer.<\/p>\n<h2>Sicherheit bei der Nutzung von Free Chat Now<\/h2>\n<p>Da diese Plattformen Sie mit Fremden in Kontakt bringen, sollte die Sicherheit immer Priorit\u00e4t haben:<\/p>\n<ul>\n<li>Geben Sie keine pers\u00f6nlichen Daten weiter - Halten Sie Ihren Namen, Ihre Telefonnummer und Ihre Adresse geheim.<\/li>\n<li>Verwenden Sie einen Spitznamen - Bleiben Sie anonym, bis Sie sich sicher f\u00fchlen.<\/li>\n<li>Achten Sie auf Ihren Kamerahintergrund - Vermeiden Sie es, pers\u00f6nliche Details zu zeigen.<\/li>\n<li>\u00dcberspringen\/Melden unangemessener Benutzer - Bleiben Sie nicht in Gespr\u00e4chen, die Ihnen unangenehm sind.<\/li>\n<li>W\u00e4hlen Sie moderierte Plattformen - Dienste wie TinyChat oder Camsurf sind sicherer.<\/li>\n<\/ul>\n<h2>Wer nutzt die kostenlosen Chat Now-Plattformen?<\/h2>\n<p>Sie werden ein breites Spektrum an Menschen kennenlernen. Einige der h\u00e4ufigsten Gruppen sind:<\/p>\n<ul>\n<li>Studenten - Auf der Suche nach unterhaltsamen Gespr\u00e4chen oder Lernpausen.<\/li>\n<li>Singles - In der Hoffnung auf einen Flirt oder ein lockeres Date.<\/li>\n<li>Reisende - Virtuell mit Einheimischen in Kontakt treten.<\/li>\n<li>Expats - Chatten mit Leuten aus der Heimat.<\/li>\n<li>Nachtschw\u00e4rmer - Sie suchen Gesellschaft zu sp\u00e4ter Stunde.<\/li>\n<li>Neugierige Nutzer - einfach sehen, wer online ist.<\/li>\n<\/ul>\n<p>Diese Mischung macht jeden Chat unvorhersehbar und spannend.<\/p>\n<h2>Tipps f\u00fcr ein besseres kostenloses Chat-Erlebnis<\/h2>\n<p>Sie m\u00f6chten Ihre Zeit im Internet optimal nutzen? Versuchen Sie dies:<\/p>\n<ul>\n<li>Beginnen Sie mit einem L\u00e4cheln - Ein freundliches Gesicht regt zum Gespr\u00e4ch an.<\/li>\n<li>Stellen Sie interessante Fragen - Gehen Sie mit Themen wie Reisen, Musik oder Hobbys \u00fcber ein \"Hallo\" hinaus.<\/li>\n<li>Bleiben Sie respektvoll - Gute Umgangsformen verbessern Ihre Chancen auf sinnvolle Unterhaltungen.<\/li>\n<li>Nehmen Sie es nicht zu ernst - einige Gespr\u00e4che werden schnell verlaufen, andere k\u00f6nnen Sie \u00fcberraschen.<\/li>\n<li>Experimentieren Sie mit dem Timing - Unterschiedliche Tageszeiten ziehen unterschiedliche Menschenmengen an.<\/li>\n<\/ul>\n<h2>Kostenlose vs. kostenpflichtige Chat-Funktionen<\/h2>\n<p>Die meisten \"free chat now\"-Plattformen sind kostenlos, aber einige bieten Premium-Optionen an.<\/p>\n<table>\n<thead>\n<tr>\n<th>Merkmal<\/th>\n<th>Freier Zugang<\/th>\n<th>Bezahlter Zugang<\/th>\n<\/tr>\n<\/thead>\n<tbody>\n<tr>\n<td>Zuf\u00e4lliger Abgleich<\/td>\n<td>\u2705 Ja<\/td>\n<td>\u2705 Ja<\/td>\n<\/tr>\n<tr>\n<td>Unbegrenztes \u00dcberspringen<\/td>\n<td>\u26a0\ufe0f Manchmal begrenzt<\/td>\n<td>\u2705 Immer<\/td>\n<\/tr>\n<tr>\n<td>Filter f\u00fcr Geschlecht\/Ort<\/td>\n<td>\u26a0\ufe0f Basic<\/td>\n<td>\u2705 Fortgeschritten<\/td>\n<\/tr>\n<tr>\n<td>Anzeigen entfernt<\/td>\n<td>\u274c<\/td>\n<td>\u2705 Ja<\/td>\n<\/tr>\n<tr>\n<td>VIP-\/Privatr\u00e4ume<\/td>\n<td>\u274c<\/td>\n<td>\u2705 Ja<\/td>\n<\/tr>\n<\/tbody>\n<\/table>\n<p>F\u00fcr den gelegentlichen Gebrauch sind die kostenlosen Optionen in der Regel ausreichend.<\/p>\n<h2>Der Nervenkitzel einer sofortigen Verbindung<\/h2>\n<p>Der Zauber des kostenlosen Chats liegt in der Unvorhersehbarkeit. Sie k\u00f6nnten:<\/p>\n<ul>\n<li>Schlie\u00dfen Sie einen neuen Freund aus einem anderen Land.<\/li>\n<li>Teilen Sie Musikempfehlungen mit jemandem in den USA.<\/li>\n<li>Flirten Sie sp\u00e4tabends mit einem Fremden.<\/li>\n<li>Lernen Sie eine Kultur kennen, die Sie noch nie erlebt haben.<\/li>\n<li>Finden Sie das Lachen in unerwarteten Gespr\u00e4chen.<\/li>\n<\/ul>\n<p>Jeder Klick \u00f6ffnet die T\u00fcr zu etwas Neuem.<\/p>\n<p>Kostenlose Chat-Plattformen sind eine der einfachsten und aufregendsten M\u00f6glichkeiten, online in Kontakt zu treten. Ohne Registrierung, ohne Kosten und mit sofortigem Zugang reduzieren sie das Chatten auf das Wesentliche: spontane menschliche Interaktion.<\/p>\n<p>Egal, ob Sie an einer Gruppendiskussion teilnehmen, ein pers\u00f6nliches Videogespr\u00e4ch mit einem Fremden f\u00fchren oder sich einfach nur die Zeit in einem lebhaften Raum vertreiben m\u00f6chten, es gibt eine kostenlose Chat-Option f\u00fcr Sie.<\/p>\n<p>Wenn Sie auf der Suche nach schnellen und authentischen Gespr\u00e4chen sind, sollten Sie sich Plattformen wie TinyChat, Chatspin oder Chatrandom ansehen. Denn manchmal passieren die besten Gespr\u00e4che, wenn man sie am wenigsten erwartet - genau jetzt.<\/p>","protected":false},"excerpt":{"rendered":"<p>Sometimes you don\u2019t want to wait. You don\u2019t want to set up an account, upload a profile picture, or spend hours swiping through names. You just want to jump online and start talking to someone. That\u2019s exactly what free chat now platforms are built for. With just a click, you can enter a chat room [&hellip;]<\/p>\n","protected":false},"author":8,"featured_media":0,"parent":0,"menu_order":0,"comment_status":"closed","ping_status":"closed","template":"","meta":{"footnotes":""},"class_list":["post-13528","page","type-page","status-publish","hentry"],"yoast_head":"<!-- This site is optimized with the Yoast SEO plugin v27.5 - https:\/\/yoast.com\/product\/yoast-seo-wordpress\/ -->\n<title>Free Chat Now with Video Chat on TinyChat.com<\/title>\n<meta name=\"description\" content=\"Enjoying Free Chat Now? Join over 50,000,000 strangers on TinyChat! Turn on your cam and start meeting new people, or find a match.\" \/>\n<meta name=\"robots\" content=\"index, follow, max-snippet:-1, max-image-preview:large, max-video-preview:-1\" \/>\n<link rel=\"canonical\" href=\"https:\/\/tinychat.com\/de\/free-chat-now\/\" \/>\n<meta property=\"og:locale\" content=\"de_DE\" \/>\n<meta property=\"og:type\" content=\"article\" \/>\n<meta property=\"og:title\" content=\"Free Chat Now with Video Chat on TinyChat.com\" \/>\n<meta property=\"og:description\" content=\"Enjoying Free Chat Now? Join over 50,000,000 strangers on TinyChat! Turn on your cam and start meeting new people, or find a match.\" \/>\n<meta property=\"og:url\" content=\"https:\/\/tinychat.com\/de\/free-chat-now\/\" \/>\n<meta property=\"og:site_name\" content=\"TinyChat\" \/>\n<meta property=\"article:publisher\" content=\"https:\/\/www.facebook.com\/tinychat\" \/>\n<meta property=\"og:image\" content=\"https:\/\/tinychat.com\/wp-content\/uploads\/2020\/04\/Tinychat-logo-1280x284-new-black.png\" \/>\n\t<meta property=\"og:image:width\" content=\"1280\" \/>\n\t<meta property=\"og:image:height\" content=\"284\" \/>\n\t<meta property=\"og:image:type\" content=\"image\/png\" \/>\n<meta name=\"twitter:card\" content=\"summary_large_image\" \/>\n<meta name=\"twitter:site\" content=\"@tinychat\" \/>\n<meta name=\"twitter:label1\" content=\"Gesch\u00e4tzte Lesezeit\" \/>\n\t<meta name=\"twitter:data1\" content=\"5\u00a0Minuten\" \/>\n<script type=\"application\/ld+json\" class=\"yoast-schema-graph\">{\"@context\":\"https:\\\/\\\/schema.org\",\"@graph\":[{\"@type\":\"WebPage\",\"@id\":\"https:\\\/\\\/tinychat.com\\\/free-chat-now\\\/\",\"url\":\"https:\\\/\\\/tinychat.com\\\/free-chat-now\\\/\",\"name\":\"Free Chat Now with Video Chat on TinyChat.com\",\"isPartOf\":{\"@id\":\"https:\\\/\\\/tinychat.com\\\/#website\"},\"datePublished\":\"2025-09-18T08:00:10+00:00\",\"description\":\"Enjoying Free Chat Now? Join over 50,000,000 strangers on TinyChat! Turn on your cam and start meeting new people, or find a match.\",\"breadcrumb\":{\"@id\":\"https:\\\/\\\/tinychat.com\\\/free-chat-now\\\/#breadcrumb\"},\"inLanguage\":\"de\",\"potentialAction\":[{\"@type\":\"ReadAction\",\"target\":[\"https:\\\/\\\/tinychat.com\\\/free-chat-now\\\/\"]}]},{\"@type\":\"BreadcrumbList\",\"@id\":\"https:\\\/\\\/tinychat.com\\\/free-chat-now\\\/#breadcrumb\",\"itemListElement\":[{\"@type\":\"ListItem\",\"position\":1,\"name\":\"Home\",\"item\":\"https:\\\/\\\/tinychat.com\\\/\"},{\"@type\":\"ListItem\",\"position\":2,\"name\":\"Free Chat Now\"}]},{\"@type\":\"WebSite\",\"@id\":\"https:\\\/\\\/tinychat.com\\\/#website\",\"url\":\"https:\\\/\\\/tinychat.com\\\/\",\"name\":\"TinyChat\",\"description\":\"Random Video Chat with Strangers\",\"publisher\":{\"@id\":\"https:\\\/\\\/tinychat.com\\\/#organization\"},\"alternateName\":\"TinyChat.com\",\"potentialAction\":[{\"@type\":\"SearchAction\",\"target\":{\"@type\":\"EntryPoint\",\"urlTemplate\":\"https:\\\/\\\/tinychat.com\\\/?s={search_term_string}\"},\"query-input\":{\"@type\":\"PropertyValueSpecification\",\"valueRequired\":true,\"valueName\":\"search_term_string\"}}],\"inLanguage\":\"de\"},{\"@type\":\"Organization\",\"@id\":\"https:\\\/\\\/tinychat.com\\\/#organization\",\"name\":\"TinyChat\",\"alternateName\":\"TinyChat.com\",\"url\":\"https:\\\/\\\/tinychat.com\\\/\",\"logo\":{\"@type\":\"ImageObject\",\"inLanguage\":\"de\",\"@id\":\"https:\\\/\\\/tinychat.com\\\/#\\\/schema\\\/logo\\\/image\\\/\",\"url\":\"https:\\\/\\\/tinychat.com\\\/wp-content\\\/uploads\\\/2023\\\/11\\\/Tinychat-icon-square.png\",\"contentUrl\":\"https:\\\/\\\/tinychat.com\\\/wp-content\\\/uploads\\\/2023\\\/11\\\/Tinychat-icon-square.png\",\"width\":284,\"height\":284,\"caption\":\"TinyChat\"},\"image\":{\"@id\":\"https:\\\/\\\/tinychat.com\\\/#\\\/schema\\\/logo\\\/image\\\/\"},\"sameAs\":[\"https:\\\/\\\/www.facebook.com\\\/tinychat\",\"https:\\\/\\\/x.com\\\/tinychat\"]}]}<\/script>\n<!-- \/ Yoast SEO plugin. -->","yoast_head_json":{"title":"Kostenloser Chat jetzt mit Video Chat auf TinyChat.com","description":"Genie\u00dfen Sie jetzt den kostenlosen Chat? Schlie\u00dfen Sie sich \u00fcber 50.000.000 Fremden auf TinyChat an! Schalte deine Kamera ein und fange an, neue Leute zu treffen, oder finde einen Partner.","robots":{"index":"index","follow":"follow","max-snippet":"max-snippet:-1","max-image-preview":"max-image-preview:large","max-video-preview":"max-video-preview:-1"},"canonical":"https:\/\/tinychat.com\/de\/free-chat-now\/","og_locale":"de_DE","og_type":"article","og_title":"Free Chat Now with Video Chat on TinyChat.com","og_description":"Enjoying Free Chat Now? Join over 50,000,000 strangers on TinyChat! Turn on your cam and start meeting new people, or find a match.","og_url":"https:\/\/tinychat.com\/de\/free-chat-now\/","og_site_name":"TinyChat","article_publisher":"https:\/\/www.facebook.com\/tinychat","og_image":[{"width":1280,"height":284,"url":"https:\/\/tinychat.com\/wp-content\/uploads\/2020\/04\/Tinychat-logo-1280x284-new-black.png","type":"image\/png"}],"twitter_card":"summary_large_image","twitter_site":"@tinychat","twitter_misc":{"Gesch\u00e4tzte Lesezeit":"5\u00a0Minuten"},"schema":{"@context":"https:\/\/schema.org","@graph":[{"@type":"WebPage","@id":"https:\/\/tinychat.com\/free-chat-now\/","url":"https:\/\/tinychat.com\/free-chat-now\/","name":"Kostenloser Chat jetzt mit Video Chat auf TinyChat.com","isPartOf":{"@id":"https:\/\/tinychat.com\/#website"},"datePublished":"2025-09-18T08:00:10+00:00","description":"Genie\u00dfen Sie jetzt den kostenlosen Chat? Schlie\u00dfen Sie sich \u00fcber 50.000.000 Fremden auf TinyChat an! Schalte deine Kamera ein und fange an, neue Leute zu treffen, oder finde einen Partner.","breadcrumb":{"@id":"https:\/\/tinychat.com\/free-chat-now\/#breadcrumb"},"inLanguage":"de","potentialAction":[{"@type":"ReadAction","target":["https:\/\/tinychat.com\/free-chat-now\/"]}]},{"@type":"BreadcrumbList","@id":"https:\/\/tinychat.com\/free-chat-now\/#breadcrumb","itemListElement":[{"@type":"ListItem","position":1,"name":"Home","item":"https:\/\/tinychat.com\/"},{"@type":"ListItem","position":2,"name":"Free Chat Now"}]},{"@type":"WebSite","@id":"https:\/\/tinychat.com\/#website","url":"https:\/\/tinychat.com\/","name":"TinyChat","description":"Zuf\u00e4lliger Video-Chat mit Fremden","publisher":{"@id":"https:\/\/tinychat.com\/#organization"},"alternateName":"TinyChat.com","potentialAction":[{"@type":"SearchAction","target":{"@type":"EntryPoint","urlTemplate":"https:\/\/tinychat.com\/?s={search_term_string}"},"query-input":{"@type":"PropertyValueSpecification","valueRequired":true,"valueName":"search_term_string"}}],"inLanguage":"de"},{"@type":"Organization","@id":"https:\/\/tinychat.com\/#organization","name":"TinyChat","alternateName":"TinyChat.com","url":"https:\/\/tinychat.com\/","logo":{"@type":"ImageObject","inLanguage":"de","@id":"https:\/\/tinychat.com\/#\/schema\/logo\/image\/","url":"https:\/\/tinychat.com\/wp-content\/uploads\/2023\/11\/Tinychat-icon-square.png","contentUrl":"https:\/\/tinychat.com\/wp-content\/uploads\/2023\/11\/Tinychat-icon-square.png","width":284,"height":284,"caption":"TinyChat"},"image":{"@id":"https:\/\/tinychat.com\/#\/schema\/logo\/image\/"},"sameAs":["https:\/\/www.facebook.com\/tinychat","https:\/\/x.com\/tinychat"]}]}},"_links":{"self":[{"href":"https:\/\/tinychat.com\/de\/wp-json\/wp\/v2\/pages\/13528","targetHints":{"allow":["GET"]}}],"collection":[{"href":"https:\/\/tinychat.com\/de\/wp-json\/wp\/v2\/pages"}],"about":[{"href":"https:\/\/tinychat.com\/de\/wp-json\/wp\/v2\/types\/page"}],"author":[{"embeddable":true,"href":"https:\/\/tinychat.com\/de\/wp-json\/wp\/v2\/users\/8"}],"replies":[{"embeddable":true,"href":"https:\/\/tinychat.com\/de\/wp-json\/wp\/v2\/comments?post=13528"}],"version-history":[{"count":1,"href":"https:\/\/tinychat.com\/de\/wp-json\/wp\/v2\/pages\/13528\/revisions"}],"predecessor-version":[{"id":13529,"href":"https:\/\/tinychat.com\/de\/wp-json\/wp\/v2\/pages\/13528\/revisions\/13529"}],"wp:attachment":[{"href":"https:\/\/tinychat.com\/de\/wp-json\/wp\/v2\/media?parent=13528"}],"curies":[{"name":"wp","href":"https:\/\/api.w.org\/{rel}","templated":true}]}}