{"id":13570,"date":"2025-10-24T10:24:47","date_gmt":"2025-10-24T08:24:47","guid":{"rendered":"https:\/\/tinychat.com\/?page_id=13570"},"modified":"2025-10-24T10:24:47","modified_gmt":"2025-10-24T08:24:47","slug":"umingle","status":"publish","type":"page","link":"https:\/\/tinychat.com\/de\/umingle\/","title":{"rendered":"Umstellung"},"content":{"rendered":"<p>Die Welt der Online-Chats hat sich im Laufe der Jahre dramatisch ver\u00e4ndert, aber eines bleibt konstant - der Wunsch, echte Menschen zu treffen, sofort und von \u00fcberall auf der Welt. Umingle f\u00e4ngt dieses Gef\u00fchl perfekt ein. Es ist eine schlanke, moderne Zufalls-Videochat-Plattform, die f\u00fcr Spontaneit\u00e4t, Einfachheit und echte menschliche Kontakte entwickelt wurde.<\/p>\n<p>In einer Welt, in der sich die meisten sozialen Apps gefiltert und kuratiert anf\u00fchlen, bringt Umingle den Nervenkitzel der Unvorhersehbarkeit zur\u00fcck - wo jeder neue Chat zu einer unerwarteten Freundschaft, einem Lachen oder einem bedeutungsvollen Gespr\u00e4ch f\u00fchren k\u00f6nnte. Da keine Registrierung erforderlich ist, der Zugang kostenlos ist und die App \u00fcber ein klares, mobilfreundliches Design verf\u00fcgt, wird sie schnell zur ersten Wahl f\u00fcr Nutzer, die eine echte M\u00f6glichkeit suchen, online mit Fremden in Kontakt zu treten.<\/p>\n<p>In diesem Beitrag erfahren Sie, was Umingle ist, wie es funktioniert, die wichtigsten Funktionen, die Benutzerfreundlichkeit, Sicherheitstools, Vergleiche mit anderen Anbietern und Expertentipps, die Ihnen helfen, das Beste aus Ihrem Umingle-Erlebnis zu machen.<\/p>\n<h2>Was ist Umingle?<\/h2>\n<p>Umingle ist ein kostenloser, zuf\u00e4lliger Video-Chat-Dienst, der Nutzer aus der ganzen Welt sofort zu pers\u00f6nlichen Gespr\u00e4chen zusammenbringt. Er ist so konzipiert, dass er einfach, schnell und anonym ist - ohne Anmeldung, Downloads oder komplizierte Schritte.<\/p>\n<p>Im Kern geht es bei Umingle um eines: mit Menschen zu sprechen, nicht mit Profilen. Du klickst auf eine Schaltfl\u00e4che und bist von Angesicht zu Angesicht mit einer neuen Person. Jede Verbindung ist einzigartig, jeder Chat unvorhersehbar - genau wie im echten Leben.<\/p>\n<p>Es ist perfekt f\u00fcr Benutzer, die das wollen:<\/p>\n<ul>\n<li>Treffen Sie zwanglos neue Leute.<\/li>\n<li>Kulturen und Sprachen erforschen.<\/li>\n<li>Verbringen Sie die Zeit mit spontanen, echten Gespr\u00e4chen.<\/li>\n<li>Genie\u00dfen Sie den Live-Chat ohne jegliche Verpflichtungen.<\/li>\n<\/ul>\n<p>Im Gegensatz zu sozialen Netzwerken geht es bei Umingle nicht um Follower oder Status - es geht um Echtzeit-Verbindungen und gemeinsame menschliche Interaktion.<\/p>\n<h2>Hauptmerkmale von Umingle<\/h2>\n<p>Umingle bietet eine ausgewogene Mischung aus Einfachheit, Interaktivit\u00e4t und Flexibilit\u00e4t. Es entfernt unn\u00f6tigen Ballast und bietet gerade genug Funktionen, um das Erlebnis zu verbessern.<\/p>\n<h3>1. Zuf\u00e4lliger Video-Chat unter vier Augen<\/h3>\n<ul>\n<li>Sofortige Verbindung mit Fremden auf der ganzen Welt.<\/li>\n<li>Verwenden Sie Ihre Webcam und Ihr Mikrofon f\u00fcr Gespr\u00e4che in Echtzeit.<\/li>\n<li>Sie k\u00f6nnen jederzeit mit einem Klick zur n\u00e4chsten Person wechseln.<\/li>\n<\/ul>\n<h3>2. Text-Chat-Modus<\/h3>\n<ul>\n<li>Integrierter Text-Chat f\u00fcr diejenigen, die lieber tippen.<\/li>\n<li>Funktioniert auch, wenn die Kamera oder das Mikrofon ausgeschaltet sind.<\/li>\n<li>Ideal f\u00fcr Verbindungen mit geringer Bandbreite oder private Gespr\u00e4che.<\/li>\n<\/ul>\n<h3>3. Keine Registrierung erforderlich<\/h3>\n<ul>\n<li>Chatten Sie sofort - keine Anmeldung oder Profil erforderlich.<\/li>\n<li>Vollst\u00e4ndige Anonymit\u00e4t f\u00fcr eine stressfreie Erfahrung.<\/li>\n<\/ul>\n<h3>4. Globale Benutzerbasis<\/h3>\n<ul>\n<li>Treffen Sie Menschen aus allen Kontinenten.<\/li>\n<li>Beliebt in Nordamerika, Europa, Asien und Lateinamerika.<\/li>\n<li>Der Zufallsabgleich f\u00fchrt zu unerwarteten globalen Wechselwirkungen.<\/li>\n<\/ul>\n<h3>5. Schneller Abgleich und geringe Latenzzeit<\/h3>\n<ul>\n<li>Optimiertes Videostreaming f\u00fcr reibungslose Echtzeitgespr\u00e4che.<\/li>\n<li>Minimale Verz\u00f6gerung im Vergleich zu \u00e4lteren Plattformen.<\/li>\n<\/ul>\n<h3>6. Kompatibilit\u00e4t von Handy und Desktop<\/h3>\n<ul>\n<li>Vollst\u00e4ndig browserbasiert - funktioniert auf jedem Ger\u00e4t.<\/li>\n<li>Responsive Design passt sich automatisch an Ihre Bildschirmgr\u00f6\u00dfe an.<\/li>\n<\/ul>\n<h3>7. Frei zu verwenden<\/h3>\n<ul>\n<li>100% kostenlos - keine versteckten Abonnements, Paywalls oder Upgrades.<\/li>\n<\/ul>\n<h3>8. Einfache, moderne Schnittstelle<\/h3>\n<ul>\n<li>\u00dcbersichtliches Layout mit intuitiven Bedienelementen.<\/li>\n<li>Entwickelt f\u00fcr einfache Handhabung und maximales Engagement.<\/li>\n<\/ul>\n<h2>Wie man Umingle benutzt<\/h2>\n<p>Die Nutzung von Umingle ist so einfach wie ein Online-Chat nur sein kann. Du kannst in weniger als einer Minute anfangen, neue Leute kennenzulernen.<\/p>\n<h3>Schritt 1: Besuchen Sie die Website<\/h3>\n<p>Rufen Sie Umingle.com in Ihrem Webbrowser auf - Desktop, Tablet oder Handy.<\/p>\n<h3>Schritt 2: Aktivieren von Kamera und Mikrofon<\/h3>\n<p>Erlauben Sie Umingle den Zugriff, wenn Sie dazu aufgefordert werden. Dadurch werden Video- und Audio-Chat-Funktionen aktiviert.<\/p>\n<h3>Schritt 3: Klicken Sie auf \u201cStart\u201d.\u201d<\/h3>\n<p>Stellen Sie sofort eine Verbindung zu einem zuf\u00e4lligen Fremden f\u00fcr einen Live-Chat her.<\/p>\n<h3>Schritt 4: Chatten oder \u00fcberspringen<\/h3>\n<p>Genie\u00dfen Sie das Gespr\u00e4ch - oder klicken Sie auf \u201cWeiter\u201d, um zum n\u00e4chsten Benutzer zu gelangen.<\/p>\n<h3>Schritt 5: Wiederholen<\/h3>\n<p>Chatten Sie weiter mit so vielen Personen, wie Sie m\u00f6chten. Jeder neue Klick f\u00fchrt zu einer neuen Begegnung.<\/p>\n<p>Keine Downloads, keine Formulare, keine Konten - nur sofortige menschliche Interaktion.<\/p>\n<h2>Benutzererfahrung auf Umingle<\/h2>\n<p>Umingles Fokus auf Geschwindigkeit, Einfachheit und globale Reichweite macht es zu einem der reibungslosesten Zufalls-Chat-Erlebnisse im Internet.<\/p>\n<h3>Was Benutzer m\u00f6gen<\/h3>\n<ul>\n<li>Keine Registrierung oder Anmeldung.<\/li>\n<li>Hochwertige Videoqualit\u00e4t und stabile Verbindungen.<\/li>\n<li>Einfache Nutzung sowohl auf dem Handy als auch auf dem Desktop.<\/li>\n<li>Ausgewogenes, benutzerfreundliches Design.<\/li>\n<li>V\u00f6llig kostenlos und anonym.<\/li>\n<\/ul>\n<h3>Wo die Nutzer Raum f\u00fcr Verbesserungen sehen<\/h3>\n<ul>\n<li>Noch keine Filter f\u00fcr Geschlecht oder Region (v\u00f6llig zuf\u00e4llig).<\/li>\n<li>Keine Option zur Wiederherstellung der Verbindung, wenn ein Chat verloren geht.<\/li>\n<li>In einigen Regionen ist die Zahl der Nutzer au\u00dferhalb der Hauptverkehrszeiten geringer.<\/li>\n<li>Begrenzte Moderationswerkzeuge in weniger aktiven Zeitzonen.<\/li>\n<\/ul>\n<p>Dennoch wurde Umingle f\u00fcr seine erfrischende Einfachheit und reibungslose technische Leistung gelobt, die ein leichtes und angenehmes Chatterlebnis ohne Ablenkungen bietet.<\/p>\n<h2>Umingle vs. andere Chat-Plattformen<\/h2>\n<p>Hier sehen Sie, wie Umingle im Vergleich zu anderen f\u00fchrenden Zufalls-Chat-Diensten abschneidet:<\/p>\n<table>\n<thead>\n<tr>\n<th>Merkmal<\/th>\n<th>Umstellung<\/th>\n<th>Omegle<\/th>\n<th>Chatroulette<\/th>\n<th>ChatHub<\/th>\n<th>Emerald Chat<\/th>\n<th>Chateek<\/th>\n<\/tr>\n<\/thead>\n<tbody>\n<tr>\n<td>Random Video Chat mit Fremden<\/td>\n<td>\u2705 Ja<\/td>\n<td>\u2705 Ja<\/td>\n<td>\u2705 Ja<\/td>\n<td>\u2705 Ja<\/td>\n<td>\u2705 Ja<\/td>\n<td>\u2705 Ja<\/td>\n<\/tr>\n<tr>\n<td>Text-Chat-Option<\/td>\n<td>\u2705 Ja<\/td>\n<td>\u2705 Ja<\/td>\n<td>\u2705 Ja<\/td>\n<td>\u2705 Ja<\/td>\n<td>\u2705 Ja<\/td>\n<td>\u2705 Ja<\/td>\n<\/tr>\n<tr>\n<td>Registrierung erforderlich<\/td>\n<td>\u274c Nein<\/td>\n<td>\u274c Nein<\/td>\n<td>\u274c Nein<\/td>\n<td>\u2705 Fakultativ<\/td>\n<td>\u2705 Fakultativ<\/td>\n<td>\u274c Nein<\/td>\n<\/tr>\n<tr>\n<td>Filter (Geschlecht\/Ort)<\/td>\n<td>\u274c Noch nicht<\/td>\n<td>\u274c Nein<\/td>\n<td>\u2705 Begrenzt<\/td>\n<td>\u2705 Ja<\/td>\n<td>\u2705 Ja<\/td>\n<td>\u2705 Ja<\/td>\n<\/tr>\n<tr>\n<td>Mobilfreundlich<\/td>\n<td>\u2705 Ja<\/td>\n<td>\u2705 Ja<\/td>\n<td>\u2705 Ja<\/td>\n<td>\u2705 Ja<\/td>\n<td>\u2705 Ja<\/td>\n<td>\u2705 Ja<\/td>\n<\/tr>\n<tr>\n<td>Freier Zugang<\/td>\n<td>\u2705 Immer<\/td>\n<td>\u2705 Immer<\/td>\n<td>\u2705 Immer<\/td>\n<td>\u2705 Ja<\/td>\n<td>\u2705 Ja<\/td>\n<td>\u2705 Ja<\/td>\n<\/tr>\n<tr>\n<td>Anonymit\u00e4t<\/td>\n<td>\u2705 Stark<\/td>\n<td>\u2705 Stark<\/td>\n<td>\u2705 Stark<\/td>\n<td>\u2705 M\u00e4\u00dfig<\/td>\n<td>\u2705 M\u00e4\u00dfig<\/td>\n<td>\u2705 M\u00e4\u00dfig<\/td>\n<\/tr>\n<\/tbody>\n<\/table>\n<p>Zusammenfassung: Umingle kombiniert die Spontaneit\u00e4t von Omegle mit der modernen Stabilit\u00e4t und Reaktionsf\u00e4higkeit neuerer Videochat-Technologien, was es zu einem starken Konkurrenten auf dem aktuellen Markt f\u00fcr Zufalls-Chat macht.<\/p>\n<h2>Ist Umingle sicher?<\/h2>\n<p>Sicherheit ist eine der Priorit\u00e4ten von Umingle, und obwohl die Plattform keine Anmeldung erfordert, ermutigt sie zu einer verantwortungsvollen Nutzung und bietet verschiedene Schutzma\u00dfnahmen.<\/p>\n<h3>Eingebaute Sicherheitsmerkmale<\/h3>\n<ul>\n<li>Anonymer Zugang - es werden keine pers\u00f6nlichen Daten erhoben.<\/li>\n<li>Sie k\u00f6nnen jeden Chat \u00fcberspringen oder die Verbindung sofort beenden.<\/li>\n<li>Tempor\u00e4re Sitzungen - Unterhaltungen werden nicht gespeichert.<\/li>\n<li>Community-Moderation bei missbr\u00e4uchlichem Verhalten.<\/li>\n<\/ul>\n<h3>Sicherheitstipps f\u00fcr Benutzer<\/h3>\n<ul>\n<li>Geben Sie keine privaten Details wie den vollst\u00e4ndigen Namen, die Telefonnummer oder die Adresse weiter.<\/li>\n<li>Vermeiden Sie es, erkennbare Hintergr\u00fcnde auf dem Video zu zeigen.<\/li>\n<li>Beenden Sie jedes Gespr\u00e4ch, das sich unangenehm anf\u00fchlt.<\/li>\n<li>Verwenden Sie die Schaltfl\u00e4che \u201cWeiter\u201d gro\u00dfz\u00fcgig - Ihr Komfort steht an erster Stelle.<\/li>\n<li>Eltern sollten Minderj\u00e4hrige bei der Nutzung von Zufalls-Chat-Plattformen beaufsichtigen.<\/li>\n<li>Erw\u00e4gen Sie die Verwendung eines VPN f\u00fcr zus\u00e4tzlichen Datenschutz.<\/li>\n<\/ul>\n<p>Klug eingesetzt, bietet Umingle eine sichere, anonyme Umgebung, in der die Nutzer frei und vertrauensvoll interagieren k\u00f6nnen.<\/p>\n<h2>Tipps f\u00fcr eine optimale Nutzung von Umingle<\/h2>\n<ul>\n<li>Seien Sie aufgeschlossen: Ein Zufalls-Chat funktioniert am besten, wenn Sie neugierig und entspannt sind.<\/li>\n<li>Verwenden Sie eine gute Beleuchtung: Das macht Ihr Video ansprechender und sympathischer.<\/li>\n<li>Kopfh\u00f6rer helfen: Sie verbessern die Klangqualit\u00e4t und reduzieren das Echo.<\/li>\n<li>Chatten Sie zu Spitzenzeiten: Abends und am Wochenende sind mehr Nutzer online.<\/li>\n<li>Halten Sie die Themen leicht: Humor, Musik und Reisen sind gute Eisbrecher.<\/li>\n<li>\u00dcberspringen Sie, wenn n\u00f6tig: Nicht bei jedem Chat wird es Klick machen - und das ist in Ordnung.<\/li>\n<\/ul>\n<p>Diese kleinen Anpassungen k\u00f6nnen Ihr Gesamterlebnis auf Umingle erheblich verbessern.<\/p>\n<h2>H\u00e4ufige Probleme und Korrekturen<\/h2>\n<h3>Problem: Kamera oder Mikrofon funktionieren nicht<\/h3>\n<ul>\n<li>\u00dcberpr\u00fcfen Sie die Berechtigungen Ihres Browsers und erlauben Sie den Zugriff.<\/li>\n<li>Starten Sie Ihren Browser oder Ihr Ger\u00e4t neu.<\/li>\n<li>Schlie\u00dfen Sie andere Anwendungen, die Ihre Webcam verwenden k\u00f6nnten.<\/li>\n<\/ul>\n<h3>Problem: Langsame oder abgebrochene Verbindungen<\/h3>\n<ul>\n<li>Wechseln Sie zu einer stabilen Wi-Fi-Verbindung.<\/li>\n<li>Vermeiden Sie Downloads oder Streaming im Hintergrund.<\/li>\n<li>Versuchen Sie einen anderen Browser (Chrome oder Edge empfohlen).<\/li>\n<\/ul>\n<h3>Problem: Wenige Nutzer online<\/h3>\n<ul>\n<li>Versuchen Sie es w\u00e4hrend der globalen Spitzenzeiten (abends\/Wochenende).<\/li>\n<li>Erweitern Sie Ihren Verbindungsbereich durch Entfernen von Filtern (falls vorhanden).<\/li>\n<\/ul>\n<h3>Problem: Begegnung mit unangemessenen Benutzern<\/h3>\n<ul>\n<li>Benutzen Sie sofort die Taste \"\u00dcberspringen\".<\/li>\n<li>Melden oder sperren, wenn verf\u00fcgbar.<\/li>\n<\/ul>\n<h2>Warum Menschen Umingle w\u00e4hlen<\/h2>\n<p>Die Leute lieben Umingle, weil es die Magie der zuf\u00e4lligen Konversation zur\u00fcckbringt - etwas, das seit den Anf\u00e4ngen des Online-Chatings fehlt.<\/p>\n<p>Sie w\u00e4hlen es f\u00fcr:<\/p>\n<ul>\n<li>Freier Zugang ohne Einschr\u00e4nkungen.<\/li>\n<li>Keine Registrierung - v\u00f6llige Anonymit\u00e4t.<\/li>\n<li>Einfache, saubere Schnittstelle, die \u00fcberall funktioniert.<\/li>\n<li>Reibungsloser Videochat in hoher Qualit\u00e4t.<\/li>\n<li>Authentische, menschliche Verbindungen in Echtzeit.<\/li>\n<\/ul>\n<p>Es ist besonders beliebt bei Nutzern, die eine moderne, \u00fcbersichtliche Alternative zu \u00e4lteren Zufalls-Chat-Seiten suchen, die un\u00fcbersichtlich oder veraltet wirken.<\/p>\n<h2>Abschlie\u00dfende \u00dcberlegungen: Lohnt sich der Einsatz von Umingle?<\/h2>\n<p>Wenn Sie auf der Suche nach einem modernen, leichtgewichtigen und wirklich kostenlosen Zufalls-Chat-Erlebnis sind, ist Umingle einen Versuch wert. Es vereint alles, was Nutzer an klassischen Chatseiten lieben - Einfachheit, Freiheit und Unberechenbarkeit - aber mit einer reibungsloseren Technologie und einer sauberen, mobilfreundlichen Oberfl\u00e4che.<\/p>\n<p>Es ist nicht \u00fcberladen mit Filtern oder unn\u00f6tigen Funktionen - und das ist seine St\u00e4rke. Umingle bleibt pur und konzentriert sich auf das, was wirklich wichtig ist: Menschen zu treffen, Gespr\u00e4che zu f\u00fchren und den Nervenkitzel des Unerwarteten zu genie\u00dfen.<\/p>\n<p>Egal, ob Sie auf der Suche sind nach:<\/p>\n<ul>\n<li>Kurze Unterhaltungen zum Zeitvertreib,<\/li>\n<li>Lustige globale Interaktionen, oder<\/li>\n<li>Bedeutungsvolle, ungeplante Verbindungen...<\/li>\n<\/ul>\n<p>Umingle liefert genau das.<\/p>\n<p>Kurz gesagt: Umingle ist eine moderne Zufalls-Videochat-Plattform, die es m\u00fchelos macht, mit Fremden in Kontakt zu treten. Es ist schnell, kostenlos, anonym und \u00fcberall verf\u00fcgbar - eine neue, sichere und angenehme Art, neue Leute online kennenzulernen.<\/p>","protected":false},"excerpt":{"rendered":"<p>The online chat world has changed dramatically over the years, but one thing remains constant \u2014 the desire to meet real people, instantly, from anywhere on the planet. Umingle captures that feeling perfectly. It\u2019s a sleek, modern random video chat platform built for spontaneity, simplicity, and real human connection. In a world where most social [&hellip;]<\/p>\n","protected":false},"author":6,"featured_media":0,"parent":0,"menu_order":0,"comment_status":"closed","ping_status":"closed","template":"","meta":{"footnotes":""},"class_list":["post-13570","page","type-page","status-publish","hentry"],"yoast_head":"<!-- This site is optimized with the Yoast SEO plugin v27.4 - https:\/\/yoast.com\/product\/yoast-seo-wordpress\/ -->\n<title>Umingle - Chat with Strangers - TinyChat.com<\/title>\n<meta name=\"description\" content=\"Enjoying Umingle? Join over 50,000,000 strangers on TinyChat! Turn on your cam and start meeting new people, or find a match.\" \/>\n<meta name=\"robots\" content=\"index, follow, max-snippet:-1, max-image-preview:large, max-video-preview:-1\" \/>\n<link rel=\"canonical\" href=\"https:\/\/tinychat.com\/de\/umingle\/\" \/>\n<meta property=\"og:locale\" content=\"de_DE\" \/>\n<meta property=\"og:type\" content=\"article\" \/>\n<meta property=\"og:title\" content=\"Umingle - Chat with Strangers - TinyChat.com\" \/>\n<meta property=\"og:description\" content=\"Enjoying Umingle? Join over 50,000,000 strangers on TinyChat! Turn on your cam and start meeting new people, or find a match.\" \/>\n<meta property=\"og:url\" content=\"https:\/\/tinychat.com\/de\/umingle\/\" \/>\n<meta property=\"og:site_name\" content=\"TinyChat\" \/>\n<meta property=\"article:publisher\" content=\"https:\/\/www.facebook.com\/tinychat\" \/>\n<meta property=\"og:image\" content=\"https:\/\/tinychat.com\/wp-content\/uploads\/2020\/04\/Tinychat-logo-1280x284-new-black.png\" \/>\n\t<meta property=\"og:image:width\" content=\"1280\" \/>\n\t<meta property=\"og:image:height\" content=\"284\" \/>\n\t<meta property=\"og:image:type\" content=\"image\/png\" \/>\n<meta name=\"twitter:card\" content=\"summary_large_image\" \/>\n<meta name=\"twitter:site\" content=\"@tinychat\" \/>\n<meta name=\"twitter:label1\" content=\"Gesch\u00e4tzte Lesezeit\" \/>\n\t<meta name=\"twitter:data1\" content=\"6\u00a0Minuten\" \/>\n<script type=\"application\/ld+json\" class=\"yoast-schema-graph\">{\"@context\":\"https:\\\/\\\/schema.org\",\"@graph\":[{\"@type\":\"WebPage\",\"@id\":\"https:\\\/\\\/tinychat.com\\\/umingle\\\/\",\"url\":\"https:\\\/\\\/tinychat.com\\\/umingle\\\/\",\"name\":\"Umingle - Chat with Strangers - TinyChat.com\",\"isPartOf\":{\"@id\":\"https:\\\/\\\/tinychat.com\\\/#website\"},\"datePublished\":\"2025-10-24T08:24:47+00:00\",\"description\":\"Enjoying Umingle? Join over 50,000,000 strangers on TinyChat! Turn on your cam and start meeting new people, or find a match.\",\"breadcrumb\":{\"@id\":\"https:\\\/\\\/tinychat.com\\\/umingle\\\/#breadcrumb\"},\"inLanguage\":\"de\",\"potentialAction\":[{\"@type\":\"ReadAction\",\"target\":[\"https:\\\/\\\/tinychat.com\\\/umingle\\\/\"]}]},{\"@type\":\"BreadcrumbList\",\"@id\":\"https:\\\/\\\/tinychat.com\\\/umingle\\\/#breadcrumb\",\"itemListElement\":[{\"@type\":\"ListItem\",\"position\":1,\"name\":\"Home\",\"item\":\"https:\\\/\\\/tinychat.com\\\/\"},{\"@type\":\"ListItem\",\"position\":2,\"name\":\"Umingle\"}]},{\"@type\":\"WebSite\",\"@id\":\"https:\\\/\\\/tinychat.com\\\/#website\",\"url\":\"https:\\\/\\\/tinychat.com\\\/\",\"name\":\"TinyChat\",\"description\":\"Random Video Chat with Strangers\",\"publisher\":{\"@id\":\"https:\\\/\\\/tinychat.com\\\/#organization\"},\"alternateName\":\"TinyChat.com\",\"potentialAction\":[{\"@type\":\"SearchAction\",\"target\":{\"@type\":\"EntryPoint\",\"urlTemplate\":\"https:\\\/\\\/tinychat.com\\\/?s={search_term_string}\"},\"query-input\":{\"@type\":\"PropertyValueSpecification\",\"valueRequired\":true,\"valueName\":\"search_term_string\"}}],\"inLanguage\":\"de\"},{\"@type\":\"Organization\",\"@id\":\"https:\\\/\\\/tinychat.com\\\/#organization\",\"name\":\"TinyChat\",\"alternateName\":\"TinyChat.com\",\"url\":\"https:\\\/\\\/tinychat.com\\\/\",\"logo\":{\"@type\":\"ImageObject\",\"inLanguage\":\"de\",\"@id\":\"https:\\\/\\\/tinychat.com\\\/#\\\/schema\\\/logo\\\/image\\\/\",\"url\":\"https:\\\/\\\/tinychat.com\\\/wp-content\\\/uploads\\\/2023\\\/11\\\/Tinychat-icon-square.png\",\"contentUrl\":\"https:\\\/\\\/tinychat.com\\\/wp-content\\\/uploads\\\/2023\\\/11\\\/Tinychat-icon-square.png\",\"width\":284,\"height\":284,\"caption\":\"TinyChat\"},\"image\":{\"@id\":\"https:\\\/\\\/tinychat.com\\\/#\\\/schema\\\/logo\\\/image\\\/\"},\"sameAs\":[\"https:\\\/\\\/www.facebook.com\\\/tinychat\",\"https:\\\/\\\/x.com\\\/tinychat\"]}]}<\/script>\n<!-- \/ Yoast SEO plugin. -->","yoast_head_json":{"title":"Umingle - Chatten mit Fremden - TinyChat.com","description":"Genie\u00dfen Sie Umingle? Schlie\u00dfe dich \u00fcber 50.000.000 Fremden auf TinyChat an! Schalte deine Kamera ein und fange an, neue Leute zu treffen, oder finde einen Partner.","robots":{"index":"index","follow":"follow","max-snippet":"max-snippet:-1","max-image-preview":"max-image-preview:large","max-video-preview":"max-video-preview:-1"},"canonical":"https:\/\/tinychat.com\/de\/umingle\/","og_locale":"de_DE","og_type":"article","og_title":"Umingle - Chat with Strangers - TinyChat.com","og_description":"Enjoying Umingle? Join over 50,000,000 strangers on TinyChat! Turn on your cam and start meeting new people, or find a match.","og_url":"https:\/\/tinychat.com\/de\/umingle\/","og_site_name":"TinyChat","article_publisher":"https:\/\/www.facebook.com\/tinychat","og_image":[{"width":1280,"height":284,"url":"https:\/\/tinychat.com\/wp-content\/uploads\/2020\/04\/Tinychat-logo-1280x284-new-black.png","type":"image\/png"}],"twitter_card":"summary_large_image","twitter_site":"@tinychat","twitter_misc":{"Gesch\u00e4tzte Lesezeit":"6\u00a0Minuten"},"schema":{"@context":"https:\/\/schema.org","@graph":[{"@type":"WebPage","@id":"https:\/\/tinychat.com\/umingle\/","url":"https:\/\/tinychat.com\/umingle\/","name":"Umingle - Chatten mit Fremden - TinyChat.com","isPartOf":{"@id":"https:\/\/tinychat.com\/#website"},"datePublished":"2025-10-24T08:24:47+00:00","description":"Genie\u00dfen Sie Umingle? Schlie\u00dfe dich \u00fcber 50.000.000 Fremden auf TinyChat an! Schalte deine Kamera ein und fange an, neue Leute zu treffen, oder finde einen Partner.","breadcrumb":{"@id":"https:\/\/tinychat.com\/umingle\/#breadcrumb"},"inLanguage":"de","potentialAction":[{"@type":"ReadAction","target":["https:\/\/tinychat.com\/umingle\/"]}]},{"@type":"BreadcrumbList","@id":"https:\/\/tinychat.com\/umingle\/#breadcrumb","itemListElement":[{"@type":"ListItem","position":1,"name":"Home","item":"https:\/\/tinychat.com\/"},{"@type":"ListItem","position":2,"name":"Umingle"}]},{"@type":"WebSite","@id":"https:\/\/tinychat.com\/#website","url":"https:\/\/tinychat.com\/","name":"TinyChat","description":"Zuf\u00e4lliger Video-Chat mit Fremden","publisher":{"@id":"https:\/\/tinychat.com\/#organization"},"alternateName":"TinyChat.com","potentialAction":[{"@type":"SearchAction","target":{"@type":"EntryPoint","urlTemplate":"https:\/\/tinychat.com\/?s={search_term_string}"},"query-input":{"@type":"PropertyValueSpecification","valueRequired":true,"valueName":"search_term_string"}}],"inLanguage":"de"},{"@type":"Organization","@id":"https:\/\/tinychat.com\/#organization","name":"TinyChat","alternateName":"TinyChat.com","url":"https:\/\/tinychat.com\/","logo":{"@type":"ImageObject","inLanguage":"de","@id":"https:\/\/tinychat.com\/#\/schema\/logo\/image\/","url":"https:\/\/tinychat.com\/wp-content\/uploads\/2023\/11\/Tinychat-icon-square.png","contentUrl":"https:\/\/tinychat.com\/wp-content\/uploads\/2023\/11\/Tinychat-icon-square.png","width":284,"height":284,"caption":"TinyChat"},"image":{"@id":"https:\/\/tinychat.com\/#\/schema\/logo\/image\/"},"sameAs":["https:\/\/www.facebook.com\/tinychat","https:\/\/x.com\/tinychat"]}]}},"_links":{"self":[{"href":"https:\/\/tinychat.com\/de\/wp-json\/wp\/v2\/pages\/13570","targetHints":{"allow":["GET"]}}],"collection":[{"href":"https:\/\/tinychat.com\/de\/wp-json\/wp\/v2\/pages"}],"about":[{"href":"https:\/\/tinychat.com\/de\/wp-json\/wp\/v2\/types\/page"}],"author":[{"embeddable":true,"href":"https:\/\/tinychat.com\/de\/wp-json\/wp\/v2\/users\/6"}],"replies":[{"embeddable":true,"href":"https:\/\/tinychat.com\/de\/wp-json\/wp\/v2\/comments?post=13570"}],"version-history":[{"count":1,"href":"https:\/\/tinychat.com\/de\/wp-json\/wp\/v2\/pages\/13570\/revisions"}],"predecessor-version":[{"id":13571,"href":"https:\/\/tinychat.com\/de\/wp-json\/wp\/v2\/pages\/13570\/revisions\/13571"}],"wp:attachment":[{"href":"https:\/\/tinychat.com\/de\/wp-json\/wp\/v2\/media?parent=13570"}],"curies":[{"name":"wp","href":"https:\/\/api.w.org\/{rel}","templated":true}]}}