{"id":201,"date":"2025-08-14T09:43:14","date_gmt":"2025-08-14T07:43:14","guid":{"rendered":"https:\/\/tinychat.com\/?page_id=201"},"modified":"2025-08-14T10:02:20","modified_gmt":"2025-08-14T08:02:20","slug":"random-cam-chat","status":"publish","type":"page","link":"https:\/\/tinychat.com\/de\/random-cam-chat\/","title":{"rendered":"Zuf\u00e4lliger Cam-Chat"},"content":{"rendered":"<p>Es ist schon aufregend, nicht zu wissen, wen man als N\u00e4chstes treffen wird. Genau darum geht es beim Random-Cam-Chat - er bringt dich in k\u00fcrzester Zeit mit Fremden aus der ganzen Welt zusammen. Keine Profile zum Scrollen, keine Biografien zum Lesen - nur echte Menschen, von Angesicht zu Angesicht, bereit zum Chatten.<\/p>\n<p>Egal, ob du Freundschaften schlie\u00dfen, flirten, lachen oder einfach nur sehen willst, was es Neues gibt, der Zufalls-Cam-Videochat bietet dir jedes Mal, wenn du auf \"Weiter\" dr\u00fcckst, den Nervenkitzel der Unvorhersehbarkeit. Es ist wie ein Rouletterad f\u00fcr Unterhaltungen - nur dass der Preis eine neue menschliche Verbindung ist.<\/p>\n<h2>Was ist Random Cam Chat?<\/h2>\n<p>Einfach ausgedr\u00fcckt, ist Random Cam Chat ein Online-Videochatdienst, der Sie zuf\u00e4llig mit einer fremden Person zusammenbringt. Sie schalten Ihre Webcam ein, und die Plattform verbindet Sie sofort mit einer anderen Person, die ebenfalls ein Gespr\u00e4ch sucht. Wenn das Gespr\u00e4ch zu Ende ist - oder wenn Sie weitermachen m\u00f6chten - klicken Sie auf \"\u00dcberspringen\", und ein neues Gesicht erscheint.<\/p>\n<p>Es ist eine lebendige, visuelle und pers\u00f6nliche Art, Menschen zu treffen. Im Gegensatz zu reinen Text-Chatr\u00e4umen k\u00f6nnen Sie beim Random-Cam-Chat die Mimik sehen, die Stimmen h\u00f6ren und den nat\u00fcrlichen Fluss einer Echtzeit-Konversation sp\u00fcren.<\/p>\n<p>Einige Plattformen bieten auch reine Text- und Audio-Optionen an, wenn Sie nicht sofort mit Video arbeiten m\u00f6chten, was den Einstieg erleichtert.<\/p>\n<h2>Warum Menschen Random Cam Chat lieben<\/h2>\n<p>Der Reiz des Zufalls-Cam-Chats ist einfach: Er ist unvorhersehbar, er macht Spa\u00df und er ist sofort verf\u00fcgbar. Hier ist der Grund, warum so viele Menschen s\u00fcchtig danach sind:<\/p>\n<ul>\n<li>Sofortige Verbindungen: Keine Anmeldung, kein Warten - ein Klick, und schon sind Sie in einem Live-Gespr\u00e4ch.<\/li>\n<li>Globale Reichweite: Treffen Sie Menschen aus verschiedenen L\u00e4ndern, Kulturen und Lebensbereichen.<\/li>\n<li>Es kann alles passieren: Von lustigen Momenten bis hin zu bedeutungsvollen Gespr\u00e4chen - man wei\u00df nie, wohin ein Gespr\u00e4ch f\u00fchren wird.<\/li>\n<li>Anonymit\u00e4t, wenn Sie sie wollen: Verwenden Sie einen Spitznamen oder lassen Sie die Kamera aus, bis Sie sich wohl f\u00fchlen.<\/li>\n<li>Kontrolle \u00fcber Ihr Erlebnis: Wenn du mit jemandem nicht harmonierst, kannst du das Spiel einfach \u00fcberspringen und das n\u00e4chste Spiel versuchen.<\/li>\n<\/ul>\n<p>F\u00fcr viele liegt die Aufregung in den ersten Sekunden nach der Verbindung - sie fragen sich, wer auf der anderen Seite ist und was er sagen wird.<\/p>\n<h2>Wie funktioniert der Random Cam Chat?<\/h2>\n<p>Wenn Sie es noch nie ausprobiert haben, ist der Einstieg denkbar einfach:<\/p>\n<ol>\n<li>W\u00e4hlen Sie eine Plattform - Es gibt viele kostenlose Zufalls-Cam-Chat-Seiten und -Apps zur Auswahl, z. B. TinyChat, CamSurf und Bazoocam.<\/li>\n<li>Aktivieren Sie Ihre Webcam und Ihr Mikrofon - Die Plattform wird Sie um Erlaubnis bitten, auf Ihre Kamera und Ihr Mikrofon zuzugreifen.<\/li>\n<li>Chatten - Sie werden sofort mit einer zuf\u00e4lligen Person von \u00fcberall auf der Welt verbunden.<\/li>\n<li>\u00dcberspringen oder fortsetzen - Wenn Sie weitermachen m\u00f6chten, klicken Sie einfach auf \"weiter\" und das System wird eine weitere \u00dcbereinstimmung finden.<\/li>\n<\/ol>\n<p>Auf vielen Websites k\u00f6nnen Sie nach L\u00e4ndern oder Interessen filtern, um Ihre Chancen zu erh\u00f6hen, Menschen mit \u00e4hnlichen Interessen zu treffen.<\/p>\n<h2>Arten von zuf\u00e4lligen Cam-Chat-Erfahrungen<\/h2>\n<p>Das Grundkonzept ist zwar dasselbe, aber die verschiedenen Random-Cam-Chat-Plattformen bieten unterschiedliche Funktionen:<\/p>\n<h3>1. Kostenloser Zufalls-Cam-Chat<\/h3>\n<p>Perfekt f\u00fcr Anf\u00e4nger - steigen Sie ein, ohne einen Cent zu bezahlen. F\u00fcr die meisten kostenlosen Plattformen ist kein Konto erforderlich und Sie k\u00f6nnen sich sofort anmelden.<\/p>\n<h3>2. Anonymer Zufalls-Cam-Chat<\/h3>\n<p>F\u00fcr diejenigen, die absolute Privatsph\u00e4re w\u00fcnschen, verbergen die anonymen Modi Ihren Namen und erm\u00f6glichen es Ihnen, Ihre Kamera auszuschalten, bis Sie sie freigeben m\u00f6chten.<\/p>\n<h3>3. Interessenbasiertes Matching<\/h3>\n<p>Auf einigen Zufalls-Cam-Sites kannst du deine Interessen angeben, damit du Leute treffen kannst, die deine Hobbys oder Leidenschaften teilen.<\/p>\n<h3>4. Adult Random Cam Chat<\/h3>\n<p>Es gibt zwar nicht f\u00fcr jeden etwas, aber es gibt 18+-Versionen, auf denen sich Menschen f\u00fcr flirtende oder explizite Unterhaltungen verbinden. Diese sind in der Regel aus Sicherheits- und Einwilligungsgr\u00fcnden von allgemeinen Plattformen getrennt.<\/p>\n<h2>Zufalls-Cam-Chat vs. Text-Chat<\/h2>\n<p>W\u00e4hrend textbasierte Zufalls-Chatr\u00e4ume immer noch beliebt sind, hat der Zufalls-Cam-Chat einen gro\u00dfen Vorteil:<\/p>\n<table>\n<thead>\n<tr>\n<th>Merkmal<\/th>\n<th>Zuf\u00e4lliger Cam-Chat<\/th>\n<th>Text-Chat<\/th>\n<\/tr>\n<\/thead>\n<tbody>\n<tr>\n<td>Gesichtsausdr\u00fccke sehen<\/td>\n<td>\u2705<\/td>\n<td>\u274c<\/td>\n<\/tr>\n<tr>\n<td>H\u00f6re den Tonfall<\/td>\n<td>\u2705<\/td>\n<td>\u274c<\/td>\n<\/tr>\n<tr>\n<td>Mehr pers\u00f6nliche Verbindung<\/td>\n<td>\u2705<\/td>\n<td>\u26a0\ufe0f Weniger<\/td>\n<\/tr>\n<tr>\n<td>Visuelles Engagement<\/td>\n<td>\u2705<\/td>\n<td>\u274c<\/td>\n<\/tr>\n<tr>\n<td>Erfordert Kamera\/Mikrofon<\/td>\n<td>\u2705<\/td>\n<td>\u274c<\/td>\n<\/tr>\n<\/tbody>\n<\/table>\n<p>Videos sorgen f\u00fcr mehr Authentizit\u00e4t - wenn man das L\u00e4cheln oder Lachen einer Person sieht, wird die Interaktion realer.<\/p>\n<h2>Sicher bleiben im Random Cam Chat<\/h2>\n<p>Da Sie mit Fremden zusammentreffen, sollte die Sicherheit immer an erster Stelle stehen:<\/p>\n<ul>\n<li>Geben Sie keine pers\u00f6nlichen Informationen weiter - Vermeiden Sie es, Ihren vollst\u00e4ndigen Namen, Ihre Adresse oder Ihre Kontaktangaben anzugeben.<\/li>\n<li>Benutzen Sie die \u00dcberspringen-Taste - Wenn Sie sich bei jemandem unwohl f\u00fchlen, gehen Sie sofort weiter.<\/li>\n<li>Melden Sie unangemessenes Verhalten - Die meisten Plattformen verf\u00fcgen \u00fcber integrierte Meldefunktionen.<\/li>\n<li>Gehen Sie achtsam mit Ihrer Kamera um - zeigen Sie nur das, was Sie m\u00f6chten, dass andere es sehen.<\/li>\n<li>Halten Sie sich an seri\u00f6se Plattformen - W\u00e4hlen Sie Dienste mit Moderation und klaren Community-Richtlinien.<\/li>\n<\/ul>\n<p>Ein zuf\u00e4lliger Cam-Chat kann sicher sein und Spa\u00df machen, wenn du deine Grenzen festlegst und sie einh\u00e4ltst.<\/p>\n<h2>Die soziale Seite des Random Cam Chat<\/h2>\n<p>Eines der besten Dinge am Random-Cam-Chat ist die Vielfalt der Menschen, die man trifft. Auf einer Plattform k\u00f6nnen Sie mit einem Studenten in Brasilien, einem Musiker in Frankreich, einem Gamer in Japan und einem Reisenden in S\u00fcdafrika sprechen - und das alles in derselben Nacht.<\/p>\n<p>Es ist wie ein globaler sozialer Mixer ohne die Reisekosten. Die Leute nutzen es oft, um:<\/p>\n<ul>\n<li>Eine neue Sprache \u00fcben<\/li>\n<li>Lernen Sie andere Kulturen kennen<\/li>\n<li>Musik oder Kunst teilen<\/li>\n<li>Zusammenarbeit bei kreativen Projekten<\/li>\n<li>Neue Freundschaften schlie\u00dfen oder Online-Dating-M\u00f6glichkeiten finden<\/li>\n<\/ul>\n<h2>Random Cam Chat f\u00fcr Spa\u00df und Flirt<\/h2>\n<p>Viele Menschen nutzen den Zufalls-Cam-Chat f\u00fcr zwanglose Unterhaltungen, aber er hat sich auch zu einem Hotspot f\u00fcr Online-Flirts entwickelt. Wenn man jemanden von Angesicht zu Angesicht sieht, ist es einfacher, die Chemie zu erkennen und eine Verbindung in Echtzeit aufzubauen.<\/p>\n<p>Einige Websites bieten sogar \"Flirt\"- oder \"Dating\"-Modi an, um Sie mit Menschen zusammenzubringen, die f\u00fcr eine spielerische Unterhaltung offen sind.<\/p>\n<h2>Kostenlose Random Cam Chat Apps<\/h2>\n<p>Wenn Sie lieber von Ihrem Telefon aus chatten, gibt es zahlreiche kostenlose Apps f\u00fcr Android und iOS, mit denen Sie die Zufalls-Cam in Ihrer Tasche haben. Dazu geh\u00f6ren h\u00e4ufig:<\/p>\n<ul>\n<li>Swipe-to-skip-Funktionen<\/li>\n<li>Push-Benachrichtigungen, wenn jemand chatten m\u00f6chte<\/li>\n<li>Interessen-Tags f\u00fcr bessere Treffer<\/li>\n<li>Videofilter und lustige Effekte<\/li>\n<\/ul>\n<p>Der mobile Zufalls-Cam-Chat ist perfekt, um unterwegs oder von der Couch aus die Zeit totzuschlagen.<\/p>\n<h2>Tipps f\u00fcr ein tolles Random-Cam-Chat-Erlebnis<\/h2>\n<ul>\n<li>L\u00e4cheln Sie, wenn Sie Kontakt aufnehmen - Der erste Eindruck z\u00e4hlt, auch online.<\/li>\n<li>Seien Sie neugierig - Stellen Sie offene Fragen, um den Gespr\u00e4chsfluss aufrechtzuerhalten.<\/li>\n<li>Verwenden Sie eine gute Beleuchtung - sie macht Ihr Video klarer und einladender.<\/li>\n<li>Bleiben Sie entspannt - Denken Sie daran: Wenn es nicht klappt, k\u00f6nnen Sie es jederzeit abbrechen.<\/li>\n<li>Experimentieren Sie mit den Tageszeiten - Verschiedene Zeiten k\u00f6nnen bedeuten, dass Sie Menschen aus verschiedenen Teilen der Welt treffen.<\/li>\n<\/ul>\n<h2>Warum TinyChat eine gro\u00dfartige Option f\u00fcr Random Cam Chat ist<\/h2>\n<p>W\u00e4hrend viele Plattformen zuf\u00e4llige Videochats anbieten, zeichnet sich TinyChat durch seine Mischung aus \u00f6ffentlichen Chatr\u00e4umen, privaten Anrufen und Gruppenvideofunktionen aus. Sie k\u00f6nnen einen zuf\u00e4lligen Cam-Chat mit einer Person beginnen oder einem Raum mit mehreren Streams gleichzeitig beitreten.<\/p>\n<p>Es ist perfekt f\u00fcr Leute, die sowohl pers\u00f6nliche Interaktionen als auch eine geselligere, offene Chat-Umgebung w\u00fcnschen. Au\u00dferdem m\u00fcssen Sie sich nicht anmelden, um loszulegen.<\/p>\n<h2>Der Nervenkitzel der zuf\u00e4lligen Verbindungen<\/h2>\n<p>Der Zauber des Zufalls-Cam-Chats besteht darin, dass er nicht geskriptet ist. Du bl\u00e4tterst nicht durch Profile oder wartest auf ein Match. Du triffst in Echtzeit auf echte Menschen, und alles kann passieren.<\/p>\n<p>Manchmal lacht man kurz, manchmal f\u00fchrt man ein tiefes Gespr\u00e4ch, und manchmal trifft man jemanden, mit dem man sich immer wieder unterhalten m\u00f6chte. Diese Unvorhersehbarkeit ist es, die die Leute dazu bringt, wiederzukommen.<\/p>\n<p>Der Random-Cam-Chat ist eine der schnellsten und aufregendsten M\u00f6glichkeiten, online neue Leute kennenzulernen. Er ist sofort, global und pers\u00f6nlich - und bringt Fremde aus der ganzen Welt f\u00fcr alles zusammen, von zwanglosen Chats bis hin zu ernsthaften Freundschaften.<\/p>\n<p>Ob Sie es zum Spa\u00df, zum kulturellen Austausch, zum \u00dcben der Sprache oder sogar zur Partnersuche nutzen, der Random-Cam-Videochat bietet unendlich viele M\u00f6glichkeiten. Denken Sie nur daran, sicher zu bleiben, andere zu respektieren und aufgeschlossen zu sein.<\/p>\n<p>Wenn du bereit bist, zu sehen, wer da drau\u00dfen ist, schalte deine Webcam ein und tauche heute Abend in einen zuf\u00e4lligen Cam-Chat ein - man wei\u00df nie, wer auf der anderen Seite wartet.<\/p>","protected":false},"excerpt":{"rendered":"<p>There\u2019s something exciting about not knowing who you\u2019ll meet next. That\u2019s exactly what random cam chat is all about\u2014connecting you with strangers from around the world in an instant. No profiles to scroll, no bios to read\u2014just real people, face-to-face, ready to chat. Whether you\u2019re looking to make friends, flirt, share a laugh, or just [&hellip;]<\/p>\n","protected":false},"author":8,"featured_media":0,"parent":0,"menu_order":0,"comment_status":"closed","ping_status":"closed","template":"","meta":{"footnotes":""},"class_list":["post-201","page","type-page","status-publish","hentry"],"yoast_head":"<!-- This site is optimized with the Yoast SEO plugin v27.6 - https:\/\/yoast.com\/product\/yoast-seo-wordpress\/ -->\n<title>Random Cam Chat with Video Chat on TinyChat.com<\/title>\n<meta name=\"description\" content=\"Enjoying Random Cam Chat? Join over 50,000,000 strangers on TinyChat! Turn on your cam and start meeting new people, or find a match.\" \/>\n<meta name=\"robots\" content=\"index, follow, max-snippet:-1, max-image-preview:large, max-video-preview:-1\" \/>\n<link rel=\"canonical\" href=\"https:\/\/tinychat.com\/de\/random-cam-chat\/\" \/>\n<meta property=\"og:locale\" content=\"de_DE\" \/>\n<meta property=\"og:type\" content=\"article\" \/>\n<meta property=\"og:title\" content=\"Random Cam Chat with Video Chat on TinyChat.com\" \/>\n<meta property=\"og:description\" content=\"Enjoying Random Cam Chat? Join over 50,000,000 strangers on TinyChat! Turn on your cam and start meeting new people, or find a match.\" \/>\n<meta property=\"og:url\" content=\"https:\/\/tinychat.com\/de\/random-cam-chat\/\" \/>\n<meta property=\"og:site_name\" content=\"TinyChat\" \/>\n<meta property=\"article:publisher\" content=\"https:\/\/www.facebook.com\/tinychat\" \/>\n<meta property=\"article:modified_time\" content=\"2025-08-14T08:02:20+00:00\" \/>\n<meta property=\"og:image\" content=\"https:\/\/tinychat.com\/wp-content\/uploads\/2020\/04\/Tinychat-logo-1280x284-new-black.png\" \/>\n\t<meta property=\"og:image:width\" content=\"1280\" \/>\n\t<meta property=\"og:image:height\" content=\"284\" \/>\n\t<meta property=\"og:image:type\" content=\"image\/png\" \/>\n<meta name=\"twitter:card\" content=\"summary_large_image\" \/>\n<meta name=\"twitter:site\" content=\"@tinychat\" \/>\n<meta name=\"twitter:label1\" content=\"Gesch\u00e4tzte Lesezeit\" \/>\n\t<meta name=\"twitter:data1\" content=\"6\u00a0Minuten\" \/>\n<script type=\"application\/ld+json\" class=\"yoast-schema-graph\">{\"@context\":\"https:\\\/\\\/schema.org\",\"@graph\":[{\"@type\":\"WebPage\",\"@id\":\"https:\\\/\\\/tinychat.com\\\/random-cam-chat\\\/\",\"url\":\"https:\\\/\\\/tinychat.com\\\/random-cam-chat\\\/\",\"name\":\"Random Cam Chat with Video Chat on TinyChat.com\",\"isPartOf\":{\"@id\":\"https:\\\/\\\/tinychat.com\\\/#website\"},\"datePublished\":\"2025-08-14T07:43:14+00:00\",\"dateModified\":\"2025-08-14T08:02:20+00:00\",\"description\":\"Enjoying Random Cam Chat? Join over 50,000,000 strangers on TinyChat! Turn on your cam and start meeting new people, or find a match.\",\"breadcrumb\":{\"@id\":\"https:\\\/\\\/tinychat.com\\\/random-cam-chat\\\/#breadcrumb\"},\"inLanguage\":\"de\",\"potentialAction\":[{\"@type\":\"ReadAction\",\"target\":[\"https:\\\/\\\/tinychat.com\\\/random-cam-chat\\\/\"]}]},{\"@type\":\"BreadcrumbList\",\"@id\":\"https:\\\/\\\/tinychat.com\\\/random-cam-chat\\\/#breadcrumb\",\"itemListElement\":[{\"@type\":\"ListItem\",\"position\":1,\"name\":\"Home\",\"item\":\"https:\\\/\\\/tinychat.com\\\/\"},{\"@type\":\"ListItem\",\"position\":2,\"name\":\"Random Cam Chat\"}]},{\"@type\":\"WebSite\",\"@id\":\"https:\\\/\\\/tinychat.com\\\/#website\",\"url\":\"https:\\\/\\\/tinychat.com\\\/\",\"name\":\"TinyChat\",\"description\":\"Random Video Chat with Strangers\",\"publisher\":{\"@id\":\"https:\\\/\\\/tinychat.com\\\/#organization\"},\"alternateName\":\"TinyChat.com\",\"potentialAction\":[{\"@type\":\"SearchAction\",\"target\":{\"@type\":\"EntryPoint\",\"urlTemplate\":\"https:\\\/\\\/tinychat.com\\\/?s={search_term_string}\"},\"query-input\":{\"@type\":\"PropertyValueSpecification\",\"valueRequired\":true,\"valueName\":\"search_term_string\"}}],\"inLanguage\":\"de\"},{\"@type\":\"Organization\",\"@id\":\"https:\\\/\\\/tinychat.com\\\/#organization\",\"name\":\"TinyChat\",\"alternateName\":\"TinyChat.com\",\"url\":\"https:\\\/\\\/tinychat.com\\\/\",\"logo\":{\"@type\":\"ImageObject\",\"inLanguage\":\"de\",\"@id\":\"https:\\\/\\\/tinychat.com\\\/#\\\/schema\\\/logo\\\/image\\\/\",\"url\":\"https:\\\/\\\/tinychat.com\\\/wp-content\\\/uploads\\\/2023\\\/11\\\/Tinychat-icon-square.png\",\"contentUrl\":\"https:\\\/\\\/tinychat.com\\\/wp-content\\\/uploads\\\/2023\\\/11\\\/Tinychat-icon-square.png\",\"width\":284,\"height\":284,\"caption\":\"TinyChat\"},\"image\":{\"@id\":\"https:\\\/\\\/tinychat.com\\\/#\\\/schema\\\/logo\\\/image\\\/\"},\"sameAs\":[\"https:\\\/\\\/www.facebook.com\\\/tinychat\",\"https:\\\/\\\/x.com\\\/tinychat\"]}]}<\/script>\n<!-- \/ Yoast SEO plugin. -->","yoast_head_json":{"title":"Zuf\u00e4lliger Cam-Chat mit Video-Chat auf TinyChat.com","description":"Genie\u00dfen Sie Random Cam Chat? Schlie\u00dfen Sie sich \u00fcber 50.000.000 Fremden auf TinyChat an! Schalte deine Cam ein und fange an, neue Leute zu treffen, oder finde einen Partner.","robots":{"index":"index","follow":"follow","max-snippet":"max-snippet:-1","max-image-preview":"max-image-preview:large","max-video-preview":"max-video-preview:-1"},"canonical":"https:\/\/tinychat.com\/de\/random-cam-chat\/","og_locale":"de_DE","og_type":"article","og_title":"Random Cam Chat with Video Chat on TinyChat.com","og_description":"Enjoying Random Cam Chat? Join over 50,000,000 strangers on TinyChat! Turn on your cam and start meeting new people, or find a match.","og_url":"https:\/\/tinychat.com\/de\/random-cam-chat\/","og_site_name":"TinyChat","article_publisher":"https:\/\/www.facebook.com\/tinychat","article_modified_time":"2025-08-14T08:02:20+00:00","og_image":[{"width":1280,"height":284,"url":"https:\/\/tinychat.com\/wp-content\/uploads\/2020\/04\/Tinychat-logo-1280x284-new-black.png","type":"image\/png"}],"twitter_card":"summary_large_image","twitter_site":"@tinychat","twitter_misc":{"Gesch\u00e4tzte Lesezeit":"6\u00a0Minuten"},"schema":{"@context":"https:\/\/schema.org","@graph":[{"@type":"WebPage","@id":"https:\/\/tinychat.com\/random-cam-chat\/","url":"https:\/\/tinychat.com\/random-cam-chat\/","name":"Zuf\u00e4lliger Cam-Chat mit Video-Chat auf TinyChat.com","isPartOf":{"@id":"https:\/\/tinychat.com\/#website"},"datePublished":"2025-08-14T07:43:14+00:00","dateModified":"2025-08-14T08:02:20+00:00","description":"Genie\u00dfen Sie Random Cam Chat? Schlie\u00dfen Sie sich \u00fcber 50.000.000 Fremden auf TinyChat an! Schalte deine Cam ein und fange an, neue Leute zu treffen, oder finde einen Partner.","breadcrumb":{"@id":"https:\/\/tinychat.com\/random-cam-chat\/#breadcrumb"},"inLanguage":"de","potentialAction":[{"@type":"ReadAction","target":["https:\/\/tinychat.com\/random-cam-chat\/"]}]},{"@type":"BreadcrumbList","@id":"https:\/\/tinychat.com\/random-cam-chat\/#breadcrumb","itemListElement":[{"@type":"ListItem","position":1,"name":"Home","item":"https:\/\/tinychat.com\/"},{"@type":"ListItem","position":2,"name":"Random Cam Chat"}]},{"@type":"WebSite","@id":"https:\/\/tinychat.com\/#website","url":"https:\/\/tinychat.com\/","name":"TinyChat","description":"Zuf\u00e4lliger Video-Chat mit Fremden","publisher":{"@id":"https:\/\/tinychat.com\/#organization"},"alternateName":"TinyChat.com","potentialAction":[{"@type":"SearchAction","target":{"@type":"EntryPoint","urlTemplate":"https:\/\/tinychat.com\/?s={search_term_string}"},"query-input":{"@type":"PropertyValueSpecification","valueRequired":true,"valueName":"search_term_string"}}],"inLanguage":"de"},{"@type":"Organization","@id":"https:\/\/tinychat.com\/#organization","name":"TinyChat","alternateName":"TinyChat.com","url":"https:\/\/tinychat.com\/","logo":{"@type":"ImageObject","inLanguage":"de","@id":"https:\/\/tinychat.com\/#\/schema\/logo\/image\/","url":"https:\/\/tinychat.com\/wp-content\/uploads\/2023\/11\/Tinychat-icon-square.png","contentUrl":"https:\/\/tinychat.com\/wp-content\/uploads\/2023\/11\/Tinychat-icon-square.png","width":284,"height":284,"caption":"TinyChat"},"image":{"@id":"https:\/\/tinychat.com\/#\/schema\/logo\/image\/"},"sameAs":["https:\/\/www.facebook.com\/tinychat","https:\/\/x.com\/tinychat"]}]}},"_links":{"self":[{"href":"https:\/\/tinychat.com\/de\/wp-json\/wp\/v2\/pages\/201","targetHints":{"allow":["GET"]}}],"collection":[{"href":"https:\/\/tinychat.com\/de\/wp-json\/wp\/v2\/pages"}],"about":[{"href":"https:\/\/tinychat.com\/de\/wp-json\/wp\/v2\/types\/page"}],"author":[{"embeddable":true,"href":"https:\/\/tinychat.com\/de\/wp-json\/wp\/v2\/users\/8"}],"replies":[{"embeddable":true,"href":"https:\/\/tinychat.com\/de\/wp-json\/wp\/v2\/comments?post=201"}],"version-history":[{"count":3,"href":"https:\/\/tinychat.com\/de\/wp-json\/wp\/v2\/pages\/201\/revisions"}],"predecessor-version":[{"id":13447,"href":"https:\/\/tinychat.com\/de\/wp-json\/wp\/v2\/pages\/201\/revisions\/13447"}],"wp:attachment":[{"href":"https:\/\/tinychat.com\/de\/wp-json\/wp\/v2\/media?parent=201"}],"curies":[{"name":"wp","href":"https:\/\/api.w.org\/{rel}","templated":true}]}}