{"id":3141,"date":"2025-09-29T11:04:53","date_gmt":"2025-09-29T09:04:53","guid":{"rendered":"https:\/\/tinychat.com\/?page_id=3141"},"modified":"2025-09-29T12:48:03","modified_gmt":"2025-09-29T10:48:03","slug":"paltalk","status":"publish","type":"page","link":"https:\/\/tinychat.com\/de\/paltalk\/","title":{"rendered":"Paltalk"},"content":{"rendered":"<p>Die Online-Chat-Landschaft hat viele Plattformen kommen und gehen sehen. Von den Anf\u00e4ngen der AOL-Chatr\u00e4ume bis zum Aufkommen von Video-Chat-Apps wie Omegle hat sich die Art und Weise, wie Menschen online miteinander in Kontakt treten, st\u00e4ndig weiterentwickelt. Zu den am l\u00e4ngsten bestehenden Plattformen, die es geschafft haben, sich anzupassen und relevant zu bleiben, geh\u00f6rt Paltalk - ein Name, den es seit Jahrzehnten gibt und der immer noch Millionen von Nutzern anzieht.<\/p>\n<p>Im Gegensatz zu minimalistischen, zuf\u00e4lligen Video-Chat-Apps ist Paltalk eine Mischung aus Chatr\u00e4umen, Video- und Sprachinteraktionen und bietet ein gemeinschaftsorientiertes Erlebnis, das sowohl nostalgisch als auch modern ist. F\u00fcr Nutzer, die neben Einzelgespr\u00e4chen auch strukturierte Gruppen sch\u00e4tzen, ist dies eine einzigartige Plattform, die sich weiterhin von anderen abhebt.<\/p>\n<p>In diesem Beitrag erfahren Sie, was das Paltalk ist, welche Funktionen es hat, wie es funktioniert, wie es zu bedienen ist, Vergleiche, Sicherheitsaspekte und Tipps, wie Sie es optimal nutzen k\u00f6nnen.<\/p>\n<h2>Was ist Paltalk?<\/h2>\n<p>Paltalk ist ein Online-Chat-Dienst, der 1998 gegr\u00fcndet wurde und damit eine der ersten Plattformen ist, die sich auf Gruppen-Video- und Sprach-Chat konzentriert. W\u00e4hrend er \u00c4hnlichkeiten mit zuf\u00e4lligen Video-Chat-Apps aufweist, ist seine Struktur n\u00e4her an traditionellen Chatrooms und Online-Communities.<\/p>\n<p>Im Kern bietet das Paltalk:<\/p>\n<ul>\n<li>Video-Chatrooms zu bestimmten Themen.<\/li>\n<li>Private Chats unter vier Augen.<\/li>\n<li>Sprachanrufe und Gruppenanrufe.<\/li>\n<li>Profil- und Freundschaftsfunktionen zur Aufrechterhaltung von Verbindungen.<\/li>\n<\/ul>\n<p>Mit Millionen von Downloads auf iOS, Android und Desktop hat sich Paltalk einen Ruf als eines der am l\u00e4ngsten bestehenden Online-Chat-\u00d6kosysteme erworben.<\/p>\n<h2>Hauptmerkmale von Paltalk<\/h2>\n<p>Paltalk geht \u00fcber die Zuf\u00e4lligkeit von Anwendungen im Stil von Omegle hinaus, indem es eine ganze Reihe von Community- und sozialen Tools bietet.<\/p>\n<h3>1. \u00d6ffentliche Video-Chatrooms<\/h3>\n<ul>\n<li>Thematische Chatrooms, in denen sich die Nutzer zu bestimmten Themen treffen.<\/li>\n<li>Beliebte Kategorien sind Musik, Lifestyle, Dating und Sprachenlernen.<\/li>\n<li>Die R\u00e4ume k\u00f6nnen Dutzende oder sogar Hunderte von Personen gleichzeitig aufnehmen.<\/li>\n<\/ul>\n<h3>2. One-on-One Video- und Voice-Chat<\/h3>\n<ul>\n<li>Privatgespr\u00e4che au\u00dferhalb von Gruppenr\u00e4umen.<\/li>\n<li>Video, Sprache oder Text, je nach Benutzerpr\u00e4ferenz.<\/li>\n<\/ul>\n<h3>3. Plattform\u00fcbergreifende Unterst\u00fctzung<\/h3>\n<ul>\n<li>Funktioniert auf dem Desktop (Windows\/Mac) und auf dem Handy (iOS\/Android).<\/li>\n<li>Konversationen werden ger\u00e4te\u00fcbergreifend synchronisiert.<\/li>\n<\/ul>\n<h3>4. Benutzerprofile und Freunde<\/h3>\n<ul>\n<li>Erstellen Sie ein Profil mit optionalen Details.<\/li>\n<li>F\u00fcgen Sie Personen als Freunde hinzu, um in Kontakt zu bleiben.<\/li>\n<li>Senden Sie private Nachrichten au\u00dferhalb der \u00f6ffentlichen R\u00e4ume.<\/li>\n<\/ul>\n<h3>5. Aufkleber und virtuelle Geschenke<\/h3>\n<ul>\n<li>Integrierte Schenkungswirtschaft.<\/li>\n<li>Versenden Sie lustige Aufkleber oder digitale Geschenke an andere in R\u00e4umen.<\/li>\n<li>Unterst\u00fctzt die Plattform und belohnt die Nutzer.<\/li>\n<\/ul>\n<h3>6. Community-Moderationswerkzeuge<\/h3>\n<ul>\n<li>Die Raumadministratoren kontrollieren, wer teilnehmen und sprechen darf.<\/li>\n<li>Die Moderationsfunktionen tragen zur Aufrechterhaltung einer sicheren Umgebung bei.<\/li>\n<\/ul>\n<h3>7. Kostenlose und Premium-Optionen<\/h3>\n<ul>\n<li>Kostenlose Version mit den wichtigsten Funktionen verf\u00fcgbar.<\/li>\n<li>Premium-Upgrades entfernen Werbung und schalten erweiterte Funktionen wie HD-Video frei.<\/li>\n<\/ul>\n<h2>So verwenden Sie Paltalk<\/h2>\n<p>Die ersten Schritte mit Paltalk erfordern etwas mehr Einrichtungsaufwand als minimalistische Zufalls-Chat-Anwendungen.<\/p>\n<h3>Schritt 1: Laden Sie die App oder den Desktop-Client herunter<\/h3>\n<ul>\n<li>Erh\u00e4ltlich bei Google Play, im App Store und als Desktop-Software.<\/li>\n<\/ul>\n<h3>Schritt 2: Ein Konto erstellen<\/h3>\n<ul>\n<li>Registrierung mit E-Mail oder Social Login erforderlich.<\/li>\n<li>Richten Sie einen Benutzernamen und ein Basisprofil ein.<\/li>\n<\/ul>\n<h3>Schritt 3: R\u00e4ume erkunden<\/h3>\n<ul>\n<li>Bl\u00e4ttern Sie in den Kategorien oder suchen Sie nach bestimmten Themen.<\/li>\n<li>Sie k\u00f6nnen jedem \u00f6ffentlichen Raum sofort beitreten.<\/li>\n<\/ul>\n<h3>Schritt 4: Chatten beginnen<\/h3>\n<ul>\n<li>Aktivieren Sie Video\/Sprachausgabe, wenn Sie teilnehmen m\u00f6chten.<\/li>\n<li>Verwenden Sie den Text-Chat, wenn Sie nicht vor der Kamera erscheinen m\u00f6chten.<\/li>\n<\/ul>\n<h3>Schritt 5: Freunde hinzuf\u00fcgen &amp; Privater Chat<\/h3>\n<ul>\n<li>Setzen Sie die Gespr\u00e4che unter vier Augen fort.<\/li>\n<li>Erstellen Sie eine Freundesliste f\u00fcr dauerhafte Verbindungen.<\/li>\n<\/ul>\n<h2>Benutzererfahrung mit Paltalk<\/h2>\n<p>Paltalk bietet ein gemeinschaftsorientiertes Erlebnis, das sich von den \u00fcblichen Chat-Apps unterscheidet.<\/p>\n<h3>Was Benutzer m\u00f6gen<\/h3>\n<ul>\n<li>Gro\u00dfe Auswahl an Chatr\u00e4umen mit aktiven Gemeinschaften.<\/li>\n<li>Eine Mischung aus Text-, Sprach- und Videooptionen.<\/li>\n<li>Die F\u00e4higkeit, Freundschaften zu schlie\u00dfen und Beziehungen zu pflegen.<\/li>\n<li>Nostalgisches Chatroom-Gef\u00fchl mit modernen Tools.<\/li>\n<li>Ger\u00e4te\u00fcbergreifend verf\u00fcgbar.<\/li>\n<\/ul>\n<h3>Wo die Nutzer Raum f\u00fcr Verbesserungen sehen<\/h3>\n<ul>\n<li>Erfordert eine Registrierung (nicht anonym wie Omegle).<\/li>\n<li>Starke Pr\u00e4senz von Werbung in der kostenlosen Version.<\/li>\n<li>Die Oberfl\u00e4che kann im Vergleich zu neueren Anwendungen veraltet wirken.<\/li>\n<li>Geringeres globales Engagement als bei Plattformen wie Bigo Live.<\/li>\n<\/ul>\n<p>Insgesamt sch\u00e4tzen Nutzer, die strukturierte Gruppen und gemeinschaftsorientierte Interaktion bevorzugen, Paltalk mehr als diejenigen, die reine Zuf\u00e4lligkeit bevorzugen.<\/p>\n<h2>Paltalk im Vergleich zu anderen Plattformen<\/h2>\n<p>Hier sehen Sie, wie das Paltalk im Vergleich zu anderen Plattformen im Chatbereich abschneidet:<\/p>\n<table>\n<thead>\n<tr>\n<th>Merkmal<\/th>\n<th>Paltalk<\/th>\n<th>Omegle<\/th>\n<th>Chatroulette<\/th>\n<th>ChatHub<\/th>\n<th>Wireclub<\/th>\n<th>Tinychat<\/th>\n<\/tr>\n<\/thead>\n<tbody>\n<tr>\n<td>\u00d6ffentliche Chatrooms<\/td>\n<td>\u2705 Ja<\/td>\n<td>\u274c Nein<\/td>\n<td>\u274c Nein<\/td>\n<td>\u274c Nein<\/td>\n<td>\u2705 Ja<\/td>\n<td>\u2705 Ja<\/td>\n<\/tr>\n<tr>\n<td>Eins-zu-eins-Videochat<\/td>\n<td>\u2705 Ja<\/td>\n<td>\u2705 Ja<\/td>\n<td>\u2705 Ja<\/td>\n<td>\u2705 Ja<\/td>\n<td>\u2705 Ja<\/td>\n<td>\u2705 Ja<\/td>\n<\/tr>\n<tr>\n<td>Sprach-Chat<\/td>\n<td>\u2705 Ja<\/td>\n<td>\u274c Nein<\/td>\n<td>\u274c Nein<\/td>\n<td>\u274c Nein<\/td>\n<td>\u2705 Begrenzt<\/td>\n<td>\u2705 Begrenzt<\/td>\n<\/tr>\n<tr>\n<td>Profile &amp; Freunde<\/td>\n<td>\u2705 Ja<\/td>\n<td>\u274c Nein<\/td>\n<td>\u274c Nein<\/td>\n<td>\u2705 Ja<\/td>\n<td>\u2705 Ja<\/td>\n<td>\u2705 Ja<\/td>\n<\/tr>\n<tr>\n<td>Schenkende Wirtschaft<\/td>\n<td>\u2705 Ja<\/td>\n<td>\u274c Nein<\/td>\n<td>\u274c Nein<\/td>\n<td>\u274c Nein<\/td>\n<td>\u274c Nein<\/td>\n<td>\u274c Nein<\/td>\n<\/tr>\n<tr>\n<td>Mobilfreundlich<\/td>\n<td>\u2705 Ja<\/td>\n<td>\u2705 Ja<\/td>\n<td>\u2705 Ja<\/td>\n<td>\u2705 Ja<\/td>\n<td>\u274c Begrenzt<\/td>\n<td>\u2705 Ja<\/td>\n<\/tr>\n<tr>\n<td>Anonymit\u00e4t<\/td>\n<td>\u274c Begrenzt<\/td>\n<td>\u2705 Stark<\/td>\n<td>\u2705 Stark<\/td>\n<td>\u2705 M\u00e4\u00dfig<\/td>\n<td>\u2705 M\u00e4\u00dfig<\/td>\n<td>\u2705 M\u00e4\u00dfig<\/td>\n<\/tr>\n<\/tbody>\n<\/table>\n<p>Zusammenfassung: Paltalk kommt Wireclub oder Tinychat am n\u00e4chsten, da es eher strukturierte Community-Chatrooms als rein zuf\u00e4llige Verbindungen bietet.<\/p>\n<h2>Ist Paltalk sicher?<\/h2>\n<p>Paltalk legt Wert auf M\u00e4\u00dfigung, aber wie bei allen Plattformen mit Fremden ist auch hier Vorsicht geboten.<\/p>\n<h3>Eingebaute Sicherheitsmerkmale<\/h3>\n<ul>\n<li>Moderatoren und Administratoren in \u00f6ffentlichen R\u00e4umen.<\/li>\n<li>Werkzeuge f\u00fcr die Berichterstattung und Sperrung.<\/li>\n<li>Premium-Optionen reduzieren Spam.<\/li>\n<\/ul>\n<h3>Sicherheitstipps<\/h3>\n<ul>\n<li>Geben Sie keine pers\u00f6nlichen Daten an Fremde weiter.<\/li>\n<li>Bleiben Sie in gut moderierten R\u00e4umen, um mehr Sicherheit zu haben.<\/li>\n<li>Achten Sie auf Minderj\u00e4hrige - Eltern sollten sie beaufsichtigen.<\/li>\n<li>Melden Sie unangemessenes Verhalten umgehend.<\/li>\n<\/ul>\n<h2>Tipps f\u00fcr die optimale Nutzung von Paltalk<\/h2>\n<ul>\n<li>Erforschen Sie die Kategorien - Sie werden Gemeinschaften f\u00fcr fast jedes Interesse finden.<\/li>\n<li>Versuchen Sie den Voice-Chat - nicht jede Plattform bietet ihn an.<\/li>\n<li>Erstellen Sie eine Freundesliste - Paltalk funktioniert am besten, wenn Sie in Verbindung bleiben.<\/li>\n<li>Verwenden Sie Videos in aktiven R\u00e4umen - so fallen Sie auf und werden st\u00e4rker angesprochen.<\/li>\n<li>Experimentieren Sie mit Geschenken und Aufklebern - eine lustige M\u00f6glichkeit, mit anderen zu interagieren.<\/li>\n<li>Nutzen Sie die mobile App f\u00fcr mehr Komfort.<\/li>\n<\/ul>\n<h2>H\u00e4ufige Probleme und Korrekturen<\/h2>\n<h3>Problem: App st\u00fcrzt ab oder wird nicht geladen<\/h3>\n<ul>\n<li>Aktualisieren Sie auf die neueste Version.<\/li>\n<li>Falls erforderlich, erneut installieren.<\/li>\n<\/ul>\n<h3>Problem: Video\/Audio funktioniert nicht<\/h3>\n<ul>\n<li>\u00dcberpr\u00fcfen Sie die Berechtigungen in den App-Einstellungen.<\/li>\n<li>Starten Sie Ihr Ger\u00e4t neu.<\/li>\n<\/ul>\n<h3>Problem: Zu viele Werbeanzeigen<\/h3>\n<ul>\n<li>Upgrade auf Premium f\u00fcr ein werbefreies Erlebnis.<\/li>\n<\/ul>\n<h3>Problem: Spam oder unangemessenes Verhalten<\/h3>\n<ul>\n<li>Bleiben Sie in moderierten R\u00e4umen.<\/li>\n<li>Sperren\/Melden von Straft\u00e4tern.<\/li>\n<\/ul>\n<h2>Warum man sich f\u00fcr Paltalk entscheidet<\/h2>\n<p>Die Benutzer entscheiden sich f\u00fcr das Paltalk, weil es Folgendes bietet:<\/p>\n<ul>\n<li>Community-gesteuerte R\u00e4ume anstelle von reiner Zuf\u00e4lligkeit.<\/li>\n<li>Voice-Chat zus\u00e4tzlich zu Text und Video.<\/li>\n<li>Langlebigkeit - \u00fcber 20 Jahre Dauerbetrieb.<\/li>\n<li>Plattform\u00fcbergreifender Zugriff auf Handy und Desktop.<\/li>\n<li>M\u00f6glichkeiten, Freundschaften zu schlie\u00dfen und in Kontakt zu bleiben.<\/li>\n<\/ul>\n<p>Es ist ideal f\u00fcr Leute, die die klassische Chatroom-\u00c4ra vermissen, aber moderne Tools wollen.<\/p>\n<h2>Abschlie\u00dfende \u00dcberlegungen: Lohnt sich der Einsatz des Paltalk?<\/h2>\n<p>Wenn Sie auf der Suche nach einer Plattform sind, die mehr bietet als fl\u00fcchtige Zufalls-Chats, ist Paltalk eine gute Wahl. Es fehlt zwar die Anonymit\u00e4t von Omegle oder der Unterhaltungsschwerpunkt von Bigo Live, aber das macht es mit strukturierten Gemeinschaften, vielseitigen Chat-Optionen und einem langj\u00e4hrigen Ruf wieder wett.<\/p>\n<p>Ob Sie wollen oder nicht:<\/p>\n<ul>\n<li>Nehmen Sie an lebhaften Gruppendiskussionen teil.<\/li>\n<li>Erkunden Sie Nischenthemen in moderierten R\u00e4umen.<\/li>\n<li>Unterhalten Sie sich mit neuen Leuten unter vier Augen.<\/li>\n<li>Oder genie\u00dfen Sie die Nostalgie der klassischen Chatrooms...<\/li>\n<\/ul>\n<p>Das Paltalk bietet all dies.<\/p>\n<p>Kurz gesagt: Paltalk ist eine Legacy-Plattform, die den Geist von Chatrooms der alten Schule mit modernen Video-, Sprach- und sozialen Tools kombiniert. Wenn Sie neben zuf\u00e4lligen Begegnungen auch Gemeinschaft suchen, ist dies eine der besten verf\u00fcgbaren Optionen.<\/p>\n<p>Bereit zum Ausprobieren? Laden Sie die App oder den Desktop-Client herunter, erstellen Sie ein kostenloses Konto und tauchen Sie ein in die Welt der Live-Chatr\u00e4ume und globalen Verbindungen.<\/p>","protected":false},"excerpt":{"rendered":"<p>The online chat landscape has seen many platforms come and go. From the early days of AOL chatrooms to the rise of random video chat apps like Omegle, the way people connect online has constantly evolved. Among the longest-standing platforms that has managed to adapt and remain relevant is Paltalk\u2014a name that has been around [&hellip;]<\/p>\n","protected":false},"author":6,"featured_media":0,"parent":0,"menu_order":0,"comment_status":"closed","ping_status":"closed","template":"","meta":{"footnotes":""},"class_list":["post-3141","page","type-page","status-publish","hentry"],"yoast_head":"<!-- This site is optimized with the Yoast SEO plugin v27.6 - https:\/\/yoast.com\/product\/yoast-seo-wordpress\/ -->\n<title>Paltalk - Video Chat with Strangers &amp; Friends - TinyChat.com<\/title>\n<meta name=\"description\" content=\"Enjoying Paltalk? Join over 50,000,000 strangers on TinyChat! Turn on your cam and start meeting new people, or find a match.\" \/>\n<meta name=\"robots\" content=\"index, follow, max-snippet:-1, max-image-preview:large, max-video-preview:-1\" \/>\n<link rel=\"canonical\" href=\"https:\/\/tinychat.com\/de\/paltalk\/\" \/>\n<meta property=\"og:locale\" content=\"de_DE\" \/>\n<meta property=\"og:type\" content=\"article\" \/>\n<meta property=\"og:title\" content=\"Paltalk - Video Chat with Strangers &amp; Friends - TinyChat.com\" \/>\n<meta property=\"og:description\" content=\"Enjoying Paltalk? Join over 50,000,000 strangers on TinyChat! Turn on your cam and start meeting new people, or find a match.\" \/>\n<meta property=\"og:url\" content=\"https:\/\/tinychat.com\/de\/paltalk\/\" \/>\n<meta property=\"og:site_name\" content=\"TinyChat\" \/>\n<meta property=\"article:publisher\" content=\"https:\/\/www.facebook.com\/tinychat\" \/>\n<meta property=\"article:modified_time\" content=\"2025-09-29T10:48:03+00:00\" \/>\n<meta property=\"og:image\" content=\"https:\/\/tinychat.com\/wp-content\/uploads\/2020\/04\/Tinychat-logo-1280x284-new-black.png\" \/>\n\t<meta property=\"og:image:width\" content=\"1280\" \/>\n\t<meta property=\"og:image:height\" content=\"284\" \/>\n\t<meta property=\"og:image:type\" content=\"image\/png\" \/>\n<meta name=\"twitter:card\" content=\"summary_large_image\" \/>\n<meta name=\"twitter:site\" content=\"@tinychat\" \/>\n<meta name=\"twitter:label1\" content=\"Gesch\u00e4tzte Lesezeit\" \/>\n\t<meta name=\"twitter:data1\" content=\"5\u00a0Minuten\" \/>\n<script type=\"application\/ld+json\" class=\"yoast-schema-graph\">{\"@context\":\"https:\\\/\\\/schema.org\",\"@graph\":[{\"@type\":\"WebPage\",\"@id\":\"https:\\\/\\\/tinychat.com\\\/paltalk\\\/\",\"url\":\"https:\\\/\\\/tinychat.com\\\/paltalk\\\/\",\"name\":\"Paltalk - Video Chat with Strangers & Friends - TinyChat.com\",\"isPartOf\":{\"@id\":\"https:\\\/\\\/tinychat.com\\\/#website\"},\"datePublished\":\"2025-09-29T09:04:53+00:00\",\"dateModified\":\"2025-09-29T10:48:03+00:00\",\"description\":\"Enjoying Paltalk? Join over 50,000,000 strangers on TinyChat! Turn on your cam and start meeting new people, or find a match.\",\"breadcrumb\":{\"@id\":\"https:\\\/\\\/tinychat.com\\\/paltalk\\\/#breadcrumb\"},\"inLanguage\":\"de\",\"potentialAction\":[{\"@type\":\"ReadAction\",\"target\":[\"https:\\\/\\\/tinychat.com\\\/paltalk\\\/\"]}]},{\"@type\":\"BreadcrumbList\",\"@id\":\"https:\\\/\\\/tinychat.com\\\/paltalk\\\/#breadcrumb\",\"itemListElement\":[{\"@type\":\"ListItem\",\"position\":1,\"name\":\"Home\",\"item\":\"https:\\\/\\\/tinychat.com\\\/\"},{\"@type\":\"ListItem\",\"position\":2,\"name\":\"Paltalk\"}]},{\"@type\":\"WebSite\",\"@id\":\"https:\\\/\\\/tinychat.com\\\/#website\",\"url\":\"https:\\\/\\\/tinychat.com\\\/\",\"name\":\"TinyChat\",\"description\":\"Random Video Chat with Strangers\",\"publisher\":{\"@id\":\"https:\\\/\\\/tinychat.com\\\/#organization\"},\"alternateName\":\"TinyChat.com\",\"potentialAction\":[{\"@type\":\"SearchAction\",\"target\":{\"@type\":\"EntryPoint\",\"urlTemplate\":\"https:\\\/\\\/tinychat.com\\\/?s={search_term_string}\"},\"query-input\":{\"@type\":\"PropertyValueSpecification\",\"valueRequired\":true,\"valueName\":\"search_term_string\"}}],\"inLanguage\":\"de\"},{\"@type\":\"Organization\",\"@id\":\"https:\\\/\\\/tinychat.com\\\/#organization\",\"name\":\"TinyChat\",\"alternateName\":\"TinyChat.com\",\"url\":\"https:\\\/\\\/tinychat.com\\\/\",\"logo\":{\"@type\":\"ImageObject\",\"inLanguage\":\"de\",\"@id\":\"https:\\\/\\\/tinychat.com\\\/#\\\/schema\\\/logo\\\/image\\\/\",\"url\":\"https:\\\/\\\/tinychat.com\\\/wp-content\\\/uploads\\\/2023\\\/11\\\/Tinychat-icon-square.png\",\"contentUrl\":\"https:\\\/\\\/tinychat.com\\\/wp-content\\\/uploads\\\/2023\\\/11\\\/Tinychat-icon-square.png\",\"width\":284,\"height\":284,\"caption\":\"TinyChat\"},\"image\":{\"@id\":\"https:\\\/\\\/tinychat.com\\\/#\\\/schema\\\/logo\\\/image\\\/\"},\"sameAs\":[\"https:\\\/\\\/www.facebook.com\\\/tinychat\",\"https:\\\/\\\/x.com\\\/tinychat\"]}]}<\/script>\n<!-- \/ Yoast SEO plugin. -->","yoast_head_json":{"title":"Paltalk - Video-Chat mit Fremden und Freunden - TinyChat.com","description":"Gef\u00e4llt Ihnen Paltalk? Schlie\u00dfen Sie sich \u00fcber 50.000.000 Fremden auf TinyChat an! Schalte deine Kamera ein und fange an, neue Leute kennenzulernen, oder finde einen Partner.","robots":{"index":"index","follow":"follow","max-snippet":"max-snippet:-1","max-image-preview":"max-image-preview:large","max-video-preview":"max-video-preview:-1"},"canonical":"https:\/\/tinychat.com\/de\/paltalk\/","og_locale":"de_DE","og_type":"article","og_title":"Paltalk - Video Chat with Strangers & Friends - TinyChat.com","og_description":"Enjoying Paltalk? Join over 50,000,000 strangers on TinyChat! Turn on your cam and start meeting new people, or find a match.","og_url":"https:\/\/tinychat.com\/de\/paltalk\/","og_site_name":"TinyChat","article_publisher":"https:\/\/www.facebook.com\/tinychat","article_modified_time":"2025-09-29T10:48:03+00:00","og_image":[{"width":1280,"height":284,"url":"https:\/\/tinychat.com\/wp-content\/uploads\/2020\/04\/Tinychat-logo-1280x284-new-black.png","type":"image\/png"}],"twitter_card":"summary_large_image","twitter_site":"@tinychat","twitter_misc":{"Gesch\u00e4tzte Lesezeit":"5\u00a0Minuten"},"schema":{"@context":"https:\/\/schema.org","@graph":[{"@type":"WebPage","@id":"https:\/\/tinychat.com\/paltalk\/","url":"https:\/\/tinychat.com\/paltalk\/","name":"Paltalk - Video-Chat mit Fremden und Freunden - TinyChat.com","isPartOf":{"@id":"https:\/\/tinychat.com\/#website"},"datePublished":"2025-09-29T09:04:53+00:00","dateModified":"2025-09-29T10:48:03+00:00","description":"Gef\u00e4llt Ihnen Paltalk? Schlie\u00dfen Sie sich \u00fcber 50.000.000 Fremden auf TinyChat an! Schalte deine Kamera ein und fange an, neue Leute kennenzulernen, oder finde einen Partner.","breadcrumb":{"@id":"https:\/\/tinychat.com\/paltalk\/#breadcrumb"},"inLanguage":"de","potentialAction":[{"@type":"ReadAction","target":["https:\/\/tinychat.com\/paltalk\/"]}]},{"@type":"BreadcrumbList","@id":"https:\/\/tinychat.com\/paltalk\/#breadcrumb","itemListElement":[{"@type":"ListItem","position":1,"name":"Home","item":"https:\/\/tinychat.com\/"},{"@type":"ListItem","position":2,"name":"Paltalk"}]},{"@type":"WebSite","@id":"https:\/\/tinychat.com\/#website","url":"https:\/\/tinychat.com\/","name":"TinyChat","description":"Zuf\u00e4lliger Video-Chat mit Fremden","publisher":{"@id":"https:\/\/tinychat.com\/#organization"},"alternateName":"TinyChat.com","potentialAction":[{"@type":"SearchAction","target":{"@type":"EntryPoint","urlTemplate":"https:\/\/tinychat.com\/?s={search_term_string}"},"query-input":{"@type":"PropertyValueSpecification","valueRequired":true,"valueName":"search_term_string"}}],"inLanguage":"de"},{"@type":"Organization","@id":"https:\/\/tinychat.com\/#organization","name":"TinyChat","alternateName":"TinyChat.com","url":"https:\/\/tinychat.com\/","logo":{"@type":"ImageObject","inLanguage":"de","@id":"https:\/\/tinychat.com\/#\/schema\/logo\/image\/","url":"https:\/\/tinychat.com\/wp-content\/uploads\/2023\/11\/Tinychat-icon-square.png","contentUrl":"https:\/\/tinychat.com\/wp-content\/uploads\/2023\/11\/Tinychat-icon-square.png","width":284,"height":284,"caption":"TinyChat"},"image":{"@id":"https:\/\/tinychat.com\/#\/schema\/logo\/image\/"},"sameAs":["https:\/\/www.facebook.com\/tinychat","https:\/\/x.com\/tinychat"]}]}},"_links":{"self":[{"href":"https:\/\/tinychat.com\/de\/wp-json\/wp\/v2\/pages\/3141","targetHints":{"allow":["GET"]}}],"collection":[{"href":"https:\/\/tinychat.com\/de\/wp-json\/wp\/v2\/pages"}],"about":[{"href":"https:\/\/tinychat.com\/de\/wp-json\/wp\/v2\/types\/page"}],"author":[{"embeddable":true,"href":"https:\/\/tinychat.com\/de\/wp-json\/wp\/v2\/users\/6"}],"replies":[{"embeddable":true,"href":"https:\/\/tinychat.com\/de\/wp-json\/wp\/v2\/comments?post=3141"}],"version-history":[{"count":3,"href":"https:\/\/tinychat.com\/de\/wp-json\/wp\/v2\/pages\/3141\/revisions"}],"predecessor-version":[{"id":13546,"href":"https:\/\/tinychat.com\/de\/wp-json\/wp\/v2\/pages\/3141\/revisions\/13546"}],"wp:attachment":[{"href":"https:\/\/tinychat.com\/de\/wp-json\/wp\/v2\/media?parent=3141"}],"curies":[{"name":"wp","href":"https:\/\/api.w.org\/{rel}","templated":true}]}}