{"id":3158,"date":"2025-05-09T21:11:08","date_gmt":"2025-05-09T19:11:08","guid":{"rendered":"https:\/\/tinychat.com\/?page_id=3158"},"modified":"2025-06-28T15:55:44","modified_gmt":"2025-06-28T13:55:44","slug":"strangercam","status":"publish","type":"page","link":"https:\/\/tinychat.com\/de\/strangercam\/","title":{"rendered":"StrangerCam"},"content":{"rendered":"<p>StrangerCam ist eine \u00fcberzeugende Plattform f\u00fcr alle, die sofortige, anonyme Videochats mit Menschen aus der ganzen Welt suchen. Auf den ersten Blick mag es wie eine weitere beliebige Video-Chat-Website erscheinen, aber wenn man in den virtuellen Raum von StrangerCam eintritt, entdeckt man ein benutzerfreundliches, durchdachtes Erlebnis, das Einfachheit, Aufregung und Privatsph\u00e4re vereint.<\/p>\n<p>StrangerCam richtet sich sowohl an neugierige Erstbesucher als auch an erfahrene Schw\u00e4tzer und bietet eine digitale Umgebung, in der sich spontane Gespr\u00e4che und echte menschliche Interaktionen mit einem einzigen Klick entfalten. Ganz gleich, ob Sie sich die Zeit vertreiben, gemeinsam lachen oder etwas \u00fcber andere Kulturen erfahren m\u00f6chten, StrangerCam verwandelt zuf\u00e4llige Begegnungen in unvergessliche Momente.<\/p>\n<p>Das Modell von StrangerCam, f\u00fcr das keine Registrierung erforderlich ist, bietet eine Politik der offenen T\u00fcr f\u00fcr die Welt des zuf\u00e4lligen Videochats, wobei die Sicherheit der Benutzer, die Anonymit\u00e4t und eine saubere Schnittstelle im Vordergrund stehen. Auf der Plattform geht es sowohl um Verbindung als auch um Komfort, so dass die Benutzer frei chatten k\u00f6nnen, ohne sich zu verpflichten oder pers\u00f6nliche Informationen preiszugeben.<\/p>\n<h2>Hauptmerkmale von StrangerCam<\/h2>\n<p>Der Reiz von StrangerCam liegt nicht nur in dem, was es verspricht - Videokonversationen mit Fremden in Echtzeit -, sondern auch in der Art und Weise, wie es dieses Erlebnis durch durchdachte, intuitive Funktionen vermittelt. Hier ist eine Aufschl\u00fcsselung dessen, was StrangerCam in einem \u00fcberf\u00fcllten Markt von Chat-Plattformen hervorhebt.<\/p>\n<h3>Random Video Chat mit Fremden<\/h3>\n<p>Das Herzst\u00fcck von StrangerCam ist die Kernfunktionalit\u00e4t: sofortige zuf\u00e4llige Videochats. Mit einem Klick auf eine Schaltfl\u00e4che werden die Nutzer mit jemandem von \u00fcberall auf der Welt verbunden. Diese Interaktionen sind fl\u00fcchtig, ungeschrieben und erfrischend spontan - genau wie ein Gespr\u00e4ch mit einem Fremden in einem Caf\u00e9, aber mit der globalen Reichweite des Internets.<\/p>\n<p>Jede Sitzung birgt das Potenzial f\u00fcr \u00dcberraschungen und macht jeden Klick zu einem Sprung ins Ungewisse. Es ist das digitale \u00c4quivalent eines sozialen Abenteuers, und es ist 24\/7 verf\u00fcgbar.<\/p>\n<h3>Anonymit\u00e4t und Schutz der Privatsph\u00e4re<\/h3>\n<p>StrangerCam wei\u00df, dass der Schutz der Privatsph\u00e4re im Bereich des Videochats nicht verhandelbar ist. Benutzer m\u00fcssen sich nicht anmelden, kein Profil erstellen und keine pers\u00f6nlichen Daten angeben. Sie bleiben 100% anonym, es sei denn, Sie entscheiden sich, etwas w\u00e4hrend Ihrer Interaktion zu enth\u00fcllen.<\/p>\n<p>Dar\u00fcber hinaus speichert StrangerCam weder Ihre Gespr\u00e4che noch Ihre Video\u00fcbertragungen. Jede Interaktion ist live und fl\u00fcchtig, so dass Sie keinen digitalen Fu\u00dfabdruck hinterlassen. Dieses Engagement f\u00fcr die Diskretion der Nutzer ist ein zentraler Wert der Plattform.<\/p>\n<h3>Keine Registrierung, keine Downloads<\/h3>\n<p>Barrierefreiheit ist der Schl\u00fcssel, und StrangerCam beseitigt so viele Zugangsbarrieren wie m\u00f6glich. Die Plattform ist browserbasiert, d. h. Sie k\u00f6nnen direkt von Ihrem Telefon, Tablet oder Desktop aus chatten, ohne etwas herunterladen zu m\u00fcssen.<\/p>\n<p>Dieses Modell, bei dem man sich nicht anmelden und nichts installieren muss, gew\u00e4hrleistet, dass jeder - unabh\u00e4ngig von seinen technischen Kenntnissen - problemlos teilnehmen kann. Es ist so einfach, wie eine Webseite zu \u00f6ffnen, auf \"Start\" zu klicken und eine Verbindung herzustellen.<\/p>\n<h3>Geschlechtsspezifischer Filter (Premium-Funktion)<\/h3>\n<p>F\u00fcr Nutzer, die eine individuellere Erfahrung suchen, bietet StrangerCam einen Geschlechtsfilter, mit dem Sie das Geschlecht der Personen ausw\u00e4hlen k\u00f6nnen, mit denen Sie zusammengebracht werden m\u00f6chten. Diese Funktion ist zwar hinter einem Premium-Upgrade verborgen, aber sie gibt zahlenden Nutzern mehr Kontrolle \u00fcber ihre Interaktionen.<\/p>\n<p>Dies kann besonders hilfreich sein, wenn Sie bestimmte Absichten haben - ob romantisch, freundschaftlich oder einfach nur ein Gespr\u00e4ch.<\/p>\n<h3>Sofortige Wiederherstellung der Verbindung<\/h3>\n<p>StrangerCam bietet eine \"Reconnect\"-Funktion an, die es den Nutzern erm\u00f6glicht, wieder in einen Chat einzusteigen, den sie vielleicht zu fr\u00fch verlassen haben. Dies ist besonders n\u00fctzlich, wenn eine wichtige Unterhaltung aufgrund einer technischen St\u00f6rung oder eines versehentlichen Klicks unterbrochen wurde.<\/p>\n<p>In einer digitalen Welt, in der Momente fl\u00fcchtig sein k\u00f6nnen, verleiht StrangerCam zuf\u00e4lligen Verbindungen einen Hauch von Best\u00e4ndigkeit.<\/p>\n<h3>Optionen f\u00fcr Sprache und Standort<\/h3>\n<p>Um kulturelle Unterschiede zu \u00fcberbr\u00fccken oder Nutzer in der N\u00e4he ihres Wohnorts zu finden, bietet StrangerCam standortbasierte Filter und Sprachoptionen. Diese Tools helfen den Nutzern, mit anderen in Kontakt zu treten, die die gleiche Sprache sprechen oder in \u00e4hnlichen Zeitzonen leben, was zu reibungsloseren und angenehmeren Unterhaltungen f\u00fchrt.<\/p>\n<h3>Tools zur Benutzer-Moderation und Berichterstattung<\/h3>\n<p>Sicherheit ist ein grundlegendes Element der StrangerCam-Erfahrung. Die Plattform unterh\u00e4lt einen strengen Verhaltenskodex und erm\u00f6glicht es Nutzern, unangemessenes Verhalten schnell und einfach zu melden. Benutzer, die gegen die Regeln versto\u00dfen, k\u00f6nnen je nach Schweregrad ihres Verhaltens markiert, stummgeschaltet oder gesperrt werden.<\/p>\n<p>Die Moderatoren pr\u00fcfen die Meldungen der Nutzer, und das System wird auf der Grundlage des Nutzerfeedbacks st\u00e4ndig verbessert. Das Ergebnis ist eine Gemeinschaft, die Wert auf Respekt, Toleranz und Sicherheit legt.<\/p>\n<h2>So verwenden Sie StrangerCam<\/h2>\n<p>Der Einstieg in StrangerCam ist so einfach und intuitiv wie m\u00f6glich gestaltet. Egal, ob Sie ein Erstnutzer oder ein regelm\u00e4\u00dfiger Nutzer sind, der Prozess ist reibungslos und schnell. Hier ist eine kurze Anleitung zur effektiven Nutzung der Plattform.<\/p>\n<h3>1. Besuchen Sie die Website<\/h3>\n<p>Gehe zu <a href=\"https:\/\/strangercam.com\">StrangerCam<\/a> mit jedem modernen Browser. Sie brauchen sich nicht zu registrieren oder anzumelden - landen Sie einfach auf der Homepage, und schon k\u00f6nnen Sie loslegen.<\/p>\n<h3>2. Aktivieren Sie Kamera und Mikrofon<\/h3>\n<p>Wenn Sie dazu aufgefordert werden, erlauben Sie StrangerCam den Zugriff auf Ihre Webcam und Ihr Mikrofon. Diese sind f\u00fcr das Video-Chat-Erlebnis unerl\u00e4sslich. Achten Sie darauf, dass Sie sich an einem gut beleuchteten, ruhigen Ort befinden, um beste Ergebnisse zu erzielen.<\/p>\n<h3>3. Klicken Sie auf \"Start\".<\/h3>\n<p>Klicken Sie auf die Schaltfl\u00e4che \"Start\", um Ihre Reise zu beginnen. Sie werden sofort mit einem zuf\u00e4lligen Fremden zusammengebracht. Von da an h\u00e4ngt alles von der Gespr\u00e4chschemie ab.<\/p>\n<h3>4. Verwenden Sie \"Weiter\" zum \u00dcberspringen<\/h3>\n<p>Kein Vibing mit jemandem? Klicken Sie einfach auf \"Weiter\", um mit einem anderen Benutzer gepaart zu werden. StrangerCam basiert auf der Idee der schnellen Rotation und gibt dir die Freiheit, so lange zu suchen, bis du jemanden Interessantes findest.<\/p>\n<h3>5. Filter erkunden (Premium)<\/h3>\n<p>Wenn Sie auf die Premium-Version upgegradet haben, k\u00f6nnen Sie Ihr Geschlecht und Ihren Standort festlegen, um Ihre potenziellen Chat-Partner einzugrenzen. Mit dieser Funktion k\u00f6nnen Sie Ihr Erlebnis noch pers\u00f6nlicher gestalten.<\/p>\n<h3>6. Nach Bedarf melden oder sperren<\/h3>\n<p>Wenn Sie auf unangemessene Inhalte oder Verhaltensweisen sto\u00dfen, klicken Sie auf die Schaltfl\u00e4chen Melden oder Blockieren. Dadurch wird das Moderationsteam alarmiert und sichergestellt, dass die Community f\u00fcr alle sicher bleibt.<\/p>\n<h2>Benutzersicherheit und Datenschutz bei StrangerCam<\/h2>\n<p>StrangerCam ist sich bewusst, dass Komfort und Vertrauen die Grundlagen f\u00fcr eine florierende Online-Community sind. Deshalb hat StrangerCam mehrere Schutzmechanismen implementiert, um sicherzustellen, dass Sie immer die Kontrolle \u00fcber Ihr Erlebnis haben.<\/p>\n<h3>Real-Time-Moderation<\/h3>\n<p>Ein Team von engagierten Moderatoren arbeitet hinter den Kulissen, um markierte Inhalte zu \u00fcberwachen, Berichte zu untersuchen und missbr\u00e4uchliche Nutzer zu entfernen. Diese Moderatoren helfen dabei, die Gemeinschaftsrichtlinien durchzusetzen und ein respektvolles Umfeld zu erhalten.<\/p>\n<h3>Anonymes Chatten<\/h3>\n<p>StrangerCam verlangt keine pers\u00f6nlichen Informationen, so dass Sie v\u00f6llig anonym chatten k\u00f6nnen. Es gibt kein Profil, keine Benutzerhistorie und keine Chat-Archive. Du hast die Kontrolle dar\u00fcber, was du teilst und wann.<\/p>\n<h3>End-to-End-Verbindungssicherheit<\/h3>\n<p>Die Plattform verwendet sichere, verschl\u00fcsselte Verbindungen, um die Daten w\u00e4hrend der \u00dcbertragung zu sch\u00fctzen. Das bedeutet, dass Ihre Video- und Audio\u00fcbertragungen nicht abgefangen oder gespeichert werden, wodurch sowohl die Privatsph\u00e4re als auch die Leistung gesch\u00fctzt werden.<\/p>\n<h3>Bef\u00e4higung des Benutzers<\/h3>\n<p>Sie werden ermutigt, die volle Kontrolle \u00fcber Ihr Erlebnis zu \u00fcbernehmen. StrangerCam bietet zug\u00e4ngliche Tools zum \u00dcberspringen, Melden oder Blockieren von Nutzern, um sicherzustellen, dass niemand gezwungen ist, in einer unangenehmen Interaktion zu bleiben.<\/p>\n<h2>Benutzererfahrung auf StrangerCam<\/h2>\n<p>Beim Design von StrangerCam steht der Benutzer an erster Stelle. Von der minimalistischen Benutzeroberfl\u00e4che bis hin zu den schnellen Ladezeiten und den einfachen Funktionen ist jedes Element des Erlebnisses auf ein m\u00fcheloses Engagement ausgerichtet.<\/p>\n<h3>Saubere und intuitive Schnittstelle<\/h3>\n<p>Es gibt keine Pop-ups, un\u00fcbersichtliche Men\u00fcs oder erdr\u00fcckende Designelemente. Die Benutzeroberfl\u00e4che ist \u00fcbersichtlich und lenkt Ihre Aufmerksamkeit auf das Wesentliche - das Videochat-Fenster.<\/p>\n<h3>Schnelles Matching-System<\/h3>\n<p>Der Abgleich erfolgt in Sekundenschnelle. Egal, ob Sie sich von einem Desktop oder einem mobilen Ger\u00e4t aus verbinden, die Server von StrangerCam sind optimiert, um minimale Verz\u00f6gerungen und geringe Wartezeiten zu gew\u00e4hrleisten.<\/p>\n<h3>Handy-freundliches Design<\/h3>\n<p>StrangerCam ist vollst\u00e4ndig reaktionsf\u00e4hig und funktioniert reibungslos auf Smartphones und Tablets. Dies erm\u00f6glicht es den Nutzern, auch unterwegs eine Verbindung herzustellen, was die Attraktivit\u00e4t und Flexibilit\u00e4t des Systems weiter erh\u00f6ht.<\/p>\n<h3>Echtes Benutzer-Feedback<\/h3>\n<blockquote><p>\"Was mir an StrangerCam gef\u00e4llt, ist, dass ich einfach vorbeischauen kann, wann immer ich Lust zum Chatten habe. Es gibt keinen Druck, und es macht Spa\u00df, zu sehen, wen ich treffe.\"<br \/>\n- <em>Sophia R., Trustpilot<\/em><\/p><\/blockquote>\n<blockquote><p>\"Es ist tats\u00e4chlich \u00fcberraschend sauber und schnell. Nicht voll von Bots oder seltsamen Dingen wie bei einigen anderen.<br \/>\n- <em>Kenny M., Google-Review<\/em><\/p><\/blockquote>\n<blockquote><p>\"StrangerCam hat mir geholfen, w\u00e4hrend des Einschlusses Leute zu treffen, und ich schaue immer noch ab und zu rein. Die Zuf\u00e4lligkeit macht s\u00fcchtig.\"<br \/>\n- <em>Juli\u00e1n T., Reddit<\/em><\/p><\/blockquote>\n<h2>StrangerCam im Vergleich zu anderen Video-Chat-Plattformen<\/h2>\n<p>Vergleichen wir die StrangerCam mit einigen ihrer Top-Konkurrenten, um zu sehen, wie sie abschneidet:<\/p>\n<table>\n<thead>\n<tr>\n<th>Plattform<\/th>\n<th>Registrierung erforderlich<\/th>\n<th>Spiele<\/th>\n<th>Anonymit\u00e4t<\/th>\n<th>Gender-Filter<\/th>\n<th>Mobilfreundlich<\/th>\n<th>Sicherheits-Tools<\/th>\n<\/tr>\n<\/thead>\n<tbody>\n<tr>\n<td>StrangerCam<\/td>\n<td>\u274c Nein<\/td>\n<td>\u274c Nein<\/td>\n<td>\u2705 Ja<\/td>\n<td>\u2705 Premium<\/td>\n<td>\u2705 Ja<\/td>\n<td>\u2705 Ja<\/td>\n<\/tr>\n<tr>\n<td>Omegle<\/td>\n<td>\u274c Nein<\/td>\n<td>\u274c Nein<\/td>\n<td>\u2705 Ja<\/td>\n<td>\u274c Nein<\/td>\n<td>\u2705 Ja<\/td>\n<td>\u274c Grundlegend<\/td>\n<\/tr>\n<tr>\n<td>Chatroulette<\/td>\n<td>\u274c Nein<\/td>\n<td>\u274c Nein<\/td>\n<td>\u2705 Ja<\/td>\n<td>\u274c Nein<\/td>\n<td>\u2705 Ja<\/td>\n<td>\u26a0\ufe0f Begrenzt<\/td>\n<\/tr>\n<tr>\n<td>Camsurf<\/td>\n<td>\u274c Nein<\/td>\n<td>\u274c Nein<\/td>\n<td>\u2705 Ja<\/td>\n<td>\u2705 Ja<\/td>\n<td>\u2705 Ja<\/td>\n<td>\u2705 Gut<\/td>\n<\/tr>\n<tr>\n<td>Emerald Chat<\/td>\n<td>\u2705 Ja<\/td>\n<td>\u2705 Ja<\/td>\n<td>\u274c Teilweise<\/td>\n<td>\u2705 Ja<\/td>\n<td>\u2705 Ja<\/td>\n<td>\u2705 Stark<\/td>\n<\/tr>\n<\/tbody>\n<\/table>\n<p>StrangerCam schneidet in puncto Zug\u00e4nglichkeit, Einfachheit und Privatsph\u00e4re gut ab und ist damit die erste Wahl f\u00fcr Nutzer, die Wert auf schnelle, anonyme Chats ohne Ablenkung legen. Es fehlt zwar an In-App-Spielen, aber das wird durch Leistung und Benutzerfreundlichkeit ausgeglichen.<\/p>\n<h2>Tipps zur sicheren Nutzung von StrangerCam<\/h2>\n<p>Obwohl StrangerCam Ihre Sicherheit in den Vordergrund stellt, spielen auch Ihre eigenen Gewohnheiten eine gro\u00dfe Rolle. Hier sind einige wichtige Tipps:<\/p>\n<ul>\n<li>Bleiben Sie anonym. Geben Sie niemals Ihren vollst\u00e4ndigen Namen, Ihre Adresse, Ihre Telefonnummer oder andere identifizierbare Details bekannt.<\/li>\n<li>Vertrauen Sie auf Ihr Gef\u00fchl. Wenn Sie ein ungutes Gef\u00fchl haben, klicken Sie auf \"Weiter\" oder melden Sie den Benutzer.<\/li>\n<li>Bleiben Sie respektvoll. Befolgen Sie die Gemeinschaftsrichtlinien, um zu einer besseren Erfahrung f\u00fcr alle beizutragen.<\/li>\n<li>Verwenden Sie Kopfh\u00f6rer. Sie verbessern die Sprachverst\u00e4ndlichkeit und helfen Ihnen, Ihre Privatsph\u00e4re in gemeinsam genutzten R\u00e4umen zu wahren.<\/li>\n<li>Seien Sie kameratauglich. Ein gut beleuchteter Raum und ein neutraler Hintergrund verbessern die Videoqualit\u00e4t und helfen dabei, ein gutes Verh\u00e4ltnis aufzubauen.<\/li>\n<li>Verwenden Sie bei Bedarf ein VPN. F\u00fcr zus\u00e4tzliche Sicherheit k\u00f6nnen Sie Ihren Standort mit einem virtuellen privaten Netzwerk maskieren.<\/li>\n<\/ul>\n<h2>Fehlersuche bei allgemeinen Problemen<\/h2>\n<p>Selbst bei einer reibungslosen Plattform wie StrangerCam k\u00f6nnen kleinere Probleme auftreten. Hier erfahren Sie, wie Sie diese beheben k\u00f6nnen:<\/p>\n<h3>Kamera oder Mikrofon wird nicht erkannt<\/h3>\n<ul>\n<li>Vergewissern Sie sich, dass die Berechtigungen in Ihren Browsereinstellungen aktiviert sind. Starten Sie Ihr Ger\u00e4t neu, falls erforderlich.<\/li>\n<\/ul>\n<h3>Schlechte Video- oder Audioqualit\u00e4t<\/h3>\n<ul>\n<li>Schlie\u00dfen Sie Hintergrundanwendungen, wechseln Sie zu einer st\u00e4rkeren Internetverbindung, und verwenden Sie nach M\u00f6glichkeit ein externes Mikrofon oder eine Kamera.<\/li>\n<\/ul>\n<h3>Kann keine Verbindung zu StrangerCam herstellen<\/h3>\n<ul>\n<li>Versuchen Sie einen anderen Browser oder l\u00f6schen Sie Ihren Cache und Ihre Cookies. Ziehen Sie die Verwendung eines VPN in Betracht, wenn es von Ihrem Netzwerk blockiert wird.<\/li>\n<\/ul>\n<h3>Wiederholt mit denselben Benutzern zusammengebracht<\/h3>\n<ul>\n<li>Erweitern Sie Ihre Standorteinstellungen oder besuchen Sie die Website w\u00e4hrend der Hauptverkehrszeiten.<\/li>\n<\/ul>\n<h3>Unangemessenes Verhalten<\/h3>\n<ul>\n<li>Nutzen Sie sofort die Berichts- und Sperrfunktionen. Sie k\u00f6nnen die Sitzung auch aktualisieren, um Ihren Spielverlauf zur\u00fcckzusetzen.<\/li>\n<\/ul>\n<p>StrangerCam ist dort erfolgreich, wo viele zuf\u00e4llige Chat-Plattformen scheitern - es schafft ein Gleichgewicht zwischen Einfachheit, Privatsph\u00e4re und echter Verbindung. Es gibt keinen Schnickschnack, sondern nur eine saubere, schnelle und sichere Umgebung, in der Benutzer Gespr\u00e4che mit Fremden aus allen Ecken der Welt f\u00fchren k\u00f6nnen.<\/p>\n<p>Mit durchdachten Funktionen wie sofortigem Video-Pairing, anonymen Chats, Gender-Filtern und Echtzeit-Moderation bietet StrangerCam eine moderne Plattform, bei der die Nutzer die Kontrolle haben. Egal, ob Sie hier sind, um sich die Zeit zu vertreiben, einen Freund zu finden oder einfach nur ein paar spontane Scherze zu machen, StrangerCam bietet ein nahtloses, angenehmes Erlebnis.<\/p>\n<p>Also los - besuchen Sie StrangerCam, klicken Sie auf \"Start\" und sehen Sie, wen Sie als N\u00e4chstes treffen. Denn in einer Welt voller Fremder ist manchmal ein einfaches Gespr\u00e4ch alles, was man braucht, um seinen Tag zu versch\u00f6nern.<\/p>","protected":false},"excerpt":{"rendered":"<p>StrangerCam emerges as a compelling platform for those seeking instant, anonymous video chats with people from around the globe. At first glance, it may seem like just another random video chat site, but stepping into StrangerCam\u2019s virtual space reveals a user-friendly, thoughtfully designed experience that blends simplicity, excitement, and privacy. StrangerCam caters to both the [&hellip;]<\/p>\n","protected":false},"author":6,"featured_media":0,"parent":0,"menu_order":0,"comment_status":"closed","ping_status":"closed","template":"","meta":{"footnotes":""},"class_list":["post-3158","page","type-page","status-publish","hentry"],"yoast_head":"<!-- This site is optimized with the Yoast SEO plugin v27.5 - https:\/\/yoast.com\/product\/yoast-seo-wordpress\/ -->\n<title>StrangerCam - Chat with Strangers on Cam - TinyChat.com<\/title>\n<meta name=\"description\" content=\"Enjoying StrangerCam? Join over 50,000,000 strangers on TinyChat! Turn on your cam and start meeting new people, or find a match.\" \/>\n<meta name=\"robots\" content=\"index, follow, max-snippet:-1, max-image-preview:large, max-video-preview:-1\" \/>\n<link rel=\"canonical\" href=\"https:\/\/tinychat.com\/de\/strangercam\/\" \/>\n<meta property=\"og:locale\" content=\"de_DE\" \/>\n<meta property=\"og:type\" content=\"article\" \/>\n<meta property=\"og:title\" content=\"StrangerCam - Chat with Strangers on Cam - TinyChat.com\" \/>\n<meta property=\"og:description\" content=\"Enjoying StrangerCam? Join over 50,000,000 strangers on TinyChat! Turn on your cam and start meeting new people, or find a match.\" \/>\n<meta property=\"og:url\" content=\"https:\/\/tinychat.com\/de\/strangercam\/\" \/>\n<meta property=\"og:site_name\" content=\"TinyChat\" \/>\n<meta property=\"article:publisher\" content=\"https:\/\/www.facebook.com\/tinychat\" \/>\n<meta property=\"article:modified_time\" content=\"2025-06-28T13:55:44+00:00\" \/>\n<meta property=\"og:image\" content=\"https:\/\/tinychat.com\/wp-content\/uploads\/2020\/04\/Tinychat-logo-1280x284-new-black.png\" \/>\n\t<meta property=\"og:image:width\" content=\"1280\" \/>\n\t<meta property=\"og:image:height\" content=\"284\" \/>\n\t<meta property=\"og:image:type\" content=\"image\/png\" \/>\n<meta name=\"twitter:card\" content=\"summary_large_image\" \/>\n<meta name=\"twitter:site\" content=\"@tinychat\" \/>\n<meta name=\"twitter:label1\" content=\"Gesch\u00e4tzte Lesezeit\" \/>\n\t<meta name=\"twitter:data1\" content=\"8\u00a0Minuten\" \/>\n<script type=\"application\/ld+json\" class=\"yoast-schema-graph\">{\"@context\":\"https:\\\/\\\/schema.org\",\"@graph\":[{\"@type\":\"WebPage\",\"@id\":\"https:\\\/\\\/tinychat.com\\\/strangercam\\\/\",\"url\":\"https:\\\/\\\/tinychat.com\\\/strangercam\\\/\",\"name\":\"StrangerCam - Chat with Strangers on Cam - TinyChat.com\",\"isPartOf\":{\"@id\":\"https:\\\/\\\/tinychat.com\\\/#website\"},\"datePublished\":\"2025-05-09T19:11:08+00:00\",\"dateModified\":\"2025-06-28T13:55:44+00:00\",\"description\":\"Enjoying StrangerCam? Join over 50,000,000 strangers on TinyChat! Turn on your cam and start meeting new people, or find a match.\",\"breadcrumb\":{\"@id\":\"https:\\\/\\\/tinychat.com\\\/strangercam\\\/#breadcrumb\"},\"inLanguage\":\"de\",\"potentialAction\":[{\"@type\":\"ReadAction\",\"target\":[\"https:\\\/\\\/tinychat.com\\\/strangercam\\\/\"]}]},{\"@type\":\"BreadcrumbList\",\"@id\":\"https:\\\/\\\/tinychat.com\\\/strangercam\\\/#breadcrumb\",\"itemListElement\":[{\"@type\":\"ListItem\",\"position\":1,\"name\":\"Home\",\"item\":\"https:\\\/\\\/tinychat.com\\\/\"},{\"@type\":\"ListItem\",\"position\":2,\"name\":\"StrangerCam\"}]},{\"@type\":\"WebSite\",\"@id\":\"https:\\\/\\\/tinychat.com\\\/#website\",\"url\":\"https:\\\/\\\/tinychat.com\\\/\",\"name\":\"TinyChat\",\"description\":\"Random Video Chat with Strangers\",\"publisher\":{\"@id\":\"https:\\\/\\\/tinychat.com\\\/#organization\"},\"alternateName\":\"TinyChat.com\",\"potentialAction\":[{\"@type\":\"SearchAction\",\"target\":{\"@type\":\"EntryPoint\",\"urlTemplate\":\"https:\\\/\\\/tinychat.com\\\/?s={search_term_string}\"},\"query-input\":{\"@type\":\"PropertyValueSpecification\",\"valueRequired\":true,\"valueName\":\"search_term_string\"}}],\"inLanguage\":\"de\"},{\"@type\":\"Organization\",\"@id\":\"https:\\\/\\\/tinychat.com\\\/#organization\",\"name\":\"TinyChat\",\"alternateName\":\"TinyChat.com\",\"url\":\"https:\\\/\\\/tinychat.com\\\/\",\"logo\":{\"@type\":\"ImageObject\",\"inLanguage\":\"de\",\"@id\":\"https:\\\/\\\/tinychat.com\\\/#\\\/schema\\\/logo\\\/image\\\/\",\"url\":\"https:\\\/\\\/tinychat.com\\\/wp-content\\\/uploads\\\/2023\\\/11\\\/Tinychat-icon-square.png\",\"contentUrl\":\"https:\\\/\\\/tinychat.com\\\/wp-content\\\/uploads\\\/2023\\\/11\\\/Tinychat-icon-square.png\",\"width\":284,\"height\":284,\"caption\":\"TinyChat\"},\"image\":{\"@id\":\"https:\\\/\\\/tinychat.com\\\/#\\\/schema\\\/logo\\\/image\\\/\"},\"sameAs\":[\"https:\\\/\\\/www.facebook.com\\\/tinychat\",\"https:\\\/\\\/x.com\\\/tinychat\"]}]}<\/script>\n<!-- \/ Yoast SEO plugin. -->","yoast_head_json":{"title":"StrangerCam - Chatte mit Fremden auf Cam - TinyChat.com","description":"Gef\u00e4llt Ihnen StrangerCam? Schlie\u00dfe dich \u00fcber 50.000.000 Fremden auf TinyChat an! Schalte deine Cam ein und fange an, neue Leute zu treffen, oder finde einen Partner.","robots":{"index":"index","follow":"follow","max-snippet":"max-snippet:-1","max-image-preview":"max-image-preview:large","max-video-preview":"max-video-preview:-1"},"canonical":"https:\/\/tinychat.com\/de\/strangercam\/","og_locale":"de_DE","og_type":"article","og_title":"StrangerCam - Chat with Strangers on Cam - TinyChat.com","og_description":"Enjoying StrangerCam? Join over 50,000,000 strangers on TinyChat! Turn on your cam and start meeting new people, or find a match.","og_url":"https:\/\/tinychat.com\/de\/strangercam\/","og_site_name":"TinyChat","article_publisher":"https:\/\/www.facebook.com\/tinychat","article_modified_time":"2025-06-28T13:55:44+00:00","og_image":[{"width":1280,"height":284,"url":"https:\/\/tinychat.com\/wp-content\/uploads\/2020\/04\/Tinychat-logo-1280x284-new-black.png","type":"image\/png"}],"twitter_card":"summary_large_image","twitter_site":"@tinychat","twitter_misc":{"Gesch\u00e4tzte Lesezeit":"8\u00a0Minuten"},"schema":{"@context":"https:\/\/schema.org","@graph":[{"@type":"WebPage","@id":"https:\/\/tinychat.com\/strangercam\/","url":"https:\/\/tinychat.com\/strangercam\/","name":"StrangerCam - Chatte mit Fremden auf Cam - TinyChat.com","isPartOf":{"@id":"https:\/\/tinychat.com\/#website"},"datePublished":"2025-05-09T19:11:08+00:00","dateModified":"2025-06-28T13:55:44+00:00","description":"Gef\u00e4llt Ihnen StrangerCam? Schlie\u00dfe dich \u00fcber 50.000.000 Fremden auf TinyChat an! Schalte deine Cam ein und fange an, neue Leute zu treffen, oder finde einen Partner.","breadcrumb":{"@id":"https:\/\/tinychat.com\/strangercam\/#breadcrumb"},"inLanguage":"de","potentialAction":[{"@type":"ReadAction","target":["https:\/\/tinychat.com\/strangercam\/"]}]},{"@type":"BreadcrumbList","@id":"https:\/\/tinychat.com\/strangercam\/#breadcrumb","itemListElement":[{"@type":"ListItem","position":1,"name":"Home","item":"https:\/\/tinychat.com\/"},{"@type":"ListItem","position":2,"name":"StrangerCam"}]},{"@type":"WebSite","@id":"https:\/\/tinychat.com\/#website","url":"https:\/\/tinychat.com\/","name":"TinyChat","description":"Zuf\u00e4lliger Video-Chat mit Fremden","publisher":{"@id":"https:\/\/tinychat.com\/#organization"},"alternateName":"TinyChat.com","potentialAction":[{"@type":"SearchAction","target":{"@type":"EntryPoint","urlTemplate":"https:\/\/tinychat.com\/?s={search_term_string}"},"query-input":{"@type":"PropertyValueSpecification","valueRequired":true,"valueName":"search_term_string"}}],"inLanguage":"de"},{"@type":"Organization","@id":"https:\/\/tinychat.com\/#organization","name":"TinyChat","alternateName":"TinyChat.com","url":"https:\/\/tinychat.com\/","logo":{"@type":"ImageObject","inLanguage":"de","@id":"https:\/\/tinychat.com\/#\/schema\/logo\/image\/","url":"https:\/\/tinychat.com\/wp-content\/uploads\/2023\/11\/Tinychat-icon-square.png","contentUrl":"https:\/\/tinychat.com\/wp-content\/uploads\/2023\/11\/Tinychat-icon-square.png","width":284,"height":284,"caption":"TinyChat"},"image":{"@id":"https:\/\/tinychat.com\/#\/schema\/logo\/image\/"},"sameAs":["https:\/\/www.facebook.com\/tinychat","https:\/\/x.com\/tinychat"]}]}},"_links":{"self":[{"href":"https:\/\/tinychat.com\/de\/wp-json\/wp\/v2\/pages\/3158","targetHints":{"allow":["GET"]}}],"collection":[{"href":"https:\/\/tinychat.com\/de\/wp-json\/wp\/v2\/pages"}],"about":[{"href":"https:\/\/tinychat.com\/de\/wp-json\/wp\/v2\/types\/page"}],"author":[{"embeddable":true,"href":"https:\/\/tinychat.com\/de\/wp-json\/wp\/v2\/users\/6"}],"replies":[{"embeddable":true,"href":"https:\/\/tinychat.com\/de\/wp-json\/wp\/v2\/comments?post=3158"}],"version-history":[{"count":5,"href":"https:\/\/tinychat.com\/de\/wp-json\/wp\/v2\/pages\/3158\/revisions"}],"predecessor-version":[{"id":13284,"href":"https:\/\/tinychat.com\/de\/wp-json\/wp\/v2\/pages\/3158\/revisions\/13284"}],"wp:attachment":[{"href":"https:\/\/tinychat.com\/de\/wp-json\/wp\/v2\/media?parent=3158"}],"curies":[{"name":"wp","href":"https:\/\/api.w.org\/{rel}","templated":true}]}}