{"id":3171,"date":"2025-10-21T11:14:34","date_gmt":"2025-10-21T09:14:34","guid":{"rendered":"https:\/\/tinychat.com\/?page_id=3171"},"modified":"2025-10-21T13:21:20","modified_gmt":"2025-10-21T11:21:20","slug":"chatblink","status":"publish","type":"page","link":"https:\/\/tinychat.com\/de\/chatblink\/","title":{"rendered":"ChatBlink"},"content":{"rendered":"<p>In der heutigen digitalen Welt, in der so viele Apps auf Filter, Follower und Bezahlschranken angewiesen sind, zeichnet sich ChatBlink dadurch aus, dass es die Dinge einfach h\u00e4lt. Es ist eine einfache, kostenlose Zufalls-Chat-Plattform, die Menschen sofort miteinander verbindet - ohne Registrierung, ohne Downloads und ohne viel Aufhebens. Egal, ob Sie auf der Suche nach einem schnellen Chat, einem neuen Freund oder einer spontanen Videokonversation mit jemandem auf der ganzen Welt sind, ChatBlink bietet eine direkte und angenehme M\u00f6glichkeit, Kontakte zu kn\u00fcpfen.<\/p>\n<p>ChatBlink basiert auf dem Konzept der Anonymit\u00e4t und Spontaneit\u00e4t und vereint das Beste aus zuf\u00e4lligem Video-Chat und klassischer textbasierter Interaktion. Es ist Teil einer neuen Welle von Plattformen, die das soziale Online-Erlebnis offen, menschlich und unterhaltsam halten - so wie es Omegle einst war, aber mit einer reibungsloseren Technologie und einem saubereren Design.<\/p>\n<p>In diesem ausf\u00fchrlichen Bericht erfahren Sie, was ChatBlink ist, wie es funktioniert, die wichtigsten Funktionen, die Benutzererfahrung, Sicherheitsma\u00dfnahmen, Vergleiche mit anderen Plattformen und praktische Tipps, die Ihnen helfen, das Beste daraus zu machen.<\/p>\n<h2>Was ist ChatBlink?<\/h2>\n<p>ChatBlink ist eine Zufalls-Chat-Plattform, die Benutzer aus der ganzen Welt in Sekundenschnelle miteinander verbindet. Sie k\u00f6nnen per Text chatten oder Ihre Webcam aktivieren, um von Angesicht zu Angesicht zu sprechen - alles ohne ein Konto erstellen zu m\u00fcssen. Die Kernidee der Plattform ist einfach: zuf\u00e4llige, anonyme und kostenlose Kommunikation zwischen Menschen, die einfach nur reden wollen.<\/p>\n<p>Es ist f\u00fcr alle gedacht, die Spa\u00df daran haben:<\/p>\n<ul>\n<li>Ungezwungene, ungeschriebene Gespr\u00e4che.<\/li>\n<li>Neue Leute aus verschiedenen L\u00e4ndern kennenlernen.<\/li>\n<li>Chatten ohne Verpflichtungen oder lange Anmeldungen.<\/li>\n<\/ul>\n<p>Im Gegensatz zu vielen anderen Chat-Apps, die ihre Funktionen hinter Abonnements verstecken, bleibt bei ChatBlink alles offen - einfach die Seite laden, auf \u201cStart\u201d klicken und loschatten.<\/p>\n<h2>Hauptmerkmale von ChatBlink<\/h2>\n<p>Das Design des ChatBlink ist auf Geschwindigkeit, Einfachheit und Flexibilit\u00e4t ausgerichtet. Hier sind seine wichtigsten Merkmale, die ihn auszeichnen:<\/p>\n<h3>1. Zuf\u00e4lliger Video-Chat<\/h3>\n<ul>\n<li>Sofortige Verbindung mit einer fremden Person per Webcam.<\/li>\n<li>Hochwertige Videoqualit\u00e4t mit minimaler Verz\u00f6gerung.<\/li>\n<li>Funktioniert im Browser - keine Downloads erforderlich.<\/li>\n<\/ul>\n<h3>2. Text-Chat-Modus<\/h3>\n<ul>\n<li>Ideal f\u00fcr Benutzer, die lieber tippen als zu filmen.<\/li>\n<li>Ideal f\u00fcr private Gespr\u00e4che mit wenig Druck.<\/li>\n<li>Nahtloser Wechsel zwischen Text- und Videooptionen.<\/li>\n<\/ul>\n<h3>3. Sofortiger Zugang - keine Registrierung<\/h3>\n<ul>\n<li>Chatten Sie sofort, ohne ein Konto zu erstellen.<\/li>\n<li>Wahrung der Anonymit\u00e4t - keine Notwendigkeit, pers\u00f6nliche Daten weiterzugeben.<\/li>\n<\/ul>\n<h3>4. Globale Reichweite<\/h3>\n<ul>\n<li>Verbinden Sie sich mit Nutzern aus der ganzen Welt.<\/li>\n<li>Treffen Sie Menschen mit unterschiedlichen Kulturen, Sprachen und Interessen.<\/li>\n<\/ul>\n<h3>5. Schaltfl\u00e4che \"\u00dcberspringen<\/h3>\n<ul>\n<li>Wechseln Sie sofort zur n\u00e4chsten Person, wenn der Chat nicht zustande kommt.<\/li>\n<li>Die Erfahrung macht Spa\u00df und ist schnelllebig.<\/li>\n<\/ul>\n<h3>6. Mobil- und Desktop-freundlich<\/h3>\n<ul>\n<li>Funktioniert sowohl auf Smartphones als auch auf Desktops einwandfrei.<\/li>\n<li>Vollst\u00e4ndig browserbasiert - keine App erforderlich.<\/li>\n<\/ul>\n<h3>7. Einfache, moderne Schnittstelle<\/h3>\n<ul>\n<li>Sauberes, ablenkungsfreies Layout.<\/li>\n<li>Auf Benutzerfreundlichkeit und reibungslose Navigation ausgelegt.<\/li>\n<\/ul>\n<h2>So verwenden Sie ChatBlink<\/h2>\n<p>Einer der gr\u00f6\u00dften Pluspunkte des ChatBlink ist seine einfache und schnelle Handhabung.<\/p>\n<h3>Schritt 1: Besuchen Sie die Website<\/h3>\n<p>\u00d6ffnen Sie ChatBlink in Ihrem Browser - keine Downloads oder Anmeldungen erforderlich.<\/p>\n<h3>Schritt 2: W\u00e4hlen Sie Ihren Modus<\/h3>\n<p>W\u00e4hlen Sie je nach Vorliebe Text- oder Video-Chat.<\/p>\n<h3>Schritt 3: Zugriff auf Kamera und Mikrofon zulassen<\/h3>\n<p>Wenn Sie ein Video verwenden, erteilen Sie dem Browser die entsprechenden Berechtigungen, wenn Sie dazu aufgefordert werden.<\/p>\n<h3>Schritt 4: Klicken Sie auf \"Start\".<\/h3>\n<p>Sie werden sofort mit einem zuf\u00e4lligen Fremden zusammengebracht.<\/p>\n<h3>Schritt 5: Chatten, Verbinden oder \u00dcberspringen<\/h3>\n<p>Genie\u00dfen Sie das Gespr\u00e4ch - oder dr\u00fccken Sie auf \u201cWeiter\u201d, um weiterzugehen und jemand Neues kennenzulernen.<\/p>\n<p>Das ist alles, was Sie brauchen, und Sie sind in Sekundenschnelle im Chat.<\/p>\n<h2>Benutzererfahrung mit ChatBlink<\/h2>\n<p>Das ChatBlink bietet ein reibungsloses, leichtgewichtiges Erlebnis, das Benutzer anspricht, die Geschwindigkeit und Einfachheit sch\u00e4tzen.<\/p>\n<h3>Was Benutzer m\u00f6gen<\/h3>\n<ul>\n<li>Sofortiger Zugang - keine Anmeldung oder Registrierung.<\/li>\n<li>Funktioniert perfekt auf Handy und Desktop.<\/li>\n<li>Schnelle Verbindungen mit minimaler Verz\u00f6gerung.<\/li>\n<li>Kostenlos und anonym.<\/li>\n<li>Text- und Videomodus an einem Ort.<\/li>\n<\/ul>\n<h3>Wo die Nutzer Raum f\u00fcr Verbesserungen sehen<\/h3>\n<ul>\n<li>Keine Freundeslisten oder Profilfunktionen.<\/li>\n<li>Begrenzte Filter (kein Geschlecht oder Land ausw\u00e4hlbar).<\/li>\n<li>Gelegentliche Spam-Nutzer.<\/li>\n<li>Keine Funktion zur Wiederherstellung der Verbindung bei verlorenen Gespr\u00e4chen.<\/li>\n<\/ul>\n<p>Trotz dieser Abstriche bleibt das ChatBlink ein Favorit f\u00fcr Benutzer, die schnell, zwanglos und ohne Hindernisse chatten m\u00f6chten.<\/p>\n<h2>ChatBlink im Vergleich zu anderen Chat-Plattformen<\/h2>\n<p>Hier sehen Sie, wie ChatBlink im Vergleich zu anderen beliebten Chat-Seiten abschneidet:<\/p>\n<table>\n<thead>\n<tr>\n<th>Merkmal<\/th>\n<th>ChatBlink<\/th>\n<th>Omegle<\/th>\n<th>Chatroulette<\/th>\n<th>ChatHub<\/th>\n<th>Emerald Chat<\/th>\n<th>ChatRandom<\/th>\n<\/tr>\n<\/thead>\n<tbody>\n<tr>\n<td>Random Video Chat mit Fremden<\/td>\n<td>\u2705 Ja<\/td>\n<td>\u2705 Ja<\/td>\n<td>\u2705 Ja<\/td>\n<td>\u2705 Ja<\/td>\n<td>\u2705 Ja<\/td>\n<td>\u2705 Ja<\/td>\n<\/tr>\n<tr>\n<td>Text-Chat<\/td>\n<td>\u2705 Ja<\/td>\n<td>\u2705 Ja<\/td>\n<td>\u2705 Ja<\/td>\n<td>\u2705 Ja<\/td>\n<td>\u2705 Ja<\/td>\n<td>\u2705 Ja<\/td>\n<\/tr>\n<tr>\n<td>Registrierung erforderlich<\/td>\n<td>\u274c Nein<\/td>\n<td>\u274c Nein<\/td>\n<td>\u274c Nein<\/td>\n<td>\u2705 Fakultativ<\/td>\n<td>\u2705 Fakultativ<\/td>\n<td>\u2705 Fakultativ<\/td>\n<\/tr>\n<tr>\n<td>Geschlecht\/Ort-Filter<\/td>\n<td>\u274c Nein<\/td>\n<td>\u274c Nein<\/td>\n<td>\u2705 Begrenzt<\/td>\n<td>\u2705 Ja<\/td>\n<td>\u2705 Ja<\/td>\n<td>\u2705 Ja<\/td>\n<\/tr>\n<tr>\n<td>Profile\/Freundeslisten<\/td>\n<td>\u274c Nein<\/td>\n<td>\u274c Nein<\/td>\n<td>\u274c Nein<\/td>\n<td>\u2705 Ja<\/td>\n<td>\u2705 Ja<\/td>\n<td>\u2705 Ja<\/td>\n<\/tr>\n<tr>\n<td>Mobilfreundlich<\/td>\n<td>\u2705 Ja<\/td>\n<td>\u2705 Ja<\/td>\n<td>\u2705 Ja<\/td>\n<td>\u2705 Ja<\/td>\n<td>\u2705 Ja<\/td>\n<td>\u2705 Ja<\/td>\n<\/tr>\n<tr>\n<td>Freier Zugang<\/td>\n<td>\u2705 Immer<\/td>\n<td>\u2705 Immer<\/td>\n<td>\u2705 Immer<\/td>\n<td>\u2705 Ja<\/td>\n<td>\u2705 Ja<\/td>\n<td>\u2705 Ja<\/td>\n<\/tr>\n<\/tbody>\n<\/table>\n<p>Zusammenfassung: ChatBlink bietet die Einfachheit von Omegle mit der Stabilit\u00e4t moderner Plattformen wie ChatHub - perfekt f\u00fcr Benutzer, die schnelles, anonymes Chatten ohne Extras bevorzugen.<\/p>\n<h2>Ist ChatBlink sicher?<\/h2>\n<p>ChatBlink legt Wert auf den Schutz der Privatsph\u00e4re der Nutzer, indem es die Dinge anonym und ohne Registrierung h\u00e4lt. Wie bei jeder offenen Plattform h\u00e4ngt die Sicherheit jedoch von einer verantwortungsvollen Nutzung ab.<\/p>\n<h3>Eingebaute Sicherheitsmerkmale<\/h3>\n<ul>\n<li>Anonyme Chats - keine pers\u00f6nlichen Angaben erforderlich.<\/li>\n<li>Schaltfl\u00e4che \u00dcberspringen, um ein Gespr\u00e4ch sofort zu beenden.<\/li>\n<li>Chats werden nicht gespeichert oder gesichert.<\/li>\n<\/ul>\n<h3>Sicherheitstipps f\u00fcr Benutzer<\/h3>\n<ul>\n<li>Geben Sie niemals pers\u00f6nliche Informationen weiter (echter Name, Adresse oder Kontaktangaben).<\/li>\n<li>Beenden Sie Gespr\u00e4che, bei denen Sie sich unwohl f\u00fchlen.<\/li>\n<li>Vermeiden Sie es, auf Links von Fremden zu klicken.<\/li>\n<li>Eltern sollten Minderj\u00e4hrige bei der Nutzung der Plattform beaufsichtigen.<\/li>\n<li>Verwenden Sie ein VPN f\u00fcr zus\u00e4tzlichen Schutz der Privatsph\u00e4re.<\/li>\n<\/ul>\n<p>Bei verantwortungsvollem Umgang ist ChatBlink ein sicherer und unkomplizierter Weg, um online Leute zu treffen.<\/p>\n<h2>Tipps zur optimalen Nutzung von ChatBlink<\/h2>\n<ul>\n<li>Versuchen Sie es zu verschiedenen Zeiten - zu Spitzenzeiten sind mehr Nutzer aktiv.<\/li>\n<li>Verwenden Sie Kopfh\u00f6rer, um den Ton klarer zu machen und die Privatsph\u00e4re zu wahren.<\/li>\n<li>Beginnen Sie mit einfachen Themen - das hilft, das Eis zu brechen.<\/li>\n<li>Eine gute Beleuchtung macht Videochats angenehmer.<\/li>\n<li>Bleiben Sie zwanglos - vermeiden Sie es, \u00fcber Gespr\u00e4che nachzudenken.<\/li>\n<li>Wenn die Stimmung nicht stimmt, k\u00f6nnen Sie schnell wechseln - es gibt immer ein anderes Spiel.<\/li>\n<\/ul>\n<p>Diese kleinen Anpassungen k\u00f6nnen Ihre Erfahrung reibungsloser und angenehmer machen.<\/p>\n<h2>H\u00e4ufige Probleme und Korrekturen<\/h2>\n<h3>Problem: Kamera oder Mikrofon funktionieren nicht<\/h3>\n<ul>\n<li>Pr\u00fcfen Sie die Browsereinstellungen auf Berechtigungen.<\/li>\n<li>Starten Sie Ihren Browser oder Ihr Ger\u00e4t neu.<\/li>\n<li>Schlie\u00dfen Sie alle anderen Anwendungen, die Ihre Webcam verwenden.<\/li>\n<\/ul>\n<h3>Problem: Langsame Verbindung oder Verz\u00f6gerung<\/h3>\n<ul>\n<li>Wechseln Sie zu einer stabilen Wi-Fi-Verbindung.<\/li>\n<li>Schlie\u00dfen Sie bandbreitenintensive Tabs oder Hintergrundanwendungen.<\/li>\n<\/ul>\n<h3>Problem: Wenige Nutzer online<\/h3>\n<ul>\n<li>Versuchen Sie es in den regionalen Abendstunden.<\/li>\n<li>Aktualisieren Sie die Website, um Ihre Warteschlange zur\u00fcckzusetzen.<\/li>\n<\/ul>\n<h3>Problem: Spam-Empfang<\/h3>\n<ul>\n<li>Sofort \u00fcberspringen.<\/li>\n<li>Verwenden Sie Berichtstools, falls verf\u00fcgbar.<\/li>\n<\/ul>\n<h2>Warum man sich f\u00fcr ChatBlink entscheidet<\/h2>\n<p>Die Popularit\u00e4t von ChatBlink beruht auf Geschwindigkeit, Einfachheit und Authentizit\u00e4t. Es entfernt alles Unn\u00f6tige und konzentriert sich auf die reine Freude an der Verbindung mit anderen.<\/p>\n<p>Die Leute lieben es f\u00fcr:<\/p>\n<ul>\n<li>Sofortiges, anonymes Chatten.<\/li>\n<li>Keine Anmeldungen oder Logins.<\/li>\n<li>Freie Text- und Videooptionen.<\/li>\n<li>Saubere, mobilfreundliche Schnittstelle.<\/li>\n<li>Weltweite Nutzerbasis.<\/li>\n<\/ul>\n<p>Es ist eine Plattform f\u00fcr alle, die Wert auf Verbindung ohne Komplexit\u00e4t legen - etwas, das in der heutigen digitalen Welt immer seltener wird.<\/p>\n<h2>Abschlie\u00dfende \u00dcberlegungen: Lohnt sich der Einsatz des ChatBlink?<\/h2>\n<p>Wenn Sie auf der Suche nach einer schnellen, kostenlosen und anonymen Zufalls-Chat-Plattform sind, verdient ChatBlink unbedingt einen Platz auf Ihrer Liste. Es ist eine dieser Seiten, die dem treu bleibt, was den Spa\u00df am Chatten ausmacht - der Nervenkitzel, jemanden Neues zu treffen, ohne Erwartungen oder Verpflichtungen.<\/p>\n<p>Es verf\u00fcgt zwar nicht \u00fcber die erweiterten Filter oder Freundeslisten von Plattformen wie ChatHub oder Emerald Chat, aber seine Einfachheit ist seine gr\u00f6\u00dfte St\u00e4rke. Sie \u00f6ffnen es einfach, klicken auf \u201cStart\u201d und beginnen sofort mit jemandem von irgendwo auf der Welt zu sprechen.<\/p>\n<p>Ob Sie wollen oder nicht:<\/p>\n<ul>\n<li>F\u00fchren Sie ein kurzes, zuf\u00e4lliges Gespr\u00e4ch,<\/li>\n<li>Menschen aus neuen L\u00e4ndern kennenlernen, oder<\/li>\n<li>Entspannen Sie sich einfach und sprechen Sie mit jemandem, der nicht in Ihrem gewohnten Umfeld ist...<\/li>\n<\/ul>\n<p>Das ChatBlink bietet genau das.<\/p>\n<p>Kurz gesagt: ChatBlink ist eine leichtgewichtige, registrierungsfreie Chatseite, die die Nostalgie fr\u00fcherer Chatrooms mit der Geschwindigkeit moderner Videotechnologie verbindet. Es ist perfekt f\u00fcr spontane, echte Verbindungen - kostenlos, privat und jederzeit verf\u00fcgbar.<\/p>\n<p>Bereit zum Ausprobieren? Besuchen Sie ChatBlink, klicken Sie auf \u201cStart\u201d und sehen Sie, wen Sie als N\u00e4chstes treffen werden - die Gespr\u00e4che der Welt sind nur einen Klick entfernt.<\/p>","protected":false},"excerpt":{"rendered":"<p>In today\u2019s digital world, where so many apps rely on filters, followers, and paywalls, ChatBlink stands out for keeping things simple. It\u2019s an easy, free random chat platform that connects people instantly \u2014 no registration, no downloads, and no fuss. Whether you\u2019re looking for a quick chat, a new friend, or a spontaneous video conversation [&hellip;]<\/p>\n","protected":false},"author":6,"featured_media":0,"parent":0,"menu_order":0,"comment_status":"closed","ping_status":"closed","template":"","meta":{"footnotes":""},"class_list":["post-3171","page","type-page","status-publish","hentry"],"yoast_head":"<!-- This site is optimized with the Yoast SEO plugin v27.4 - https:\/\/yoast.com\/product\/yoast-seo-wordpress\/ -->\n<title>ChatBlink - Free Online Chat &amp; Meet New Friends - TinyChat.com<\/title>\n<meta name=\"description\" content=\"Enjoying ChatBlink? Join over 50,000,000 strangers on TinyChat! Turn on your cam and start meeting new people, or find a match.\" \/>\n<meta name=\"robots\" content=\"index, follow, max-snippet:-1, max-image-preview:large, max-video-preview:-1\" \/>\n<link rel=\"canonical\" href=\"https:\/\/tinychat.com\/de\/chatblink\/\" \/>\n<meta property=\"og:locale\" content=\"de_DE\" \/>\n<meta property=\"og:type\" content=\"article\" \/>\n<meta property=\"og:title\" content=\"ChatBlink - Free Online Chat &amp; Meet New Friends - TinyChat.com\" \/>\n<meta property=\"og:description\" content=\"Enjoying ChatBlink? Join over 50,000,000 strangers on TinyChat! Turn on your cam and start meeting new people, or find a match.\" \/>\n<meta property=\"og:url\" content=\"https:\/\/tinychat.com\/de\/chatblink\/\" \/>\n<meta property=\"og:site_name\" content=\"TinyChat\" \/>\n<meta property=\"article:publisher\" content=\"https:\/\/www.facebook.com\/tinychat\" \/>\n<meta property=\"article:modified_time\" content=\"2025-10-21T11:21:20+00:00\" \/>\n<meta property=\"og:image\" content=\"https:\/\/tinychat.com\/wp-content\/uploads\/2020\/04\/Tinychat-logo-1280x284-new-black.png\" \/>\n\t<meta property=\"og:image:width\" content=\"1280\" \/>\n\t<meta property=\"og:image:height\" content=\"284\" \/>\n\t<meta property=\"og:image:type\" content=\"image\/png\" \/>\n<meta name=\"twitter:card\" content=\"summary_large_image\" \/>\n<meta name=\"twitter:site\" content=\"@tinychat\" \/>\n<meta name=\"twitter:label1\" content=\"Gesch\u00e4tzte Lesezeit\" \/>\n\t<meta name=\"twitter:data1\" content=\"6\u00a0Minuten\" \/>\n<script type=\"application\/ld+json\" class=\"yoast-schema-graph\">{\"@context\":\"https:\\\/\\\/schema.org\",\"@graph\":[{\"@type\":\"WebPage\",\"@id\":\"https:\\\/\\\/tinychat.com\\\/chatblink\\\/\",\"url\":\"https:\\\/\\\/tinychat.com\\\/chatblink\\\/\",\"name\":\"ChatBlink - Free Online Chat & Meet New Friends - TinyChat.com\",\"isPartOf\":{\"@id\":\"https:\\\/\\\/tinychat.com\\\/#website\"},\"datePublished\":\"2025-10-21T09:14:34+00:00\",\"dateModified\":\"2025-10-21T11:21:20+00:00\",\"description\":\"Enjoying ChatBlink? Join over 50,000,000 strangers on TinyChat! Turn on your cam and start meeting new people, or find a match.\",\"breadcrumb\":{\"@id\":\"https:\\\/\\\/tinychat.com\\\/chatblink\\\/#breadcrumb\"},\"inLanguage\":\"de\",\"potentialAction\":[{\"@type\":\"ReadAction\",\"target\":[\"https:\\\/\\\/tinychat.com\\\/chatblink\\\/\"]}]},{\"@type\":\"BreadcrumbList\",\"@id\":\"https:\\\/\\\/tinychat.com\\\/chatblink\\\/#breadcrumb\",\"itemListElement\":[{\"@type\":\"ListItem\",\"position\":1,\"name\":\"Home\",\"item\":\"https:\\\/\\\/tinychat.com\\\/\"},{\"@type\":\"ListItem\",\"position\":2,\"name\":\"ChatBlink\"}]},{\"@type\":\"WebSite\",\"@id\":\"https:\\\/\\\/tinychat.com\\\/#website\",\"url\":\"https:\\\/\\\/tinychat.com\\\/\",\"name\":\"TinyChat\",\"description\":\"Random Video Chat with Strangers\",\"publisher\":{\"@id\":\"https:\\\/\\\/tinychat.com\\\/#organization\"},\"alternateName\":\"TinyChat.com\",\"potentialAction\":[{\"@type\":\"SearchAction\",\"target\":{\"@type\":\"EntryPoint\",\"urlTemplate\":\"https:\\\/\\\/tinychat.com\\\/?s={search_term_string}\"},\"query-input\":{\"@type\":\"PropertyValueSpecification\",\"valueRequired\":true,\"valueName\":\"search_term_string\"}}],\"inLanguage\":\"de\"},{\"@type\":\"Organization\",\"@id\":\"https:\\\/\\\/tinychat.com\\\/#organization\",\"name\":\"TinyChat\",\"alternateName\":\"TinyChat.com\",\"url\":\"https:\\\/\\\/tinychat.com\\\/\",\"logo\":{\"@type\":\"ImageObject\",\"inLanguage\":\"de\",\"@id\":\"https:\\\/\\\/tinychat.com\\\/#\\\/schema\\\/logo\\\/image\\\/\",\"url\":\"https:\\\/\\\/tinychat.com\\\/wp-content\\\/uploads\\\/2023\\\/11\\\/Tinychat-icon-square.png\",\"contentUrl\":\"https:\\\/\\\/tinychat.com\\\/wp-content\\\/uploads\\\/2023\\\/11\\\/Tinychat-icon-square.png\",\"width\":284,\"height\":284,\"caption\":\"TinyChat\"},\"image\":{\"@id\":\"https:\\\/\\\/tinychat.com\\\/#\\\/schema\\\/logo\\\/image\\\/\"},\"sameAs\":[\"https:\\\/\\\/www.facebook.com\\\/tinychat\",\"https:\\\/\\\/x.com\\\/tinychat\"]}]}<\/script>\n<!-- \/ Yoast SEO plugin. -->","yoast_head_json":{"title":"ChatBlink - Kostenloser Online-Chat &amp; neue Freunde treffen - TinyChat.com","description":"Gef\u00e4llt Ihnen ChatBlink? Schlie\u00dfen Sie sich \u00fcber 50.000.000 Fremden auf TinyChat an! Schalte deine Kamera ein und fange an, neue Leute zu treffen, oder finde einen Partner.","robots":{"index":"index","follow":"follow","max-snippet":"max-snippet:-1","max-image-preview":"max-image-preview:large","max-video-preview":"max-video-preview:-1"},"canonical":"https:\/\/tinychat.com\/de\/chatblink\/","og_locale":"de_DE","og_type":"article","og_title":"ChatBlink - Free Online Chat & Meet New Friends - TinyChat.com","og_description":"Enjoying ChatBlink? Join over 50,000,000 strangers on TinyChat! Turn on your cam and start meeting new people, or find a match.","og_url":"https:\/\/tinychat.com\/de\/chatblink\/","og_site_name":"TinyChat","article_publisher":"https:\/\/www.facebook.com\/tinychat","article_modified_time":"2025-10-21T11:21:20+00:00","og_image":[{"width":1280,"height":284,"url":"https:\/\/tinychat.com\/wp-content\/uploads\/2020\/04\/Tinychat-logo-1280x284-new-black.png","type":"image\/png"}],"twitter_card":"summary_large_image","twitter_site":"@tinychat","twitter_misc":{"Gesch\u00e4tzte Lesezeit":"6\u00a0Minuten"},"schema":{"@context":"https:\/\/schema.org","@graph":[{"@type":"WebPage","@id":"https:\/\/tinychat.com\/chatblink\/","url":"https:\/\/tinychat.com\/chatblink\/","name":"ChatBlink - Kostenloser Online-Chat &amp; neue Freunde treffen - TinyChat.com","isPartOf":{"@id":"https:\/\/tinychat.com\/#website"},"datePublished":"2025-10-21T09:14:34+00:00","dateModified":"2025-10-21T11:21:20+00:00","description":"Gef\u00e4llt Ihnen ChatBlink? Schlie\u00dfen Sie sich \u00fcber 50.000.000 Fremden auf TinyChat an! Schalte deine Kamera ein und fange an, neue Leute zu treffen, oder finde einen Partner.","breadcrumb":{"@id":"https:\/\/tinychat.com\/chatblink\/#breadcrumb"},"inLanguage":"de","potentialAction":[{"@type":"ReadAction","target":["https:\/\/tinychat.com\/chatblink\/"]}]},{"@type":"BreadcrumbList","@id":"https:\/\/tinychat.com\/chatblink\/#breadcrumb","itemListElement":[{"@type":"ListItem","position":1,"name":"Home","item":"https:\/\/tinychat.com\/"},{"@type":"ListItem","position":2,"name":"ChatBlink"}]},{"@type":"WebSite","@id":"https:\/\/tinychat.com\/#website","url":"https:\/\/tinychat.com\/","name":"TinyChat","description":"Zuf\u00e4lliger Video-Chat mit Fremden","publisher":{"@id":"https:\/\/tinychat.com\/#organization"},"alternateName":"TinyChat.com","potentialAction":[{"@type":"SearchAction","target":{"@type":"EntryPoint","urlTemplate":"https:\/\/tinychat.com\/?s={search_term_string}"},"query-input":{"@type":"PropertyValueSpecification","valueRequired":true,"valueName":"search_term_string"}}],"inLanguage":"de"},{"@type":"Organization","@id":"https:\/\/tinychat.com\/#organization","name":"TinyChat","alternateName":"TinyChat.com","url":"https:\/\/tinychat.com\/","logo":{"@type":"ImageObject","inLanguage":"de","@id":"https:\/\/tinychat.com\/#\/schema\/logo\/image\/","url":"https:\/\/tinychat.com\/wp-content\/uploads\/2023\/11\/Tinychat-icon-square.png","contentUrl":"https:\/\/tinychat.com\/wp-content\/uploads\/2023\/11\/Tinychat-icon-square.png","width":284,"height":284,"caption":"TinyChat"},"image":{"@id":"https:\/\/tinychat.com\/#\/schema\/logo\/image\/"},"sameAs":["https:\/\/www.facebook.com\/tinychat","https:\/\/x.com\/tinychat"]}]}},"_links":{"self":[{"href":"https:\/\/tinychat.com\/de\/wp-json\/wp\/v2\/pages\/3171","targetHints":{"allow":["GET"]}}],"collection":[{"href":"https:\/\/tinychat.com\/de\/wp-json\/wp\/v2\/pages"}],"about":[{"href":"https:\/\/tinychat.com\/de\/wp-json\/wp\/v2\/types\/page"}],"author":[{"embeddable":true,"href":"https:\/\/tinychat.com\/de\/wp-json\/wp\/v2\/users\/6"}],"replies":[{"embeddable":true,"href":"https:\/\/tinychat.com\/de\/wp-json\/wp\/v2\/comments?post=3171"}],"version-history":[{"count":3,"href":"https:\/\/tinychat.com\/de\/wp-json\/wp\/v2\/pages\/3171\/revisions"}],"predecessor-version":[{"id":13562,"href":"https:\/\/tinychat.com\/de\/wp-json\/wp\/v2\/pages\/3171\/revisions\/13562"}],"wp:attachment":[{"href":"https:\/\/tinychat.com\/de\/wp-json\/wp\/v2\/media?parent=3171"}],"curies":[{"name":"wp","href":"https:\/\/api.w.org\/{rel}","templated":true}]}}