{"id":3266,"date":"2025-09-29T11:39:15","date_gmt":"2025-09-29T09:39:15","guid":{"rendered":"https:\/\/tinychat.com\/?page_id=3266"},"modified":"2025-09-29T12:44:51","modified_gmt":"2025-09-29T10:44:51","slug":"imeetzu","status":"publish","type":"page","link":"https:\/\/tinychat.com\/de\/imeetzu\/","title":{"rendered":"iMeetzu"},"content":{"rendered":"<p>Der Aufstieg von Video-Chat-Plattformen hat die Art und Weise, wie Menschen online miteinander in Kontakt treten, ver\u00e4ndert. W\u00e4hrend soziale Netzwerke uns an Freunde binden, die wir bereits kennen, bieten Plattformen wie Omegle, Chatroulette und Chatrandom den Nervenkitzel, mit nur einem Klick v\u00f6llig Fremde zu treffen. Zu den weniger bekannten, aber dennoch einflussreichen Plattformen in diesem Bereich geh\u00f6rt iMeetzu, ein Dienst, der zuf\u00e4llige Chat-Funktionen mit sozialen Netzwerken verbindet und so ein Erlebnis schafft, das \u00fcber fl\u00fcchtige Begegnungen hinausgeht.<\/p>\n<p>Egal, ob Sie einen schnellen Text-Chat, einen spontanen Videoanruf oder sogar eine dauerhafte Freundschaft suchen, iMeetzu bietet eine Mischung aus Zuf\u00e4lligkeit und Gemeinschaft, die es im wettbewerbsorientierten Chat-Bereich relevant h\u00e4lt.<\/p>\n<p>In diesem ausf\u00fchrlichen Bericht erfahren Sie, was das iMeetzu ist, welche Funktionen es hat, wie es zu verwenden ist, welche Erfahrungen der Benutzer gemacht hat, welche Vergleiche m\u00f6glich sind, welche Sicherheitstipps es gibt und welche Ratschl\u00e4ge Sie brauchen, um es optimal zu nutzen.<\/p>\n<h2>Was ist iMeetzu?<\/h2>\n<p>iMeetzu ist eine Zufalls-Chat-Plattform, die Funktionen im Stil von Omegle mit denen von sozialen Netzwerken kombiniert. Im Kern erm\u00f6glicht es Nutzern, sofort mit Fremden zu chatten - per Text oder Video. Aber im Gegensatz zu vielen Einzel-Chat-Dienste, iMeetzu umfasst auch:<\/p>\n<ul>\n<li>\u00d6ffentliche Chatrooms<\/li>\n<li>Freundeslisten<\/li>\n<li>Benutzerprofile<\/li>\n<\/ul>\n<p>Dieser hybride Ansatz macht es vielseitiger als minimalistische Plattformen. Anstatt nur zuf\u00e4llige Begegnungen anzubieten, bietet iMeetzu Werkzeuge, um mit Menschen in Verbindung zu bleiben, die man mag, und verleiht der Plattform eine soziale Dimension.<\/p>\n<h2>Hauptmerkmale von iMeetzu<\/h2>\n<p>Das iMeetzu bietet eine breite Palette von Funktionen f\u00fcr Gelegenheitsnutzer und f\u00fcr diejenigen, die etwas L\u00e4ngerfristiges suchen.<\/p>\n<h3>1. Zuf\u00e4lliger Text-Chat<\/h3>\n<ul>\n<li>Sofortige Einzelgespr\u00e4che mit Fremden.<\/li>\n<li>Funktioniert wie der klassische Nur-Text-Modus des Omegle.<\/li>\n<li>Ideal f\u00fcr schnelle, druckarme Interaktionen.<\/li>\n<\/ul>\n<h3>2. Zuf\u00e4lliger Video-Chat<\/h3>\n<ul>\n<li>Gespr\u00e4che von Angesicht zu Angesicht mit Fremden.<\/li>\n<li>Unterst\u00fctzung von Webcam und Mikrofon.<\/li>\n<li>Mit der Schaltfl\u00e4che \u00dcberspringen k\u00f6nnen Sie sofort weitermachen.<\/li>\n<\/ul>\n<h3>3. \u00d6ffentliche Chatrooms<\/h3>\n<ul>\n<li>Gruppenr\u00e4ume, in denen mehrere Benutzer miteinander sprechen k\u00f6nnen.<\/li>\n<li>Ideal, um mehrere Personen gleichzeitig zu treffen.<\/li>\n<li>Deckt eine Vielzahl von Themen und Interessen ab.<\/li>\n<\/ul>\n<h3>4. Benutzerprofile &amp; Freunde<\/h3>\n<ul>\n<li>Im Gegensatz zu reinen Zufallsplattformen k\u00f6nnen Sie bei iMeetzu ein Profil erstellen.<\/li>\n<li>F\u00fcgen Sie Personen als Freunde hinzu, um Unterhaltungen sp\u00e4ter fortzusetzen.<\/li>\n<li>Profile geben dem Ganzen den Charakter eines \"sozialen Netzwerks\".<\/li>\n<\/ul>\n<h3>5. Mobile Kompatibilit\u00e4t<\/h3>\n<ul>\n<li>Funktioniert in mobilen Browsern.<\/li>\n<li>Bietet app-\u00e4hnliche Funktionen f\u00fcr einen einfacheren Zugriff.<\/li>\n<\/ul>\n<h3>6. Frei zu verwenden<\/h3>\n<ul>\n<li>Die Hauptfunktionen sind kostenlos, und es gibt keine obligatorischen Abonnements.<\/li>\n<\/ul>\n<h2>So verwenden Sie iMeetzu<\/h2>\n<p>Das iMeetzu ist anf\u00e4ngerfreundlich gestaltet. Hier erfahren Sie, wie Sie loslegen k\u00f6nnen:<\/p>\n<h3>Schritt 1: Besuchen Sie die Website<\/h3>\n<ul>\n<li>\u00d6ffnen Sie iMeetzu in Ihrem Browser (Desktop oder Handy).<\/li>\n<\/ul>\n<h3>Schritt 2: W\u00e4hlen Sie einen Modus<\/h3>\n<ul>\n<li>Text-Chat: F\u00fcr Unterhaltungen durch Tippen.<\/li>\n<li>Video-Chat: F\u00fcr Begegnungen von Angesicht zu Angesicht.<\/li>\n<li>Chatr\u00e4ume: F\u00fcr Gruppendiskussionen.<\/li>\n<\/ul>\n<h3>Schritt 3: Berechtigungen zulassen (optional)<\/h3>\n<ul>\n<li>Wenn Sie Video verwenden, gew\u00e4hren Sie Zugang zu Ihrer Kamera und Ihrem Mikrofon.<\/li>\n<\/ul>\n<h3>Schritt 4: Chatten beginnen<\/h3>\n<ul>\n<li>Sie werden sofort mit einem Fremden gepaart.<\/li>\n<li>F\u00fcgen Sie Freunde hinzu, wenn Sie sich sp\u00e4ter weiter unterhalten m\u00f6chten.<\/li>\n<\/ul>\n<h3>Schritt 5: Weiter erforschen<\/h3>\n<ul>\n<li>Wechseln Sie zwischen zuf\u00e4lligem Chat, Chatr\u00e4umen und Ihrer Freundesliste.<\/li>\n<\/ul>\n<p>Damit ist das iMeetzu vielseitiger als Plattformen, die nur einen Chat-Modus anbieten.<\/p>\n<h2>Benutzererfahrung mit iMeetzu<\/h2>\n<p>iMeetzu zeichnet sich durch seine Mischung aus Zuf\u00e4lligkeit und Gemeinschaft aus.<\/p>\n<h3>Was Benutzer m\u00f6gen<\/h3>\n<ul>\n<li>Kombiniert zuf\u00e4lligen Chat mit sozialen Funktionen.<\/li>\n<li>Die M\u00f6glichkeit, Freunde hinzuzuf\u00fcgen und Profile zu erstellen.<\/li>\n<li>Mehrere Chat-Modi (Text, Video, Gruppe).<\/li>\n<li>Die Nutzung ist kostenlos und unterliegt keinen gr\u00f6\u00dferen Einschr\u00e4nkungen.<\/li>\n<\/ul>\n<h3>Wo die Nutzer Raum f\u00fcr Verbesserungen sehen<\/h3>\n<ul>\n<li>Die Oberfl\u00e4che wirkt im Vergleich zu modernen Anwendungen veraltet.<\/li>\n<li>Kleinerer Nutzerkreis als Omegle oder Chatroulette.<\/li>\n<li>Die Qualit\u00e4t der Spiele variiert je nach Tageszeit.<\/li>\n<li>Nicht so mobil-optimiert wie neuere Wettbewerber.<\/li>\n<\/ul>\n<p>F\u00fcr viele Nutzer ist iMeetzu mit seinem Freundesystem und den Chatr\u00e4umen jedoch interessanter als Plattformen, die nur zuf\u00e4llige Paare anbieten.<\/p>\n<h2>iMeetzu im Vergleich zu anderen Plattformen<\/h2>\n<p>Hier sehen Sie, wie das iMeetzu im Vergleich zur Konkurrenz abschneidet:<\/p>\n<table>\n<thead>\n<tr>\n<th>Merkmal<\/th>\n<th>iMeetzu<\/th>\n<th>Omegle<\/th>\n<th>Chatroulette<\/th>\n<th>ChatHub<\/th>\n<th>Emerald Chat<\/th>\n<th>Y99<\/th>\n<\/tr>\n<\/thead>\n<tbody>\n<tr>\n<td>Zuf\u00e4lliger Text-Chat<\/td>\n<td>\u2705 Ja<\/td>\n<td>\u2705 Ja<\/td>\n<td>\u2705 Ja<\/td>\n<td>\u2705 Ja<\/td>\n<td>\u2705 Ja<\/td>\n<td>\u2705 Ja<\/td>\n<\/tr>\n<tr>\n<td>Random Video Chat mit Fremden<\/td>\n<td>\u2705 Ja<\/td>\n<td>\u2705 Ja<\/td>\n<td>\u2705 Ja<\/td>\n<td>\u2705 Ja<\/td>\n<td>\u2705 Ja<\/td>\n<td>\u2705 Ja<\/td>\n<\/tr>\n<tr>\n<td>\u00d6ffentliche Chatrooms<\/td>\n<td>\u2705 Ja<\/td>\n<td>\u274c Nein<\/td>\n<td>\u274c Nein<\/td>\n<td>\u274c Nein<\/td>\n<td>\u274c Nein<\/td>\n<td>\u2705 Ja<\/td>\n<\/tr>\n<tr>\n<td>Benutzerprofile &amp; Freunde<\/td>\n<td>\u2705 Ja<\/td>\n<td>\u274c Nein<\/td>\n<td>\u274c Nein<\/td>\n<td>\u2705 Ja<\/td>\n<td>\u2705 Ja<\/td>\n<td>\u2705 Ja<\/td>\n<\/tr>\n<tr>\n<td>Anonymit\u00e4t<\/td>\n<td>\u2705 M\u00e4\u00dfig<\/td>\n<td>\u2705 Stark<\/td>\n<td>\u2705 Stark<\/td>\n<td>\u2705 M\u00e4\u00dfig<\/td>\n<td>\u2705 M\u00e4\u00dfig<\/td>\n<td>\u2705 M\u00e4\u00dfig<\/td>\n<\/tr>\n<tr>\n<td>Mobile App<\/td>\n<td>\u2705 Teilweise<\/td>\n<td>\u2705 Ja<\/td>\n<td>\u2705 Ja<\/td>\n<td>\u2705 Ja<\/td>\n<td>\u2705 Ja<\/td>\n<td>\u274c Nein<\/td>\n<\/tr>\n<\/tbody>\n<\/table>\n<p>Zusammenfassung: iMeetzu liegt zwischen Omegle-Zuf\u00e4lligkeit und Y99-Gemeinschaftsbildung und bietet sowohl Sofort-Chats als auch langfristige soziale Optionen.<\/p>\n<h2>Ist iMeetzu sicher?<\/h2>\n<p>Wie jede Plattform, die Fremde miteinander verbindet, hat iMeetzu sowohl Vor- als auch Nachteile, wenn es um die Sicherheit geht.<\/p>\n<h3>Eingebaute Sicherheits-Tools<\/h3>\n<ul>\n<li>\u00dcberspringen-Taste zum sofortigen Verlassen von Gespr\u00e4chen.<\/li>\n<li>Melde-\/Sperrfunktionen f\u00fcr unangemessenes Verhalten.<\/li>\n<li>Das Profilsystem erm\u00f6glicht Ihnen die Verwaltung von Freunden.<\/li>\n<\/ul>\n<h3>Sicherheitstipps f\u00fcr Benutzer<\/h3>\n<ul>\n<li>Geben Sie keine pers\u00f6nlichen Informationen an Fremde weiter.<\/li>\n<li>Bleiben Sie bei lockeren Themen in zuf\u00e4lligen Chats.<\/li>\n<li>Eltern sollten j\u00fcngere Benutzer beaufsichtigen.<\/li>\n<li>Verwenden Sie private Nachrichten nur mit vertrauensw\u00fcrdigen Freunden.<\/li>\n<li>Erw\u00e4gen Sie die Verwendung eines VPN f\u00fcr zus\u00e4tzlichen Datenschutz.<\/li>\n<\/ul>\n<h2>Tipps zur optimalen Nutzung von iMeetzu<\/h2>\n<ul>\n<li>Probieren Sie verschiedene Modi aus - wechseln Sie zwischen Text-, Video- und Chatr\u00e4umen.<\/li>\n<li>F\u00fcgen Sie interessante Personen zu Ihrer Freundesliste hinzu, um dauerhafte Verbindungen aufzubauen.<\/li>\n<li>Die beste Stabilit\u00e4t und Videoqualit\u00e4t erhalten Sie auf dem Desktop.<\/li>\n<li>Seien Sie zwanglos und unterhaltsam - zuf\u00e4llige Chats funktionieren am besten mit leichten Themen.<\/li>\n<li>Benutzen Sie die Schaltfl\u00e4che \"\u00dcberspringen\" nach Belieben - nicht jeder Chat ist geeignet.<\/li>\n<li>Erkunden Sie Chatrooms - sie haben oft aktive, themenbezogene Gemeinschaften.<\/li>\n<\/ul>\n<h2>H\u00e4ufige Probleme und Korrekturen<\/h2>\n<h3>Problem: Video funktioniert nicht<\/h3>\n<ul>\n<li>Pr\u00fcfen Sie die Browser-Berechtigungen.<\/li>\n<li>Starten Sie das Ger\u00e4t oder den Browser neu.<\/li>\n<\/ul>\n<h3>Problem: Wenige Streichh\u00f6lzer verf\u00fcgbar<\/h3>\n<ul>\n<li>Versuchen Sie es zu den Sto\u00dfzeiten (abends\/am Wochenende).<\/li>\n<li>Nehmen Sie an Chatrooms teil, um sich aktiver einzubringen.<\/li>\n<\/ul>\n<h3>Problem: Schlechte Schnittstelle auf dem Handy<\/h3>\n<ul>\n<li>Verwenden Sie den Desktop f\u00fcr eine reibungslosere Navigation.<\/li>\n<li>Oder aktivieren Sie den \"Desktop-Modus\" des mobilen Browsers.<\/li>\n<\/ul>\n<h3>Problem: Spam oder Bots<\/h3>\n<ul>\n<li>Sofort \u00fcberspringen.<\/li>\n<li>Melden Sie verd\u00e4chtige Konten.<\/li>\n<\/ul>\n<h2>Warum man sich f\u00fcr iMeetzu entscheidet<\/h2>\n<p>Die Menschen entscheiden sich f\u00fcr iMeetzu, weil es bietet:<\/p>\n<ul>\n<li>Vielfalt - Text, Video und Chatrooms an einem Ort.<\/li>\n<li>Freundeslisten und Profile in der Community f\u00fcr kontinuierliche Kontakte.<\/li>\n<li>Einfachheit - keine komplizierte Einrichtung, kostenlose Nutzung.<\/li>\n<li>Balance - zuf\u00e4lliger Spa\u00df und strukturierte Interaktion.<\/li>\n<\/ul>\n<p>Es f\u00e4ngt die Aufregung des zuf\u00e4lligen Chats ein und f\u00fcgt gleichzeitig eine soziale Ebene f\u00fcr dauerhafte Verbindungen hinzu.<\/p>\n<h2>Abschlie\u00dfende \u00dcberlegungen: Lohnt sich der Einsatz des iMeetzu?<\/h2>\n<p>Wenn Sie auf der Suche nach einer Plattform sind, die mehr bietet als nur fl\u00fcchtige Zufalls-Chats, ist iMeetzu einen Versuch wert. Es kombiniert die Spontaneit\u00e4t von Omegle mit dem Community-Charakter von Y99 oder Wireclub und ist damit vielseitig f\u00fcr verschiedene Nutzertypen geeignet.<\/p>\n<p>Ob Sie wollen oder nicht:<\/p>\n<ul>\n<li>Verbringen Sie die Zeit mit zuf\u00e4lligen Text- oder Videochats.<\/li>\n<li>Nehmen Sie an lebhaften \u00f6ffentlichen Chatrooms teil.<\/li>\n<li>Oder Freundschaften \u00fcber Profile und Freundeslisten aufbauen...<\/li>\n<\/ul>\n<p>Das iMeetzu bietet all dies in einem einzigen Paket.<\/p>\n<p>Kurz gesagt: iMeetzu ist eine Mischung aus Zufalls-Chat und sozialer Plattform, die den Nutzern sowohl sofortige Begegnungen als auch langfristige Verbindungen erm\u00f6glicht. Wenn Sie mehr Flexibilit\u00e4t als Omegle, aber weniger Struktur als vollst\u00e4ndige soziale Netzwerke w\u00fcnschen, ist es ein ausgezeichneter Mittelweg.<\/p>\n<p>Bereit zum Ausprobieren? Besuchen Sie iMeetzu, fangen Sie an zu chatten, und sehen Sie, wohin Ihre n\u00e4chste Verbindung Sie f\u00fchrt.<\/p>","protected":false},"excerpt":{"rendered":"<p>The rise of random video chat platforms has reshaped how people connect online. While social networks keep us tied to friends we already know, platforms like Omegle, Chatroulette, and Chatrandom introduced the thrill of meeting complete strangers with just one click. Among the lesser-known but still impactful platforms in this space is iMeetzu, a service [&hellip;]<\/p>\n","protected":false},"author":6,"featured_media":0,"parent":0,"menu_order":0,"comment_status":"closed","ping_status":"closed","template":"","meta":{"footnotes":""},"class_list":["post-3266","page","type-page","status-publish","hentry"],"yoast_head":"<!-- This site is optimized with the Yoast SEO plugin v27.6 - https:\/\/yoast.com\/product\/yoast-seo-wordpress\/ -->\n<title>iMeetzu - Chatroulette &amp; Omegle Alternative - TinyChat.com<\/title>\n<meta name=\"description\" content=\"Enjoying iMeetzu? Join over 50,000,000 strangers on TinyChat! Turn on your cam and start meeting new people, or find a match.\" \/>\n<meta name=\"robots\" content=\"index, follow, max-snippet:-1, max-image-preview:large, max-video-preview:-1\" \/>\n<link rel=\"canonical\" href=\"https:\/\/tinychat.com\/de\/imeetzu\/\" \/>\n<meta property=\"og:locale\" content=\"de_DE\" \/>\n<meta property=\"og:type\" content=\"article\" \/>\n<meta property=\"og:title\" content=\"iMeetzu - Chatroulette &amp; Omegle Alternative - TinyChat.com\" \/>\n<meta property=\"og:description\" content=\"Enjoying iMeetzu? Join over 50,000,000 strangers on TinyChat! Turn on your cam and start meeting new people, or find a match.\" \/>\n<meta property=\"og:url\" content=\"https:\/\/tinychat.com\/de\/imeetzu\/\" \/>\n<meta property=\"og:site_name\" content=\"TinyChat\" \/>\n<meta property=\"article:publisher\" content=\"https:\/\/www.facebook.com\/tinychat\" \/>\n<meta property=\"article:modified_time\" content=\"2025-09-29T10:44:51+00:00\" \/>\n<meta property=\"og:image\" content=\"https:\/\/tinychat.com\/wp-content\/uploads\/2020\/04\/Tinychat-logo-1280x284-new-black.png\" \/>\n\t<meta property=\"og:image:width\" content=\"1280\" \/>\n\t<meta property=\"og:image:height\" content=\"284\" \/>\n\t<meta property=\"og:image:type\" content=\"image\/png\" \/>\n<meta name=\"twitter:card\" content=\"summary_large_image\" \/>\n<meta name=\"twitter:site\" content=\"@tinychat\" \/>\n<meta name=\"twitter:label1\" content=\"Gesch\u00e4tzte Lesezeit\" \/>\n\t<meta name=\"twitter:data1\" content=\"5\u00a0Minuten\" \/>\n<script type=\"application\/ld+json\" class=\"yoast-schema-graph\">{\"@context\":\"https:\\\/\\\/schema.org\",\"@graph\":[{\"@type\":\"WebPage\",\"@id\":\"https:\\\/\\\/tinychat.com\\\/imeetzu\\\/\",\"url\":\"https:\\\/\\\/tinychat.com\\\/imeetzu\\\/\",\"name\":\"iMeetzu - Chatroulette & Omegle Alternative - TinyChat.com\",\"isPartOf\":{\"@id\":\"https:\\\/\\\/tinychat.com\\\/#website\"},\"datePublished\":\"2025-09-29T09:39:15+00:00\",\"dateModified\":\"2025-09-29T10:44:51+00:00\",\"description\":\"Enjoying iMeetzu? Join over 50,000,000 strangers on TinyChat! Turn on your cam and start meeting new people, or find a match.\",\"breadcrumb\":{\"@id\":\"https:\\\/\\\/tinychat.com\\\/imeetzu\\\/#breadcrumb\"},\"inLanguage\":\"de\",\"potentialAction\":[{\"@type\":\"ReadAction\",\"target\":[\"https:\\\/\\\/tinychat.com\\\/imeetzu\\\/\"]}]},{\"@type\":\"BreadcrumbList\",\"@id\":\"https:\\\/\\\/tinychat.com\\\/imeetzu\\\/#breadcrumb\",\"itemListElement\":[{\"@type\":\"ListItem\",\"position\":1,\"name\":\"Home\",\"item\":\"https:\\\/\\\/tinychat.com\\\/\"},{\"@type\":\"ListItem\",\"position\":2,\"name\":\"iMeetzu\"}]},{\"@type\":\"WebSite\",\"@id\":\"https:\\\/\\\/tinychat.com\\\/#website\",\"url\":\"https:\\\/\\\/tinychat.com\\\/\",\"name\":\"TinyChat\",\"description\":\"Random Video Chat with Strangers\",\"publisher\":{\"@id\":\"https:\\\/\\\/tinychat.com\\\/#organization\"},\"alternateName\":\"TinyChat.com\",\"potentialAction\":[{\"@type\":\"SearchAction\",\"target\":{\"@type\":\"EntryPoint\",\"urlTemplate\":\"https:\\\/\\\/tinychat.com\\\/?s={search_term_string}\"},\"query-input\":{\"@type\":\"PropertyValueSpecification\",\"valueRequired\":true,\"valueName\":\"search_term_string\"}}],\"inLanguage\":\"de\"},{\"@type\":\"Organization\",\"@id\":\"https:\\\/\\\/tinychat.com\\\/#organization\",\"name\":\"TinyChat\",\"alternateName\":\"TinyChat.com\",\"url\":\"https:\\\/\\\/tinychat.com\\\/\",\"logo\":{\"@type\":\"ImageObject\",\"inLanguage\":\"de\",\"@id\":\"https:\\\/\\\/tinychat.com\\\/#\\\/schema\\\/logo\\\/image\\\/\",\"url\":\"https:\\\/\\\/tinychat.com\\\/wp-content\\\/uploads\\\/2023\\\/11\\\/Tinychat-icon-square.png\",\"contentUrl\":\"https:\\\/\\\/tinychat.com\\\/wp-content\\\/uploads\\\/2023\\\/11\\\/Tinychat-icon-square.png\",\"width\":284,\"height\":284,\"caption\":\"TinyChat\"},\"image\":{\"@id\":\"https:\\\/\\\/tinychat.com\\\/#\\\/schema\\\/logo\\\/image\\\/\"},\"sameAs\":[\"https:\\\/\\\/www.facebook.com\\\/tinychat\",\"https:\\\/\\\/x.com\\\/tinychat\"]}]}<\/script>\n<!-- \/ Yoast SEO plugin. -->","yoast_head_json":{"title":"iMeetzu - Chatroulette &amp; Omegle Alternative - TinyChat.com","description":"Gef\u00e4llt Ihnen iMeetzu? Schlie\u00dfen Sie sich \u00fcber 50.000.000 Fremden auf TinyChat an! Schalte deine Kamera ein und fange an, neue Leute zu treffen, oder finde einen Partner.","robots":{"index":"index","follow":"follow","max-snippet":"max-snippet:-1","max-image-preview":"max-image-preview:large","max-video-preview":"max-video-preview:-1"},"canonical":"https:\/\/tinychat.com\/de\/imeetzu\/","og_locale":"de_DE","og_type":"article","og_title":"iMeetzu - Chatroulette & Omegle Alternative - TinyChat.com","og_description":"Enjoying iMeetzu? Join over 50,000,000 strangers on TinyChat! Turn on your cam and start meeting new people, or find a match.","og_url":"https:\/\/tinychat.com\/de\/imeetzu\/","og_site_name":"TinyChat","article_publisher":"https:\/\/www.facebook.com\/tinychat","article_modified_time":"2025-09-29T10:44:51+00:00","og_image":[{"width":1280,"height":284,"url":"https:\/\/tinychat.com\/wp-content\/uploads\/2020\/04\/Tinychat-logo-1280x284-new-black.png","type":"image\/png"}],"twitter_card":"summary_large_image","twitter_site":"@tinychat","twitter_misc":{"Gesch\u00e4tzte Lesezeit":"5\u00a0Minuten"},"schema":{"@context":"https:\/\/schema.org","@graph":[{"@type":"WebPage","@id":"https:\/\/tinychat.com\/imeetzu\/","url":"https:\/\/tinychat.com\/imeetzu\/","name":"iMeetzu - Chatroulette &amp; Omegle Alternative - TinyChat.com","isPartOf":{"@id":"https:\/\/tinychat.com\/#website"},"datePublished":"2025-09-29T09:39:15+00:00","dateModified":"2025-09-29T10:44:51+00:00","description":"Gef\u00e4llt Ihnen iMeetzu? Schlie\u00dfen Sie sich \u00fcber 50.000.000 Fremden auf TinyChat an! Schalte deine Kamera ein und fange an, neue Leute zu treffen, oder finde einen Partner.","breadcrumb":{"@id":"https:\/\/tinychat.com\/imeetzu\/#breadcrumb"},"inLanguage":"de","potentialAction":[{"@type":"ReadAction","target":["https:\/\/tinychat.com\/imeetzu\/"]}]},{"@type":"BreadcrumbList","@id":"https:\/\/tinychat.com\/imeetzu\/#breadcrumb","itemListElement":[{"@type":"ListItem","position":1,"name":"Home","item":"https:\/\/tinychat.com\/"},{"@type":"ListItem","position":2,"name":"iMeetzu"}]},{"@type":"WebSite","@id":"https:\/\/tinychat.com\/#website","url":"https:\/\/tinychat.com\/","name":"TinyChat","description":"Zuf\u00e4lliger Video-Chat mit Fremden","publisher":{"@id":"https:\/\/tinychat.com\/#organization"},"alternateName":"TinyChat.com","potentialAction":[{"@type":"SearchAction","target":{"@type":"EntryPoint","urlTemplate":"https:\/\/tinychat.com\/?s={search_term_string}"},"query-input":{"@type":"PropertyValueSpecification","valueRequired":true,"valueName":"search_term_string"}}],"inLanguage":"de"},{"@type":"Organization","@id":"https:\/\/tinychat.com\/#organization","name":"TinyChat","alternateName":"TinyChat.com","url":"https:\/\/tinychat.com\/","logo":{"@type":"ImageObject","inLanguage":"de","@id":"https:\/\/tinychat.com\/#\/schema\/logo\/image\/","url":"https:\/\/tinychat.com\/wp-content\/uploads\/2023\/11\/Tinychat-icon-square.png","contentUrl":"https:\/\/tinychat.com\/wp-content\/uploads\/2023\/11\/Tinychat-icon-square.png","width":284,"height":284,"caption":"TinyChat"},"image":{"@id":"https:\/\/tinychat.com\/#\/schema\/logo\/image\/"},"sameAs":["https:\/\/www.facebook.com\/tinychat","https:\/\/x.com\/tinychat"]}]}},"_links":{"self":[{"href":"https:\/\/tinychat.com\/de\/wp-json\/wp\/v2\/pages\/3266","targetHints":{"allow":["GET"]}}],"collection":[{"href":"https:\/\/tinychat.com\/de\/wp-json\/wp\/v2\/pages"}],"about":[{"href":"https:\/\/tinychat.com\/de\/wp-json\/wp\/v2\/types\/page"}],"author":[{"embeddable":true,"href":"https:\/\/tinychat.com\/de\/wp-json\/wp\/v2\/users\/6"}],"replies":[{"embeddable":true,"href":"https:\/\/tinychat.com\/de\/wp-json\/wp\/v2\/comments?post=3266"}],"version-history":[{"count":3,"href":"https:\/\/tinychat.com\/de\/wp-json\/wp\/v2\/pages\/3266\/revisions"}],"predecessor-version":[{"id":13544,"href":"https:\/\/tinychat.com\/de\/wp-json\/wp\/v2\/pages\/3266\/revisions\/13544"}],"wp:attachment":[{"href":"https:\/\/tinychat.com\/de\/wp-json\/wp\/v2\/media?parent=3266"}],"curies":[{"name":"wp","href":"https:\/\/api.w.org\/{rel}","templated":true}]}}