{"id":3516,"date":"2025-07-16T00:21:58","date_gmt":"2025-07-15T22:21:58","guid":{"rendered":"https:\/\/tinychat.com\/?page_id=3516"},"modified":"2025-07-16T14:46:40","modified_gmt":"2025-07-16T12:46:40","slug":"video-chat-with-strangers","status":"publish","type":"page","link":"https:\/\/tinychat.com\/de\/video-chat-with-strangers\/","title":{"rendered":"Video-Chat mit Fremden"},"content":{"rendered":"<p>Haben Sie genug von den immer gleichen Gruppenchats, endlosen Social Feeds oder Messaging-Apps, die sich unpers\u00f6nlich anf\u00fchlen? Es gibt eine bessere M\u00f6glichkeit, aus Ihrer Blase auszubrechen: Videochats mit Fremden. Mit nur einer Webcam und etwas Neugier k\u00f6nnen Sie die T\u00fcr zu einer Welt voller neuer Gesichter, neuer Perspektiven und echter Gespr\u00e4che \u00f6ffnen.<\/p>\n<p>Ganz gleich, ob Sie auf ein bedeutungsvolles Gespr\u00e4ch, ein Lachen, einen Flirt oder einfach nur einen Einblick in das Leben einer anderen Person hoffen, Videochats mit Fremden bieten die gleiche Spannung wie Begegnungen im wirklichen Leben - ohne Reisen, ohne \u00c4rger und ohne Druck.<\/p>\n<h2>Was bedeutet es, mit Fremden zu videochatten?<\/h2>\n<p>Einfach ausgedr\u00fcckt bedeutet Video-Chat mit Fremden, dass Sie Ihre Webcam und Ihr Mikrofon benutzen, um sofort mit zuf\u00e4lligen Personen online in Kontakt zu treten. Im Gegensatz zu typischen sozialen Netzwerken oder Dating-Apps m\u00fcssen Sie kein Profil ausf\u00fcllen, sich nicht lange vorstellen, sondern k\u00f6nnen sich sofort und live von Angesicht zu Angesicht mit einer neuen Person unterhalten, sobald Sie auf \"Weiter\" klicken.<\/p>\n<p>Diese Plattformen sind f\u00fcr folgende Zwecke bestimmt:<\/p>\n<ul>\n<li>Kostenloser Video-Chat mit Fremden: Keine Anmeldung oder Zahlung erforderlich, einfach anfangen zu chatten.<\/li>\n<li>Zuf\u00e4lliger Video-Chat: In Sekundenschnelle werden Sie mit Menschen aus der ganzen Welt zusammengebracht.<\/li>\n<li>Video-Chatr\u00e4ume f\u00fcr Fremde: Treten Sie thematischen R\u00e4umen bei, die auf Interessen oder Themen basieren.<\/li>\n<\/ul>\n<p>Es geht um Spontaneit\u00e4t, \u00dcberraschung und das Kn\u00fcpfen echter Verbindungen - egal, ob man f\u00fcnf Minuten oder f\u00fcnf Stunden spricht.<\/p>\n<h2>Warum entscheiden sich Menschen f\u00fcr den Video-Chat mit Fremden?<\/h2>\n<p>Es gibt viele Gr\u00fcnde, warum sich dieser Trend durchsetzt:<\/p>\n<ul>\n<li>Spontaneit\u00e4t: Jeder Chat ist einzigartig. Man wei\u00df nie, wen man trifft oder welche Geschichte man als n\u00e4chstes h\u00f6rt.<\/li>\n<li>Globale Reichweite: Schlie\u00dfen Sie Freundschaften und kn\u00fcpfen Sie Kontakte mit Menschen aus verschiedenen L\u00e4ndern und Kulturen.<\/li>\n<li>Kein Druck: Keine Lust? Klicken Sie einfach auf \"Weiter\" und beginnen Sie ein neues Gespr\u00e4ch - ohne peinliche Verabschiedung.<\/li>\n<li>Anonymit\u00e4t: Verwenden Sie einen Spitznamen, halten Sie Ihren Hintergrund neutral und teilen Sie nur mit, was Sie m\u00f6chten.<\/li>\n<li>Kampf gegen die Einsamkeit: Perfekt f\u00fcr alle, die ein wenig Gesellschaft oder einen schnellen Stimmungsaufschwung brauchen.<\/li>\n<li>\u00dcben Sie soziale oder sprachliche F\u00e4higkeiten: Hervorragend geeignet zum Lernen, Flirten oder einfach nur, um die eigene Komfortzone zu verlassen.<\/li>\n<\/ul>\n<p>\"Ich habe nur aus Langeweile mit Fremden per Video gechattet, aber jetzt tue ich es, um neue Leute kennenzulernen, etwas \u00fcber andere Kulturen zu erfahren und einfach Spa\u00df zu haben. Es macht ehrlich gesagt ein bisschen s\u00fcchtig!\"<\/p>\n<h2>Wie funktioniert der kostenlose Video-Chat mit Fremden?<\/h2>\n<p>Der Einstieg ist einfach - auch f\u00fcr absolute Anf\u00e4nger:<\/p>\n<ol>\n<li>W\u00e4hlen Sie eine kostenlose Website oder App f\u00fcr den Videochat mit Fremden (z. B. Omegle, Chatroulette, Chatspin oder Camsurf).<\/li>\n<li>Erlauben Sie den Zugang zu Kamera und Mikrofon (wenn Sie sch\u00fcchtern sind, k\u00f6nnen Sie die Kamera jederzeit ausschalten).<\/li>\n<li>Klicken Sie auf \"Start\", \"Verbinden\" oder \"Weiter\", um sich mit einem zuf\u00e4lligen Fremden zu verbinden.<\/li>\n<li>Unterhalten Sie sich so lange, wie Sie m\u00f6chten, und wechseln Sie dann zur n\u00e4chsten Person, wenn Sie bereit sind.<\/li>\n<li>Viele Plattformen bieten auch Interessenfilter, Spracheinstellungen und anonyme Optionen.<\/li>\n<\/ol>\n<p>Keine komplizierte Registrierung, keine langwierigen Formulare - nur eine sofortige Verbindung.<\/p>\n<h2>Die besten Plattformen f\u00fcr Videochats mit Fremden<\/h2>\n<p>Es gibt eine Plattform f\u00fcr jede Stimmung und Pers\u00f6nlichkeit. Hier sind einige Favoriten:<\/p>\n<ul>\n<li>Omegle: Der urspr\u00fcngliche kostenlose Video-Chat mit Fremden, ber\u00fchmt f\u00fcr seine Einfachheit und seine gro\u00dfe globale Reichweite.<\/li>\n<li>Chatroulette: Schnell, unberechenbar und auf sofortige Videoverbindungen ausgerichtet.<\/li>\n<li>Chatspin: F\u00fcgt Filter f\u00fcr Geschlecht, Ort und Interessen hinzu, um das Matching zu erleichtern.<\/li>\n<li>Camsurf: Sauberes Design und mobilfreundlich - ideal f\u00fcr einen schnellen, zuf\u00e4lligen Video-Chat mit Fremden.<\/li>\n<li>Chatrandom: Bietet themenbezogene R\u00e4ume und mehr Kontrolle dar\u00fcber, wen Sie treffen.<\/li>\n<li>Bazoocam: Bekannt f\u00fcr eine freundliche Gemeinschaft und lustige Spiele, um das Eis zu brechen.<\/li>\n<\/ul>\n<p>Probieren Sie einige aus, um herauszufinden, welche Ihrer Stimmung entspricht - jede hat ihre eigene Gemeinschaft und ihr eigenes Tempo.<\/p>\n<h2>Video-Chat mit Fremden vs. andere Online-Kommunikation<\/h2>\n<table>\n<thead>\n<tr>\n<th>Merkmal<\/th>\n<th>Video-Chat mit Fremden<\/th>\n<th>Gruppenchat<\/th>\n<th>Messaging-Apps<\/th>\n<th>Soziale Medien<\/th>\n<\/tr>\n<\/thead>\n<tbody>\n<tr>\n<td>Echtzeit von Angesicht zu Angesicht<\/td>\n<td>\u2705<\/td>\n<td>\u2705<\/td>\n<td>\u274c<\/td>\n<td>\u2705<\/td>\n<\/tr>\n<tr>\n<td>Anonymer\/zuf\u00e4lliger Abgleich<\/td>\n<td>\u2705<\/td>\n<td>\u274c<\/td>\n<td>\u274c<\/td>\n<td>\u274c<\/td>\n<\/tr>\n<tr>\n<td>Keine Anmeldung erforderlich<\/td>\n<td>\u2705<\/td>\n<td>\u2705\/\u274c<\/td>\n<td>\u274c<\/td>\n<td>\u274c<\/td>\n<\/tr>\n<tr>\n<td>Schaltfl\u00e4che \"Weiter\" (Benutzer \u00fcberspringen)<\/td>\n<td>\u2705<\/td>\n<td>\u274c<\/td>\n<td>\u274c<\/td>\n<td>\u274c<\/td>\n<\/tr>\n<tr>\n<td>Kostenlose Nutzung<\/td>\n<td>\u2705<\/td>\n<td>\u2705<\/td>\n<td>\u2705<\/td>\n<td>\u2705<\/td>\n<\/tr>\n<\/tbody>\n<\/table>\n<p>Videochats mit Fremden zeichnen sich durch ihre Unmittelbarkeit, Spontaneit\u00e4t und Unvorhersehbarkeit aus.<\/p>\n<h2>Wie man beim Video-Chat mit Fremden sicher bleibt<\/h2>\n<p>Die meisten Leute suchen einfach nur Spa\u00df oder Anschluss, aber Ihre Privatsph\u00e4re ist wichtig. Behalten Sie diese Tipps im Hinterkopf:<\/p>\n<ul>\n<li>Teilen Sie niemals pers\u00f6nliche Daten (Nachname, Adresse, Telefonnummer) in einem Chat mit.<\/li>\n<li>Verwenden Sie einen Spitznamen und halten Sie Ihren Hintergrund neutral.<\/li>\n<li>Wenn jemand unh\u00f6flich ist oder Ihnen Unbehagen bereitet, gehen Sie zur n\u00e4chsten Person oder verwenden Sie die Melde-\/Blockierfunktion.<\/li>\n<li>Klicken Sie nicht auf unbekannte Links und teilen Sie keine sensiblen Bilder.<\/li>\n<li>Wenn Sie mehr Privatsph\u00e4re w\u00fcnschen, sollten Sie Plattformen nutzen, die keine Registrierung erfordern und keine Chatprotokolle speichern.<\/li>\n<\/ul>\n<p>Wenn Sie vorsichtig sind, wird das Erlebnis f\u00fcr alle sicherer und angenehmer.<\/p>\n<h2>Wer benutzt Video-Chat mit Fremden?<\/h2>\n<p>Menschen aus allen Bereichen des Lebens! Du wirst sie treffen:<\/p>\n<ul>\n<li>Studenten, die ihre Sprachkenntnisse verbessern oder Freunde im Ausland finden<\/li>\n<li>Singles auf der Suche nach einer entspannten Art zu flirten und zu daten<\/li>\n<li>Nachtschw\u00e4rmer und Schlaflose, die einfach nur mit jemandem reden wollen<\/li>\n<li>Reisende und Expats, die sich mit neuen Gemeinschaften verbinden<\/li>\n<li>Jeder, der Rat, Unterst\u00fctzung oder eine neue Perspektive sucht<\/li>\n<\/ul>\n<p>Egal, ob Sie sch\u00fcchtern oder kontaktfreudig, jung oder alt sind, auf der anderen Seite des Bildschirms sitzt immer jemand Interessantes.<\/p>\n<h2>Tipps f\u00fcr eine optimale Nutzung von Random Video Chat<\/h2>\n<ul>\n<li>L\u00e4cheln Sie und seien Sie aufgeschlossen - der erste Eindruck z\u00e4hlt, auch online.<\/li>\n<li>Fragen Sie nach Musik, Reisen, Hobbys oder Kultur. Mit Neugier macht ein Gespr\u00e4ch mehr Spa\u00df.<\/li>\n<li>Machen Sie sich keinen Stress, wenn ein Gespr\u00e4ch unangenehm ist. Das n\u00e4chste Gespr\u00e4ch k\u00f6nnte fantastisch sein.<\/li>\n<li>Verwenden Sie Interessenfilter, um Menschen zu treffen, mit denen Sie eher in Kontakt treten m\u00f6chten.<\/li>\n<li>Wenn Sie nerv\u00f6s sind, beginnen Sie mit reinen Textbeitr\u00e4gen oder lassen Sie die Kamera aus, bis Sie sich sicher f\u00fchlen.<\/li>\n<\/ul>\n<p>Erkunden Sie die Stadt zu verschiedenen Tageszeiten, um neue Gesichter und globale Perspektiven zu entdecken.<\/p>\n<h2>Wann man Video-Chat mit Fremden ausprobieren sollte<\/h2>\n<ul>\n<li>Wenn du dich langweilst und etwas Gesellschaft brauchst<\/li>\n<li>Kennenlernen neuer Kulturen oder Sprachen<\/li>\n<li>F\u00fcr schnelle Lacher, kokette Plaudereien oder sogar tiefgr\u00fcndige Gespr\u00e4che<\/li>\n<li>Wenn Sie sich einsam f\u00fchlen oder einfach nur ein freundliches Gesicht sehen wollen<\/li>\n<li>Ihren sozialen Kreis \u00fcber Ihre gewohnte Blase hinaus erweitern<\/li>\n<\/ul>\n<p>Keine Pl\u00e4ne f\u00fcr heute Abend? Ein zuf\u00e4lliger Video-Chat mit Fremden k\u00f6nnte das Highlight Ihrer Woche sein.<\/p>\n<h2>Kostenloser Video-Chat mit Fremden vs. kostenpflichtige Optionen<\/h2>\n<p>Die meisten Websites bieten alle wichtigen Funktionen kostenlos an - ein Abonnement oder eine Kreditkarte sind nicht erforderlich. Einige kostenpflichtige Funktionen umfassen:<\/p>\n<ul>\n<li>Erweiterte Filter (Geschlecht, Interessen, Standort)<\/li>\n<li>Priorit\u00e4tsabgleich oder werbefreies Erlebnis<\/li>\n<li>Virtuelle Geschenke, Aufkleber oder Spiele im Chat<\/li>\n<li>Private oder nur f\u00fcr geladene G\u00e4ste zug\u00e4ngliche R\u00e4ume<\/li>\n<\/ul>\n<p>Aber f\u00fcr die meisten Menschen sind die kostenlosen Plattformen mehr als genug, um sich zu treffen, zu chatten und Kontakte zu kn\u00fcpfen.<\/p>\n<p>Videochats mit Fremden sind eine der aufregendsten und lohnendsten M\u00f6glichkeiten, aus dem Alltag auszubrechen und neue Menschen aus aller Welt kennenzulernen. Mit nur einer Webcam und ein bisschen Neugier k\u00f6nnen Sie echte Gespr\u00e4che, \u00fcberraschende Begegnungen und echte Momente erleben - ohne Druck, ohne Verpflichtungen und immer etwas Neues.<\/p>\n<p>Sind Sie bereit, es auszuprobieren? Starten Sie noch heute eine kostenlose Videochat-Plattform und sehen Sie, wen Sie treffen werden. Ihre n\u00e4chste Freundschaft, Geschichte oder sogar ein kleines Abenteuer ist nur einen Klick entfernt.<\/p>","protected":false},"excerpt":{"rendered":"<p>Tired of the same old group chats, endless social feeds, or messaging apps that feel impersonal? There\u2019s a better way to break out of your bubble\u2014video chat with strangers. With just a webcam and a sense of curiosity, you can open the door to a world of new faces, fresh perspectives, and genuine conversations. Whether [&hellip;]<\/p>\n","protected":false},"author":8,"featured_media":0,"parent":0,"menu_order":0,"comment_status":"closed","ping_status":"closed","template":"","meta":{"footnotes":""},"class_list":["post-3516","page","type-page","status-publish","hentry"],"yoast_head":"<!-- This site is optimized with the Yoast SEO plugin v27.4 - https:\/\/yoast.com\/product\/yoast-seo-wordpress\/ -->\n<title>Video Chat With Strangers with Video Chat on TinyChat.com<\/title>\n<meta name=\"description\" content=\"Enjoying Video Chat With Strangers? Join over 50,000,000 strangers on TinyChat! Turn on your cam and start meeting new people, or find a match.\" \/>\n<meta name=\"robots\" content=\"index, follow, max-snippet:-1, max-image-preview:large, max-video-preview:-1\" \/>\n<link rel=\"canonical\" href=\"https:\/\/tinychat.com\/de\/video-chat-with-strangers\/\" \/>\n<meta property=\"og:locale\" content=\"de_DE\" \/>\n<meta property=\"og:type\" content=\"article\" \/>\n<meta property=\"og:title\" content=\"Video Chat With Strangers with Video Chat on TinyChat.com\" \/>\n<meta property=\"og:description\" content=\"Enjoying Video Chat With Strangers? Join over 50,000,000 strangers on TinyChat! Turn on your cam and start meeting new people, or find a match.\" \/>\n<meta property=\"og:url\" content=\"https:\/\/tinychat.com\/de\/video-chat-with-strangers\/\" \/>\n<meta property=\"og:site_name\" content=\"TinyChat\" \/>\n<meta property=\"article:publisher\" content=\"https:\/\/www.facebook.com\/tinychat\" \/>\n<meta property=\"article:modified_time\" content=\"2025-07-16T12:46:40+00:00\" \/>\n<meta property=\"og:image\" content=\"https:\/\/tinychat.com\/wp-content\/uploads\/2020\/04\/Tinychat-logo-1280x284-new-black.png\" \/>\n\t<meta property=\"og:image:width\" content=\"1280\" \/>\n\t<meta property=\"og:image:height\" content=\"284\" \/>\n\t<meta property=\"og:image:type\" content=\"image\/png\" \/>\n<meta name=\"twitter:card\" content=\"summary_large_image\" \/>\n<meta name=\"twitter:site\" content=\"@tinychat\" \/>\n<meta name=\"twitter:label1\" content=\"Gesch\u00e4tzte Lesezeit\" \/>\n\t<meta name=\"twitter:data1\" content=\"5\u00a0Minuten\" \/>\n<script type=\"application\/ld+json\" class=\"yoast-schema-graph\">{\"@context\":\"https:\\\/\\\/schema.org\",\"@graph\":[{\"@type\":\"WebPage\",\"@id\":\"https:\\\/\\\/tinychat.com\\\/video-chat-with-strangers\\\/\",\"url\":\"https:\\\/\\\/tinychat.com\\\/video-chat-with-strangers\\\/\",\"name\":\"Video Chat With Strangers with Video Chat on TinyChat.com\",\"isPartOf\":{\"@id\":\"https:\\\/\\\/tinychat.com\\\/#website\"},\"datePublished\":\"2025-07-15T22:21:58+00:00\",\"dateModified\":\"2025-07-16T12:46:40+00:00\",\"description\":\"Enjoying Video Chat With Strangers? Join over 50,000,000 strangers on TinyChat! Turn on your cam and start meeting new people, or find a match.\",\"breadcrumb\":{\"@id\":\"https:\\\/\\\/tinychat.com\\\/video-chat-with-strangers\\\/#breadcrumb\"},\"inLanguage\":\"de\",\"potentialAction\":[{\"@type\":\"ReadAction\",\"target\":[\"https:\\\/\\\/tinychat.com\\\/video-chat-with-strangers\\\/\"]}]},{\"@type\":\"BreadcrumbList\",\"@id\":\"https:\\\/\\\/tinychat.com\\\/video-chat-with-strangers\\\/#breadcrumb\",\"itemListElement\":[{\"@type\":\"ListItem\",\"position\":1,\"name\":\"Home\",\"item\":\"https:\\\/\\\/tinychat.com\\\/\"},{\"@type\":\"ListItem\",\"position\":2,\"name\":\"Video Chat With Strangers\"}]},{\"@type\":\"WebSite\",\"@id\":\"https:\\\/\\\/tinychat.com\\\/#website\",\"url\":\"https:\\\/\\\/tinychat.com\\\/\",\"name\":\"TinyChat\",\"description\":\"Random Video Chat with Strangers\",\"publisher\":{\"@id\":\"https:\\\/\\\/tinychat.com\\\/#organization\"},\"alternateName\":\"TinyChat.com\",\"potentialAction\":[{\"@type\":\"SearchAction\",\"target\":{\"@type\":\"EntryPoint\",\"urlTemplate\":\"https:\\\/\\\/tinychat.com\\\/?s={search_term_string}\"},\"query-input\":{\"@type\":\"PropertyValueSpecification\",\"valueRequired\":true,\"valueName\":\"search_term_string\"}}],\"inLanguage\":\"de\"},{\"@type\":\"Organization\",\"@id\":\"https:\\\/\\\/tinychat.com\\\/#organization\",\"name\":\"TinyChat\",\"alternateName\":\"TinyChat.com\",\"url\":\"https:\\\/\\\/tinychat.com\\\/\",\"logo\":{\"@type\":\"ImageObject\",\"inLanguage\":\"de\",\"@id\":\"https:\\\/\\\/tinychat.com\\\/#\\\/schema\\\/logo\\\/image\\\/\",\"url\":\"https:\\\/\\\/tinychat.com\\\/wp-content\\\/uploads\\\/2023\\\/11\\\/Tinychat-icon-square.png\",\"contentUrl\":\"https:\\\/\\\/tinychat.com\\\/wp-content\\\/uploads\\\/2023\\\/11\\\/Tinychat-icon-square.png\",\"width\":284,\"height\":284,\"caption\":\"TinyChat\"},\"image\":{\"@id\":\"https:\\\/\\\/tinychat.com\\\/#\\\/schema\\\/logo\\\/image\\\/\"},\"sameAs\":[\"https:\\\/\\\/www.facebook.com\\\/tinychat\",\"https:\\\/\\\/x.com\\\/tinychat\"]}]}<\/script>\n<!-- \/ Yoast SEO plugin. -->","yoast_head_json":{"title":"Video-Chat mit Fremden mit Video-Chat auf TinyChat.com","description":"Genie\u00dfen Sie den Video-Chat mit Fremden? Schlie\u00dfen Sie sich \u00fcber 50.000.000 Fremden auf TinyChat an! Schalte deine Kamera ein und fange an, neue Leute zu treffen, oder finde einen Partner.","robots":{"index":"index","follow":"follow","max-snippet":"max-snippet:-1","max-image-preview":"max-image-preview:large","max-video-preview":"max-video-preview:-1"},"canonical":"https:\/\/tinychat.com\/de\/video-chat-with-strangers\/","og_locale":"de_DE","og_type":"article","og_title":"Video Chat With Strangers with Video Chat on TinyChat.com","og_description":"Enjoying Video Chat With Strangers? Join over 50,000,000 strangers on TinyChat! Turn on your cam and start meeting new people, or find a match.","og_url":"https:\/\/tinychat.com\/de\/video-chat-with-strangers\/","og_site_name":"TinyChat","article_publisher":"https:\/\/www.facebook.com\/tinychat","article_modified_time":"2025-07-16T12:46:40+00:00","og_image":[{"width":1280,"height":284,"url":"https:\/\/tinychat.com\/wp-content\/uploads\/2020\/04\/Tinychat-logo-1280x284-new-black.png","type":"image\/png"}],"twitter_card":"summary_large_image","twitter_site":"@tinychat","twitter_misc":{"Gesch\u00e4tzte Lesezeit":"5\u00a0Minuten"},"schema":{"@context":"https:\/\/schema.org","@graph":[{"@type":"WebPage","@id":"https:\/\/tinychat.com\/video-chat-with-strangers\/","url":"https:\/\/tinychat.com\/video-chat-with-strangers\/","name":"Video-Chat mit Fremden mit Video-Chat auf TinyChat.com","isPartOf":{"@id":"https:\/\/tinychat.com\/#website"},"datePublished":"2025-07-15T22:21:58+00:00","dateModified":"2025-07-16T12:46:40+00:00","description":"Genie\u00dfen Sie den Video-Chat mit Fremden? Schlie\u00dfen Sie sich \u00fcber 50.000.000 Fremden auf TinyChat an! Schalte deine Kamera ein und fange an, neue Leute zu treffen, oder finde einen Partner.","breadcrumb":{"@id":"https:\/\/tinychat.com\/video-chat-with-strangers\/#breadcrumb"},"inLanguage":"de","potentialAction":[{"@type":"ReadAction","target":["https:\/\/tinychat.com\/video-chat-with-strangers\/"]}]},{"@type":"BreadcrumbList","@id":"https:\/\/tinychat.com\/video-chat-with-strangers\/#breadcrumb","itemListElement":[{"@type":"ListItem","position":1,"name":"Home","item":"https:\/\/tinychat.com\/"},{"@type":"ListItem","position":2,"name":"Video Chat With Strangers"}]},{"@type":"WebSite","@id":"https:\/\/tinychat.com\/#website","url":"https:\/\/tinychat.com\/","name":"TinyChat","description":"Zuf\u00e4lliger Video-Chat mit Fremden","publisher":{"@id":"https:\/\/tinychat.com\/#organization"},"alternateName":"TinyChat.com","potentialAction":[{"@type":"SearchAction","target":{"@type":"EntryPoint","urlTemplate":"https:\/\/tinychat.com\/?s={search_term_string}"},"query-input":{"@type":"PropertyValueSpecification","valueRequired":true,"valueName":"search_term_string"}}],"inLanguage":"de"},{"@type":"Organization","@id":"https:\/\/tinychat.com\/#organization","name":"TinyChat","alternateName":"TinyChat.com","url":"https:\/\/tinychat.com\/","logo":{"@type":"ImageObject","inLanguage":"de","@id":"https:\/\/tinychat.com\/#\/schema\/logo\/image\/","url":"https:\/\/tinychat.com\/wp-content\/uploads\/2023\/11\/Tinychat-icon-square.png","contentUrl":"https:\/\/tinychat.com\/wp-content\/uploads\/2023\/11\/Tinychat-icon-square.png","width":284,"height":284,"caption":"TinyChat"},"image":{"@id":"https:\/\/tinychat.com\/#\/schema\/logo\/image\/"},"sameAs":["https:\/\/www.facebook.com\/tinychat","https:\/\/x.com\/tinychat"]}]}},"_links":{"self":[{"href":"https:\/\/tinychat.com\/de\/wp-json\/wp\/v2\/pages\/3516","targetHints":{"allow":["GET"]}}],"collection":[{"href":"https:\/\/tinychat.com\/de\/wp-json\/wp\/v2\/pages"}],"about":[{"href":"https:\/\/tinychat.com\/de\/wp-json\/wp\/v2\/types\/page"}],"author":[{"embeddable":true,"href":"https:\/\/tinychat.com\/de\/wp-json\/wp\/v2\/users\/8"}],"replies":[{"embeddable":true,"href":"https:\/\/tinychat.com\/de\/wp-json\/wp\/v2\/comments?post=3516"}],"version-history":[{"count":2,"href":"https:\/\/tinychat.com\/de\/wp-json\/wp\/v2\/pages\/3516\/revisions"}],"predecessor-version":[{"id":13330,"href":"https:\/\/tinychat.com\/de\/wp-json\/wp\/v2\/pages\/3516\/revisions\/13330"}],"wp:attachment":[{"href":"https:\/\/tinychat.com\/de\/wp-json\/wp\/v2\/media?parent=3516"}],"curies":[{"name":"wp","href":"https:\/\/api.w.org\/{rel}","templated":true}]}}